{"id":10805,"date":"2018-07-10T06:54:54","date_gmt":"2018-07-10T06:54:54","guid":{"rendered":"http:\/\/testwordpress.nirmalnagari.org\/smnd\/index.php\/thoughtless-awareness\/"},"modified":"2025-11-12T17:38:33","modified_gmt":"2025-11-12T17:38:33","slug":"la-conscience-sans-pensee","status":"publish","type":"page","link":"https:\/\/shrimataji.org\/test\/fr\/la-conscience-sans-pensee\/","title":{"rendered":"La conscience sans pens\u00e9e"},"content":{"rendered":"\n\n\t<h1>La conscience sans pens\u00e9e<\/h1>\n<h2>Extraits de conseils du 27 mars 1994, du 5 juillet 1998 et lors d&#8217;un s\u00e9minaire international en 1994<\/h2>\n\t<p>Vous \u00eates conscient, mais vous \u00eates sans pens\u00e9e. C&#8217;est l&#8217;endroit o\u00f9 l&#8217;on est dans le pr\u00e9sent et o\u00f9 l&#8217;on est en paix. C&#8217;est l&#8217;\u00e9tat o\u00f9 l&#8217;on se d\u00e9veloppe spirituellement.<\/p>\n\t<p>La conscience sans pens\u00e9e est le premier bel \u00e9tat que vous devez atteindre. Il vous apportera la paix et le d\u00e9tachement n\u00e9cessaires pour appr\u00e9cier le th\u00e9\u00e2tre de la vie, pour jouir des diff\u00e9rentes vari\u00e9t\u00e9s de personnes. En plus, vous grandirez de l&#8217;int\u00e9rieur.<\/p>\n<p>Vous appr\u00e9ciez tout ce qui est cr\u00e9\u00e9 avec beaut\u00e9, sans y penser, sans r\u00e9agir, votre seule r\u00e9action \u00e9tant de ressentir cette joie, cette beaut\u00e9. Vous ne cherchez pas \u00e0 savoir qui a cr\u00e9\u00e9 cette \u0153uvre d&#8217;art, combien elle co\u00fbterait &#8211; rien. Vous devenez sans pens\u00e9e. Et la conscience sans pens\u00e9e n&#8217;est rien d&#8217;autre que le sentiment d&#8217;une joie qui se d\u00e9verse sur vous &#8211; une joie qui n&#8217;est ni le bonheur, ni le malheur, mais singuli\u00e8re.<\/p>\n<p>Vous ne pouvez pas la d\u00e9crire par des mots, mais vous pouvez vraiment ressentir, de l&#8217;int\u00e9rieur,cette joie d&#8217;\u00eatre soi.Lorsque vous \u00eates sans pens\u00e9e, vous pouvez alors voir et ressentir la r\u00e9alit\u00e9.<\/p>\n\t<p><img loading=\"lazy\" decoding=\"async\" src=\"https:\/\/shrimataji.org\/test\/wp-content\/uploads\/2018\/07\/media_originals\/images\/flowers\/rose-flower-yellow-by-vera-subkus-201x300.jpg\" alt=\"\" width=\"201\" height=\"300\" \/><\/p>\n\n","protected":false},"excerpt":{"rendered":"<p>La conscience sans pens\u00e9e Extraits de conseils du 27 mars 1994, du 5 juillet 1998 et lors d&#8217;un s\u00e9minaire international en 1994 Vous \u00eates conscient, mais vous \u00eates sans pens\u00e9e. C&#8217;est l&#8217;endroit o\u00f9 l&#8217;on est dans le pr\u00e9sent et o\u00f9 l&#8217;on est en paix. C&#8217;est l&#8217;\u00e9tat o\u00f9 l&#8217;on se d\u00e9veloppe spirituellement. La conscience sans pens\u00e9e&hellip; <br \/> <a class=\"read-more\" href=\"https:\/\/shrimataji.org\/test\/fr\/la-conscience-sans-pensee\/\">Read more<\/a><\/p>\n","protected":false},"author":7,"featured_media":36959,"parent":0,"menu_order":0,"comment_status":"closed","ping_status":"closed","template":"","meta":{"inline_featured_image":false,"footnotes":""},"class_list":["post-10805","page","type-page","status-publish","has-post-thumbnail","hentry"],"yoast_head":"<!-- This site is optimized with the Yoast SEO plugin v27.4 - https:\/\/yoast.com\/product\/yoast-seo-wordpress\/ -->\n<title>La conscience sans pens\u00e9e - TEST - SMND<\/title>\n<meta name=\"robots\" content=\"noindex, follow, max-snippet:-1, max-image-preview:large, max-video-preview:-1\" \/>\n<meta property=\"og:locale\" content=\"en_US\" \/>\n<meta property=\"og:type\" content=\"article\" \/>\n<meta property=\"og:title\" content=\"La conscience sans pens\u00e9e - TEST - SMND\" \/>\n<meta property=\"og:description\" content=\"La conscience sans pens\u00e9e Extraits de conseils du 27 mars 1994, du 5 juillet 1998 et lors d&#8217;un s\u00e9minaire international en 1994 Vous \u00eates conscient, mais vous \u00eates sans pens\u00e9e. C&#8217;est l&#8217;endroit o\u00f9 l&#8217;on est dans le pr\u00e9sent et o\u00f9 l&#8217;on est en paix. C&#8217;est l&#8217;\u00e9tat o\u00f9 l&#8217;on se d\u00e9veloppe spirituellement. La conscience sans pens\u00e9e&hellip; Read more\" \/>\n<meta property=\"og:url\" content=\"https:\/\/shrimataji.org\/test\/fr\/la-conscience-sans-pensee\/\" \/>\n<meta property=\"og:site_name\" content=\"TEST - SMND\" \/>\n<meta property=\"article:publisher\" content=\"https:\/\/www.facebook.com\/shrimataji\" \/>\n<meta property=\"article:modified_time\" content=\"2025-11-12T17:38:33+00:00\" \/>\n<meta property=\"og:image\" content=\"https:\/\/shrimataji.org\/test\/wp-content\/uploads\/2018\/07\/media_originals\/images\/headers-general\/thoughtless-awareness-is-peace-and-joy.jpg\" \/>\n\t<meta property=\"og:image:width\" content=\"990\" \/>\n\t<meta property=\"og:image:height\" content=\"350\" \/>\n\t<meta property=\"og:image:type\" content=\"image\/jpeg\" \/>\n<meta name=\"twitter:card\" content=\"summary_large_image\" \/>\n<meta name=\"twitter:site\" content=\"@shrimataji\" \/>\n<script type=\"application\/ld+json\" class=\"yoast-schema-graph\">{\"@context\":\"https:\\\/\\\/schema.org\",\"@graph\":[{\"@type\":\"WebPage\",\"@id\":\"https:\\\/\\\/shrimataji.org\\\/test\\\/fr\\\/la-conscience-sans-pensee\\\/\",\"url\":\"https:\\\/\\\/shrimataji.org\\\/test\\\/fr\\\/la-conscience-sans-pensee\\\/\",\"name\":\"La conscience sans pens\u00e9e - TEST - SMND\",\"isPartOf\":{\"@id\":\"https:\\\/\\\/shrimataji.org\\\/test\\\/#website\"},\"primaryImageOfPage\":{\"@id\":\"https:\\\/\\\/shrimataji.org\\\/test\\\/fr\\\/la-conscience-sans-pensee\\\/#primaryimage\"},\"image\":{\"@id\":\"https:\\\/\\\/shrimataji.org\\\/test\\\/fr\\\/la-conscience-sans-pensee\\\/#primaryimage\"},\"thumbnailUrl\":\"https:\\\/\\\/shrimataji.org\\\/test\\\/wp-content\\\/uploads\\\/2026\\\/02\\\/effortless-sahaja-yoga-meditation.avif\",\"datePublished\":\"2018-07-10T06:54:54+00:00\",\"dateModified\":\"2025-11-12T17:38:33+00:00\",\"breadcrumb\":{\"@id\":\"https:\\\/\\\/shrimataji.org\\\/test\\\/fr\\\/la-conscience-sans-pensee\\\/#breadcrumb\"},\"inLanguage\":\"en-US\",\"potentialAction\":[{\"@type\":\"ReadAction\",\"target\":[\"https:\\\/\\\/shrimataji.org\\\/test\\\/fr\\\/la-conscience-sans-pensee\\\/\"]}]},{\"@type\":\"ImageObject\",\"inLanguage\":\"en-US\",\"@id\":\"https:\\\/\\\/shrimataji.org\\\/test\\\/fr\\\/la-conscience-sans-pensee\\\/#primaryimage\",\"url\":\"https:\\\/\\\/shrimataji.org\\\/test\\\/wp-content\\\/uploads\\\/2026\\\/02\\\/effortless-sahaja-yoga-meditation.avif\",\"contentUrl\":\"https:\\\/\\\/shrimataji.org\\\/test\\\/wp-content\\\/uploads\\\/2026\\\/02\\\/effortless-sahaja-yoga-meditation.avif\",\"width\":990,\"height\":350},{\"@type\":\"BreadcrumbList\",\"@id\":\"https:\\\/\\\/shrimataji.org\\\/test\\\/fr\\\/la-conscience-sans-pensee\\\/#breadcrumb\",\"itemListElement\":[{\"@type\":\"ListItem\",\"position\":1,\"name\":\"Home\",\"item\":\"https:\\\/\\\/shrimataji.org\\\/test\\\/uk\\\/home-en\\\/\"},{\"@type\":\"ListItem\",\"position\":2,\"name\":\"La conscience sans pens\u00e9e\"}]},{\"@type\":\"WebSite\",\"@id\":\"https:\\\/\\\/shrimataji.org\\\/test\\\/#website\",\"url\":\"https:\\\/\\\/shrimataji.org\\\/test\\\/\",\"name\":\"Shri Mataji Nirmala Devi\",\"description\":\"A Life Dedicated to Humanity\",\"publisher\":{\"@id\":\"https:\\\/\\\/shrimataji.org\\\/test\\\/#\\\/schema\\\/person\\\/a1b3419c6585f164aa96da1ff85715d1\"},\"potentialAction\":[{\"@type\":\"SearchAction\",\"target\":{\"@type\":\"EntryPoint\",\"urlTemplate\":\"https:\\\/\\\/shrimataji.org\\\/test\\\/?s={search_term_string}\"},\"query-input\":{\"@type\":\"PropertyValueSpecification\",\"valueRequired\":true,\"valueName\":\"search_term_string\"}}],\"inLanguage\":\"en-US\"},{\"@type\":[\"Person\",\"Organization\"],\"@id\":\"https:\\\/\\\/shrimataji.org\\\/test\\\/#\\\/schema\\\/person\\\/a1b3419c6585f164aa96da1ff85715d1\",\"name\":\"Nirmala Shrivastava\",\"image\":{\"@type\":\"ImageObject\",\"inLanguage\":\"en-US\",\"@id\":\"https:\\\/\\\/shrimataji.org\\\/test\\\/wp-content\\\/uploads\\\/2023\\\/02\\\/SMO_LOGO-03.svg\",\"url\":\"https:\\\/\\\/shrimataji.org\\\/test\\\/wp-content\\\/uploads\\\/2023\\\/02\\\/SMO_LOGO-03.svg\",\"contentUrl\":\"https:\\\/\\\/shrimataji.org\\\/test\\\/wp-content\\\/uploads\\\/2023\\\/02\\\/SMO_LOGO-03.svg\",\"width\":\"1024\",\"height\":\"1024\",\"caption\":\"Nirmala Shrivastava\"},\"logo\":{\"@id\":\"https:\\\/\\\/shrimataji.org\\\/test\\\/wp-content\\\/uploads\\\/2023\\\/02\\\/SMO_LOGO-03.svg\"},\"sameAs\":[\"https:\\\/\\\/shrimataji.org\\\/test\",\"https:\\\/\\\/www.facebook.com\\\/shrimataji\",\"https:\\\/\\\/x.com\\\/shrimataji\",\"https:\\\/\\\/www.youtube.com\\\/@Shri_Mataji_Nirmala_Devi\\\/featured\"]}]}<\/script>\n<!-- \/ Yoast SEO plugin. -->","yoast_head_json":{"title":"La conscience sans pens\u00e9e - TEST - SMND","robots":{"index":"noindex","follow":"follow","max-snippet":"max-snippet:-1","max-image-preview":"max-image-preview:large","max-video-preview":"max-video-preview:-1"},"og_locale":"en_US","og_type":"article","og_title":"La conscience sans pens\u00e9e - TEST - SMND","og_description":"La conscience sans pens\u00e9e Extraits de conseils du 27 mars 1994, du 5 juillet 1998 et lors d&#8217;un s\u00e9minaire international en 1994 Vous \u00eates conscient, mais vous \u00eates sans pens\u00e9e. C&#8217;est l&#8217;endroit o\u00f9 l&#8217;on est dans le pr\u00e9sent et o\u00f9 l&#8217;on est en paix. C&#8217;est l&#8217;\u00e9tat o\u00f9 l&#8217;on se d\u00e9veloppe spirituellement. La conscience sans pens\u00e9e&hellip; Read more","og_url":"https:\/\/shrimataji.org\/test\/fr\/la-conscience-sans-pensee\/","og_site_name":"TEST - SMND","article_publisher":"https:\/\/www.facebook.com\/shrimataji","article_modified_time":"2025-11-12T17:38:33+00:00","og_image":[{"width":990,"height":350,"url":"https:\/\/shrimataji.org\/test\/wp-content\/uploads\/2018\/07\/media_originals\/images\/headers-general\/thoughtless-awareness-is-peace-and-joy.jpg","type":"image\/jpeg"}],"twitter_card":"summary_large_image","twitter_site":"@shrimataji","schema":{"@context":"https:\/\/schema.org","@graph":[{"@type":"WebPage","@id":"https:\/\/shrimataji.org\/test\/fr\/la-conscience-sans-pensee\/","url":"https:\/\/shrimataji.org\/test\/fr\/la-conscience-sans-pensee\/","name":"La conscience sans pens\u00e9e - TEST - SMND","isPartOf":{"@id":"https:\/\/shrimataji.org\/test\/#website"},"primaryImageOfPage":{"@id":"https:\/\/shrimataji.org\/test\/fr\/la-conscience-sans-pensee\/#primaryimage"},"image":{"@id":"https:\/\/shrimataji.org\/test\/fr\/la-conscience-sans-pensee\/#primaryimage"},"thumbnailUrl":"https:\/\/shrimataji.org\/test\/wp-content\/uploads\/2026\/02\/effortless-sahaja-yoga-meditation.avif","datePublished":"2018-07-10T06:54:54+00:00","dateModified":"2025-11-12T17:38:33+00:00","breadcrumb":{"@id":"https:\/\/shrimataji.org\/test\/fr\/la-conscience-sans-pensee\/#breadcrumb"},"inLanguage":"en-US","potentialAction":[{"@type":"ReadAction","target":["https:\/\/shrimataji.org\/test\/fr\/la-conscience-sans-pensee\/"]}]},{"@type":"ImageObject","inLanguage":"en-US","@id":"https:\/\/shrimataji.org\/test\/fr\/la-conscience-sans-pensee\/#primaryimage","url":"https:\/\/shrimataji.org\/test\/wp-content\/uploads\/2026\/02\/effortless-sahaja-yoga-meditation.avif","contentUrl":"https:\/\/shrimataji.org\/test\/wp-content\/uploads\/2026\/02\/effortless-sahaja-yoga-meditation.avif","width":990,"height":350},{"@type":"BreadcrumbList","@id":"https:\/\/shrimataji.org\/test\/fr\/la-conscience-sans-pensee\/#breadcrumb","itemListElement":[{"@type":"ListItem","position":1,"name":"Home","item":"https:\/\/shrimataji.org\/test\/uk\/home-en\/"},{"@type":"ListItem","position":2,"name":"La conscience sans pens\u00e9e"}]},{"@type":"WebSite","@id":"https:\/\/shrimataji.org\/test\/#website","url":"https:\/\/shrimataji.org\/test\/","name":"Shri Mataji Nirmala Devi","description":"A Life Dedicated to Humanity","publisher":{"@id":"https:\/\/shrimataji.org\/test\/#\/schema\/person\/a1b3419c6585f164aa96da1ff85715d1"},"potentialAction":[{"@type":"SearchAction","target":{"@type":"EntryPoint","urlTemplate":"https:\/\/shrimataji.org\/test\/?s={search_term_string}"},"query-input":{"@type":"PropertyValueSpecification","valueRequired":true,"valueName":"search_term_string"}}],"inLanguage":"en-US"},{"@type":["Person","Organization"],"@id":"https:\/\/shrimataji.org\/test\/#\/schema\/person\/a1b3419c6585f164aa96da1ff85715d1","name":"Nirmala Shrivastava","image":{"@type":"ImageObject","inLanguage":"en-US","@id":"https:\/\/shrimataji.org\/test\/wp-content\/uploads\/2023\/02\/SMO_LOGO-03.svg","url":"https:\/\/shrimataji.org\/test\/wp-content\/uploads\/2023\/02\/SMO_LOGO-03.svg","contentUrl":"https:\/\/shrimataji.org\/test\/wp-content\/uploads\/2023\/02\/SMO_LOGO-03.svg","width":"1024","height":"1024","caption":"Nirmala Shrivastava"},"logo":{"@id":"https:\/\/shrimataji.org\/test\/wp-content\/uploads\/2023\/02\/SMO_LOGO-03.svg"},"sameAs":["https:\/\/shrimataji.org\/test","https:\/\/www.facebook.com\/shrimataji","https:\/\/x.com\/shrimataji","https:\/\/www.youtube.com\/@Shri_Mataji_Nirmala_Devi\/featured"]}]}},"lang":"fr","translations":{"fr":10805,"ur":37526,"en":452,"am":18101,"th":20098,"hu":19596,"ar":16997,"sq":18502,"zh":17399,"tr":10225,"pt":10433,"de":10707,"it":10903,"es":11000,"ja":11298,"ru":11486,"bn":11677,"te":11785,"sw":11908,"he":12056,"el":12348,"sk":12446,"fa":12544,"fi":12642,"bg":13435,"ro":14509,"cs":14702,"nl":16661,"ku":16821,"be":18709,"kn":18983,"mr":20462,"uk":20755,"ml":21050,"ta":22820,"sv":23089,"gu":28924,"pa":29084,"fil":29538,"da":37833,"pl":38043,"nn":38385},"pll_sync_post":[],"_links":{"self":[{"href":"https:\/\/shrimataji.org\/test\/wp-json\/wp\/v2\/pages\/10805","targetHints":{"allow":["GET"]}}],"collection":[{"href":"https:\/\/shrimataji.org\/test\/wp-json\/wp\/v2\/pages"}],"about":[{"href":"https:\/\/shrimataji.org\/test\/wp-json\/wp\/v2\/types\/page"}],"author":[{"embeddable":true,"href":"https:\/\/shrimataji.org\/test\/wp-json\/wp\/v2\/users\/7"}],"replies":[{"embeddable":true,"href":"https:\/\/shrimataji.org\/test\/wp-json\/wp\/v2\/comments?post=10805"}],"version-history":[{"count":0,"href":"https:\/\/shrimataji.org\/test\/wp-json\/wp\/v2\/pages\/10805\/revisions"}],"wp:featuredmedia":[{"embeddable":true,"href":"https:\/\/shrimataji.org\/test\/wp-json\/wp\/v2\/media\/36959"}],"wp:attachment":[{"href":"https:\/\/shrimataji.org\/test\/wp-json\/wp\/v2\/media?parent=10805"}],"curies":[{"name":"wp","href":"https:\/\/api.w.org\/{rel}","templated":true}]}}