{"id":10807,"date":"2012-10-02T02:00:00","date_gmt":"2012-10-02T02:00:00","guid":{"rendered":"http:\/\/testwordpress.nirmalnagari.org\/smnd\/index.php\/un-womens-conference\/"},"modified":"2026-01-12T09:19:01","modified_gmt":"2026-01-12T09:19:01","slug":"4eme-conference-sur-les-femmes-a-l-onu","status":"publish","type":"page","link":"https:\/\/shrimataji.org\/test\/fr\/4eme-conference-sur-les-femmes-a-l-onu\/","title":{"rendered":"4\u00e8me Conf\u00e9rence Mondiale sur les Femmes \u00e0 l&#8217;ONU"},"content":{"rendered":"\n\n\t<h1>4\u00e8me Conf\u00e9rence Mondiale sur les Femmes \u00e0 l&#8217;ONU<\/h1>\n<h2>Extrait de la Table Ronde Inter-r\u00e9gionale, Beijing, le 13 septembre 1995<\/h2>\n\t<h4>La quatri\u00e8me conf\u00e9rence mondiale, qui s&#8217;est tenue \u00e0 Beijing, en Chine, en septembre 1995, a \u00e9t\u00e9 l&#8217;aboutissement des accords politiques conclus lors des trois pr\u00e9c\u00e9dentes conf\u00e9rences mondiales sur les femmes et l&#8217;\u00e9galit\u00e9 des sexes. 189 pays ont adopt\u00e9 \u00e0 l&#8217;unanimit\u00e9 le programme d&#8217;action pour l&#8217;autonomisation des femmes \u00e0 Beijing, consid\u00e9r\u00e9 comme le document politique mondial cl\u00e9 en mati\u00e8re d&#8217;\u00e9galit\u00e9 des sexes.<\/h4>\n<p>Shri Mataji a \u00e9t\u00e9 invit\u00e9e \u00e0 prendre la parole lors de cette plateforme mondiale pour s&#8217;exprimer sur le r\u00f4le des femmes, qui tout aussi important que celui des hommes dans ce monde. Cependant, elles doivent tirer parti des diff\u00e9rences entre les sexes plut\u00f4t que d&#8217;essayer de les opposer. Un \u00e9quilibre appropri\u00e9 entre les hommes et les femmes est essentiel pour construire une soci\u00e9t\u00e9 stable et pacifique. Il faut reconna\u00eetre les diff\u00e9rences et respecter les forces de chacun. Shri Mataji a rappel\u00e9 que hommes et femmes devaient trouver un \u00e9quilibre int\u00e9rieur entre leurs propres aspects &#8216;masculin&#8217; et &#8216;f\u00e9minin&#8217; qui se trouvent en chacun. C&#8217;est toutefois au niveau social que les femmes peuvent vraiment avoir un impact.<\/p>\n\t<div class=\"su-quote su-quote-style-default\"><div class=\"su-quote-inner su-u-clearfix su-u-trim\"> The truth is that women are the potential power of every civilization and every country. It is evident that women are the creators and preservers of the entire humankind. This is the role which almighty God has given, assigned to them.\u00a0<\/div><\/div>\n\t<p>Shri Mataji ne s&#8217;est jamais consid\u00e9r\u00e9e comme une militante politique. Sa vision \u00e9tait celle d&#8217;une transformation int\u00e9rieure chez les hommes et les femmes gr\u00e2ce \u00e0 la r\u00e9alisation de soi, qui leur permettrait d&#8217;atteindre un \u00e9quilibre naturel. Cette transformation int\u00e9rieure \u00e9tait la cl\u00e9 pour r\u00e9soudre bon nombre des probl\u00e8mes auxquels les femmes sont confront\u00e9es dans un monde domin\u00e9 par les hommes.<\/p>\n<p>&#8220;Les graines ne peuvent rien cr\u00e9er par elles-m\u00eames. C&#8217;est la Terre M\u00e8re qui fait pousser les fleurs, les fruits et autres bienfaits. De m\u00eame, c&#8217;est la femme qui cr\u00e9e l&#8217;enfant, qui nourrit le b\u00e9b\u00e9 et qui, finalement, \u00e9l\u00e8ve les citoyens de demain. Les femmes doivent donc \u00eatre consid\u00e9r\u00e9es, au m\u00eame titre que la Terre M\u00e8re, comme le fondement de l&#8217;humanit\u00e9 tout enti\u00e8re.&#8221;<\/p>\n\t<p>Ayant v\u00e9cu \u00e0 la fois en Orient et en Occident et ayant beaucoup voyag\u00e9, Shri Mataji a constat\u00e9 les diff\u00e9rences dans la mani\u00e8re dont les femmes sont trait\u00e9es. Si elle reconnaissait le manque criant de droits dont beaucoup souffraient, le manque de respect envers les femmes la pr\u00e9occupait tout autant.<\/p>\n\t<div class=\"su-quote su-quote-style-default\"><div class=\"su-quote-inner su-u-clearfix su-u-trim\">Dans mon propre pays, il existe un dicton en sanskrit : &#8220;Yatra narya pujyante tatra ramante devata&#8221;, qui signifie que &#8220;l\u00e0 o\u00f9 les femmes sont respect\u00e9es et respectables, r\u00e9sident les Dieux de notre bien-\u00eatre.&#8221;<\/div><\/div>\n\t<p>Lorsque les hommes et les femmes comprennent leurs propres valeurs et celles des autres, ce que Shri Mataji consid\u00e9rait comme r\u00e9alisable gr\u00e2ce \u00e0 la R\u00e9alisation du Soi, alors l&#8217;harmonie r\u00e8gne parmi les \u00eatres humains.<\/p>\n&#8220;C&#8217;est donc\u00a0\u00e0 nous en ce moment de comprendre la valeur de ce grand pouvoir qui nous est donn\u00e9 par notre Cr\u00e9ateur. Mais que voyons-nous?<br \/>\nQue ce soit en Orient ou en Occident, les femmes n&#8217;ont pas \u00e9t\u00e9 capables de pr\u00e9senter une manifestation totale de leur grandeur.\n<p>Je ne veux pas du tout sugg\u00e9rer que le seul r\u00f4le de la femme dans la soci\u00e9t\u00e9 soit celui d&#8217;une m\u00e8re, g\u00e9nitrice et pr\u00e9servatrice des enfants, ou bien celui d&#8217;une \u00e9pouse ou d&#8217;une s\u0153ur. Les femmes ont tout \u00e0 fait le droit de participer, en tant que partenaires d&#8217;une \u00e9gale valeur, \u00e0 tous les aspects de la vie sociale, culturelle, \u00e9ducative, politique, \u00e9conomique, administrative et autre. Dans le but de se pr\u00e9parer \u00e0 ce r\u00f4le omnipr\u00e9sent, elles doivent avoir le droit \u00e0 l&#8217;\u00e9ducation dans tous les domaines de la connaissance. Mais si elles sont des m\u00e8res, elles ont une grande responsabilit\u00e9 envers leurs enfants comme vis-\u00e0-vis de la soci\u00e9t\u00e9.&#8221;<\/p>\n<p>&#8220;Ce dont nous avons besoin, c&#8217;est d&#8217;un \u00e9quilibre entre les deux extr\u00eames: nous avons besoin de femmes \u00e0 l&#8217;\u00e9gal des hommes, mais non pas de partenaires similaires aux hommes. Des femmes qui auraient une compr\u00e9hension subtile de la nature des hommes et qui sauraient les remettre (sur la voie) du milieu, les ramener \u00e0 l&#8217;\u00e9quilibre int\u00e9rieur.&#8221;<\/p>\n\t<div class=\"su-quote su-quote-style-default\"><div class=\"su-quote-inner su-u-clearfix su-u-trim\">Nous avons besoin de femmes \u00e9quilibr\u00e9es pour obtenir une humanit\u00e9 \u00e9quilibr\u00e9e, poss\u00e9dant la paix en elle-m\u00eame.<\/div><\/div>\n\t\t<iframe loading=\"lazy\" title=\"UN Women\u00b4s Conference\" width=\"1920\" height=\"1080\" src=\"https:\/\/www.youtube.com\/embed\/_v6jiBJ-jdg?feature=oembed\" frameborder=\"0\" allow=\"accelerometer; autoplay; clipboard-write; encrypted-media; gyroscope; picture-in-picture; web-share\" allowfullscreen><\/iframe>\t\n\n","protected":false},"excerpt":{"rendered":"<p>4\u00e8me Conf\u00e9rence Mondiale sur les Femmes \u00e0 l&#8217;ONU Extrait de la Table Ronde Inter-r\u00e9gionale, Beijing, le 13 septembre 1995 La quatri\u00e8me conf\u00e9rence mondiale, qui s&#8217;est tenue \u00e0 Beijing, en Chine, en septembre 1995, a \u00e9t\u00e9 l&#8217;aboutissement des accords politiques conclus lors des trois pr\u00e9c\u00e9dentes conf\u00e9rences mondiales sur les femmes et l&#8217;\u00e9galit\u00e9 des sexes. 189 pays&hellip; <br \/> <a class=\"read-more\" href=\"https:\/\/shrimataji.org\/test\/fr\/4eme-conference-sur-les-femmes-a-l-onu\/\">Read more<\/a><\/p>\n","protected":false},"author":7,"featured_media":109,"parent":0,"menu_order":0,"comment_status":"closed","ping_status":"closed","template":"","meta":{"inline_featured_image":false,"footnotes":"","advanced-sidebar-menu\/link-title":"","advanced-sidebar-menu\/exclude-page":false},"class_list":["post-10807","page","type-page","status-publish","has-post-thumbnail","hentry"],"yoast_head":"<!-- This site is optimized with the Yoast SEO plugin v27.4 - https:\/\/yoast.com\/product\/yoast-seo-wordpress\/ -->\n<title>4\u00e8me Conf\u00e9rence Mondiale sur les Femmes \u00e0 l&#039;ONU - TEST - SMND<\/title>\n<meta name=\"robots\" content=\"noindex, follow, max-snippet:-1, max-image-preview:large, max-video-preview:-1\" \/>\n<meta property=\"og:locale\" content=\"en_US\" \/>\n<meta property=\"og:type\" content=\"article\" \/>\n<meta property=\"og:title\" content=\"4\u00e8me Conf\u00e9rence Mondiale sur les Femmes \u00e0 l&#039;ONU - TEST - SMND\" \/>\n<meta property=\"og:description\" content=\"4\u00e8me Conf\u00e9rence Mondiale sur les Femmes \u00e0 l&#8217;ONU Extrait de la Table Ronde Inter-r\u00e9gionale, Beijing, le 13 septembre 1995 La quatri\u00e8me conf\u00e9rence mondiale, qui s&#8217;est tenue \u00e0 Beijing, en Chine, en septembre 1995, a \u00e9t\u00e9 l&#8217;aboutissement des accords politiques conclus lors des trois pr\u00e9c\u00e9dentes conf\u00e9rences mondiales sur les femmes et l&#8217;\u00e9galit\u00e9 des sexes. 189 pays&hellip; Read more\" \/>\n<meta property=\"og:url\" content=\"https:\/\/shrimataji.org\/test\/fr\/4eme-conference-sur-les-femmes-a-l-onu\/\" \/>\n<meta property=\"og:site_name\" content=\"TEST - SMND\" \/>\n<meta property=\"article:publisher\" content=\"https:\/\/www.facebook.com\/shrimataji\" \/>\n<meta property=\"article:modified_time\" content=\"2026-01-12T09:19:01+00:00\" \/>\n<meta property=\"og:image\" content=\"https:\/\/shrimataji.org\/test\/wp-content\/uploads\/2018\/07\/media_originals\/images\/headers-general\/shri-mataji-speaking-at-the-un-womens-conference-in-beijing-1995.jpg\" \/>\n\t<meta property=\"og:image:width\" content=\"990\" \/>\n\t<meta property=\"og:image:height\" content=\"350\" \/>\n\t<meta property=\"og:image:type\" content=\"image\/jpeg\" \/>\n<meta name=\"twitter:card\" content=\"summary_large_image\" \/>\n<meta name=\"twitter:site\" content=\"@shrimataji\" \/>\n<meta name=\"twitter:label1\" content=\"Est. reading time\" \/>\n\t<meta name=\"twitter:data1\" content=\"4 minutes\" \/>\n<script type=\"application\/ld+json\" class=\"yoast-schema-graph\">{\"@context\":\"https:\\\/\\\/schema.org\",\"@graph\":[{\"@type\":\"WebPage\",\"@id\":\"https:\\\/\\\/shrimataji.org\\\/test\\\/fr\\\/4eme-conference-sur-les-femmes-a-l-onu\\\/\",\"url\":\"https:\\\/\\\/shrimataji.org\\\/test\\\/fr\\\/4eme-conference-sur-les-femmes-a-l-onu\\\/\",\"name\":\"4\u00e8me Conf\u00e9rence Mondiale sur les Femmes \u00e0 l'ONU - TEST - SMND\",\"isPartOf\":{\"@id\":\"https:\\\/\\\/shrimataji.org\\\/test\\\/#website\"},\"primaryImageOfPage\":{\"@id\":\"https:\\\/\\\/shrimataji.org\\\/test\\\/fr\\\/4eme-conference-sur-les-femmes-a-l-onu\\\/#primaryimage\"},\"image\":{\"@id\":\"https:\\\/\\\/shrimataji.org\\\/test\\\/fr\\\/4eme-conference-sur-les-femmes-a-l-onu\\\/#primaryimage\"},\"thumbnailUrl\":\"https:\\\/\\\/shrimataji.org\\\/test\\\/wp-content\\\/uploads\\\/2018\\\/07\\\/media_originals\\\/images\\\/headers-general\\\/shri-mataji-speaking-at-the-un-womens-conference-in-beijing-1995.jpg\",\"datePublished\":\"2012-10-02T02:00:00+00:00\",\"dateModified\":\"2026-01-12T09:19:01+00:00\",\"breadcrumb\":{\"@id\":\"https:\\\/\\\/shrimataji.org\\\/test\\\/fr\\\/4eme-conference-sur-les-femmes-a-l-onu\\\/#breadcrumb\"},\"inLanguage\":\"en-US\",\"potentialAction\":[{\"@type\":\"ReadAction\",\"target\":[\"https:\\\/\\\/shrimataji.org\\\/test\\\/fr\\\/4eme-conference-sur-les-femmes-a-l-onu\\\/\"]}]},{\"@type\":\"ImageObject\",\"inLanguage\":\"en-US\",\"@id\":\"https:\\\/\\\/shrimataji.org\\\/test\\\/fr\\\/4eme-conference-sur-les-femmes-a-l-onu\\\/#primaryimage\",\"url\":\"https:\\\/\\\/shrimataji.org\\\/test\\\/wp-content\\\/uploads\\\/2018\\\/07\\\/media_originals\\\/images\\\/headers-general\\\/shri-mataji-speaking-at-the-un-womens-conference-in-beijing-1995.jpg\",\"contentUrl\":\"https:\\\/\\\/shrimataji.org\\\/test\\\/wp-content\\\/uploads\\\/2018\\\/07\\\/media_originals\\\/images\\\/headers-general\\\/shri-mataji-speaking-at-the-un-womens-conference-in-beijing-1995.jpg\",\"width\":990,\"height\":350},{\"@type\":\"BreadcrumbList\",\"@id\":\"https:\\\/\\\/shrimataji.org\\\/test\\\/fr\\\/4eme-conference-sur-les-femmes-a-l-onu\\\/#breadcrumb\",\"itemListElement\":[{\"@type\":\"ListItem\",\"position\":1,\"name\":\"Home\",\"item\":\"https:\\\/\\\/shrimataji.org\\\/test\\\/uk\\\/home-en\\\/\"},{\"@type\":\"ListItem\",\"position\":2,\"name\":\"4\u00e8me Conf\u00e9rence Mondiale sur les Femmes \u00e0 l&#8217;ONU\"}]},{\"@type\":\"WebSite\",\"@id\":\"https:\\\/\\\/shrimataji.org\\\/test\\\/#website\",\"url\":\"https:\\\/\\\/shrimataji.org\\\/test\\\/\",\"name\":\"Shri Mataji Nirmala Devi\",\"description\":\"A Life Dedicated to Humanity\",\"publisher\":{\"@id\":\"https:\\\/\\\/shrimataji.org\\\/test\\\/#\\\/schema\\\/person\\\/a1b3419c6585f164aa96da1ff85715d1\"},\"potentialAction\":[{\"@type\":\"SearchAction\",\"target\":{\"@type\":\"EntryPoint\",\"urlTemplate\":\"https:\\\/\\\/shrimataji.org\\\/test\\\/?s={search_term_string}\"},\"query-input\":{\"@type\":\"PropertyValueSpecification\",\"valueRequired\":true,\"valueName\":\"search_term_string\"}}],\"inLanguage\":\"en-US\"},{\"@type\":[\"Person\",\"Organization\"],\"@id\":\"https:\\\/\\\/shrimataji.org\\\/test\\\/#\\\/schema\\\/person\\\/a1b3419c6585f164aa96da1ff85715d1\",\"name\":\"Nirmala Shrivastava\",\"image\":{\"@type\":\"ImageObject\",\"inLanguage\":\"en-US\",\"@id\":\"https:\\\/\\\/shrimataji.org\\\/test\\\/wp-content\\\/uploads\\\/2023\\\/02\\\/SMO_LOGO-03.svg\",\"url\":\"https:\\\/\\\/shrimataji.org\\\/test\\\/wp-content\\\/uploads\\\/2023\\\/02\\\/SMO_LOGO-03.svg\",\"contentUrl\":\"https:\\\/\\\/shrimataji.org\\\/test\\\/wp-content\\\/uploads\\\/2023\\\/02\\\/SMO_LOGO-03.svg\",\"width\":\"1024\",\"height\":\"1024\",\"caption\":\"Nirmala Shrivastava\"},\"logo\":{\"@id\":\"https:\\\/\\\/shrimataji.org\\\/test\\\/wp-content\\\/uploads\\\/2023\\\/02\\\/SMO_LOGO-03.svg\"},\"sameAs\":[\"https:\\\/\\\/shrimataji.org\\\/test\",\"https:\\\/\\\/www.facebook.com\\\/shrimataji\",\"https:\\\/\\\/x.com\\\/shrimataji\",\"https:\\\/\\\/www.youtube.com\\\/@Shri_Mataji_Nirmala_Devi\\\/featured\"]}]}<\/script>\n<!-- \/ Yoast SEO plugin. -->","yoast_head_json":{"title":"4\u00e8me Conf\u00e9rence Mondiale sur les Femmes \u00e0 l'ONU - TEST - SMND","robots":{"index":"noindex","follow":"follow","max-snippet":"max-snippet:-1","max-image-preview":"max-image-preview:large","max-video-preview":"max-video-preview:-1"},"og_locale":"en_US","og_type":"article","og_title":"4\u00e8me Conf\u00e9rence Mondiale sur les Femmes \u00e0 l'ONU - TEST - SMND","og_description":"4\u00e8me Conf\u00e9rence Mondiale sur les Femmes \u00e0 l&#8217;ONU Extrait de la Table Ronde Inter-r\u00e9gionale, Beijing, le 13 septembre 1995 La quatri\u00e8me conf\u00e9rence mondiale, qui s&#8217;est tenue \u00e0 Beijing, en Chine, en septembre 1995, a \u00e9t\u00e9 l&#8217;aboutissement des accords politiques conclus lors des trois pr\u00e9c\u00e9dentes conf\u00e9rences mondiales sur les femmes et l&#8217;\u00e9galit\u00e9 des sexes. 189 pays&hellip; Read more","og_url":"https:\/\/shrimataji.org\/test\/fr\/4eme-conference-sur-les-femmes-a-l-onu\/","og_site_name":"TEST - SMND","article_publisher":"https:\/\/www.facebook.com\/shrimataji","article_modified_time":"2026-01-12T09:19:01+00:00","og_image":[{"width":990,"height":350,"url":"https:\/\/shrimataji.org\/test\/wp-content\/uploads\/2018\/07\/media_originals\/images\/headers-general\/shri-mataji-speaking-at-the-un-womens-conference-in-beijing-1995.jpg","type":"image\/jpeg"}],"twitter_card":"summary_large_image","twitter_site":"@shrimataji","twitter_misc":{"Est. reading time":"4 minutes"},"schema":{"@context":"https:\/\/schema.org","@graph":[{"@type":"WebPage","@id":"https:\/\/shrimataji.org\/test\/fr\/4eme-conference-sur-les-femmes-a-l-onu\/","url":"https:\/\/shrimataji.org\/test\/fr\/4eme-conference-sur-les-femmes-a-l-onu\/","name":"4\u00e8me Conf\u00e9rence Mondiale sur les Femmes \u00e0 l'ONU - TEST - SMND","isPartOf":{"@id":"https:\/\/shrimataji.org\/test\/#website"},"primaryImageOfPage":{"@id":"https:\/\/shrimataji.org\/test\/fr\/4eme-conference-sur-les-femmes-a-l-onu\/#primaryimage"},"image":{"@id":"https:\/\/shrimataji.org\/test\/fr\/4eme-conference-sur-les-femmes-a-l-onu\/#primaryimage"},"thumbnailUrl":"https:\/\/shrimataji.org\/test\/wp-content\/uploads\/2018\/07\/media_originals\/images\/headers-general\/shri-mataji-speaking-at-the-un-womens-conference-in-beijing-1995.jpg","datePublished":"2012-10-02T02:00:00+00:00","dateModified":"2026-01-12T09:19:01+00:00","breadcrumb":{"@id":"https:\/\/shrimataji.org\/test\/fr\/4eme-conference-sur-les-femmes-a-l-onu\/#breadcrumb"},"inLanguage":"en-US","potentialAction":[{"@type":"ReadAction","target":["https:\/\/shrimataji.org\/test\/fr\/4eme-conference-sur-les-femmes-a-l-onu\/"]}]},{"@type":"ImageObject","inLanguage":"en-US","@id":"https:\/\/shrimataji.org\/test\/fr\/4eme-conference-sur-les-femmes-a-l-onu\/#primaryimage","url":"https:\/\/shrimataji.org\/test\/wp-content\/uploads\/2018\/07\/media_originals\/images\/headers-general\/shri-mataji-speaking-at-the-un-womens-conference-in-beijing-1995.jpg","contentUrl":"https:\/\/shrimataji.org\/test\/wp-content\/uploads\/2018\/07\/media_originals\/images\/headers-general\/shri-mataji-speaking-at-the-un-womens-conference-in-beijing-1995.jpg","width":990,"height":350},{"@type":"BreadcrumbList","@id":"https:\/\/shrimataji.org\/test\/fr\/4eme-conference-sur-les-femmes-a-l-onu\/#breadcrumb","itemListElement":[{"@type":"ListItem","position":1,"name":"Home","item":"https:\/\/shrimataji.org\/test\/uk\/home-en\/"},{"@type":"ListItem","position":2,"name":"4\u00e8me Conf\u00e9rence Mondiale sur les Femmes \u00e0 l&#8217;ONU"}]},{"@type":"WebSite","@id":"https:\/\/shrimataji.org\/test\/#website","url":"https:\/\/shrimataji.org\/test\/","name":"Shri Mataji Nirmala Devi","description":"A Life Dedicated to Humanity","publisher":{"@id":"https:\/\/shrimataji.org\/test\/#\/schema\/person\/a1b3419c6585f164aa96da1ff85715d1"},"potentialAction":[{"@type":"SearchAction","target":{"@type":"EntryPoint","urlTemplate":"https:\/\/shrimataji.org\/test\/?s={search_term_string}"},"query-input":{"@type":"PropertyValueSpecification","valueRequired":true,"valueName":"search_term_string"}}],"inLanguage":"en-US"},{"@type":["Person","Organization"],"@id":"https:\/\/shrimataji.org\/test\/#\/schema\/person\/a1b3419c6585f164aa96da1ff85715d1","name":"Nirmala Shrivastava","image":{"@type":"ImageObject","inLanguage":"en-US","@id":"https:\/\/shrimataji.org\/test\/wp-content\/uploads\/2023\/02\/SMO_LOGO-03.svg","url":"https:\/\/shrimataji.org\/test\/wp-content\/uploads\/2023\/02\/SMO_LOGO-03.svg","contentUrl":"https:\/\/shrimataji.org\/test\/wp-content\/uploads\/2023\/02\/SMO_LOGO-03.svg","width":"1024","height":"1024","caption":"Nirmala Shrivastava"},"logo":{"@id":"https:\/\/shrimataji.org\/test\/wp-content\/uploads\/2023\/02\/SMO_LOGO-03.svg"},"sameAs":["https:\/\/shrimataji.org\/test","https:\/\/www.facebook.com\/shrimataji","https:\/\/x.com\/shrimataji","https:\/\/www.youtube.com\/@Shri_Mataji_Nirmala_Devi\/featured"]}]}},"lang":"fr","translations":{"fr":10807,"ur":37528,"en":427,"am":18103,"th":20101,"hu":19599,"ar":16999,"sq":18504,"zh":17401,"tr":10227,"pt":10434,"de":10709,"it":10905,"es":11001,"ja":11299,"ru":11487,"bn":11679,"te":11787,"sw":11910,"he":12058,"el":12350,"sk":12448,"fa":12546,"fi":12644,"bg":13498,"ro":14573,"cs":14766,"nl":16663,"ku":16823,"be":18711,"kn":18985,"mr":20465,"uk":20758,"ml":21053,"ta":22822,"sv":23091,"gu":28926,"pa":29086,"fil":29540,"da":37835,"pl":38045,"nn":38387},"pll_sync_post":[],"_links":{"self":[{"href":"https:\/\/shrimataji.org\/test\/wp-json\/wp\/v2\/pages\/10807","targetHints":{"allow":["GET"]}}],"collection":[{"href":"https:\/\/shrimataji.org\/test\/wp-json\/wp\/v2\/pages"}],"about":[{"href":"https:\/\/shrimataji.org\/test\/wp-json\/wp\/v2\/types\/page"}],"author":[{"embeddable":true,"href":"https:\/\/shrimataji.org\/test\/wp-json\/wp\/v2\/users\/7"}],"replies":[{"embeddable":true,"href":"https:\/\/shrimataji.org\/test\/wp-json\/wp\/v2\/comments?post=10807"}],"version-history":[{"count":0,"href":"https:\/\/shrimataji.org\/test\/wp-json\/wp\/v2\/pages\/10807\/revisions"}],"wp:featuredmedia":[{"embeddable":true,"href":"https:\/\/shrimataji.org\/test\/wp-json\/wp\/v2\/media\/109"}],"wp:attachment":[{"href":"https:\/\/shrimataji.org\/test\/wp-json\/wp\/v2\/media?parent=10807"}],"curies":[{"name":"wp","href":"https:\/\/api.w.org\/{rel}","templated":true}]}}