{"id":10808,"date":"2011-10-05T02:00:00","date_gmt":"2011-10-05T02:00:00","guid":{"rendered":"http:\/\/testwordpress.nirmalnagari.org\/smnd\/index.php\/uniting-the-nations\/"},"modified":"2025-11-12T17:11:48","modified_gmt":"2025-11-12T17:11:48","slug":"unir-les-nations","status":"publish","type":"page","link":"https:\/\/shrimataji.org\/test\/fr\/unir-les-nations\/","title":{"rendered":"Unir les nations"},"content":{"rendered":"\n\n\t<h1>Unir les nations<\/h1>\n<h2>\nTransformation mondiale &#8211; Au-del\u00e0 des fronti\u00e8res<\/h2>\n\t<h4>Le public \u00e9tait peu nombreux dans l&#8217;auditorium du Dag Hammarskjold. Cinquante employ\u00e9s s&#8217;\u00e9taient rassembl\u00e9s dans ce th\u00e9\u00e2tre de dimension moyenne t\u00f4t dans la soir\u00e9e. Les Nations-Unies avaient accord\u00e9 les statuts et donn\u00e9 leur autorisation deux jours auparavant seulement \u00e0 la nouvelle Soci\u00e9t\u00e9 de M\u00e9ditation Sahaja, et, \u00e0 pr\u00e9sent, leurs membres s&#8217;\u00e9taient rassembl\u00e9s pour \u00e9couter leur orateur principal.<\/h4>\n\t<p>C&#8217;\u00e9tait l\u00e0 un temps de pause parmi leurs r\u00e9unions et leurs responsabilit\u00e9s internationales. C&#8217;\u00e9tait l&#8217;occasion d&#8217;entendre les paroles de Shri Mataji Nirmala Devi, une occasion de mettre son attention \u00e0 l&#8217;int\u00e9rieur. Le sujet \u00e9tait l&#8217;illumination spirituelle, la paix internationale et un monde meilleur. C&#8217;\u00e9tait le 6 juin 1990, au si\u00e8ge des Nations-Unies \u00e0 New York.<\/p>\n<p>Peut-\u00eatre que le personnel des NU en ce jour avait plus l&#8217;attention sur la promesse d&#8217;une r\u00e9duction des armes en Europe venant de l&#8217;Union Sovi\u00e9tique. Ou peut-\u00eatre que d&#8217;autres membres portaient assistance \u00e0 un exode du personnel des NU \u00e0 la suite d&#8217;une autre guerre civile au Liberia.<\/p>\n<p>Le monde semblait en plein d\u00e9sarroi et en pleine mutation. Le premier anniversaire des manifestations et du massacre de la Place Tienanmen \u00e0 Beijing avait \u00e9t\u00e9 c\u00e9l\u00e9br\u00e9 quelques jours auparavant seulement. Personne ne pouvait anticiper ce qui allait suivre.<\/p>\n\t\t\t\t<img decoding=\"async\" src=\"https:\/\/shrimataji.org\/test\/wp-content\/uploads\/2018\/07\/media_originals\/images\/shri-mataji-portraits\/shri-mataji-nirmala-devi-portrait-smiling-1024x681.jpg\" alt=\"shri-mataji-nirmala-devi-portrait-smiling\" itemprop=\"image\" height=\"681\" width=\"1024\" height=\"681\" width=\"1024\" title=\"shri-mataji-nirmala-devi-portrait-smiling\" onerror=\"this.style.display='none'\" loading='lazy' \/>\n\t<p>Moins de douze mois plus tard, cette m\u00eame Union Sovi\u00e9tique allait cesser d&#8217;exister. Une nouvelle communaut\u00e9 d&#8217;\u00e9tats ind\u00e9pendants allait la remplacer. Il y avait d\u00e9j\u00e0 eu des \u00e9lections libres en Roumanie apr\u00e8s le d\u00e9mant\u00e8lement du Mur de Berlin l&#8217;ann\u00e9e pr\u00e9c\u00e9dente. En moins de deux mois, l&#8217;Irak allait envahir le Koweit. Le b\u00e2timent des NU deviendrait un lieu encore plus d\u00e9bordant d&#8217;activit\u00e9. Maintenant c&#8217;\u00e9tait le temps de s&#8217;arr\u00eater et d&#8217;\u00e9couter.<\/p>\n<p>En ce mercredi soir, Shri Mataji s&#8217;est calmement adress\u00e9e au public, sur un ton confidentiel, avec des mots choisis pour r\u00e9pondre aux besoins de son auditoire. Et comme toujours, elle a parl\u00e9 en termes \u00e0 la fois personnels et universels.<\/p>\n\t<div class=\"su-quote su-quote-style-default\"><div class=\"su-quote-inner su-u-clearfix su-u-trim\">Mon message \u00e0 l&#8217;humanit\u00e9 est que vous devriez tous \u00eatre transform\u00e9s, vous devriez devenir l&#8217;Esprit, c&#8217;est ainsi que vous vous connaitrez vous-m\u00eame.<\/div><\/div>\n\t<p>Pendant sa conf\u00e9rence, Shri Mataji s&#8217;est exprim\u00e9e sur la v\u00e9rit\u00e9 et le besoin de concr\u00e9tiser la doctrine collective des NU et sur le r\u00f4le de la Kundalini qui pourrait la concr\u00e9tiser:<\/p>\n<p>&#8220;Nous parlons de probl\u00e8mes \u00e9cologiques, de tel ou tel probl\u00e8me, mais nous ne nous demandons pas comment en sortir. Si les NU ont \u00e9t\u00e9 cr\u00e9\u00e9es pour s&#8217;exprimer dans la r\u00e9alit\u00e9, alors je dirais que les gens des NU doivent avoir leur R\u00e9alisation du Soi d&#8217;abord, et ensuite ils pourront comprendre qui ils sont&#8230; Il y a tellement de mani\u00e8res et ils ont tellement de pouvoirs, mais cela, c&#8217;est le pouvoir de l&#8217;amour.&#8221;<\/p>\n<p>A la fin de sa conf\u00e9rence elle a donn\u00e9 la R\u00e9alisation du Soi. Presque personne n&#8217;a quitt\u00e9 la salle avant l&#8217;exp\u00e9rience proprement dite. Tout le monde est all\u00e9 saluer Shri Mataji par la suite. La plupart se sont inscrits pour des cours de suivis.<\/p>\n<p>&nbsp;<\/p>\n<p>La semaine pr\u00e9c\u00e9dant son intervention aux NU, Shri Mataji avait donn\u00e9 des conf\u00e9rences similaires \u00e0 la fois \u00e0 Miami et \u00e0 San Diego. Plus t\u00f4t dans l&#8217;ann\u00e9e, elle s&#8217;\u00e9tait exprim\u00e9e en Australie, en Inde, en Italie, en Nouvelle-Z\u00e9lande, en Russie, \u00e0 Singapour et au Royaume-Uni &#8211; une conf\u00e9rence m\u00e9dicale \u00e0 Moscou, une conf\u00e9rence de presse \u00e0 Calcutta, \u00e0 Perth, \u00e0 Cairns, \u00e0 Melbourne, \u00e0 Sydney, \u00e0 Bangalore, \u00e0 Hyderabad, \u00e0 Ja\u00efpur, \u00e0 L\u00e9ningrad et \u00e0 Auckland &#8211; ses interventions pour l&#8217;ann\u00e9e approchaient la centaine et on n&#8217;en \u00e9tait qu&#8217;au mois de juin.<\/p>\n<p>Avant la fin de l&#8217;ann\u00e9e, Shri Mataji allait faire plus de 200 interventions dans 26 pays. Ses voyages en 1990 ont totalis\u00e9 plus de 135 000 kilom\u00e8tres, un itin\u00e9raire que la plupart des gens trouveraient \u00e9puisant. Mais ce n&#8217;est pas tout : en plus de ses conf\u00e9rences programm\u00e9es, il y a eu d&#8217;innombrables \u00e9v\u00e9nements non officiels, dans des maisons et des a\u00e9roports, dans des salles et des \u00e9coles. Chaque conversation, chaque discours a \u00e9t\u00e9 diff\u00e9rent, mais tous avaient un point commun\u00a0: ils \u00e9taient remplis de sollicitude, de discernement, d&#8217;humour et d&#8217;amour. Chaque discours visait le m\u00eame but. Il soulignait la n\u00e9cessit\u00e9 d&#8217;une \u00e9volution spirituelle.<\/p>\n<p>Alors que quelqu&#8217;un d&#8217;autre aurait dit : &#8220;Soyez le meilleur de vous-m\u00eame&#8221;, Shri Mataji visait encore plus haut : &#8220;Soyez votre v\u00e9ritable Soi.&#8221;<\/p>\n<p>Et 1990 n&#8217;a pas \u00e9t\u00e9 une ann\u00e9e diff\u00e9rente\u00a0des autres: depuis la fin des ann\u00e9es 70, pendant les ann\u00e9es 80 et 90 et jusqu&#8217;au si\u00e8cle actuel, ses voyages, ses travaux, ses efforts pour cr\u00e9er un monde meilleur n&#8217;ont pas cess\u00e9. Ses voyages n&#8217;ont pas \u00e9t\u00e9 rapport\u00e9s par les journaux, la plupart du temps, surtout en Europe, mais ils ne sont pas pass\u00e9s inaper\u00e7us de ceux qui recherchaient l&#8217;illumination dans un monde m\u00e9ta moderne.<\/p>\n\n","protected":false},"excerpt":{"rendered":"<p>Unir les nations Transformation mondiale &#8211; Au-del\u00e0 des fronti\u00e8res Le public \u00e9tait peu nombreux dans l&#8217;auditorium du Dag Hammarskjold. Cinquante employ\u00e9s s&#8217;\u00e9taient rassembl\u00e9s dans ce th\u00e9\u00e2tre de dimension moyenne t\u00f4t dans la soir\u00e9e. Les Nations-Unies avaient accord\u00e9 les statuts et donn\u00e9 leur autorisation deux jours auparavant seulement \u00e0 la nouvelle Soci\u00e9t\u00e9 de M\u00e9ditation Sahaja, et,&hellip; <br \/> <a class=\"read-more\" href=\"https:\/\/shrimataji.org\/test\/fr\/unir-les-nations\/\">Read more<\/a><\/p>\n","protected":false},"author":7,"featured_media":121,"parent":0,"menu_order":0,"comment_status":"closed","ping_status":"closed","template":"","meta":{"inline_featured_image":false,"footnotes":""},"class_list":["post-10808","page","type-page","status-publish","has-post-thumbnail","hentry"],"yoast_head":"<!-- This site is optimized with the Yoast SEO plugin v27.4 - https:\/\/yoast.com\/product\/yoast-seo-wordpress\/ -->\n<title>Unir les nations - TEST - SMND<\/title>\n<meta name=\"robots\" content=\"noindex, follow, max-snippet:-1, max-image-preview:large, max-video-preview:-1\" \/>\n<meta property=\"og:locale\" content=\"en_US\" \/>\n<meta property=\"og:type\" content=\"article\" \/>\n<meta property=\"og:title\" content=\"Unir les nations - TEST - SMND\" \/>\n<meta property=\"og:description\" content=\"Unir les nations Transformation mondiale &#8211; Au-del\u00e0 des fronti\u00e8res Le public \u00e9tait peu nombreux dans l&#8217;auditorium du Dag Hammarskjold. Cinquante employ\u00e9s s&#8217;\u00e9taient rassembl\u00e9s dans ce th\u00e9\u00e2tre de dimension moyenne t\u00f4t dans la soir\u00e9e. Les Nations-Unies avaient accord\u00e9 les statuts et donn\u00e9 leur autorisation deux jours auparavant seulement \u00e0 la nouvelle Soci\u00e9t\u00e9 de M\u00e9ditation Sahaja, et,&hellip; Read more\" \/>\n<meta property=\"og:url\" content=\"https:\/\/shrimataji.org\/test\/fr\/unir-les-nations\/\" \/>\n<meta property=\"og:site_name\" content=\"TEST - SMND\" \/>\n<meta property=\"article:publisher\" content=\"https:\/\/www.facebook.com\/shrimataji\" \/>\n<meta property=\"article:modified_time\" content=\"2025-11-12T17:11:48+00:00\" \/>\n<meta property=\"og:image\" content=\"https:\/\/shrimataji.org\/test\/wp-content\/uploads\/2018\/07\/media_originals\/images\/headers-general\/shri-mataji-nirmala-devi-arrives-near-vienna-austria-2009.jpg\" \/>\n\t<meta property=\"og:image:width\" content=\"990\" \/>\n\t<meta property=\"og:image:height\" content=\"350\" \/>\n\t<meta property=\"og:image:type\" content=\"image\/jpeg\" \/>\n<meta name=\"twitter:card\" content=\"summary_large_image\" \/>\n<meta name=\"twitter:site\" content=\"@shrimataji\" \/>\n<script type=\"application\/ld+json\" class=\"yoast-schema-graph\">{\"@context\":\"https:\\\/\\\/schema.org\",\"@graph\":[{\"@type\":\"WebPage\",\"@id\":\"https:\\\/\\\/shrimataji.org\\\/test\\\/fr\\\/unir-les-nations\\\/\",\"url\":\"https:\\\/\\\/shrimataji.org\\\/test\\\/fr\\\/unir-les-nations\\\/\",\"name\":\"Unir les nations - TEST - SMND\",\"isPartOf\":{\"@id\":\"https:\\\/\\\/shrimataji.org\\\/test\\\/#website\"},\"primaryImageOfPage\":{\"@id\":\"https:\\\/\\\/shrimataji.org\\\/test\\\/fr\\\/unir-les-nations\\\/#primaryimage\"},\"image\":{\"@id\":\"https:\\\/\\\/shrimataji.org\\\/test\\\/fr\\\/unir-les-nations\\\/#primaryimage\"},\"thumbnailUrl\":\"https:\\\/\\\/shrimataji.org\\\/test\\\/wp-content\\\/uploads\\\/2018\\\/07\\\/media_originals\\\/images\\\/headers-general\\\/shri-mataji-nirmala-devi-arrives-near-vienna-austria-2009.jpg\",\"datePublished\":\"2011-10-05T02:00:00+00:00\",\"dateModified\":\"2025-11-12T17:11:48+00:00\",\"breadcrumb\":{\"@id\":\"https:\\\/\\\/shrimataji.org\\\/test\\\/fr\\\/unir-les-nations\\\/#breadcrumb\"},\"inLanguage\":\"en-US\",\"potentialAction\":[{\"@type\":\"ReadAction\",\"target\":[\"https:\\\/\\\/shrimataji.org\\\/test\\\/fr\\\/unir-les-nations\\\/\"]}]},{\"@type\":\"ImageObject\",\"inLanguage\":\"en-US\",\"@id\":\"https:\\\/\\\/shrimataji.org\\\/test\\\/fr\\\/unir-les-nations\\\/#primaryimage\",\"url\":\"https:\\\/\\\/shrimataji.org\\\/test\\\/wp-content\\\/uploads\\\/2018\\\/07\\\/media_originals\\\/images\\\/headers-general\\\/shri-mataji-nirmala-devi-arrives-near-vienna-austria-2009.jpg\",\"contentUrl\":\"https:\\\/\\\/shrimataji.org\\\/test\\\/wp-content\\\/uploads\\\/2018\\\/07\\\/media_originals\\\/images\\\/headers-general\\\/shri-mataji-nirmala-devi-arrives-near-vienna-austria-2009.jpg\",\"width\":990,\"height\":350},{\"@type\":\"BreadcrumbList\",\"@id\":\"https:\\\/\\\/shrimataji.org\\\/test\\\/fr\\\/unir-les-nations\\\/#breadcrumb\",\"itemListElement\":[{\"@type\":\"ListItem\",\"position\":1,\"name\":\"Home\",\"item\":\"https:\\\/\\\/shrimataji.org\\\/test\\\/uk\\\/home-en\\\/\"},{\"@type\":\"ListItem\",\"position\":2,\"name\":\"Unir les nations\"}]},{\"@type\":\"WebSite\",\"@id\":\"https:\\\/\\\/shrimataji.org\\\/test\\\/#website\",\"url\":\"https:\\\/\\\/shrimataji.org\\\/test\\\/\",\"name\":\"Shri Mataji Nirmala Devi\",\"description\":\"A Life Dedicated to Humanity\",\"publisher\":{\"@id\":\"https:\\\/\\\/shrimataji.org\\\/test\\\/#\\\/schema\\\/person\\\/a1b3419c6585f164aa96da1ff85715d1\"},\"potentialAction\":[{\"@type\":\"SearchAction\",\"target\":{\"@type\":\"EntryPoint\",\"urlTemplate\":\"https:\\\/\\\/shrimataji.org\\\/test\\\/?s={search_term_string}\"},\"query-input\":{\"@type\":\"PropertyValueSpecification\",\"valueRequired\":true,\"valueName\":\"search_term_string\"}}],\"inLanguage\":\"en-US\"},{\"@type\":[\"Person\",\"Organization\"],\"@id\":\"https:\\\/\\\/shrimataji.org\\\/test\\\/#\\\/schema\\\/person\\\/a1b3419c6585f164aa96da1ff85715d1\",\"name\":\"Nirmala Shrivastava\",\"image\":{\"@type\":\"ImageObject\",\"inLanguage\":\"en-US\",\"@id\":\"https:\\\/\\\/shrimataji.org\\\/test\\\/wp-content\\\/uploads\\\/2023\\\/02\\\/SMO_LOGO-03.svg\",\"url\":\"https:\\\/\\\/shrimataji.org\\\/test\\\/wp-content\\\/uploads\\\/2023\\\/02\\\/SMO_LOGO-03.svg\",\"contentUrl\":\"https:\\\/\\\/shrimataji.org\\\/test\\\/wp-content\\\/uploads\\\/2023\\\/02\\\/SMO_LOGO-03.svg\",\"width\":\"1024\",\"height\":\"1024\",\"caption\":\"Nirmala Shrivastava\"},\"logo\":{\"@id\":\"https:\\\/\\\/shrimataji.org\\\/test\\\/wp-content\\\/uploads\\\/2023\\\/02\\\/SMO_LOGO-03.svg\"},\"sameAs\":[\"https:\\\/\\\/shrimataji.org\\\/test\",\"https:\\\/\\\/www.facebook.com\\\/shrimataji\",\"https:\\\/\\\/x.com\\\/shrimataji\",\"https:\\\/\\\/www.youtube.com\\\/@Shri_Mataji_Nirmala_Devi\\\/featured\"]}]}<\/script>\n<!-- \/ Yoast SEO plugin. -->","yoast_head_json":{"title":"Unir les nations - TEST - SMND","robots":{"index":"noindex","follow":"follow","max-snippet":"max-snippet:-1","max-image-preview":"max-image-preview:large","max-video-preview":"max-video-preview:-1"},"og_locale":"en_US","og_type":"article","og_title":"Unir les nations - TEST - SMND","og_description":"Unir les nations Transformation mondiale &#8211; Au-del\u00e0 des fronti\u00e8res Le public \u00e9tait peu nombreux dans l&#8217;auditorium du Dag Hammarskjold. Cinquante employ\u00e9s s&#8217;\u00e9taient rassembl\u00e9s dans ce th\u00e9\u00e2tre de dimension moyenne t\u00f4t dans la soir\u00e9e. Les Nations-Unies avaient accord\u00e9 les statuts et donn\u00e9 leur autorisation deux jours auparavant seulement \u00e0 la nouvelle Soci\u00e9t\u00e9 de M\u00e9ditation Sahaja, et,&hellip; Read more","og_url":"https:\/\/shrimataji.org\/test\/fr\/unir-les-nations\/","og_site_name":"TEST - SMND","article_publisher":"https:\/\/www.facebook.com\/shrimataji","article_modified_time":"2025-11-12T17:11:48+00:00","og_image":[{"width":990,"height":350,"url":"https:\/\/shrimataji.org\/test\/wp-content\/uploads\/2018\/07\/media_originals\/images\/headers-general\/shri-mataji-nirmala-devi-arrives-near-vienna-austria-2009.jpg","type":"image\/jpeg"}],"twitter_card":"summary_large_image","twitter_site":"@shrimataji","schema":{"@context":"https:\/\/schema.org","@graph":[{"@type":"WebPage","@id":"https:\/\/shrimataji.org\/test\/fr\/unir-les-nations\/","url":"https:\/\/shrimataji.org\/test\/fr\/unir-les-nations\/","name":"Unir les nations - TEST - SMND","isPartOf":{"@id":"https:\/\/shrimataji.org\/test\/#website"},"primaryImageOfPage":{"@id":"https:\/\/shrimataji.org\/test\/fr\/unir-les-nations\/#primaryimage"},"image":{"@id":"https:\/\/shrimataji.org\/test\/fr\/unir-les-nations\/#primaryimage"},"thumbnailUrl":"https:\/\/shrimataji.org\/test\/wp-content\/uploads\/2018\/07\/media_originals\/images\/headers-general\/shri-mataji-nirmala-devi-arrives-near-vienna-austria-2009.jpg","datePublished":"2011-10-05T02:00:00+00:00","dateModified":"2025-11-12T17:11:48+00:00","breadcrumb":{"@id":"https:\/\/shrimataji.org\/test\/fr\/unir-les-nations\/#breadcrumb"},"inLanguage":"en-US","potentialAction":[{"@type":"ReadAction","target":["https:\/\/shrimataji.org\/test\/fr\/unir-les-nations\/"]}]},{"@type":"ImageObject","inLanguage":"en-US","@id":"https:\/\/shrimataji.org\/test\/fr\/unir-les-nations\/#primaryimage","url":"https:\/\/shrimataji.org\/test\/wp-content\/uploads\/2018\/07\/media_originals\/images\/headers-general\/shri-mataji-nirmala-devi-arrives-near-vienna-austria-2009.jpg","contentUrl":"https:\/\/shrimataji.org\/test\/wp-content\/uploads\/2018\/07\/media_originals\/images\/headers-general\/shri-mataji-nirmala-devi-arrives-near-vienna-austria-2009.jpg","width":990,"height":350},{"@type":"BreadcrumbList","@id":"https:\/\/shrimataji.org\/test\/fr\/unir-les-nations\/#breadcrumb","itemListElement":[{"@type":"ListItem","position":1,"name":"Home","item":"https:\/\/shrimataji.org\/test\/uk\/home-en\/"},{"@type":"ListItem","position":2,"name":"Unir les nations"}]},{"@type":"WebSite","@id":"https:\/\/shrimataji.org\/test\/#website","url":"https:\/\/shrimataji.org\/test\/","name":"Shri Mataji Nirmala Devi","description":"A Life Dedicated to Humanity","publisher":{"@id":"https:\/\/shrimataji.org\/test\/#\/schema\/person\/a1b3419c6585f164aa96da1ff85715d1"},"potentialAction":[{"@type":"SearchAction","target":{"@type":"EntryPoint","urlTemplate":"https:\/\/shrimataji.org\/test\/?s={search_term_string}"},"query-input":{"@type":"PropertyValueSpecification","valueRequired":true,"valueName":"search_term_string"}}],"inLanguage":"en-US"},{"@type":["Person","Organization"],"@id":"https:\/\/shrimataji.org\/test\/#\/schema\/person\/a1b3419c6585f164aa96da1ff85715d1","name":"Nirmala Shrivastava","image":{"@type":"ImageObject","inLanguage":"en-US","@id":"https:\/\/shrimataji.org\/test\/wp-content\/uploads\/2023\/02\/SMO_LOGO-03.svg","url":"https:\/\/shrimataji.org\/test\/wp-content\/uploads\/2023\/02\/SMO_LOGO-03.svg","contentUrl":"https:\/\/shrimataji.org\/test\/wp-content\/uploads\/2023\/02\/SMO_LOGO-03.svg","width":"1024","height":"1024","caption":"Nirmala Shrivastava"},"logo":{"@id":"https:\/\/shrimataji.org\/test\/wp-content\/uploads\/2023\/02\/SMO_LOGO-03.svg"},"sameAs":["https:\/\/shrimataji.org\/test","https:\/\/www.facebook.com\/shrimataji","https:\/\/x.com\/shrimataji","https:\/\/www.youtube.com\/@Shri_Mataji_Nirmala_Devi\/featured"]}]}},"lang":"fr","translations":{"fr":10808,"ur":37530,"en":445,"am":18105,"th":20104,"hu":19602,"ar":17001,"sq":18506,"zh":17403,"tr":10228,"pt":10435,"de":10710,"it":10906,"es":11002,"ja":11300,"ru":11488,"bn":11680,"te":11788,"sw":11911,"he":12059,"el":12351,"sk":12449,"fa":12547,"fi":12645,"bg":13508,"ro":14583,"cs":14776,"nl":16665,"ku":16825,"be":18713,"kn":18987,"mr":20468,"uk":20761,"ml":21056,"ta":22824,"sv":23093,"gu":28928,"pa":29088,"fil":29542,"da":37837,"pl":38047,"nn":38389},"pll_sync_post":[],"_links":{"self":[{"href":"https:\/\/shrimataji.org\/test\/wp-json\/wp\/v2\/pages\/10808","targetHints":{"allow":["GET"]}}],"collection":[{"href":"https:\/\/shrimataji.org\/test\/wp-json\/wp\/v2\/pages"}],"about":[{"href":"https:\/\/shrimataji.org\/test\/wp-json\/wp\/v2\/types\/page"}],"author":[{"embeddable":true,"href":"https:\/\/shrimataji.org\/test\/wp-json\/wp\/v2\/users\/7"}],"replies":[{"embeddable":true,"href":"https:\/\/shrimataji.org\/test\/wp-json\/wp\/v2\/comments?post=10808"}],"version-history":[{"count":0,"href":"https:\/\/shrimataji.org\/test\/wp-json\/wp\/v2\/pages\/10808\/revisions"}],"wp:featuredmedia":[{"embeddable":true,"href":"https:\/\/shrimataji.org\/test\/wp-json\/wp\/v2\/media\/121"}],"wp:attachment":[{"href":"https:\/\/shrimataji.org\/test\/wp-json\/wp\/v2\/media?parent=10808"}],"curies":[{"name":"wp","href":"https:\/\/api.w.org\/{rel}","templated":true}]}}