{"id":10811,"date":"2022-03-05T07:52:48","date_gmt":"2022-03-05T07:52:48","guid":{"rendered":"https:\/\/test.shrimataji.org\/?page_id=6494"},"modified":"2026-02-16T13:07:47","modified_gmt":"2026-02-16T13:07:47","slug":"le-chakra-du-vishuddhi","status":"publish","type":"page","link":"https:\/\/shrimataji.org\/test\/fr\/le-chakra-du-vishuddhi\/","title":{"rendered":"Le chakra du Vishuddhi"},"content":{"rendered":"\n\n\t<h1>Le chakra du Vishuddhi<\/h1>\n<h2>Communication, estime de soi, diplomatie<\/h2>\n<h4>L&#8217;\u00e9volution de la soci\u00e9t\u00e9 s&#8217;est d\u00e9velopp\u00e9e au fil des g\u00e9n\u00e9rations gr\u00e2ce \u00e0 la communication. Le chakra du Vishuddhi est le centre qui nous permet de passer de la conscience individuelle \u00e0 la conscience collective. Il nous relie aux autres et nous aide \u00e0 cultiver notre sensibilit\u00e9 \u00e0 l&#8217;\u00e9gard de nos semblables. Nous apprenons \u00e0 reconna\u00eetre l&#8217;avantage important de la bienveillance collective plut\u00f4t que le gain individuel.<\/h4>\n<div class=\"su-quote su-quote-style-default\"><div class=\"su-quote-inner su-u-clearfix su-u-trim\"> C&#8217;est ce qui est b\u00e9n\u00e9fique et doux pour l&#8217;Esprit que l&#8217;on doit exprimer. C&#8217;est peut-\u00eatre blessant sur le moment, mais plus tard, cela peut se r\u00e9v\u00e9ler b\u00e9n\u00e9fique et aimable. M\u00eame avec toute cette compr\u00e9hension, nous oublions parfois que Dieu est amour et que la v\u00e9rit\u00e9 est aussi amour.<\/p>\n<\/div><\/div>\n<p>Notre personnalit\u00e9 d\u00e9veloppe une grande qualit\u00e9 avec l&#8217;ouverture de ce chakra, c&#8217;est le sens de la diplomatie. En tant que diplomates, nous ma\u00eetrisons l&#8217;art de la communication charismatique, mais pas pour un gain personnel mesquin, ni pour le pouvoir ou l&#8217;argent, mais pour le plus grand bien de tous. Le m\u00e9ditation et l&#8217;introspection nous aident \u00e0 aborder avec clart\u00e9 et spontan\u00e9it\u00e9 nos rapports individuels toutes sortes.<\/p>\n\t\t<iframe loading=\"lazy\" title=\"Vishuddhi Chakra\" width=\"1920\" height=\"1080\" src=\"https:\/\/www.youtube.com\/embed\/LLi3R16u62Y?feature=oembed\" frameborder=\"0\" allow=\"accelerometer; autoplay; clipboard-write; encrypted-media; gyroscope; picture-in-picture; web-share\" allowfullscreen><\/iframe>\t\n\t<strong>Emplacement<br \/>\n<\/strong>Notre chakra du Vishuddhi est situ\u00e9 dans le cou, \u00e0 l&#8217;arri\u00e8re de la colonne vert\u00e9brale, approximativement au niveau de nos \u00e9paules. Les vibrations du chakra du Vishuddhi peuvent \u00eatre ressenties sur l&#8217;index des deux mains. L&#8217;index gauche est associ\u00e9 au Vishuddhi gauche, tandis que l&#8217;index droit est associ\u00e9 au Vishuddhi droit.\n<strong>Couleur<\/strong><strong><br \/>\n<\/strong>Le chakra du Vishuddhi est repr\u00e9sent\u00e9 par la couleur bleu. Son \u00e9l\u00e9ment principal est l&#8217;\u00e9ther.\n<strong>Les qualit\u00e9s du chakra du Vishuddhi<\/strong><br \/>\n\u2022 Joie collective<br \/>\n\u2022 Communication efficace<br \/>\n\u2022 Politesse<br \/>\n\u2022 Diplomatie<br \/>\n\u2022 Sens de la communaut\u00e9<br \/>\n\u2022 Amiti\u00e9<br \/>\n\u2022 Douceur\n<figure itemscope itemtype=\"https:\/\/schema.org\/ImageObject\">\n\t\t\t\t<img decoding=\"async\" src=\"https:\/\/shrimataji.org\/test\/wp-content\/uploads\/2023\/02\/5-Vishuddhi-01.png\" alt=\"5-Vishuddhi-01\" height=\"3426\" width=\"3214\" title=\"5-Vishuddhi-01\" onerror=\"this.style.display='none'\" loading=\"lazy\" \/>\n\t<\/figure>\n\t<p>Les qualit\u00e9s fondamentales du chakra du Vishuddhi sont une communication efficace et un sens de la communaut\u00e9. Lorsque notre Vishuddhi est \u00e9quilibr\u00e9, nous nous sentons en harmonie avec le reste de l&#8217;humanit\u00e9.<\/p>\n<p>Une m\u00e9ditation r\u00e9guli\u00e8re nous permet de d\u00e9velopper les comp\u00e9tences li\u00e9es \u00e0 ce chakra. On arrive \u00e0 accepter les d\u00e9fauts et les d\u00e9fis sans se sentir coupable. Ainsi, sans culpabilit\u00e9, il est plus facile d&#8217;avoir une mani\u00e8re douce et amicale de communiquer avec les autres. La diplomatie nous vient naturellement au fur et \u00e0 mesure.<\/p>\n<strong>Exp\u00e9rience et avantages<\/strong><br \/>\nLe chakra du Vishuddhi contr\u00f4le le cou, la gorge, les bras, le visage, les oreilles, la bouche et les dents et la paupi\u00e8re inf\u00e9rieure des yeux. Il contr\u00f4le \u00e9galement vos capacit\u00e9s de communication.\n<p>Lorsque le chakra du Vishuddhi est \u00e9quilibr\u00e9, vous avez une perspective \u00e9quilibr\u00e9e sur les \u00e9v\u00e9nements de votre vie. Vous pouvez faire face aux d\u00e9fis avec plus de s\u00e9r\u00e9nit\u00e9. Vous vous sentez optimiste car savez reconna\u00eetre que les \u00e9v\u00e9nements ext\u00e9rieurs existent en dehors de vous. Par cons\u00e9quent, vous \u00eates lib\u00e9r\u00e9 de la culpabilit\u00e9 et \u00eates en mesure de les observer calmement.<\/p>\n<p>Un Vishuddhi \u00e9quilibr\u00e9 est essentiel \u00e0 votre croissance en tant qu&#8217;\u00eatre spirituel, et pour avoir des relations positives et saines avec les autres. La pratique de la m\u00e9ditation du Sahaja Yoga vous permet de parler de plus en plus avec le c\u0153ur et de faire des \u00e9loges plut\u00f4t que des critiques.<\/p>\n<strong>Auto-\u00e9valuation<br \/>\n<\/strong>Si le chakra du Vishuddhi n&#8217;est pas \u00e9quilibr\u00e9, vous risquez de manquer de respect pour vous-m\u00eame et d&#8217;\u00e9prouver des sentiments de culpabilit\u00e9. Vous pouvez \u00e9galement conna\u00eetre des p\u00e9riodes de r\u00e9action excessive et de communication agressive. Le fait de parler ou de crier de mani\u00e8re excessive peut parfois entra\u00eener un blocage du chakra Vishuddhi sur le c\u00f4t\u00e9 droit. Des douleurs ou des infections dans les oreilles ou les dents, des rhumes r\u00e9currents, des infections des sinus et des bronches peuvent indiquer un d\u00e9s\u00e9quilibre du Vishuddhi sur le c\u00f4t\u00e9 droit. Le sentiment de culpabilit\u00e9 peut se manifester par des \u00e9paules et un cou douloureux ou tendus. Cela peut indiquer un d\u00e9s\u00e9quilibre dans le Vishuddhi sur le c\u00f4t\u00e9 gauche. Des relations inappropri\u00e9es ou illicites peuvent \u00e9galement causer des d\u00e9s\u00e9quilibres dans le chakra du Vishuddhi sur le c\u00f4t\u00e9 gauche.\n<p><strong>Raisons des d\u00e9s\u00e9quilibres<\/strong><\/p>\n<ul>\n<li>Culpabilit\u00e9 et manque de respect de soi<\/li>\n<li>Usage excessif ou agressif de la voix<\/li>\n<li>Ruse dans le discours<\/li>\n<li>Manque de d\u00e9tachement, implication excessive<\/li>\n<\/ul>\n<strong>Comment l&#8217;\u00e9quilibrer<br \/>\n<\/strong>Si vous souhaitez \u00e9quilibrer le chakra du Vishuddhi, placez votre main droite \u00e0 quelques centim\u00e8tres de la base du cou. Votre paume est face au corps. Une fois que vous sentez l&#8217;\u00e9nergie circuler dans la main, faites-la tourner autour du chakra dans le sens des aiguilles d&#8217;une montre. R\u00e9p\u00e9tez cette rotation plusieurs fois.\n<p>Pour d\u00e9gager l&#8217;aspect gauche, faites de m\u00eame sur le c\u00f4t\u00e9 gauche. Dites-vous: &#8220;Je ne suis pas coupable.&#8221;<\/p>\n\n","protected":false},"excerpt":{"rendered":"<p>Le chakra du Vishuddhi Communication, estime de soi, diplomatie L&#8217;\u00e9volution de la soci\u00e9t\u00e9 s&#8217;est d\u00e9velopp\u00e9e au fil des g\u00e9n\u00e9rations gr\u00e2ce \u00e0 la communication. Le chakra du Vishuddhi est le centre qui nous permet de passer de la conscience individuelle \u00e0 la conscience collective. Il nous relie aux autres et nous aide \u00e0 cultiver notre sensibilit\u00e9&hellip; <br \/> <a class=\"read-more\" href=\"https:\/\/shrimataji.org\/test\/fr\/le-chakra-du-vishuddhi\/\">Read more<\/a><\/p>\n","protected":false},"author":7,"featured_media":9255,"parent":0,"menu_order":0,"comment_status":"closed","ping_status":"closed","template":"","meta":{"inline_featured_image":false,"footnotes":""},"class_list":["post-10811","page","type-page","status-publish","has-post-thumbnail","hentry"],"yoast_head":"<!-- This site is optimized with the Yoast SEO plugin v27.4 - https:\/\/yoast.com\/product\/yoast-seo-wordpress\/ -->\n<title>Le chakra du Vishuddhi - TEST - SMND<\/title>\n<meta name=\"robots\" content=\"noindex, follow, max-snippet:-1, max-image-preview:large, max-video-preview:-1\" \/>\n<meta property=\"og:locale\" content=\"en_US\" \/>\n<meta property=\"og:type\" content=\"article\" \/>\n<meta property=\"og:title\" content=\"Le chakra du Vishuddhi - TEST - SMND\" \/>\n<meta property=\"og:description\" content=\"Le chakra du Vishuddhi Communication, estime de soi, diplomatie L&#8217;\u00e9volution de la soci\u00e9t\u00e9 s&#8217;est d\u00e9velopp\u00e9e au fil des g\u00e9n\u00e9rations gr\u00e2ce \u00e0 la communication. Le chakra du Vishuddhi est le centre qui nous permet de passer de la conscience individuelle \u00e0 la conscience collective. Il nous relie aux autres et nous aide \u00e0 cultiver notre sensibilit\u00e9&hellip; Read more\" \/>\n<meta property=\"og:url\" content=\"https:\/\/shrimataji.org\/test\/fr\/le-chakra-du-vishuddhi\/\" \/>\n<meta property=\"og:site_name\" content=\"TEST - SMND\" \/>\n<meta property=\"article:publisher\" content=\"https:\/\/www.facebook.com\/shrimataji\" \/>\n<meta property=\"article:modified_time\" content=\"2026-02-16T13:07:47+00:00\" \/>\n<meta property=\"og:image\" content=\"https:\/\/shrimataji.org\/test\/wp-content\/uploads\/2023\/03\/20_Banner-SY-Chakra-vishu-scaled.jpg\" \/>\n\t<meta property=\"og:image:width\" content=\"2560\" \/>\n\t<meta property=\"og:image:height\" content=\"905\" \/>\n\t<meta property=\"og:image:type\" content=\"image\/jpeg\" \/>\n<meta name=\"twitter:card\" content=\"summary_large_image\" \/>\n<meta name=\"twitter:site\" content=\"@shrimataji\" \/>\n<meta name=\"twitter:label1\" content=\"Est. reading time\" \/>\n\t<meta name=\"twitter:data1\" content=\"4 minutes\" \/>\n<script type=\"application\/ld+json\" class=\"yoast-schema-graph\">{\"@context\":\"https:\\\/\\\/schema.org\",\"@graph\":[{\"@type\":\"WebPage\",\"@id\":\"https:\\\/\\\/shrimataji.org\\\/test\\\/fr\\\/le-chakra-du-vishuddhi\\\/\",\"url\":\"https:\\\/\\\/shrimataji.org\\\/test\\\/fr\\\/le-chakra-du-vishuddhi\\\/\",\"name\":\"Le chakra du Vishuddhi - TEST - SMND\",\"isPartOf\":{\"@id\":\"https:\\\/\\\/shrimataji.org\\\/test\\\/#website\"},\"primaryImageOfPage\":{\"@id\":\"https:\\\/\\\/shrimataji.org\\\/test\\\/fr\\\/le-chakra-du-vishuddhi\\\/#primaryimage\"},\"image\":{\"@id\":\"https:\\\/\\\/shrimataji.org\\\/test\\\/fr\\\/le-chakra-du-vishuddhi\\\/#primaryimage\"},\"thumbnailUrl\":\"https:\\\/\\\/shrimataji.org\\\/test\\\/wp-content\\\/uploads\\\/2023\\\/03\\\/20_Banner-SY-Chakra-vishu-scaled.jpg\",\"datePublished\":\"2022-03-05T07:52:48+00:00\",\"dateModified\":\"2026-02-16T13:07:47+00:00\",\"breadcrumb\":{\"@id\":\"https:\\\/\\\/shrimataji.org\\\/test\\\/fr\\\/le-chakra-du-vishuddhi\\\/#breadcrumb\"},\"inLanguage\":\"en-US\",\"potentialAction\":[{\"@type\":\"ReadAction\",\"target\":[\"https:\\\/\\\/shrimataji.org\\\/test\\\/fr\\\/le-chakra-du-vishuddhi\\\/\"]}]},{\"@type\":\"ImageObject\",\"inLanguage\":\"en-US\",\"@id\":\"https:\\\/\\\/shrimataji.org\\\/test\\\/fr\\\/le-chakra-du-vishuddhi\\\/#primaryimage\",\"url\":\"https:\\\/\\\/shrimataji.org\\\/test\\\/wp-content\\\/uploads\\\/2023\\\/03\\\/20_Banner-SY-Chakra-vishu-scaled.jpg\",\"contentUrl\":\"https:\\\/\\\/shrimataji.org\\\/test\\\/wp-content\\\/uploads\\\/2023\\\/03\\\/20_Banner-SY-Chakra-vishu-scaled.jpg\",\"width\":2560,\"height\":905},{\"@type\":\"BreadcrumbList\",\"@id\":\"https:\\\/\\\/shrimataji.org\\\/test\\\/fr\\\/le-chakra-du-vishuddhi\\\/#breadcrumb\",\"itemListElement\":[{\"@type\":\"ListItem\",\"position\":1,\"name\":\"Home\",\"item\":\"https:\\\/\\\/shrimataji.org\\\/test\\\/uk\\\/home-en\\\/\"},{\"@type\":\"ListItem\",\"position\":2,\"name\":\"Le chakra du Vishuddhi\"}]},{\"@type\":\"WebSite\",\"@id\":\"https:\\\/\\\/shrimataji.org\\\/test\\\/#website\",\"url\":\"https:\\\/\\\/shrimataji.org\\\/test\\\/\",\"name\":\"Shri Mataji Nirmala Devi\",\"description\":\"A Life Dedicated to Humanity\",\"publisher\":{\"@id\":\"https:\\\/\\\/shrimataji.org\\\/test\\\/#\\\/schema\\\/person\\\/a1b3419c6585f164aa96da1ff85715d1\"},\"potentialAction\":[{\"@type\":\"SearchAction\",\"target\":{\"@type\":\"EntryPoint\",\"urlTemplate\":\"https:\\\/\\\/shrimataji.org\\\/test\\\/?s={search_term_string}\"},\"query-input\":{\"@type\":\"PropertyValueSpecification\",\"valueRequired\":true,\"valueName\":\"search_term_string\"}}],\"inLanguage\":\"en-US\"},{\"@type\":[\"Person\",\"Organization\"],\"@id\":\"https:\\\/\\\/shrimataji.org\\\/test\\\/#\\\/schema\\\/person\\\/a1b3419c6585f164aa96da1ff85715d1\",\"name\":\"Nirmala Shrivastava\",\"image\":{\"@type\":\"ImageObject\",\"inLanguage\":\"en-US\",\"@id\":\"https:\\\/\\\/shrimataji.org\\\/test\\\/wp-content\\\/uploads\\\/2023\\\/02\\\/SMO_LOGO-03.svg\",\"url\":\"https:\\\/\\\/shrimataji.org\\\/test\\\/wp-content\\\/uploads\\\/2023\\\/02\\\/SMO_LOGO-03.svg\",\"contentUrl\":\"https:\\\/\\\/shrimataji.org\\\/test\\\/wp-content\\\/uploads\\\/2023\\\/02\\\/SMO_LOGO-03.svg\",\"width\":\"1024\",\"height\":\"1024\",\"caption\":\"Nirmala Shrivastava\"},\"logo\":{\"@id\":\"https:\\\/\\\/shrimataji.org\\\/test\\\/wp-content\\\/uploads\\\/2023\\\/02\\\/SMO_LOGO-03.svg\"},\"sameAs\":[\"https:\\\/\\\/shrimataji.org\\\/test\",\"https:\\\/\\\/www.facebook.com\\\/shrimataji\",\"https:\\\/\\\/x.com\\\/shrimataji\",\"https:\\\/\\\/www.youtube.com\\\/@Shri_Mataji_Nirmala_Devi\\\/featured\"]}]}<\/script>\n<!-- \/ Yoast SEO plugin. -->","yoast_head_json":{"title":"Le chakra du Vishuddhi - TEST - SMND","robots":{"index":"noindex","follow":"follow","max-snippet":"max-snippet:-1","max-image-preview":"max-image-preview:large","max-video-preview":"max-video-preview:-1"},"og_locale":"en_US","og_type":"article","og_title":"Le chakra du Vishuddhi - TEST - SMND","og_description":"Le chakra du Vishuddhi Communication, estime de soi, diplomatie L&#8217;\u00e9volution de la soci\u00e9t\u00e9 s&#8217;est d\u00e9velopp\u00e9e au fil des g\u00e9n\u00e9rations gr\u00e2ce \u00e0 la communication. Le chakra du Vishuddhi est le centre qui nous permet de passer de la conscience individuelle \u00e0 la conscience collective. Il nous relie aux autres et nous aide \u00e0 cultiver notre sensibilit\u00e9&hellip; Read more","og_url":"https:\/\/shrimataji.org\/test\/fr\/le-chakra-du-vishuddhi\/","og_site_name":"TEST - SMND","article_publisher":"https:\/\/www.facebook.com\/shrimataji","article_modified_time":"2026-02-16T13:07:47+00:00","og_image":[{"width":2560,"height":905,"url":"https:\/\/shrimataji.org\/test\/wp-content\/uploads\/2023\/03\/20_Banner-SY-Chakra-vishu-scaled.jpg","type":"image\/jpeg"}],"twitter_card":"summary_large_image","twitter_site":"@shrimataji","twitter_misc":{"Est. reading time":"4 minutes"},"schema":{"@context":"https:\/\/schema.org","@graph":[{"@type":"WebPage","@id":"https:\/\/shrimataji.org\/test\/fr\/le-chakra-du-vishuddhi\/","url":"https:\/\/shrimataji.org\/test\/fr\/le-chakra-du-vishuddhi\/","name":"Le chakra du Vishuddhi - TEST - SMND","isPartOf":{"@id":"https:\/\/shrimataji.org\/test\/#website"},"primaryImageOfPage":{"@id":"https:\/\/shrimataji.org\/test\/fr\/le-chakra-du-vishuddhi\/#primaryimage"},"image":{"@id":"https:\/\/shrimataji.org\/test\/fr\/le-chakra-du-vishuddhi\/#primaryimage"},"thumbnailUrl":"https:\/\/shrimataji.org\/test\/wp-content\/uploads\/2023\/03\/20_Banner-SY-Chakra-vishu-scaled.jpg","datePublished":"2022-03-05T07:52:48+00:00","dateModified":"2026-02-16T13:07:47+00:00","breadcrumb":{"@id":"https:\/\/shrimataji.org\/test\/fr\/le-chakra-du-vishuddhi\/#breadcrumb"},"inLanguage":"en-US","potentialAction":[{"@type":"ReadAction","target":["https:\/\/shrimataji.org\/test\/fr\/le-chakra-du-vishuddhi\/"]}]},{"@type":"ImageObject","inLanguage":"en-US","@id":"https:\/\/shrimataji.org\/test\/fr\/le-chakra-du-vishuddhi\/#primaryimage","url":"https:\/\/shrimataji.org\/test\/wp-content\/uploads\/2023\/03\/20_Banner-SY-Chakra-vishu-scaled.jpg","contentUrl":"https:\/\/shrimataji.org\/test\/wp-content\/uploads\/2023\/03\/20_Banner-SY-Chakra-vishu-scaled.jpg","width":2560,"height":905},{"@type":"BreadcrumbList","@id":"https:\/\/shrimataji.org\/test\/fr\/le-chakra-du-vishuddhi\/#breadcrumb","itemListElement":[{"@type":"ListItem","position":1,"name":"Home","item":"https:\/\/shrimataji.org\/test\/uk\/home-en\/"},{"@type":"ListItem","position":2,"name":"Le chakra du Vishuddhi"}]},{"@type":"WebSite","@id":"https:\/\/shrimataji.org\/test\/#website","url":"https:\/\/shrimataji.org\/test\/","name":"Shri Mataji Nirmala Devi","description":"A Life Dedicated to Humanity","publisher":{"@id":"https:\/\/shrimataji.org\/test\/#\/schema\/person\/a1b3419c6585f164aa96da1ff85715d1"},"potentialAction":[{"@type":"SearchAction","target":{"@type":"EntryPoint","urlTemplate":"https:\/\/shrimataji.org\/test\/?s={search_term_string}"},"query-input":{"@type":"PropertyValueSpecification","valueRequired":true,"valueName":"search_term_string"}}],"inLanguage":"en-US"},{"@type":["Person","Organization"],"@id":"https:\/\/shrimataji.org\/test\/#\/schema\/person\/a1b3419c6585f164aa96da1ff85715d1","name":"Nirmala Shrivastava","image":{"@type":"ImageObject","inLanguage":"en-US","@id":"https:\/\/shrimataji.org\/test\/wp-content\/uploads\/2023\/02\/SMO_LOGO-03.svg","url":"https:\/\/shrimataji.org\/test\/wp-content\/uploads\/2023\/02\/SMO_LOGO-03.svg","contentUrl":"https:\/\/shrimataji.org\/test\/wp-content\/uploads\/2023\/02\/SMO_LOGO-03.svg","width":"1024","height":"1024","caption":"Nirmala Shrivastava"},"logo":{"@id":"https:\/\/shrimataji.org\/test\/wp-content\/uploads\/2023\/02\/SMO_LOGO-03.svg"},"sameAs":["https:\/\/shrimataji.org\/test","https:\/\/www.facebook.com\/shrimataji","https:\/\/x.com\/shrimataji","https:\/\/www.youtube.com\/@Shri_Mataji_Nirmala_Devi\/featured"]}]}},"lang":"fr","translations":{"fr":10811,"ur":37534,"en":6494,"am":18109,"th":20110,"hu":19608,"ar":17005,"sq":18510,"zh":17407,"hi":8265,"tr":10231,"pt":10438,"de":10713,"it":10909,"es":11005,"ja":11303,"ru":11491,"bn":11683,"te":11791,"sw":11914,"he":12062,"el":12354,"sk":12452,"fa":12550,"fi":12648,"bg":13368,"ro":14442,"cs":14635,"nl":16669,"ku":16829,"be":18717,"kn":18991,"mr":20474,"uk":20767,"ml":21062,"ta":22828,"sv":23097,"gu":28932,"pa":29092,"fil":29546,"da":37841,"pl":38051,"nn":38393},"pll_sync_post":[],"_links":{"self":[{"href":"https:\/\/shrimataji.org\/test\/wp-json\/wp\/v2\/pages\/10811","targetHints":{"allow":["GET"]}}],"collection":[{"href":"https:\/\/shrimataji.org\/test\/wp-json\/wp\/v2\/pages"}],"about":[{"href":"https:\/\/shrimataji.org\/test\/wp-json\/wp\/v2\/types\/page"}],"author":[{"embeddable":true,"href":"https:\/\/shrimataji.org\/test\/wp-json\/wp\/v2\/users\/7"}],"replies":[{"embeddable":true,"href":"https:\/\/shrimataji.org\/test\/wp-json\/wp\/v2\/comments?post=10811"}],"version-history":[{"count":0,"href":"https:\/\/shrimataji.org\/test\/wp-json\/wp\/v2\/pages\/10811\/revisions"}],"wp:featuredmedia":[{"embeddable":true,"href":"https:\/\/shrimataji.org\/test\/wp-json\/wp\/v2\/media\/9255"}],"wp:attachment":[{"href":"https:\/\/shrimataji.org\/test\/wp-json\/wp\/v2\/media?parent=10811"}],"curies":[{"name":"wp","href":"https:\/\/api.w.org\/{rel}","templated":true}]}}