{"id":10812,"date":"2023-03-19T08:48:11","date_gmt":"2023-03-19T08:48:11","guid":{"rendered":"https:\/\/shrimataji.org\/test\/?page_id=9887"},"modified":"2025-11-12T17:40:04","modified_gmt":"2025-11-12T17:40:04","slug":"centres-internationaux","status":"publish","type":"page","link":"https:\/\/shrimataji.org\/test\/fr\/centres-internationaux\/","title":{"rendered":"Centres internationaux de m\u00e9ditation Sahaja Yoga"},"content":{"rendered":"\n\n\t<h1>Centres de m\u00e9ditation Sahaja Yoga dans le monde<\/h1>\n<p>Vous pouvez trouver le centre de m\u00e9ditation Sahaja Yoga le plus proche de chez vous ainsi que des cours et programmes de m\u00e9ditation en ligne \u00e0 l&#8217;aide de la carte interactive.<\/p>\n<h4>Remarque :<\/h4>\n<p>Cette carte est en cours d&#8217;\u00e9laboration et ne repr\u00e9sente actuellement qu&#8217;un petit \u00e9chantillon des centres de m\u00e9ditation et des cours Sahaja Yoga dans le monde. Veuillez zoomer pour voir plus de lieux de meetings que vous pouvez contacter. La liste est mise \u00e0 jour r\u00e9guli\u00e8rement, alors n&#8217;h\u00e9sitez pas \u00e0 revenir si vous ne trouvez pas de lieu pr\u00e8s de chez vous pour le moment.<\/p>\n<p>&nbsp;<\/p>\n<p><iframe loading=\"lazy\" src=\"\/map\/atlas.html\" width=\"100%\" height=\"500px\">Your browser does not support iframes.<\/iframe><\/p>\n\n","protected":false},"excerpt":{"rendered":"<p>Centres de m\u00e9ditation Sahaja Yoga dans le monde Vous pouvez trouver le centre de m\u00e9ditation Sahaja Yoga le plus proche de chez vous ainsi que des cours et programmes de m\u00e9ditation en ligne \u00e0 l&#8217;aide de la carte interactive. Remarque : Cette carte est en cours d&#8217;\u00e9laboration et ne repr\u00e9sente actuellement qu&#8217;un petit \u00e9chantillon des&hellip; <br \/> <a class=\"read-more\" href=\"https:\/\/shrimataji.org\/test\/fr\/centres-internationaux\/\">Read more<\/a><\/p>\n","protected":false},"author":7,"featured_media":0,"parent":0,"menu_order":0,"comment_status":"closed","ping_status":"closed","template":"pro\/page-templates\/page-with-small-header.php","meta":{"inline_featured_image":false,"footnotes":""},"class_list":["post-10812","page","type-page","status-publish","hentry"],"yoast_head":"<!-- This site is optimized with the Yoast SEO plugin v27.4 - https:\/\/yoast.com\/product\/yoast-seo-wordpress\/ -->\n<title>Centres internationaux de m\u00e9ditation Sahaja Yoga - TEST - SMND<\/title>\n<meta name=\"robots\" content=\"noindex, follow, max-snippet:-1, max-image-preview:large, max-video-preview:-1\" \/>\n<meta property=\"og:locale\" content=\"en_US\" \/>\n<meta property=\"og:type\" content=\"article\" \/>\n<meta property=\"og:title\" content=\"Centres internationaux de m\u00e9ditation Sahaja Yoga - TEST - SMND\" \/>\n<meta property=\"og:description\" content=\"Centres de m\u00e9ditation Sahaja Yoga dans le monde Vous pouvez trouver le centre de m\u00e9ditation Sahaja Yoga le plus proche de chez vous ainsi que des cours et programmes de m\u00e9ditation en ligne \u00e0 l&#8217;aide de la carte interactive. Remarque : Cette carte est en cours d&#8217;\u00e9laboration et ne repr\u00e9sente actuellement qu&#8217;un petit \u00e9chantillon des&hellip; Read more\" \/>\n<meta property=\"og:url\" content=\"https:\/\/shrimataji.org\/test\/fr\/centres-internationaux\/\" \/>\n<meta property=\"og:site_name\" content=\"TEST - SMND\" \/>\n<meta property=\"article:publisher\" content=\"https:\/\/www.facebook.com\/shrimataji\" \/>\n<meta property=\"article:modified_time\" content=\"2025-11-12T17:40:04+00:00\" \/>\n<meta property=\"og:image\" content=\"https:\/\/shrimataji.org\/test\/wp-content\/uploads\/2018\/07\/fp11-e1588597806347.jpg\" \/>\n\t<meta property=\"og:image:width\" content=\"707\" \/>\n\t<meta property=\"og:image:height\" content=\"700\" \/>\n\t<meta property=\"og:image:type\" content=\"image\/jpeg\" \/>\n<meta name=\"twitter:card\" content=\"summary_large_image\" \/>\n<meta name=\"twitter:site\" content=\"@shrimataji\" \/>\n<meta name=\"twitter:label1\" content=\"Est. reading time\" \/>\n\t<meta name=\"twitter:data1\" content=\"1 minute\" \/>\n<script type=\"application\/ld+json\" class=\"yoast-schema-graph\">{\"@context\":\"https:\\\/\\\/schema.org\",\"@graph\":[{\"@type\":\"WebPage\",\"@id\":\"https:\\\/\\\/shrimataji.org\\\/test\\\/fr\\\/centres-internationaux\\\/\",\"url\":\"https:\\\/\\\/shrimataji.org\\\/test\\\/fr\\\/centres-internationaux\\\/\",\"name\":\"Centres internationaux de m\u00e9ditation Sahaja Yoga - TEST - SMND\",\"isPartOf\":{\"@id\":\"https:\\\/\\\/shrimataji.org\\\/test\\\/#website\"},\"datePublished\":\"2023-03-19T08:48:11+00:00\",\"dateModified\":\"2025-11-12T17:40:04+00:00\",\"breadcrumb\":{\"@id\":\"https:\\\/\\\/shrimataji.org\\\/test\\\/fr\\\/centres-internationaux\\\/#breadcrumb\"},\"inLanguage\":\"en-US\",\"potentialAction\":[{\"@type\":\"ReadAction\",\"target\":[\"https:\\\/\\\/shrimataji.org\\\/test\\\/fr\\\/centres-internationaux\\\/\"]}]},{\"@type\":\"BreadcrumbList\",\"@id\":\"https:\\\/\\\/shrimataji.org\\\/test\\\/fr\\\/centres-internationaux\\\/#breadcrumb\",\"itemListElement\":[{\"@type\":\"ListItem\",\"position\":1,\"name\":\"Home\",\"item\":\"https:\\\/\\\/shrimataji.org\\\/test\\\/uk\\\/home-en\\\/\"},{\"@type\":\"ListItem\",\"position\":2,\"name\":\"Centres internationaux de m\u00e9ditation Sahaja Yoga\"}]},{\"@type\":\"WebSite\",\"@id\":\"https:\\\/\\\/shrimataji.org\\\/test\\\/#website\",\"url\":\"https:\\\/\\\/shrimataji.org\\\/test\\\/\",\"name\":\"Shri Mataji Nirmala Devi\",\"description\":\"A Life Dedicated to Humanity\",\"publisher\":{\"@id\":\"https:\\\/\\\/shrimataji.org\\\/test\\\/#\\\/schema\\\/person\\\/a1b3419c6585f164aa96da1ff85715d1\"},\"potentialAction\":[{\"@type\":\"SearchAction\",\"target\":{\"@type\":\"EntryPoint\",\"urlTemplate\":\"https:\\\/\\\/shrimataji.org\\\/test\\\/?s={search_term_string}\"},\"query-input\":{\"@type\":\"PropertyValueSpecification\",\"valueRequired\":true,\"valueName\":\"search_term_string\"}}],\"inLanguage\":\"en-US\"},{\"@type\":[\"Person\",\"Organization\"],\"@id\":\"https:\\\/\\\/shrimataji.org\\\/test\\\/#\\\/schema\\\/person\\\/a1b3419c6585f164aa96da1ff85715d1\",\"name\":\"Nirmala Shrivastava\",\"image\":{\"@type\":\"ImageObject\",\"inLanguage\":\"en-US\",\"@id\":\"https:\\\/\\\/shrimataji.org\\\/test\\\/wp-content\\\/uploads\\\/2023\\\/02\\\/SMO_LOGO-03.svg\",\"url\":\"https:\\\/\\\/shrimataji.org\\\/test\\\/wp-content\\\/uploads\\\/2023\\\/02\\\/SMO_LOGO-03.svg\",\"contentUrl\":\"https:\\\/\\\/shrimataji.org\\\/test\\\/wp-content\\\/uploads\\\/2023\\\/02\\\/SMO_LOGO-03.svg\",\"width\":\"1024\",\"height\":\"1024\",\"caption\":\"Nirmala Shrivastava\"},\"logo\":{\"@id\":\"https:\\\/\\\/shrimataji.org\\\/test\\\/wp-content\\\/uploads\\\/2023\\\/02\\\/SMO_LOGO-03.svg\"},\"sameAs\":[\"https:\\\/\\\/shrimataji.org\\\/test\",\"https:\\\/\\\/www.facebook.com\\\/shrimataji\",\"https:\\\/\\\/x.com\\\/shrimataji\",\"https:\\\/\\\/www.youtube.com\\\/@Shri_Mataji_Nirmala_Devi\\\/featured\"]}]}<\/script>\n<!-- \/ Yoast SEO plugin. -->","yoast_head_json":{"title":"Centres internationaux de m\u00e9ditation Sahaja Yoga - TEST - SMND","robots":{"index":"noindex","follow":"follow","max-snippet":"max-snippet:-1","max-image-preview":"max-image-preview:large","max-video-preview":"max-video-preview:-1"},"og_locale":"en_US","og_type":"article","og_title":"Centres internationaux de m\u00e9ditation Sahaja Yoga - TEST - SMND","og_description":"Centres de m\u00e9ditation Sahaja Yoga dans le monde Vous pouvez trouver le centre de m\u00e9ditation Sahaja Yoga le plus proche de chez vous ainsi que des cours et programmes de m\u00e9ditation en ligne \u00e0 l&#8217;aide de la carte interactive. Remarque : Cette carte est en cours d&#8217;\u00e9laboration et ne repr\u00e9sente actuellement qu&#8217;un petit \u00e9chantillon des&hellip; Read more","og_url":"https:\/\/shrimataji.org\/test\/fr\/centres-internationaux\/","og_site_name":"TEST - SMND","article_publisher":"https:\/\/www.facebook.com\/shrimataji","article_modified_time":"2025-11-12T17:40:04+00:00","og_image":[{"width":707,"height":700,"url":"https:\/\/shrimataji.org\/test\/wp-content\/uploads\/2018\/07\/fp11-e1588597806347.jpg","type":"image\/jpeg"}],"twitter_card":"summary_large_image","twitter_site":"@shrimataji","twitter_misc":{"Est. reading time":"1 minute"},"schema":{"@context":"https:\/\/schema.org","@graph":[{"@type":"WebPage","@id":"https:\/\/shrimataji.org\/test\/fr\/centres-internationaux\/","url":"https:\/\/shrimataji.org\/test\/fr\/centres-internationaux\/","name":"Centres internationaux de m\u00e9ditation Sahaja Yoga - TEST - SMND","isPartOf":{"@id":"https:\/\/shrimataji.org\/test\/#website"},"datePublished":"2023-03-19T08:48:11+00:00","dateModified":"2025-11-12T17:40:04+00:00","breadcrumb":{"@id":"https:\/\/shrimataji.org\/test\/fr\/centres-internationaux\/#breadcrumb"},"inLanguage":"en-US","potentialAction":[{"@type":"ReadAction","target":["https:\/\/shrimataji.org\/test\/fr\/centres-internationaux\/"]}]},{"@type":"BreadcrumbList","@id":"https:\/\/shrimataji.org\/test\/fr\/centres-internationaux\/#breadcrumb","itemListElement":[{"@type":"ListItem","position":1,"name":"Home","item":"https:\/\/shrimataji.org\/test\/uk\/home-en\/"},{"@type":"ListItem","position":2,"name":"Centres internationaux de m\u00e9ditation Sahaja Yoga"}]},{"@type":"WebSite","@id":"https:\/\/shrimataji.org\/test\/#website","url":"https:\/\/shrimataji.org\/test\/","name":"Shri Mataji Nirmala Devi","description":"A Life Dedicated to Humanity","publisher":{"@id":"https:\/\/shrimataji.org\/test\/#\/schema\/person\/a1b3419c6585f164aa96da1ff85715d1"},"potentialAction":[{"@type":"SearchAction","target":{"@type":"EntryPoint","urlTemplate":"https:\/\/shrimataji.org\/test\/?s={search_term_string}"},"query-input":{"@type":"PropertyValueSpecification","valueRequired":true,"valueName":"search_term_string"}}],"inLanguage":"en-US"},{"@type":["Person","Organization"],"@id":"https:\/\/shrimataji.org\/test\/#\/schema\/person\/a1b3419c6585f164aa96da1ff85715d1","name":"Nirmala Shrivastava","image":{"@type":"ImageObject","inLanguage":"en-US","@id":"https:\/\/shrimataji.org\/test\/wp-content\/uploads\/2023\/02\/SMO_LOGO-03.svg","url":"https:\/\/shrimataji.org\/test\/wp-content\/uploads\/2023\/02\/SMO_LOGO-03.svg","contentUrl":"https:\/\/shrimataji.org\/test\/wp-content\/uploads\/2023\/02\/SMO_LOGO-03.svg","width":"1024","height":"1024","caption":"Nirmala Shrivastava"},"logo":{"@id":"https:\/\/shrimataji.org\/test\/wp-content\/uploads\/2023\/02\/SMO_LOGO-03.svg"},"sameAs":["https:\/\/shrimataji.org\/test","https:\/\/www.facebook.com\/shrimataji","https:\/\/x.com\/shrimataji","https:\/\/www.youtube.com\/@Shri_Mataji_Nirmala_Devi\/featured"]}]}},"lang":"fr","translations":{"fr":10812,"ur":37594,"en":9887,"am":18111,"th":20113,"hu":19611,"ar":17007,"sq":18512,"zh":17409,"tr":10232,"pt":10439,"de":10714,"it":10910,"ja":11304,"ru":11492,"bn":11684,"te":11792,"sw":11915,"he":12063,"el":12355,"sk":12453,"fa":12551,"fi":12649,"bg":13358,"ro":14432,"cs":14625,"nl":16671,"ku":16831,"be":18719,"kn":18993,"uk":20770,"ml":21065,"sv":23099,"gu":28934,"pa":29094,"fil":29548,"da":37843,"pl":38053,"nn":38395},"pll_sync_post":[],"_links":{"self":[{"href":"https:\/\/shrimataji.org\/test\/wp-json\/wp\/v2\/pages\/10812","targetHints":{"allow":["GET"]}}],"collection":[{"href":"https:\/\/shrimataji.org\/test\/wp-json\/wp\/v2\/pages"}],"about":[{"href":"https:\/\/shrimataji.org\/test\/wp-json\/wp\/v2\/types\/page"}],"author":[{"embeddable":true,"href":"https:\/\/shrimataji.org\/test\/wp-json\/wp\/v2\/users\/7"}],"replies":[{"embeddable":true,"href":"https:\/\/shrimataji.org\/test\/wp-json\/wp\/v2\/comments?post=10812"}],"version-history":[{"count":0,"href":"https:\/\/shrimataji.org\/test\/wp-json\/wp\/v2\/pages\/10812\/revisions"}],"wp:attachment":[{"href":"https:\/\/shrimataji.org\/test\/wp-json\/wp\/v2\/media?parent=10812"}],"curies":[{"name":"wp","href":"https:\/\/api.w.org\/{rel}","templated":true}]}}