{"id":10913,"date":"2018-07-10T06:54:46","date_gmt":"2018-07-10T06:54:46","guid":{"rendered":"http:\/\/testwordpress.nirmalnagari.org\/smnd\/index.php\/a-pivotal-moment\/"},"modified":"2026-03-11T23:50:17","modified_gmt":"2026-03-11T23:50:17","slug":"un-momento-crucial","status":"publish","type":"page","link":"https:\/\/shrimataji.org\/test\/es\/un-momento-crucial\/","title":{"rendered":"Un Momento Crucial"},"content":{"rendered":"\n\n\t<h1>Un Momento Crucial<\/h1>\n<h2>Un momento eterno de pura transformaci\u00f3n<\/h2>\n\t<h4>El 5 de Mayo de 1970, a la orilla del mar en Nargol, localidad pr\u00f3xima a Bombay en la costa oeste de India, sucedi\u00f3 un evento de extraordinaria importancia: la apertura del Sahasrara, el centro energ\u00e9tico del \u00e1rea l\u00edmbica del cerebro.<\/h4>\n\t<p>Es necesario destacar el significado de este acontecimiento. Todo lo que sigui\u00f3 despu\u00e9s en el legado espiritual de Shri Mataji se gener\u00f3 a partir de este singular evento. Es como un avance cient\u00edfico importante o una hermosa obra de arte; este descubrimiento \u00fanico resuena a trav\u00e9s de los a\u00f1os, afectando a todo el que entra en contacto con la visi\u00f3n y trabajo de Shri Mataji.<\/p>\n<p>Este descubrimiento fue y es \u00fanico. La apertura del Sahasrara es un momento de aut\u00e9ntica transformaci\u00f3n y provee a los seres humanos de un m\u00e9todo para llegar m\u00e1s all\u00e1 de sus propias limitaciones y conectarse con algo superior. Este acontecimiento y la apertura de la consciencia que este posibilita, es lo que ella hab\u00eda estado buscando.<\/p>\n<p>&#8220;Estuve buscando las maneras de hacerlo,&#8221; explic\u00f3, &#8220;indagando por la soluci\u00f3n en mi interior a trav\u00e9s de mi propio estilo de meditaci\u00f3n, de modo que pudiera concretar todas las variaciones y combinaciones posibles. Cuando me encuentro con una persona, puedo ver los problemas que tiene y c\u00f3mo se podr\u00edan superar. Tratar\u00eda de estudiar a esa persona internamente.&#8221;<\/p>\n\t\t\t\t<img decoding=\"async\" src=\"https:\/\/shrimataji.org\/test\/wp-content\/uploads\/2018\/07\/media_originals\/images\/shri-mataji-portraits\/mother-ocean.jpg\" alt=\"mother-ocean\" itemprop=\"image\" height=\"541\" width=\"721\" title=\"mother-ocean\" onerror=\"this.style.display='none'\" loading='lazy' \/>\n\t<p>Shri Mataji sab\u00eda que la clave para entender el dilema humano se encuentra en el antiguo conocimiento hind\u00fa del sistema sutil. Este cuerpo sutil que est\u00e1 m\u00e1s all\u00e1 del plano f\u00edsico, es real y est\u00e1 conformado por canales, centros energ\u00e9ticos y una fuente de energ\u00eda primordial llamada Kundalini. Sus funciones y estructura reflejan el sistema f\u00edsico conocido por la ciencia, pero a un nivel sutil.<\/p>\n<p>&#8220;Pod\u00eda ver todas las cosas que estaban pasando&#8221;, recordaba Shri Mataji. &#8220;Ese fue el d\u00eda en el que de una u otra manera dije que ten\u00eda que abrir el \u00faltimo chakra.&#8221;<\/p>\n<p>Este chakra o centro de energ\u00eda es conocido en s\u00e1nscrito como Sahasrara y se encuentra en el \u00e1rea l\u00edmbica del cerebro. La apertura de este centro de energ\u00eda fue lo que desencaden\u00f3 el proceso y puso todo en movimiento, era la puerta hacia la verdad.<\/p>\n\t\t\t\t<img decoding=\"async\" src=\"https:\/\/shrimataji.org\/test\/wp-content\/uploads\/2018\/07\/media_originals\/images\/shri-mataji-portraits\/shri-mataji-looking.jpg\" alt=\"shri-mataji-looking\" itemprop=\"image\" height=\"541\" width=\"721\" title=\"shri-mataji-looking\" onerror=\"this.style.display='none'\" loading='lazy' \/>\n\t<p>&#8220;Estaba completamente sola y me sent\u00eda muy bien. No hab\u00eda nadie que pudiera pronunciar una palabra. Y entonces, en meditaci\u00f3n, sent\u00ed que ya hab\u00eda llegado el momento en el que el Sahasrara deb\u00eda ser abierto. En el momento en que tuve ese deseo lo que not\u00e9 fue que la Kundalini se abri\u00f3 como si fuera un telescopio dentro de m\u00ed, despleg\u00e1ndose, viajando hacia arriba. Era como del color del hierro fundido, al rojo vivo.&#8221;<\/p>\n<p>&#8220;Entonces vi la estructura externa de la Kundalini que continuaba subiendo, creando sonidos en cada chakra. La Kundalini subi\u00f3 hasta traspasar el Brahmarandra.&#8221;<\/p>\n<p>El Brahmarandra es la zona del hueso de la fontanela en la parte superior de la cabeza. La experiencia que Shri Mataji describi\u00f3 es la de la Autorrealizaci\u00f3n o Realizaci\u00f3n del Ser; el florecimiento del conocimiento y de la consciencia que tantos seres humanos desean. Ella comentaba que era la finalidad que muchos buscan, el premio normalmente asociado a a\u00f1os de dedicaci\u00f3n y esfuerzo.<\/p>\n\t<p>&#8220;Sent\u00ed en ese momento que fuera lo que fuera esa energ\u00eda que estaba all\u00ed arriba, de repente entr\u00f3 en mi ser como una brisa fresca desde todas las direcciones. Vi c\u00f3mo todo eso se abr\u00eda y una gran lluvia torrencial de brisa comenz\u00f3 a fluir a trav\u00e9s de mi cabeza hacia todas partes. Sent\u00eda que estaba perdida, que ya no exist\u00eda. Era solo la gracia que estaba ah\u00ed. Pude ver completamente lo que me estaba pasando.&#8221;<\/p>\n\t<p>Shri Mataji supo que esa experiencia de la Autorrealizaci\u00f3n, ese conocimiento m\u00e1s elevado, ten\u00eda que ser compartido con el mundo.<\/p>\n<p>&#8220;Fue entonces cuando comprend\u00ed que no hab\u00eda nada malo en comenzar esta labor. La confusi\u00f3n hab\u00eda terminado. Por fin hab\u00eda llegado el momento. No hab\u00eda nada que temer. Hab\u00eda venido a este mundo \u00fanicamente con este prop\u00f3sito: para despertar la consciencia colectiva en los seres humanos. Y pens\u00e9, hasta que la gente no reciba su Autorrealizaci\u00f3n o entienda su propio Ser, este despertar ser\u00e1 tarea imposible. Cualquier otra cosa que uno hubiera intentado hacer en este mundo no hubiera servido para nada.&#8221;<\/p>\n<p>Shri Mataji ha descrito c\u00f3mo comenz\u00f3 su trabajo espiritual: &#8220;lo comprob\u00e9 con una se\u00f1ora mayor que me conoc\u00eda muy bien; en cuanto ella recibi\u00f3 su Realizaci\u00f3n del Ser, entonces me qued\u00e9 satisfecha. Sent\u00ed que muchos otros tambi\u00e9n podr\u00edan recibir su Realizaci\u00f3n del Ser. Era f\u00e1cil darle la Realizaci\u00f3n del Ser a una sola persona, era muy f\u00e1cil hacer consciente a uno solo, pero para hacerlo funcionar a nivel colectivo, en grandes grupos, era necesario un mayor esfuerzo.&#8221;<\/p>\n<p>&#8220;Todo el mundo ten\u00eda que recibir esta gracia con un \u00fanico ejercicio de Autorrealizaci\u00f3n, pero es cierto que este tipo de trabajo nunca se hab\u00eda hecho antes a nivel colectivo. Hab\u00eda conseguido todo esto a trav\u00e9s de la meditaci\u00f3n.&#8221;<\/p>\n<p>Su trabajo a nivel masivo continu\u00f3 silenciosamente por muchos a\u00f1os. &#8220;Ninguno sab\u00eda acerca de los poderes que yo llevaba dentro. Nadie me conoc\u00eda o ten\u00eda idea alguna acerca de m\u00ed.&#8221; La mayor\u00eda de la gente tampoco estaba preparada para lo que Ella estaba diciendo. Su mensaje, tan revolucionario como atrevido, era tambi\u00e9n un importante desaf\u00edo para la mayor\u00eda de los seres humanos en el conocimiento de s\u00ed mismos.<\/p>\n\t\t\t\t<img decoding=\"async\" src=\"https:\/\/shrimataji.org\/test\/wp-content\/uploads\/2018\/07\/media_originals\/images\/shri-mataji-portraits\/shri-mataji-nirmala-devi-831x1080.jpg\" alt=\"shri-mataji-nirmala-devi\" itemprop=\"image\" height=\"1080\" width=\"831\" title=\"shri-mataji-nirmala-devi\" onerror=\"this.style.display='none'\" loading='lazy' \/>\n\t<p>&#8220;Pero cuando la Kundalini de aquella se\u00f1ora se despert\u00f3&#8221;, Shri Mataji record\u00f3, &#8220;sent\u00ed que alguna forma de poder sutil hab\u00eda entrado en ella. Entonces, doce personas m\u00e1s obtuvieron su Realizaci\u00f3n del Ser. Ellos estaban asombrados a ver c\u00f3mo sus miradas se volv\u00edan relucientes. Se empezaron a dar cuenta y a ver todo con m\u00e1s claridad gracias al poder de una sensibilidad \u00fanica que hab\u00eda entrado en ellos, por la cual pod\u00edan percibirlo todo.&#8221;<\/p>\n\t\t\t\t<img decoding=\"async\" src=\"https:\/\/shrimataji.org\/test\/wp-content\/uploads\/2018\/07\/media_originals\/images\/shri-mataji-teaching-sahaja-yoga\/shri-mataji-nirmala-devi-teaching-sahaja-yoga-meditation-in-india.jpg\" alt=\"Shri Mataji opettaa Sahaja Yoga -meditaatiota Intiassa\" itemprop=\"image\" height=\"541\" width=\"721\" title=\"Shri Mataji opettaa Sahaja Yoga -meditaatiota Intiassa\" onerror=\"this.style.display='none'\" loading='lazy' \/>\n\t<p>Por medio de la Autorrealizaci\u00f3n, la gente se convirti\u00f3 en su verdadero Ser. Se dieron cuenta de algo que no hab\u00edan conocido antes. Empezaron a verse a s\u00ed mismos los unos en los otros. Y con esto comenz\u00f3 la verdadera integraci\u00f3n.<\/p>\n<p>Shri Mataji declar\u00f3: &#8220;Me di cuenta con certeza de una cosa, que estas doce personas ten\u00edan doce diferentes naturalezas y que, de alguna manera, al sentarme con ellos les ten\u00eda que explicar c\u00f3mo debe integrarse el poder de la luz que posee el Esp\u00edritu&#8221;. &#8220;Es como cuando hilamos las flores en una sola guirnalda con la ayuda de una aguja&#8230; Despu\u00e9s de que ellos recibieran su Realizaci\u00f3n del Ser, not\u00e9 que dentro de ellos, dentro de cada uno, su ser se estaba integrando en un solo hilo, una cosa tras otra.&#8221;<\/p>\n\t<div class=\"su-quote su-quote-style-default\"><div class=\"su-quote-inner su-u-clearfix su-u-trim\">&#8220;Comenc\u00e9 con una se\u00f1ora. A continuaci\u00f3n, poco a poco muchos otros comenzaron a obtener su Realizaci\u00f3n del Ser. Gradualmente, ese proceso interior mejor\u00f3 y la gente descubri\u00f3 que ese era el camino que puede transformarnos a nosotros mismos. Sahaja Yoga se hab\u00eda establecido como algo muy importante.&#8221;<\/div><\/div>\n\t\t<iframe loading=\"lazy\" title=\"First Awakenings And Self Realization\" width=\"1920\" height=\"1080\" src=\"https:\/\/www.youtube.com\/embed\/EM8Bip5ObJo?feature=oembed\" frameborder=\"0\" allow=\"accelerometer; autoplay; clipboard-write; encrypted-media; gyroscope; picture-in-picture; web-share\" allowfullscreen><\/iframe>\t\n\t\t<iframe loading=\"lazy\" title=\"A Meeting That Gave Understanding\" width=\"1920\" height=\"1080\" src=\"https:\/\/www.youtube.com\/embed\/yKot6Plxn7Y?feature=oembed\" frameborder=\"0\" allow=\"accelerometer; autoplay; clipboard-write; encrypted-media; gyroscope; picture-in-picture; web-share\" allowfullscreen><\/iframe>\t\n\t\t<iframe loading=\"lazy\" title=\"Many Are Still Seeking The Truth\" width=\"1920\" height=\"1080\" src=\"https:\/\/www.youtube.com\/embed\/-KffEGsqep8?feature=oembed\" frameborder=\"0\" allow=\"accelerometer; autoplay; clipboard-write; encrypted-media; gyroscope; picture-in-picture; web-share\" allowfullscreen><\/iframe>\t\n\n","protected":false},"excerpt":{"rendered":"<p>Un Momento Crucial Un momento eterno de pura transformaci\u00f3n El 5 de Mayo de 1970, a la orilla del mar en Nargol, localidad pr\u00f3xima a Bombay en la costa oeste de India, sucedi\u00f3 un evento de extraordinaria importancia: la apertura del Sahasrara, el centro energ\u00e9tico del \u00e1rea l\u00edmbica del cerebro. Es necesario destacar el significado&hellip; <br \/> <a class=\"read-more\" href=\"https:\/\/shrimataji.org\/test\/es\/un-momento-crucial\/\">Read more<\/a><\/p>\n","protected":false},"author":63,"featured_media":9516,"parent":0,"menu_order":0,"comment_status":"closed","ping_status":"closed","template":"","meta":{"inline_featured_image":false,"footnotes":""},"class_list":["post-10913","page","type-page","status-publish","has-post-thumbnail","hentry"],"yoast_head":"<!-- This site is optimized with the Yoast SEO plugin v27.4 - https:\/\/yoast.com\/product\/yoast-seo-wordpress\/ -->\n<title>Un Momento Crucial - TEST - SMND<\/title>\n<meta name=\"robots\" content=\"noindex, follow, max-snippet:-1, max-image-preview:large, max-video-preview:-1\" \/>\n<meta property=\"og:locale\" content=\"en_US\" \/>\n<meta property=\"og:type\" content=\"article\" \/>\n<meta property=\"og:title\" content=\"Un Momento Crucial - TEST - SMND\" \/>\n<meta property=\"og:description\" content=\"Un Momento Crucial Un momento eterno de pura transformaci\u00f3n El 5 de Mayo de 1970, a la orilla del mar en Nargol, localidad pr\u00f3xima a Bombay en la costa oeste de India, sucedi\u00f3 un evento de extraordinaria importancia: la apertura del Sahasrara, el centro energ\u00e9tico del \u00e1rea l\u00edmbica del cerebro. Es necesario destacar el significado&hellip; Read more\" \/>\n<meta property=\"og:url\" content=\"https:\/\/shrimataji.org\/test\/es\/un-momento-crucial\/\" \/>\n<meta property=\"og:site_name\" content=\"TEST - SMND\" \/>\n<meta property=\"article:publisher\" content=\"https:\/\/www.facebook.com\/shrimataji\" \/>\n<meta property=\"article:modified_time\" content=\"2026-03-11T23:50:17+00:00\" \/>\n<meta property=\"og:image\" content=\"https:\/\/shrimataji.org\/test\/wp-content\/uploads\/2023\/03\/11_Banner-PublicLife-PivotalMoment-scaled.jpg\" \/>\n\t<meta property=\"og:image:width\" content=\"2560\" \/>\n\t<meta property=\"og:image:height\" content=\"905\" \/>\n\t<meta property=\"og:image:type\" content=\"image\/jpeg\" \/>\n<meta name=\"twitter:card\" content=\"summary_large_image\" \/>\n<meta name=\"twitter:site\" content=\"@shrimataji\" \/>\n<meta name=\"twitter:label1\" content=\"Est. reading time\" \/>\n\t<meta name=\"twitter:data1\" content=\"6 minutes\" \/>\n<script type=\"application\/ld+json\" class=\"yoast-schema-graph\">{\"@context\":\"https:\\\/\\\/schema.org\",\"@graph\":[{\"@type\":\"WebPage\",\"@id\":\"https:\\\/\\\/shrimataji.org\\\/test\\\/es\\\/un-momento-crucial\\\/\",\"url\":\"https:\\\/\\\/shrimataji.org\\\/test\\\/es\\\/un-momento-crucial\\\/\",\"name\":\"Un Momento Crucial - TEST - SMND\",\"isPartOf\":{\"@id\":\"https:\\\/\\\/shrimataji.org\\\/test\\\/#website\"},\"primaryImageOfPage\":{\"@id\":\"https:\\\/\\\/shrimataji.org\\\/test\\\/es\\\/un-momento-crucial\\\/#primaryimage\"},\"image\":{\"@id\":\"https:\\\/\\\/shrimataji.org\\\/test\\\/es\\\/un-momento-crucial\\\/#primaryimage\"},\"thumbnailUrl\":\"https:\\\/\\\/shrimataji.org\\\/test\\\/wp-content\\\/uploads\\\/2023\\\/03\\\/11_Banner-PublicLife-PivotalMoment-scaled.jpg\",\"datePublished\":\"2018-07-10T06:54:46+00:00\",\"dateModified\":\"2026-03-11T23:50:17+00:00\",\"breadcrumb\":{\"@id\":\"https:\\\/\\\/shrimataji.org\\\/test\\\/es\\\/un-momento-crucial\\\/#breadcrumb\"},\"inLanguage\":\"en-US\",\"potentialAction\":[{\"@type\":\"ReadAction\",\"target\":[\"https:\\\/\\\/shrimataji.org\\\/test\\\/es\\\/un-momento-crucial\\\/\"]}]},{\"@type\":\"ImageObject\",\"inLanguage\":\"en-US\",\"@id\":\"https:\\\/\\\/shrimataji.org\\\/test\\\/es\\\/un-momento-crucial\\\/#primaryimage\",\"url\":\"https:\\\/\\\/shrimataji.org\\\/test\\\/wp-content\\\/uploads\\\/2023\\\/03\\\/11_Banner-PublicLife-PivotalMoment-scaled.jpg\",\"contentUrl\":\"https:\\\/\\\/shrimataji.org\\\/test\\\/wp-content\\\/uploads\\\/2023\\\/03\\\/11_Banner-PublicLife-PivotalMoment-scaled.jpg\",\"width\":2560,\"height\":905},{\"@type\":\"BreadcrumbList\",\"@id\":\"https:\\\/\\\/shrimataji.org\\\/test\\\/es\\\/un-momento-crucial\\\/#breadcrumb\",\"itemListElement\":[{\"@type\":\"ListItem\",\"position\":1,\"name\":\"Home\",\"item\":\"https:\\\/\\\/shrimataji.org\\\/test\\\/uk\\\/home-en\\\/\"},{\"@type\":\"ListItem\",\"position\":2,\"name\":\"Un Momento Crucial\"}]},{\"@type\":\"WebSite\",\"@id\":\"https:\\\/\\\/shrimataji.org\\\/test\\\/#website\",\"url\":\"https:\\\/\\\/shrimataji.org\\\/test\\\/\",\"name\":\"Shri Mataji Nirmala Devi\",\"description\":\"A Life Dedicated to Humanity\",\"publisher\":{\"@id\":\"https:\\\/\\\/shrimataji.org\\\/test\\\/#\\\/schema\\\/person\\\/a1b3419c6585f164aa96da1ff85715d1\"},\"potentialAction\":[{\"@type\":\"SearchAction\",\"target\":{\"@type\":\"EntryPoint\",\"urlTemplate\":\"https:\\\/\\\/shrimataji.org\\\/test\\\/?s={search_term_string}\"},\"query-input\":{\"@type\":\"PropertyValueSpecification\",\"valueRequired\":true,\"valueName\":\"search_term_string\"}}],\"inLanguage\":\"en-US\"},{\"@type\":[\"Person\",\"Organization\"],\"@id\":\"https:\\\/\\\/shrimataji.org\\\/test\\\/#\\\/schema\\\/person\\\/a1b3419c6585f164aa96da1ff85715d1\",\"name\":\"Nirmala Shrivastava\",\"image\":{\"@type\":\"ImageObject\",\"inLanguage\":\"en-US\",\"@id\":\"https:\\\/\\\/shrimataji.org\\\/test\\\/wp-content\\\/uploads\\\/2023\\\/02\\\/SMO_LOGO-03.svg\",\"url\":\"https:\\\/\\\/shrimataji.org\\\/test\\\/wp-content\\\/uploads\\\/2023\\\/02\\\/SMO_LOGO-03.svg\",\"contentUrl\":\"https:\\\/\\\/shrimataji.org\\\/test\\\/wp-content\\\/uploads\\\/2023\\\/02\\\/SMO_LOGO-03.svg\",\"width\":\"1024\",\"height\":\"1024\",\"caption\":\"Nirmala Shrivastava\"},\"logo\":{\"@id\":\"https:\\\/\\\/shrimataji.org\\\/test\\\/wp-content\\\/uploads\\\/2023\\\/02\\\/SMO_LOGO-03.svg\"},\"sameAs\":[\"https:\\\/\\\/shrimataji.org\\\/test\",\"https:\\\/\\\/www.facebook.com\\\/shrimataji\",\"https:\\\/\\\/x.com\\\/shrimataji\",\"https:\\\/\\\/www.youtube.com\\\/@Shri_Mataji_Nirmala_Devi\\\/featured\"]}]}<\/script>\n<!-- \/ Yoast SEO plugin. -->","yoast_head_json":{"title":"Un Momento Crucial - TEST - SMND","robots":{"index":"noindex","follow":"follow","max-snippet":"max-snippet:-1","max-image-preview":"max-image-preview:large","max-video-preview":"max-video-preview:-1"},"og_locale":"en_US","og_type":"article","og_title":"Un Momento Crucial - TEST - SMND","og_description":"Un Momento Crucial Un momento eterno de pura transformaci\u00f3n El 5 de Mayo de 1970, a la orilla del mar en Nargol, localidad pr\u00f3xima a Bombay en la costa oeste de India, sucedi\u00f3 un evento de extraordinaria importancia: la apertura del Sahasrara, el centro energ\u00e9tico del \u00e1rea l\u00edmbica del cerebro. Es necesario destacar el significado&hellip; Read more","og_url":"https:\/\/shrimataji.org\/test\/es\/un-momento-crucial\/","og_site_name":"TEST - SMND","article_publisher":"https:\/\/www.facebook.com\/shrimataji","article_modified_time":"2026-03-11T23:50:17+00:00","og_image":[{"width":2560,"height":905,"url":"https:\/\/shrimataji.org\/test\/wp-content\/uploads\/2023\/03\/11_Banner-PublicLife-PivotalMoment-scaled.jpg","type":"image\/jpeg"}],"twitter_card":"summary_large_image","twitter_site":"@shrimataji","twitter_misc":{"Est. reading time":"6 minutes"},"schema":{"@context":"https:\/\/schema.org","@graph":[{"@type":"WebPage","@id":"https:\/\/shrimataji.org\/test\/es\/un-momento-crucial\/","url":"https:\/\/shrimataji.org\/test\/es\/un-momento-crucial\/","name":"Un Momento Crucial - TEST - SMND","isPartOf":{"@id":"https:\/\/shrimataji.org\/test\/#website"},"primaryImageOfPage":{"@id":"https:\/\/shrimataji.org\/test\/es\/un-momento-crucial\/#primaryimage"},"image":{"@id":"https:\/\/shrimataji.org\/test\/es\/un-momento-crucial\/#primaryimage"},"thumbnailUrl":"https:\/\/shrimataji.org\/test\/wp-content\/uploads\/2023\/03\/11_Banner-PublicLife-PivotalMoment-scaled.jpg","datePublished":"2018-07-10T06:54:46+00:00","dateModified":"2026-03-11T23:50:17+00:00","breadcrumb":{"@id":"https:\/\/shrimataji.org\/test\/es\/un-momento-crucial\/#breadcrumb"},"inLanguage":"en-US","potentialAction":[{"@type":"ReadAction","target":["https:\/\/shrimataji.org\/test\/es\/un-momento-crucial\/"]}]},{"@type":"ImageObject","inLanguage":"en-US","@id":"https:\/\/shrimataji.org\/test\/es\/un-momento-crucial\/#primaryimage","url":"https:\/\/shrimataji.org\/test\/wp-content\/uploads\/2023\/03\/11_Banner-PublicLife-PivotalMoment-scaled.jpg","contentUrl":"https:\/\/shrimataji.org\/test\/wp-content\/uploads\/2023\/03\/11_Banner-PublicLife-PivotalMoment-scaled.jpg","width":2560,"height":905},{"@type":"BreadcrumbList","@id":"https:\/\/shrimataji.org\/test\/es\/un-momento-crucial\/#breadcrumb","itemListElement":[{"@type":"ListItem","position":1,"name":"Home","item":"https:\/\/shrimataji.org\/test\/uk\/home-en\/"},{"@type":"ListItem","position":2,"name":"Un Momento Crucial"}]},{"@type":"WebSite","@id":"https:\/\/shrimataji.org\/test\/#website","url":"https:\/\/shrimataji.org\/test\/","name":"Shri Mataji Nirmala Devi","description":"A Life Dedicated to Humanity","publisher":{"@id":"https:\/\/shrimataji.org\/test\/#\/schema\/person\/a1b3419c6585f164aa96da1ff85715d1"},"potentialAction":[{"@type":"SearchAction","target":{"@type":"EntryPoint","urlTemplate":"https:\/\/shrimataji.org\/test\/?s={search_term_string}"},"query-input":{"@type":"PropertyValueSpecification","valueRequired":true,"valueName":"search_term_string"}}],"inLanguage":"en-US"},{"@type":["Person","Organization"],"@id":"https:\/\/shrimataji.org\/test\/#\/schema\/person\/a1b3419c6585f164aa96da1ff85715d1","name":"Nirmala Shrivastava","image":{"@type":"ImageObject","inLanguage":"en-US","@id":"https:\/\/shrimataji.org\/test\/wp-content\/uploads\/2023\/02\/SMO_LOGO-03.svg","url":"https:\/\/shrimataji.org\/test\/wp-content\/uploads\/2023\/02\/SMO_LOGO-03.svg","contentUrl":"https:\/\/shrimataji.org\/test\/wp-content\/uploads\/2023\/02\/SMO_LOGO-03.svg","width":"1024","height":"1024","caption":"Nirmala Shrivastava"},"logo":{"@id":"https:\/\/shrimataji.org\/test\/wp-content\/uploads\/2023\/02\/SMO_LOGO-03.svg"},"sameAs":["https:\/\/shrimataji.org\/test","https:\/\/www.facebook.com\/shrimataji","https:\/\/x.com\/shrimataji","https:\/\/www.youtube.com\/@Shri_Mataji_Nirmala_Devi\/featured"]}]}},"lang":"es","translations":{"es":10913,"ur":37383,"en":12554,"am":17954,"th":19876,"hu":19429,"sq":18355,"zh":17252,"hi":7332,"tr":10129,"pt":10346,"de":10619,"fr":10717,"it":10815,"ja":11210,"ru":11398,"bn":11590,"te":11698,"sw":11821,"he":11969,"el":12260,"sk":12358,"fa":12456,"bg":13459,"ro":14531,"cs":14724,"nl":16515,"ku":16675,"ar":16851,"be":18562,"kn":18836,"mr":20240,"uk":20532,"ml":20831,"ta":22670,"sv":22943,"gu":28791,"pa":28949,"fil":29389,"da":37697,"pl":37916,"nn":38249},"pll_sync_post":[],"_links":{"self":[{"href":"https:\/\/shrimataji.org\/test\/wp-json\/wp\/v2\/pages\/10913","targetHints":{"allow":["GET"]}}],"collection":[{"href":"https:\/\/shrimataji.org\/test\/wp-json\/wp\/v2\/pages"}],"about":[{"href":"https:\/\/shrimataji.org\/test\/wp-json\/wp\/v2\/types\/page"}],"author":[{"embeddable":true,"href":"https:\/\/shrimataji.org\/test\/wp-json\/wp\/v2\/users\/63"}],"replies":[{"embeddable":true,"href":"https:\/\/shrimataji.org\/test\/wp-json\/wp\/v2\/comments?post=10913"}],"version-history":[{"count":0,"href":"https:\/\/shrimataji.org\/test\/wp-json\/wp\/v2\/pages\/10913\/revisions"}],"wp:featuredmedia":[{"embeddable":true,"href":"https:\/\/shrimataji.org\/test\/wp-json\/wp\/v2\/media\/9516"}],"wp:attachment":[{"href":"https:\/\/shrimataji.org\/test\/wp-json\/wp\/v2\/media?parent=10913"}],"curies":[{"name":"wp","href":"https:\/\/api.w.org\/{rel}","templated":true}]}}