{"id":10914,"date":"2011-12-05T02:00:00","date_gmt":"2011-12-05T02:00:00","guid":{"rendered":"http:\/\/testwordpress.nirmalnagari.org\/smnd\/index.php\/a-town-hall-for-the-world\/"},"modified":"2026-03-11T23:50:17","modified_gmt":"2026-03-11T23:50:17","slug":"un-ayuntamiento-para-el-mundo","status":"publish","type":"page","link":"https:\/\/shrimataji.org\/test\/es\/un-ayuntamiento-para-el-mundo\/","title":{"rendered":"Un Ayuntamiento para el Mundo"},"content":{"rendered":"\n\n\t<h1>Un ayuntamiento para el mundo<\/h1>\n<h2>Donde los corazones se encuentran<\/h2>\n<figure itemscope itemtype=\"https:\/\/schema.org\/ImageObject\">\n\t\t\t\t<img decoding=\"async\" src=\"https:\/\/shrimataji.org\/test\/wp-content\/uploads\/2018\/07\/media_originals\/images\/geographic-locations\/caxton-hall-london-uk.jpg\" alt=\"Caxton Hall\" height=\"2000\" width=\"1500\" title=\"caxton-hall-london-uk\" onerror=\"this.style.display='none'\" loading=\"lazy\" \/>\n\t\t<figcaption>Caxton Hall, Londres<\/figcaption>\n\t<\/figure>\n\t<p>Caxton Hall se encuentra en la City of Westminster, en el centro de Londres. Fue construido a mediados del siglo XIX y recibi\u00f3 su nombre en honor a William Caxton, quien fund\u00f3 la primera imprenta en Inglaterra, una innovaci\u00f3n que revolucion\u00f3 el acceso al conocimiento. Tiene una larga historia como lugar donde se han intercambiado y explorado ideas innovadoras.<\/p>\n<p>Originalmente, Caxton Hall era un edificio gubernamental; un ayuntamiento. Sin embargo, a lo largo de los a\u00f1os ha desempe\u00f1ado una doble funci\u00f3n. Aqu\u00ed se han celebrado ceremonias civiles y matrimonios de famosos, junto con ruidosas reuniones, manifestaciones, peticiones y llamamientos a la reforma social y al activismo pol\u00edtico. Fue desde las puertas de Caxton Hall que muchas grandes ideas y movimientos del siglo XX se extendieron a la escena global. Las voces del movimiento por el sufragio femenino, el socialismo y la primera conferencia panafricana que abord\u00f3 las repercusiones de la esclavitud son solo algunos ejemplos de lo que aqu\u00ed ocurri\u00f3.<\/p>\n\t<p>As\u00ed pues, resulta interesante que esta fuera la sala que Shri Mataji Nirmala Devi eligi\u00f3 cuando, en 1977, decidi\u00f3 llevar su mensaje a la escena p\u00fablica. Entre 1977 y 1983, Shri Mataji subi\u00f3 al escenario casi cien veces, marcando un cambio significativo hacia un p\u00fablico m\u00e1s amplio. Sus palabras eran para todos. La invitaci\u00f3n era abierta. La entrada, gratuita.<\/p>\n\t<p>El gran poeta bengal\u00ed y Premio Nobel, Rabindranath Tagore, imparti\u00f3 aqu\u00ed una serie de exitosas conferencias en el verano de 1913. Las conferencias ten\u00edan t\u00edtulos como \u00abLa relaci\u00f3n del individuo con el universo\u00bb, \u00abLa conciencia del alma\u00bb, \u00abLa realizaci\u00f3n en el amor\u00bb y \u00abEl problema del ser\u00bb. Estos fueron temas que Shri Mataji abordar\u00eda directamente unos setenta a\u00f1os despu\u00e9s. Al igual que su predecesor, deseaba compartir un antiguo conocimiento oriental con un p\u00fablico occidental y llevarlo a un viaje interior.<\/p>\n<h5>&#8220;Dentro de nosotros tenemos aquello donde el espacio y el tiempo dejan de gobernar y donde los v\u00ednculos de la evoluci\u00f3n se fusionan en la unidad.&#8221;<br \/>\n<\/h5>\n<h5>Rabindranath Tagore<\/h5>\n<figure itemscope itemtype=\"https:\/\/schema.org\/ImageObject\">\n\t\t\t\t<img decoding=\"async\" src=\"https:\/\/shrimataji.org\/test\/wp-content\/uploads\/2018\/07\/media_originals\/images\/people\/ravindranath-tagore-c1915-223x300.jpg\" alt=\"Rabindranath Tagore\" height=\"300\" width=\"223\" title=\"ravindranath-tagore-c1915\" onerror=\"this.style.display='none'\" loading=\"lazy\" \/>\n\t\t<figcaption>Rabindranath Tagore<\/figcaption>\n\t<\/figure>\n\t<p>Sin embargo, en el caso de Shri Mataji, el objetivo de sus conferencias no era simplemente explorar una nueva idea, sino hacerla realidad. Sus conferencias siempre ten\u00edan un extra a\u00f1adido. Al final de la velada, siempre ofrec\u00eda a los asistentes la experiencia de la realizaci\u00f3n del ser. Gui\u00e1ndolos en la quietud de una honda meditaci\u00f3n, los asistentes ten\u00edan la oportunidad de sentir su propia profundidad. La \u00abRealizaci\u00f3n de Brahma\u00bb de Tagore se hab\u00eda convertido en la \u00abExperiencia del Ser Verdadero\u00bb de Shri Mataji.<\/p>\n\t<p>Una vez m\u00e1s, un movimiento revolucionario se hab\u00eda lanzado desde los escalones de Caxton Hall. Se dio un paso fundamental en la capacidad del ser humano para ascender a un nivel espiritual. Muchos sintieron un cambio profundo en s\u00ed mismos y una transformaci\u00f3n en su visi\u00f3n del mundo.<\/p>\n\t<p><img loading=\"lazy\" decoding=\"async\" src=\"https:\/\/shrimataji.org\/test\/wp-content\/uploads\/2018\/07\/media_originals\/images\/shri-mataji-with-people\/shri-mataji-nirmala-devi-clearing-technique-in-england-1024x672.jpg\" alt=\"\" width=\"1024\" height=\"672\" \/><\/p>\n\t<p>Durante seis a\u00f1os, Shri Mataji habl\u00f3 con personas de todo tipo en Caxton Hall. Dedic\u00f3 tiempo a todas sus inquietudes. Abord\u00f3 las grandes preguntas: &#8220;\u00bfPor qu\u00e9 estamos aqu\u00ed?&#8221;, &#8220;\u00bfCu\u00e1l es el prop\u00f3sito de mi vida?&#8221;, &#8220;\u00bfPor qu\u00e9 nos cre\u00f3 Dios?&#8221;, e incluso &#8220;\u00bfExiste un Dios?&#8221;. Al final, todos fueron invitados a conectar con su verdadero ser.<\/p>\n<p>As\u00ed comenz\u00f3 realmente el ministerio p\u00fablico de Shri Mataji en Occidente. Aqu\u00ed, en Caxton Hall, todos eran bienvenidos y lo m\u00e1s valioso se ofrec\u00eda gratuitamente. Muchos de quienes alcanzaron su realizaci\u00f3n del ser permanecieron a su lado y apoyaron sus esfuerzos por llegar al mayor n\u00famero posible de personas que buscaban la verdad.<\/p>\n\t<p>En 1980, la propia Shri Mataji dijo: \u00abLa b\u00fasqueda (de la verdad) ha comenzado y se han abierto muchas tiendas (gente que promete la verdad). Esto no es una tienda. Esto es un templo, y un templo en el mercado tiene muy poco valor. Si hay que escalar siete monta\u00f1as para llegar al templo, este tiene mucho m\u00e1s valor. Pero solo unos pocos pueden llegar con vida. As\u00ed que el templo tuvo que bajar a Londres, a Caxton Hall, para hablar con la gente\u00bb.<\/p>\n<p>Shri Mataji dio la bienvenida y abraz\u00f3 a todos con su don de la realizaci\u00f3n del ser.<\/p>\n<p>En palabras de Tagore, &#8220;La alta funci\u00f3n del amor es acoger todas las limitaciones y trascenderlas&#8221;. El amor y el don de amor de Shri Mataji trascienden todos los obst\u00e1culos para iluminar el coraz\u00f3n y el mundo.<\/p>\n<div class=\"su-quote su-quote-style-default\"><div class=\"su-quote-inner su-u-clearfix su-u-trim\">La verdad es lo que es. No podemos cambiarla. No podemos transformarla. No podemos conceptualizarla.<\/div><\/div>\n<figure itemscope itemtype=\"https:\/\/schema.org\/ImageObject\">\n\t\t\t\t<img decoding=\"async\" src=\"https:\/\/shrimataji.org\/test\/wp-content\/uploads\/2018\/07\/media_originals\/images\/shri-mataji-with-people\/shri-mataji-nirmala-devi-bath-england-1977-759x1024.jpg\" alt=\"Shri Mataji en Bath, Inglaterra, 1977\" height=\"1024\" width=\"759\" title=\"shri-mataji-nirmala-devi-bath-england-1977\" onerror=\"this.style.display='none'\" loading=\"lazy\" \/>\n\t\t<figcaption>Shri Mataji en Bath, Inglaterra, 1977<\/figcaption>\n\t<\/figure>\n\n","protected":false},"excerpt":{"rendered":"<p>Un ayuntamiento para el mundo Donde los corazones se encuentran Caxton Hall, Londres Caxton Hall se encuentra en la City of Westminster, en el centro de Londres. Fue construido a mediados del siglo XIX y recibi\u00f3 su nombre en honor a William Caxton, quien fund\u00f3 la primera imprenta en Inglaterra, una innovaci\u00f3n que revolucion\u00f3 el&hellip; <br \/> <a class=\"read-more\" href=\"https:\/\/shrimataji.org\/test\/es\/un-ayuntamiento-para-el-mundo\/\">Read more<\/a><\/p>\n","protected":false},"author":63,"featured_media":9505,"parent":0,"menu_order":0,"comment_status":"closed","ping_status":"closed","template":"","meta":{"inline_featured_image":false,"footnotes":"","advanced-sidebar-menu\/link-title":"","advanced-sidebar-menu\/exclude-page":false},"class_list":["post-10914","page","type-page","status-publish","has-post-thumbnail","hentry"],"yoast_head":"<!-- This site is optimized with the Yoast SEO plugin v27.6 - https:\/\/yoast.com\/product\/yoast-seo-wordpress\/ -->\n<title>Un Ayuntamiento para el Mundo - TEST - SMND<\/title>\n<meta name=\"robots\" content=\"noindex, follow, max-snippet:-1, max-image-preview:large, max-video-preview:-1\" \/>\n<meta property=\"og:locale\" content=\"en_US\" \/>\n<meta property=\"og:type\" content=\"article\" \/>\n<meta property=\"og:title\" content=\"Un Ayuntamiento para el Mundo - TEST - SMND\" \/>\n<meta property=\"og:description\" content=\"Un ayuntamiento para el mundo Donde los corazones se encuentran Caxton Hall, Londres Caxton Hall se encuentra en la City of Westminster, en el centro de Londres. Fue construido a mediados del siglo XIX y recibi\u00f3 su nombre en honor a William Caxton, quien fund\u00f3 la primera imprenta en Inglaterra, una innovaci\u00f3n que revolucion\u00f3 el&hellip; Read more\" \/>\n<meta property=\"og:url\" content=\"https:\/\/shrimataji.org\/test\/es\/un-ayuntamiento-para-el-mundo\/\" \/>\n<meta property=\"og:site_name\" content=\"TEST - SMND\" \/>\n<meta property=\"article:publisher\" content=\"https:\/\/www.facebook.com\/shrimataji\" \/>\n<meta property=\"article:modified_time\" content=\"2026-03-11T23:50:17+00:00\" \/>\n<meta property=\"og:image\" content=\"https:\/\/shrimataji.org\/test\/wp-content\/uploads\/2023\/03\/12_Banner-PublicLife-Hall-scaled.jpg\" \/>\n\t<meta property=\"og:image:width\" content=\"2560\" \/>\n\t<meta property=\"og:image:height\" content=\"905\" \/>\n\t<meta property=\"og:image:type\" content=\"image\/jpeg\" \/>\n<meta name=\"twitter:card\" content=\"summary_large_image\" \/>\n<meta name=\"twitter:site\" content=\"@shrimataji\" \/>\n<meta name=\"twitter:label1\" content=\"Est. reading time\" \/>\n\t<meta name=\"twitter:data1\" content=\"4 minutes\" \/>\n<script type=\"application\/ld+json\" class=\"yoast-schema-graph\">{\"@context\":\"https:\\\/\\\/schema.org\",\"@graph\":[{\"@type\":\"WebPage\",\"@id\":\"https:\\\/\\\/shrimataji.org\\\/test\\\/es\\\/un-ayuntamiento-para-el-mundo\\\/\",\"url\":\"https:\\\/\\\/shrimataji.org\\\/test\\\/es\\\/un-ayuntamiento-para-el-mundo\\\/\",\"name\":\"Un Ayuntamiento para el Mundo - TEST - SMND\",\"isPartOf\":{\"@id\":\"https:\\\/\\\/shrimataji.org\\\/test\\\/#website\"},\"primaryImageOfPage\":{\"@id\":\"https:\\\/\\\/shrimataji.org\\\/test\\\/es\\\/un-ayuntamiento-para-el-mundo\\\/#primaryimage\"},\"image\":{\"@id\":\"https:\\\/\\\/shrimataji.org\\\/test\\\/es\\\/un-ayuntamiento-para-el-mundo\\\/#primaryimage\"},\"thumbnailUrl\":\"https:\\\/\\\/shrimataji.org\\\/test\\\/wp-content\\\/uploads\\\/2023\\\/03\\\/12_Banner-PublicLife-Hall-scaled.jpg\",\"datePublished\":\"2011-12-05T02:00:00+00:00\",\"dateModified\":\"2026-03-11T23:50:17+00:00\",\"breadcrumb\":{\"@id\":\"https:\\\/\\\/shrimataji.org\\\/test\\\/es\\\/un-ayuntamiento-para-el-mundo\\\/#breadcrumb\"},\"inLanguage\":\"en-US\",\"potentialAction\":[{\"@type\":\"ReadAction\",\"target\":[\"https:\\\/\\\/shrimataji.org\\\/test\\\/es\\\/un-ayuntamiento-para-el-mundo\\\/\"]}]},{\"@type\":\"ImageObject\",\"inLanguage\":\"en-US\",\"@id\":\"https:\\\/\\\/shrimataji.org\\\/test\\\/es\\\/un-ayuntamiento-para-el-mundo\\\/#primaryimage\",\"url\":\"https:\\\/\\\/shrimataji.org\\\/test\\\/wp-content\\\/uploads\\\/2023\\\/03\\\/12_Banner-PublicLife-Hall-scaled.jpg\",\"contentUrl\":\"https:\\\/\\\/shrimataji.org\\\/test\\\/wp-content\\\/uploads\\\/2023\\\/03\\\/12_Banner-PublicLife-Hall-scaled.jpg\",\"width\":2560,\"height\":905},{\"@type\":\"BreadcrumbList\",\"@id\":\"https:\\\/\\\/shrimataji.org\\\/test\\\/es\\\/un-ayuntamiento-para-el-mundo\\\/#breadcrumb\",\"itemListElement\":[{\"@type\":\"ListItem\",\"position\":1,\"name\":\"Home\",\"item\":\"https:\\\/\\\/shrimataji.org\\\/test\\\/uk\\\/home-en\\\/\"},{\"@type\":\"ListItem\",\"position\":2,\"name\":\"Un Ayuntamiento para el Mundo\"}]},{\"@type\":\"WebSite\",\"@id\":\"https:\\\/\\\/shrimataji.org\\\/test\\\/#website\",\"url\":\"https:\\\/\\\/shrimataji.org\\\/test\\\/\",\"name\":\"Shri Mataji Nirmala Devi\",\"description\":\"A Life Dedicated to Humanity\",\"publisher\":{\"@id\":\"https:\\\/\\\/shrimataji.org\\\/test\\\/#\\\/schema\\\/person\\\/a1b3419c6585f164aa96da1ff85715d1\"},\"potentialAction\":[{\"@type\":\"SearchAction\",\"target\":{\"@type\":\"EntryPoint\",\"urlTemplate\":\"https:\\\/\\\/shrimataji.org\\\/test\\\/?s={search_term_string}\"},\"query-input\":{\"@type\":\"PropertyValueSpecification\",\"valueRequired\":true,\"valueName\":\"search_term_string\"}}],\"inLanguage\":\"en-US\"},{\"@type\":[\"Person\",\"Organization\"],\"@id\":\"https:\\\/\\\/shrimataji.org\\\/test\\\/#\\\/schema\\\/person\\\/a1b3419c6585f164aa96da1ff85715d1\",\"name\":\"Nirmala Shrivastava\",\"image\":{\"@type\":\"ImageObject\",\"inLanguage\":\"en-US\",\"@id\":\"https:\\\/\\\/shrimataji.org\\\/test\\\/wp-content\\\/uploads\\\/2023\\\/02\\\/SMO_LOGO-03.svg\",\"url\":\"https:\\\/\\\/shrimataji.org\\\/test\\\/wp-content\\\/uploads\\\/2023\\\/02\\\/SMO_LOGO-03.svg\",\"contentUrl\":\"https:\\\/\\\/shrimataji.org\\\/test\\\/wp-content\\\/uploads\\\/2023\\\/02\\\/SMO_LOGO-03.svg\",\"width\":\"1024\",\"height\":\"1024\",\"caption\":\"Nirmala Shrivastava\"},\"logo\":{\"@id\":\"https:\\\/\\\/shrimataji.org\\\/test\\\/wp-content\\\/uploads\\\/2023\\\/02\\\/SMO_LOGO-03.svg\"},\"sameAs\":[\"https:\\\/\\\/shrimataji.org\\\/test\",\"https:\\\/\\\/www.facebook.com\\\/shrimataji\",\"https:\\\/\\\/x.com\\\/shrimataji\",\"https:\\\/\\\/www.youtube.com\\\/@Shri_Mataji_Nirmala_Devi\\\/featured\"]}]}<\/script>\n<!-- \/ Yoast SEO plugin. -->","yoast_head_json":{"title":"Un Ayuntamiento para el Mundo - TEST - SMND","robots":{"index":"noindex","follow":"follow","max-snippet":"max-snippet:-1","max-image-preview":"max-image-preview:large","max-video-preview":"max-video-preview:-1"},"og_locale":"en_US","og_type":"article","og_title":"Un Ayuntamiento para el Mundo - TEST - SMND","og_description":"Un ayuntamiento para el mundo Donde los corazones se encuentran Caxton Hall, Londres Caxton Hall se encuentra en la City of Westminster, en el centro de Londres. Fue construido a mediados del siglo XIX y recibi\u00f3 su nombre en honor a William Caxton, quien fund\u00f3 la primera imprenta en Inglaterra, una innovaci\u00f3n que revolucion\u00f3 el&hellip; Read more","og_url":"https:\/\/shrimataji.org\/test\/es\/un-ayuntamiento-para-el-mundo\/","og_site_name":"TEST - SMND","article_publisher":"https:\/\/www.facebook.com\/shrimataji","article_modified_time":"2026-03-11T23:50:17+00:00","og_image":[{"width":2560,"height":905,"url":"https:\/\/shrimataji.org\/test\/wp-content\/uploads\/2023\/03\/12_Banner-PublicLife-Hall-scaled.jpg","type":"image\/jpeg"}],"twitter_card":"summary_large_image","twitter_site":"@shrimataji","twitter_misc":{"Est. reading time":"4 minutes"},"schema":{"@context":"https:\/\/schema.org","@graph":[{"@type":"WebPage","@id":"https:\/\/shrimataji.org\/test\/es\/un-ayuntamiento-para-el-mundo\/","url":"https:\/\/shrimataji.org\/test\/es\/un-ayuntamiento-para-el-mundo\/","name":"Un Ayuntamiento para el Mundo - TEST - SMND","isPartOf":{"@id":"https:\/\/shrimataji.org\/test\/#website"},"primaryImageOfPage":{"@id":"https:\/\/shrimataji.org\/test\/es\/un-ayuntamiento-para-el-mundo\/#primaryimage"},"image":{"@id":"https:\/\/shrimataji.org\/test\/es\/un-ayuntamiento-para-el-mundo\/#primaryimage"},"thumbnailUrl":"https:\/\/shrimataji.org\/test\/wp-content\/uploads\/2023\/03\/12_Banner-PublicLife-Hall-scaled.jpg","datePublished":"2011-12-05T02:00:00+00:00","dateModified":"2026-03-11T23:50:17+00:00","breadcrumb":{"@id":"https:\/\/shrimataji.org\/test\/es\/un-ayuntamiento-para-el-mundo\/#breadcrumb"},"inLanguage":"en-US","potentialAction":[{"@type":"ReadAction","target":["https:\/\/shrimataji.org\/test\/es\/un-ayuntamiento-para-el-mundo\/"]}]},{"@type":"ImageObject","inLanguage":"en-US","@id":"https:\/\/shrimataji.org\/test\/es\/un-ayuntamiento-para-el-mundo\/#primaryimage","url":"https:\/\/shrimataji.org\/test\/wp-content\/uploads\/2023\/03\/12_Banner-PublicLife-Hall-scaled.jpg","contentUrl":"https:\/\/shrimataji.org\/test\/wp-content\/uploads\/2023\/03\/12_Banner-PublicLife-Hall-scaled.jpg","width":2560,"height":905},{"@type":"BreadcrumbList","@id":"https:\/\/shrimataji.org\/test\/es\/un-ayuntamiento-para-el-mundo\/#breadcrumb","itemListElement":[{"@type":"ListItem","position":1,"name":"Home","item":"https:\/\/shrimataji.org\/test\/uk\/home-en\/"},{"@type":"ListItem","position":2,"name":"Un Ayuntamiento para el Mundo"}]},{"@type":"WebSite","@id":"https:\/\/shrimataji.org\/test\/#website","url":"https:\/\/shrimataji.org\/test\/","name":"Shri Mataji Nirmala Devi","description":"A Life Dedicated to Humanity","publisher":{"@id":"https:\/\/shrimataji.org\/test\/#\/schema\/person\/a1b3419c6585f164aa96da1ff85715d1"},"potentialAction":[{"@type":"SearchAction","target":{"@type":"EntryPoint","urlTemplate":"https:\/\/shrimataji.org\/test\/?s={search_term_string}"},"query-input":{"@type":"PropertyValueSpecification","valueRequired":true,"valueName":"search_term_string"}}],"inLanguage":"en-US"},{"@type":["Person","Organization"],"@id":"https:\/\/shrimataji.org\/test\/#\/schema\/person\/a1b3419c6585f164aa96da1ff85715d1","name":"Nirmala Shrivastava","image":{"@type":"ImageObject","inLanguage":"en-US","@id":"https:\/\/shrimataji.org\/test\/wp-content\/uploads\/2023\/02\/SMO_LOGO-03.svg","url":"https:\/\/shrimataji.org\/test\/wp-content\/uploads\/2023\/02\/SMO_LOGO-03.svg","contentUrl":"https:\/\/shrimataji.org\/test\/wp-content\/uploads\/2023\/02\/SMO_LOGO-03.svg","width":"1024","height":"1024","caption":"Nirmala Shrivastava"},"logo":{"@id":"https:\/\/shrimataji.org\/test\/wp-content\/uploads\/2023\/02\/SMO_LOGO-03.svg"},"sameAs":["https:\/\/shrimataji.org\/test","https:\/\/www.facebook.com\/shrimataji","https:\/\/x.com\/shrimataji","https:\/\/www.youtube.com\/@Shri_Mataji_Nirmala_Devi\/featured"]}]}},"lang":"es","translations":{"es":10914,"ur":37385,"en":443,"am":17956,"th":19879,"hu":19431,"sq":18357,"zh":17254,"hi":8514,"tr":10130,"pl":10239,"pt":10347,"de":10620,"fr":10718,"it":10816,"ja":11211,"ru":11399,"bn":11591,"te":11699,"sw":11822,"he":11970,"el":12261,"sk":12359,"fa":12457,"fi":12555,"bg":13504,"ro":14579,"cs":14772,"nl":16517,"ku":16677,"ar":16853,"be":18564,"kn":18838,"mr":20243,"uk":20535,"ml":20834,"ta":22672,"sv":22945,"gu":28793,"pa":28951,"fil":29391,"da":37699,"nn":38251},"pll_sync_post":{},"_links":{"self":[{"href":"https:\/\/shrimataji.org\/test\/wp-json\/wp\/v2\/pages\/10914","targetHints":{"allow":["GET"]}}],"collection":[{"href":"https:\/\/shrimataji.org\/test\/wp-json\/wp\/v2\/pages"}],"about":[{"href":"https:\/\/shrimataji.org\/test\/wp-json\/wp\/v2\/types\/page"}],"author":[{"embeddable":true,"href":"https:\/\/shrimataji.org\/test\/wp-json\/wp\/v2\/users\/63"}],"replies":[{"embeddable":true,"href":"https:\/\/shrimataji.org\/test\/wp-json\/wp\/v2\/comments?post=10914"}],"version-history":[{"count":0,"href":"https:\/\/shrimataji.org\/test\/wp-json\/wp\/v2\/pages\/10914\/revisions"}],"wp:featuredmedia":[{"embeddable":true,"href":"https:\/\/shrimataji.org\/test\/wp-json\/wp\/v2\/media\/9505"}],"wp:attachment":[{"href":"https:\/\/shrimataji.org\/test\/wp-json\/wp\/v2\/media?parent=10914"}],"curies":[{"name":"wp","href":"https:\/\/api.w.org\/{rel}","templated":true}]}}