{"id":10915,"date":"2022-03-05T07:57:08","date_gmt":"2022-03-05T07:57:08","guid":{"rendered":"https:\/\/test.shrimataji.org\/?page_id=6497"},"modified":"2026-03-11T23:49:00","modified_gmt":"2026-03-11T23:49:00","slug":"chakra-agnya-es","status":"publish","type":"page","link":"https:\/\/shrimataji.org\/test\/es\/chakra-agnya-es\/","title":{"rendered":"Chakra Agnya"},"content":{"rendered":"\n\n\t<h1>Chakra Agnya<\/h1>\n<h2>El poder del Perd\u00f3n<\/h2>\n<h4>La esencia de este Chakra es el perd\u00f3n. Cuando no perdonamos, realmente nos hacemos da\u00f1o al desequilibrar este Chakra. El perd\u00f3n es el poder de dejar ir la ira, el odio y el resentimiento, lo cual tal vez no es f\u00e1cil antes de la autorrealizaci\u00f3n. Al simplemente decir &#8220;yo perdono&#8221; desde un coraz\u00f3n sincero, nuestra Kundalini puede penetrar este centro y absorber nuestra atenci\u00f3n en el reino del silencio divino, permiti\u00e9ndonos asentarnos f\u00e1cilmente en el reino de la conciencia sin pensamientos en nuestra meditaci\u00f3n.<\/h4>\n<p>A trav\u00e9s del poder del perd\u00f3n, descubrimos la naturaleza superior de nuestro Esp\u00edritu: la humildad, nobleza, generosidad y un amor y compasi\u00f3n inagotables por todos. A trav\u00e9s de la meditaci\u00f3n, la madurez de un Agnya Chakra evolucionado disuelve todo nuestro ego, condicionamientos, h\u00e1bitos, conceptos err\u00f3neos de racismo y todas nuestras identificaciones falsas. Se describe en las escrituras como la puerta estrecha que abre el camino para que nuestra conciencia alcance su destino final, el s\u00e9ptimo centro, el Chakra Sahasrara, que simboliza el reino espiritual m\u00e1s puro de la existencia.<\/p>\n\t\t<iframe loading=\"lazy\" title=\"Agnya Chakra\" width=\"1920\" height=\"1080\" src=\"https:\/\/www.youtube.com\/embed\/Fu9CT50ZFSc?feature=oembed\" frameborder=\"0\" allow=\"accelerometer; autoplay; clipboard-write; encrypted-media; gyroscope; picture-in-picture; web-share\" allowfullscreen><\/iframe>\t\n\t<strong>Ubicaci\u00f3n:<br \/>\n<\/strong>El Agnya Chakra est\u00e1 ubicado en nuestro cerebro, aproximadamente en la uni\u00f3n de nuestras fibras del nervio \u00f3ptico (llamado quiasma \u00f3ptico en terminolog\u00eda m\u00e9dica) en el centro de nuestra frente. Las vibraciones del Agnya Chakra pueden sentirse en nuestros dedos anulares de ambas manos.\n<strong>Color<\/strong>:<strong><br \/>\n<\/strong>El color plata representa el Chakra Agnya. Este Chakra est\u00e1 alineado con la esencia de la luz.\n<p><strong>Las cualidades del Agnya incluyen:<\/strong><\/p>\n\u2022 Perd\u00f3n<br \/>\n\u2022 Compasi\u00f3n<br \/>\n\u2022 Humildad<br \/>\n\u2022 Conciencia sin pensamientos<br \/>\n\u2022 Ego y s\u00faperego.\n<figure itemscope itemtype=\"https:\/\/schema.org\/ImageObject\">\n\t\t\t\t<img decoding=\"async\" src=\"https:\/\/shrimataji.org\/test\/wp-content\/uploads\/2026\/02\/ES-6-Agnya-scaled.png\" alt=\"ES-6-Agnya\" height=\"2560\" width=\"2431\" title=\"ES-6-Agnya\" onerror=\"this.style.display='none'\" loading=\"lazy\" \/>\n\t<\/figure>\n\t<p>La cualidad principal del Agnya es el perd\u00f3n. Es a trav\u00e9s del despertar de este Chakra que desarrollamos la capacidad de perdonar a los dem\u00e1s y tambi\u00e9n a nosotros mismos por las deficiencias humanas. Al Agnya Chakra tambi\u00e9n se le conoce como &#8220;el tercer ojo&#8221;. Este tercer ojo no se trata de ver im\u00e1genes esot\u00e9ricas o desarrollar habilidades clarividentes, como afirman muchos otros practicantes de yoga, sino que se trata de cambiar la perspectiva a la que estamos predominantemente acostumbrados a trav\u00e9s de nuestros sesgos mentales y emocionales. La misma vida que era estresante, a menudo aburrida o sin sentido, se llena de alegr\u00eda, amor y compasi\u00f3n despu\u00e9s de la autorrealizaci\u00f3n y la apertura del Agnya, ya que nos damos cuenta del verdadero prop\u00f3sito de nuestro nacimiento. Ni la riqueza ni la escasez pueden elevarnos o decepcionarnos, una vez que nos hemos establecido en la realidad de nuestra naturaleza espiritual. Al alcanzar este reino superior, comprendemos por qu\u00e9 Gautama Buda nunca sinti\u00f3 la necesidad de regresar a la comodidad de su palacio despu\u00e9s de su iluminaci\u00f3n.<\/p>\n<strong>Experiencia y Beneficios:<\/strong><br \/>\nTu Chakra Agnya controla tu vista, audici\u00f3n y pensamientos. Tambi\u00e9n controla tu gl\u00e1ndula pituitaria. Esta gl\u00e1ndula esencial, tambi\u00e9n conocida como &#8220;la gl\u00e1ndula maestra&#8221;, regula todas las dem\u00e1s gl\u00e1ndulas endocrinas e influye en tu crecimiento, maduraci\u00f3n fisiol\u00f3gica, metabolismo y sue\u00f1o. Muchos de nosotros pasamos largas horas en la computadora como parte de nuestro trabajo. Tambi\u00e9n pasamos mucho tiempo frente al televisor. Demasiada estimulaci\u00f3n visual puede debilitar nuestro Agnya. Afortunadamente, la pr\u00e1ctica regular de la meditaci\u00f3n en Sahaja Yoga puede aliviar este problema. El Agnya izquierdo est\u00e1 conectado con la porci\u00f3n del superego de tu cerebro, que retiene tus recuerdos, experiencias, h\u00e1bitos y emociones. El Agnya derecho est\u00e1 conectado con la porci\u00f3n del ego de tu cerebro, que se enfoca en el futuro a trav\u00e9s del pensamiento, la planificaci\u00f3n y la acci\u00f3n. Tu ego y superego se intersectan dentro del Chakra Agnya.\n<p>Si tu Agnya izquierdo est\u00e1 sobreactivo, tu superego puede hincharse como un globo. Todo ese enfoque en el pasado puede llevar al desarrollo de un temperamento altamente emocional y pensamientos o comportamientos da\u00f1inos para nosotros mismos. De manera similar, si tu Agnya derecho est\u00e1 sobreactivo, tu ego se hinchar\u00e1 con todo el exceso de pensamiento y planificaci\u00f3n. Esto puede llevar a la agitaci\u00f3n, p\u00e9rdida frecuente del temperamento e incluso comportamiento agresivo hacia los dem\u00e1s.<\/p>\n<p>Afortunadamente, cuando la energ\u00eda Kundalini inunda el Agnya Chakra, se establece un equilibrio muy efectivo que desinfla estos globos. El silencio mental que proviene de la meditaci\u00f3n nos inculca humildad a todos nosotros. A trav\u00e9s de la humildad, desarrollamos el poder del perd\u00f3n. El perd\u00f3n se trata de aceptaci\u00f3n y curaci\u00f3n. Nos libera de los v\u00ednculos negativos de la ira, el odio y el resentimiento. Al perdonar, podr\u00e1s experimentar una tremenda sensaci\u00f3n de paz y alivio.<\/p>\n<strong>Autoevaluaci\u00f3n:<br \/>\n<\/strong>Si tu Chakra Agnya est\u00e1 bloqueado, es posible que experimentes una incapacidad para perdonarte a ti mismo o a los dem\u00e1s. Tambi\u00e9n puedes encontrarte reflexionando sobre el pasado o consumido por la autocompasi\u00f3n. El ego\u00edsmo y la agresividad son otros signos de un desequilibrio del Agnya, as\u00ed como una obsesi\u00f3n con la pornograf\u00eda o fantas\u00edas sexuales distractoras. Preocuparte, pensar en exceso y planificar en exceso tambi\u00e9n pueden indicar un bloqueo del Agnya Chakra\n<p><strong>Causas de desequilibrio:<\/strong><\/p>\n<ul>\n<li>Conceptos r\u00edgidos.<\/li>\n<li>Patrones fijos de comportamiento.<\/li>\n<li>Ir a extremos en nuestras acciones.<\/li>\n<\/ul>\n<strong>C\u00f3mo equilibrar:<br \/>\n<\/strong>Para equilibrar tu Agnya Chakra, practica tu meditaci\u00f3n en un entorno natural. Intenta meditar al aire libre mientras miras el cielo. Tambi\u00e9n puedes colocar tu mano derecha en tu frente, luego bajar ligeramente la cabeza y decir: &#8220;yo perdono a todos, incluy\u00e9ndome a m\u00ed mismo&#8221;. Intenta expresar tu perd\u00f3n desde el coraz\u00f3n.\n<p>La mejor manera de mantener equilibrado tu Agnya es evitar pensar y planificar en exceso. \u00a1Vive en el presente y goza de cada segundo!<\/p>\n\n","protected":false},"excerpt":{"rendered":"<p>Chakra Agnya El poder del Perd\u00f3n La esencia de este Chakra es el perd\u00f3n. Cuando no perdonamos, realmente nos hacemos da\u00f1o al desequilibrar este Chakra. El perd\u00f3n es el poder de dejar ir la ira, el odio y el resentimiento, lo cual tal vez no es f\u00e1cil antes de la autorrealizaci\u00f3n. Al simplemente decir &#8220;yo&hellip; <br \/> <a class=\"read-more\" href=\"https:\/\/shrimataji.org\/test\/es\/chakra-agnya-es\/\">Read more<\/a><\/p>\n","protected":false},"author":63,"featured_media":9256,"parent":0,"menu_order":0,"comment_status":"closed","ping_status":"closed","template":"","meta":{"inline_featured_image":false,"footnotes":""},"class_list":["post-10915","page","type-page","status-publish","has-post-thumbnail","hentry"],"yoast_head":"<!-- This site is optimized with the Yoast SEO plugin v27.4 - https:\/\/yoast.com\/product\/yoast-seo-wordpress\/ -->\n<title>Chakra Agnya - TEST - SMND<\/title>\n<meta name=\"robots\" content=\"noindex, follow, max-snippet:-1, max-image-preview:large, max-video-preview:-1\" \/>\n<meta property=\"og:locale\" content=\"en_US\" \/>\n<meta property=\"og:type\" content=\"article\" \/>\n<meta property=\"og:title\" content=\"Chakra Agnya - TEST - SMND\" \/>\n<meta property=\"og:description\" content=\"Chakra Agnya El poder del Perd\u00f3n La esencia de este Chakra es el perd\u00f3n. Cuando no perdonamos, realmente nos hacemos da\u00f1o al desequilibrar este Chakra. El perd\u00f3n es el poder de dejar ir la ira, el odio y el resentimiento, lo cual tal vez no es f\u00e1cil antes de la autorrealizaci\u00f3n. Al simplemente decir &#8220;yo&hellip; Read more\" \/>\n<meta property=\"og:url\" content=\"https:\/\/shrimataji.org\/test\/es\/chakra-agnya-es\/\" \/>\n<meta property=\"og:site_name\" content=\"TEST - SMND\" \/>\n<meta property=\"article:publisher\" content=\"https:\/\/www.facebook.com\/shrimataji\" \/>\n<meta property=\"article:modified_time\" content=\"2026-03-11T23:49:00+00:00\" \/>\n<meta property=\"og:image\" content=\"https:\/\/shrimataji.org\/test\/wp-content\/uploads\/2023\/03\/21_Banner-SY-Chakra-agnya-scaled.jpg\" \/>\n\t<meta property=\"og:image:width\" content=\"2560\" \/>\n\t<meta property=\"og:image:height\" content=\"905\" \/>\n\t<meta property=\"og:image:type\" content=\"image\/jpeg\" \/>\n<meta name=\"twitter:card\" content=\"summary_large_image\" \/>\n<meta name=\"twitter:site\" content=\"@shrimataji\" \/>\n<meta name=\"twitter:label1\" content=\"Est. reading time\" \/>\n\t<meta name=\"twitter:data1\" content=\"4 minutes\" \/>\n<script type=\"application\/ld+json\" class=\"yoast-schema-graph\">{\"@context\":\"https:\\\/\\\/schema.org\",\"@graph\":[{\"@type\":\"WebPage\",\"@id\":\"https:\\\/\\\/shrimataji.org\\\/test\\\/es\\\/chakra-agnya-es\\\/\",\"url\":\"https:\\\/\\\/shrimataji.org\\\/test\\\/es\\\/chakra-agnya-es\\\/\",\"name\":\"Chakra Agnya - TEST - SMND\",\"isPartOf\":{\"@id\":\"https:\\\/\\\/shrimataji.org\\\/test\\\/#website\"},\"primaryImageOfPage\":{\"@id\":\"https:\\\/\\\/shrimataji.org\\\/test\\\/es\\\/chakra-agnya-es\\\/#primaryimage\"},\"image\":{\"@id\":\"https:\\\/\\\/shrimataji.org\\\/test\\\/es\\\/chakra-agnya-es\\\/#primaryimage\"},\"thumbnailUrl\":\"https:\\\/\\\/shrimataji.org\\\/test\\\/wp-content\\\/uploads\\\/2023\\\/03\\\/21_Banner-SY-Chakra-agnya-scaled.jpg\",\"datePublished\":\"2022-03-05T07:57:08+00:00\",\"dateModified\":\"2026-03-11T23:49:00+00:00\",\"breadcrumb\":{\"@id\":\"https:\\\/\\\/shrimataji.org\\\/test\\\/es\\\/chakra-agnya-es\\\/#breadcrumb\"},\"inLanguage\":\"en-US\",\"potentialAction\":[{\"@type\":\"ReadAction\",\"target\":[\"https:\\\/\\\/shrimataji.org\\\/test\\\/es\\\/chakra-agnya-es\\\/\"]}]},{\"@type\":\"ImageObject\",\"inLanguage\":\"en-US\",\"@id\":\"https:\\\/\\\/shrimataji.org\\\/test\\\/es\\\/chakra-agnya-es\\\/#primaryimage\",\"url\":\"https:\\\/\\\/shrimataji.org\\\/test\\\/wp-content\\\/uploads\\\/2023\\\/03\\\/21_Banner-SY-Chakra-agnya-scaled.jpg\",\"contentUrl\":\"https:\\\/\\\/shrimataji.org\\\/test\\\/wp-content\\\/uploads\\\/2023\\\/03\\\/21_Banner-SY-Chakra-agnya-scaled.jpg\",\"width\":2560,\"height\":905},{\"@type\":\"BreadcrumbList\",\"@id\":\"https:\\\/\\\/shrimataji.org\\\/test\\\/es\\\/chakra-agnya-es\\\/#breadcrumb\",\"itemListElement\":[{\"@type\":\"ListItem\",\"position\":1,\"name\":\"Home\",\"item\":\"https:\\\/\\\/shrimataji.org\\\/test\\\/uk\\\/home-en\\\/\"},{\"@type\":\"ListItem\",\"position\":2,\"name\":\"Chakra Agnya\"}]},{\"@type\":\"WebSite\",\"@id\":\"https:\\\/\\\/shrimataji.org\\\/test\\\/#website\",\"url\":\"https:\\\/\\\/shrimataji.org\\\/test\\\/\",\"name\":\"Shri Mataji Nirmala Devi\",\"description\":\"A Life Dedicated to Humanity\",\"publisher\":{\"@id\":\"https:\\\/\\\/shrimataji.org\\\/test\\\/#\\\/schema\\\/person\\\/a1b3419c6585f164aa96da1ff85715d1\"},\"potentialAction\":[{\"@type\":\"SearchAction\",\"target\":{\"@type\":\"EntryPoint\",\"urlTemplate\":\"https:\\\/\\\/shrimataji.org\\\/test\\\/?s={search_term_string}\"},\"query-input\":{\"@type\":\"PropertyValueSpecification\",\"valueRequired\":true,\"valueName\":\"search_term_string\"}}],\"inLanguage\":\"en-US\"},{\"@type\":[\"Person\",\"Organization\"],\"@id\":\"https:\\\/\\\/shrimataji.org\\\/test\\\/#\\\/schema\\\/person\\\/a1b3419c6585f164aa96da1ff85715d1\",\"name\":\"Nirmala Shrivastava\",\"image\":{\"@type\":\"ImageObject\",\"inLanguage\":\"en-US\",\"@id\":\"https:\\\/\\\/shrimataji.org\\\/test\\\/wp-content\\\/uploads\\\/2023\\\/02\\\/SMO_LOGO-03.svg\",\"url\":\"https:\\\/\\\/shrimataji.org\\\/test\\\/wp-content\\\/uploads\\\/2023\\\/02\\\/SMO_LOGO-03.svg\",\"contentUrl\":\"https:\\\/\\\/shrimataji.org\\\/test\\\/wp-content\\\/uploads\\\/2023\\\/02\\\/SMO_LOGO-03.svg\",\"width\":\"1024\",\"height\":\"1024\",\"caption\":\"Nirmala Shrivastava\"},\"logo\":{\"@id\":\"https:\\\/\\\/shrimataji.org\\\/test\\\/wp-content\\\/uploads\\\/2023\\\/02\\\/SMO_LOGO-03.svg\"},\"sameAs\":[\"https:\\\/\\\/shrimataji.org\\\/test\",\"https:\\\/\\\/www.facebook.com\\\/shrimataji\",\"https:\\\/\\\/x.com\\\/shrimataji\",\"https:\\\/\\\/www.youtube.com\\\/@Shri_Mataji_Nirmala_Devi\\\/featured\"]}]}<\/script>\n<!-- \/ Yoast SEO plugin. -->","yoast_head_json":{"title":"Chakra Agnya - TEST - SMND","robots":{"index":"noindex","follow":"follow","max-snippet":"max-snippet:-1","max-image-preview":"max-image-preview:large","max-video-preview":"max-video-preview:-1"},"og_locale":"en_US","og_type":"article","og_title":"Chakra Agnya - TEST - SMND","og_description":"Chakra Agnya El poder del Perd\u00f3n La esencia de este Chakra es el perd\u00f3n. Cuando no perdonamos, realmente nos hacemos da\u00f1o al desequilibrar este Chakra. El perd\u00f3n es el poder de dejar ir la ira, el odio y el resentimiento, lo cual tal vez no es f\u00e1cil antes de la autorrealizaci\u00f3n. Al simplemente decir &#8220;yo&hellip; Read more","og_url":"https:\/\/shrimataji.org\/test\/es\/chakra-agnya-es\/","og_site_name":"TEST - SMND","article_publisher":"https:\/\/www.facebook.com\/shrimataji","article_modified_time":"2026-03-11T23:49:00+00:00","og_image":[{"width":2560,"height":905,"url":"https:\/\/shrimataji.org\/test\/wp-content\/uploads\/2023\/03\/21_Banner-SY-Chakra-agnya-scaled.jpg","type":"image\/jpeg"}],"twitter_card":"summary_large_image","twitter_site":"@shrimataji","twitter_misc":{"Est. reading time":"4 minutes"},"schema":{"@context":"https:\/\/schema.org","@graph":[{"@type":"WebPage","@id":"https:\/\/shrimataji.org\/test\/es\/chakra-agnya-es\/","url":"https:\/\/shrimataji.org\/test\/es\/chakra-agnya-es\/","name":"Chakra Agnya - TEST - SMND","isPartOf":{"@id":"https:\/\/shrimataji.org\/test\/#website"},"primaryImageOfPage":{"@id":"https:\/\/shrimataji.org\/test\/es\/chakra-agnya-es\/#primaryimage"},"image":{"@id":"https:\/\/shrimataji.org\/test\/es\/chakra-agnya-es\/#primaryimage"},"thumbnailUrl":"https:\/\/shrimataji.org\/test\/wp-content\/uploads\/2023\/03\/21_Banner-SY-Chakra-agnya-scaled.jpg","datePublished":"2022-03-05T07:57:08+00:00","dateModified":"2026-03-11T23:49:00+00:00","breadcrumb":{"@id":"https:\/\/shrimataji.org\/test\/es\/chakra-agnya-es\/#breadcrumb"},"inLanguage":"en-US","potentialAction":[{"@type":"ReadAction","target":["https:\/\/shrimataji.org\/test\/es\/chakra-agnya-es\/"]}]},{"@type":"ImageObject","inLanguage":"en-US","@id":"https:\/\/shrimataji.org\/test\/es\/chakra-agnya-es\/#primaryimage","url":"https:\/\/shrimataji.org\/test\/wp-content\/uploads\/2023\/03\/21_Banner-SY-Chakra-agnya-scaled.jpg","contentUrl":"https:\/\/shrimataji.org\/test\/wp-content\/uploads\/2023\/03\/21_Banner-SY-Chakra-agnya-scaled.jpg","width":2560,"height":905},{"@type":"BreadcrumbList","@id":"https:\/\/shrimataji.org\/test\/es\/chakra-agnya-es\/#breadcrumb","itemListElement":[{"@type":"ListItem","position":1,"name":"Home","item":"https:\/\/shrimataji.org\/test\/uk\/home-en\/"},{"@type":"ListItem","position":2,"name":"Chakra Agnya"}]},{"@type":"WebSite","@id":"https:\/\/shrimataji.org\/test\/#website","url":"https:\/\/shrimataji.org\/test\/","name":"Shri Mataji Nirmala Devi","description":"A Life Dedicated to Humanity","publisher":{"@id":"https:\/\/shrimataji.org\/test\/#\/schema\/person\/a1b3419c6585f164aa96da1ff85715d1"},"potentialAction":[{"@type":"SearchAction","target":{"@type":"EntryPoint","urlTemplate":"https:\/\/shrimataji.org\/test\/?s={search_term_string}"},"query-input":{"@type":"PropertyValueSpecification","valueRequired":true,"valueName":"search_term_string"}}],"inLanguage":"en-US"},{"@type":["Person","Organization"],"@id":"https:\/\/shrimataji.org\/test\/#\/schema\/person\/a1b3419c6585f164aa96da1ff85715d1","name":"Nirmala Shrivastava","image":{"@type":"ImageObject","inLanguage":"en-US","@id":"https:\/\/shrimataji.org\/test\/wp-content\/uploads\/2023\/02\/SMO_LOGO-03.svg","url":"https:\/\/shrimataji.org\/test\/wp-content\/uploads\/2023\/02\/SMO_LOGO-03.svg","contentUrl":"https:\/\/shrimataji.org\/test\/wp-content\/uploads\/2023\/02\/SMO_LOGO-03.svg","width":"1024","height":"1024","caption":"Nirmala Shrivastava"},"logo":{"@id":"https:\/\/shrimataji.org\/test\/wp-content\/uploads\/2023\/02\/SMO_LOGO-03.svg"},"sameAs":["https:\/\/shrimataji.org\/test","https:\/\/www.facebook.com\/shrimataji","https:\/\/x.com\/shrimataji","https:\/\/www.youtube.com\/@Shri_Mataji_Nirmala_Devi\/featured"]}]}},"lang":"es","translations":{"es":10915,"ur":37387,"en":6497,"am":17958,"th":19882,"hu":19433,"sq":18359,"zh":17256,"hi":7347,"tr":10131,"pt":10348,"de":10621,"fr":10719,"it":10817,"ja":11212,"ru":11400,"bn":11592,"te":11700,"sw":11823,"he":11971,"el":12262,"sk":12360,"fa":12458,"fi":12556,"bg":13366,"ro":14440,"cs":14633,"nl":16519,"ku":16679,"ar":16855,"be":18566,"kn":18840,"mr":20246,"uk":20538,"ml":20837,"ta":22674,"sv":22947,"gu":28795,"pa":28953,"fil":29393,"da":37701,"pl":37918,"nn":38253},"pll_sync_post":[],"_links":{"self":[{"href":"https:\/\/shrimataji.org\/test\/wp-json\/wp\/v2\/pages\/10915","targetHints":{"allow":["GET"]}}],"collection":[{"href":"https:\/\/shrimataji.org\/test\/wp-json\/wp\/v2\/pages"}],"about":[{"href":"https:\/\/shrimataji.org\/test\/wp-json\/wp\/v2\/types\/page"}],"author":[{"embeddable":true,"href":"https:\/\/shrimataji.org\/test\/wp-json\/wp\/v2\/users\/63"}],"replies":[{"embeddable":true,"href":"https:\/\/shrimataji.org\/test\/wp-json\/wp\/v2\/comments?post=10915"}],"version-history":[{"count":0,"href":"https:\/\/shrimataji.org\/test\/wp-json\/wp\/v2\/pages\/10915\/revisions"}],"wp:featuredmedia":[{"embeddable":true,"href":"https:\/\/shrimataji.org\/test\/wp-json\/wp\/v2\/media\/9256"}],"wp:attachment":[{"href":"https:\/\/shrimataji.org\/test\/wp-json\/wp\/v2\/media?parent=10915"}],"curies":[{"name":"wp","href":"https:\/\/api.w.org\/{rel}","templated":true}]}}