{"id":10916,"date":"2022-03-05T07:42:03","date_gmt":"2022-03-05T07:42:03","guid":{"rendered":"https:\/\/test.shrimataji.org\/?page_id=6490"},"modified":"2026-03-11T23:49:00","modified_gmt":"2026-03-11T23:49:00","slug":"chakra-anahata-es","status":"publish","type":"page","link":"https:\/\/shrimataji.org\/test\/es\/chakra-anahata-es\/","title":{"rendered":"Chakra Anahata"},"content":{"rendered":"\n\n\t<h1>Anahata Chakra<\/h1>\n<h2>Amor Incondicional y Ausencia de Miedo<\/h2>\n<p><strong>El esp\u00edritu eterno y omnipresente (llamado &#8220;Atma&#8221;) entra por primera vez en el cerebro en las primeras etapas de la formaci\u00f3n del feto humano. Shri Mataji describe este momento como el primer latido del coraz\u00f3n que desencadena la fuerza vital dentro de nosotros y crea una cadena de eventos en la que nuestra <a href=\"https:\/\/shrimataji.org\/test\/es\/kundalini-es\/\" target=\"_blank\" rel=\"noopener\">Kundalini<\/a> entrelaza nuestro cuerpo sutil con el desarrollo del cuerpo f\u00edsico.<\/strong><\/p>\n<p><strong>Este coraz\u00f3n palpitante que se desarrolla cerca de la cabeza del feto luego es empujado hacia el pecho a medida que nuestro cuerpo se desarrolla. Reside all\u00ed como eternamente puro y sin verse afectado por ning\u00fan evento de nuestra vida, como un espectador que presencia el juego de la vida.<\/strong><\/p>\n<p>Cuando la Kundalini ilumina este centro, experimentamos una sensaci\u00f3n de amor puro e incondicional, que es la verdadera naturaleza de nuestro esp\u00edritu. Se desarrolla un sentido de desapego de nuestra vida terrenal a medida que nuestra conciencia se libera de las ilusiones en las que estamos enredados en el nivel del Vac\u00edo que envuelve el tercer centro. Tambi\u00e9n nos volvemos completamente intr\u00e9pidos una vez que estamos libres de ilusiones.<\/p>\nEs desde un coraz\u00f3n puro que se manifiesta la compasi\u00f3n y el amor,<br \/>\ny tambi\u00e9n el chakra del Coraz\u00f3n es el que nos da el sentido de responsabilidad y comportamiento benevolente hacia los dem\u00e1s. El chakra del Coraz\u00f3n tambi\u00e9n nos proporciona seguridad y confianza completas. Una personalidad as\u00ed es muy din\u00e1mica, llena de visi\u00f3n y prop\u00f3sito en la vida. Un ejemplo cl\u00e1sico es el de Gandhi, cuyo esfuerzo desinteresado contribuy\u00f3 a la independencia de la India.\n\t\t<iframe loading=\"lazy\" title=\"Anahata Chakra\" width=\"1920\" height=\"1080\" src=\"https:\/\/www.youtube.com\/embed\/Hj3SNT9-pfk?feature=oembed\" frameborder=\"0\" allow=\"accelerometer; autoplay; clipboard-write; encrypted-media; gyroscope; picture-in-picture; web-share\" allowfullscreen><\/iframe>\t\n\t<strong>Ubicaci\u00f3n:<br \/>\n<\/strong>El chakra Anahata se encuentra en nuestra columna vertebral, aproximadamente a la altura del pecho, detr\u00e1s del hueso estern\u00f3n. Este centro gobierna el funcionamiento del plexo card\u00edaco. Las vibraciones del chakra Anahata se pueden sentir en los dedos me\u00f1iques de ambas manos.\n<strong>Color<\/strong>:<strong><br \/>\n<\/strong>El chakra Anahata se representa con el color rojo. Se corresponde con el elemento esencial del aire.\n<strong>Las cualidades del chakra Anahata incluyen:<\/strong><br \/>\n\u2022 Amor incondicional<br \/>\n\u2022 Compasi\u00f3n incondicional<br \/>\n\u2022 Comportamiento grato<br \/>\n\u2022 Verdad<br \/>\n\u2022 Alegr\u00eda<br \/>\n\u2022 Confianza<br \/>\n\u2022 Ausencia de miedo y sensaci\u00f3n de seguridad en la vida<br \/>\n\u2022 Relaciones paternas y maternas positivas\n<figure itemscope itemtype=\"https:\/\/schema.org\/ImageObject\">\n\t\t\t\t<img decoding=\"async\" src=\"https:\/\/shrimataji.org\/test\/wp-content\/uploads\/2026\/02\/ES-4-Anahata-scaled.png\" alt=\"ES-4-Anahata\" height=\"2560\" width=\"2433\" title=\"ES-4-Anahata\" onerror=\"this.style.display='none'\" loading=\"lazy\" \/>\n\t<\/figure>\n\t<p>La cualidad fundamental del chakra Anahata es el amor incondicional. La activaci\u00f3n de este chakra despu\u00e9s de la autorrealizaci\u00f3n nos permite sentirnos seguros de nosotros mismos, moralmente responsables y emocionalmente equilibrados. Cuando las cualidades de este centro sutil se despliegan en nuestra conciencia, experimentamos la alegr\u00eda pura de la existencia. Descubrimos el verdadero prop\u00f3sito de nuestra vida y nos esforzamos siempre por evolucionar hacia un estado superior de conciencia espiritual.<\/p>\n<strong>Experiencia y Beneficios:<\/strong><br \/>\nLa funci\u00f3n fisiol\u00f3gica m\u00e1s importante del chakra Anahata es la regulaci\u00f3n del coraz\u00f3n y los pulmones. Estos \u00f3rganos controlan la salud de tus sistemas circulatorio y respiratorio, lo que hace que su funcionamiento adecuado sea absolutamente esencial. El chakra Anahata tambi\u00e9n controla los senos y la gl\u00e1ndula del timo. La gl\u00e1ndula del timo es una peque\u00f1a gl\u00e1ndula ubicada detr\u00e1s de la parte superior del estern\u00f3n y es esencial en el funcionamiento del sistema inmunol\u00f3gico.\n<p>A veces, confundimos el amor y la compasi\u00f3n con sentimientos menos deseables de posesi\u00f3n y ego\u00edsmo. Debido a que Sahaja Yoga llena tu coraz\u00f3n de energ\u00eda divina, lograr\u00e1s distinguir la diferencia. Te encontrar\u00e1s m\u00e1s consciente de las necesidades de los dem\u00e1s. Podr\u00e1s amar de manera pura y sin ego\u00edsmo.<\/p>\n<p>Al igual que con muchos de los otros chakras, las tensiones de la vida cotidiana pueden llevar a bloqueos y desequilibrios. Los pensamientos y planificaci\u00f3n en exceso, la inseguridad y la ansiedad pueden contribuir a un desequilibrio de tu chakra Anahata. Sin embargo, cuando das energ\u00eda a este chakra a trav\u00e9s de la meditaci\u00f3n, recuperar\u00e1s el equilibrio. Te sentir\u00e1s seguro y protegido, inmune a influencias negativas. Cuando el chakra Coraz\u00f3n es fuerte, eres libre de apreciar plenamente la alegr\u00eda de la vida.<\/p>\n<p>Incluso si has experimentado relaciones maternas o paternas negativas, un chakra Anahata fuerte puede ayudarte a repararlas. Aprender\u00e1s a establecer l\u00edmites para tu propio comportamiento y respetar los l\u00edmites de los dem\u00e1s. Como resultado, todas tus relaciones mejorar\u00e1n.<\/p>\n<strong>Autoevaluaci\u00f3n:<br \/>\n<\/strong>Si tu chakra Anahata est\u00e1 bloqueado o desequilibrado, es posible que experimentes s\u00edntomas como palpitaciones card\u00edacas, asma y un sistema inmunol\u00f3gico debilitado. En los casos m\u00e1s graves, puede ocurrir un ataque al coraz\u00f3n, c\u00e1ncer de mama y enfermedades pulmonares. Sin embargo, es poco probable que hayas llegado a tal estado. Equilibrar este chakra es sencillo y te ayudar\u00e1 a prevenir estas enfermedades graves, as\u00ed como s\u00edntomas menos graves.\n<p><strong>Razones de los Desequilibrios:<\/strong><\/p>\n<ul>\n<li> Miedo<\/li>\n<li> Inseguridad<\/li>\n<li> Sobre responsabilidad \/ Falta de responsabilidad<\/li>\n<li> Inter\u00e9s meramente individualista<\/li>\n<\/ul>\n<strong>C\u00f3mo Equilibrar:<br \/>\n<\/strong>Si necesitas equilibrar tu chakra Anahata, respira profunda y lentamente durante algunos segundos. Te sentir\u00e1s relajado mientras inhalas y exhalas. Toma una respiraci\u00f3n profunda y mant\u00e9nla durante varios segundos, exhala lenta y suavemente. Repite el proceso varias veces.\n<p>Para equilibrar tu Anahata derecho, central o izquierdo, tambi\u00e9n puedes utilizar el siguiente m\u00e9todo: coloca tu mano derecha a pocos cent\u00edmetros del centro de tu pecho, con la palma hacia ti. A medida que la energ\u00eda fluye a trav\u00e9s de tu mano, g\u00edrala en sentido horario alrededor del chakra. Repite la rotaci\u00f3n varias veces.<\/p>\n<p>Puedes equilibrar espec\u00edficamente tu Anahata izquierdo colocando tu mano derecha en tu coraz\u00f3n mientras meditas. Repite estas palabras varias veces: &#8220;Soy uno con mi esp\u00edritu&#8221;. Siente estas palabras en tu coraz\u00f3n.<\/p>\n\n","protected":false},"excerpt":{"rendered":"<p>Anahata Chakra Amor Incondicional y Ausencia de Miedo El esp\u00edritu eterno y omnipresente (llamado &#8220;Atma&#8221;) entra por primera vez en el cerebro en las primeras etapas de la formaci\u00f3n del feto humano. Shri Mataji describe este momento como el primer latido del coraz\u00f3n que desencadena la fuerza vital dentro de nosotros y crea una cadena&hellip; <br \/> <a class=\"read-more\" href=\"https:\/\/shrimataji.org\/test\/es\/chakra-anahata-es\/\">Read more<\/a><\/p>\n","protected":false},"author":63,"featured_media":9254,"parent":0,"menu_order":0,"comment_status":"closed","ping_status":"closed","template":"","meta":{"inline_featured_image":false,"footnotes":""},"class_list":["post-10916","page","type-page","status-publish","has-post-thumbnail","hentry"],"yoast_head":"<!-- This site is optimized with the Yoast SEO plugin v27.4 - https:\/\/yoast.com\/product\/yoast-seo-wordpress\/ -->\n<title>Chakra Anahata - TEST - SMND<\/title>\n<meta name=\"robots\" content=\"noindex, follow, max-snippet:-1, max-image-preview:large, max-video-preview:-1\" \/>\n<meta property=\"og:locale\" content=\"en_US\" \/>\n<meta property=\"og:type\" content=\"article\" \/>\n<meta property=\"og:title\" content=\"Chakra Anahata - TEST - SMND\" \/>\n<meta property=\"og:description\" content=\"Anahata Chakra Amor Incondicional y Ausencia de Miedo El esp\u00edritu eterno y omnipresente (llamado &#8220;Atma&#8221;) entra por primera vez en el cerebro en las primeras etapas de la formaci\u00f3n del feto humano. Shri Mataji describe este momento como el primer latido del coraz\u00f3n que desencadena la fuerza vital dentro de nosotros y crea una cadena&hellip; Read more\" \/>\n<meta property=\"og:url\" content=\"https:\/\/shrimataji.org\/test\/es\/chakra-anahata-es\/\" \/>\n<meta property=\"og:site_name\" content=\"TEST - SMND\" \/>\n<meta property=\"article:publisher\" content=\"https:\/\/www.facebook.com\/shrimataji\" \/>\n<meta property=\"article:modified_time\" content=\"2026-03-11T23:49:00+00:00\" \/>\n<meta property=\"og:image\" content=\"https:\/\/shrimataji.org\/test\/wp-content\/uploads\/2023\/03\/19_Banner-SY-Chakra-anahat-scaled.jpg\" \/>\n\t<meta property=\"og:image:width\" content=\"2560\" \/>\n\t<meta property=\"og:image:height\" content=\"905\" \/>\n\t<meta property=\"og:image:type\" content=\"image\/jpeg\" \/>\n<meta name=\"twitter:card\" content=\"summary_large_image\" \/>\n<meta name=\"twitter:site\" content=\"@shrimataji\" \/>\n<meta name=\"twitter:label1\" content=\"Est. reading time\" \/>\n\t<meta name=\"twitter:data1\" content=\"4 minutes\" \/>\n<script type=\"application\/ld+json\" class=\"yoast-schema-graph\">{\"@context\":\"https:\\\/\\\/schema.org\",\"@graph\":[{\"@type\":\"WebPage\",\"@id\":\"https:\\\/\\\/shrimataji.org\\\/test\\\/es\\\/chakra-anahata-es\\\/\",\"url\":\"https:\\\/\\\/shrimataji.org\\\/test\\\/es\\\/chakra-anahata-es\\\/\",\"name\":\"Chakra Anahata - TEST - SMND\",\"isPartOf\":{\"@id\":\"https:\\\/\\\/shrimataji.org\\\/test\\\/#website\"},\"primaryImageOfPage\":{\"@id\":\"https:\\\/\\\/shrimataji.org\\\/test\\\/es\\\/chakra-anahata-es\\\/#primaryimage\"},\"image\":{\"@id\":\"https:\\\/\\\/shrimataji.org\\\/test\\\/es\\\/chakra-anahata-es\\\/#primaryimage\"},\"thumbnailUrl\":\"https:\\\/\\\/shrimataji.org\\\/test\\\/wp-content\\\/uploads\\\/2023\\\/03\\\/19_Banner-SY-Chakra-anahat-scaled.jpg\",\"datePublished\":\"2022-03-05T07:42:03+00:00\",\"dateModified\":\"2026-03-11T23:49:00+00:00\",\"breadcrumb\":{\"@id\":\"https:\\\/\\\/shrimataji.org\\\/test\\\/es\\\/chakra-anahata-es\\\/#breadcrumb\"},\"inLanguage\":\"en-US\",\"potentialAction\":[{\"@type\":\"ReadAction\",\"target\":[\"https:\\\/\\\/shrimataji.org\\\/test\\\/es\\\/chakra-anahata-es\\\/\"]}]},{\"@type\":\"ImageObject\",\"inLanguage\":\"en-US\",\"@id\":\"https:\\\/\\\/shrimataji.org\\\/test\\\/es\\\/chakra-anahata-es\\\/#primaryimage\",\"url\":\"https:\\\/\\\/shrimataji.org\\\/test\\\/wp-content\\\/uploads\\\/2023\\\/03\\\/19_Banner-SY-Chakra-anahat-scaled.jpg\",\"contentUrl\":\"https:\\\/\\\/shrimataji.org\\\/test\\\/wp-content\\\/uploads\\\/2023\\\/03\\\/19_Banner-SY-Chakra-anahat-scaled.jpg\",\"width\":2560,\"height\":905},{\"@type\":\"BreadcrumbList\",\"@id\":\"https:\\\/\\\/shrimataji.org\\\/test\\\/es\\\/chakra-anahata-es\\\/#breadcrumb\",\"itemListElement\":[{\"@type\":\"ListItem\",\"position\":1,\"name\":\"Home\",\"item\":\"https:\\\/\\\/shrimataji.org\\\/test\\\/uk\\\/home-en\\\/\"},{\"@type\":\"ListItem\",\"position\":2,\"name\":\"Chakra Anahata\"}]},{\"@type\":\"WebSite\",\"@id\":\"https:\\\/\\\/shrimataji.org\\\/test\\\/#website\",\"url\":\"https:\\\/\\\/shrimataji.org\\\/test\\\/\",\"name\":\"Shri Mataji Nirmala Devi\",\"description\":\"A Life Dedicated to Humanity\",\"publisher\":{\"@id\":\"https:\\\/\\\/shrimataji.org\\\/test\\\/#\\\/schema\\\/person\\\/a1b3419c6585f164aa96da1ff85715d1\"},\"potentialAction\":[{\"@type\":\"SearchAction\",\"target\":{\"@type\":\"EntryPoint\",\"urlTemplate\":\"https:\\\/\\\/shrimataji.org\\\/test\\\/?s={search_term_string}\"},\"query-input\":{\"@type\":\"PropertyValueSpecification\",\"valueRequired\":true,\"valueName\":\"search_term_string\"}}],\"inLanguage\":\"en-US\"},{\"@type\":[\"Person\",\"Organization\"],\"@id\":\"https:\\\/\\\/shrimataji.org\\\/test\\\/#\\\/schema\\\/person\\\/a1b3419c6585f164aa96da1ff85715d1\",\"name\":\"Nirmala Shrivastava\",\"image\":{\"@type\":\"ImageObject\",\"inLanguage\":\"en-US\",\"@id\":\"https:\\\/\\\/shrimataji.org\\\/test\\\/wp-content\\\/uploads\\\/2023\\\/02\\\/SMO_LOGO-03.svg\",\"url\":\"https:\\\/\\\/shrimataji.org\\\/test\\\/wp-content\\\/uploads\\\/2023\\\/02\\\/SMO_LOGO-03.svg\",\"contentUrl\":\"https:\\\/\\\/shrimataji.org\\\/test\\\/wp-content\\\/uploads\\\/2023\\\/02\\\/SMO_LOGO-03.svg\",\"width\":\"1024\",\"height\":\"1024\",\"caption\":\"Nirmala Shrivastava\"},\"logo\":{\"@id\":\"https:\\\/\\\/shrimataji.org\\\/test\\\/wp-content\\\/uploads\\\/2023\\\/02\\\/SMO_LOGO-03.svg\"},\"sameAs\":[\"https:\\\/\\\/shrimataji.org\\\/test\",\"https:\\\/\\\/www.facebook.com\\\/shrimataji\",\"https:\\\/\\\/x.com\\\/shrimataji\",\"https:\\\/\\\/www.youtube.com\\\/@Shri_Mataji_Nirmala_Devi\\\/featured\"]}]}<\/script>\n<!-- \/ Yoast SEO plugin. -->","yoast_head_json":{"title":"Chakra Anahata - TEST - SMND","robots":{"index":"noindex","follow":"follow","max-snippet":"max-snippet:-1","max-image-preview":"max-image-preview:large","max-video-preview":"max-video-preview:-1"},"og_locale":"en_US","og_type":"article","og_title":"Chakra Anahata - TEST - SMND","og_description":"Anahata Chakra Amor Incondicional y Ausencia de Miedo El esp\u00edritu eterno y omnipresente (llamado &#8220;Atma&#8221;) entra por primera vez en el cerebro en las primeras etapas de la formaci\u00f3n del feto humano. Shri Mataji describe este momento como el primer latido del coraz\u00f3n que desencadena la fuerza vital dentro de nosotros y crea una cadena&hellip; Read more","og_url":"https:\/\/shrimataji.org\/test\/es\/chakra-anahata-es\/","og_site_name":"TEST - SMND","article_publisher":"https:\/\/www.facebook.com\/shrimataji","article_modified_time":"2026-03-11T23:49:00+00:00","og_image":[{"width":2560,"height":905,"url":"https:\/\/shrimataji.org\/test\/wp-content\/uploads\/2023\/03\/19_Banner-SY-Chakra-anahat-scaled.jpg","type":"image\/jpeg"}],"twitter_card":"summary_large_image","twitter_site":"@shrimataji","twitter_misc":{"Est. reading time":"4 minutes"},"schema":{"@context":"https:\/\/schema.org","@graph":[{"@type":"WebPage","@id":"https:\/\/shrimataji.org\/test\/es\/chakra-anahata-es\/","url":"https:\/\/shrimataji.org\/test\/es\/chakra-anahata-es\/","name":"Chakra Anahata - TEST - SMND","isPartOf":{"@id":"https:\/\/shrimataji.org\/test\/#website"},"primaryImageOfPage":{"@id":"https:\/\/shrimataji.org\/test\/es\/chakra-anahata-es\/#primaryimage"},"image":{"@id":"https:\/\/shrimataji.org\/test\/es\/chakra-anahata-es\/#primaryimage"},"thumbnailUrl":"https:\/\/shrimataji.org\/test\/wp-content\/uploads\/2023\/03\/19_Banner-SY-Chakra-anahat-scaled.jpg","datePublished":"2022-03-05T07:42:03+00:00","dateModified":"2026-03-11T23:49:00+00:00","breadcrumb":{"@id":"https:\/\/shrimataji.org\/test\/es\/chakra-anahata-es\/#breadcrumb"},"inLanguage":"en-US","potentialAction":[{"@type":"ReadAction","target":["https:\/\/shrimataji.org\/test\/es\/chakra-anahata-es\/"]}]},{"@type":"ImageObject","inLanguage":"en-US","@id":"https:\/\/shrimataji.org\/test\/es\/chakra-anahata-es\/#primaryimage","url":"https:\/\/shrimataji.org\/test\/wp-content\/uploads\/2023\/03\/19_Banner-SY-Chakra-anahat-scaled.jpg","contentUrl":"https:\/\/shrimataji.org\/test\/wp-content\/uploads\/2023\/03\/19_Banner-SY-Chakra-anahat-scaled.jpg","width":2560,"height":905},{"@type":"BreadcrumbList","@id":"https:\/\/shrimataji.org\/test\/es\/chakra-anahata-es\/#breadcrumb","itemListElement":[{"@type":"ListItem","position":1,"name":"Home","item":"https:\/\/shrimataji.org\/test\/uk\/home-en\/"},{"@type":"ListItem","position":2,"name":"Chakra Anahata"}]},{"@type":"WebSite","@id":"https:\/\/shrimataji.org\/test\/#website","url":"https:\/\/shrimataji.org\/test\/","name":"Shri Mataji Nirmala Devi","description":"A Life Dedicated to Humanity","publisher":{"@id":"https:\/\/shrimataji.org\/test\/#\/schema\/person\/a1b3419c6585f164aa96da1ff85715d1"},"potentialAction":[{"@type":"SearchAction","target":{"@type":"EntryPoint","urlTemplate":"https:\/\/shrimataji.org\/test\/?s={search_term_string}"},"query-input":{"@type":"PropertyValueSpecification","valueRequired":true,"valueName":"search_term_string"}}],"inLanguage":"en-US"},{"@type":["Person","Organization"],"@id":"https:\/\/shrimataji.org\/test\/#\/schema\/person\/a1b3419c6585f164aa96da1ff85715d1","name":"Nirmala Shrivastava","image":{"@type":"ImageObject","inLanguage":"en-US","@id":"https:\/\/shrimataji.org\/test\/wp-content\/uploads\/2023\/02\/SMO_LOGO-03.svg","url":"https:\/\/shrimataji.org\/test\/wp-content\/uploads\/2023\/02\/SMO_LOGO-03.svg","contentUrl":"https:\/\/shrimataji.org\/test\/wp-content\/uploads\/2023\/02\/SMO_LOGO-03.svg","width":"1024","height":"1024","caption":"Nirmala Shrivastava"},"logo":{"@id":"https:\/\/shrimataji.org\/test\/wp-content\/uploads\/2023\/02\/SMO_LOGO-03.svg"},"sameAs":["https:\/\/shrimataji.org\/test","https:\/\/www.facebook.com\/shrimataji","https:\/\/x.com\/shrimataji","https:\/\/www.youtube.com\/@Shri_Mataji_Nirmala_Devi\/featured"]}]}},"lang":"es","translations":{"es":10916,"ur":37389,"en":6490,"am":17960,"th":19885,"hu":19435,"sq":18361,"zh":17258,"hi":8331,"tr":10132,"pt":10349,"de":10622,"fr":10720,"it":10818,"ja":11213,"ru":11401,"bn":11593,"te":11701,"sw":11824,"he":11972,"el":12263,"sk":12361,"fa":12459,"fi":12557,"bg":13370,"ro":14444,"cs":14637,"nl":16521,"ku":16681,"ar":16857,"be":18568,"kn":18842,"mr":20249,"uk":20541,"ml":20840,"ta":22676,"sv":22949,"gu":28797,"pa":28955,"fil":29395,"da":37703,"pl":37920,"nn":38255},"pll_sync_post":[],"_links":{"self":[{"href":"https:\/\/shrimataji.org\/test\/wp-json\/wp\/v2\/pages\/10916","targetHints":{"allow":["GET"]}}],"collection":[{"href":"https:\/\/shrimataji.org\/test\/wp-json\/wp\/v2\/pages"}],"about":[{"href":"https:\/\/shrimataji.org\/test\/wp-json\/wp\/v2\/types\/page"}],"author":[{"embeddable":true,"href":"https:\/\/shrimataji.org\/test\/wp-json\/wp\/v2\/users\/63"}],"replies":[{"embeddable":true,"href":"https:\/\/shrimataji.org\/test\/wp-json\/wp\/v2\/comments?post=10916"}],"version-history":[{"count":0,"href":"https:\/\/shrimataji.org\/test\/wp-json\/wp\/v2\/pages\/10916\/revisions"}],"wp:featuredmedia":[{"embeddable":true,"href":"https:\/\/shrimataji.org\/test\/wp-json\/wp\/v2\/media\/9254"}],"wp:attachment":[{"href":"https:\/\/shrimataji.org\/test\/wp-json\/wp\/v2\/media?parent=10916"}],"curies":[{"name":"wp","href":"https:\/\/api.w.org\/{rel}","templated":true}]}}