{"id":10919,"date":"2022-01-29T10:07:35","date_gmt":"2022-01-29T10:07:35","guid":{"rendered":"https:\/\/test.shrimataji.org\/?page_id=6397"},"modified":"2026-03-11T23:48:59","modified_gmt":"2026-03-11T23:48:59","slug":"atma-es","status":"publish","type":"page","link":"https:\/\/shrimataji.org\/test\/es\/atma-es\/","title":{"rendered":"Atma ES"},"content":{"rendered":"\n\n\t<h1>Atma<\/h1>\n<h2>Nuestro Ser Eterno<\/h2>\n<div class=\"su-quote su-quote-style-default\"><div class=\"su-quote-inner su-u-clearfix su-u-trim\">En nuestro interior brilla una estrella. Es nuestro Esp\u00edritu.<\/div><\/div>\n\t<h4>En una etapa muy temprana del desarrollo del feto humano, el Atma (palabra s\u00e1nscrita que significa nuestro Esp\u00edritu eterno) entra por primera vez en el coraz\u00f3n del feto, que luego comienza a latir. Biol\u00f3gicamente, nuestro coraz\u00f3n se desarrolla cerca de la cabeza del embri\u00f3n en el \u00e1rea cardiog\u00e9nica y luego es empujado hacia el pecho a medida que nuestro cuerpo se desarrolla. El Atma reside en el coraz\u00f3n como un espectador silencioso de nuestra vida y s\u00f3lo llega a nuestra conciencia a trav\u00e9s de la Realizaci\u00f3n del Ser. Es el reflejo del ser primordial dentro de nosotros. No evoluciona, es m\u00e1s bien la meta de nuestra evoluci\u00f3n, o dicho de otra forma, la meta de la evoluci\u00f3n de la conciencia humana es alcanzar ese estado del Esp\u00edritu.<\/h4>\n\t<p>Mientras que la filosof\u00eda occidental gira en torno al individualismo y al desarrollo de la personalidad o ego, la filosof\u00eda oriental est\u00e1 relacionada con la colectividad y se esfuerza por orientar al individuo hacia nuestro ser colectivo, el Esp\u00edritu omnipenetrante. <\/p>\n<figure itemscope itemtype=\"https:\/\/schema.org\/ImageObject\">\n\t\t\t\t<img decoding=\"async\" src=\"https:\/\/shrimataji.org\/test\/wp-content\/uploads\/2026\/02\/ES-4a-Atma-scaled.png\" alt=\"ES-4a-Atma\" height=\"2560\" width=\"2431\" title=\"ES-4a-Atma\" onerror=\"this.style.display='none'\" loading=\"lazy\" \/>\n\t<\/figure>\n\t<p>Shri Mataji explica que al cortar el cord\u00f3n umbilical al nacer, nuestra conciencia es separada de la conciencia divina absoluta en el canal sutil Sushumna. A nivel f\u00edsico, esta separaci\u00f3n se corresponde con la brecha entre el plexo solar y el nervio vago del sistema nervioso parasimp\u00e1tico. Este fen\u00f3meno ha sido mencionado en muchas sagradas escrituras, por ejemplo, se le denomina Vac\u00edo en el zen y Maya (ilusi\u00f3n) en el hinduismo. M\u00e1s tarde, durante nuestra infancia, nuestras limitadas identificaciones humanas, simbolizadas como ego y superego, se inflan como globos y cubren los hemisferios izquierdo y derecho del cerebro, que a su vez corresponden a los extremos de los sistemas nerviosos simp\u00e1ticos izquierdo y derecho. As\u00ed es como nuestra conciencia queda completamente envuelta, como una entidad separada, y entonces, nuestra conciencia de &#8216;Yo&#8217; (Aham) nos gobierna.<\/p>\n\t<p>En el proceso de la <a href=\"https:\/\/shrimataji.org\/test\/es\/experimenta-la-realizacion-del-ser\/\" target=\"_blank\" rel=\"noopener\">Realizaci\u00f3n del Ser<\/a>, cuando la <a href=\"https:\/\/shrimataji.org\/test\/es\/kundalini-es\/\" target=\"_blank\" rel=\"noopener\">Kundalini<\/a> llega al coraz\u00f3n, ilumina el Atma y comenzamos a sentir la cualidad innata del Atma: el gozo puro de existir. Cuando la Kundalini sube hasta el <a href=\"https:\/\/shrimataji.org\/test\/es\/chakra-sahasrara-es\/\" target=\"_blank\" rel=\"noopener\">chakra Sahasrara<\/a>, el centro de energ\u00eda situado en la zona de la fontanela en la parte alta nuestra cabeza, nuestro Atma individual se conecta con el poder universal omnipresente y nos sumergimos en la dicha de ser uno con el poder omnipenetrante del universo. Incluso un atisbo de esta dicha (que podemos percibir cuando s\u00f3lo unas pocas hebras de Kundalini se elevan por encima de nuestra cabeza) puede servir como estrella gu\u00eda en nuestro viaje espiritual. Una vez que sentimos esa dicha, no queremos perderla y autom\u00e1ticamente nos abstendremos de actitudes y comportamientos que sean perjudiciales para su mantenimiento y crecimiento. En conclusi\u00f3n, hay muy pocas reglas en Sahaja Yoga y ning\u00fan dogma como tal.<\/p>\n<figure itemscope itemtype=\"https:\/\/schema.org\/ImageObject\">\n\t\t\t\t<img decoding=\"async\" src=\"https:\/\/shrimataji.org\/test\/wp-content\/uploads\/2023\/02\/GISELE_MOURA_HAF_10DEZ2022__14-scaled.jpg\" alt=\"GISELE_MOURA_HAF_10DEZ2022__14\" height=\"1918\" width=\"2560\" title=\"GISELE_MOURA_HAF_10DEZ2022__14\" onerror=\"this.style.display='none'\" loading=\"lazy\" \/>\n\t<\/figure>\n\t<div class=\"su-quote su-quote-style-default\"><div class=\"su-quote-inner su-u-clearfix su-u-trim\">Entonces debemos saber que somos paz, porque el esp\u00edritu es la fuente de paz. Cuando nos convertimos en el esp\u00edritu, este llega a nuestra atenci\u00f3n y nos volvemos personas muy pac\u00edficas. Es como estar en la periferia de la rueda: si est\u00e1s en la periferia, te est\u00e1s moviendo constantemente, pero el centro permanece totalmente en paz. Si saltas a tu centro de la rueda, desde all\u00ed ves todo el movimiento pero no te afecta, porque est\u00e1s en el centro. As\u00ed, ves los problemas desde afuera y son muy f\u00e1ciles de manejar.<\/div><\/div>\n\t\t<img decoding=\"async\" data-spai-excluded=\"true\" loading=\"lazy\"  alt=\"YouTube player\"  src=\"https:\/\/i.ytimg.com\/vi\/8-7C4nLmAI4\/maxresdefault.jpg\"  \/><button aria-label=\"Play\"><\/button><meta itemprop=\"embedUrl\" content=\"https:\/\/www.youtube.com\/embed\/8-7C4nLmAI4\"\/><meta itemprop=\"name\" content=\"The nature of the Spirit\"\/><meta itemprop=\"description\" content=\"YouTube video\"\/><meta itemprop=\"thumbnailUrl\" content=\"https:\/\/i.ytimg.com\/vi\/8-7C4nLmAI4\/0.jpg\"\/><meta itemprop=\"duration\" content=\"PT1M54S\"\/><meta itemprop=\"uploadDate\" content=\"2022-11-12T03:25:59Z\"\/>\t\n\t<p>Adi Shankaracharya, uno de los renombrados maestros espirituales de la India, describe este estado absoluto de conciencia del ser colectivo que se refleja en nuestro coraz\u00f3n como felicidad eterna, en los hermosos versos de &#8220;Atma Shatakam&#8221;.<\/p>\n\t<p><em>&#8220;Manobuddhyahamkar. Chittani Na Aham<\/em><\/p>\n<p>No soy ni la inteligencia, ni la mente, ni la atenci\u00f3n, ni el ego.<\/p>\n<p><em>Na cha Shrotr. Jihve, Na cha ghraan Netreghraan Netre<\/em><\/p>\n<p>No soy ni los \u00f3rganos del o\u00eddo, ni el del gusto, ni el olfato, ni la vista.<\/p>\n<p><em>Na cha vyom. Bhumir Na Tejo Na Vayu<\/em><\/p>\n<p>No soy ni el cielo, ni la tierra, ni el fuego ni el aire<\/p>\n<p><em>Chidanand. Rupah., Shivo.ham, Shivo.ham<\/em><\/p>\n<p>Soy dicha y conciencia eternas, soy Shiva, soy Shiva&#8221;<\/p>\n\t<div class=\"su-quote su-quote-style-default\"><div class=\"su-quote-inner su-u-clearfix su-u-trim\">Truth is that, you are not this body, you are not this intellect, you are not the emotions but you are the Spirit.<\/div><\/div>\n\n","protected":false},"excerpt":{"rendered":"<p>Atma Nuestro Ser Eterno En una etapa muy temprana del desarrollo del feto humano, el Atma (palabra s\u00e1nscrita que significa nuestro Esp\u00edritu eterno) entra por primera vez en el coraz\u00f3n del feto, que luego comienza a latir. Biol\u00f3gicamente, nuestro coraz\u00f3n se desarrolla cerca de la cabeza del embri\u00f3n en el \u00e1rea cardiog\u00e9nica y luego es&hellip; <br \/> <a class=\"read-more\" href=\"https:\/\/shrimataji.org\/test\/es\/atma-es\/\">Read more<\/a><\/p>\n","protected":false},"author":63,"featured_media":9243,"parent":0,"menu_order":0,"comment_status":"closed","ping_status":"closed","template":"","meta":{"inline_featured_image":false,"footnotes":""},"class_list":["post-10919","page","type-page","status-publish","has-post-thumbnail","hentry"],"yoast_head":"<!-- This site is optimized with the Yoast SEO plugin v27.4 - https:\/\/yoast.com\/product\/yoast-seo-wordpress\/ -->\n<title>Atma ES - TEST - SMND<\/title>\n<meta name=\"robots\" content=\"noindex, follow, max-snippet:-1, max-image-preview:large, max-video-preview:-1\" \/>\n<meta property=\"og:locale\" content=\"en_US\" \/>\n<meta property=\"og:type\" content=\"article\" \/>\n<meta property=\"og:title\" content=\"Atma ES - TEST - SMND\" \/>\n<meta property=\"og:description\" content=\"Atma Nuestro Ser Eterno En una etapa muy temprana del desarrollo del feto humano, el Atma (palabra s\u00e1nscrita que significa nuestro Esp\u00edritu eterno) entra por primera vez en el coraz\u00f3n del feto, que luego comienza a latir. Biol\u00f3gicamente, nuestro coraz\u00f3n se desarrolla cerca de la cabeza del embri\u00f3n en el \u00e1rea cardiog\u00e9nica y luego es&hellip; Read more\" \/>\n<meta property=\"og:url\" content=\"https:\/\/shrimataji.org\/test\/es\/atma-es\/\" \/>\n<meta property=\"og:site_name\" content=\"TEST - SMND\" \/>\n<meta property=\"article:publisher\" content=\"https:\/\/www.facebook.com\/shrimataji\" \/>\n<meta property=\"article:modified_time\" content=\"2026-03-11T23:48:59+00:00\" \/>\n<meta property=\"og:image\" content=\"https:\/\/shrimataji.org\/test\/wp-content\/uploads\/2023\/03\/8_Banner-SY-Atma-scaled.jpg\" \/>\n\t<meta property=\"og:image:width\" content=\"2560\" \/>\n\t<meta property=\"og:image:height\" content=\"905\" \/>\n\t<meta property=\"og:image:type\" content=\"image\/jpeg\" \/>\n<meta name=\"twitter:card\" content=\"summary_large_image\" \/>\n<meta name=\"twitter:site\" content=\"@shrimataji\" \/>\n<meta name=\"twitter:label1\" content=\"Est. reading time\" \/>\n\t<meta name=\"twitter:data1\" content=\"4 minutes\" \/>\n<script type=\"application\/ld+json\" class=\"yoast-schema-graph\">{\"@context\":\"https:\\\/\\\/schema.org\",\"@graph\":[{\"@type\":\"WebPage\",\"@id\":\"https:\\\/\\\/shrimataji.org\\\/test\\\/es\\\/atma-es\\\/\",\"url\":\"https:\\\/\\\/shrimataji.org\\\/test\\\/es\\\/atma-es\\\/\",\"name\":\"Atma ES - TEST - SMND\",\"isPartOf\":{\"@id\":\"https:\\\/\\\/shrimataji.org\\\/test\\\/#website\"},\"primaryImageOfPage\":{\"@id\":\"https:\\\/\\\/shrimataji.org\\\/test\\\/es\\\/atma-es\\\/#primaryimage\"},\"image\":{\"@id\":\"https:\\\/\\\/shrimataji.org\\\/test\\\/es\\\/atma-es\\\/#primaryimage\"},\"thumbnailUrl\":\"https:\\\/\\\/shrimataji.org\\\/test\\\/wp-content\\\/uploads\\\/2023\\\/03\\\/8_Banner-SY-Atma-scaled.jpg\",\"datePublished\":\"2022-01-29T10:07:35+00:00\",\"dateModified\":\"2026-03-11T23:48:59+00:00\",\"breadcrumb\":{\"@id\":\"https:\\\/\\\/shrimataji.org\\\/test\\\/es\\\/atma-es\\\/#breadcrumb\"},\"inLanguage\":\"en-US\",\"potentialAction\":[{\"@type\":\"ReadAction\",\"target\":[\"https:\\\/\\\/shrimataji.org\\\/test\\\/es\\\/atma-es\\\/\"]}]},{\"@type\":\"ImageObject\",\"inLanguage\":\"en-US\",\"@id\":\"https:\\\/\\\/shrimataji.org\\\/test\\\/es\\\/atma-es\\\/#primaryimage\",\"url\":\"https:\\\/\\\/shrimataji.org\\\/test\\\/wp-content\\\/uploads\\\/2023\\\/03\\\/8_Banner-SY-Atma-scaled.jpg\",\"contentUrl\":\"https:\\\/\\\/shrimataji.org\\\/test\\\/wp-content\\\/uploads\\\/2023\\\/03\\\/8_Banner-SY-Atma-scaled.jpg\",\"width\":2560,\"height\":905},{\"@type\":\"BreadcrumbList\",\"@id\":\"https:\\\/\\\/shrimataji.org\\\/test\\\/es\\\/atma-es\\\/#breadcrumb\",\"itemListElement\":[{\"@type\":\"ListItem\",\"position\":1,\"name\":\"Home\",\"item\":\"https:\\\/\\\/shrimataji.org\\\/test\\\/uk\\\/home-en\\\/\"},{\"@type\":\"ListItem\",\"position\":2,\"name\":\"Atma ES\"}]},{\"@type\":\"WebSite\",\"@id\":\"https:\\\/\\\/shrimataji.org\\\/test\\\/#website\",\"url\":\"https:\\\/\\\/shrimataji.org\\\/test\\\/\",\"name\":\"Shri Mataji Nirmala Devi\",\"description\":\"A Life Dedicated to Humanity\",\"publisher\":{\"@id\":\"https:\\\/\\\/shrimataji.org\\\/test\\\/#\\\/schema\\\/person\\\/a1b3419c6585f164aa96da1ff85715d1\"},\"potentialAction\":[{\"@type\":\"SearchAction\",\"target\":{\"@type\":\"EntryPoint\",\"urlTemplate\":\"https:\\\/\\\/shrimataji.org\\\/test\\\/?s={search_term_string}\"},\"query-input\":{\"@type\":\"PropertyValueSpecification\",\"valueRequired\":true,\"valueName\":\"search_term_string\"}}],\"inLanguage\":\"en-US\"},{\"@type\":[\"Person\",\"Organization\"],\"@id\":\"https:\\\/\\\/shrimataji.org\\\/test\\\/#\\\/schema\\\/person\\\/a1b3419c6585f164aa96da1ff85715d1\",\"name\":\"Nirmala Shrivastava\",\"image\":{\"@type\":\"ImageObject\",\"inLanguage\":\"en-US\",\"@id\":\"https:\\\/\\\/shrimataji.org\\\/test\\\/wp-content\\\/uploads\\\/2023\\\/02\\\/SMO_LOGO-03.svg\",\"url\":\"https:\\\/\\\/shrimataji.org\\\/test\\\/wp-content\\\/uploads\\\/2023\\\/02\\\/SMO_LOGO-03.svg\",\"contentUrl\":\"https:\\\/\\\/shrimataji.org\\\/test\\\/wp-content\\\/uploads\\\/2023\\\/02\\\/SMO_LOGO-03.svg\",\"width\":\"1024\",\"height\":\"1024\",\"caption\":\"Nirmala Shrivastava\"},\"logo\":{\"@id\":\"https:\\\/\\\/shrimataji.org\\\/test\\\/wp-content\\\/uploads\\\/2023\\\/02\\\/SMO_LOGO-03.svg\"},\"sameAs\":[\"https:\\\/\\\/shrimataji.org\\\/test\",\"https:\\\/\\\/www.facebook.com\\\/shrimataji\",\"https:\\\/\\\/x.com\\\/shrimataji\",\"https:\\\/\\\/www.youtube.com\\\/@Shri_Mataji_Nirmala_Devi\\\/featured\"]}]}<\/script>\n<!-- \/ Yoast SEO plugin. -->","yoast_head_json":{"title":"Atma ES - TEST - SMND","robots":{"index":"noindex","follow":"follow","max-snippet":"max-snippet:-1","max-image-preview":"max-image-preview:large","max-video-preview":"max-video-preview:-1"},"og_locale":"en_US","og_type":"article","og_title":"Atma ES - TEST - SMND","og_description":"Atma Nuestro Ser Eterno En una etapa muy temprana del desarrollo del feto humano, el Atma (palabra s\u00e1nscrita que significa nuestro Esp\u00edritu eterno) entra por primera vez en el coraz\u00f3n del feto, que luego comienza a latir. Biol\u00f3gicamente, nuestro coraz\u00f3n se desarrolla cerca de la cabeza del embri\u00f3n en el \u00e1rea cardiog\u00e9nica y luego es&hellip; Read more","og_url":"https:\/\/shrimataji.org\/test\/es\/atma-es\/","og_site_name":"TEST - SMND","article_publisher":"https:\/\/www.facebook.com\/shrimataji","article_modified_time":"2026-03-11T23:48:59+00:00","og_image":[{"width":2560,"height":905,"url":"https:\/\/shrimataji.org\/test\/wp-content\/uploads\/2023\/03\/8_Banner-SY-Atma-scaled.jpg","type":"image\/jpeg"}],"twitter_card":"summary_large_image","twitter_site":"@shrimataji","twitter_misc":{"Est. reading time":"4 minutes"},"schema":{"@context":"https:\/\/schema.org","@graph":[{"@type":"WebPage","@id":"https:\/\/shrimataji.org\/test\/es\/atma-es\/","url":"https:\/\/shrimataji.org\/test\/es\/atma-es\/","name":"Atma ES - TEST - SMND","isPartOf":{"@id":"https:\/\/shrimataji.org\/test\/#website"},"primaryImageOfPage":{"@id":"https:\/\/shrimataji.org\/test\/es\/atma-es\/#primaryimage"},"image":{"@id":"https:\/\/shrimataji.org\/test\/es\/atma-es\/#primaryimage"},"thumbnailUrl":"https:\/\/shrimataji.org\/test\/wp-content\/uploads\/2023\/03\/8_Banner-SY-Atma-scaled.jpg","datePublished":"2022-01-29T10:07:35+00:00","dateModified":"2026-03-11T23:48:59+00:00","breadcrumb":{"@id":"https:\/\/shrimataji.org\/test\/es\/atma-es\/#breadcrumb"},"inLanguage":"en-US","potentialAction":[{"@type":"ReadAction","target":["https:\/\/shrimataji.org\/test\/es\/atma-es\/"]}]},{"@type":"ImageObject","inLanguage":"en-US","@id":"https:\/\/shrimataji.org\/test\/es\/atma-es\/#primaryimage","url":"https:\/\/shrimataji.org\/test\/wp-content\/uploads\/2023\/03\/8_Banner-SY-Atma-scaled.jpg","contentUrl":"https:\/\/shrimataji.org\/test\/wp-content\/uploads\/2023\/03\/8_Banner-SY-Atma-scaled.jpg","width":2560,"height":905},{"@type":"BreadcrumbList","@id":"https:\/\/shrimataji.org\/test\/es\/atma-es\/#breadcrumb","itemListElement":[{"@type":"ListItem","position":1,"name":"Home","item":"https:\/\/shrimataji.org\/test\/uk\/home-en\/"},{"@type":"ListItem","position":2,"name":"Atma ES"}]},{"@type":"WebSite","@id":"https:\/\/shrimataji.org\/test\/#website","url":"https:\/\/shrimataji.org\/test\/","name":"Shri Mataji Nirmala Devi","description":"A Life Dedicated to Humanity","publisher":{"@id":"https:\/\/shrimataji.org\/test\/#\/schema\/person\/a1b3419c6585f164aa96da1ff85715d1"},"potentialAction":[{"@type":"SearchAction","target":{"@type":"EntryPoint","urlTemplate":"https:\/\/shrimataji.org\/test\/?s={search_term_string}"},"query-input":{"@type":"PropertyValueSpecification","valueRequired":true,"valueName":"search_term_string"}}],"inLanguage":"en-US"},{"@type":["Person","Organization"],"@id":"https:\/\/shrimataji.org\/test\/#\/schema\/person\/a1b3419c6585f164aa96da1ff85715d1","name":"Nirmala Shrivastava","image":{"@type":"ImageObject","inLanguage":"en-US","@id":"https:\/\/shrimataji.org\/test\/wp-content\/uploads\/2023\/02\/SMO_LOGO-03.svg","url":"https:\/\/shrimataji.org\/test\/wp-content\/uploads\/2023\/02\/SMO_LOGO-03.svg","contentUrl":"https:\/\/shrimataji.org\/test\/wp-content\/uploads\/2023\/02\/SMO_LOGO-03.svg","width":"1024","height":"1024","caption":"Nirmala Shrivastava"},"logo":{"@id":"https:\/\/shrimataji.org\/test\/wp-content\/uploads\/2023\/02\/SMO_LOGO-03.svg"},"sameAs":["https:\/\/shrimataji.org\/test","https:\/\/www.facebook.com\/shrimataji","https:\/\/x.com\/shrimataji","https:\/\/www.youtube.com\/@Shri_Mataji_Nirmala_Devi\/featured"]}]}},"lang":"es","translations":{"es":10919,"ur":37394,"en":6397,"am":17965,"th":19892,"hu":19440,"sq":18366,"zh":17263,"hi":7360,"tr":10135,"pt":10352,"de":10625,"fr":10723,"it":10821,"ja":11216,"ru":11404,"bn":11596,"te":11704,"sw":11827,"he":11975,"el":12266,"sk":12364,"fa":12462,"fi":12560,"bg":13393,"ro":14467,"cs":14660,"nl":16526,"ku":16686,"ar":16862,"be":18573,"kn":18847,"mr":20256,"uk":20548,"ml":20847,"ta":22681,"sv":22954,"gu":28802,"pa":28960,"fil":29400,"da":37708,"pl":37925,"nn":38260},"pll_sync_post":[],"_links":{"self":[{"href":"https:\/\/shrimataji.org\/test\/wp-json\/wp\/v2\/pages\/10919","targetHints":{"allow":["GET"]}}],"collection":[{"href":"https:\/\/shrimataji.org\/test\/wp-json\/wp\/v2\/pages"}],"about":[{"href":"https:\/\/shrimataji.org\/test\/wp-json\/wp\/v2\/types\/page"}],"author":[{"embeddable":true,"href":"https:\/\/shrimataji.org\/test\/wp-json\/wp\/v2\/users\/63"}],"replies":[{"embeddable":true,"href":"https:\/\/shrimataji.org\/test\/wp-json\/wp\/v2\/comments?post=10919"}],"version-history":[{"count":0,"href":"https:\/\/shrimataji.org\/test\/wp-json\/wp\/v2\/pages\/10919\/revisions"}],"wp:featuredmedia":[{"embeddable":true,"href":"https:\/\/shrimataji.org\/test\/wp-json\/wp\/v2\/media\/9243"}],"wp:attachment":[{"href":"https:\/\/shrimataji.org\/test\/wp-json\/wp\/v2\/media?parent=10919"}],"curies":[{"name":"wp","href":"https:\/\/api.w.org\/{rel}","templated":true}]}}