{"id":10920,"date":"2018-07-10T06:54:50","date_gmt":"2018-07-10T06:54:50","guid":{"rendered":"http:\/\/testwordpress.nirmalnagari.org\/smnd\/index.php\/awards\/"},"modified":"2026-03-11T23:50:14","modified_gmt":"2026-03-11T23:50:14","slug":"reconocimientos","status":"publish","type":"page","link":"https:\/\/shrimataji.org\/test\/es\/reconocimientos\/","title":{"rendered":"Reconocimientos"},"content":{"rendered":"\n\n\t<h1>Premios<\/h1>\n<h2>Reconocimiento Internacional<\/h2>\n\t<h4>El trabajo humanitario y espiritual de Shri Mataji atrae la admiraci\u00f3n no s\u00f3lo de innumerables individuos que se han beneficiado personalmente de sus ense\u00f1anzas en m\u00e1s de 95 naciones, sino tambi\u00e9n de gobiernos, dignatarios, instituciones educativas y organizaciones humanitarias.<\/h4>\nReconociendo la naturaleza cient\u00edfica y verificable de sus ense\u00f1anzas, la Academia Petrovskaya<br \/>\nde Artes y Ciencias de San Petersburgo le otorg\u00f3 a Shri Mataji, la Membres\u00eda Honoraria, dici\u00e9ndole: &#8220;Eres incluso m\u00e1s elevada que la ciencia&#8221;.\n<p>Otros, como Claes Nobel, le agradecieron por dar esperanza a la humanidad. Ella acept\u00f3 todos los premios con su humildad caracter\u00edstica, alabando los esfuerzos de los dem\u00e1s e insistiendo en el logro colectivo, en lugar del individual.<\/p>\n<p>A pesar de sus viajes sin descanso, Shri Mataji nunca se refiri\u00f3 a su tarea intensa como agotadora, equipar\u00e1ndola m\u00e1s bien con el trabajo de una madre amorosa que cuida del bienestar de sus hijos.<\/p>\n\t\t<iframe loading=\"lazy\" title=\"Claes Nobel - Tribute to Shri Mataji\" width=\"1920\" height=\"1080\" src=\"https:\/\/www.youtube.com\/embed\/K4ftCStNzWk?feature=oembed\" frameborder=\"0\" allow=\"accelerometer; autoplay; clipboard-write; encrypted-media; gyroscope; picture-in-picture; web-share\" allowfullscreen><\/iframe>\t\n<figure itemscope itemtype=\"https:\/\/schema.org\/ImageObject\">\n\t\t\t\t<img decoding=\"async\" src=\"https:\/\/shrimataji.org\/test\/wp-content\/uploads\/2025\/07\/Spa_shri-mataji-at-the-womens-conference-in-beijing-13.09.1995.jpg\" alt=\"Conferencia de la ONU (Beijing, China, 1995)\" height=\"888\" width=\"1362\" title=\"Spa_shri-mataji-at-the-womens-conference-in-beijing-13.09.1995\" onerror=\"this.style.display='none'\" loading=\"lazy\" \/>\n\t\t<figcaption>Conferencia de la ONU (Beijing, China, 1995)<\/figcaption>\n\t<\/figure>\n\t<p><b>Una Selecci\u00f3n De Premios Y Reconocimientos<\/b><\/p>\nShri Mataji ha sido reconocida mundialmente por varias instituciones prestigiosas por su trabajo desinteresado<br \/>\ny por los notables resultados de sus ense\u00f1anzas espirituales a trav\u00e9s de Sahaja Yoga. Algunos de estos reconocimientos se citan a continuaci\u00f3n.\n<strong><b>Italia<\/b>, 1986<\/strong><br \/>\nDeclarada &#8220;Personalidad del A\u00f1o&#8221; por el Gobierno de Italia.\n<strong>Mosc\u00fa, Rusia, 1989<\/strong><br \/>\nDespu\u00e9s de la reuni\u00f3n de Shri Mataji con el Ministro de Salud de la URSS, se le otorg\u00f3 a Sahaja Yoga el patrocinio total del gobierno, incluida la financiaci\u00f3n para la investigaci\u00f3n cient\u00edfica.\n<strong>Nueva York, 1990-1994<\/strong><br \/>\nInvitada por las Naciones Unidas durante cuatro a\u00f1os consecutivos para hablar sobre las formas y los medios para lograr la paz mundial.\n<strong>St. Petersburgo, Rusia, 1993<\/strong><br \/>\nNombrada miembro honorario de la Academia Petrovskaya de Arte y Ciencia. En la historia de la Academia, s\u00f3lo doce personas han recibido este honor, siendo Albert Einstein una de ellas.\n<p>Shri Mataji inaugur\u00f3 la primera Conferencia Internacional sobre Medicina y Autoconocimiento, que se convirti\u00f3 en un evento anual en la Academia a partir de entonces.<\/p>\n<strong>Brasil, 1994<\/strong><br \/>\nEl alcalde de Brasilia dio la bienvenida a Shri Mataji en el aeropuerto, le entreg\u00f3 las llaves de la ciudad y patrocin\u00f3 todos sus programas.\n<strong>Nueva York, 1994<\/strong><br \/>\nEl 26 de septiembre se proclam\u00f3 el &#8220;D\u00eda de Shri Mataji Nirmala Devi&#8221;. La escolta policial acompa\u00f1\u00f3 el desfile de bienvenida en honor a Shri Mataji y se celebr\u00f3 su asociaci\u00f3n con Mahatma Gandhi.\n<strong>Columbia <b>\u00a0Brit\u00e1nica<\/b>, <b>Canad\u00e1<\/b>, 1994<\/strong><br \/>\nEl Primer Ministro de la Provincia de Columbia Brit\u00e1nica, Sr. Mike Harcourt, entreg\u00f3 a Shri Mataji la carta de bienvenida, en nombre del pueblo de Canad\u00e1.\n<strong>Roman<b>\u00ed<\/b>a 1995<\/strong><br \/>\nGalardonada con el Doctorado Honorario en Ciencias Cognitivas por el profesor D. Drimer, jefe de la Universidad Ecol\u00f3gica de Bucarest\n<strong><b>China<\/b>, 1995<\/strong><br \/>\nInvitada por el Gobierno de China como oradora para la Conferencia Internacional de la Mujer de las Naciones Unidas.\n<strong>Pune, India, 1996<\/strong><br \/>\nCon motivo del 700 aniversario del santo Gyaneshwara, Shri Mataji habl\u00f3 en el Encuentro Mundial de Fil\u00f3sofos &#8217;96 (World Philosophers Meet &#8217;96) -foro de ciencia, religi\u00f3n y filosof\u00eda- donde recibi\u00f3 las felicitaciones por su movimiento espiritual, Sahaja Yoga.\n<strong>Londres, 1997<\/strong><br \/>\nClaes Nobel, sobrino nieto de Alfred Nobel y presidente de United Earth y The National Society of High School Scholars, honr\u00f3 la vida y el trabajo de Shri Mataji en un discurso p\u00fablico en el Royal Albert Hall.\n<strong>Estados Unidos, 105 \u00b0 Congreso, 1997 y 106 \u00b0 Congreso, 2000<\/strong><br \/>\nDiscurso honorario del congresista Eliot Engle, incluido en el Registro del Congreso, elogiando a Shri Mataji por su trabajo dedicado e incansable para la humanidad.\n<strong>Cabella Ligure, Italia, 2006<\/strong><br \/>\nShri Mataji fue distinguida con la ciudadan\u00eda italiana honoraria, seguida de la presentaci\u00f3n de la piedra angular de la &#8216;Fundaci\u00f3n Mundial de Sahaja Yoga Shri Mataji Nirmala Devi&#8217;. Esta fundaci\u00f3n tiene su hogar en Cabella Ligure.\n<figure itemscope itemtype=\"https:\/\/schema.org\/ImageObject\">\n\t\t\t\t<img decoding=\"async\" src=\"https:\/\/shrimataji.org\/test\/wp-content\/uploads\/2018\/07\/media_originals\/images\/geographic-locations\/lwp-3459.jpg\" alt=\"Cabella Ligure, Italia\" height=\"427\" width=\"640\" title=\"lwp-3459\" onerror=\"this.style.display='none'\" loading=\"lazy\" \/>\n\t\t<figcaption>Cabella Ligure, Italy<\/figcaption>\n\t<\/figure>\n\t<div class=\"su-quote su-quote-style-default\"><div class=\"su-quote-inner su-u-clearfix su-u-trim\">&#8220;LA POSICI\u00d3N DE UNA MADRE ES DIFERENTE, ESTA PACIENCIA Y ESTE AMOR Y ESTE PERD\u00d3N SON INNATOS EN UNA MADRE&#8230; SU ACTITUD ES MUY DIFERENTE. NO ES NING\u00daN LOGRO, NO ES UN GRAN NOMBRE O UNA ESPECIE DE PREMIO O ALGO&#8230; LO HACE PORQUE ES UNA MADRE&#8221;.<\/div><\/div>\n\n","protected":false},"excerpt":{"rendered":"<p>Premios Reconocimiento Internacional El trabajo humanitario y espiritual de Shri Mataji atrae la admiraci\u00f3n no s\u00f3lo de innumerables individuos que se han beneficiado personalmente de sus ense\u00f1anzas en m\u00e1s de 95 naciones, sino tambi\u00e9n de gobiernos, dignatarios, instituciones educativas y organizaciones humanitarias. Reconociendo la naturaleza cient\u00edfica y verificable de sus ense\u00f1anzas, la Academia Petrovskaya de&hellip; <br \/> <a class=\"read-more\" href=\"https:\/\/shrimataji.org\/test\/es\/reconocimientos\/\">Read more<\/a><\/p>\n","protected":false},"author":63,"featured_media":156,"parent":0,"menu_order":0,"comment_status":"closed","ping_status":"closed","template":"","meta":{"inline_featured_image":false,"footnotes":""},"class_list":["post-10920","page","type-page","status-publish","has-post-thumbnail","hentry"],"yoast_head":"<!-- This site is optimized with the Yoast SEO plugin v27.4 - https:\/\/yoast.com\/product\/yoast-seo-wordpress\/ -->\n<title>Reconocimientos - TEST - SMND<\/title>\n<meta name=\"robots\" content=\"noindex, follow, max-snippet:-1, max-image-preview:large, max-video-preview:-1\" \/>\n<meta property=\"og:locale\" content=\"en_US\" \/>\n<meta property=\"og:type\" content=\"article\" \/>\n<meta property=\"og:title\" content=\"Reconocimientos - TEST - SMND\" \/>\n<meta property=\"og:description\" content=\"Premios Reconocimiento Internacional El trabajo humanitario y espiritual de Shri Mataji atrae la admiraci\u00f3n no s\u00f3lo de innumerables individuos que se han beneficiado personalmente de sus ense\u00f1anzas en m\u00e1s de 95 naciones, sino tambi\u00e9n de gobiernos, dignatarios, instituciones educativas y organizaciones humanitarias. Reconociendo la naturaleza cient\u00edfica y verificable de sus ense\u00f1anzas, la Academia Petrovskaya de&hellip; Read more\" \/>\n<meta property=\"og:url\" content=\"https:\/\/shrimataji.org\/test\/es\/reconocimientos\/\" \/>\n<meta property=\"og:site_name\" content=\"TEST - SMND\" \/>\n<meta property=\"article:publisher\" content=\"https:\/\/www.facebook.com\/shrimataji\" \/>\n<meta property=\"article:modified_time\" content=\"2026-03-11T23:50:14+00:00\" \/>\n<meta property=\"og:image\" content=\"https:\/\/shrimataji.org\/test\/wp-content\/uploads\/2018\/07\/media_originals\/images\/headers-life-awards\/shri-mataji-recieves-recognition-in-moscow-russia.jpg\" \/>\n\t<meta property=\"og:image:width\" content=\"990\" \/>\n\t<meta property=\"og:image:height\" content=\"350\" \/>\n\t<meta property=\"og:image:type\" content=\"image\/jpeg\" \/>\n<meta name=\"twitter:card\" content=\"summary_large_image\" \/>\n<meta name=\"twitter:site\" content=\"@shrimataji\" \/>\n<meta name=\"twitter:label1\" content=\"Est. reading time\" \/>\n\t<meta name=\"twitter:data1\" content=\"4 minutes\" \/>\n<script type=\"application\/ld+json\" class=\"yoast-schema-graph\">{\"@context\":\"https:\\\/\\\/schema.org\",\"@graph\":[{\"@type\":\"WebPage\",\"@id\":\"https:\\\/\\\/shrimataji.org\\\/test\\\/es\\\/reconocimientos\\\/\",\"url\":\"https:\\\/\\\/shrimataji.org\\\/test\\\/es\\\/reconocimientos\\\/\",\"name\":\"Reconocimientos - TEST - SMND\",\"isPartOf\":{\"@id\":\"https:\\\/\\\/shrimataji.org\\\/test\\\/#website\"},\"primaryImageOfPage\":{\"@id\":\"https:\\\/\\\/shrimataji.org\\\/test\\\/es\\\/reconocimientos\\\/#primaryimage\"},\"image\":{\"@id\":\"https:\\\/\\\/shrimataji.org\\\/test\\\/es\\\/reconocimientos\\\/#primaryimage\"},\"thumbnailUrl\":\"https:\\\/\\\/shrimataji.org\\\/test\\\/wp-content\\\/uploads\\\/2018\\\/07\\\/media_originals\\\/images\\\/headers-life-awards\\\/shri-mataji-recieves-recognition-in-moscow-russia.jpg\",\"datePublished\":\"2018-07-10T06:54:50+00:00\",\"dateModified\":\"2026-03-11T23:50:14+00:00\",\"breadcrumb\":{\"@id\":\"https:\\\/\\\/shrimataji.org\\\/test\\\/es\\\/reconocimientos\\\/#breadcrumb\"},\"inLanguage\":\"en-US\",\"potentialAction\":[{\"@type\":\"ReadAction\",\"target\":[\"https:\\\/\\\/shrimataji.org\\\/test\\\/es\\\/reconocimientos\\\/\"]}]},{\"@type\":\"ImageObject\",\"inLanguage\":\"en-US\",\"@id\":\"https:\\\/\\\/shrimataji.org\\\/test\\\/es\\\/reconocimientos\\\/#primaryimage\",\"url\":\"https:\\\/\\\/shrimataji.org\\\/test\\\/wp-content\\\/uploads\\\/2018\\\/07\\\/media_originals\\\/images\\\/headers-life-awards\\\/shri-mataji-recieves-recognition-in-moscow-russia.jpg\",\"contentUrl\":\"https:\\\/\\\/shrimataji.org\\\/test\\\/wp-content\\\/uploads\\\/2018\\\/07\\\/media_originals\\\/images\\\/headers-life-awards\\\/shri-mataji-recieves-recognition-in-moscow-russia.jpg\",\"width\":990,\"height\":350},{\"@type\":\"BreadcrumbList\",\"@id\":\"https:\\\/\\\/shrimataji.org\\\/test\\\/es\\\/reconocimientos\\\/#breadcrumb\",\"itemListElement\":[{\"@type\":\"ListItem\",\"position\":1,\"name\":\"Home\",\"item\":\"https:\\\/\\\/shrimataji.org\\\/test\\\/uk\\\/home-en\\\/\"},{\"@type\":\"ListItem\",\"position\":2,\"name\":\"Reconocimientos\"}]},{\"@type\":\"WebSite\",\"@id\":\"https:\\\/\\\/shrimataji.org\\\/test\\\/#website\",\"url\":\"https:\\\/\\\/shrimataji.org\\\/test\\\/\",\"name\":\"Shri Mataji Nirmala Devi\",\"description\":\"A Life Dedicated to Humanity\",\"publisher\":{\"@id\":\"https:\\\/\\\/shrimataji.org\\\/test\\\/#\\\/schema\\\/person\\\/a1b3419c6585f164aa96da1ff85715d1\"},\"potentialAction\":[{\"@type\":\"SearchAction\",\"target\":{\"@type\":\"EntryPoint\",\"urlTemplate\":\"https:\\\/\\\/shrimataji.org\\\/test\\\/?s={search_term_string}\"},\"query-input\":{\"@type\":\"PropertyValueSpecification\",\"valueRequired\":true,\"valueName\":\"search_term_string\"}}],\"inLanguage\":\"en-US\"},{\"@type\":[\"Person\",\"Organization\"],\"@id\":\"https:\\\/\\\/shrimataji.org\\\/test\\\/#\\\/schema\\\/person\\\/a1b3419c6585f164aa96da1ff85715d1\",\"name\":\"Nirmala Shrivastava\",\"image\":{\"@type\":\"ImageObject\",\"inLanguage\":\"en-US\",\"@id\":\"https:\\\/\\\/shrimataji.org\\\/test\\\/wp-content\\\/uploads\\\/2023\\\/02\\\/SMO_LOGO-03.svg\",\"url\":\"https:\\\/\\\/shrimataji.org\\\/test\\\/wp-content\\\/uploads\\\/2023\\\/02\\\/SMO_LOGO-03.svg\",\"contentUrl\":\"https:\\\/\\\/shrimataji.org\\\/test\\\/wp-content\\\/uploads\\\/2023\\\/02\\\/SMO_LOGO-03.svg\",\"width\":\"1024\",\"height\":\"1024\",\"caption\":\"Nirmala Shrivastava\"},\"logo\":{\"@id\":\"https:\\\/\\\/shrimataji.org\\\/test\\\/wp-content\\\/uploads\\\/2023\\\/02\\\/SMO_LOGO-03.svg\"},\"sameAs\":[\"https:\\\/\\\/shrimataji.org\\\/test\",\"https:\\\/\\\/www.facebook.com\\\/shrimataji\",\"https:\\\/\\\/x.com\\\/shrimataji\",\"https:\\\/\\\/www.youtube.com\\\/@Shri_Mataji_Nirmala_Devi\\\/featured\"]}]}<\/script>\n<!-- \/ Yoast SEO plugin. -->","yoast_head_json":{"title":"Reconocimientos - TEST - SMND","robots":{"index":"noindex","follow":"follow","max-snippet":"max-snippet:-1","max-image-preview":"max-image-preview:large","max-video-preview":"max-video-preview:-1"},"og_locale":"en_US","og_type":"article","og_title":"Reconocimientos - TEST - SMND","og_description":"Premios Reconocimiento Internacional El trabajo humanitario y espiritual de Shri Mataji atrae la admiraci\u00f3n no s\u00f3lo de innumerables individuos que se han beneficiado personalmente de sus ense\u00f1anzas en m\u00e1s de 95 naciones, sino tambi\u00e9n de gobiernos, dignatarios, instituciones educativas y organizaciones humanitarias. Reconociendo la naturaleza cient\u00edfica y verificable de sus ense\u00f1anzas, la Academia Petrovskaya de&hellip; Read more","og_url":"https:\/\/shrimataji.org\/test\/es\/reconocimientos\/","og_site_name":"TEST - SMND","article_publisher":"https:\/\/www.facebook.com\/shrimataji","article_modified_time":"2026-03-11T23:50:14+00:00","og_image":[{"width":990,"height":350,"url":"https:\/\/shrimataji.org\/test\/wp-content\/uploads\/2018\/07\/media_originals\/images\/headers-life-awards\/shri-mataji-recieves-recognition-in-moscow-russia.jpg","type":"image\/jpeg"}],"twitter_card":"summary_large_image","twitter_site":"@shrimataji","twitter_misc":{"Est. reading time":"4 minutes"},"schema":{"@context":"https:\/\/schema.org","@graph":[{"@type":"WebPage","@id":"https:\/\/shrimataji.org\/test\/es\/reconocimientos\/","url":"https:\/\/shrimataji.org\/test\/es\/reconocimientos\/","name":"Reconocimientos - TEST - SMND","isPartOf":{"@id":"https:\/\/shrimataji.org\/test\/#website"},"primaryImageOfPage":{"@id":"https:\/\/shrimataji.org\/test\/es\/reconocimientos\/#primaryimage"},"image":{"@id":"https:\/\/shrimataji.org\/test\/es\/reconocimientos\/#primaryimage"},"thumbnailUrl":"https:\/\/shrimataji.org\/test\/wp-content\/uploads\/2018\/07\/media_originals\/images\/headers-life-awards\/shri-mataji-recieves-recognition-in-moscow-russia.jpg","datePublished":"2018-07-10T06:54:50+00:00","dateModified":"2026-03-11T23:50:14+00:00","breadcrumb":{"@id":"https:\/\/shrimataji.org\/test\/es\/reconocimientos\/#breadcrumb"},"inLanguage":"en-US","potentialAction":[{"@type":"ReadAction","target":["https:\/\/shrimataji.org\/test\/es\/reconocimientos\/"]}]},{"@type":"ImageObject","inLanguage":"en-US","@id":"https:\/\/shrimataji.org\/test\/es\/reconocimientos\/#primaryimage","url":"https:\/\/shrimataji.org\/test\/wp-content\/uploads\/2018\/07\/media_originals\/images\/headers-life-awards\/shri-mataji-recieves-recognition-in-moscow-russia.jpg","contentUrl":"https:\/\/shrimataji.org\/test\/wp-content\/uploads\/2018\/07\/media_originals\/images\/headers-life-awards\/shri-mataji-recieves-recognition-in-moscow-russia.jpg","width":990,"height":350},{"@type":"BreadcrumbList","@id":"https:\/\/shrimataji.org\/test\/es\/reconocimientos\/#breadcrumb","itemListElement":[{"@type":"ListItem","position":1,"name":"Home","item":"https:\/\/shrimataji.org\/test\/uk\/home-en\/"},{"@type":"ListItem","position":2,"name":"Reconocimientos"}]},{"@type":"WebSite","@id":"https:\/\/shrimataji.org\/test\/#website","url":"https:\/\/shrimataji.org\/test\/","name":"Shri Mataji Nirmala Devi","description":"A Life Dedicated to Humanity","publisher":{"@id":"https:\/\/shrimataji.org\/test\/#\/schema\/person\/a1b3419c6585f164aa96da1ff85715d1"},"potentialAction":[{"@type":"SearchAction","target":{"@type":"EntryPoint","urlTemplate":"https:\/\/shrimataji.org\/test\/?s={search_term_string}"},"query-input":{"@type":"PropertyValueSpecification","valueRequired":true,"valueName":"search_term_string"}}],"inLanguage":"en-US"},{"@type":["Person","Organization"],"@id":"https:\/\/shrimataji.org\/test\/#\/schema\/person\/a1b3419c6585f164aa96da1ff85715d1","name":"Nirmala Shrivastava","image":{"@type":"ImageObject","inLanguage":"en-US","@id":"https:\/\/shrimataji.org\/test\/wp-content\/uploads\/2023\/02\/SMO_LOGO-03.svg","url":"https:\/\/shrimataji.org\/test\/wp-content\/uploads\/2023\/02\/SMO_LOGO-03.svg","contentUrl":"https:\/\/shrimataji.org\/test\/wp-content\/uploads\/2023\/02\/SMO_LOGO-03.svg","width":"1024","height":"1024","caption":"Nirmala Shrivastava"},"logo":{"@id":"https:\/\/shrimataji.org\/test\/wp-content\/uploads\/2023\/02\/SMO_LOGO-03.svg"},"sameAs":["https:\/\/shrimataji.org\/test","https:\/\/www.facebook.com\/shrimataji","https:\/\/x.com\/shrimataji","https:\/\/www.youtube.com\/@Shri_Mataji_Nirmala_Devi\/featured"]}]}},"lang":"es","translations":{"es":10920,"ur":37691,"en":437,"am":17967,"th":19895,"hu":19442,"sq":18368,"zh":17265,"tr":10136,"pt":10353,"de":10626,"fr":10724,"it":10822,"ja":11217,"ru":11405,"bn":11597,"te":11705,"sw":11828,"he":11976,"el":12267,"sk":12365,"fa":12463,"fi":12561,"bg":13438,"ro":14512,"cs":14705,"nl":16528,"ku":16688,"ar":16864,"be":18575,"kn":18849,"mr":20259,"uk":20551,"ml":20850,"ta":22683,"sv":22956,"gu":28804,"pa":28962,"fil":29402,"da":37710,"pl":37927,"nn":38262},"pll_sync_post":[],"_links":{"self":[{"href":"https:\/\/shrimataji.org\/test\/wp-json\/wp\/v2\/pages\/10920","targetHints":{"allow":["GET"]}}],"collection":[{"href":"https:\/\/shrimataji.org\/test\/wp-json\/wp\/v2\/pages"}],"about":[{"href":"https:\/\/shrimataji.org\/test\/wp-json\/wp\/v2\/types\/page"}],"author":[{"embeddable":true,"href":"https:\/\/shrimataji.org\/test\/wp-json\/wp\/v2\/users\/63"}],"replies":[{"embeddable":true,"href":"https:\/\/shrimataji.org\/test\/wp-json\/wp\/v2\/comments?post=10920"}],"version-history":[{"count":0,"href":"https:\/\/shrimataji.org\/test\/wp-json\/wp\/v2\/pages\/10920\/revisions"}],"wp:featuredmedia":[{"embeddable":true,"href":"https:\/\/shrimataji.org\/test\/wp-json\/wp\/v2\/media\/156"}],"wp:attachment":[{"href":"https:\/\/shrimataji.org\/test\/wp-json\/wp\/v2\/media?parent=10920"}],"curies":[{"name":"wp","href":"https:\/\/api.w.org\/{rel}","templated":true}]}}