{"id":10921,"date":"2022-01-29T09:51:00","date_gmt":"2022-01-29T09:51:00","guid":{"rendered":"https:\/\/test.shrimataji.org\/?page_id=6388"},"modified":"2026-03-11T23:49:00","modified_gmt":"2026-03-11T23:49:00","slug":"convertirse-en-el-maestro","status":"publish","type":"page","link":"https:\/\/shrimataji.org\/test\/es\/convertirse-en-el-maestro\/","title":{"rendered":"Convertirse en el Maestro"},"content":{"rendered":"\n\n\t<h1>Convertirse en el maestro<\/h1>\n<h2>Despertando tu propio principio del Gur\u00fa.<\/h2>\n<div class=\"su-quote su-quote-style-default\"><div class=\"su-quote-inner su-u-clearfix su-u-trim\"> Pero estamos muy por encima de todos estos instrumentos ordinarios, incluso de los m\u00e1s complicados, incluso de los m\u00e1s avanzados y desarrollados por la ciencia. Porque llegamos a un estado en el que nosotros mismos nos convertimos en ciencia, ciencia de la verdad, una verdad absoluta. Entonces, lo que se necesita para ser un Gur\u00fa es autoestima. <\/div><\/div>\n<h4>Shri Mataji enfatiz\u00f3 el principio de alcanzar el estado del propio maestro desde el primer d\u00eda que ense\u00f1\u00f3 Sahaja Yoga. A diferencia de otras disciplinas de yoga, que requieren de a\u00f1os de aprendizaje bajo la estrecha gu\u00eda de un maestro o gur\u00fa, la meditaci\u00f3n Sahaja Yoga se centra en llegar a nuestro propio principio de maestr\u00eda, innato en el Esp\u00edritu iluminado.<\/h4>\n<p>Todo conocimiento verdadero s\u00f3lo puede conocerse a trav\u00e9s de nuestro sistema nervioso central. El sexto sentido de la conciencia vibratoria sutil, despertado por la Realizaci\u00f3n del Ser y establecido mediante la pr\u00e1ctica adecuada de la meditaci\u00f3n Sahaja Yoga, se convierte en una herramienta perfecta para conocernos a nosotros mismos y a los dem\u00e1s, a trav\u00e9s de esta nueva dimensi\u00f3n de la conciencia.<\/p>\n<p>Una vez que alcanzamos este estado innato de automaestr\u00eda, vemos claramente las cosas tal como son y no como antes cre\u00edamos que eran. No seguimos una fe, una religi\u00f3n, unas doctrinas o unos dogmas ciegamente; por el contrario, nuestra perspectiva cambia y lo observamos todo desde el estado de conciencia vibratoria absoluta, que est\u00e1 por encima de la dualidad de nuestra mente limitada.<\/p>\n<p>Al principio, estas experiencias divinas pueden durar s\u00f3lo breves momentos, pero a medida que avanzamos sinceramente en la meditaci\u00f3n Sahaja Yoga, esas experiencias profundas se vuelven parte integrante de nuestra vida. Podemos afrontar cualquier aspecto de nuestra vida con rectitud y manejar cualquier situaci\u00f3n que antes nos hubiera parecido desalentadora o angustiosa.<\/p>\n<p>Este estado de automaestr\u00eda no solo nos permite alcanzar un armonioso equilibrio en nuestra vida diaria, sino que tambi\u00e9n posibilita que llevemos a otros a ese hermoso estado de Realizaci\u00f3n del Ser. Muchos sahaja yoguis han experimentado c\u00f3mo sus propias vidas, las de sus familias, amigos e incluso la sociedad en general en la que viven, se han transformado simplemente al establecer el estado de maestr\u00eda o principio del Gur\u00fa dentro de ellos mismos.<\/p>\n<div class=\"su-quote su-quote-style-default\"><div class=\"su-quote-inner su-u-clearfix su-u-trim\"> De la misma manera, cuando has alcanzado esa altura, en ese estado, sin decir nada, sin hacer nada, incluso con solo una mirada, lo manifiestas.<\/div><\/div>\n\n","protected":false},"excerpt":{"rendered":"<p>Convertirse en el maestro Despertando tu propio principio del Gur\u00fa. Shri Mataji enfatiz\u00f3 el principio de alcanzar el estado del propio maestro desde el primer d\u00eda que ense\u00f1\u00f3 Sahaja Yoga. A diferencia de otras disciplinas de yoga, que requieren de a\u00f1os de aprendizaje bajo la estrecha gu\u00eda de un maestro o gur\u00fa, la meditaci\u00f3n Sahaja&hellip; <br \/> <a class=\"read-more\" href=\"https:\/\/shrimataji.org\/test\/es\/convertirse-en-el-maestro\/\">Read more<\/a><\/p>\n","protected":false},"author":63,"featured_media":9261,"parent":0,"menu_order":0,"comment_status":"closed","ping_status":"closed","template":"","meta":{"inline_featured_image":false,"footnotes":""},"class_list":["post-10921","page","type-page","status-publish","has-post-thumbnail","hentry"],"yoast_head":"<!-- This site is optimized with the Yoast SEO plugin v27.4 - https:\/\/yoast.com\/product\/yoast-seo-wordpress\/ -->\n<title>Convertirse en el Maestro - TEST - SMND<\/title>\n<meta name=\"robots\" content=\"noindex, follow, max-snippet:-1, max-image-preview:large, max-video-preview:-1\" \/>\n<meta property=\"og:locale\" content=\"en_US\" \/>\n<meta property=\"og:type\" content=\"article\" \/>\n<meta property=\"og:title\" content=\"Convertirse en el Maestro - TEST - SMND\" \/>\n<meta property=\"og:description\" content=\"Convertirse en el maestro Despertando tu propio principio del Gur\u00fa. Shri Mataji enfatiz\u00f3 el principio de alcanzar el estado del propio maestro desde el primer d\u00eda que ense\u00f1\u00f3 Sahaja Yoga. A diferencia de otras disciplinas de yoga, que requieren de a\u00f1os de aprendizaje bajo la estrecha gu\u00eda de un maestro o gur\u00fa, la meditaci\u00f3n Sahaja&hellip; Read more\" \/>\n<meta property=\"og:url\" content=\"https:\/\/shrimataji.org\/test\/es\/convertirse-en-el-maestro\/\" \/>\n<meta property=\"og:site_name\" content=\"TEST - SMND\" \/>\n<meta property=\"article:publisher\" content=\"https:\/\/www.facebook.com\/shrimataji\" \/>\n<meta property=\"article:modified_time\" content=\"2026-03-11T23:49:00+00:00\" \/>\n<meta property=\"og:image\" content=\"https:\/\/shrimataji.org\/test\/wp-content\/uploads\/2023\/03\/26_Banner-SY-Master-scaled.jpg\" \/>\n\t<meta property=\"og:image:width\" content=\"2560\" \/>\n\t<meta property=\"og:image:height\" content=\"905\" \/>\n\t<meta property=\"og:image:type\" content=\"image\/jpeg\" \/>\n<meta name=\"twitter:card\" content=\"summary_large_image\" \/>\n<meta name=\"twitter:site\" content=\"@shrimataji\" \/>\n<meta name=\"twitter:label1\" content=\"Est. reading time\" \/>\n\t<meta name=\"twitter:data1\" content=\"2 minutes\" \/>\n<script type=\"application\/ld+json\" class=\"yoast-schema-graph\">{\"@context\":\"https:\\\/\\\/schema.org\",\"@graph\":[{\"@type\":\"WebPage\",\"@id\":\"https:\\\/\\\/shrimataji.org\\\/test\\\/es\\\/convertirse-en-el-maestro\\\/\",\"url\":\"https:\\\/\\\/shrimataji.org\\\/test\\\/es\\\/convertirse-en-el-maestro\\\/\",\"name\":\"Convertirse en el Maestro - TEST - SMND\",\"isPartOf\":{\"@id\":\"https:\\\/\\\/shrimataji.org\\\/test\\\/#website\"},\"primaryImageOfPage\":{\"@id\":\"https:\\\/\\\/shrimataji.org\\\/test\\\/es\\\/convertirse-en-el-maestro\\\/#primaryimage\"},\"image\":{\"@id\":\"https:\\\/\\\/shrimataji.org\\\/test\\\/es\\\/convertirse-en-el-maestro\\\/#primaryimage\"},\"thumbnailUrl\":\"https:\\\/\\\/shrimataji.org\\\/test\\\/wp-content\\\/uploads\\\/2023\\\/03\\\/26_Banner-SY-Master-scaled.jpg\",\"datePublished\":\"2022-01-29T09:51:00+00:00\",\"dateModified\":\"2026-03-11T23:49:00+00:00\",\"breadcrumb\":{\"@id\":\"https:\\\/\\\/shrimataji.org\\\/test\\\/es\\\/convertirse-en-el-maestro\\\/#breadcrumb\"},\"inLanguage\":\"en-US\",\"potentialAction\":[{\"@type\":\"ReadAction\",\"target\":[\"https:\\\/\\\/shrimataji.org\\\/test\\\/es\\\/convertirse-en-el-maestro\\\/\"]}]},{\"@type\":\"ImageObject\",\"inLanguage\":\"en-US\",\"@id\":\"https:\\\/\\\/shrimataji.org\\\/test\\\/es\\\/convertirse-en-el-maestro\\\/#primaryimage\",\"url\":\"https:\\\/\\\/shrimataji.org\\\/test\\\/wp-content\\\/uploads\\\/2023\\\/03\\\/26_Banner-SY-Master-scaled.jpg\",\"contentUrl\":\"https:\\\/\\\/shrimataji.org\\\/test\\\/wp-content\\\/uploads\\\/2023\\\/03\\\/26_Banner-SY-Master-scaled.jpg\",\"width\":2560,\"height\":905},{\"@type\":\"BreadcrumbList\",\"@id\":\"https:\\\/\\\/shrimataji.org\\\/test\\\/es\\\/convertirse-en-el-maestro\\\/#breadcrumb\",\"itemListElement\":[{\"@type\":\"ListItem\",\"position\":1,\"name\":\"Home\",\"item\":\"https:\\\/\\\/shrimataji.org\\\/test\\\/uk\\\/home-en\\\/\"},{\"@type\":\"ListItem\",\"position\":2,\"name\":\"Convertirse en el Maestro\"}]},{\"@type\":\"WebSite\",\"@id\":\"https:\\\/\\\/shrimataji.org\\\/test\\\/#website\",\"url\":\"https:\\\/\\\/shrimataji.org\\\/test\\\/\",\"name\":\"Shri Mataji Nirmala Devi\",\"description\":\"A Life Dedicated to Humanity\",\"publisher\":{\"@id\":\"https:\\\/\\\/shrimataji.org\\\/test\\\/#\\\/schema\\\/person\\\/a1b3419c6585f164aa96da1ff85715d1\"},\"potentialAction\":[{\"@type\":\"SearchAction\",\"target\":{\"@type\":\"EntryPoint\",\"urlTemplate\":\"https:\\\/\\\/shrimataji.org\\\/test\\\/?s={search_term_string}\"},\"query-input\":{\"@type\":\"PropertyValueSpecification\",\"valueRequired\":true,\"valueName\":\"search_term_string\"}}],\"inLanguage\":\"en-US\"},{\"@type\":[\"Person\",\"Organization\"],\"@id\":\"https:\\\/\\\/shrimataji.org\\\/test\\\/#\\\/schema\\\/person\\\/a1b3419c6585f164aa96da1ff85715d1\",\"name\":\"Nirmala Shrivastava\",\"image\":{\"@type\":\"ImageObject\",\"inLanguage\":\"en-US\",\"@id\":\"https:\\\/\\\/shrimataji.org\\\/test\\\/wp-content\\\/uploads\\\/2023\\\/02\\\/SMO_LOGO-03.svg\",\"url\":\"https:\\\/\\\/shrimataji.org\\\/test\\\/wp-content\\\/uploads\\\/2023\\\/02\\\/SMO_LOGO-03.svg\",\"contentUrl\":\"https:\\\/\\\/shrimataji.org\\\/test\\\/wp-content\\\/uploads\\\/2023\\\/02\\\/SMO_LOGO-03.svg\",\"width\":\"1024\",\"height\":\"1024\",\"caption\":\"Nirmala Shrivastava\"},\"logo\":{\"@id\":\"https:\\\/\\\/shrimataji.org\\\/test\\\/wp-content\\\/uploads\\\/2023\\\/02\\\/SMO_LOGO-03.svg\"},\"sameAs\":[\"https:\\\/\\\/shrimataji.org\\\/test\",\"https:\\\/\\\/www.facebook.com\\\/shrimataji\",\"https:\\\/\\\/x.com\\\/shrimataji\",\"https:\\\/\\\/www.youtube.com\\\/@Shri_Mataji_Nirmala_Devi\\\/featured\"]}]}<\/script>\n<!-- \/ Yoast SEO plugin. -->","yoast_head_json":{"title":"Convertirse en el Maestro - TEST - SMND","robots":{"index":"noindex","follow":"follow","max-snippet":"max-snippet:-1","max-image-preview":"max-image-preview:large","max-video-preview":"max-video-preview:-1"},"og_locale":"en_US","og_type":"article","og_title":"Convertirse en el Maestro - TEST - SMND","og_description":"Convertirse en el maestro Despertando tu propio principio del Gur\u00fa. Shri Mataji enfatiz\u00f3 el principio de alcanzar el estado del propio maestro desde el primer d\u00eda que ense\u00f1\u00f3 Sahaja Yoga. A diferencia de otras disciplinas de yoga, que requieren de a\u00f1os de aprendizaje bajo la estrecha gu\u00eda de un maestro o gur\u00fa, la meditaci\u00f3n Sahaja&hellip; Read more","og_url":"https:\/\/shrimataji.org\/test\/es\/convertirse-en-el-maestro\/","og_site_name":"TEST - SMND","article_publisher":"https:\/\/www.facebook.com\/shrimataji","article_modified_time":"2026-03-11T23:49:00+00:00","og_image":[{"width":2560,"height":905,"url":"https:\/\/shrimataji.org\/test\/wp-content\/uploads\/2023\/03\/26_Banner-SY-Master-scaled.jpg","type":"image\/jpeg"}],"twitter_card":"summary_large_image","twitter_site":"@shrimataji","twitter_misc":{"Est. reading time":"2 minutes"},"schema":{"@context":"https:\/\/schema.org","@graph":[{"@type":"WebPage","@id":"https:\/\/shrimataji.org\/test\/es\/convertirse-en-el-maestro\/","url":"https:\/\/shrimataji.org\/test\/es\/convertirse-en-el-maestro\/","name":"Convertirse en el Maestro - TEST - SMND","isPartOf":{"@id":"https:\/\/shrimataji.org\/test\/#website"},"primaryImageOfPage":{"@id":"https:\/\/shrimataji.org\/test\/es\/convertirse-en-el-maestro\/#primaryimage"},"image":{"@id":"https:\/\/shrimataji.org\/test\/es\/convertirse-en-el-maestro\/#primaryimage"},"thumbnailUrl":"https:\/\/shrimataji.org\/test\/wp-content\/uploads\/2023\/03\/26_Banner-SY-Master-scaled.jpg","datePublished":"2022-01-29T09:51:00+00:00","dateModified":"2026-03-11T23:49:00+00:00","breadcrumb":{"@id":"https:\/\/shrimataji.org\/test\/es\/convertirse-en-el-maestro\/#breadcrumb"},"inLanguage":"en-US","potentialAction":[{"@type":"ReadAction","target":["https:\/\/shrimataji.org\/test\/es\/convertirse-en-el-maestro\/"]}]},{"@type":"ImageObject","inLanguage":"en-US","@id":"https:\/\/shrimataji.org\/test\/es\/convertirse-en-el-maestro\/#primaryimage","url":"https:\/\/shrimataji.org\/test\/wp-content\/uploads\/2023\/03\/26_Banner-SY-Master-scaled.jpg","contentUrl":"https:\/\/shrimataji.org\/test\/wp-content\/uploads\/2023\/03\/26_Banner-SY-Master-scaled.jpg","width":2560,"height":905},{"@type":"BreadcrumbList","@id":"https:\/\/shrimataji.org\/test\/es\/convertirse-en-el-maestro\/#breadcrumb","itemListElement":[{"@type":"ListItem","position":1,"name":"Home","item":"https:\/\/shrimataji.org\/test\/uk\/home-en\/"},{"@type":"ListItem","position":2,"name":"Convertirse en el Maestro"}]},{"@type":"WebSite","@id":"https:\/\/shrimataji.org\/test\/#website","url":"https:\/\/shrimataji.org\/test\/","name":"Shri Mataji Nirmala Devi","description":"A Life Dedicated to Humanity","publisher":{"@id":"https:\/\/shrimataji.org\/test\/#\/schema\/person\/a1b3419c6585f164aa96da1ff85715d1"},"potentialAction":[{"@type":"SearchAction","target":{"@type":"EntryPoint","urlTemplate":"https:\/\/shrimataji.org\/test\/?s={search_term_string}"},"query-input":{"@type":"PropertyValueSpecification","valueRequired":true,"valueName":"search_term_string"}}],"inLanguage":"en-US"},{"@type":["Person","Organization"],"@id":"https:\/\/shrimataji.org\/test\/#\/schema\/person\/a1b3419c6585f164aa96da1ff85715d1","name":"Nirmala Shrivastava","image":{"@type":"ImageObject","inLanguage":"en-US","@id":"https:\/\/shrimataji.org\/test\/wp-content\/uploads\/2023\/02\/SMO_LOGO-03.svg","url":"https:\/\/shrimataji.org\/test\/wp-content\/uploads\/2023\/02\/SMO_LOGO-03.svg","contentUrl":"https:\/\/shrimataji.org\/test\/wp-content\/uploads\/2023\/02\/SMO_LOGO-03.svg","width":"1024","height":"1024","caption":"Nirmala Shrivastava"},"logo":{"@id":"https:\/\/shrimataji.org\/test\/wp-content\/uploads\/2023\/02\/SMO_LOGO-03.svg"},"sameAs":["https:\/\/shrimataji.org\/test","https:\/\/www.facebook.com\/shrimataji","https:\/\/x.com\/shrimataji","https:\/\/www.youtube.com\/@Shri_Mataji_Nirmala_Devi\/featured"]}]}},"lang":"es","translations":{"es":10921,"ur":37398,"en":6388,"am":17969,"th":19898,"hu":19444,"sq":18370,"zh":17267,"hi":7370,"tr":10137,"pt":10354,"de":10627,"fr":10725,"it":10823,"ja":11218,"ru":11406,"bn":11598,"te":11706,"sw":11829,"he":11977,"el":12268,"sk":12366,"fa":12464,"fi":12562,"bg":13400,"ro":14474,"cs":14667,"nl":16530,"ku":16690,"ar":16866,"be":18577,"kn":18851,"mr":20262,"uk":20554,"ml":20853,"ta":22685,"sv":22958,"gu":28806,"pa":28964,"fil":29404,"da":37712,"pl":37929,"nn":38264},"pll_sync_post":[],"_links":{"self":[{"href":"https:\/\/shrimataji.org\/test\/wp-json\/wp\/v2\/pages\/10921","targetHints":{"allow":["GET"]}}],"collection":[{"href":"https:\/\/shrimataji.org\/test\/wp-json\/wp\/v2\/pages"}],"about":[{"href":"https:\/\/shrimataji.org\/test\/wp-json\/wp\/v2\/types\/page"}],"author":[{"embeddable":true,"href":"https:\/\/shrimataji.org\/test\/wp-json\/wp\/v2\/users\/63"}],"replies":[{"embeddable":true,"href":"https:\/\/shrimataji.org\/test\/wp-json\/wp\/v2\/comments?post=10921"}],"version-history":[{"count":0,"href":"https:\/\/shrimataji.org\/test\/wp-json\/wp\/v2\/pages\/10921\/revisions"}],"wp:featuredmedia":[{"embeddable":true,"href":"https:\/\/shrimataji.org\/test\/wp-json\/wp\/v2\/media\/9261"}],"wp:attachment":[{"href":"https:\/\/shrimataji.org\/test\/wp-json\/wp\/v2\/media?parent=10921"}],"curies":[{"name":"wp","href":"https:\/\/api.w.org\/{rel}","templated":true}]}}