{"id":10922,"date":"2022-02-25T04:05:58","date_gmt":"2022-02-25T04:05:58","guid":{"rendered":"https:\/\/test.shrimataji.org\/?page_id=6476"},"modified":"2026-03-11T23:49:00","modified_gmt":"2026-03-11T23:49:00","slug":"chakras-y-cualidades","status":"publish","type":"page","link":"https:\/\/shrimataji.org\/test\/es\/chakras-y-cualidades\/","title":{"rendered":"Chakras y Cualidades"},"content":{"rendered":"\n\n\t<h1><a href=\"#_ftnref1\" name=\"_ftn1\"><\/a>Chakras y Cualidades<\/h1>\n<h2>Las Ruedas de la Vida<\/h2>\n<div class=\"su-quote su-quote-style-default\"><div class=\"su-quote-inner su-u-clearfix su-u-trim\">Los chakras est\u00e1n creados a partir de los cinco elementos: tierra, agua, aire, fuego y \u00e9ter.<\/div><\/div>\n\t<h4>Shri Mataji ha explicado a los buscadores c\u00f3mo se pueden sentir realmente los centros sutiles (chakras), ya sea en el cuerpo o en las extremidades, como en los dedos de las manos y en los pies. Dependiendo del estado de nuestra psique humana, se pueden experimentar diferentes sensaciones, desde c\u00e1lidas, frescas, hasta hormigueo f\u00edsico o pesadez. Ella descifr\u00f3 pacientemente cada una de estas sensaciones que los buscadores experimentaban en su presencia en relaci\u00f3n a un problema espec\u00edfico que les afectaba en los niveles f\u00edsico, mental, emocional o espiritual. Se\u00f1al\u00f3 que esta experiencia y\u00f3guica espiritual est\u00e1 muy bien descrita en varias escrituras del mundo, especialmente en los vers\u00edculos del Santo Cor\u00e1n.<\/h4>\n\t<div class=\"su-quote su-quote-style-default\"><div class=\"su-quote-inner su-u-clearfix su-u-trim\">&#8220;Lo llaman Kiyama en el Cor\u00e1n [<a href=\"#citation-ref-1\">1<\/a>], donde se dice que sus manos hablar\u00e1n y les dir\u00e1n todo sobre ustedes y sobre los dem\u00e1s. Esto es exactamente lo que sucede, que en las yemas de sus dedos pueden sentir sus centros y los de los dem\u00e1s. As\u00ed, desarrollan el autoconocimiento y adquieren consciencia colectiva.&#8221;<\/div><\/div>\n<p>Uno puede visualizar los chakras como un conjunto de lenguas de fuego o incluso p\u00e9talos de loto. Cada chakra tiene un n\u00famero diferente de p\u00e9talos que corresponden al n\u00famero de subplexos dentro de ese plexo nervioso. Los plexos nerviosos regulan el flujo de informaci\u00f3n dentro de nuestro cuerpo y cerebro, facilitando un funcionamiento armonioso de nuestro ser. Son la ra\u00edz de todas nuestras actividades f\u00edsicas, mentales y emocionales. Por lo tanto, cada chakra se asocia con ciertos rasgos f\u00edsicos, mentales y emocionales. Cuando experimentamos trastornos a nivel mental, emocional o f\u00edsico, se debe a un bloqueo sutil u obst\u00e1culos en estos chakras.<\/p>\n<div class=\"su-quote su-quote-style-default\"><div class=\"su-quote-inner su-u-clearfix su-u-trim\">&#8220;La energ\u00eda sutil entra a trav\u00e9s del centro del cerebro (Sahasrara Brahmarandhra) y se precipita sobre otros seis centros en su camino hacia abajo. La manifestaci\u00f3n m\u00e1s evidente de esta energ\u00eda sutil, en el canal Sushumna de la m\u00e9dula espinal, se llama sistema nervioso parasimp\u00e1tico. Los centros de los chakras se expresan como plexos fuera de la m\u00e9dula espinal. Sorprendentemente, tenemos el mismo n\u00famero de plexos y subplexos fuera, que el n\u00famero de chakras y sus p\u00e9talos dentro de la m\u00e9dula espinal.&#8221;<\/div><\/div>\n<p>La extensi\u00f3n perif\u00e9rica de nuestro sistema nervioso coincide con la extensi\u00f3n perif\u00e9rica de nuestro cuerpo sutil, lo que permite una correlaci\u00f3n uno a uno entre los chakras dentro de la m\u00e9dula espinal y las extremidades correspondientes en nuestras manos y pies. Si uno conoce la decodificaci\u00f3n correcta de estas ubicaciones en nuestro cuerpo y sus centros sutiles correspondientes (chakras), uno puede dominar f\u00e1cilmente su ser f\u00edsico, mental, emocional y espiritual. Ya no estamos separados de la realidad universal absoluta, sino que podemos separarnos de las ilusiones de la realidad a trav\u00e9s del autoconocimiento.<\/p>\n<figure itemscope itemtype=\"https:\/\/schema.org\/ImageObject\">\n\t\t\t\t<img decoding=\"async\" src=\"https:\/\/shrimataji.org\/test\/wp-content\/uploads\/2026\/02\/ES-Chakras_Qualities_SMO.png\" alt=\"ES-Chakras_Qualities_SMO\" height=\"2441\" width=\"2000\" title=\"ES-Chakras_Qualities_SMO\" onerror=\"this.style.display='none'\" loading=\"lazy\" \/>\n\t<\/figure>\n\t<p>Los centros en nuestro sistema sutil no s\u00f3lo regulan nuestro bienestar f\u00edsico, mental y emocional, sino que tambi\u00e9n ayudan a dar forma a nuestra personalidad. Se pueden entender como un dep\u00f3sito de los rasgos de la personalidad. A medida que evolucionamos, maduramos y crecemos, estos rasgos de personalidad se despliegan en nuestra vida, a veces conscientemente y a menudo inconscientemente. Piensen en cu\u00e1ntas veces han tenido el impulso de ayudar a alguien o de ser amable o generoso en una situaci\u00f3n dada. \u00bfDe d\u00f3nde vienen estos sentimientos? Las antiguas culturas orientales en China e India, que viv\u00edan utilizando el conocimiento del sistema sutil, basaron sus sociedades en los valores superiores de la vida espiritual, en el Dharma. Dharma en el antiguo idioma s\u00e1nscrito significa &#8216;c\u00f3digo de conducta recto&#8217;, un c\u00f3digo que est\u00e1 en armon\u00eda con el esp\u00edritu universal. Se puede establecer una analog\u00eda paralela con los Diez Mandamientos entregados a Mois\u00e9s. De hecho, en muchas de las antiguas religiones, culturas y tradiciones del mundo, se pueden encontrar otros ejemplos de este c\u00f3digo interior universal de conducta.<\/p>\n\t\t<iframe loading=\"lazy\" title=\"Chakras - The Subtle Centers\" width=\"1920\" height=\"1080\" src=\"https:\/\/www.youtube.com\/embed\/8_ocwivaNcc?feature=oembed\" frameborder=\"0\" allow=\"accelerometer; autoplay; clipboard-write; encrypted-media; gyroscope; picture-in-picture; web-share\" allowfullscreen><\/iframe>\t\n\t<p>Basadas en el conocimiento compartido por Shri Mataji, las siguientes secciones detallan cada chakra y destacan los rasgos innatos de personalidad basados en el principio primordial de los centros sutiles. Algunas de las cualidades de estos centros se manifiestan en nuestra conciencia humana desde el momento de nuestro nacimiento. Las cualidades sutiles superiores de estos centros se manifiestan plenamente despu\u00e9s de nuestra autorrealizaci\u00f3n a trav\u00e9s del despertar de la <a href=\"https:\/\/shrimataji.org\/test\/es\/kundalini-es\/\" target=\"_blank\" rel=\"noopener\"><u>Kundalini<\/u><\/a>.<\/p>\n<p>Mediante este conocimiento sutil de los diferentes centros, podemos ayudarnos a vivir en armon\u00eda con nuestra naturaleza espiritual innata y nuestros semejantes.<\/p>\n\t<hr \/>\n<p>&nbsp;<\/p>\n<p><a id=\"citation-ref-1\"><\/a>[1]Se refiere a Al-Qiyama o Al-Qiyamah, conocido como el d\u00eda de la resurrecci\u00f3n en el Cor\u00e1n.<\/p>\n\n","protected":false},"excerpt":{"rendered":"<p>Chakras y Cualidades Las Ruedas de la Vida Shri Mataji ha explicado a los buscadores c\u00f3mo se pueden sentir realmente los centros sutiles (chakras), ya sea en el cuerpo o en las extremidades, como en los dedos de las manos y en los pies. Dependiendo del estado de nuestra psique humana, se pueden experimentar diferentes&hellip; <br \/> <a class=\"read-more\" href=\"https:\/\/shrimataji.org\/test\/es\/chakras-y-cualidades\/\">Read more<\/a><\/p>\n","protected":false},"author":63,"featured_media":9250,"parent":0,"menu_order":0,"comment_status":"closed","ping_status":"closed","template":"","meta":{"inline_featured_image":false,"footnotes":""},"class_list":["post-10922","page","type-page","status-publish","has-post-thumbnail","hentry"],"yoast_head":"<!-- This site is optimized with the Yoast SEO plugin v27.4 - https:\/\/yoast.com\/product\/yoast-seo-wordpress\/ -->\n<title>Chakras y Cualidades - TEST - SMND<\/title>\n<meta name=\"robots\" content=\"noindex, follow, max-snippet:-1, max-image-preview:large, max-video-preview:-1\" \/>\n<meta property=\"og:locale\" content=\"en_US\" \/>\n<meta property=\"og:type\" content=\"article\" \/>\n<meta property=\"og:title\" content=\"Chakras y Cualidades - TEST - SMND\" \/>\n<meta property=\"og:description\" content=\"Chakras y Cualidades Las Ruedas de la Vida Shri Mataji ha explicado a los buscadores c\u00f3mo se pueden sentir realmente los centros sutiles (chakras), ya sea en el cuerpo o en las extremidades, como en los dedos de las manos y en los pies. Dependiendo del estado de nuestra psique humana, se pueden experimentar diferentes&hellip; Read more\" \/>\n<meta property=\"og:url\" content=\"https:\/\/shrimataji.org\/test\/es\/chakras-y-cualidades\/\" \/>\n<meta property=\"og:site_name\" content=\"TEST - SMND\" \/>\n<meta property=\"article:publisher\" content=\"https:\/\/www.facebook.com\/shrimataji\" \/>\n<meta property=\"article:modified_time\" content=\"2026-03-11T23:49:00+00:00\" \/>\n<meta property=\"og:image\" content=\"https:\/\/shrimataji.org\/test\/wp-content\/uploads\/2023\/03\/15_Banner-SY-ChakrasQualities-scaled.jpg\" \/>\n\t<meta property=\"og:image:width\" content=\"2560\" \/>\n\t<meta property=\"og:image:height\" content=\"905\" \/>\n\t<meta property=\"og:image:type\" content=\"image\/jpeg\" \/>\n<meta name=\"twitter:card\" content=\"summary_large_image\" \/>\n<meta name=\"twitter:site\" content=\"@shrimataji\" \/>\n<meta name=\"twitter:label1\" content=\"Est. reading time\" \/>\n\t<meta name=\"twitter:data1\" content=\"4 minutes\" \/>\n<script type=\"application\/ld+json\" class=\"yoast-schema-graph\">{\"@context\":\"https:\\\/\\\/schema.org\",\"@graph\":[{\"@type\":\"WebPage\",\"@id\":\"https:\\\/\\\/shrimataji.org\\\/test\\\/es\\\/chakras-y-cualidades\\\/\",\"url\":\"https:\\\/\\\/shrimataji.org\\\/test\\\/es\\\/chakras-y-cualidades\\\/\",\"name\":\"Chakras y Cualidades - TEST - SMND\",\"isPartOf\":{\"@id\":\"https:\\\/\\\/shrimataji.org\\\/test\\\/#website\"},\"primaryImageOfPage\":{\"@id\":\"https:\\\/\\\/shrimataji.org\\\/test\\\/es\\\/chakras-y-cualidades\\\/#primaryimage\"},\"image\":{\"@id\":\"https:\\\/\\\/shrimataji.org\\\/test\\\/es\\\/chakras-y-cualidades\\\/#primaryimage\"},\"thumbnailUrl\":\"https:\\\/\\\/shrimataji.org\\\/test\\\/wp-content\\\/uploads\\\/2023\\\/03\\\/15_Banner-SY-ChakrasQualities-scaled.jpg\",\"datePublished\":\"2022-02-25T04:05:58+00:00\",\"dateModified\":\"2026-03-11T23:49:00+00:00\",\"breadcrumb\":{\"@id\":\"https:\\\/\\\/shrimataji.org\\\/test\\\/es\\\/chakras-y-cualidades\\\/#breadcrumb\"},\"inLanguage\":\"en-US\",\"potentialAction\":[{\"@type\":\"ReadAction\",\"target\":[\"https:\\\/\\\/shrimataji.org\\\/test\\\/es\\\/chakras-y-cualidades\\\/\"]}]},{\"@type\":\"ImageObject\",\"inLanguage\":\"en-US\",\"@id\":\"https:\\\/\\\/shrimataji.org\\\/test\\\/es\\\/chakras-y-cualidades\\\/#primaryimage\",\"url\":\"https:\\\/\\\/shrimataji.org\\\/test\\\/wp-content\\\/uploads\\\/2023\\\/03\\\/15_Banner-SY-ChakrasQualities-scaled.jpg\",\"contentUrl\":\"https:\\\/\\\/shrimataji.org\\\/test\\\/wp-content\\\/uploads\\\/2023\\\/03\\\/15_Banner-SY-ChakrasQualities-scaled.jpg\",\"width\":2560,\"height\":905},{\"@type\":\"BreadcrumbList\",\"@id\":\"https:\\\/\\\/shrimataji.org\\\/test\\\/es\\\/chakras-y-cualidades\\\/#breadcrumb\",\"itemListElement\":[{\"@type\":\"ListItem\",\"position\":1,\"name\":\"Home\",\"item\":\"https:\\\/\\\/shrimataji.org\\\/test\\\/uk\\\/home-en\\\/\"},{\"@type\":\"ListItem\",\"position\":2,\"name\":\"Chakras y Cualidades\"}]},{\"@type\":\"WebSite\",\"@id\":\"https:\\\/\\\/shrimataji.org\\\/test\\\/#website\",\"url\":\"https:\\\/\\\/shrimataji.org\\\/test\\\/\",\"name\":\"Shri Mataji Nirmala Devi\",\"description\":\"A Life Dedicated to Humanity\",\"publisher\":{\"@id\":\"https:\\\/\\\/shrimataji.org\\\/test\\\/#\\\/schema\\\/person\\\/a1b3419c6585f164aa96da1ff85715d1\"},\"potentialAction\":[{\"@type\":\"SearchAction\",\"target\":{\"@type\":\"EntryPoint\",\"urlTemplate\":\"https:\\\/\\\/shrimataji.org\\\/test\\\/?s={search_term_string}\"},\"query-input\":{\"@type\":\"PropertyValueSpecification\",\"valueRequired\":true,\"valueName\":\"search_term_string\"}}],\"inLanguage\":\"en-US\"},{\"@type\":[\"Person\",\"Organization\"],\"@id\":\"https:\\\/\\\/shrimataji.org\\\/test\\\/#\\\/schema\\\/person\\\/a1b3419c6585f164aa96da1ff85715d1\",\"name\":\"Nirmala Shrivastava\",\"image\":{\"@type\":\"ImageObject\",\"inLanguage\":\"en-US\",\"@id\":\"https:\\\/\\\/shrimataji.org\\\/test\\\/wp-content\\\/uploads\\\/2023\\\/02\\\/SMO_LOGO-03.svg\",\"url\":\"https:\\\/\\\/shrimataji.org\\\/test\\\/wp-content\\\/uploads\\\/2023\\\/02\\\/SMO_LOGO-03.svg\",\"contentUrl\":\"https:\\\/\\\/shrimataji.org\\\/test\\\/wp-content\\\/uploads\\\/2023\\\/02\\\/SMO_LOGO-03.svg\",\"width\":\"1024\",\"height\":\"1024\",\"caption\":\"Nirmala Shrivastava\"},\"logo\":{\"@id\":\"https:\\\/\\\/shrimataji.org\\\/test\\\/wp-content\\\/uploads\\\/2023\\\/02\\\/SMO_LOGO-03.svg\"},\"sameAs\":[\"https:\\\/\\\/shrimataji.org\\\/test\",\"https:\\\/\\\/www.facebook.com\\\/shrimataji\",\"https:\\\/\\\/x.com\\\/shrimataji\",\"https:\\\/\\\/www.youtube.com\\\/@Shri_Mataji_Nirmala_Devi\\\/featured\"]}]}<\/script>\n<!-- \/ Yoast SEO plugin. -->","yoast_head_json":{"title":"Chakras y Cualidades - TEST - SMND","robots":{"index":"noindex","follow":"follow","max-snippet":"max-snippet:-1","max-image-preview":"max-image-preview:large","max-video-preview":"max-video-preview:-1"},"og_locale":"en_US","og_type":"article","og_title":"Chakras y Cualidades - TEST - SMND","og_description":"Chakras y Cualidades Las Ruedas de la Vida Shri Mataji ha explicado a los buscadores c\u00f3mo se pueden sentir realmente los centros sutiles (chakras), ya sea en el cuerpo o en las extremidades, como en los dedos de las manos y en los pies. Dependiendo del estado de nuestra psique humana, se pueden experimentar diferentes&hellip; Read more","og_url":"https:\/\/shrimataji.org\/test\/es\/chakras-y-cualidades\/","og_site_name":"TEST - SMND","article_publisher":"https:\/\/www.facebook.com\/shrimataji","article_modified_time":"2026-03-11T23:49:00+00:00","og_image":[{"width":2560,"height":905,"url":"https:\/\/shrimataji.org\/test\/wp-content\/uploads\/2023\/03\/15_Banner-SY-ChakrasQualities-scaled.jpg","type":"image\/jpeg"}],"twitter_card":"summary_large_image","twitter_site":"@shrimataji","twitter_misc":{"Est. reading time":"4 minutes"},"schema":{"@context":"https:\/\/schema.org","@graph":[{"@type":"WebPage","@id":"https:\/\/shrimataji.org\/test\/es\/chakras-y-cualidades\/","url":"https:\/\/shrimataji.org\/test\/es\/chakras-y-cualidades\/","name":"Chakras y Cualidades - TEST - SMND","isPartOf":{"@id":"https:\/\/shrimataji.org\/test\/#website"},"primaryImageOfPage":{"@id":"https:\/\/shrimataji.org\/test\/es\/chakras-y-cualidades\/#primaryimage"},"image":{"@id":"https:\/\/shrimataji.org\/test\/es\/chakras-y-cualidades\/#primaryimage"},"thumbnailUrl":"https:\/\/shrimataji.org\/test\/wp-content\/uploads\/2023\/03\/15_Banner-SY-ChakrasQualities-scaled.jpg","datePublished":"2022-02-25T04:05:58+00:00","dateModified":"2026-03-11T23:49:00+00:00","breadcrumb":{"@id":"https:\/\/shrimataji.org\/test\/es\/chakras-y-cualidades\/#breadcrumb"},"inLanguage":"en-US","potentialAction":[{"@type":"ReadAction","target":["https:\/\/shrimataji.org\/test\/es\/chakras-y-cualidades\/"]}]},{"@type":"ImageObject","inLanguage":"en-US","@id":"https:\/\/shrimataji.org\/test\/es\/chakras-y-cualidades\/#primaryimage","url":"https:\/\/shrimataji.org\/test\/wp-content\/uploads\/2023\/03\/15_Banner-SY-ChakrasQualities-scaled.jpg","contentUrl":"https:\/\/shrimataji.org\/test\/wp-content\/uploads\/2023\/03\/15_Banner-SY-ChakrasQualities-scaled.jpg","width":2560,"height":905},{"@type":"BreadcrumbList","@id":"https:\/\/shrimataji.org\/test\/es\/chakras-y-cualidades\/#breadcrumb","itemListElement":[{"@type":"ListItem","position":1,"name":"Home","item":"https:\/\/shrimataji.org\/test\/uk\/home-en\/"},{"@type":"ListItem","position":2,"name":"Chakras y Cualidades"}]},{"@type":"WebSite","@id":"https:\/\/shrimataji.org\/test\/#website","url":"https:\/\/shrimataji.org\/test\/","name":"Shri Mataji Nirmala Devi","description":"A Life Dedicated to Humanity","publisher":{"@id":"https:\/\/shrimataji.org\/test\/#\/schema\/person\/a1b3419c6585f164aa96da1ff85715d1"},"potentialAction":[{"@type":"SearchAction","target":{"@type":"EntryPoint","urlTemplate":"https:\/\/shrimataji.org\/test\/?s={search_term_string}"},"query-input":{"@type":"PropertyValueSpecification","valueRequired":true,"valueName":"search_term_string"}}],"inLanguage":"en-US"},{"@type":["Person","Organization"],"@id":"https:\/\/shrimataji.org\/test\/#\/schema\/person\/a1b3419c6585f164aa96da1ff85715d1","name":"Nirmala Shrivastava","image":{"@type":"ImageObject","inLanguage":"en-US","@id":"https:\/\/shrimataji.org\/test\/wp-content\/uploads\/2023\/02\/SMO_LOGO-03.svg","url":"https:\/\/shrimataji.org\/test\/wp-content\/uploads\/2023\/02\/SMO_LOGO-03.svg","contentUrl":"https:\/\/shrimataji.org\/test\/wp-content\/uploads\/2023\/02\/SMO_LOGO-03.svg","width":"1024","height":"1024","caption":"Nirmala Shrivastava"},"logo":{"@id":"https:\/\/shrimataji.org\/test\/wp-content\/uploads\/2023\/02\/SMO_LOGO-03.svg"},"sameAs":["https:\/\/shrimataji.org\/test","https:\/\/www.facebook.com\/shrimataji","https:\/\/x.com\/shrimataji","https:\/\/www.youtube.com\/@Shri_Mataji_Nirmala_Devi\/featured"]}]}},"lang":"es","translations":{"es":10922,"ur":37400,"en":6476,"am":17971,"th":19901,"hu":19446,"sq":18372,"zh":17269,"hi":7374,"tr":10139,"pt":10355,"de":10628,"fr":10726,"it":10824,"ja":11219,"ru":11407,"bn":11599,"te":11707,"sw":11830,"he":11978,"el":12269,"sk":12367,"fa":12465,"fi":12563,"bg":13378,"ro":14452,"cs":14645,"nl":16532,"ku":16692,"ar":16868,"be":18579,"kn":18853,"mr":20265,"uk":20557,"ml":20856,"ta":22687,"sv":22960,"gu":28808,"pa":28966,"fil":29406,"da":37714,"pl":37931,"nn":38266},"pll_sync_post":[],"_links":{"self":[{"href":"https:\/\/shrimataji.org\/test\/wp-json\/wp\/v2\/pages\/10922","targetHints":{"allow":["GET"]}}],"collection":[{"href":"https:\/\/shrimataji.org\/test\/wp-json\/wp\/v2\/pages"}],"about":[{"href":"https:\/\/shrimataji.org\/test\/wp-json\/wp\/v2\/types\/page"}],"author":[{"embeddable":true,"href":"https:\/\/shrimataji.org\/test\/wp-json\/wp\/v2\/users\/63"}],"replies":[{"embeddable":true,"href":"https:\/\/shrimataji.org\/test\/wp-json\/wp\/v2\/comments?post=10922"}],"version-history":[{"count":0,"href":"https:\/\/shrimataji.org\/test\/wp-json\/wp\/v2\/pages\/10922\/revisions"}],"wp:featuredmedia":[{"embeddable":true,"href":"https:\/\/shrimataji.org\/test\/wp-json\/wp\/v2\/media\/9250"}],"wp:attachment":[{"href":"https:\/\/shrimataji.org\/test\/wp-json\/wp\/v2\/media?parent=10922"}],"curies":[{"name":"wp","href":"https:\/\/api.w.org\/{rel}","templated":true}]}}