{"id":10924,"date":"2018-07-10T06:54:46","date_gmt":"2018-07-10T06:54:46","guid":{"rendered":"http:\/\/testwordpress.nirmalnagari.org\/smnd\/index.php\/college-years\/"},"modified":"2026-03-11T23:51:55","modified_gmt":"2026-03-11T23:51:55","slug":"anos-universitarios-es","status":"publish","type":"page","link":"https:\/\/shrimataji.org\/test\/es\/anos-universitarios-es\/","title":{"rendered":"A\u00f1os Universitarios ES"},"content":{"rendered":"\n\n\t<h1>A\u00f1os Universitarios<\/h1>\n<h2>La Lucha por la Libertad<\/h2>\n\t<div class=\"su-quote su-quote-style-default\"><div class=\"su-quote-inner su-u-clearfix su-u-trim\">&#8220;Los campos de tus aldeas cantaban Tus glorias, y los pueblos hac\u00edan eco con la melod\u00eda<\/p>\n<p>-Victoria para la Madre India, Victoria para Ti! <\/div><\/div>\n\t<h4>A la medianoche del 15 de agosto de 1947, millones aclamaron la libertad de su pa\u00eds. Las ciudades y pueblos de toda la India izaron la bandera tricolor.<\/h4>\n<figure itemscope itemtype=\"https:\/\/schema.org\/ImageObject\">\n\t\t\t\t<img decoding=\"async\" src=\"https:\/\/shrimataji.org\/test\/wp-content\/uploads\/2018\/07\/media_originals\/images\/shri-mataji-portraits\/shri-mataji-nirmala-devi-portrait-13yrs-old.jpg\" alt=\"Shri Mataji de joven\" height=\"1141\" width=\"850\" title=\"shri-mataji-nirmala-devi-portrait-13yrs-old\" onerror=\"this.style.display='none'\" loading=\"lazy\" \/>\n\t\t<figcaption>Shri Mataji de joven<\/figcaption>\n\t<\/figure>\n\t<p>&#8220;Vi bajar la bandera de la Uni\u00f3n y vi subir la tricolor. Ese fue un momento incre\u00edble para m\u00ed&#8221;, recordaba Shri Mataji. &#8220;No puedo decirles cu\u00e1l fue el sentimiento de ese momento, esa clase de sentimiento de que la verdad, de una u otra manera, ha superado la falsedad. La justicia se ha mostrado sobre la injusticia&#8221;.<\/p>\n<p>Despu\u00e9s de a\u00f1os de dominaci\u00f3n brit\u00e1nica, la lucha por la independencia finalmente hab\u00eda dado sus frutos, gracias a la valent\u00eda y sacrificio de innumerables ciudadanos. &#8220;Cu\u00e1ntas personas se sacrificaron, cu\u00e1ntos m\u00e1rtires hubo&#8221;, dec\u00eda ella.<\/p>\n<p>El sacrificio de su familia comenz\u00f3 cuando Shri Mataji ten\u00eda solo ocho a\u00f1os, cuando sus padres fueron encarcelados por participar en la lucha por la libertad. A esa temprana edad, ella asumi\u00f3 la responsabilidad de cuidar a sus hermanos menores. Forzados a abandonar la comodidad de su hogar, la familia adopt\u00f3 un estilo de vida espartano, viviendo en peque\u00f1as caba\u00f1as, durmiendo en el piso y algunas veces sin comida. &#8220;La sensaci\u00f3n de que cualquier cosa que hicieran nuestros padres era por la libertad de nuestro pa\u00eds era tan elevada, que nunca pensamos en las peque\u00f1as comodidades que piden los ni\u00f1os&#8221;, recordaba Shri Mataji.<\/p>\n\tMientras estudiaba en el Christian Medical College en Lahore, Shri Mataji se convirti\u00f3 en una l\u00edder juvenil<br \/>\nparticipando activamente en el &#8220;Movimiento Abandonen la India&#8221; de Mahatma Gandhi, en 1942 <a href=\"#citation-note-1\">[1]<\/a>. A menudo fue arrestada, incluso torturada, pero eso no afect\u00f3 su determinaci\u00f3n por participar en la lucha por la libertad de la India.\n<p>Durante ese tiempo, conoci\u00f3 a un hombre indio muy aprensivo que le aconsej\u00f3 no participar en el movimiento, ya que ser\u00eda muy peligroso para una mujer joven como ella. El hombre le dijo que se quedara en casa y que estuviera con su madre, pero su padre no hizo caso de esto. &#8220;Mi padre me llam\u00f3 a su lado&#8221; -record\u00f3 Shri Mataji- &#8220;me dijo: no escuches a este hombre que simpatiza con los ingleses \u00bfC\u00f3mo se atreve este viejo a decir todas estas tonter\u00edas? Estoy muy orgulloso de ti. Espero que todos mis hijos se vuelvan como t\u00fa&#8221;.<\/p>\n\t<div class=\"epyt-video-wrapper\"><div  data-ep-a=\"fadeIn\"  style=\"display: block; margin: 0px auto;\"  id=\"_ytid_86954\"  width=\"3840\" height=\"2160\"  data-origwidth=\"3840\" data-origheight=\"2160\" data-facadesrc=\"https:\/\/www.youtube.com\/embed\/o43faH-pzzc?enablejsapi=1&autoplay=0&cc_load_policy=0&cc_lang_pref=&iv_load_policy=1&loop=0&rel=0&fs=1&playsinline=1&autohide=2&theme=dark&color=red&controls=1&disablekb=0&\" class=\"__youtube_prefs__ epyt-facade  no-lazyload\" data-epautoplay=\"1\" ><img decoding=\"async\" data-spai-excluded=\"true\" class=\"epyt-facade-poster skip-lazy\" loading=\"lazy\"  alt=\"YouTube player\"  src=\"https:\/\/i.ytimg.com\/vi\/o43faH-pzzc\/maxresdefault.jpg\"  \/><button class=\"epyt-facade-play\" aria-label=\"Play\"><svg data-no-lazy=\"1\" height=\"100%\" version=\"1.1\" viewBox=\"0 0 68 48\" width=\"100%\"><path class=\"ytp-large-play-button-bg\" d=\"M66.52,7.74c-0.78-2.93-2.49-5.41-5.42-6.19C55.79,.13,34,0,34,0S12.21,.13,6.9,1.55 C3.97,2.33,2.27,4.81,1.48,7.74C0.06,13.05,0,24,0,24s0.06,10.95,1.48,16.26c0.78,2.93,2.49,5.41,5.42,6.19 C12.21,47.87,34,48,34,48s21.79-0.13,27.1-1.55c2.93-0.78,4.64-3.26,5.42-6.19C67.94,34.95,68,24,68,24S67.94,13.05,66.52,7.74z\" fill=\"#f00\"><\/path><path d=\"M 45,24 27,14 27,34\" fill=\"#fff\"><\/path><\/svg><\/button><\/div><\/div><span itemprop=\"video\" itemscope itemtype=\"http:\/\/schema.org\/VideoObject\"><meta itemprop=\"embedUrl\" content=\"https:\/\/www.youtube.com\/embed\/o43faH-pzzc\"><meta itemprop=\"name\" content=\"India&#039;s Freedom And Independence\"><meta itemprop=\"description\" content=\"Shri Mataji remembers her family&#039;s role in the struggle for Indian independence. Sacrifices were made for the sake of political freedom, as Mahatma Gandhi, with a special charm, transformed the people into a new personality. Indians felt themselves to be no longer helpless individuals, but a part of something great. From this political struggle, we can today learn how to attain the freedom of our spirit. More videos at: http:\/\/ShriMataji.org ~ A Life Dedicated to Humanity ~\"><meta itemprop=\"thumbnailUrl\" content=\"https:\/\/i.ytimg.com\/vi\/o43faH-pzzc\/0.jpg\"><meta itemprop=\"duration\" content=\"PT3M52S\"><meta itemprop=\"uploadDate\" content=\"2020-07-20T00:28:05Z\"><\/span>\n\t<p>India se volvi\u00f3 libre, aunque en \u00faltima instancia, la pol\u00edtica brit\u00e1nica de &#8220;divide y vencer\u00e1s&#8221; dej\u00f3 su huella,\u00a0engendrando tres pa\u00edses separados: India, Pakist\u00e1n y Bangladesh. Durante la confusi\u00f3n despu\u00e9s de la independencia, y a pesar del peligro inminente para su propia vida, Shri Mataji abri\u00f3 su hogar a una familia musulmana que buscaba refugio. Ella nunca discrimin\u00f3 a nadie, sea cual fuese su religi\u00f3n o antecedentes, y alent\u00f3 la integraci\u00f3n en todo momento.<\/p>\n\t<div class=\"su-quote su-quote-style-default\"><div class=\"su-quote-inner su-u-clearfix su-u-trim\">&#8220;Deber\u00edas amar a tu pa\u00eds con la idea de que todos tendremos un solo mundo, alg\u00fan d\u00eda&#8221;.\u00a0<\/div><\/div>\n\t\t<iframe loading=\"lazy\" title=\"Her Studies, Indian Independence, Gandhi\" width=\"1440\" height=\"1080\" src=\"https:\/\/www.youtube.com\/embed\/R3BuPaDgo4c?feature=oembed\" frameborder=\"0\" allow=\"accelerometer; autoplay; clipboard-write; encrypted-media; gyroscope; picture-in-picture; web-share\" allowfullscreen><\/iframe>\t\n\t\t<iframe loading=\"lazy\" title=\"Independence And Education\" width=\"1440\" height=\"1080\" src=\"https:\/\/www.youtube.com\/embed\/6zp6ERRkSy8?feature=oembed\" frameborder=\"0\" allow=\"accelerometer; autoplay; clipboard-write; encrypted-media; gyroscope; picture-in-picture; web-share\" allowfullscreen><\/iframe> \t\n\t<hr \/>\n<h3>1. <a id=\"citation-note-1\"><\/a>^ Un movimiento de desobediencia civil lanzado por MK Gandhi y el Congreso Nacional Indio en agosto de 1942, que ped\u00eda una resistencia decidida pero pasiva al gobierno brit\u00e1nico y &#8220;una retirada brit\u00e1nica ordenada&#8221; de la India (wikipedia, la enciclopedia libre).<\/h3>\n\n","protected":false},"excerpt":{"rendered":"<p>A\u00f1os Universitarios La Lucha por la Libertad A la medianoche del 15 de agosto de 1947, millones aclamaron la libertad de su pa\u00eds. Las ciudades y pueblos de toda la India izaron la bandera tricolor. Shri Mataji de joven &#8220;Vi bajar la bandera de la Uni\u00f3n y vi subir la tricolor. Ese fue un momento&hellip; <br \/> <a class=\"read-more\" href=\"https:\/\/shrimataji.org\/test\/es\/anos-universitarios-es\/\">Read more<\/a><\/p>\n","protected":false},"author":13,"featured_media":9508,"parent":0,"menu_order":0,"comment_status":"closed","ping_status":"closed","template":"","meta":{"inline_featured_image":false,"footnotes":""},"class_list":["post-10924","page","type-page","status-publish","has-post-thumbnail","hentry"],"yoast_head":"<!-- This site is optimized with the Yoast SEO plugin v27.4 - https:\/\/yoast.com\/product\/yoast-seo-wordpress\/ -->\n<title>A\u00f1os Universitarios ES - TEST - SMND<\/title>\n<meta name=\"robots\" content=\"noindex, follow, max-snippet:-1, max-image-preview:large, max-video-preview:-1\" \/>\n<meta property=\"og:locale\" content=\"en_US\" \/>\n<meta property=\"og:type\" content=\"article\" \/>\n<meta property=\"og:title\" content=\"A\u00f1os Universitarios ES - TEST - SMND\" \/>\n<meta property=\"og:description\" content=\"A\u00f1os Universitarios La Lucha por la Libertad A la medianoche del 15 de agosto de 1947, millones aclamaron la libertad de su pa\u00eds. Las ciudades y pueblos de toda la India izaron la bandera tricolor. Shri Mataji de joven &#8220;Vi bajar la bandera de la Uni\u00f3n y vi subir la tricolor. Ese fue un momento&hellip; Read more\" \/>\n<meta property=\"og:url\" content=\"https:\/\/shrimataji.org\/test\/es\/anos-universitarios-es\/\" \/>\n<meta property=\"og:site_name\" content=\"TEST - SMND\" \/>\n<meta property=\"article:publisher\" content=\"https:\/\/www.facebook.com\/shrimataji\" \/>\n<meta property=\"article:modified_time\" content=\"2026-03-11T23:51:55+00:00\" \/>\n<meta property=\"og:image\" content=\"https:\/\/shrimataji.org\/test\/wp-content\/uploads\/2023\/03\/2_Banner_EarlyLife-College-2-scaled.jpg\" \/>\n\t<meta property=\"og:image:width\" content=\"2560\" \/>\n\t<meta property=\"og:image:height\" content=\"905\" \/>\n\t<meta property=\"og:image:type\" content=\"image\/jpeg\" \/>\n<meta name=\"twitter:card\" content=\"summary_large_image\" \/>\n<meta name=\"twitter:site\" content=\"@shrimataji\" \/>\n<meta name=\"twitter:label1\" content=\"Est. reading time\" \/>\n\t<meta name=\"twitter:data1\" content=\"3 minutes\" \/>\n<script type=\"application\/ld+json\" class=\"yoast-schema-graph\">{\"@context\":\"https:\\\/\\\/schema.org\",\"@graph\":[{\"@type\":\"WebPage\",\"@id\":\"https:\\\/\\\/shrimataji.org\\\/test\\\/es\\\/anos-universitarios-es\\\/\",\"url\":\"https:\\\/\\\/shrimataji.org\\\/test\\\/es\\\/anos-universitarios-es\\\/\",\"name\":\"A\u00f1os Universitarios ES - TEST - SMND\",\"isPartOf\":{\"@id\":\"https:\\\/\\\/shrimataji.org\\\/test\\\/#website\"},\"primaryImageOfPage\":{\"@id\":\"https:\\\/\\\/shrimataji.org\\\/test\\\/es\\\/anos-universitarios-es\\\/#primaryimage\"},\"image\":{\"@id\":\"https:\\\/\\\/shrimataji.org\\\/test\\\/es\\\/anos-universitarios-es\\\/#primaryimage\"},\"thumbnailUrl\":\"https:\\\/\\\/shrimataji.org\\\/test\\\/wp-content\\\/uploads\\\/2023\\\/03\\\/2_Banner_EarlyLife-College-2-scaled.jpg\",\"datePublished\":\"2018-07-10T06:54:46+00:00\",\"dateModified\":\"2026-03-11T23:51:55+00:00\",\"breadcrumb\":{\"@id\":\"https:\\\/\\\/shrimataji.org\\\/test\\\/es\\\/anos-universitarios-es\\\/#breadcrumb\"},\"inLanguage\":\"en-US\",\"potentialAction\":[{\"@type\":\"ReadAction\",\"target\":[\"https:\\\/\\\/shrimataji.org\\\/test\\\/es\\\/anos-universitarios-es\\\/\"]}]},{\"@type\":\"ImageObject\",\"inLanguage\":\"en-US\",\"@id\":\"https:\\\/\\\/shrimataji.org\\\/test\\\/es\\\/anos-universitarios-es\\\/#primaryimage\",\"url\":\"https:\\\/\\\/shrimataji.org\\\/test\\\/wp-content\\\/uploads\\\/2023\\\/03\\\/2_Banner_EarlyLife-College-2-scaled.jpg\",\"contentUrl\":\"https:\\\/\\\/shrimataji.org\\\/test\\\/wp-content\\\/uploads\\\/2023\\\/03\\\/2_Banner_EarlyLife-College-2-scaled.jpg\",\"width\":2560,\"height\":905},{\"@type\":\"BreadcrumbList\",\"@id\":\"https:\\\/\\\/shrimataji.org\\\/test\\\/es\\\/anos-universitarios-es\\\/#breadcrumb\",\"itemListElement\":[{\"@type\":\"ListItem\",\"position\":1,\"name\":\"Home\",\"item\":\"https:\\\/\\\/shrimataji.org\\\/test\\\/uk\\\/home-en\\\/\"},{\"@type\":\"ListItem\",\"position\":2,\"name\":\"A\u00f1os Universitarios ES\"}]},{\"@type\":\"WebSite\",\"@id\":\"https:\\\/\\\/shrimataji.org\\\/test\\\/#website\",\"url\":\"https:\\\/\\\/shrimataji.org\\\/test\\\/\",\"name\":\"Shri Mataji Nirmala Devi\",\"description\":\"A Life Dedicated to Humanity\",\"publisher\":{\"@id\":\"https:\\\/\\\/shrimataji.org\\\/test\\\/#\\\/schema\\\/person\\\/a1b3419c6585f164aa96da1ff85715d1\"},\"potentialAction\":[{\"@type\":\"SearchAction\",\"target\":{\"@type\":\"EntryPoint\",\"urlTemplate\":\"https:\\\/\\\/shrimataji.org\\\/test\\\/?s={search_term_string}\"},\"query-input\":{\"@type\":\"PropertyValueSpecification\",\"valueRequired\":true,\"valueName\":\"search_term_string\"}}],\"inLanguage\":\"en-US\"},{\"@type\":[\"Person\",\"Organization\"],\"@id\":\"https:\\\/\\\/shrimataji.org\\\/test\\\/#\\\/schema\\\/person\\\/a1b3419c6585f164aa96da1ff85715d1\",\"name\":\"Nirmala Shrivastava\",\"image\":{\"@type\":\"ImageObject\",\"inLanguage\":\"en-US\",\"@id\":\"https:\\\/\\\/shrimataji.org\\\/test\\\/wp-content\\\/uploads\\\/2023\\\/02\\\/SMO_LOGO-03.svg\",\"url\":\"https:\\\/\\\/shrimataji.org\\\/test\\\/wp-content\\\/uploads\\\/2023\\\/02\\\/SMO_LOGO-03.svg\",\"contentUrl\":\"https:\\\/\\\/shrimataji.org\\\/test\\\/wp-content\\\/uploads\\\/2023\\\/02\\\/SMO_LOGO-03.svg\",\"width\":\"1024\",\"height\":\"1024\",\"caption\":\"Nirmala Shrivastava\"},\"logo\":{\"@id\":\"https:\\\/\\\/shrimataji.org\\\/test\\\/wp-content\\\/uploads\\\/2023\\\/02\\\/SMO_LOGO-03.svg\"},\"sameAs\":[\"https:\\\/\\\/shrimataji.org\\\/test\",\"https:\\\/\\\/www.facebook.com\\\/shrimataji\",\"https:\\\/\\\/x.com\\\/shrimataji\",\"https:\\\/\\\/www.youtube.com\\\/@Shri_Mataji_Nirmala_Devi\\\/featured\"]}]}<\/script>\n<!-- \/ Yoast SEO plugin. -->","yoast_head_json":{"title":"A\u00f1os Universitarios ES - TEST - SMND","robots":{"index":"noindex","follow":"follow","max-snippet":"max-snippet:-1","max-image-preview":"max-image-preview:large","max-video-preview":"max-video-preview:-1"},"og_locale":"en_US","og_type":"article","og_title":"A\u00f1os Universitarios ES - TEST - SMND","og_description":"A\u00f1os Universitarios La Lucha por la Libertad A la medianoche del 15 de agosto de 1947, millones aclamaron la libertad de su pa\u00eds. Las ciudades y pueblos de toda la India izaron la bandera tricolor. Shri Mataji de joven &#8220;Vi bajar la bandera de la Uni\u00f3n y vi subir la tricolor. Ese fue un momento&hellip; Read more","og_url":"https:\/\/shrimataji.org\/test\/es\/anos-universitarios-es\/","og_site_name":"TEST - SMND","article_publisher":"https:\/\/www.facebook.com\/shrimataji","article_modified_time":"2026-03-11T23:51:55+00:00","og_image":[{"width":2560,"height":905,"url":"https:\/\/shrimataji.org\/test\/wp-content\/uploads\/2023\/03\/2_Banner_EarlyLife-College-2-scaled.jpg","type":"image\/jpeg"}],"twitter_card":"summary_large_image","twitter_site":"@shrimataji","twitter_misc":{"Est. reading time":"3 minutes"},"schema":{"@context":"https:\/\/schema.org","@graph":[{"@type":"WebPage","@id":"https:\/\/shrimataji.org\/test\/es\/anos-universitarios-es\/","url":"https:\/\/shrimataji.org\/test\/es\/anos-universitarios-es\/","name":"A\u00f1os Universitarios ES - TEST - SMND","isPartOf":{"@id":"https:\/\/shrimataji.org\/test\/#website"},"primaryImageOfPage":{"@id":"https:\/\/shrimataji.org\/test\/es\/anos-universitarios-es\/#primaryimage"},"image":{"@id":"https:\/\/shrimataji.org\/test\/es\/anos-universitarios-es\/#primaryimage"},"thumbnailUrl":"https:\/\/shrimataji.org\/test\/wp-content\/uploads\/2023\/03\/2_Banner_EarlyLife-College-2-scaled.jpg","datePublished":"2018-07-10T06:54:46+00:00","dateModified":"2026-03-11T23:51:55+00:00","breadcrumb":{"@id":"https:\/\/shrimataji.org\/test\/es\/anos-universitarios-es\/#breadcrumb"},"inLanguage":"en-US","potentialAction":[{"@type":"ReadAction","target":["https:\/\/shrimataji.org\/test\/es\/anos-universitarios-es\/"]}]},{"@type":"ImageObject","inLanguage":"en-US","@id":"https:\/\/shrimataji.org\/test\/es\/anos-universitarios-es\/#primaryimage","url":"https:\/\/shrimataji.org\/test\/wp-content\/uploads\/2023\/03\/2_Banner_EarlyLife-College-2-scaled.jpg","contentUrl":"https:\/\/shrimataji.org\/test\/wp-content\/uploads\/2023\/03\/2_Banner_EarlyLife-College-2-scaled.jpg","width":2560,"height":905},{"@type":"BreadcrumbList","@id":"https:\/\/shrimataji.org\/test\/es\/anos-universitarios-es\/#breadcrumb","itemListElement":[{"@type":"ListItem","position":1,"name":"Home","item":"https:\/\/shrimataji.org\/test\/uk\/home-en\/"},{"@type":"ListItem","position":2,"name":"A\u00f1os Universitarios ES"}]},{"@type":"WebSite","@id":"https:\/\/shrimataji.org\/test\/#website","url":"https:\/\/shrimataji.org\/test\/","name":"Shri Mataji Nirmala Devi","description":"A Life Dedicated to Humanity","publisher":{"@id":"https:\/\/shrimataji.org\/test\/#\/schema\/person\/a1b3419c6585f164aa96da1ff85715d1"},"potentialAction":[{"@type":"SearchAction","target":{"@type":"EntryPoint","urlTemplate":"https:\/\/shrimataji.org\/test\/?s={search_term_string}"},"query-input":{"@type":"PropertyValueSpecification","valueRequired":true,"valueName":"search_term_string"}}],"inLanguage":"en-US"},{"@type":["Person","Organization"],"@id":"https:\/\/shrimataji.org\/test\/#\/schema\/person\/a1b3419c6585f164aa96da1ff85715d1","name":"Nirmala Shrivastava","image":{"@type":"ImageObject","inLanguage":"en-US","@id":"https:\/\/shrimataji.org\/test\/wp-content\/uploads\/2023\/02\/SMO_LOGO-03.svg","url":"https:\/\/shrimataji.org\/test\/wp-content\/uploads\/2023\/02\/SMO_LOGO-03.svg","contentUrl":"https:\/\/shrimataji.org\/test\/wp-content\/uploads\/2023\/02\/SMO_LOGO-03.svg","width":"1024","height":"1024","caption":"Nirmala Shrivastava"},"logo":{"@id":"https:\/\/shrimataji.org\/test\/wp-content\/uploads\/2023\/02\/SMO_LOGO-03.svg"},"sameAs":["https:\/\/shrimataji.org\/test","https:\/\/www.facebook.com\/shrimataji","https:\/\/x.com\/shrimataji","https:\/\/www.youtube.com\/@Shri_Mataji_Nirmala_Devi\/featured"]}]}},"lang":"es","translations":{"es":10924,"ur":37404,"en":413,"am":17975,"th":19907,"hu":19450,"sq":18376,"zh":17273,"hi":8384,"tr":10144,"pt":10357,"de":10631,"fr":10729,"it":10827,"ja":11221,"ru":11409,"bn":11601,"te":11709,"sw":11832,"he":11980,"el":12271,"sk":12369,"fa":12467,"fi":12565,"bg":13452,"ro":14526,"cs":14719,"nl":16536,"ku":16696,"ar":16872,"be":18583,"kn":18857,"mr":20271,"uk":20563,"ml":20862,"ta":22691,"sv":22964,"gu":28812,"pa":28970,"fil":29410,"da":37718,"pl":37935,"nn":38270},"pll_sync_post":[],"_links":{"self":[{"href":"https:\/\/shrimataji.org\/test\/wp-json\/wp\/v2\/pages\/10924","targetHints":{"allow":["GET"]}}],"collection":[{"href":"https:\/\/shrimataji.org\/test\/wp-json\/wp\/v2\/pages"}],"about":[{"href":"https:\/\/shrimataji.org\/test\/wp-json\/wp\/v2\/types\/page"}],"author":[{"embeddable":true,"href":"https:\/\/shrimataji.org\/test\/wp-json\/wp\/v2\/users\/13"}],"replies":[{"embeddable":true,"href":"https:\/\/shrimataji.org\/test\/wp-json\/wp\/v2\/comments?post=10924"}],"version-history":[{"count":0,"href":"https:\/\/shrimataji.org\/test\/wp-json\/wp\/v2\/pages\/10924\/revisions"}],"wp:featuredmedia":[{"embeddable":true,"href":"https:\/\/shrimataji.org\/test\/wp-json\/wp\/v2\/media\/9508"}],"wp:attachment":[{"href":"https:\/\/shrimataji.org\/test\/wp-json\/wp\/v2\/media?parent=10924"}],"curies":[{"name":"wp","href":"https:\/\/api.w.org\/{rel}","templated":true}]}}