{"id":10926,"date":"2018-07-10T06:54:42","date_gmt":"2018-07-10T06:54:42","guid":{"rendered":"http:\/\/testwordpress.nirmalnagari.org\/smnd\/index.php\/creativity\/"},"modified":"2026-03-11T23:49:00","modified_gmt":"2026-03-11T23:49:00","slug":"creatividad","status":"publish","type":"page","link":"https:\/\/shrimataji.org\/test\/es\/creatividad\/","title":{"rendered":"Creatividad"},"content":{"rendered":"\n\n\t<h1><b>Pura Creatividad<\/b><\/h1>\n<h2><b>Expresando la Belleza Interior<\/b><\/h2>\n\t\n<h4>Durante toda su vida y obra, Shri Mataji dedic\u00f3 mucho tiempo y energ\u00eda a promover las artes. Ella las vio como uno de los medios principales para expresar y nutrir las culturas del mundo. En particular, quiso preservar las antiguas, ricas tradiciones art\u00edsticas de su tierra natal, India y promovi\u00f3 su difusi\u00f3n por todo el mundo.<\/h4>\n<figure itemscope itemtype=\"https:\/\/schema.org\/ImageObject\">\n\t\t\t\t<img decoding=\"async\" src=\"https:\/\/shrimataji.org\/test\/wp-content\/uploads\/2018\/07\/media_originals\/images\/art\/blick-vom-garten-1024x722.jpg\" alt=\"blick-vom-garten\" height=\"722\" width=\"1024\" height=\"722\" width=\"1024\" title=\"blick-vom-garten\" onerror=\"this.style.display='none'\" loading=\"lazy\" \/>\n\t<\/figure>\n\t<p>En 2003, con la ayuda de su hermano (conocido cari\u00f1osamente como Babamama), Shri Mataji fund\u00f3 un centro para las artes en Maharashtra, India. A este tranquilo escenario rural, acudieron estudiantes de todo el mundo, para aprender m\u00fasica cl\u00e1sica india, danza y pintura. Shri Mataji personalmente dirigi\u00f3 el dise\u00f1o arquitect\u00f3nico de la <a href=\"https:\/\/www.pksacademy.com\/\" target=\"_blank\" rel=\"noopener\">Academia de Artes PK Salve<\/a>, as\u00ed como el de otros edificios construidos para fines humanitarios, como el <a href=\"https:\/\/www.nirmalprem.org\/\" target=\"_blank\" rel=\"noopener\">Centro Vishwa Nirmala Prem para Mujeres Indigentes y Ni\u00f1os Hu\u00e9rfanos<\/a>, de Delhi.<\/p>\n<p>Shri Mataji reconoci\u00f3 la importancia de los productos hechos a mano, y siguiendo la tradici\u00f3n de Mahatma Gandhi, apoy\u00f3 constantemente el desarrollo de las industrias artesanales, vitales para la econom\u00eda y la cultura de la India.<\/p>\n\t<p>A lo largo de los a\u00f1os, Shri Mataji patrocin\u00f3 a los mayores exponentes de la m\u00fasica cl\u00e1sica y las danzas indias, invit\u00e1ndoles a dar conciertos y programas. Muchos de quienes actuaron en su presencia han descrito la experiencia como un momento transformador en su desarrollo art\u00edstico. Sintieron que la fuerte energ\u00eda creadora de Shri Mataji mejoraba su propia creatividad y habilidad art\u00edstica.<\/p>\n\t<p>Ustad Amjad Ali Khan, Debu Chaudhari y Ustad Bismillah Khan son algunos ejemplos de los artistas c\u00e9lebres que actuaron a instancias de Shri Mataji. Ella misma escribi\u00f3 varios libros, y compuso bhajans (canciones devocionales) y poemas.<\/p>\n<p>El patrocinio de Shri Mataji a las artes incluy\u00f3 su gran apoyo al teatro. Ella anim\u00f3 a un grupo de actores talentosos a formar la compa\u00f1\u00eda T<a href=\"https:\/\/theatreofeternalvalues.com\" target=\"_blank\" rel=\"noopener\">eatro de los Valores Eternos<\/a>. Fundada en Gante (B\u00e9lgica) en 1993. La compa\u00f1\u00eda realiza desde entonces giras internacionales, representando obras que inspiran espiritualidad a la audiencia y favorecen la consciencia del Ser.<\/p>\n\t<div class=\"su-quote su-quote-style-default\"><div class=\"su-quote-inner su-u-clearfix su-u-trim\"> EN REALIDAD, SER MATERIALISTA, EN EL SENTIDO REAL DE LA PALABRA, ES COMPRENDER EL VALOR DE LA MATERIA. Y EL VALOR DE LA MATERIA ES LA EST\u00c9TICA: COSAS ART\u00cdSTICAS, REALMENTE ART\u00cdSTICAS. Y POR ENCIMA DE ESO, EL VALOR DE LA MATERIA ES QUE CON ELLA POD\u00c9IS DAR AMOR A LOS DEM\u00c1S.<\/div><\/div>\n\t<p>El Teatro de los Valores Eternos tambi\u00e9n trabaja con escuelas, universidades, empresas y la comunidad ofreciendo proyectos art\u00edsticos y educativos, como el Festival de la <a href=\"https:\/\/www.theatreofeternalvalues.com\/events\" target=\"_blank\" rel=\"noopener\">Cultura del Esp\u00edritu y la Academia<\/a> <a href=\"https:\/\/www.theatreofeternalvalues.com\/education\/academy\" target=\"_blank\" rel=\"noopener\">Internacional de NirmalArts<\/a>, que se celebra cada a\u00f1o en Piemonte, Italia.<\/p>\n\n<figure itemscope itemtype=\"https:\/\/schema.org\/ImageObject\">\n\t\t\t\t<img decoding=\"async\" src=\"https:\/\/shrimataji.org\/test\/wp-content\/uploads\/2025\/07\/Spa_theater-of-eternal-values-1.jpg\" alt=\"El Teatro de los Valores Eternos representa &quot;Divine Humanity&quot; de William Blake en Londres, Reino Unido.\" height=\"270\" width=\"1500\" title=\"Spa_theater-of-eternal-values\" onerror=\"this.style.display='none'\" loading=\"lazy\" \/>\n\t\t<figcaption>El Teatro de los Valores Eternos representa &#8220;Divine Humanity&#8221; de William Blake en Londres, Reino Unido.<\/figcaption>\n\t<\/figure>\n\t<p>According to the ancient yoga tradition of India, the human being encompasses seven essential qualities. The second of these is the principle of creativity, without which the\u00a0 potential for <a href=\"https:\/\/shrimataji.org\/test\/es\/realizacion-del-ser\/\" target=\"_blank\" rel=\"noopener\" data-cp-link=\"1\">self-realization<\/a> or self-awareness is extremely limited, if not impossible. For this reason, Shri Mataji\u00a0 sought to awaken the creative powers of individuals and communities in all of the countries she visited.<\/p>\n\t<div class=\"su-quote su-quote-style-default\"><div class=\"su-quote-inner su-u-clearfix su-u-trim\">TAL ES EL PODER MOTIVADOR DE UN ARTISTA. LOS ARTISTAS SON LAS FLORES M\u00c1S ADORABLES DE LA CREACI\u00d3N, LOS SUE\u00d1OS M\u00c1S DULCES DEL CREADOR, Y LOS COMPONENTES M\u00c1S QUERIDOS DE LA SOCIEDAD. QUIZ\u00c1S, ELLOS NO SABEN CU\u00c1N AMADOS SON, CU\u00c1N ADORADOS Y SEGUIDOS POR SU ESPECTADORES..<\/div><\/div>\n\n","protected":false},"excerpt":{"rendered":"<p>Pura Creatividad Expresando la Belleza Interior Durante toda su vida y obra, Shri Mataji dedic\u00f3 mucho tiempo y energ\u00eda a promover las artes. Ella las vio como uno de los medios principales para expresar y nutrir las culturas del mundo. En particular, quiso preservar las antiguas, ricas tradiciones art\u00edsticas de su tierra natal, India y&hellip; <br \/> <a class=\"read-more\" href=\"https:\/\/shrimataji.org\/test\/es\/creatividad\/\">Read more<\/a><\/p>\n","protected":false},"author":63,"featured_media":162,"parent":0,"menu_order":0,"comment_status":"closed","ping_status":"closed","template":"pro\/page-templates\/full-width-page.php","meta":{"inline_featured_image":false,"footnotes":""},"class_list":["post-10926","page","type-page","status-publish","has-post-thumbnail","hentry"],"yoast_head":"<!-- This site is optimized with the Yoast SEO plugin v27.4 - https:\/\/yoast.com\/product\/yoast-seo-wordpress\/ -->\n<title>Creatividad - TEST - SMND<\/title>\n<meta name=\"robots\" content=\"noindex, follow, max-snippet:-1, max-image-preview:large, max-video-preview:-1\" \/>\n<meta property=\"og:locale\" content=\"en_US\" \/>\n<meta property=\"og:type\" content=\"article\" \/>\n<meta property=\"og:title\" content=\"Creatividad - TEST - SMND\" \/>\n<meta property=\"og:description\" content=\"Pura Creatividad Expresando la Belleza Interior Durante toda su vida y obra, Shri Mataji dedic\u00f3 mucho tiempo y energ\u00eda a promover las artes. Ella las vio como uno de los medios principales para expresar y nutrir las culturas del mundo. En particular, quiso preservar las antiguas, ricas tradiciones art\u00edsticas de su tierra natal, India y&hellip; Read more\" \/>\n<meta property=\"og:url\" content=\"https:\/\/shrimataji.org\/test\/es\/creatividad\/\" \/>\n<meta property=\"og:site_name\" content=\"TEST - SMND\" \/>\n<meta property=\"article:publisher\" content=\"https:\/\/www.facebook.com\/shrimataji\" \/>\n<meta property=\"article:modified_time\" content=\"2026-03-11T23:49:00+00:00\" \/>\n<meta property=\"og:image\" content=\"https:\/\/shrimataji.org\/test\/wp-content\/uploads\/2018\/07\/media_originals\/images\/headers-work-creativity\/dance-scene-cabella-italy.jpg\" \/>\n\t<meta property=\"og:image:width\" content=\"990\" \/>\n\t<meta property=\"og:image:height\" content=\"350\" \/>\n\t<meta property=\"og:image:type\" content=\"image\/jpeg\" \/>\n<meta name=\"twitter:card\" content=\"summary_large_image\" \/>\n<meta name=\"twitter:site\" content=\"@shrimataji\" \/>\n<meta name=\"twitter:label1\" content=\"Est. reading time\" \/>\n\t<meta name=\"twitter:data1\" content=\"3 minutes\" \/>\n<script type=\"application\/ld+json\" class=\"yoast-schema-graph\">{\"@context\":\"https:\\\/\\\/schema.org\",\"@graph\":[{\"@type\":\"WebPage\",\"@id\":\"https:\\\/\\\/shrimataji.org\\\/test\\\/es\\\/creatividad\\\/\",\"url\":\"https:\\\/\\\/shrimataji.org\\\/test\\\/es\\\/creatividad\\\/\",\"name\":\"Creatividad - TEST - SMND\",\"isPartOf\":{\"@id\":\"https:\\\/\\\/shrimataji.org\\\/test\\\/#website\"},\"primaryImageOfPage\":{\"@id\":\"https:\\\/\\\/shrimataji.org\\\/test\\\/es\\\/creatividad\\\/#primaryimage\"},\"image\":{\"@id\":\"https:\\\/\\\/shrimataji.org\\\/test\\\/es\\\/creatividad\\\/#primaryimage\"},\"thumbnailUrl\":\"https:\\\/\\\/shrimataji.org\\\/test\\\/wp-content\\\/uploads\\\/2018\\\/07\\\/media_originals\\\/images\\\/headers-work-creativity\\\/dance-scene-cabella-italy.jpg\",\"datePublished\":\"2018-07-10T06:54:42+00:00\",\"dateModified\":\"2026-03-11T23:49:00+00:00\",\"breadcrumb\":{\"@id\":\"https:\\\/\\\/shrimataji.org\\\/test\\\/es\\\/creatividad\\\/#breadcrumb\"},\"inLanguage\":\"en-US\",\"potentialAction\":[{\"@type\":\"ReadAction\",\"target\":[\"https:\\\/\\\/shrimataji.org\\\/test\\\/es\\\/creatividad\\\/\"]}]},{\"@type\":\"ImageObject\",\"inLanguage\":\"en-US\",\"@id\":\"https:\\\/\\\/shrimataji.org\\\/test\\\/es\\\/creatividad\\\/#primaryimage\",\"url\":\"https:\\\/\\\/shrimataji.org\\\/test\\\/wp-content\\\/uploads\\\/2018\\\/07\\\/media_originals\\\/images\\\/headers-work-creativity\\\/dance-scene-cabella-italy.jpg\",\"contentUrl\":\"https:\\\/\\\/shrimataji.org\\\/test\\\/wp-content\\\/uploads\\\/2018\\\/07\\\/media_originals\\\/images\\\/headers-work-creativity\\\/dance-scene-cabella-italy.jpg\",\"width\":990,\"height\":350},{\"@type\":\"BreadcrumbList\",\"@id\":\"https:\\\/\\\/shrimataji.org\\\/test\\\/es\\\/creatividad\\\/#breadcrumb\",\"itemListElement\":[{\"@type\":\"ListItem\",\"position\":1,\"name\":\"Home\",\"item\":\"https:\\\/\\\/shrimataji.org\\\/test\\\/uk\\\/home-en\\\/\"},{\"@type\":\"ListItem\",\"position\":2,\"name\":\"Creatividad\"}]},{\"@type\":\"WebSite\",\"@id\":\"https:\\\/\\\/shrimataji.org\\\/test\\\/#website\",\"url\":\"https:\\\/\\\/shrimataji.org\\\/test\\\/\",\"name\":\"Shri Mataji Nirmala Devi\",\"description\":\"A Life Dedicated to Humanity\",\"publisher\":{\"@id\":\"https:\\\/\\\/shrimataji.org\\\/test\\\/#\\\/schema\\\/person\\\/a1b3419c6585f164aa96da1ff85715d1\"},\"potentialAction\":[{\"@type\":\"SearchAction\",\"target\":{\"@type\":\"EntryPoint\",\"urlTemplate\":\"https:\\\/\\\/shrimataji.org\\\/test\\\/?s={search_term_string}\"},\"query-input\":{\"@type\":\"PropertyValueSpecification\",\"valueRequired\":true,\"valueName\":\"search_term_string\"}}],\"inLanguage\":\"en-US\"},{\"@type\":[\"Person\",\"Organization\"],\"@id\":\"https:\\\/\\\/shrimataji.org\\\/test\\\/#\\\/schema\\\/person\\\/a1b3419c6585f164aa96da1ff85715d1\",\"name\":\"Nirmala Shrivastava\",\"image\":{\"@type\":\"ImageObject\",\"inLanguage\":\"en-US\",\"@id\":\"https:\\\/\\\/shrimataji.org\\\/test\\\/wp-content\\\/uploads\\\/2023\\\/02\\\/SMO_LOGO-03.svg\",\"url\":\"https:\\\/\\\/shrimataji.org\\\/test\\\/wp-content\\\/uploads\\\/2023\\\/02\\\/SMO_LOGO-03.svg\",\"contentUrl\":\"https:\\\/\\\/shrimataji.org\\\/test\\\/wp-content\\\/uploads\\\/2023\\\/02\\\/SMO_LOGO-03.svg\",\"width\":\"1024\",\"height\":\"1024\",\"caption\":\"Nirmala Shrivastava\"},\"logo\":{\"@id\":\"https:\\\/\\\/shrimataji.org\\\/test\\\/wp-content\\\/uploads\\\/2023\\\/02\\\/SMO_LOGO-03.svg\"},\"sameAs\":[\"https:\\\/\\\/shrimataji.org\\\/test\",\"https:\\\/\\\/www.facebook.com\\\/shrimataji\",\"https:\\\/\\\/x.com\\\/shrimataji\",\"https:\\\/\\\/www.youtube.com\\\/@Shri_Mataji_Nirmala_Devi\\\/featured\"]}]}<\/script>\n<!-- \/ Yoast SEO plugin. -->","yoast_head_json":{"title":"Creatividad - TEST - SMND","robots":{"index":"noindex","follow":"follow","max-snippet":"max-snippet:-1","max-image-preview":"max-image-preview:large","max-video-preview":"max-video-preview:-1"},"og_locale":"en_US","og_type":"article","og_title":"Creatividad - TEST - SMND","og_description":"Pura Creatividad Expresando la Belleza Interior Durante toda su vida y obra, Shri Mataji dedic\u00f3 mucho tiempo y energ\u00eda a promover las artes. Ella las vio como uno de los medios principales para expresar y nutrir las culturas del mundo. En particular, quiso preservar las antiguas, ricas tradiciones art\u00edsticas de su tierra natal, India y&hellip; Read more","og_url":"https:\/\/shrimataji.org\/test\/es\/creatividad\/","og_site_name":"TEST - SMND","article_publisher":"https:\/\/www.facebook.com\/shrimataji","article_modified_time":"2026-03-11T23:49:00+00:00","og_image":[{"width":990,"height":350,"url":"https:\/\/shrimataji.org\/test\/wp-content\/uploads\/2018\/07\/media_originals\/images\/headers-work-creativity\/dance-scene-cabella-italy.jpg","type":"image\/jpeg"}],"twitter_card":"summary_large_image","twitter_site":"@shrimataji","twitter_misc":{"Est. reading time":"3 minutes"},"schema":{"@context":"https:\/\/schema.org","@graph":[{"@type":"WebPage","@id":"https:\/\/shrimataji.org\/test\/es\/creatividad\/","url":"https:\/\/shrimataji.org\/test\/es\/creatividad\/","name":"Creatividad - TEST - SMND","isPartOf":{"@id":"https:\/\/shrimataji.org\/test\/#website"},"primaryImageOfPage":{"@id":"https:\/\/shrimataji.org\/test\/es\/creatividad\/#primaryimage"},"image":{"@id":"https:\/\/shrimataji.org\/test\/es\/creatividad\/#primaryimage"},"thumbnailUrl":"https:\/\/shrimataji.org\/test\/wp-content\/uploads\/2018\/07\/media_originals\/images\/headers-work-creativity\/dance-scene-cabella-italy.jpg","datePublished":"2018-07-10T06:54:42+00:00","dateModified":"2026-03-11T23:49:00+00:00","breadcrumb":{"@id":"https:\/\/shrimataji.org\/test\/es\/creatividad\/#breadcrumb"},"inLanguage":"en-US","potentialAction":[{"@type":"ReadAction","target":["https:\/\/shrimataji.org\/test\/es\/creatividad\/"]}]},{"@type":"ImageObject","inLanguage":"en-US","@id":"https:\/\/shrimataji.org\/test\/es\/creatividad\/#primaryimage","url":"https:\/\/shrimataji.org\/test\/wp-content\/uploads\/2018\/07\/media_originals\/images\/headers-work-creativity\/dance-scene-cabella-italy.jpg","contentUrl":"https:\/\/shrimataji.org\/test\/wp-content\/uploads\/2018\/07\/media_originals\/images\/headers-work-creativity\/dance-scene-cabella-italy.jpg","width":990,"height":350},{"@type":"BreadcrumbList","@id":"https:\/\/shrimataji.org\/test\/es\/creatividad\/#breadcrumb","itemListElement":[{"@type":"ListItem","position":1,"name":"Home","item":"https:\/\/shrimataji.org\/test\/uk\/home-en\/"},{"@type":"ListItem","position":2,"name":"Creatividad"}]},{"@type":"WebSite","@id":"https:\/\/shrimataji.org\/test\/#website","url":"https:\/\/shrimataji.org\/test\/","name":"Shri Mataji Nirmala Devi","description":"A Life Dedicated to Humanity","publisher":{"@id":"https:\/\/shrimataji.org\/test\/#\/schema\/person\/a1b3419c6585f164aa96da1ff85715d1"},"potentialAction":[{"@type":"SearchAction","target":{"@type":"EntryPoint","urlTemplate":"https:\/\/shrimataji.org\/test\/?s={search_term_string}"},"query-input":{"@type":"PropertyValueSpecification","valueRequired":true,"valueName":"search_term_string"}}],"inLanguage":"en-US"},{"@type":["Person","Organization"],"@id":"https:\/\/shrimataji.org\/test\/#\/schema\/person\/a1b3419c6585f164aa96da1ff85715d1","name":"Nirmala Shrivastava","image":{"@type":"ImageObject","inLanguage":"en-US","@id":"https:\/\/shrimataji.org\/test\/wp-content\/uploads\/2023\/02\/SMO_LOGO-03.svg","url":"https:\/\/shrimataji.org\/test\/wp-content\/uploads\/2023\/02\/SMO_LOGO-03.svg","contentUrl":"https:\/\/shrimataji.org\/test\/wp-content\/uploads\/2023\/02\/SMO_LOGO-03.svg","width":"1024","height":"1024","caption":"Nirmala Shrivastava"},"logo":{"@id":"https:\/\/shrimataji.org\/test\/wp-content\/uploads\/2023\/02\/SMO_LOGO-03.svg"},"sameAs":["https:\/\/shrimataji.org\/test","https:\/\/www.facebook.com\/shrimataji","https:\/\/x.com\/shrimataji","https:\/\/www.youtube.com\/@Shri_Mataji_Nirmala_Devi\/featured"]}]}},"lang":"es","translations":{"es":10926,"ur":37407,"en":400,"am":17978,"th":19911,"hu":19453,"sq":18379,"zh":17276,"tr":10146,"pt":10359,"de":10633,"fr":10731,"it":10829,"ja":11223,"ru":11411,"bn":11603,"te":11711,"sw":11834,"he":11982,"el":12273,"sk":12371,"fa":12469,"fi":12567,"bg":13474,"ro":14546,"cs":14739,"nl":16539,"ku":16699,"ar":16875,"be":18586,"kn":18860,"mr":20275,"uk":20567,"ml":20866,"ta":22694,"sv":22967,"gu":28815,"pa":28973,"fil":29413,"da":37721,"pl":37938,"nn":38273},"pll_sync_post":[],"_links":{"self":[{"href":"https:\/\/shrimataji.org\/test\/wp-json\/wp\/v2\/pages\/10926","targetHints":{"allow":["GET"]}}],"collection":[{"href":"https:\/\/shrimataji.org\/test\/wp-json\/wp\/v2\/pages"}],"about":[{"href":"https:\/\/shrimataji.org\/test\/wp-json\/wp\/v2\/types\/page"}],"author":[{"embeddable":true,"href":"https:\/\/shrimataji.org\/test\/wp-json\/wp\/v2\/users\/63"}],"replies":[{"embeddable":true,"href":"https:\/\/shrimataji.org\/test\/wp-json\/wp\/v2\/comments?post=10926"}],"version-history":[{"count":0,"href":"https:\/\/shrimataji.org\/test\/wp-json\/wp\/v2\/pages\/10926\/revisions"}],"wp:featuredmedia":[{"embeddable":true,"href":"https:\/\/shrimataji.org\/test\/wp-json\/wp\/v2\/media\/162"}],"wp:attachment":[{"href":"https:\/\/shrimataji.org\/test\/wp-json\/wp\/v2\/media?parent=10926"}],"curies":[{"name":"wp","href":"https:\/\/api.w.org\/{rel}","templated":true}]}}