{"id":10929,"date":"2011-02-12T02:00:00","date_gmt":"2011-02-12T02:00:00","guid":{"rendered":"http:\/\/testwordpress.nirmalnagari.org\/smnd\/index.php\/ecology\/"},"modified":"2026-03-11T23:52:13","modified_gmt":"2026-03-11T23:52:13","slug":"ecologia","status":"publish","type":"page","link":"https:\/\/shrimataji.org\/test\/es\/ecologia\/","title":{"rendered":"Ecolog\u00eda ES"},"content":{"rendered":"\n\n\t<h1>Ecolog\u00eda<\/h1>\n<h2>Un Equilibrio Natura<\/h2>\n\t<div class=\"su-quote su-quote-style-default\"><div class=\"su-quote-inner su-u-clearfix su-u-trim\">Si no sabemos c\u00f3mo respetar a la Madre Tierra, no sabemos c\u00f3mo respetarnos a nosotros mismos.<\/div><\/div>\n\t<p>Shri Mataji percib\u00eda la naturaleza como una Madre Tierra que otorga y sostiene la vida, una entidad viva que debe ser respetada, incluso venerada. En cierta ocasi\u00f3n explic\u00f3 que a ella y a sus hermanos les ense\u00f1aron, como a todos los ni\u00f1os de India, a pedir perd\u00f3n a la Madre Tierra cada ma\u00f1ana, porque &#8220;la estaban tocando con los pies&#8221;.<\/p>\n<p>Shri Mataji viaj\u00f3 por todo el mundo durante 40 a\u00f1os, despertando el potencial interior del ser humano que le permite tener paz interior y ser menos egoc\u00e9ntrico.\u00a0 Quienes asist\u00edan a sus conferencias y sesiones de meditaci\u00f3n eran buscadores de la espiritualidad, y ella les dej\u00f3 claro que la espiritualidad no puede florecer, si no somos plenamente conscientes de nuestra relaci\u00f3n rec\u00edproca con la naturaleza.<\/p>\n<p>Hace cuatro d\u00e9cadas, Shri Mataji comenz\u00f3 a hablar sobre algunos problemas que se han vuelto cr\u00edticos hoy en d\u00eda: la sobreproducci\u00f3n de pl\u00e1sticos, los peligros de la energ\u00eda nuclear, la sobreexplotaci\u00f3n agr\u00edcola, la poluci\u00f3n que produce el tr\u00e1fico, la contaminaci\u00f3n de los mares, r\u00edos y lagos.<\/p>\n<figure itemscope itemtype=\"https:\/\/schema.org\/ImageObject\">\n\t\t\t\t<img decoding=\"async\" src=\"https:\/\/shrimataji.org\/test\/wp-content\/uploads\/2018\/07\/media_originals\/images\/flowers\/purple-flowers-by-vera-subkus-300x300.jpg\" alt=\"\" height=\"300\" width=\"300\" onerror=\"this.style.display='none'\" loading=\"lazy\" \/>\n\t\t\n\t<\/figure>\n<figure itemscope itemtype=\"https:\/\/schema.org\/ImageObject\">\n\t\t\t\t<img decoding=\"async\" src=\"https:\/\/shrimataji.org\/test\/wp-content\/uploads\/2018\/07\/media_originals\/images\/art\/wentworth-falls-artwork-by-meredith-cooper.jpg\" alt=\"Cataratas Wentworth (Nueva Gales del Sur, Australia, Meredith Cooper)\" height=\"1000\" width=\"993\" title=\"wentworth-falls-artwork-by-meredith-cooper\" onerror=\"this.style.display='none'\" loading=\"lazy\" \/>\n\t\t<figcaption>Cataratas Wentworth (Nueva Gales del Sur, Australia, Meredith Cooper)<\/figcaption>\n\t<\/figure>\n\t<p>Sin negar su utilidad en algunos casos, ella critic\u00f3 el uso excesivo de pl\u00e1sticos y su desastrosa penetraci\u00f3n en la naturaleza. &#8220;Los que dise\u00f1an y fabrican los pl\u00e1sticos est\u00e1n erigiendo tranquilamente su propia imagen de multimillonarios&#8221;, explic\u00f3. &#8220;Mientras tanto, el consumismo absurdo est\u00e1 generando monta\u00f1as y monta\u00f1as de pl\u00e1stico, hasta tal punto que no se sabe c\u00f3mo solucionar el problema de la eliminaci\u00f3n de estas monta\u00f1as hechas por el hombre, que no solo estropean el paisaje, sino que por su simple existencia, podr\u00edan estar da\u00f1ando la atm\u00f3sfera. La sobreproducci\u00f3n de pl\u00e1sticos y fibras artificiales es, por supuesto, una grave consecuencia del consumismo compulsivo, alimentado por el concepto de moda.&#8221;<\/p>\n<p>Shri Mataji tambi\u00e9n hab\u00eda aconsejado vigilar el campo de la energ\u00eda nuclear, mucho antes de las tragedias de Chernobyl y Fukushima. &#8220;Ahora Chernobyl se ha convertido en un gran problema&#8230; Es una lecci\u00f3n para nosotros: que no hay que hacer un uso excesivo de la energ\u00eda at\u00f3mica&#8221;. Seg\u00fan ella, la fisi\u00f3n nuclear es una agresi\u00f3n a la integridad natural de un n\u00facleo, lo cual explica, a nivel sutil, las consecuencias destructivas de la energ\u00eda resultante.<\/p>\n\t<p>Nos advirti\u00f3 de la costumbre moderna de malgastar la energ\u00eda, y promovi\u00f3 el ahorro energ\u00e9tico en el d\u00eda a d\u00eda. &#8220;Todos debemos ser conscientes de cu\u00e1nta energ\u00eda consumimos en electricidad, tel\u00e9fono, agua o lo que sea&#8221;, dec\u00eda.\u00a0 &#8220;Debemos ser frugales en esto&#8230; Ten\u00e9is que incorporarlo en vuestra vida cotidiana, como parte integral de vuestra vida, el tratar de ahorrar energ\u00eda de la Madre Tierra. Es muy importante&#8221;.<\/p>\n<p>En varias ocasiones, Shri Mataji destac\u00f3 el gran n\u00famero de veh\u00edculos que circulan con un \u00fanico ocupante, todos en la misma direcci\u00f3n. Sugiri\u00f3 el uso compartido de autom\u00f3viles para reducir la contaminaci\u00f3n y adoptar una actitud m\u00e1s colectiva hacia la responsabilidad medioambiental. Tambi\u00e9n recomend\u00f3 caminar, como medio para descubrir las sutilezas de la naturaleza, en un mundo con demasiadas prisas.<\/p>\n\t<p>M\u00e1s all\u00e1 de sus palabras, el ejemplo personal de Shri Mataji es, quiz\u00e1s, lo m\u00e1s significativo de su ense\u00f1anza. En cualquier lugar al que iba, visitaba a los artesanos locales y les apoyaba adquiriendo sus productos. Se interesaba hasta por los m\u00e1s peque\u00f1os detalles de su trabajo: los materiales utilizados, su origen, sus condiciones de trabajo, el nivel de vida de sus familias.<\/p>\n\t<div class=\"su-quote su-quote-style-default\"><div class=\"su-quote-inner su-u-clearfix su-u-trim\">TENEMOS QUE CAMBIAR EL EQUILIBRIO ENTRE LAS COSAS HECHAS A M\u00c1QUINA Y LAS HECHAS A MANO E INCLINARNOS M\u00c1S HACIA LAS COSAS NATURALES.<\/div><\/div>\n\t<p>Con frecuencia se\u00f1al\u00f3 el valor econ\u00f3mico y ecol\u00f3gico de los productos hechos a mano. Compr\u00e1ndolos, los consumidores rompen las cadenas que los esclavizan a los intereses de las grandes industrias, las modas y la cultura del &#8220;usar y tirar&#8221;. Tambi\u00e9n reducen el consumo excesivo y generan empleo.\u00a0Los art\u00edculos hechos a mano demandan m\u00e1s tiempo y labor que los hechos a m\u00e1quina, por lo que suelen costar m\u00e1s. Pero por eso mismo, los consumidores los valoran m\u00e1s, y no los desechan r\u00e1pidamente.<\/p>\n<p>Por supuesto, ella reconoci\u00f3 la utilidad de la producci\u00f3n industrial y de las m\u00e1quinas, pero insisti\u00f3 en la necesidad de encontrar el equilibrio entre lo artesanal y lo industrial. &#8220;Las m\u00e1quinas deben usarse para todo lo que es p\u00fablico,&#8221; sugiri\u00f3, &#8220;como los autos, los trenes, los tranv\u00edas, todas las obras p\u00fablicas y de exterior. Como mucho, pod\u00e9is utilizar m\u00e1quinas para construir vuestras casas. Pero para las cosas personales, deb\u00e9is usar cosas hechas a mano, artesanales. A la gente espiritual le gusta llevar cosas hechas a mano, cosas reales&#8221;.<\/p>\n<p>The world today stands at a critical turning point with regards to climate change, which threatens a global ecological catastrophe of unprecedented proportions. Current scientific studies clearly indicate that changing human priorities since the beginning of the industrial age have contributed dramatically to global environmental degradation, and that only a concerted effort by the entire human race to adapt to a sustainable way of life can lead us out of the looming danger.<\/p>\n<p>La pr\u00e1ctica de la meditaci\u00f3n Sahaja Yoga establece un equilibrio hol\u00edstico de cuerpo, mente y esp\u00edritu que permite disfrutar de un estilo de vida altruista y vivir en armon\u00eda con la naturaleza. M\u00e1s all\u00e1 de esta transformaci\u00f3n del comportamiento que se puede lograr f\u00e1cilmente a trav\u00e9s de Sahaja Yoga, Shri Mataji recomend\u00f3 el uso de la energ\u00eda vibratoria sutil. Esta energ\u00eda se convierte en parte integral de la conciencia del practicante de Sahaja Yoga para regenerar el poder vivo de la Madre Naturaleza y fomentar el crecimiento ecol\u00f3gico natural. Miles de experimentos agr\u00edcolas de este tipo[<a href=\"#citation-note-1\">1<\/a>] realizados por sahaja yoguis en todo el mundo han demostrado resultados sorprendentes en la mejora de nuestra biosfera y la reducci\u00f3n de nuestra dependencia de fertilizantes qu\u00edmicos perjudiciales para el medio ambiente.<\/p>\n<p>La visi\u00f3n de Shri Mataji de un mundo en equilibrio empieza por el equilibrio en el interior de cada persona. Solo cuando este equilibrio est\u00e1 establecido, los seres humanos pueden mantener una relaci\u00f3n respetuosa y armoniosa con el medio ambiente y con la Madre Tierra, quien nos sostiene a todos.<\/p>\n\t<h5>&#8220;LA TIERRA PROVEE LO SUFICIENTE PARA SATISFACER LAS NECESIDADES DE CADA HOMBRE, PERO NO LA AVARICIA DE CADA HOMBRE.&#8221;<\/h5>\n<h5>Mahatma Gandhi<\/h5>\n\t<p>&nbsp;<\/p>\n<hr \/>\n<h3><a id=\"citation-note-1\"><\/a>[1]\u00a0<a href=\"https:\/\/sahajkrishi.in\/\" target=\"_blank\" rel=\"noopener\">https:\/\/sahajkrishi.in\/<\/a><\/h3>\n\n","protected":false},"excerpt":{"rendered":"<p>Ecolog\u00eda Un Equilibrio Natura Shri Mataji percib\u00eda la naturaleza como una Madre Tierra que otorga y sostiene la vida, una entidad viva que debe ser respetada, incluso venerada. En cierta ocasi\u00f3n explic\u00f3 que a ella y a sus hermanos les ense\u00f1aron, como a todos los ni\u00f1os de India, a pedir perd\u00f3n a la Madre Tierra&hellip; <br \/> <a class=\"read-more\" href=\"https:\/\/shrimataji.org\/test\/es\/ecologia\/\">Read more<\/a><\/p>\n","protected":false},"author":13,"featured_media":126,"parent":0,"menu_order":0,"comment_status":"closed","ping_status":"closed","template":"pro\/page-templates\/full-width-page.php","meta":{"inline_featured_image":false,"footnotes":""},"class_list":["post-10929","page","type-page","status-publish","has-post-thumbnail","hentry"],"yoast_head":"<!-- This site is optimized with the Yoast SEO plugin v27.4 - https:\/\/yoast.com\/product\/yoast-seo-wordpress\/ -->\n<title>Ecolog\u00eda ES - TEST - SMND<\/title>\n<meta name=\"robots\" content=\"noindex, follow, max-snippet:-1, max-image-preview:large, max-video-preview:-1\" \/>\n<meta property=\"og:locale\" content=\"en_US\" \/>\n<meta property=\"og:type\" content=\"article\" \/>\n<meta property=\"og:title\" content=\"Ecolog\u00eda ES - TEST - SMND\" \/>\n<meta property=\"og:description\" content=\"Ecolog\u00eda Un Equilibrio Natura Shri Mataji percib\u00eda la naturaleza como una Madre Tierra que otorga y sostiene la vida, una entidad viva que debe ser respetada, incluso venerada. En cierta ocasi\u00f3n explic\u00f3 que a ella y a sus hermanos les ense\u00f1aron, como a todos los ni\u00f1os de India, a pedir perd\u00f3n a la Madre Tierra&hellip; Read more\" \/>\n<meta property=\"og:url\" content=\"https:\/\/shrimataji.org\/test\/es\/ecologia\/\" \/>\n<meta property=\"og:site_name\" content=\"TEST - SMND\" \/>\n<meta property=\"article:publisher\" content=\"https:\/\/www.facebook.com\/shrimataji\" \/>\n<meta property=\"article:modified_time\" content=\"2026-03-11T23:52:13+00:00\" \/>\n<meta property=\"og:image\" content=\"https:\/\/shrimataji.org\/test\/wp-content\/uploads\/2018\/07\/media_originals\/images\/headers-general\/shri-mataji-at-the-krishna-river-in-brahmapuri-india-1985.jpg\" \/>\n\t<meta property=\"og:image:width\" content=\"990\" \/>\n\t<meta property=\"og:image:height\" content=\"350\" \/>\n\t<meta property=\"og:image:type\" content=\"image\/jpeg\" \/>\n<meta name=\"twitter:card\" content=\"summary_large_image\" \/>\n<meta name=\"twitter:site\" content=\"@shrimataji\" \/>\n<meta name=\"twitter:label1\" content=\"Est. reading time\" \/>\n\t<meta name=\"twitter:data1\" content=\"5 minutes\" \/>\n<script type=\"application\/ld+json\" class=\"yoast-schema-graph\">{\"@context\":\"https:\\\/\\\/schema.org\",\"@graph\":[{\"@type\":\"WebPage\",\"@id\":\"https:\\\/\\\/shrimataji.org\\\/test\\\/es\\\/ecologia\\\/\",\"url\":\"https:\\\/\\\/shrimataji.org\\\/test\\\/es\\\/ecologia\\\/\",\"name\":\"Ecolog\u00eda ES - TEST - SMND\",\"isPartOf\":{\"@id\":\"https:\\\/\\\/shrimataji.org\\\/test\\\/#website\"},\"primaryImageOfPage\":{\"@id\":\"https:\\\/\\\/shrimataji.org\\\/test\\\/es\\\/ecologia\\\/#primaryimage\"},\"image\":{\"@id\":\"https:\\\/\\\/shrimataji.org\\\/test\\\/es\\\/ecologia\\\/#primaryimage\"},\"thumbnailUrl\":\"https:\\\/\\\/shrimataji.org\\\/test\\\/wp-content\\\/uploads\\\/2018\\\/07\\\/media_originals\\\/images\\\/headers-general\\\/shri-mataji-at-the-krishna-river-in-brahmapuri-india-1985.jpg\",\"datePublished\":\"2011-02-12T02:00:00+00:00\",\"dateModified\":\"2026-03-11T23:52:13+00:00\",\"breadcrumb\":{\"@id\":\"https:\\\/\\\/shrimataji.org\\\/test\\\/es\\\/ecologia\\\/#breadcrumb\"},\"inLanguage\":\"en-US\",\"potentialAction\":[{\"@type\":\"ReadAction\",\"target\":[\"https:\\\/\\\/shrimataji.org\\\/test\\\/es\\\/ecologia\\\/\"]}]},{\"@type\":\"ImageObject\",\"inLanguage\":\"en-US\",\"@id\":\"https:\\\/\\\/shrimataji.org\\\/test\\\/es\\\/ecologia\\\/#primaryimage\",\"url\":\"https:\\\/\\\/shrimataji.org\\\/test\\\/wp-content\\\/uploads\\\/2018\\\/07\\\/media_originals\\\/images\\\/headers-general\\\/shri-mataji-at-the-krishna-river-in-brahmapuri-india-1985.jpg\",\"contentUrl\":\"https:\\\/\\\/shrimataji.org\\\/test\\\/wp-content\\\/uploads\\\/2018\\\/07\\\/media_originals\\\/images\\\/headers-general\\\/shri-mataji-at-the-krishna-river-in-brahmapuri-india-1985.jpg\",\"width\":990,\"height\":350},{\"@type\":\"BreadcrumbList\",\"@id\":\"https:\\\/\\\/shrimataji.org\\\/test\\\/es\\\/ecologia\\\/#breadcrumb\",\"itemListElement\":[{\"@type\":\"ListItem\",\"position\":1,\"name\":\"Home\",\"item\":\"https:\\\/\\\/shrimataji.org\\\/test\\\/uk\\\/home-en\\\/\"},{\"@type\":\"ListItem\",\"position\":2,\"name\":\"Ecolog\u00eda ES\"}]},{\"@type\":\"WebSite\",\"@id\":\"https:\\\/\\\/shrimataji.org\\\/test\\\/#website\",\"url\":\"https:\\\/\\\/shrimataji.org\\\/test\\\/\",\"name\":\"Shri Mataji Nirmala Devi\",\"description\":\"A Life Dedicated to Humanity\",\"publisher\":{\"@id\":\"https:\\\/\\\/shrimataji.org\\\/test\\\/#\\\/schema\\\/person\\\/a1b3419c6585f164aa96da1ff85715d1\"},\"potentialAction\":[{\"@type\":\"SearchAction\",\"target\":{\"@type\":\"EntryPoint\",\"urlTemplate\":\"https:\\\/\\\/shrimataji.org\\\/test\\\/?s={search_term_string}\"},\"query-input\":{\"@type\":\"PropertyValueSpecification\",\"valueRequired\":true,\"valueName\":\"search_term_string\"}}],\"inLanguage\":\"en-US\"},{\"@type\":[\"Person\",\"Organization\"],\"@id\":\"https:\\\/\\\/shrimataji.org\\\/test\\\/#\\\/schema\\\/person\\\/a1b3419c6585f164aa96da1ff85715d1\",\"name\":\"Nirmala Shrivastava\",\"image\":{\"@type\":\"ImageObject\",\"inLanguage\":\"en-US\",\"@id\":\"https:\\\/\\\/shrimataji.org\\\/test\\\/wp-content\\\/uploads\\\/2023\\\/02\\\/SMO_LOGO-03.svg\",\"url\":\"https:\\\/\\\/shrimataji.org\\\/test\\\/wp-content\\\/uploads\\\/2023\\\/02\\\/SMO_LOGO-03.svg\",\"contentUrl\":\"https:\\\/\\\/shrimataji.org\\\/test\\\/wp-content\\\/uploads\\\/2023\\\/02\\\/SMO_LOGO-03.svg\",\"width\":\"1024\",\"height\":\"1024\",\"caption\":\"Nirmala Shrivastava\"},\"logo\":{\"@id\":\"https:\\\/\\\/shrimataji.org\\\/test\\\/wp-content\\\/uploads\\\/2023\\\/02\\\/SMO_LOGO-03.svg\"},\"sameAs\":[\"https:\\\/\\\/shrimataji.org\\\/test\",\"https:\\\/\\\/www.facebook.com\\\/shrimataji\",\"https:\\\/\\\/x.com\\\/shrimataji\",\"https:\\\/\\\/www.youtube.com\\\/@Shri_Mataji_Nirmala_Devi\\\/featured\"]}]}<\/script>\n<!-- \/ Yoast SEO plugin. -->","yoast_head_json":{"title":"Ecolog\u00eda ES - TEST - SMND","robots":{"index":"noindex","follow":"follow","max-snippet":"max-snippet:-1","max-image-preview":"max-image-preview:large","max-video-preview":"max-video-preview:-1"},"og_locale":"en_US","og_type":"article","og_title":"Ecolog\u00eda ES - TEST - SMND","og_description":"Ecolog\u00eda Un Equilibrio Natura Shri Mataji percib\u00eda la naturaleza como una Madre Tierra que otorga y sostiene la vida, una entidad viva que debe ser respetada, incluso venerada. En cierta ocasi\u00f3n explic\u00f3 que a ella y a sus hermanos les ense\u00f1aron, como a todos los ni\u00f1os de India, a pedir perd\u00f3n a la Madre Tierra&hellip; Read more","og_url":"https:\/\/shrimataji.org\/test\/es\/ecologia\/","og_site_name":"TEST - SMND","article_publisher":"https:\/\/www.facebook.com\/shrimataji","article_modified_time":"2026-03-11T23:52:13+00:00","og_image":[{"width":990,"height":350,"url":"https:\/\/shrimataji.org\/test\/wp-content\/uploads\/2018\/07\/media_originals\/images\/headers-general\/shri-mataji-at-the-krishna-river-in-brahmapuri-india-1985.jpg","type":"image\/jpeg"}],"twitter_card":"summary_large_image","twitter_site":"@shrimataji","twitter_misc":{"Est. reading time":"5 minutes"},"schema":{"@context":"https:\/\/schema.org","@graph":[{"@type":"WebPage","@id":"https:\/\/shrimataji.org\/test\/es\/ecologia\/","url":"https:\/\/shrimataji.org\/test\/es\/ecologia\/","name":"Ecolog\u00eda ES - TEST - SMND","isPartOf":{"@id":"https:\/\/shrimataji.org\/test\/#website"},"primaryImageOfPage":{"@id":"https:\/\/shrimataji.org\/test\/es\/ecologia\/#primaryimage"},"image":{"@id":"https:\/\/shrimataji.org\/test\/es\/ecologia\/#primaryimage"},"thumbnailUrl":"https:\/\/shrimataji.org\/test\/wp-content\/uploads\/2018\/07\/media_originals\/images\/headers-general\/shri-mataji-at-the-krishna-river-in-brahmapuri-india-1985.jpg","datePublished":"2011-02-12T02:00:00+00:00","dateModified":"2026-03-11T23:52:13+00:00","breadcrumb":{"@id":"https:\/\/shrimataji.org\/test\/es\/ecologia\/#breadcrumb"},"inLanguage":"en-US","potentialAction":[{"@type":"ReadAction","target":["https:\/\/shrimataji.org\/test\/es\/ecologia\/"]}]},{"@type":"ImageObject","inLanguage":"en-US","@id":"https:\/\/shrimataji.org\/test\/es\/ecologia\/#primaryimage","url":"https:\/\/shrimataji.org\/test\/wp-content\/uploads\/2018\/07\/media_originals\/images\/headers-general\/shri-mataji-at-the-krishna-river-in-brahmapuri-india-1985.jpg","contentUrl":"https:\/\/shrimataji.org\/test\/wp-content\/uploads\/2018\/07\/media_originals\/images\/headers-general\/shri-mataji-at-the-krishna-river-in-brahmapuri-india-1985.jpg","width":990,"height":350},{"@type":"BreadcrumbList","@id":"https:\/\/shrimataji.org\/test\/es\/ecologia\/#breadcrumb","itemListElement":[{"@type":"ListItem","position":1,"name":"Home","item":"https:\/\/shrimataji.org\/test\/uk\/home-en\/"},{"@type":"ListItem","position":2,"name":"Ecolog\u00eda ES"}]},{"@type":"WebSite","@id":"https:\/\/shrimataji.org\/test\/#website","url":"https:\/\/shrimataji.org\/test\/","name":"Shri Mataji Nirmala Devi","description":"A Life Dedicated to Humanity","publisher":{"@id":"https:\/\/shrimataji.org\/test\/#\/schema\/person\/a1b3419c6585f164aa96da1ff85715d1"},"potentialAction":[{"@type":"SearchAction","target":{"@type":"EntryPoint","urlTemplate":"https:\/\/shrimataji.org\/test\/?s={search_term_string}"},"query-input":{"@type":"PropertyValueSpecification","valueRequired":true,"valueName":"search_term_string"}}],"inLanguage":"en-US"},{"@type":["Person","Organization"],"@id":"https:\/\/shrimataji.org\/test\/#\/schema\/person\/a1b3419c6585f164aa96da1ff85715d1","name":"Nirmala Shrivastava","image":{"@type":"ImageObject","inLanguage":"en-US","@id":"https:\/\/shrimataji.org\/test\/wp-content\/uploads\/2023\/02\/SMO_LOGO-03.svg","url":"https:\/\/shrimataji.org\/test\/wp-content\/uploads\/2023\/02\/SMO_LOGO-03.svg","contentUrl":"https:\/\/shrimataji.org\/test\/wp-content\/uploads\/2023\/02\/SMO_LOGO-03.svg","width":"1024","height":"1024","caption":"Nirmala Shrivastava"},"logo":{"@id":"https:\/\/shrimataji.org\/test\/wp-content\/uploads\/2023\/02\/SMO_LOGO-03.svg"},"sameAs":["https:\/\/shrimataji.org\/test","https:\/\/www.facebook.com\/shrimataji","https:\/\/x.com\/shrimataji","https:\/\/www.youtube.com\/@Shri_Mataji_Nirmala_Devi\/featured"]}]}},"lang":"es","translations":{"es":10929,"ur":37413,"en":416,"am":17984,"th":19920,"hu":19459,"sq":18385,"zh":17282,"tr":10149,"pt":10362,"de":10636,"fr":10734,"it":10832,"ja":11226,"ru":11414,"bn":11606,"te":11714,"sw":11837,"he":11985,"el":12276,"sk":12374,"fa":12472,"fi":12570,"bg":13513,"ro":14588,"cs":14781,"nl":16545,"ku":16705,"ar":16881,"be":18592,"kn":18866,"mr":20284,"uk":20576,"ml":20875,"ta":22700,"sv":22973,"gu":28821,"pa":28979,"fil":29419,"da":37727,"pl":37944,"nn":38279},"pll_sync_post":[],"_links":{"self":[{"href":"https:\/\/shrimataji.org\/test\/wp-json\/wp\/v2\/pages\/10929","targetHints":{"allow":["GET"]}}],"collection":[{"href":"https:\/\/shrimataji.org\/test\/wp-json\/wp\/v2\/pages"}],"about":[{"href":"https:\/\/shrimataji.org\/test\/wp-json\/wp\/v2\/types\/page"}],"author":[{"embeddable":true,"href":"https:\/\/shrimataji.org\/test\/wp-json\/wp\/v2\/users\/13"}],"replies":[{"embeddable":true,"href":"https:\/\/shrimataji.org\/test\/wp-json\/wp\/v2\/comments?post=10929"}],"version-history":[{"count":0,"href":"https:\/\/shrimataji.org\/test\/wp-json\/wp\/v2\/pages\/10929\/revisions"}],"wp:featuredmedia":[{"embeddable":true,"href":"https:\/\/shrimataji.org\/test\/wp-json\/wp\/v2\/media\/126"}],"wp:attachment":[{"href":"https:\/\/shrimataji.org\/test\/wp-json\/wp\/v2\/media?parent=10929"}],"curies":[{"name":"wp","href":"https:\/\/api.w.org\/{rel}","templated":true}]}}