{"id":10930,"date":"2018-07-10T06:54:42","date_gmt":"2018-07-10T06:54:42","guid":{"rendered":"http:\/\/testwordpress.nirmalnagari.org\/smnd\/index.php\/education-2\/"},"modified":"2026-03-11T23:49:01","modified_gmt":"2026-03-11T23:49:01","slug":"educacion-iluminada","status":"publish","type":"page","link":"https:\/\/shrimataji.org\/test\/es\/educacion-iluminada\/","title":{"rendered":"Educaci\u00f3n Iluminada"},"content":{"rendered":"\n\n\t<h1>Una Educaci\u00f3n Iluminada<\/h1>\n<h2>Nutriendo el Bienestar Espiritual<\/h2>\n\t<div class=\"su-quote su-quote-style-default\"><div class=\"su-quote-inner su-u-clearfix su-u-trim\">&#8220;Adem\u00e1s de fomentar el crecimiento intelectual y emocional, la educaci\u00f3n debe incluir el bienestar espiritual de los ni\u00f1os.&#8221;<\/div><\/div>\n\t<h4>Los ni\u00f1os necesitan una educaci\u00f3n equilibrada, ahora m\u00e1s que nunca. Esta educaci\u00f3n no s\u00f3lo debe promover el crecimiento intelectual y emocional, sino tambi\u00e9n su bienestar espiritual. Cuando los ni\u00f1os comprenden sus capacidades internas y su fuerza, ellos pueden florecer en cualquier entorno. La atenci\u00f3n enfocada y una perspectiva global son otras dos claves para una educaci\u00f3n iluminada.<\/h4>\n\t<p>Shri Mataji puso gran \u00e9nfasis en construir una base s\u00f3lida con la educaci\u00f3n desde la primera infancia, planteando que deber\u00eda ser un proceso colectivo compartido por padres y maestros. El entorno natural tambi\u00e9n juega un rol en la ense\u00f1anza. A medida que los ni\u00f1os aprenden sobre plantas, animales y conservaci\u00f3n, ganan respeto por la Madre Tierra y sus preciosos recursos.<\/p>\n\t<h5>&#8220;La educaci\u00f3n literaria no tiene valor si no es capaz de construir un car\u00e1cter s\u00f3lido&#8221;.<\/h5>\n<h5>Mahatma Gandhi<\/h5>\n<figure itemscope itemtype=\"https:\/\/schema.org\/ImageObject\">\n\t\t\t\t<img decoding=\"async\" src=\"https:\/\/shrimataji.org\/test\/wp-content\/uploads\/2018\/07\/media_originals\/images\/shri-mataji-with-people\/shri-mataji-nirmala-devi-being-greeted-at-the-train-station-in-rome-italy.jpg\" alt=\"\" height=\"974\" width=\"1500\" onerror=\"this.style.display='none'\" loading=\"lazy\" \/>\n\t\t\n\t<\/figure>\n\t<p>Para inculcar un sentido de autoestima y dignidad, Shri Mataji le dio un gran valor a la disciplina -una disciplina basada en el amor y el respeto. &#8220;Es nuestro deber cuidar que nuestros ni\u00f1os crezcan como grandes personas, m\u00e1s grandes que nosotros&#8221;, dec\u00eda Shri Mataji. &#8220;Ellos tienen que cuidar del mundo.&#8221;<\/p>\n<p>Poniendo su visi\u00f3n en pr\u00e1ctica, Shri Mataji cre\u00f3 un sistema educativo con Sahaja Yoga en el centro. Adem\u00e1s de un curr\u00edculum acad\u00e9mico exigente, los estudiantes meditan regularmente. Esto les ayuda a mejorar su atenci\u00f3n y capacidad de concentraci\u00f3n, tanto como aumentar su sentido de autoconfianza y autocomprensi\u00f3n. J\u00f3venes de todo el mundo crecen en las escuelas de Shri Mataji en India, Italia, Canad\u00e1, Austria, Estados Unidos de Am\u00e9rica, Rep\u00fablica Checa, Rusia y Australia, donde contin\u00faan construyendo relaciones profundas.<\/p>\n\t<div class=\"su-quote su-quote-style-default\"><div class=\"su-quote-inner su-u-clearfix su-u-trim\">&#8220;He visto ni\u00f1os que vienen de las escuela de Dharamshala. Extremadamente seguros y extremadamente humildes, y les pregunt\u00e9, &#8216;\u00bfqu\u00e9 es lo que hac\u00e9is?&#8217; ellos dijeron, &#8216;Shri Mataji, nosotros meditamos, meditamos por la tarde y por la ma\u00f1ana, y nos ayuda mucho.&#8221;<\/div><\/div>\n\t<p>&#8220;Con respecto a los ni\u00f1os, el ganador del Premio Nobel, Rabindranath Tagore subrayaba que &#8220;Ellos son seres vivos -m\u00e1s vivos que las personas adultas que han construido conchas de h\u00e1bito a su alrededor. Por lo tanto, es absolutamente necesario que para su salud mental y desarrollo no tengan simples escuelas para sus lecciones, sino un mundo cuyo esp\u00edritu conductor sea el amor personal.&#8221;<\/p>\n<p>Los ni\u00f1os de hoy son el futuro de ma\u00f1ana, e invertir en una buena educaci\u00f3n es sin\u00f3nimo de invertir en un mundo mejor. Sin embargo, el bienestar social y psicol\u00f3gico de los ni\u00f1os se ve cada vez m\u00e1s comprometido en las escuelas. Al menos uno de cada cinco ni\u00f1os y adolescentes puede presentar alg\u00fan problema de salud mental en cualquier a\u00f1o; y en Estados Unidos se estima que uno de cada diez ni\u00f1os y adolescentes sufre una enfermedad mental lo suficientemente grave como para causar alg\u00fan grado de discapacidad.<\/p>\n<p>La investigaci\u00f3n cient\u00edfica sobre la meditaci\u00f3n[<a href=\"#_ftn1\">1<\/a>] revela que es una intervenci\u00f3n bio-espiritual comprobada, basada en la evidencia, para prevenir y gestionar las secuelas del estr\u00e9s derivado de los desequilibrios cotidianos, ya sea en la escuela, el trabajo o el hogar. La Meditaci\u00f3n Sahaja Yoga (SYM) ha demostrado ser \u00fanica por su espontaneidad, sencillez y facilidad. Todas estas caracter\u00edsticas de la Meditaci\u00f3n SYM la han hecho aceptable, agradable y popular tanto entre ni\u00f1os como entre docentes. Tambi\u00e9n ha resultado eficaz para brindar a los profesores un enfoque que les permita conciliar la vida laboral y personal, ayud\u00e1ndoles a gestionar e impartir un programa de estudios con calidad y dentro de los plazos establecidos.<\/p>\n<p>Varias iniciativas como The Inner Peace Project (<a href=\"http:\/\/www.innerpeaceday.org\/\" target=\"_blank\" rel=\"noopener\">www.innerpeaceday.org<\/a>) y Dhyaandhara<a href=\"#_ftn2\" name=\"_ftnref2\">[2]<\/a> (India) est\u00e1n llevando los beneficios de la salud escolar general y la vida de los ni\u00f1os a trav\u00e9s de la meditaci\u00f3n Sahaja Yoga a las escuelas regulares.<\/p>\n\t<hr \/>\n<h3><a id=\"_ftn1\"><\/a>[1]\u00a0https:\/\/researchingmeditation.org\/<\/h3>\n<h3><a id=\"_ftn2\"><\/a>[2]\u00a0Dhyaandhara Study at LMP Intercollege Lucknow India<\/h3>\n\n","protected":false},"excerpt":{"rendered":"<p>Una Educaci\u00f3n Iluminada Nutriendo el Bienestar Espiritual Los ni\u00f1os necesitan una educaci\u00f3n equilibrada, ahora m\u00e1s que nunca. Esta educaci\u00f3n no s\u00f3lo debe promover el crecimiento intelectual y emocional, sino tambi\u00e9n su bienestar espiritual. Cuando los ni\u00f1os comprenden sus capacidades internas y su fuerza, ellos pueden florecer en cualquier entorno. La atenci\u00f3n enfocada y una perspectiva&hellip; <br \/> <a class=\"read-more\" href=\"https:\/\/shrimataji.org\/test\/es\/educacion-iluminada\/\">Read more<\/a><\/p>\n","protected":false},"author":63,"featured_media":104,"parent":0,"menu_order":0,"comment_status":"closed","ping_status":"closed","template":"pro\/page-templates\/full-width-page.php","meta":{"inline_featured_image":false,"footnotes":""},"class_list":["post-10930","page","type-page","status-publish","has-post-thumbnail","hentry"],"yoast_head":"<!-- This site is optimized with the Yoast SEO plugin v27.4 - https:\/\/yoast.com\/product\/yoast-seo-wordpress\/ -->\n<title>Educaci\u00f3n Iluminada - TEST - SMND<\/title>\n<meta name=\"robots\" content=\"noindex, follow, max-snippet:-1, max-image-preview:large, max-video-preview:-1\" \/>\n<meta property=\"og:locale\" content=\"en_US\" \/>\n<meta property=\"og:type\" content=\"article\" \/>\n<meta property=\"og:title\" content=\"Educaci\u00f3n Iluminada - TEST - SMND\" \/>\n<meta property=\"og:description\" content=\"Una Educaci\u00f3n Iluminada Nutriendo el Bienestar Espiritual Los ni\u00f1os necesitan una educaci\u00f3n equilibrada, ahora m\u00e1s que nunca. Esta educaci\u00f3n no s\u00f3lo debe promover el crecimiento intelectual y emocional, sino tambi\u00e9n su bienestar espiritual. Cuando los ni\u00f1os comprenden sus capacidades internas y su fuerza, ellos pueden florecer en cualquier entorno. La atenci\u00f3n enfocada y una perspectiva&hellip; Read more\" \/>\n<meta property=\"og:url\" content=\"https:\/\/shrimataji.org\/test\/es\/educacion-iluminada\/\" \/>\n<meta property=\"og:site_name\" content=\"TEST - SMND\" \/>\n<meta property=\"article:publisher\" content=\"https:\/\/www.facebook.com\/shrimataji\" \/>\n<meta property=\"article:modified_time\" content=\"2026-03-11T23:49:01+00:00\" \/>\n<meta property=\"og:image\" content=\"https:\/\/shrimataji.org\/test\/wp-content\/uploads\/2018\/07\/media_originals\/images\/headers-general\/students-cheering-in-rajasthan-india.jpg\" \/>\n\t<meta property=\"og:image:width\" content=\"990\" \/>\n\t<meta property=\"og:image:height\" content=\"350\" \/>\n\t<meta property=\"og:image:type\" content=\"image\/jpeg\" \/>\n<meta name=\"twitter:card\" content=\"summary_large_image\" \/>\n<meta name=\"twitter:site\" content=\"@shrimataji\" \/>\n<meta name=\"twitter:label1\" content=\"Est. reading time\" \/>\n\t<meta name=\"twitter:data1\" content=\"3 minutes\" \/>\n<script type=\"application\/ld+json\" class=\"yoast-schema-graph\">{\"@context\":\"https:\\\/\\\/schema.org\",\"@graph\":[{\"@type\":\"WebPage\",\"@id\":\"https:\\\/\\\/shrimataji.org\\\/test\\\/es\\\/educacion-iluminada\\\/\",\"url\":\"https:\\\/\\\/shrimataji.org\\\/test\\\/es\\\/educacion-iluminada\\\/\",\"name\":\"Educaci\u00f3n Iluminada - TEST - SMND\",\"isPartOf\":{\"@id\":\"https:\\\/\\\/shrimataji.org\\\/test\\\/#website\"},\"primaryImageOfPage\":{\"@id\":\"https:\\\/\\\/shrimataji.org\\\/test\\\/es\\\/educacion-iluminada\\\/#primaryimage\"},\"image\":{\"@id\":\"https:\\\/\\\/shrimataji.org\\\/test\\\/es\\\/educacion-iluminada\\\/#primaryimage\"},\"thumbnailUrl\":\"https:\\\/\\\/shrimataji.org\\\/test\\\/wp-content\\\/uploads\\\/2018\\\/07\\\/media_originals\\\/images\\\/headers-general\\\/students-cheering-in-rajasthan-india.jpg\",\"datePublished\":\"2018-07-10T06:54:42+00:00\",\"dateModified\":\"2026-03-11T23:49:01+00:00\",\"breadcrumb\":{\"@id\":\"https:\\\/\\\/shrimataji.org\\\/test\\\/es\\\/educacion-iluminada\\\/#breadcrumb\"},\"inLanguage\":\"en-US\",\"potentialAction\":[{\"@type\":\"ReadAction\",\"target\":[\"https:\\\/\\\/shrimataji.org\\\/test\\\/es\\\/educacion-iluminada\\\/\"]}]},{\"@type\":\"ImageObject\",\"inLanguage\":\"en-US\",\"@id\":\"https:\\\/\\\/shrimataji.org\\\/test\\\/es\\\/educacion-iluminada\\\/#primaryimage\",\"url\":\"https:\\\/\\\/shrimataji.org\\\/test\\\/wp-content\\\/uploads\\\/2018\\\/07\\\/media_originals\\\/images\\\/headers-general\\\/students-cheering-in-rajasthan-india.jpg\",\"contentUrl\":\"https:\\\/\\\/shrimataji.org\\\/test\\\/wp-content\\\/uploads\\\/2018\\\/07\\\/media_originals\\\/images\\\/headers-general\\\/students-cheering-in-rajasthan-india.jpg\",\"width\":990,\"height\":350},{\"@type\":\"BreadcrumbList\",\"@id\":\"https:\\\/\\\/shrimataji.org\\\/test\\\/es\\\/educacion-iluminada\\\/#breadcrumb\",\"itemListElement\":[{\"@type\":\"ListItem\",\"position\":1,\"name\":\"Home\",\"item\":\"https:\\\/\\\/shrimataji.org\\\/test\\\/uk\\\/home-en\\\/\"},{\"@type\":\"ListItem\",\"position\":2,\"name\":\"Educaci\u00f3n Iluminada\"}]},{\"@type\":\"WebSite\",\"@id\":\"https:\\\/\\\/shrimataji.org\\\/test\\\/#website\",\"url\":\"https:\\\/\\\/shrimataji.org\\\/test\\\/\",\"name\":\"Shri Mataji Nirmala Devi\",\"description\":\"A Life Dedicated to Humanity\",\"publisher\":{\"@id\":\"https:\\\/\\\/shrimataji.org\\\/test\\\/#\\\/schema\\\/person\\\/a1b3419c6585f164aa96da1ff85715d1\"},\"potentialAction\":[{\"@type\":\"SearchAction\",\"target\":{\"@type\":\"EntryPoint\",\"urlTemplate\":\"https:\\\/\\\/shrimataji.org\\\/test\\\/?s={search_term_string}\"},\"query-input\":{\"@type\":\"PropertyValueSpecification\",\"valueRequired\":true,\"valueName\":\"search_term_string\"}}],\"inLanguage\":\"en-US\"},{\"@type\":[\"Person\",\"Organization\"],\"@id\":\"https:\\\/\\\/shrimataji.org\\\/test\\\/#\\\/schema\\\/person\\\/a1b3419c6585f164aa96da1ff85715d1\",\"name\":\"Nirmala Shrivastava\",\"image\":{\"@type\":\"ImageObject\",\"inLanguage\":\"en-US\",\"@id\":\"https:\\\/\\\/shrimataji.org\\\/test\\\/wp-content\\\/uploads\\\/2023\\\/02\\\/SMO_LOGO-03.svg\",\"url\":\"https:\\\/\\\/shrimataji.org\\\/test\\\/wp-content\\\/uploads\\\/2023\\\/02\\\/SMO_LOGO-03.svg\",\"contentUrl\":\"https:\\\/\\\/shrimataji.org\\\/test\\\/wp-content\\\/uploads\\\/2023\\\/02\\\/SMO_LOGO-03.svg\",\"width\":\"1024\",\"height\":\"1024\",\"caption\":\"Nirmala Shrivastava\"},\"logo\":{\"@id\":\"https:\\\/\\\/shrimataji.org\\\/test\\\/wp-content\\\/uploads\\\/2023\\\/02\\\/SMO_LOGO-03.svg\"},\"sameAs\":[\"https:\\\/\\\/shrimataji.org\\\/test\",\"https:\\\/\\\/www.facebook.com\\\/shrimataji\",\"https:\\\/\\\/x.com\\\/shrimataji\",\"https:\\\/\\\/www.youtube.com\\\/@Shri_Mataji_Nirmala_Devi\\\/featured\"]}]}<\/script>\n<!-- \/ Yoast SEO plugin. -->","yoast_head_json":{"title":"Educaci\u00f3n Iluminada - TEST - SMND","robots":{"index":"noindex","follow":"follow","max-snippet":"max-snippet:-1","max-image-preview":"max-image-preview:large","max-video-preview":"max-video-preview:-1"},"og_locale":"en_US","og_type":"article","og_title":"Educaci\u00f3n Iluminada - TEST - SMND","og_description":"Una Educaci\u00f3n Iluminada Nutriendo el Bienestar Espiritual Los ni\u00f1os necesitan una educaci\u00f3n equilibrada, ahora m\u00e1s que nunca. Esta educaci\u00f3n no s\u00f3lo debe promover el crecimiento intelectual y emocional, sino tambi\u00e9n su bienestar espiritual. Cuando los ni\u00f1os comprenden sus capacidades internas y su fuerza, ellos pueden florecer en cualquier entorno. La atenci\u00f3n enfocada y una perspectiva&hellip; Read more","og_url":"https:\/\/shrimataji.org\/test\/es\/educacion-iluminada\/","og_site_name":"TEST - SMND","article_publisher":"https:\/\/www.facebook.com\/shrimataji","article_modified_time":"2026-03-11T23:49:01+00:00","og_image":[{"width":990,"height":350,"url":"https:\/\/shrimataji.org\/test\/wp-content\/uploads\/2018\/07\/media_originals\/images\/headers-general\/students-cheering-in-rajasthan-india.jpg","type":"image\/jpeg"}],"twitter_card":"summary_large_image","twitter_site":"@shrimataji","twitter_misc":{"Est. reading time":"3 minutes"},"schema":{"@context":"https:\/\/schema.org","@graph":[{"@type":"WebPage","@id":"https:\/\/shrimataji.org\/test\/es\/educacion-iluminada\/","url":"https:\/\/shrimataji.org\/test\/es\/educacion-iluminada\/","name":"Educaci\u00f3n Iluminada - TEST - SMND","isPartOf":{"@id":"https:\/\/shrimataji.org\/test\/#website"},"primaryImageOfPage":{"@id":"https:\/\/shrimataji.org\/test\/es\/educacion-iluminada\/#primaryimage"},"image":{"@id":"https:\/\/shrimataji.org\/test\/es\/educacion-iluminada\/#primaryimage"},"thumbnailUrl":"https:\/\/shrimataji.org\/test\/wp-content\/uploads\/2018\/07\/media_originals\/images\/headers-general\/students-cheering-in-rajasthan-india.jpg","datePublished":"2018-07-10T06:54:42+00:00","dateModified":"2026-03-11T23:49:01+00:00","breadcrumb":{"@id":"https:\/\/shrimataji.org\/test\/es\/educacion-iluminada\/#breadcrumb"},"inLanguage":"en-US","potentialAction":[{"@type":"ReadAction","target":["https:\/\/shrimataji.org\/test\/es\/educacion-iluminada\/"]}]},{"@type":"ImageObject","inLanguage":"en-US","@id":"https:\/\/shrimataji.org\/test\/es\/educacion-iluminada\/#primaryimage","url":"https:\/\/shrimataji.org\/test\/wp-content\/uploads\/2018\/07\/media_originals\/images\/headers-general\/students-cheering-in-rajasthan-india.jpg","contentUrl":"https:\/\/shrimataji.org\/test\/wp-content\/uploads\/2018\/07\/media_originals\/images\/headers-general\/students-cheering-in-rajasthan-india.jpg","width":990,"height":350},{"@type":"BreadcrumbList","@id":"https:\/\/shrimataji.org\/test\/es\/educacion-iluminada\/#breadcrumb","itemListElement":[{"@type":"ListItem","position":1,"name":"Home","item":"https:\/\/shrimataji.org\/test\/uk\/home-en\/"},{"@type":"ListItem","position":2,"name":"Educaci\u00f3n Iluminada"}]},{"@type":"WebSite","@id":"https:\/\/shrimataji.org\/test\/#website","url":"https:\/\/shrimataji.org\/test\/","name":"Shri Mataji Nirmala Devi","description":"A Life Dedicated to Humanity","publisher":{"@id":"https:\/\/shrimataji.org\/test\/#\/schema\/person\/a1b3419c6585f164aa96da1ff85715d1"},"potentialAction":[{"@type":"SearchAction","target":{"@type":"EntryPoint","urlTemplate":"https:\/\/shrimataji.org\/test\/?s={search_term_string}"},"query-input":{"@type":"PropertyValueSpecification","valueRequired":true,"valueName":"search_term_string"}}],"inLanguage":"en-US"},{"@type":["Person","Organization"],"@id":"https:\/\/shrimataji.org\/test\/#\/schema\/person\/a1b3419c6585f164aa96da1ff85715d1","name":"Nirmala Shrivastava","image":{"@type":"ImageObject","inLanguage":"en-US","@id":"https:\/\/shrimataji.org\/test\/wp-content\/uploads\/2023\/02\/SMO_LOGO-03.svg","url":"https:\/\/shrimataji.org\/test\/wp-content\/uploads\/2023\/02\/SMO_LOGO-03.svg","contentUrl":"https:\/\/shrimataji.org\/test\/wp-content\/uploads\/2023\/02\/SMO_LOGO-03.svg","width":"1024","height":"1024","caption":"Nirmala Shrivastava"},"logo":{"@id":"https:\/\/shrimataji.org\/test\/wp-content\/uploads\/2023\/02\/SMO_LOGO-03.svg"},"sameAs":["https:\/\/shrimataji.org\/test","https:\/\/www.facebook.com\/shrimataji","https:\/\/x.com\/shrimataji","https:\/\/www.youtube.com\/@Shri_Mataji_Nirmala_Devi\/featured"]}]}},"lang":"es","translations":{"es":10930,"ur":37415,"en":398,"am":17986,"th":19923,"hu":19461,"sq":18387,"zh":17284,"hi":8488,"tr":10150,"pt":10363,"de":10637,"fr":10735,"it":10833,"ja":11227,"ru":11415,"bn":11607,"te":11715,"sw":11838,"he":11986,"el":12277,"sk":12375,"fa":12473,"fi":12571,"bg":13472,"ro":14544,"cs":14737,"nl":16547,"ku":16707,"ar":16883,"be":18594,"kn":18868,"mr":20287,"uk":20579,"ml":20878,"ta":22702,"sv":22975,"gu":28823,"pa":28981,"fil":29421,"da":37729,"pl":37946,"nn":38281},"pll_sync_post":[],"_links":{"self":[{"href":"https:\/\/shrimataji.org\/test\/wp-json\/wp\/v2\/pages\/10930","targetHints":{"allow":["GET"]}}],"collection":[{"href":"https:\/\/shrimataji.org\/test\/wp-json\/wp\/v2\/pages"}],"about":[{"href":"https:\/\/shrimataji.org\/test\/wp-json\/wp\/v2\/types\/page"}],"author":[{"embeddable":true,"href":"https:\/\/shrimataji.org\/test\/wp-json\/wp\/v2\/users\/63"}],"replies":[{"embeddable":true,"href":"https:\/\/shrimataji.org\/test\/wp-json\/wp\/v2\/comments?post=10930"}],"version-history":[{"count":0,"href":"https:\/\/shrimataji.org\/test\/wp-json\/wp\/v2\/pages\/10930\/revisions"}],"wp:featuredmedia":[{"embeddable":true,"href":"https:\/\/shrimataji.org\/test\/wp-json\/wp\/v2\/media\/104"}],"wp:attachment":[{"href":"https:\/\/shrimataji.org\/test\/wp-json\/wp\/v2\/media?parent=10930"}],"curies":[{"name":"wp","href":"https:\/\/api.w.org\/{rel}","templated":true}]}}