{"id":10931,"date":"2018-07-10T06:54:54","date_gmt":"2018-07-10T06:54:54","guid":{"rendered":"http:\/\/testwordpress.nirmalnagari.org\/smnd\/index.php\/effortless-meditation\/"},"modified":"2026-03-11T23:50:12","modified_gmt":"2026-03-11T23:50:12","slug":"meditacion-sin-esfuerzo","status":"publish","type":"page","link":"https:\/\/shrimataji.org\/test\/es\/meditacion-sin-esfuerzo\/","title":{"rendered":"Meditaci\u00f3n Sin Esfuerzo"},"content":{"rendered":"\n\n\t<h1><b>Meditaci\u00f3n Sin Esfuerzo<\/b><\/h1>\n<h2>Extracto del consejo dado en Londres, el 1 de enero de 1980<\/h2>\n\t<p>Del mismo modo que vienen las vibraciones, se irradian. Lo que ten\u00e9is que hacer es exponeros a ellas. La mejor manera es no hacer ning\u00fan esfuerzo.<\/p>\n<p>No os preocup\u00e9is de en d\u00f3nde ten\u00e9is un problema. Simplemente no ten\u00e9is que preocuparos, s\u00f3lo d\u00e9jenlo ir y funcionar\u00e1 por s\u00ed solo. Por lo tanto, no ten\u00e9is que hacer ning\u00fan esfuerzo, eso es la meditaci\u00f3n.<\/p>\n<p>Meditar significa exponerse a la gracia de Dios. La gracia misma sabe c\u00f3mo curaros. Sabe c\u00f3mo reparar, c\u00f3mo establecerse en vuestro propio ser y c\u00f3mo mantener encendido vuestro esp\u00edritu. Lo sabe todo, por lo que no ten\u00e9is que preocuparos por lo que ten\u00e9is que hacer o qu\u00e9 nombre o mantra deb\u00e9is recitar. En la meditaci\u00f3n deb\u00e9is permanecer sin hacer ning\u00fan esfuerzo, completamente entregados y sin pensamientos.<\/p>\n<p>Si no pod\u00e9is estar sin pensamientos, entonces s\u00f3lo ten\u00e9is que intentar observarlos, pero sin involucrarse con ellos. Ver\u00e9is c\u00f3mo gradualmente, igual que cuando sale el sol, la oscuridad desaparece y los rayos del sol penetran en cada rinc\u00f3n e iluminan todo, del mismo modo, vuestro ser se iluminar\u00e1 completamente. Pero si pon\u00e9is alg\u00fan esfuerzo o intent\u00e1is detener algo dentro de vosotros, entonces no suceder\u00e1. La falta de esfuerzo es la \u00fanica forma de meditar, pero no deb\u00e9is ser let\u00e1rgicos al respecto. Deb\u00e9is estar alerta y observart.<\/p>\n<p>La otra posibilidad es que la gente se quede dormida. Ten\u00e9is que estar alerta. Si os dorm\u00eds no funcionar\u00e1 nada. Eso es otra posible reacci\u00f3n. Si lo hac\u00e9is con una actitud perezosa, nada funcionar\u00e1. Ten\u00e9is que estar alerta y abiertos, completamente conscientes, sin poner absolutamente ning\u00fan esfuerzo en ello. Si no hac\u00e9is ning\u00fan esfuerzo, la meditaci\u00f3n funcionar\u00e1 mejor.<\/p>\n\t<p><img loading=\"lazy\" decoding=\"async\" src=\"https:\/\/shrimataji.org\/test\/wp-content\/uploads\/2018\/07\/media_originals\/images\/meditation\/effortless-meditation-and-thoughtless-awareness.jpg\" alt=\"Effortless Meditation and Thoughtless Awareness\" width=\"406\" height=\"272\" align=\"left\" \/><\/p>\n\t<p>No pens\u00e9is en absoluto en vuestros problemas. Simplemente exponeros a las vibraciones. Cuando el sol brilla, toda la naturaleza se expone al sol y recibe las bendiciones del sol sin poner ning\u00fan esfuerzo, solo recibe el sol, los rayos del sol comienzan a actuar. De la misma manera, el poder omnipresente comienza a funcionar.<\/p>\n<p>No deb\u00e9is manipularlo. No deb\u00e9is hacer nada al respecto. Simplemente no hag\u00e1is ning\u00fan esfuerzo, absolutamente nada. El proceso funcionar\u00e1, seguir\u00e1 funcionando todo el tiempo que pueda y har\u00e1 el milagro que tiene que hacer. No ten\u00e9is que preocuparos por eso. Conoce su trabajo, pero cuando hac\u00e9is un esfuerzo, en realidad cre\u00e1is una barrera. Por lo tanto, no se necesita ning\u00fan esfuerzo. Estad absolutamente relajados y decid: &#8220;D\u00e9jalo ir, d\u00e9jalo ir&#8221;, eso es todo.<\/p>\n\n","protected":false},"excerpt":{"rendered":"<p>Meditaci\u00f3n Sin Esfuerzo Extracto del consejo dado en Londres, el 1 de enero de 1980 Del mismo modo que vienen las vibraciones, se irradian. Lo que ten\u00e9is que hacer es exponeros a ellas. La mejor manera es no hacer ning\u00fan esfuerzo. No os preocup\u00e9is de en d\u00f3nde ten\u00e9is un problema. Simplemente no ten\u00e9is que preocuparos,&hellip; <br \/> <a class=\"read-more\" href=\"https:\/\/shrimataji.org\/test\/es\/meditacion-sin-esfuerzo\/\">Read more<\/a><\/p>\n","protected":false},"author":63,"featured_media":147,"parent":0,"menu_order":0,"comment_status":"closed","ping_status":"closed","template":"","meta":{"inline_featured_image":false,"footnotes":""},"class_list":["post-10931","page","type-page","status-publish","has-post-thumbnail","hentry"],"yoast_head":"<!-- This site is optimized with the Yoast SEO plugin v27.4 - https:\/\/yoast.com\/product\/yoast-seo-wordpress\/ -->\n<title>Meditaci\u00f3n Sin Esfuerzo - TEST - SMND<\/title>\n<meta name=\"robots\" content=\"noindex, follow, max-snippet:-1, max-image-preview:large, max-video-preview:-1\" \/>\n<meta property=\"og:locale\" content=\"en_US\" \/>\n<meta property=\"og:type\" content=\"article\" \/>\n<meta property=\"og:title\" content=\"Meditaci\u00f3n Sin Esfuerzo - TEST - SMND\" \/>\n<meta property=\"og:description\" content=\"Meditaci\u00f3n Sin Esfuerzo Extracto del consejo dado en Londres, el 1 de enero de 1980 Del mismo modo que vienen las vibraciones, se irradian. Lo que ten\u00e9is que hacer es exponeros a ellas. La mejor manera es no hacer ning\u00fan esfuerzo. No os preocup\u00e9is de en d\u00f3nde ten\u00e9is un problema. Simplemente no ten\u00e9is que preocuparos,&hellip; Read more\" \/>\n<meta property=\"og:url\" content=\"https:\/\/shrimataji.org\/test\/es\/meditacion-sin-esfuerzo\/\" \/>\n<meta property=\"og:site_name\" content=\"TEST - SMND\" \/>\n<meta property=\"article:publisher\" content=\"https:\/\/www.facebook.com\/shrimataji\" \/>\n<meta property=\"article:modified_time\" content=\"2026-03-11T23:50:12+00:00\" \/>\n<meta property=\"og:image\" content=\"https:\/\/shrimataji.org\/test\/wp-content\/uploads\/2018\/07\/media_originals\/images\/headers-general\/effortless-sahaja-yoga-meditation.jpg\" \/>\n\t<meta property=\"og:image:width\" content=\"990\" \/>\n\t<meta property=\"og:image:height\" content=\"350\" \/>\n\t<meta property=\"og:image:type\" content=\"image\/jpeg\" \/>\n<meta name=\"twitter:card\" content=\"summary_large_image\" \/>\n<meta name=\"twitter:site\" content=\"@shrimataji\" \/>\n<meta name=\"twitter:label1\" content=\"Est. reading time\" \/>\n\t<meta name=\"twitter:data1\" content=\"3 minutes\" \/>\n<script type=\"application\/ld+json\" class=\"yoast-schema-graph\">{\"@context\":\"https:\\\/\\\/schema.org\",\"@graph\":[{\"@type\":\"WebPage\",\"@id\":\"https:\\\/\\\/shrimataji.org\\\/test\\\/es\\\/meditacion-sin-esfuerzo\\\/\",\"url\":\"https:\\\/\\\/shrimataji.org\\\/test\\\/es\\\/meditacion-sin-esfuerzo\\\/\",\"name\":\"Meditaci\u00f3n Sin Esfuerzo - TEST - SMND\",\"isPartOf\":{\"@id\":\"https:\\\/\\\/shrimataji.org\\\/test\\\/#website\"},\"primaryImageOfPage\":{\"@id\":\"https:\\\/\\\/shrimataji.org\\\/test\\\/es\\\/meditacion-sin-esfuerzo\\\/#primaryimage\"},\"image\":{\"@id\":\"https:\\\/\\\/shrimataji.org\\\/test\\\/es\\\/meditacion-sin-esfuerzo\\\/#primaryimage\"},\"thumbnailUrl\":\"https:\\\/\\\/shrimataji.org\\\/test\\\/wp-content\\\/uploads\\\/2018\\\/07\\\/media_originals\\\/images\\\/headers-general\\\/effortless-sahaja-yoga-meditation.jpg\",\"datePublished\":\"2018-07-10T06:54:54+00:00\",\"dateModified\":\"2026-03-11T23:50:12+00:00\",\"breadcrumb\":{\"@id\":\"https:\\\/\\\/shrimataji.org\\\/test\\\/es\\\/meditacion-sin-esfuerzo\\\/#breadcrumb\"},\"inLanguage\":\"en-US\",\"potentialAction\":[{\"@type\":\"ReadAction\",\"target\":[\"https:\\\/\\\/shrimataji.org\\\/test\\\/es\\\/meditacion-sin-esfuerzo\\\/\"]}]},{\"@type\":\"ImageObject\",\"inLanguage\":\"en-US\",\"@id\":\"https:\\\/\\\/shrimataji.org\\\/test\\\/es\\\/meditacion-sin-esfuerzo\\\/#primaryimage\",\"url\":\"https:\\\/\\\/shrimataji.org\\\/test\\\/wp-content\\\/uploads\\\/2018\\\/07\\\/media_originals\\\/images\\\/headers-general\\\/effortless-sahaja-yoga-meditation.jpg\",\"contentUrl\":\"https:\\\/\\\/shrimataji.org\\\/test\\\/wp-content\\\/uploads\\\/2018\\\/07\\\/media_originals\\\/images\\\/headers-general\\\/effortless-sahaja-yoga-meditation.jpg\",\"width\":990,\"height\":350},{\"@type\":\"BreadcrumbList\",\"@id\":\"https:\\\/\\\/shrimataji.org\\\/test\\\/es\\\/meditacion-sin-esfuerzo\\\/#breadcrumb\",\"itemListElement\":[{\"@type\":\"ListItem\",\"position\":1,\"name\":\"Home\",\"item\":\"https:\\\/\\\/shrimataji.org\\\/test\\\/uk\\\/home-en\\\/\"},{\"@type\":\"ListItem\",\"position\":2,\"name\":\"Meditaci\u00f3n Sin Esfuerzo\"}]},{\"@type\":\"WebSite\",\"@id\":\"https:\\\/\\\/shrimataji.org\\\/test\\\/#website\",\"url\":\"https:\\\/\\\/shrimataji.org\\\/test\\\/\",\"name\":\"Shri Mataji Nirmala Devi\",\"description\":\"A Life Dedicated to Humanity\",\"publisher\":{\"@id\":\"https:\\\/\\\/shrimataji.org\\\/test\\\/#\\\/schema\\\/person\\\/a1b3419c6585f164aa96da1ff85715d1\"},\"potentialAction\":[{\"@type\":\"SearchAction\",\"target\":{\"@type\":\"EntryPoint\",\"urlTemplate\":\"https:\\\/\\\/shrimataji.org\\\/test\\\/?s={search_term_string}\"},\"query-input\":{\"@type\":\"PropertyValueSpecification\",\"valueRequired\":true,\"valueName\":\"search_term_string\"}}],\"inLanguage\":\"en-US\"},{\"@type\":[\"Person\",\"Organization\"],\"@id\":\"https:\\\/\\\/shrimataji.org\\\/test\\\/#\\\/schema\\\/person\\\/a1b3419c6585f164aa96da1ff85715d1\",\"name\":\"Nirmala Shrivastava\",\"image\":{\"@type\":\"ImageObject\",\"inLanguage\":\"en-US\",\"@id\":\"https:\\\/\\\/shrimataji.org\\\/test\\\/wp-content\\\/uploads\\\/2023\\\/02\\\/SMO_LOGO-03.svg\",\"url\":\"https:\\\/\\\/shrimataji.org\\\/test\\\/wp-content\\\/uploads\\\/2023\\\/02\\\/SMO_LOGO-03.svg\",\"contentUrl\":\"https:\\\/\\\/shrimataji.org\\\/test\\\/wp-content\\\/uploads\\\/2023\\\/02\\\/SMO_LOGO-03.svg\",\"width\":\"1024\",\"height\":\"1024\",\"caption\":\"Nirmala Shrivastava\"},\"logo\":{\"@id\":\"https:\\\/\\\/shrimataji.org\\\/test\\\/wp-content\\\/uploads\\\/2023\\\/02\\\/SMO_LOGO-03.svg\"},\"sameAs\":[\"https:\\\/\\\/shrimataji.org\\\/test\",\"https:\\\/\\\/www.facebook.com\\\/shrimataji\",\"https:\\\/\\\/x.com\\\/shrimataji\",\"https:\\\/\\\/www.youtube.com\\\/@Shri_Mataji_Nirmala_Devi\\\/featured\"]}]}<\/script>\n<!-- \/ Yoast SEO plugin. -->","yoast_head_json":{"title":"Meditaci\u00f3n Sin Esfuerzo - TEST - SMND","robots":{"index":"noindex","follow":"follow","max-snippet":"max-snippet:-1","max-image-preview":"max-image-preview:large","max-video-preview":"max-video-preview:-1"},"og_locale":"en_US","og_type":"article","og_title":"Meditaci\u00f3n Sin Esfuerzo - TEST - SMND","og_description":"Meditaci\u00f3n Sin Esfuerzo Extracto del consejo dado en Londres, el 1 de enero de 1980 Del mismo modo que vienen las vibraciones, se irradian. Lo que ten\u00e9is que hacer es exponeros a ellas. La mejor manera es no hacer ning\u00fan esfuerzo. No os preocup\u00e9is de en d\u00f3nde ten\u00e9is un problema. Simplemente no ten\u00e9is que preocuparos,&hellip; Read more","og_url":"https:\/\/shrimataji.org\/test\/es\/meditacion-sin-esfuerzo\/","og_site_name":"TEST - SMND","article_publisher":"https:\/\/www.facebook.com\/shrimataji","article_modified_time":"2026-03-11T23:50:12+00:00","og_image":[{"width":990,"height":350,"url":"https:\/\/shrimataji.org\/test\/wp-content\/uploads\/2018\/07\/media_originals\/images\/headers-general\/effortless-sahaja-yoga-meditation.jpg","type":"image\/jpeg"}],"twitter_card":"summary_large_image","twitter_site":"@shrimataji","twitter_misc":{"Est. reading time":"3 minutes"},"schema":{"@context":"https:\/\/schema.org","@graph":[{"@type":"WebPage","@id":"https:\/\/shrimataji.org\/test\/es\/meditacion-sin-esfuerzo\/","url":"https:\/\/shrimataji.org\/test\/es\/meditacion-sin-esfuerzo\/","name":"Meditaci\u00f3n Sin Esfuerzo - TEST - SMND","isPartOf":{"@id":"https:\/\/shrimataji.org\/test\/#website"},"primaryImageOfPage":{"@id":"https:\/\/shrimataji.org\/test\/es\/meditacion-sin-esfuerzo\/#primaryimage"},"image":{"@id":"https:\/\/shrimataji.org\/test\/es\/meditacion-sin-esfuerzo\/#primaryimage"},"thumbnailUrl":"https:\/\/shrimataji.org\/test\/wp-content\/uploads\/2018\/07\/media_originals\/images\/headers-general\/effortless-sahaja-yoga-meditation.jpg","datePublished":"2018-07-10T06:54:54+00:00","dateModified":"2026-03-11T23:50:12+00:00","breadcrumb":{"@id":"https:\/\/shrimataji.org\/test\/es\/meditacion-sin-esfuerzo\/#breadcrumb"},"inLanguage":"en-US","potentialAction":[{"@type":"ReadAction","target":["https:\/\/shrimataji.org\/test\/es\/meditacion-sin-esfuerzo\/"]}]},{"@type":"ImageObject","inLanguage":"en-US","@id":"https:\/\/shrimataji.org\/test\/es\/meditacion-sin-esfuerzo\/#primaryimage","url":"https:\/\/shrimataji.org\/test\/wp-content\/uploads\/2018\/07\/media_originals\/images\/headers-general\/effortless-sahaja-yoga-meditation.jpg","contentUrl":"https:\/\/shrimataji.org\/test\/wp-content\/uploads\/2018\/07\/media_originals\/images\/headers-general\/effortless-sahaja-yoga-meditation.jpg","width":990,"height":350},{"@type":"BreadcrumbList","@id":"https:\/\/shrimataji.org\/test\/es\/meditacion-sin-esfuerzo\/#breadcrumb","itemListElement":[{"@type":"ListItem","position":1,"name":"Home","item":"https:\/\/shrimataji.org\/test\/uk\/home-en\/"},{"@type":"ListItem","position":2,"name":"Meditaci\u00f3n Sin Esfuerzo"}]},{"@type":"WebSite","@id":"https:\/\/shrimataji.org\/test\/#website","url":"https:\/\/shrimataji.org\/test\/","name":"Shri Mataji Nirmala Devi","description":"A Life Dedicated to Humanity","publisher":{"@id":"https:\/\/shrimataji.org\/test\/#\/schema\/person\/a1b3419c6585f164aa96da1ff85715d1"},"potentialAction":[{"@type":"SearchAction","target":{"@type":"EntryPoint","urlTemplate":"https:\/\/shrimataji.org\/test\/?s={search_term_string}"},"query-input":{"@type":"PropertyValueSpecification","valueRequired":true,"valueName":"search_term_string"}}],"inLanguage":"en-US"},{"@type":["Person","Organization"],"@id":"https:\/\/shrimataji.org\/test\/#\/schema\/person\/a1b3419c6585f164aa96da1ff85715d1","name":"Nirmala Shrivastava","image":{"@type":"ImageObject","inLanguage":"en-US","@id":"https:\/\/shrimataji.org\/test\/wp-content\/uploads\/2023\/02\/SMO_LOGO-03.svg","url":"https:\/\/shrimataji.org\/test\/wp-content\/uploads\/2023\/02\/SMO_LOGO-03.svg","contentUrl":"https:\/\/shrimataji.org\/test\/wp-content\/uploads\/2023\/02\/SMO_LOGO-03.svg","width":"1024","height":"1024","caption":"Nirmala Shrivastava"},"logo":{"@id":"https:\/\/shrimataji.org\/test\/wp-content\/uploads\/2023\/02\/SMO_LOGO-03.svg"},"sameAs":["https:\/\/shrimataji.org\/test","https:\/\/www.facebook.com\/shrimataji","https:\/\/x.com\/shrimataji","https:\/\/www.youtube.com\/@Shri_Mataji_Nirmala_Devi\/featured"]}]}},"lang":"es","translations":{"es":10931,"ur":37417,"en":451,"am":17988,"th":19926,"hu":19463,"sq":18389,"zh":17286,"tr":10151,"pt":10364,"de":10638,"fr":10736,"it":10834,"ja":11228,"ru":11416,"bn":11608,"te":11716,"sw":11839,"he":11987,"el":12278,"sk":12376,"fa":12474,"fi":12572,"bg":13433,"ro":14507,"cs":14700,"nl":16549,"ku":16709,"ar":16885,"be":18596,"kn":18870,"mr":20290,"uk":20582,"ml":20881,"ta":22704,"sv":22977,"gu":28825,"pa":28983,"fil":29423,"da":37731,"pl":37948,"nn":38283},"pll_sync_post":[],"_links":{"self":[{"href":"https:\/\/shrimataji.org\/test\/wp-json\/wp\/v2\/pages\/10931","targetHints":{"allow":["GET"]}}],"collection":[{"href":"https:\/\/shrimataji.org\/test\/wp-json\/wp\/v2\/pages"}],"about":[{"href":"https:\/\/shrimataji.org\/test\/wp-json\/wp\/v2\/types\/page"}],"author":[{"embeddable":true,"href":"https:\/\/shrimataji.org\/test\/wp-json\/wp\/v2\/users\/63"}],"replies":[{"embeddable":true,"href":"https:\/\/shrimataji.org\/test\/wp-json\/wp\/v2\/comments?post=10931"}],"version-history":[{"count":0,"href":"https:\/\/shrimataji.org\/test\/wp-json\/wp\/v2\/pages\/10931\/revisions"}],"wp:featuredmedia":[{"embeddable":true,"href":"https:\/\/shrimataji.org\/test\/wp-json\/wp\/v2\/media\/147"}],"wp:attachment":[{"href":"https:\/\/shrimataji.org\/test\/wp-json\/wp\/v2\/media?parent=10931"}],"curies":[{"name":"wp","href":"https:\/\/api.w.org\/{rel}","templated":true}]}}