{"id":10943,"date":"2018-07-10T06:54:50","date_gmt":"2018-07-10T06:54:50","guid":{"rendered":"http:\/\/testwordpress.nirmalnagari.org\/smnd\/index.php\/glossary\/"},"modified":"2026-03-11T23:49:02","modified_gmt":"2026-03-11T23:49:02","slug":"glosario","status":"publish","type":"page","link":"https:\/\/shrimataji.org\/test\/es\/glosario\/","title":{"rendered":"Glosario"},"content":{"rendered":"\n\n\t<h1>Glosario<\/h1>\n\t<p><a href=\"#Dharma\">Dharma<\/a><\/p>\n<p><a href=\"#Kundalini\">Kundalini<\/a><\/p>\n<p><a href=\"#SahajaYoga\"> Sahaja Yoga<\/a><\/p>\n<p><a href=\"#SahajaYogaMeditation\">Sahaja Yoga Meditation<\/a><\/p>\n<p><a href=\"#Sahasrara\">Sahasrara<\/a><\/p>\n<p><a href=\"#Self\">Self<\/a><\/p>\n<p><a href=\"#Self-Realization\"> Self-Realization<\/a><\/p>\n<p><a href=\"#Spirit\">Spirit<\/a><\/p>\n<p><a href=\"#SubtleSystem\"> Subtle System<\/a><\/p>\n<p><a href=\"#ThoughtlessAwareness\"> Thoughtless Awareness<\/a><\/p>\n<p><a href=\"#Vibrations\">Vibrations<\/a><\/p>\n<p><a href=\"#Yoga\">Yoga<\/a><\/p>\n\t<p><strong>Dharma<\/strong><\/p>\n<p>El c\u00f3digo de la conducta correcta y de la rectitud como factor substancial y equilibrante de la ecolog\u00eda y la evoluci\u00f3n.<\/p>\n<p><a name=\"Kundalini\"><\/a><\/p>\n<p><strong>Kundalini<\/strong><\/p>\n<p>La energ\u00eda latente que yace enrollada en el hueso sacro, en la base de la columna vertebral. Cuando es despertada, esta energ\u00eda benevolente nutre y pasa a trav\u00e9s de los plexos nerviosos del cuerpo (chakras) y sale por la parte superior de la cabeza en el \u00e1rea de la fontanela. Uno puede sentir esta energ\u00eda como una brisa fresca sobre la cabeza, as\u00ed como en las palmas de las manos.<\/p>\n<p><a name=\"SahajaYoga\"><\/a><\/p>\n<p><strong>Sahaja Yoga<\/strong><\/p>\n<p>Sahaja significa (en s\u00e1nscrito) &#8220;nacido contigo&#8221; &#8211; saha es &#8220;con&#8221;, ja es &#8220;nacido&#8221;. Shri Mataji explica: &#8220;Sahaja tambi\u00e9n significa &#8216;espont\u00e1neo&#8217;, porque este es el poder vivo que lo hace funcionar. Hay un poder vivo dentro de nosotros que nos ha convertido en seres humanos desde la etapa de la ameba. Y ahora hay otro poder residual que tiene que conectarnos con lo Divino. Este es el verdadero significado de la palabra Yoga. Y todo ser humano tiene derecho a unirse a ese poder omnipresente. Entonces, este es el \u00faltimo avance de nuestra evoluci\u00f3n&#8221;.<\/p>\n<p><a name=\"SahajaYogaMeditation\"><\/a><\/p>\n<p><strong>Sahaja Yoga Meditation (Meditaci\u00f3n Sahaja Yoga)<\/strong><\/p>\n<p>Es la t\u00e9cnica que sustenta la experiencia de &#8220;Autorrealizaci\u00f3n&#8221; o &#8220;Realizaci\u00f3n del Ser&#8221; (el despertar de la Kundalini). A trav\u00e9s de la meditaci\u00f3n Sahaja Yoga, uno se puede conectar con el propio y verdadero Ser, as\u00ed como alcanzar un estado de conciencia sin pensamientos, siendo ambos casos la actualizaci\u00f3n del &#8216;yoga&#8217; o &#8216;uni\u00f3n&#8217;. Mediante la pr\u00e1ctica regular, uno puede establecer el estado de conciencia sin pensamientos y lograr el crecimiento espiritual<\/p>\n<p><a name=\"Sahasrara\"><\/a><\/p>\n<p><strong>Sahasrara<\/strong><\/p>\n<p>The seventh energy centre located on the fontanelle, on top of the head. It is through this point that the Kundalini energy passes bringing about the state of thoughtless awareness.<\/p>\n<p><a name=\"Self\"><\/a><\/p>\n<p><strong>Self<\/strong><\/p>\n<p>En la tradici\u00f3n de la espiritualidad, se dice que en ti reside el poder de lograr tu Autorrealizaci\u00f3n, de llegar a tu Ser. Shri Mataji explica que la verdad es que no somos este cuerpo, no somos esta mente, no somos este ego, no somos estos condicionamientos. El Ser es el esp\u00edritu puro dentro de cada uno de nosotros. Es el Ser el que emite. Es el Ser quien da la gloria. Es el Ser el que da todas las bendiciones de amor puro, seguridad y ayuda que cada persona merece.<\/p>\n<p><a name=\"Self-Realization\"><\/a><\/p>\n<p><strong>Self-Realization (Realizaci\u00f3n del Ser)<\/strong><\/p>\n<p>Uni\u00f3n actualizada de la conciencia individual con la conciencia pura y directa de la naturaleza del Ser y de lo Divino. No es el punto final de la evoluci\u00f3n espiritual, sino m\u00e1s bien un verdadero principio. La Realizaci\u00f3n del Ser abre la ruta para el desarrollo al eliminar toda identificaci\u00f3n con la falsedad, permitiendo que la Kundalini fluya libremente, estableciendo una verdadera conexi\u00f3n con el poder divino, despertando as\u00ed todos los poderes innatos de autocorrecci\u00f3n dentro del interior de cada individuo.<\/p>\n<p><a name=\"Spirit\"><\/a><\/p>\n<p><strong>Spirit (Esp\u00edritu)<\/strong><\/p>\n<p>La parte Divina dentro de todos, del Ser verdadero o puro. Despu\u00e9s de la Autorrealizaci\u00f3n o Realizaci\u00f3n del Ser, el Esp\u00edritu puede ser percibido y sentido en el interior de nuestra atenci\u00f3n.<\/p>\n<p><a name=\"SubtleSystem\"><\/a><\/p>\n<p><strong>Subtle System (Sistema sutil)<\/strong><\/p>\n<p>El Sistema Sutil es la red que conecta nuestros Centros de Energ\u00eda y canales a trav\u00e9s de los cuales la energ\u00eda fluye en su interior. La meditaci\u00f3n de Sahaja Yoga te ayuda a aprender a sentir, comprender y finalmente utilizar el Sistema Sutil para mejorar la salud, el equilibrio y el bienestar. Todo este proceso comienza al despertar la Energ\u00eda Interna, conocida como Kundalini.<\/p>\n<p><a name=\"ThoughtlessAwareness\"><\/a><\/p>\n<p><strong>Thoughtless Awareness (Consciencia sin pensamientos)<\/strong><\/p>\n<p>Un estado de mayor conciencia cuando la mente est\u00e1 relajada, pero se mantiene alerta. La actividad mental no deseada cesa, permitiendo que la atenci\u00f3n se enfoque en el momento presente. El estr\u00e9s y fatiga con mayor frecuencia derivan de pensar en el pasado o el futuro. Cuando los pensamientos se calman, se activa naturalmente el poder curativo del sistema nervioso, restaurando la energ\u00eda, el equilibrio y la salud.<\/p>\n<p><a name=\"Vibrations\"><\/a><\/p>\n<p><strong>Vibrations (Vibraciones)<\/strong><\/p>\n<p>Todos los seres vivos somos una combinaci\u00f3n de part\u00edculas y ondas que emiten alguna forma de vibraci\u00f3n, ya sea \u00e9sta positiva o negativa. Las vibraciones positivas son buenas y nutritivas. Despu\u00e9s de la Realizaci\u00f3n del Ser, se pueden sentir vibraciones positivas en el sistema nervioso central como una brisa fresca en las palmas de las manos y por encima del \u00e1rea del hueso fontanela. &#8220;Estas vibraciones no son otra cosa que amor Divino&#8221; -Shri Mataji. Shri Mataji<a name=\"Yoga\"><\/a><\/p>\n<p><strong>Yoga<\/strong><\/p>\n<p>Contrariamente a la creencia popular, el yoga no designa una serie de ejercicios o posturas, sino que en realidad significa &#8220;unirse&#8221;. Una referencia temprana al Yoga se puede encontrar en los Yoga Sutras de Patanjali, una compilaci\u00f3n de aforismos del siglo II a. C. en la India.<\/p>\n\n","protected":false},"excerpt":{"rendered":"<p>Glosario Dharma Kundalini Sahaja Yoga Sahaja Yoga Meditation Sahasrara Self Self-Realization Spirit Subtle System Thoughtless Awareness Vibrations Yoga Dharma El c\u00f3digo de la conducta correcta y de la rectitud como factor substancial y equilibrante de la ecolog\u00eda y la evoluci\u00f3n. Kundalini La energ\u00eda latente que yace enrollada en el hueso sacro, en la base de&hellip; <br \/> <a class=\"read-more\" href=\"https:\/\/shrimataji.org\/test\/es\/glosario\/\">Read more<\/a><\/p>\n","protected":false},"author":63,"featured_media":9552,"parent":0,"menu_order":0,"comment_status":"closed","ping_status":"closed","template":"","meta":{"inline_featured_image":false,"footnotes":""},"class_list":["post-10943","page","type-page","status-publish","has-post-thumbnail","hentry"],"yoast_head":"<!-- This site is optimized with the Yoast SEO plugin v27.4 - https:\/\/yoast.com\/product\/yoast-seo-wordpress\/ -->\n<title>Glosario - TEST - SMND<\/title>\n<meta name=\"robots\" content=\"noindex, follow, max-snippet:-1, max-image-preview:large, max-video-preview:-1\" \/>\n<meta property=\"og:locale\" content=\"en_US\" \/>\n<meta property=\"og:type\" content=\"article\" \/>\n<meta property=\"og:title\" content=\"Glosario - TEST - SMND\" \/>\n<meta property=\"og:description\" content=\"Glosario Dharma Kundalini Sahaja Yoga Sahaja Yoga Meditation Sahasrara Self Self-Realization Spirit Subtle System Thoughtless Awareness Vibrations Yoga Dharma El c\u00f3digo de la conducta correcta y de la rectitud como factor substancial y equilibrante de la ecolog\u00eda y la evoluci\u00f3n. Kundalini La energ\u00eda latente que yace enrollada en el hueso sacro, en la base de&hellip; Read more\" \/>\n<meta property=\"og:url\" content=\"https:\/\/shrimataji.org\/test\/es\/glosario\/\" \/>\n<meta property=\"og:site_name\" content=\"TEST - SMND\" \/>\n<meta property=\"article:publisher\" content=\"https:\/\/www.facebook.com\/shrimataji\" \/>\n<meta property=\"article:modified_time\" content=\"2026-03-11T23:49:02+00:00\" \/>\n<meta property=\"og:image\" content=\"https:\/\/shrimataji.org\/test\/wp-content\/uploads\/2023\/03\/Banner-Footer-Castle-1-scaled.jpg\" \/>\n\t<meta property=\"og:image:width\" content=\"2560\" \/>\n\t<meta property=\"og:image:height\" content=\"905\" \/>\n\t<meta property=\"og:image:type\" content=\"image\/jpeg\" \/>\n<meta name=\"twitter:card\" content=\"summary_large_image\" \/>\n<meta name=\"twitter:site\" content=\"@shrimataji\" \/>\n<meta name=\"twitter:label1\" content=\"Est. reading time\" \/>\n\t<meta name=\"twitter:data1\" content=\"4 minutes\" \/>\n<script type=\"application\/ld+json\" class=\"yoast-schema-graph\">{\"@context\":\"https:\\\/\\\/schema.org\",\"@graph\":[{\"@type\":\"WebPage\",\"@id\":\"https:\\\/\\\/shrimataji.org\\\/test\\\/es\\\/glosario\\\/\",\"url\":\"https:\\\/\\\/shrimataji.org\\\/test\\\/es\\\/glosario\\\/\",\"name\":\"Glosario - TEST - SMND\",\"isPartOf\":{\"@id\":\"https:\\\/\\\/shrimataji.org\\\/test\\\/#website\"},\"primaryImageOfPage\":{\"@id\":\"https:\\\/\\\/shrimataji.org\\\/test\\\/es\\\/glosario\\\/#primaryimage\"},\"image\":{\"@id\":\"https:\\\/\\\/shrimataji.org\\\/test\\\/es\\\/glosario\\\/#primaryimage\"},\"thumbnailUrl\":\"https:\\\/\\\/shrimataji.org\\\/test\\\/wp-content\\\/uploads\\\/2023\\\/03\\\/Banner-Footer-Castle-1-scaled.jpg\",\"datePublished\":\"2018-07-10T06:54:50+00:00\",\"dateModified\":\"2026-03-11T23:49:02+00:00\",\"breadcrumb\":{\"@id\":\"https:\\\/\\\/shrimataji.org\\\/test\\\/es\\\/glosario\\\/#breadcrumb\"},\"inLanguage\":\"en-US\",\"potentialAction\":[{\"@type\":\"ReadAction\",\"target\":[\"https:\\\/\\\/shrimataji.org\\\/test\\\/es\\\/glosario\\\/\"]}]},{\"@type\":\"ImageObject\",\"inLanguage\":\"en-US\",\"@id\":\"https:\\\/\\\/shrimataji.org\\\/test\\\/es\\\/glosario\\\/#primaryimage\",\"url\":\"https:\\\/\\\/shrimataji.org\\\/test\\\/wp-content\\\/uploads\\\/2023\\\/03\\\/Banner-Footer-Castle-1-scaled.jpg\",\"contentUrl\":\"https:\\\/\\\/shrimataji.org\\\/test\\\/wp-content\\\/uploads\\\/2023\\\/03\\\/Banner-Footer-Castle-1-scaled.jpg\",\"width\":2560,\"height\":905},{\"@type\":\"BreadcrumbList\",\"@id\":\"https:\\\/\\\/shrimataji.org\\\/test\\\/es\\\/glosario\\\/#breadcrumb\",\"itemListElement\":[{\"@type\":\"ListItem\",\"position\":1,\"name\":\"Home\",\"item\":\"https:\\\/\\\/shrimataji.org\\\/test\\\/uk\\\/home-en\\\/\"},{\"@type\":\"ListItem\",\"position\":2,\"name\":\"Glosario\"}]},{\"@type\":\"WebSite\",\"@id\":\"https:\\\/\\\/shrimataji.org\\\/test\\\/#website\",\"url\":\"https:\\\/\\\/shrimataji.org\\\/test\\\/\",\"name\":\"Shri Mataji Nirmala Devi\",\"description\":\"A Life Dedicated to Humanity\",\"publisher\":{\"@id\":\"https:\\\/\\\/shrimataji.org\\\/test\\\/#\\\/schema\\\/person\\\/a1b3419c6585f164aa96da1ff85715d1\"},\"potentialAction\":[{\"@type\":\"SearchAction\",\"target\":{\"@type\":\"EntryPoint\",\"urlTemplate\":\"https:\\\/\\\/shrimataji.org\\\/test\\\/?s={search_term_string}\"},\"query-input\":{\"@type\":\"PropertyValueSpecification\",\"valueRequired\":true,\"valueName\":\"search_term_string\"}}],\"inLanguage\":\"en-US\"},{\"@type\":[\"Person\",\"Organization\"],\"@id\":\"https:\\\/\\\/shrimataji.org\\\/test\\\/#\\\/schema\\\/person\\\/a1b3419c6585f164aa96da1ff85715d1\",\"name\":\"Nirmala Shrivastava\",\"image\":{\"@type\":\"ImageObject\",\"inLanguage\":\"en-US\",\"@id\":\"https:\\\/\\\/shrimataji.org\\\/test\\\/wp-content\\\/uploads\\\/2023\\\/02\\\/SMO_LOGO-03.svg\",\"url\":\"https:\\\/\\\/shrimataji.org\\\/test\\\/wp-content\\\/uploads\\\/2023\\\/02\\\/SMO_LOGO-03.svg\",\"contentUrl\":\"https:\\\/\\\/shrimataji.org\\\/test\\\/wp-content\\\/uploads\\\/2023\\\/02\\\/SMO_LOGO-03.svg\",\"width\":\"1024\",\"height\":\"1024\",\"caption\":\"Nirmala Shrivastava\"},\"logo\":{\"@id\":\"https:\\\/\\\/shrimataji.org\\\/test\\\/wp-content\\\/uploads\\\/2023\\\/02\\\/SMO_LOGO-03.svg\"},\"sameAs\":[\"https:\\\/\\\/shrimataji.org\\\/test\",\"https:\\\/\\\/www.facebook.com\\\/shrimataji\",\"https:\\\/\\\/x.com\\\/shrimataji\",\"https:\\\/\\\/www.youtube.com\\\/@Shri_Mataji_Nirmala_Devi\\\/featured\"]}]}<\/script>\n<!-- \/ Yoast SEO plugin. -->","yoast_head_json":{"title":"Glosario - TEST - SMND","robots":{"index":"noindex","follow":"follow","max-snippet":"max-snippet:-1","max-image-preview":"max-image-preview:large","max-video-preview":"max-video-preview:-1"},"og_locale":"en_US","og_type":"article","og_title":"Glosario - TEST - SMND","og_description":"Glosario Dharma Kundalini Sahaja Yoga Sahaja Yoga Meditation Sahasrara Self Self-Realization Spirit Subtle System Thoughtless Awareness Vibrations Yoga Dharma El c\u00f3digo de la conducta correcta y de la rectitud como factor substancial y equilibrante de la ecolog\u00eda y la evoluci\u00f3n. Kundalini La energ\u00eda latente que yace enrollada en el hueso sacro, en la base de&hellip; Read more","og_url":"https:\/\/shrimataji.org\/test\/es\/glosario\/","og_site_name":"TEST - SMND","article_publisher":"https:\/\/www.facebook.com\/shrimataji","article_modified_time":"2026-03-11T23:49:02+00:00","og_image":[{"width":2560,"height":905,"url":"https:\/\/shrimataji.org\/test\/wp-content\/uploads\/2023\/03\/Banner-Footer-Castle-1-scaled.jpg","type":"image\/jpeg"}],"twitter_card":"summary_large_image","twitter_site":"@shrimataji","twitter_misc":{"Est. reading time":"4 minutes"},"schema":{"@context":"https:\/\/schema.org","@graph":[{"@type":"WebPage","@id":"https:\/\/shrimataji.org\/test\/es\/glosario\/","url":"https:\/\/shrimataji.org\/test\/es\/glosario\/","name":"Glosario - TEST - SMND","isPartOf":{"@id":"https:\/\/shrimataji.org\/test\/#website"},"primaryImageOfPage":{"@id":"https:\/\/shrimataji.org\/test\/es\/glosario\/#primaryimage"},"image":{"@id":"https:\/\/shrimataji.org\/test\/es\/glosario\/#primaryimage"},"thumbnailUrl":"https:\/\/shrimataji.org\/test\/wp-content\/uploads\/2023\/03\/Banner-Footer-Castle-1-scaled.jpg","datePublished":"2018-07-10T06:54:50+00:00","dateModified":"2026-03-11T23:49:02+00:00","breadcrumb":{"@id":"https:\/\/shrimataji.org\/test\/es\/glosario\/#breadcrumb"},"inLanguage":"en-US","potentialAction":[{"@type":"ReadAction","target":["https:\/\/shrimataji.org\/test\/es\/glosario\/"]}]},{"@type":"ImageObject","inLanguage":"en-US","@id":"https:\/\/shrimataji.org\/test\/es\/glosario\/#primaryimage","url":"https:\/\/shrimataji.org\/test\/wp-content\/uploads\/2023\/03\/Banner-Footer-Castle-1-scaled.jpg","contentUrl":"https:\/\/shrimataji.org\/test\/wp-content\/uploads\/2023\/03\/Banner-Footer-Castle-1-scaled.jpg","width":2560,"height":905},{"@type":"BreadcrumbList","@id":"https:\/\/shrimataji.org\/test\/es\/glosario\/#breadcrumb","itemListElement":[{"@type":"ListItem","position":1,"name":"Home","item":"https:\/\/shrimataji.org\/test\/uk\/home-en\/"},{"@type":"ListItem","position":2,"name":"Glosario"}]},{"@type":"WebSite","@id":"https:\/\/shrimataji.org\/test\/#website","url":"https:\/\/shrimataji.org\/test\/","name":"Shri Mataji Nirmala Devi","description":"A Life Dedicated to Humanity","publisher":{"@id":"https:\/\/shrimataji.org\/test\/#\/schema\/person\/a1b3419c6585f164aa96da1ff85715d1"},"potentialAction":[{"@type":"SearchAction","target":{"@type":"EntryPoint","urlTemplate":"https:\/\/shrimataji.org\/test\/?s={search_term_string}"},"query-input":{"@type":"PropertyValueSpecification","valueRequired":true,"valueName":"search_term_string"}}],"inLanguage":"en-US"},{"@type":["Person","Organization"],"@id":"https:\/\/shrimataji.org\/test\/#\/schema\/person\/a1b3419c6585f164aa96da1ff85715d1","name":"Nirmala Shrivastava","image":{"@type":"ImageObject","inLanguage":"en-US","@id":"https:\/\/shrimataji.org\/test\/wp-content\/uploads\/2023\/02\/SMO_LOGO-03.svg","url":"https:\/\/shrimataji.org\/test\/wp-content\/uploads\/2023\/02\/SMO_LOGO-03.svg","contentUrl":"https:\/\/shrimataji.org\/test\/wp-content\/uploads\/2023\/02\/SMO_LOGO-03.svg","width":"1024","height":"1024","caption":"Nirmala Shrivastava"},"logo":{"@id":"https:\/\/shrimataji.org\/test\/wp-content\/uploads\/2023\/02\/SMO_LOGO-03.svg"},"sameAs":["https:\/\/shrimataji.org\/test","https:\/\/www.facebook.com\/shrimataji","https:\/\/x.com\/shrimataji","https:\/\/www.youtube.com\/@Shri_Mataji_Nirmala_Devi\/featured"]}]}},"lang":"es","translations":{"es":10943,"ur":38951,"en":448,"am":18007,"th":19953,"hu":19483,"sq":18408,"zh":17305,"tr":10164,"pt":10376,"de":10650,"fr":10748,"it":10846,"ja":11240,"ru":11428,"bn":11620,"te":11728,"sw":11851,"he":11999,"el":12290,"sk":12388,"fa":12486,"fi":12584,"bg":13451,"ro":14525,"cs":14718,"nl":16568,"ku":16728,"ar":16904,"be":18615,"kn":18889,"mr":20317,"uk":20609,"ml":20905,"ta":22723,"sv":22996,"gu":28842,"pa":29000,"fil":29442,"da":38947,"nn":38949,"pl":39854},"pll_sync_post":[],"_links":{"self":[{"href":"https:\/\/shrimataji.org\/test\/wp-json\/wp\/v2\/pages\/10943","targetHints":{"allow":["GET"]}}],"collection":[{"href":"https:\/\/shrimataji.org\/test\/wp-json\/wp\/v2\/pages"}],"about":[{"href":"https:\/\/shrimataji.org\/test\/wp-json\/wp\/v2\/types\/page"}],"author":[{"embeddable":true,"href":"https:\/\/shrimataji.org\/test\/wp-json\/wp\/v2\/users\/63"}],"replies":[{"embeddable":true,"href":"https:\/\/shrimataji.org\/test\/wp-json\/wp\/v2\/comments?post=10943"}],"version-history":[{"count":0,"href":"https:\/\/shrimataji.org\/test\/wp-json\/wp\/v2\/pages\/10943\/revisions"}],"wp:featuredmedia":[{"embeddable":true,"href":"https:\/\/shrimataji.org\/test\/wp-json\/wp\/v2\/media\/9552"}],"wp:attachment":[{"href":"https:\/\/shrimataji.org\/test\/wp-json\/wp\/v2\/media?parent=10943"}],"curies":[{"name":"wp","href":"https:\/\/api.w.org\/{rel}","templated":true}]}}