{"id":10944,"date":"2018-07-10T06:54:42","date_gmt":"2018-07-10T06:54:42","guid":{"rendered":"http:\/\/testwordpress.nirmalnagari.org\/smnd\/index.php\/holistic-health\/"},"modified":"2026-03-11T23:50:15","modified_gmt":"2026-03-11T23:50:15","slug":"salud-integral","status":"publish","type":"page","link":"https:\/\/shrimataji.org\/test\/es\/salud-integral\/","title":{"rendered":"Salud Integral"},"content":{"rendered":"\n\n\t<h1>Salud Integral<\/h1>\n<h2>La Ciencia Sutil de la Sanaci\u00f3n Interior<\/h2>\n\t<h4>Si bien la medicina convencional es beneficiosa en muchos sentidos, falla en la profundidad y en el tratamiento de des\u00f3rdenes psicosom\u00e1ticos y psiqui\u00e1tricos a largo plazo, porque aborda los s\u00edntomas y no las causas. Los trata por separado en lugar de abordar el contexto como un solo organismo.<\/h4>\n\t<p>Shri Mataji estudi\u00f3 medicina durante varios a\u00f1os hasta que los eventos pol\u00edticos despu\u00e9s de la divisi\u00f3n de la India la oblig\u00f3 a abandonarlo. Procediendo de una tradici\u00f3n hol\u00edstica que reconoce la conexi\u00f3n entre espiritualidad y salud, dedic\u00f3 tiempo a la meditaci\u00f3n y a observar el impacto de la meditaci\u00f3n en la mente y en el cuerpo.<\/p>\n\t<p>En este proceso, no s\u00f3lo redescubri\u00f3 un sistema sutil energ\u00e9tico de canales y plexos nerviosos que rigen el cuerpo humano, tambi\u00e9n se dio cuenta de la clave de este sistema: una energ\u00eda femenina nutriente conocida en las antiguas escrituras indias como Kundalini. Shri Mataji estudi\u00f3 el comportamiento humano y sus efectos sobre esta energ\u00eda y el sistema sutil. Observ\u00f3 c\u00f3mo el comportamiento desequilibrado puede conducir a extremos f\u00edsicos, mentales o emocionales, ocasionando problemas de salud.<\/p>\n<p>Shri Mataji enfatiz\u00f3 que aunque tiene beneficios curativos, el prop\u00f3sito de Sahaja Yoga no es curar sino despertar esta conciencia y energ\u00eda en las personas a trav\u00e9s de la Realizaci\u00f3n del Ser.<\/p>\n\t<div class=\"su-quote su-quote-style-default\"><div class=\"su-quote-inner su-u-clearfix su-u-trim\">&#8230;esta Kundalini, cuando atraviesa estos seis centros, ilumina estos centros, nutre estos centros y los integra -as\u00ed que uno est\u00e1 bien en su totalidad. No es que una parte del cuerpo sea tratada, o que otra parte sea descuidada -hay un completo equilibrio en su totalidad. Y Ella te coloca en el camino central del equilibrio.<\/div><\/div>\n\t\t<iframe loading=\"lazy\" title=\"Holistic Health\" width=\"1920\" height=\"1080\" src=\"https:\/\/www.youtube.com\/embed\/7g9itxwuKiU?feature=oembed\" frameborder=\"0\" allow=\"accelerometer; autoplay; clipboard-write; encrypted-media; gyroscope; picture-in-picture; web-share\" allowfullscreen><\/iframe>\t\n\t<p>En sus conferencias, Shri Mataji present\u00f3 este sistema de energ\u00eda interno como una hip\u00f3tesis, alentando al p\u00fablico a no aceptarlo ciegamente sino a probarlo con una mente abierta. Como resultado, un n\u00famero creciente de m\u00e9dicos y cient\u00edficos que practican Sahaja Yoga y que han experimentado importantes mejoras en sus condiciones de salud, han realizado estudios en diferentes pa\u00edses en contextos cient\u00edficos -todos publicados en revistas m\u00e9dicas de prestigio.<\/p>\n\t<p>El Dr. Ramesh Manocha, un m\u00e9dico general australiano e investigador en el \u00e1rea de terapias naturales del Hospital Real para Mujeres en Sydney, ha reportado <a href=\"https:\/\/researchingmeditation.org\/meditation-research-summary\/\" target=\"_blank\" rel=\"noopener\">resultados convincentes sobre los efectos de la meditaci\u00f3n Sahaja Yoga<\/a> en el tratamiento y la prevenci\u00f3n de des\u00f3rdenes que incluyen hipertensi\u00f3n, menopausia, [<a href=\"#citation-note-1\">1<\/a>] s\u00edntomas relacionados con el estr\u00e9s, [<a href=\"#citation-note-2\">2<\/a>] el trastorno por d\u00e9ficit de atenci\u00f3n e hiperactividad (TDAH) [<a href=\"#citation-note-3\">3<\/a>] y el asma.[<a href=\"#citation-note-4\">4<\/a>]. Seg\u00fan el Dr. Manocha, el silencio de la mente establecido durante la meditaci\u00f3n Sahaja Yoga est\u00e1 &#8220;asociado con un patr\u00f3n \u00fanico de actividad fisiol\u00f3gica.&#8221;<\/p>\n<p>Especifica que entre los m\u00faltiples m\u00e9todos de meditaci\u00f3n y t\u00e9cnicas de relajaci\u00f3n, s\u00f3lo la Meditaci\u00f3n Sahaja Yoga demostr\u00f3 ser eficiente en t\u00e9rminos de efectos terap\u00e9uticos.<\/p>\n\t<div class=\"epyt-video-wrapper\"><div  data-ep-a=\"fadeIn\"  style=\"display: block; margin: 0px auto;\"  id=\"_ytid_87883\"  width=\"3840\" height=\"2160\"  data-origwidth=\"3840\" data-origheight=\"2160\" data-facadesrc=\"https:\/\/www.youtube.com\/embed\/itvKZ5WxrFs?enablejsapi=1&autoplay=0&cc_load_policy=0&cc_lang_pref=&iv_load_policy=1&loop=0&rel=0&fs=1&playsinline=1&autohide=2&theme=dark&color=red&controls=1&disablekb=0&\" class=\"__youtube_prefs__ epyt-facade  no-lazyload\" data-epautoplay=\"1\" ><img decoding=\"async\" data-spai-excluded=\"true\" class=\"epyt-facade-poster skip-lazy\" loading=\"lazy\"  alt=\"YouTube player\"  src=\"https:\/\/i.ytimg.com\/vi\/itvKZ5WxrFs\/maxresdefault.jpg\"  \/><button class=\"epyt-facade-play\" aria-label=\"Play\"><svg data-no-lazy=\"1\" height=\"100%\" version=\"1.1\" viewBox=\"0 0 68 48\" width=\"100%\"><path class=\"ytp-large-play-button-bg\" d=\"M66.52,7.74c-0.78-2.93-2.49-5.41-5.42-6.19C55.79,.13,34,0,34,0S12.21,.13,6.9,1.55 C3.97,2.33,2.27,4.81,1.48,7.74C0.06,13.05,0,24,0,24s0.06,10.95,1.48,16.26c0.78,2.93,2.49,5.41,5.42,6.19 C12.21,47.87,34,48,34,48s21.79-0.13,27.1-1.55c2.93-0.78,4.64-3.26,5.42-6.19C67.94,34.95,68,24,68,24S67.94,13.05,66.52,7.74z\" fill=\"#f00\"><\/path><path d=\"M 45,24 27,14 27,34\" fill=\"#fff\"><\/path><\/svg><\/button><\/div><\/div><span itemprop=\"video\" itemscope itemtype=\"http:\/\/schema.org\/VideoObject\"><meta itemprop=\"embedUrl\" content=\"https:\/\/www.youtube.com\/embed\/itvKZ5WxrFs\"><meta itemprop=\"name\" content=\"Meditation Study Finds Improvement\"><meta itemprop=\"description\" content=\"In an Australian television news report, a quality-of-life study finds that short periods of daily meditation can significantly improve a person&#039;s mental health. Meditation appears to give people a protective effect. Those who have been meditating for two years are more than ten percent better off than non-meditators. Those who do not drink or smoke had even better mental health. More videos at: http:\/\/ShriMataji.org ~ A Life Dedicated to Humanity ~\"><meta itemprop=\"thumbnailUrl\" content=\"https:\/\/i.ytimg.com\/vi\/itvKZ5WxrFs\/0.jpg\"><meta itemprop=\"duration\" content=\"PT1M43S\"><meta itemprop=\"uploadDate\" content=\"2020-07-20T00:07:33Z\"><\/span>\n\t<p>En 1996, Shri Mataji fund\u00f3 el Centro Internacional de Investigaci\u00f3n y Salud de Sahaja Yoga en Belapur, cerca de Mumbai, India. La cl\u00ednica contin\u00faa prestando servicios a pacientes tanto locales como internacionales, quienes reciben un diagn\u00f3stico y tratamiento con las t\u00e9cnicas de Sahaja Yoga adem\u00e1s de la atenci\u00f3n m\u00e9dica tradicional ayurv\u00e9dica y alop\u00e1tica. El tratamiento de meditaci\u00f3n en este centro de salud se ha asociado con grandes mejoras en la calidad de vida, la reducci\u00f3n de ansiedad y con el control de la presi\u00f3n arterial, en comparaci\u00f3n con la medicina occidental convencional.<a href=\"#citation-note-5\" data-cp-link=\"1\">[5]<\/a><\/p>\n\t<p>Shri Mataji describi\u00f3 el sistema sutil humano como un \u00e1rbol invertido que tiene sus ra\u00edces en el cerebro y las ramas y frutos en el cuerpo. Las ra\u00edces del sistema energ\u00e9tico en el cuerpo se sit\u00faan en el cerebro y absorben la energ\u00eda espiritual c\u00f3smica para nutrir las ramas del \u00e1rbol. Estos procesos de retroalimentaci\u00f3n constantes entre el sistema sutil en el cerebro y los centros de energ\u00eda en el cuerpo durante la meditaci\u00f3n culminan en el equilibrio progresivo y la integraci\u00f3n del cuerpo y la mente. Para mantener este \u00e1rbol saludable y fuerte, debemos centrar nuestra atenci\u00f3n en las ra\u00edces, que est\u00e1n en el cerebro, y esto puede ser logrado a trav\u00e9s de la pr\u00e1ctica de la meditaci\u00f3n Sahaja Yoga.<\/p>\n\t<div class=\"su-quote su-quote-style-default\"><div class=\"su-quote-inner su-u-clearfix su-u-trim\">Si tienes que tratar un \u00e1rbol y empiezas a poner la medicina en sus hojas, \u00e9ste nunca se curar\u00e1. Hay que ir a las ra\u00edces.<\/div><\/div>\n\t<hr \/>\n<h3>1. <a id=\"citation-note-1\" data-cp-link=\"1\"><\/a>^ Dr Ramesh Manocha, Dr Semmar B. Black, A Pilot Study of a Mental Silence Form of Meditation for Women in Perimenopause.\u00a0 Journal of Clinical Psychology in Medical Settings. 2007\u00a0 Sep ; 14(3):266-273; e-book: <a href=\"https:\/\/www.beyondthemind.com\" target=\"_blank\" rel=\"noopener\" data-cp-link=\"1\">&#8216;Silence Your Mind&#8217;<\/a> published by Hachette Australia 2013.<br \/>\n2. <a id=\"citation-note-2\" data-cp-link=\"1\"><\/a>^ Dr Ramesh Manocha, Black D, Sarris J, Stough C. A randomized, controlled trial of meditation for work stress, anxiety and depressed mood in full-time workers. Evid Based Complement Alternat Med. 2011;2011:960583. Epub 2011 Jun 7.<br \/>\n3. <a id=\"citation-note-3\" data-cp-link=\"1\"><\/a>^ Dr Linda J.Harrison, Dr Ramesh Manocha, Dr Katya Rubia, &#8216;Sahaja Yoga Meditation as a Family Treatment Program for Children with Attention Deficit-Hyperactivity Disorder&#8217;, Clinical Child Psychology and Psychiatry 9 (4) (2004).<br \/>\n4. <a id=\"citation-note-4\" data-cp-link=\"1\"><\/a>^Dr Ramesh Manocha, Marks GB, Kenchington P, Peters D, et al. Sahaja yoga in the management of moderate to severe asthma: a randomised controlled trial. Thorax. 2002 Feb; 57(2): 110-5.<br \/>\n5. <a id=\"citation-note-5\" data-cp-link=\"1\"><\/a>^ Sheng-Chia Chung PhD, Maria M. Brooks PhD, Madhur Rai MD, Judith L. Balk MD MPH, Sandeep Rai MD: &#8216;Effect of Sahaja Yoga Meditation on Quality of Life, Anxiety, and Blood Pressure Control&#8217; (THE JOURNAL OF ALTERNATIVE AND COMPLEMENTARY MEDICINE Volume 18, Number 6, 2012)<\/h3>\n\n","protected":false},"excerpt":{"rendered":"<p>Salud Integral La Ciencia Sutil de la Sanaci\u00f3n Interior Si bien la medicina convencional es beneficiosa en muchos sentidos, falla en la profundidad y en el tratamiento de des\u00f3rdenes psicosom\u00e1ticos y psiqui\u00e1tricos a largo plazo, porque aborda los s\u00edntomas y no las causas. Los trata por separado en lugar de abordar el contexto como un&hellip; <br \/> <a class=\"read-more\" href=\"https:\/\/shrimataji.org\/test\/es\/salud-integral\/\">Read more<\/a><\/p>\n","protected":false},"author":63,"featured_media":144,"parent":0,"menu_order":0,"comment_status":"closed","ping_status":"closed","template":"pro\/page-templates\/full-width-page.php","meta":{"inline_featured_image":false,"footnotes":""},"class_list":["post-10944","page","type-page","status-publish","has-post-thumbnail","hentry"],"yoast_head":"<!-- This site is optimized with the Yoast SEO plugin v27.4 - https:\/\/yoast.com\/product\/yoast-seo-wordpress\/ -->\n<title>Salud Integral - TEST - SMND<\/title>\n<meta name=\"robots\" content=\"noindex, follow, max-snippet:-1, max-image-preview:large, max-video-preview:-1\" \/>\n<meta property=\"og:locale\" content=\"en_US\" \/>\n<meta property=\"og:type\" content=\"article\" \/>\n<meta property=\"og:title\" content=\"Salud Integral - TEST - SMND\" \/>\n<meta property=\"og:description\" content=\"Salud Integral La Ciencia Sutil de la Sanaci\u00f3n Interior Si bien la medicina convencional es beneficiosa en muchos sentidos, falla en la profundidad y en el tratamiento de des\u00f3rdenes psicosom\u00e1ticos y psiqui\u00e1tricos a largo plazo, porque aborda los s\u00edntomas y no las causas. Los trata por separado en lugar de abordar el contexto como un&hellip; Read more\" \/>\n<meta property=\"og:url\" content=\"https:\/\/shrimataji.org\/test\/es\/salud-integral\/\" \/>\n<meta property=\"og:site_name\" content=\"TEST - SMND\" \/>\n<meta property=\"article:publisher\" content=\"https:\/\/www.facebook.com\/shrimataji\" \/>\n<meta property=\"article:modified_time\" content=\"2026-03-11T23:50:15+00:00\" \/>\n<meta property=\"og:image\" content=\"https:\/\/shrimataji.org\/test\/wp-content\/uploads\/2018\/07\/media_originals\/images\/headers-general\/holistic-health-foot-soaking-in-the-ocean.jpg\" \/>\n\t<meta property=\"og:image:width\" content=\"990\" \/>\n\t<meta property=\"og:image:height\" content=\"350\" \/>\n\t<meta property=\"og:image:type\" content=\"image\/jpeg\" \/>\n<meta name=\"twitter:card\" content=\"summary_large_image\" \/>\n<meta name=\"twitter:site\" content=\"@shrimataji\" \/>\n<meta name=\"twitter:label1\" content=\"Est. reading time\" \/>\n\t<meta name=\"twitter:data1\" content=\"4 minutes\" \/>\n<script type=\"application\/ld+json\" class=\"yoast-schema-graph\">{\"@context\":\"https:\\\/\\\/schema.org\",\"@graph\":[{\"@type\":\"WebPage\",\"@id\":\"https:\\\/\\\/shrimataji.org\\\/test\\\/es\\\/salud-integral\\\/\",\"url\":\"https:\\\/\\\/shrimataji.org\\\/test\\\/es\\\/salud-integral\\\/\",\"name\":\"Salud Integral - TEST - SMND\",\"isPartOf\":{\"@id\":\"https:\\\/\\\/shrimataji.org\\\/test\\\/#website\"},\"primaryImageOfPage\":{\"@id\":\"https:\\\/\\\/shrimataji.org\\\/test\\\/es\\\/salud-integral\\\/#primaryimage\"},\"image\":{\"@id\":\"https:\\\/\\\/shrimataji.org\\\/test\\\/es\\\/salud-integral\\\/#primaryimage\"},\"thumbnailUrl\":\"https:\\\/\\\/shrimataji.org\\\/test\\\/wp-content\\\/uploads\\\/2018\\\/07\\\/media_originals\\\/images\\\/headers-general\\\/holistic-health-foot-soaking-in-the-ocean.jpg\",\"datePublished\":\"2018-07-10T06:54:42+00:00\",\"dateModified\":\"2026-03-11T23:50:15+00:00\",\"breadcrumb\":{\"@id\":\"https:\\\/\\\/shrimataji.org\\\/test\\\/es\\\/salud-integral\\\/#breadcrumb\"},\"inLanguage\":\"en-US\",\"potentialAction\":[{\"@type\":\"ReadAction\",\"target\":[\"https:\\\/\\\/shrimataji.org\\\/test\\\/es\\\/salud-integral\\\/\"]}]},{\"@type\":\"ImageObject\",\"inLanguage\":\"en-US\",\"@id\":\"https:\\\/\\\/shrimataji.org\\\/test\\\/es\\\/salud-integral\\\/#primaryimage\",\"url\":\"https:\\\/\\\/shrimataji.org\\\/test\\\/wp-content\\\/uploads\\\/2018\\\/07\\\/media_originals\\\/images\\\/headers-general\\\/holistic-health-foot-soaking-in-the-ocean.jpg\",\"contentUrl\":\"https:\\\/\\\/shrimataji.org\\\/test\\\/wp-content\\\/uploads\\\/2018\\\/07\\\/media_originals\\\/images\\\/headers-general\\\/holistic-health-foot-soaking-in-the-ocean.jpg\",\"width\":990,\"height\":350},{\"@type\":\"BreadcrumbList\",\"@id\":\"https:\\\/\\\/shrimataji.org\\\/test\\\/es\\\/salud-integral\\\/#breadcrumb\",\"itemListElement\":[{\"@type\":\"ListItem\",\"position\":1,\"name\":\"Home\",\"item\":\"https:\\\/\\\/shrimataji.org\\\/test\\\/uk\\\/home-en\\\/\"},{\"@type\":\"ListItem\",\"position\":2,\"name\":\"Salud Integral\"}]},{\"@type\":\"WebSite\",\"@id\":\"https:\\\/\\\/shrimataji.org\\\/test\\\/#website\",\"url\":\"https:\\\/\\\/shrimataji.org\\\/test\\\/\",\"name\":\"Shri Mataji Nirmala Devi\",\"description\":\"A Life Dedicated to Humanity\",\"publisher\":{\"@id\":\"https:\\\/\\\/shrimataji.org\\\/test\\\/#\\\/schema\\\/person\\\/a1b3419c6585f164aa96da1ff85715d1\"},\"potentialAction\":[{\"@type\":\"SearchAction\",\"target\":{\"@type\":\"EntryPoint\",\"urlTemplate\":\"https:\\\/\\\/shrimataji.org\\\/test\\\/?s={search_term_string}\"},\"query-input\":{\"@type\":\"PropertyValueSpecification\",\"valueRequired\":true,\"valueName\":\"search_term_string\"}}],\"inLanguage\":\"en-US\"},{\"@type\":[\"Person\",\"Organization\"],\"@id\":\"https:\\\/\\\/shrimataji.org\\\/test\\\/#\\\/schema\\\/person\\\/a1b3419c6585f164aa96da1ff85715d1\",\"name\":\"Nirmala Shrivastava\",\"image\":{\"@type\":\"ImageObject\",\"inLanguage\":\"en-US\",\"@id\":\"https:\\\/\\\/shrimataji.org\\\/test\\\/wp-content\\\/uploads\\\/2023\\\/02\\\/SMO_LOGO-03.svg\",\"url\":\"https:\\\/\\\/shrimataji.org\\\/test\\\/wp-content\\\/uploads\\\/2023\\\/02\\\/SMO_LOGO-03.svg\",\"contentUrl\":\"https:\\\/\\\/shrimataji.org\\\/test\\\/wp-content\\\/uploads\\\/2023\\\/02\\\/SMO_LOGO-03.svg\",\"width\":\"1024\",\"height\":\"1024\",\"caption\":\"Nirmala Shrivastava\"},\"logo\":{\"@id\":\"https:\\\/\\\/shrimataji.org\\\/test\\\/wp-content\\\/uploads\\\/2023\\\/02\\\/SMO_LOGO-03.svg\"},\"sameAs\":[\"https:\\\/\\\/shrimataji.org\\\/test\",\"https:\\\/\\\/www.facebook.com\\\/shrimataji\",\"https:\\\/\\\/x.com\\\/shrimataji\",\"https:\\\/\\\/www.youtube.com\\\/@Shri_Mataji_Nirmala_Devi\\\/featured\"]}]}<\/script>\n<!-- \/ Yoast SEO plugin. -->","yoast_head_json":{"title":"Salud Integral - TEST - SMND","robots":{"index":"noindex","follow":"follow","max-snippet":"max-snippet:-1","max-image-preview":"max-image-preview:large","max-video-preview":"max-video-preview:-1"},"og_locale":"en_US","og_type":"article","og_title":"Salud Integral - TEST - SMND","og_description":"Salud Integral La Ciencia Sutil de la Sanaci\u00f3n Interior Si bien la medicina convencional es beneficiosa en muchos sentidos, falla en la profundidad y en el tratamiento de des\u00f3rdenes psicosom\u00e1ticos y psiqui\u00e1tricos a largo plazo, porque aborda los s\u00edntomas y no las causas. Los trata por separado en lugar de abordar el contexto como un&hellip; Read more","og_url":"https:\/\/shrimataji.org\/test\/es\/salud-integral\/","og_site_name":"TEST - SMND","article_publisher":"https:\/\/www.facebook.com\/shrimataji","article_modified_time":"2026-03-11T23:50:15+00:00","og_image":[{"width":990,"height":350,"url":"https:\/\/shrimataji.org\/test\/wp-content\/uploads\/2018\/07\/media_originals\/images\/headers-general\/holistic-health-foot-soaking-in-the-ocean.jpg","type":"image\/jpeg"}],"twitter_card":"summary_large_image","twitter_site":"@shrimataji","twitter_misc":{"Est. reading time":"4 minutes"},"schema":{"@context":"https:\/\/schema.org","@graph":[{"@type":"WebPage","@id":"https:\/\/shrimataji.org\/test\/es\/salud-integral\/","url":"https:\/\/shrimataji.org\/test\/es\/salud-integral\/","name":"Salud Integral - TEST - SMND","isPartOf":{"@id":"https:\/\/shrimataji.org\/test\/#website"},"primaryImageOfPage":{"@id":"https:\/\/shrimataji.org\/test\/es\/salud-integral\/#primaryimage"},"image":{"@id":"https:\/\/shrimataji.org\/test\/es\/salud-integral\/#primaryimage"},"thumbnailUrl":"https:\/\/shrimataji.org\/test\/wp-content\/uploads\/2018\/07\/media_originals\/images\/headers-general\/holistic-health-foot-soaking-in-the-ocean.jpg","datePublished":"2018-07-10T06:54:42+00:00","dateModified":"2026-03-11T23:50:15+00:00","breadcrumb":{"@id":"https:\/\/shrimataji.org\/test\/es\/salud-integral\/#breadcrumb"},"inLanguage":"en-US","potentialAction":[{"@type":"ReadAction","target":["https:\/\/shrimataji.org\/test\/es\/salud-integral\/"]}]},{"@type":"ImageObject","inLanguage":"en-US","@id":"https:\/\/shrimataji.org\/test\/es\/salud-integral\/#primaryimage","url":"https:\/\/shrimataji.org\/test\/wp-content\/uploads\/2018\/07\/media_originals\/images\/headers-general\/holistic-health-foot-soaking-in-the-ocean.jpg","contentUrl":"https:\/\/shrimataji.org\/test\/wp-content\/uploads\/2018\/07\/media_originals\/images\/headers-general\/holistic-health-foot-soaking-in-the-ocean.jpg","width":990,"height":350},{"@type":"BreadcrumbList","@id":"https:\/\/shrimataji.org\/test\/es\/salud-integral\/#breadcrumb","itemListElement":[{"@type":"ListItem","position":1,"name":"Home","item":"https:\/\/shrimataji.org\/test\/uk\/home-en\/"},{"@type":"ListItem","position":2,"name":"Salud Integral"}]},{"@type":"WebSite","@id":"https:\/\/shrimataji.org\/test\/#website","url":"https:\/\/shrimataji.org\/test\/","name":"Shri Mataji Nirmala Devi","description":"A Life Dedicated to Humanity","publisher":{"@id":"https:\/\/shrimataji.org\/test\/#\/schema\/person\/a1b3419c6585f164aa96da1ff85715d1"},"potentialAction":[{"@type":"SearchAction","target":{"@type":"EntryPoint","urlTemplate":"https:\/\/shrimataji.org\/test\/?s={search_term_string}"},"query-input":{"@type":"PropertyValueSpecification","valueRequired":true,"valueName":"search_term_string"}}],"inLanguage":"en-US"},{"@type":["Person","Organization"],"@id":"https:\/\/shrimataji.org\/test\/#\/schema\/person\/a1b3419c6585f164aa96da1ff85715d1","name":"Nirmala Shrivastava","image":{"@type":"ImageObject","inLanguage":"en-US","@id":"https:\/\/shrimataji.org\/test\/wp-content\/uploads\/2023\/02\/SMO_LOGO-03.svg","url":"https:\/\/shrimataji.org\/test\/wp-content\/uploads\/2023\/02\/SMO_LOGO-03.svg","contentUrl":"https:\/\/shrimataji.org\/test\/wp-content\/uploads\/2023\/02\/SMO_LOGO-03.svg","width":"1024","height":"1024","caption":"Nirmala Shrivastava"},"logo":{"@id":"https:\/\/shrimataji.org\/test\/wp-content\/uploads\/2023\/02\/SMO_LOGO-03.svg"},"sameAs":["https:\/\/shrimataji.org\/test","https:\/\/www.facebook.com\/shrimataji","https:\/\/x.com\/shrimataji","https:\/\/www.youtube.com\/@Shri_Mataji_Nirmala_Devi\/featured"]}]}},"lang":"es","translations":{"es":10944,"ur":37436,"en":403,"am":18008,"th":19955,"hu":19485,"sq":18409,"zh":17306,"hi":8491,"tr":10165,"pt":10377,"de":10651,"fr":10749,"it":10847,"ja":11241,"ru":11429,"bn":11621,"te":11729,"sw":11852,"he":12000,"el":12291,"sk":12389,"fa":12487,"fi":12585,"bg":13478,"ro":14550,"cs":14743,"nl":16569,"ku":16729,"ar":16905,"be":18616,"kn":18890,"mr":20319,"uk":20611,"ml":20908,"ta":22724,"sv":22997,"gu":28843,"pa":29001,"fil":29443,"da":37748,"pl":37963,"nn":38300},"pll_sync_post":[],"_links":{"self":[{"href":"https:\/\/shrimataji.org\/test\/wp-json\/wp\/v2\/pages\/10944","targetHints":{"allow":["GET"]}}],"collection":[{"href":"https:\/\/shrimataji.org\/test\/wp-json\/wp\/v2\/pages"}],"about":[{"href":"https:\/\/shrimataji.org\/test\/wp-json\/wp\/v2\/types\/page"}],"author":[{"embeddable":true,"href":"https:\/\/shrimataji.org\/test\/wp-json\/wp\/v2\/users\/63"}],"replies":[{"embeddable":true,"href":"https:\/\/shrimataji.org\/test\/wp-json\/wp\/v2\/comments?post=10944"}],"version-history":[{"count":0,"href":"https:\/\/shrimataji.org\/test\/wp-json\/wp\/v2\/pages\/10944\/revisions"}],"wp:featuredmedia":[{"embeddable":true,"href":"https:\/\/shrimataji.org\/test\/wp-json\/wp\/v2\/media\/144"}],"wp:attachment":[{"href":"https:\/\/shrimataji.org\/test\/wp-json\/wp\/v2\/media?parent=10944"}],"curies":[{"name":"wp","href":"https:\/\/api.w.org\/{rel}","templated":true}]}}