{"id":10946,"date":"2018-07-06T01:24:02","date_gmt":"2018-07-06T01:24:02","guid":{"rendered":"http:\/\/testwordpress.nirmalnagari.org\/smnd\/index.php\/mesmerize\/"},"modified":"2026-03-11T23:49:02","modified_gmt":"2026-03-11T23:49:02","slug":"home-en","status":"publish","type":"page","link":"https:\/\/shrimataji.org\/test\/es\/home-en\/","title":{"rendered":"Home EN"},"content":{"rendered":"<div id=\"content-1\" class=\"content-12 content-section content-section-spacing\" style=\"background-color: rgba(255, 255, 255, 0); background-image: none;\" data-label=\"Content\" data-id=\"content--1\" data-export-id=\"content-12\" data-category=\"content\">\n<div class=\"gridContainer\">\n<div class=\"row text-center\">\n<div class=\"section-title-col\" data-type=\"column\">\n<h1 class=\"\" style=\"margin-bottom: 16px; outline-color: #cccccc; outline-style: solid;\">SHRI MATAJI NIRMALA DEVI<\/h1>\n<h2 class=\"\">Una Vida dedicada a la Humanidad<\/h2>\n<h4 class=\"\"><\/h4>\n<h4 class=\"\" style=\"margin-bottom: 2rem; outline-color: #cccccc; outline-style: solid; font-family: Montserrat-Medium; text-align: left;\"><span style=\"font-family: 'Montserrat Medium', arial, helvetica, sans-serif;\">Shri Mataji Nirmala Devi ha tranformado silenciosamente la vida de muchas personas. Durante m\u00e1s de cuarenta a\u00f1os viaj\u00f3 por todo el mundo, ofreciendo conferencias p\u00fablicas gratuitas y la experiencia de la <a href=\"https:\/\/shrimataji.org\/test\/self-realization\">Realizaci\u00f3n del Ser<\/a> a todos, sin distinci\u00f3n de raza, religi\u00f3n o condici\u00f3n. No s\u00f3lo permiti\u00f3 que pudieran transmitir a otras personas esta valiosa experiencia, sino que tambi\u00e9n les\nense\u00f1\u00f3 la t\u00e9cnica de meditaci\u00f3n necesaria para mantenerla, conocida como <a href=\"https:\/\/shrimataji.org\/test\/self-realization\">Sahaja Yoga<\/a>.\u00a0<\/span><\/h4>\n<\/div>\n<\/div>\n<\/div>\n<\/div>\n<div id=\"content-2\" class=\"content-11 content-section content-section-spacing\" style=\"background-color: rgba(255, 255, 255, 0); background-image: none;\" data-label=\"Content\" data-id=\"content--2\" data-export-id=\"content-11\" data-category=\"content\">\n<div class=\"gridContainer\">\n<div class=\"row center-xs middle-xs\">\n<div class=\"col-sm-9\">\n<div class=\"lightbox-video lightbox-video-tall dark-overlay shadow-large flexbox middle-xs center-xs\" style=\"background-image: url('https:\/\/shrimataji.org\/test\/wp-content\/uploads\/2020\/07\/cropped-p01.jpg');\" data-type=\"group\" data-bg=\"image\"><\/div>\n<\/div>\n<\/div>\n<\/div>\n<\/div>\n<div id=\"content-3\" class=\"content-12 content-section content-section-spacing\" style=\"background-color: rgba(255, 255, 255, 0); background-image: none;\" data-label=\"Content\" data-id=\"content--3\" data-export-id=\"content-12\" data-category=\"content\">\n<div class=\"\">\n<div class=\"row text-center\">\n<div class=\"section-title-col\" data-type=\"column\">\n\nShri Mataji sosten\u00eda que existe un potencial espiritual innato dentro de cada ser humano, el cual puede ser despertado espont\u00e1neamente. Enfatiz\u00f3 que este despertar, llamado la Realizaci\u00f3n del Ser o Autorrealizaci\u00f3n, no se puede comprar. Nunca se ha\ncobrado dinero, ni se cobrar\u00e1, por la experiencia de la Realizaci\u00f3n del Ser ni por la ense\u00f1anza de la meditaci\u00f3n <a href=\"http:\/\/Shri Mataji sosten\u00eda que existe un potencial espiritual innato dentro de cada ser humano, el cual puede ser despertado espont\u00e1neamente. Enfatiz\u00f3 que este despertar, llamado la Realizaci\u00f3n del Ser o Autorrealizaci\u00f3n, no se puede comprar. Nunca se ha cobrado dinero, ni se cobrar\u00e1, por la experiencia de la Realizaci\u00f3n del Ser ni por la ense\u00f1anza de la meditaci\u00f3n Sahaja Yoga.\" data-wplink-url-error=\"true\">Sahaja Yoga<\/a>.\n\nEl equilibrio interno y la reducci\u00f3n del estr\u00e9s que acompa\u00f1an a la pr\u00e1ctica de la meditaci\u00f3n Sahaja Yoga ya ha beneficiado a cientos de miles de personas en todo el mundo. La capacidad de activar r\u00e1pida y f\u00e1cilmente nuestra energ\u00eda espiritual interior, as\u00ed como de experimentar sus beneficios, diferencia a Sahaja Yoga de otras formas de\nmeditaci\u00f3n. Con la pr\u00e1ctica, los individuos son capaces de dirigir su propia energ\u00eda y corregir los desequilibrios mentales, f\u00edsicos y emocionales para lograr un estado de bienestar, serenidad y satisfacci\u00f3n.\n<br style=\"text-align: left;\" \/>Adem\u00e1s de Sahaja Yoga, que ahora est\u00e1 establecido en m\u00e1s de 100 pa\u00edses, Shri Mataji fund\u00f3 una organizaci\u00f3n no gubernamental para mujeres y ni\u00f1os indigentes, adem\u00e1s de varios colegios internacionales que siguen un curr\u00edculo hol\u00edstico, varios hospitales que ofrecen tratamiento a trav\u00e9s de t\u00e9cnicas de meditaci\u00f3n Sahaja y una academia de artes que revitaliza la tradici\u00f3n cl\u00e1sica en la danza, la m\u00fasica y la pintura.\n\n<\/div>\n<\/div>\n<div class=\"row center-xs middle-xs\">\n<div class=\"col-sm-9\" data-type=\"column\"><\/div>\n<\/div>\n<\/div>\n<\/div>\n<div id=\"about-1\" class=\"about-image-text content-section content-section-spacing\" style=\"background-color: rgba(255, 255, 255, 0); background-image: none;\" data-label=\"About\" data-id=\"about--1\" data-export-id=\"about-image-text\" data-category=\"about\">\n<div class=\"gridContainer\">\n<div class=\"row\">\n<div class=\"col-sm-6 flexbox-strech center-xs middle-xs no-gutter-col\">\n<div class=\"shadow-large overlap-right-large flexbox middle-xs center-xs left-img\" style=\"background-image: url('https:\/\/shrimataji.org\/test\/wp-content\/uploads\/2023\/03\/Home-Poster-BW-scaled.jpg');\" data-bg=\"image\"><\/div>\n<\/div>\n<div class=\"col-sm-6 space-bottom-xs col-padding-small-xs col-sm-padding-large bg-color5 white-text content-col\" data-type=\"column\">\n<h1 class=\"\" style=\"text-align: center;\">SAHAJA YOGA<\/h1>\n<h2 class=\"\" style=\"text-align: center;\">SU DESCUBRIMIENTO \u00daNICO<\/h2>\n<p class=\"lead\" style=\"text-align: center;\">de\n\nTRANSFORMACI\u00d3N INTERIOR\n\na\n\nTRANSFORMACI\u00d3N GLOBAL<\/p>\n\n<h4 class=\"\" style=\"text-align: center;\"><a href=\"sahaja-yoga\" target=\"_self\" rel=\"noopener\" data-cp-link=\"1\">ver m\u00e1s &gt;&gt;<\/a><\/h4>\n<\/div>\n<\/div>\n<\/div>\n<\/div>\n<div id=\"content-5\" class=\"content-12 content-section content-section-spacing\" style=\"background-color: rgba(255, 255, 255, 0); background-image: none;\" data-label=\"Content\" data-id=\"content--5\" data-export-id=\"content-12\" data-category=\"content\">\n<div class=\"\">\n<div class=\"row text-center\" data-section-title-area=\"true\">\n<div class=\"section-title-col\" data-type=\"column\"><\/div>\n<\/div>\n<div class=\"row center-xs middle-xs\">\n<div class=\"col-sm-9\" data-type=\"column\">\n<div class=\"\" data-editable=\"true\" data-name=\"ope-custom-content-shortcode\" data-content-shortcode=\"su_quote]Frankly, there is no peace within human beings nor without. The poor and the rich alike are unhappy. Everywhere people are groping for solutions. At the artificial level, the intellectual can work out certain problems about things that we see around us in jeopardy. But while a few problems may be resolved in this way, others arise. True solution lies not in the material circumstances outside human beings but inside the human beings, inside the human beings themselves. True and lasting solutions to present ills can be found only by inner, collective transformation of human beings. This is not an impossibility. In fact, it has already happened.[\/su_quote\"><div class=\"su-quote su-quote-style-default\"><div class=\"su-quote-inner su-u-clearfix su-u-trim\">Francamente, no hay paz dentro de los seres humanos ni tampoco fuera. Tanto los pobres como los ricos son infelices. En todo el mundo, la gente se re\u00fane para buscar soluciones. Artificialmente, el intelecto puede resolver ciertos problemas relacionados con los riesgos que nos rodean. Pero, mientras algunos de estos problemas quiz\u00e1s se resuelven de esta manera, otros nuevos surgen. La verdadera soluci\u00f3n no reside en las circunstancias materiales externas a los seres humanos, sino en el interior de los propios seres humanos. Una soluci\u00f3n real y duradera a los males actuales del mundo, solo se encontrar\u00e1 a trav\u00e9s de la transformaci\u00f3n interna y colectiva de las personas. Esto no es un imposible. En realidad, ya ha sucedido.<\/div><\/div><\/div>\n<\/div>\n<\/div>\n<\/div>\n<\/div>\n<div id=\"features-1\" class=\"features-16 content-section content-section-spacing\" style=\"background-color: rgba(255, 255, 255, 0); background-image: none;\" data-label=\"Features\" data-id=\"features--1\" data-export-id=\"features-16\" data-category=\"features\">\n<div class=\"gridContainer\">\n<div class=\"row text-center\">\n<div class=\"section-title-col\" data-type=\"column\">\n<h1 class=\"\">CARACTER\u00cdSTICAS<\/h1>\n<\/div>\n<\/div>\n<div class=\"row spaced-cols\" data-type=\"row\">\n<div class=\"col-xs-12 col-sm-6 col-md-4 space-bottom\"><img decoding=\"async\" class=\"face jetpack-lazy-image\" title=\"cropped-cropped-shri-mataji-nirmala-devi-clearing-technique-in-england-2.jpg\" src=\"https:\/\/shrimataji.org\/test\/wp-content\/uploads\/2018\/11\/cropped-cropped-shri-mataji-nirmala-devi-clearing-technique-in-england-2.jpg\" srcset=\"data:image\/gif;base64,R0lGODlhAQABAIAAAAAAAP\/\/\/yH5BAEAAAAALAAAAAABAAEAAAIBRAA7\" alt=\"\" data-lazy-src=\"https:\/\/shrimataji.org\/test\/wp-content\/uploads\/2018\/11\/cropped-cropped-shri-mataji-nirmala-devi-clearing-technique-in-england-2.jpg?is-pending-load=1\" \/>\n<div class=\"col-padding-small col-padding-small-xs description-container\" data-type=\"column\">\n<h4 class=\"font-500\">Shri Mataji<\/h4>\n<p class=\"\"><span style=\"color: #64032e;\">Desde muy peque\u00f1a, Shri Mataji se involucr\u00f3 en el mundo que la rodeaba. Mientras sus padres participaban activamente en la lucha por la independencia de la India, Shri Mataji, de peque\u00f1a, asumi\u00f3 la responsabilidad del hogar. Mahatma Gandhi, cuyo ashram visitaba con frecuencia desde peque\u00f1a, reconoci\u00f3 en ella un prodigio espiritual.<\/span><\/p>\n<a class=\"read-more\" href=\"https:\/\/shrimataji.org\/test\/shrimataji\" target=\"_self\" rel=\"noopener\" data-cp-link=\"1\">M\u00e1s informaci\u00f3n<\/a>\n\n<\/div>\n<\/div>\n<div class=\"col-xs-12 col-sm-6 col-md-4 space-bottom\"><img decoding=\"async\" class=\"face jetpack-lazy-image\" title=\"cropped-shri-mataji-meeting-with-village-people-in-india-2-3.jpg\" src=\"https:\/\/shrimataji.org\/test\/wp-content\/uploads\/2018\/11\/cropped-shri-mataji-meeting-with-village-people-in-india-2-3.jpg\" srcset=\"data:image\/gif;base64,R0lGODlhAQABAIAAAAAAAP\/\/\/yH5BAEAAAAALAAAAAABAAEAAAIBRAA7\" alt=\"\" data-lazy-src=\"https:\/\/shrimataji.org\/test\/wp-content\/uploads\/2018\/11\/cropped-shri-mataji-meeting-with-village-people-in-india-2-3.jpg?is-pending-load=1\" \/>\n<div class=\"col-padding-small col-padding-small-xs description-container\" data-type=\"column\">\n<h4 class=\"font-500\">Transformaci\u00f3n social<\/h4>\n<p class=\"\"><span style=\"color: #64032e;\">\u2026&#8221;Reconoci\u00f3 que todos los problemas humanos se originaban en la ignorancia de su verdadero potencial interior como seres espirituales, y que este potencial pod\u00eda ser f\u00e1cilmente alcanzado mediante la autorrealizaci\u00f3n. La transformaci\u00f3n interior, clave para la transformaci\u00f3n social, fue la piedra angular de todas las ONG globales iniciadas por Shri Mataji.<\/span><\/p>\n<a class=\"read-more\" href=\"https:\/\/shrimataji.org\/test\/societal-transformation\" target=\"_self\" rel=\"noopener\" data-cp-link=\"1\">M\u00e1s informaci\u00f3n<\/a>\n\n<\/div>\n<\/div>\n<div class=\"col-xs-12 col-sm-6 col-md-4 space-bottom\"><img decoding=\"async\" class=\"face jetpack-lazy-image\" title=\"cropped-fp02.jpg\" src=\"https:\/\/shrimataji.org\/test\/wp-content\/uploads\/2018\/07\/cropped-fp02.jpg\" srcset=\"data:image\/gif;base64,R0lGODlhAQABAIAAAAAAAP\/\/\/yH5BAEAAAAALAAAAAABAAEAAAIBRAA7\" alt=\"\" data-lazy-src=\"https:\/\/shrimataji.org\/test\/wp-content\/uploads\/2018\/07\/cropped-fp02.jpg?is-pending-load=1\" \/>\n<div class=\"col-padding-small col-padding-small-xs description-container\" data-type=\"column\">\n<h4 class=\"font-500\">Sus programas p\u00fablicos<\/h4>\n<p class=\"\"><span style=\"color: #64032e;\">&#8220;Ning\u00fan lugar era demasiado peque\u00f1o ni demasiado lejano para merecer una visita. Desde las faldas del Himalaya hasta el interior de Australia; desde Londres hasta Estambul y Los \u00c1ngeles, Shri Mataji dedic\u00f3 su tiempo a compartir la experiencia de la autorrealizaci\u00f3n con todo aquel que la deseara\u2026<\/span><\/p>\n<a class=\"read-more\" href=\"https:\/\/shrimataji.org\/test\/public-programs\" target=\"_self\" rel=\"noopener\" data-cp-link=\"1\">M\u00e1s informaci\u00f3n<\/a>\n\n<\/div>\n<\/div>\n<\/div>\n<\/div>\n<\/div>","protected":false},"excerpt":{"rendered":"<p>SHRI MATAJI NIRMALA DEVI Una Vida dedicada a la Humanidad Shri Mataji Nirmala Devi ha tranformado silenciosamente la vida de muchas personas. Durante m\u00e1s de cuarenta a\u00f1os viaj\u00f3 por todo el mundo, ofreciendo conferencias p\u00fablicas gratuitas y la experiencia de la Realizaci\u00f3n del Ser a todos, sin distinci\u00f3n de raza, religi\u00f3n o condici\u00f3n. No s\u00f3lo&hellip; <br \/> <a class=\"read-more\" href=\"https:\/\/shrimataji.org\/test\/es\/home-en\/\">Read more<\/a><\/p>\n","protected":false},"author":63,"featured_media":276,"parent":0,"menu_order":0,"comment_status":"closed","ping_status":"closed","template":"page-templates\/homepage.php","meta":{"inline_featured_image":false,"footnotes":""},"class_list":["post-10946","page","type-page","status-publish","has-post-thumbnail","hentry"],"yoast_head":"<!-- This site is optimized with the Yoast SEO plugin v27.4 - https:\/\/yoast.com\/product\/yoast-seo-wordpress\/ -->\n<title>TEST - SMND<\/title>\n<meta name=\"description\" content=\"A Life Dedicated to Humanity\" \/>\n<meta name=\"robots\" content=\"noindex, follow, max-snippet:-1, max-image-preview:large, max-video-preview:-1\" \/>\n<meta property=\"og:locale\" content=\"en_US\" \/>\n<meta property=\"og:type\" content=\"article\" \/>\n<meta property=\"og:title\" content=\"Shri Mataji Nirmala Devi\" \/>\n<meta property=\"og:description\" content=\"A Life Dedicated to Humanity\" \/>\n<meta property=\"og:url\" content=\"https:\/\/shrimataji.org\/test\/es\/home-en\/\" \/>\n<meta property=\"og:site_name\" content=\"TEST - SMND\" \/>\n<meta property=\"article:publisher\" content=\"https:\/\/www.facebook.com\/shrimataji\" \/>\n<meta property=\"article:modified_time\" content=\"2026-03-11T23:49:02+00:00\" \/>\n<meta property=\"og:image\" content=\"https:\/\/shrimataji.org\/test\/wp-content\/uploads\/2018\/07\/fp11-e1588597806347.jpg\" \/>\n\t<meta property=\"og:image:width\" content=\"707\" \/>\n\t<meta property=\"og:image:height\" content=\"700\" \/>\n\t<meta property=\"og:image:type\" content=\"image\/jpeg\" \/>\n<meta name=\"twitter:card\" content=\"summary_large_image\" \/>\n<meta name=\"twitter:title\" content=\"Shri Mataji Nirmala Devi\" \/>\n<meta name=\"twitter:description\" content=\"A Life Dedicated to Humanity\" \/>\n<meta name=\"twitter:image\" content=\"https:\/\/shrimataji.org\/test\/wp-content\/uploads\/2018\/07\/fp11-e1588597806347.jpg\" \/>\n<meta name=\"twitter:site\" content=\"@shrimataji\" \/>\n<meta name=\"twitter:label1\" content=\"Est. reading time\" \/>\n\t<meta name=\"twitter:data1\" content=\"4 minutes\" \/>\n<script type=\"application\/ld+json\" class=\"yoast-schema-graph\">{\"@context\":\"https:\\\/\\\/schema.org\",\"@graph\":[{\"@type\":\"WebPage\",\"@id\":\"https:\\\/\\\/shrimataji.org\\\/test\\\/es\\\/home-en\\\/\",\"url\":\"https:\\\/\\\/shrimataji.org\\\/test\\\/es\\\/home-en\\\/\",\"name\":\"TEST - SMND\",\"isPartOf\":{\"@id\":\"https:\\\/\\\/shrimataji.org\\\/test\\\/#website\"},\"primaryImageOfPage\":{\"@id\":\"https:\\\/\\\/shrimataji.org\\\/test\\\/es\\\/home-en\\\/#primaryimage\"},\"image\":{\"@id\":\"https:\\\/\\\/shrimataji.org\\\/test\\\/es\\\/home-en\\\/#primaryimage\"},\"thumbnailUrl\":\"https:\\\/\\\/shrimataji.org\\\/test\\\/wp-content\\\/uploads\\\/2018\\\/07\\\/media_originals\\\/images\\\/shri-mataji-portraits\\\/shri-mataji-in-belgium-1984.jpg\",\"datePublished\":\"2018-07-06T01:24:02+00:00\",\"dateModified\":\"2026-03-11T23:49:02+00:00\",\"description\":\"A Life Dedicated to Humanity\",\"breadcrumb\":{\"@id\":\"https:\\\/\\\/shrimataji.org\\\/test\\\/es\\\/home-en\\\/#breadcrumb\"},\"inLanguage\":\"en-US\",\"potentialAction\":[{\"@type\":\"ReadAction\",\"target\":[\"https:\\\/\\\/shrimataji.org\\\/test\\\/es\\\/home-en\\\/\"]}]},{\"@type\":\"ImageObject\",\"inLanguage\":\"en-US\",\"@id\":\"https:\\\/\\\/shrimataji.org\\\/test\\\/es\\\/home-en\\\/#primaryimage\",\"url\":\"https:\\\/\\\/shrimataji.org\\\/test\\\/wp-content\\\/uploads\\\/2018\\\/07\\\/media_originals\\\/images\\\/shri-mataji-portraits\\\/shri-mataji-in-belgium-1984.jpg\",\"contentUrl\":\"https:\\\/\\\/shrimataji.org\\\/test\\\/wp-content\\\/uploads\\\/2018\\\/07\\\/media_originals\\\/images\\\/shri-mataji-portraits\\\/shri-mataji-in-belgium-1984.jpg\",\"width\":1500,\"height\":975},{\"@type\":\"BreadcrumbList\",\"@id\":\"https:\\\/\\\/shrimataji.org\\\/test\\\/es\\\/home-en\\\/#breadcrumb\",\"itemListElement\":[{\"@type\":\"ListItem\",\"position\":1,\"name\":\"Home\",\"item\":\"https:\\\/\\\/shrimataji.org\\\/test\\\/uk\\\/home-en\\\/\"},{\"@type\":\"ListItem\",\"position\":2,\"name\":\"Home EN\"}]},{\"@type\":\"WebSite\",\"@id\":\"https:\\\/\\\/shrimataji.org\\\/test\\\/#website\",\"url\":\"https:\\\/\\\/shrimataji.org\\\/test\\\/\",\"name\":\"Shri Mataji Nirmala Devi\",\"description\":\"A Life Dedicated to Humanity\",\"publisher\":{\"@id\":\"https:\\\/\\\/shrimataji.org\\\/test\\\/#\\\/schema\\\/person\\\/a1b3419c6585f164aa96da1ff85715d1\"},\"potentialAction\":[{\"@type\":\"SearchAction\",\"target\":{\"@type\":\"EntryPoint\",\"urlTemplate\":\"https:\\\/\\\/shrimataji.org\\\/test\\\/?s={search_term_string}\"},\"query-input\":{\"@type\":\"PropertyValueSpecification\",\"valueRequired\":true,\"valueName\":\"search_term_string\"}}],\"inLanguage\":\"en-US\"},{\"@type\":[\"Person\",\"Organization\"],\"@id\":\"https:\\\/\\\/shrimataji.org\\\/test\\\/#\\\/schema\\\/person\\\/a1b3419c6585f164aa96da1ff85715d1\",\"name\":\"Nirmala Shrivastava\",\"image\":{\"@type\":\"ImageObject\",\"inLanguage\":\"en-US\",\"@id\":\"https:\\\/\\\/shrimataji.org\\\/test\\\/wp-content\\\/uploads\\\/2023\\\/02\\\/SMO_LOGO-03.svg\",\"url\":\"https:\\\/\\\/shrimataji.org\\\/test\\\/wp-content\\\/uploads\\\/2023\\\/02\\\/SMO_LOGO-03.svg\",\"contentUrl\":\"https:\\\/\\\/shrimataji.org\\\/test\\\/wp-content\\\/uploads\\\/2023\\\/02\\\/SMO_LOGO-03.svg\",\"width\":\"1024\",\"height\":\"1024\",\"caption\":\"Nirmala Shrivastava\"},\"logo\":{\"@id\":\"https:\\\/\\\/shrimataji.org\\\/test\\\/wp-content\\\/uploads\\\/2023\\\/02\\\/SMO_LOGO-03.svg\"},\"sameAs\":[\"https:\\\/\\\/shrimataji.org\\\/test\",\"https:\\\/\\\/www.facebook.com\\\/shrimataji\",\"https:\\\/\\\/x.com\\\/shrimataji\",\"https:\\\/\\\/www.youtube.com\\\/@Shri_Mataji_Nirmala_Devi\\\/featured\"]}]}<\/script>\n<!-- \/ Yoast SEO plugin. -->","yoast_head_json":{"title":"TEST - SMND","description":"A Life Dedicated to Humanity","robots":{"index":"noindex","follow":"follow","max-snippet":"max-snippet:-1","max-image-preview":"max-image-preview:large","max-video-preview":"max-video-preview:-1"},"og_locale":"en_US","og_type":"article","og_title":"Shri Mataji Nirmala Devi","og_description":"A Life Dedicated to Humanity","og_url":"https:\/\/shrimataji.org\/test\/es\/home-en\/","og_site_name":"TEST - SMND","article_publisher":"https:\/\/www.facebook.com\/shrimataji","article_modified_time":"2026-03-11T23:49:02+00:00","og_image":[{"width":707,"height":700,"url":"https:\/\/shrimataji.org\/test\/wp-content\/uploads\/2018\/07\/fp11-e1588597806347.jpg","type":"image\/jpeg"}],"twitter_card":"summary_large_image","twitter_title":"Shri Mataji Nirmala Devi","twitter_description":"A Life Dedicated to Humanity","twitter_image":"https:\/\/shrimataji.org\/test\/wp-content\/uploads\/2018\/07\/fp11-e1588597806347.jpg","twitter_site":"@shrimataji","twitter_misc":{"Est. reading time":"4 minutes"},"schema":{"@context":"https:\/\/schema.org","@graph":[{"@type":"WebPage","@id":"https:\/\/shrimataji.org\/test\/es\/home-en\/","url":"https:\/\/shrimataji.org\/test\/es\/home-en\/","name":"TEST - SMND","isPartOf":{"@id":"https:\/\/shrimataji.org\/test\/#website"},"primaryImageOfPage":{"@id":"https:\/\/shrimataji.org\/test\/es\/home-en\/#primaryimage"},"image":{"@id":"https:\/\/shrimataji.org\/test\/es\/home-en\/#primaryimage"},"thumbnailUrl":"https:\/\/shrimataji.org\/test\/wp-content\/uploads\/2018\/07\/media_originals\/images\/shri-mataji-portraits\/shri-mataji-in-belgium-1984.jpg","datePublished":"2018-07-06T01:24:02+00:00","dateModified":"2026-03-11T23:49:02+00:00","description":"A Life Dedicated to Humanity","breadcrumb":{"@id":"https:\/\/shrimataji.org\/test\/es\/home-en\/#breadcrumb"},"inLanguage":"en-US","potentialAction":[{"@type":"ReadAction","target":["https:\/\/shrimataji.org\/test\/es\/home-en\/"]}]},{"@type":"ImageObject","inLanguage":"en-US","@id":"https:\/\/shrimataji.org\/test\/es\/home-en\/#primaryimage","url":"https:\/\/shrimataji.org\/test\/wp-content\/uploads\/2018\/07\/media_originals\/images\/shri-mataji-portraits\/shri-mataji-in-belgium-1984.jpg","contentUrl":"https:\/\/shrimataji.org\/test\/wp-content\/uploads\/2018\/07\/media_originals\/images\/shri-mataji-portraits\/shri-mataji-in-belgium-1984.jpg","width":1500,"height":975},{"@type":"BreadcrumbList","@id":"https:\/\/shrimataji.org\/test\/es\/home-en\/#breadcrumb","itemListElement":[{"@type":"ListItem","position":1,"name":"Home","item":"https:\/\/shrimataji.org\/test\/uk\/home-en\/"},{"@type":"ListItem","position":2,"name":"Home EN"}]},{"@type":"WebSite","@id":"https:\/\/shrimataji.org\/test\/#website","url":"https:\/\/shrimataji.org\/test\/","name":"Shri Mataji Nirmala Devi","description":"A Life Dedicated to Humanity","publisher":{"@id":"https:\/\/shrimataji.org\/test\/#\/schema\/person\/a1b3419c6585f164aa96da1ff85715d1"},"potentialAction":[{"@type":"SearchAction","target":{"@type":"EntryPoint","urlTemplate":"https:\/\/shrimataji.org\/test\/?s={search_term_string}"},"query-input":{"@type":"PropertyValueSpecification","valueRequired":true,"valueName":"search_term_string"}}],"inLanguage":"en-US"},{"@type":["Person","Organization"],"@id":"https:\/\/shrimataji.org\/test\/#\/schema\/person\/a1b3419c6585f164aa96da1ff85715d1","name":"Nirmala Shrivastava","image":{"@type":"ImageObject","inLanguage":"en-US","@id":"https:\/\/shrimataji.org\/test\/wp-content\/uploads\/2023\/02\/SMO_LOGO-03.svg","url":"https:\/\/shrimataji.org\/test\/wp-content\/uploads\/2023\/02\/SMO_LOGO-03.svg","contentUrl":"https:\/\/shrimataji.org\/test\/wp-content\/uploads\/2023\/02\/SMO_LOGO-03.svg","width":"1024","height":"1024","caption":"Nirmala Shrivastava"},"logo":{"@id":"https:\/\/shrimataji.org\/test\/wp-content\/uploads\/2023\/02\/SMO_LOGO-03.svg"},"sameAs":["https:\/\/shrimataji.org\/test","https:\/\/www.facebook.com\/shrimataji","https:\/\/x.com\/shrimataji","https:\/\/www.youtube.com\/@Shri_Mataji_Nirmala_Devi\/featured"]}]}},"lang":"es","translations":{"es":10946,"ur":28779,"en":5,"am":18011,"th":19959,"hu":19488,"sq":18412,"zh":17309,"hi":8573,"tr":10167,"pl":10244,"pt":10379,"fr":10751,"it":10849,"ru":11431,"bn":11623,"te":11731,"sw":11854,"he":12002,"el":12293,"sk":12391,"fa":12489,"bg":13483,"ro":14558,"cs":14751,"de":15376,"ja":16420,"nl":16572,"ku":16732,"ar":16908,"be":18619,"kn":18893,"mr":20323,"uk":20615,"ml":20912,"ta":22727,"sv":23000,"bs":27286,"fi":28770,"gu":28935,"pa":29004,"fil":29446,"sd":31000,"da":37751,"nn":38303},"pll_sync_post":[],"_links":{"self":[{"href":"https:\/\/shrimataji.org\/test\/wp-json\/wp\/v2\/pages\/10946","targetHints":{"allow":["GET"]}}],"collection":[{"href":"https:\/\/shrimataji.org\/test\/wp-json\/wp\/v2\/pages"}],"about":[{"href":"https:\/\/shrimataji.org\/test\/wp-json\/wp\/v2\/types\/page"}],"author":[{"embeddable":true,"href":"https:\/\/shrimataji.org\/test\/wp-json\/wp\/v2\/users\/63"}],"replies":[{"embeddable":true,"href":"https:\/\/shrimataji.org\/test\/wp-json\/wp\/v2\/comments?post=10946"}],"version-history":[{"count":0,"href":"https:\/\/shrimataji.org\/test\/wp-json\/wp\/v2\/pages\/10946\/revisions"}],"wp:featuredmedia":[{"embeddable":true,"href":"https:\/\/shrimataji.org\/test\/wp-json\/wp\/v2\/media\/276"}],"wp:attachment":[{"href":"https:\/\/shrimataji.org\/test\/wp-json\/wp\/v2\/media?parent=10946"}],"curies":[{"name":"wp","href":"https:\/\/api.w.org\/{rel}","templated":true}]}}