{"id":10947,"date":"2018-07-10T06:54:50","date_gmt":"2018-07-10T06:54:50","guid":{"rendered":"http:\/\/testwordpress.nirmalnagari.org\/smnd\/index.php\/house-and-home\/"},"modified":"2026-03-11T23:48:59","modified_gmt":"2026-03-11T23:48:59","slug":"casa-y-hogar","status":"publish","type":"page","link":"https:\/\/shrimataji.org\/test\/es\/casa-y-hogar\/","title":{"rendered":"Casa y Hogar"},"content":{"rendered":"\n\n\t<h1>Casa y Hogar<\/h1>\n<h2>Donde el Mundo Entero es una familia<\/h2>\n<figure itemscope itemtype=\"https:\/\/schema.org\/ImageObject\">\n\t\t\t\t<img decoding=\"async\" src=\"https:\/\/shrimataji.org\/test\/wp-content\/uploads\/2025\/07\/Spa_shri-mataji-in-england-1.jpg\" alt=\"Shri Mataji con m\u00fasicos en Inglaterra\" height=\"1044\" width=\"1500\" title=\"Spa_shri-mataji-in-england\" onerror=\"this.style.display='none'\" loading=\"lazy\" \/>\n\t\t<figcaption>Shri Mataji con m\u00fasicos en Inglaterra<\/figcaption>\n\t<\/figure>\n\t<p>El hermano menor de Shri Mataji, Hemant Prasad Rao Salve (conocido como &#8220;H.P.&#8221;), a menudo se quedaba con Ella mientras se preparaba para sus ex\u00e1menes de contabilidad. El Sr. Salve recordaba el cuidado y la atenci\u00f3n que le daba su hermana en esos momentos, incluso qued\u00e1ndose despierta hasta tarde para prepararle su habitual taza de t\u00e9 a medianoche. Ella primero acostaba a sus hijas, luego &#8220;&#8230; despu\u00e9s de masajear mi cabeza durante aproximadamente una hora, iba y preparaba una taza de t\u00e9 caliente&#8221;.<a href=\"#citation-note-1\" rel=\"noopener\">[1]<\/a><\/p>\n<p>Despu\u00e9s de sus ex\u00e1menes, Shri Mataji llevaba a su hermano a conciertos de m\u00fasicos eminentes. Ella fue de los primeros vicepresidentes que tuvo <i>Sur Singar Samsad<\/i>, una organizaci\u00f3n cultural que fomenta programas musicales (se puede encontrar actualmente en Facebook), tambi\u00e9n fue miembro del Club de M\u00fasica de Bombay y era invitada a menudo a todo tipo de conciertos. El se\u00f1or Salve recordaba el inmenso privilegio de escuchar a grandes artistas como Bismillah Khan, Amir Khan, Bhinsen Joshi, Shivkumar Sharma y Vilayat Khan. A\u00f1os m\u00e1s tarde, muchos m\u00fasicos de renombre tocar\u00edan personalmente para Shri Mataji, como Amjad Ali Khan, Hariprasad Chaurasia y Debu Chaudhari.<\/p>\n<figure itemscope itemtype=\"https:\/\/schema.org\/ImageObject\">\n\t\t\t\t<img decoding=\"async\" src=\"https:\/\/shrimataji.org\/test\/wp-content\/uploads\/2025\/07\/Spa_shri-mataji-with-her-brother-hp-salve-babamama-1.jpg\" alt=\"Shri Mataji con Babamama- HP Salve\" height=\"422\" width=\"640\" title=\"Spa_shri-mataji-with-her-brother-hp-salve-babamama\" onerror=\"this.style.display='none'\" loading=\"lazy\" \/>\n\t\t<figcaption>Shri Mataji con Babamama- HP Salve<\/figcaption>\n\t<\/figure>\n\t<p>En 1961, Shri Mataji lanz\u00f3 la <i>Youth Society for Films<\/i> (Sociedad de Cine Juvenil) para fomentar los valores nacionales, sociales y morales en los j\u00f3venes. Tambi\u00e9n fue miembro de la Junta de Censura Cinematogr\u00e1fica de Mumbai.<\/p>\n<figure itemscope itemtype=\"https:\/\/schema.org\/ImageObject\">\n\t\t\t\t<img decoding=\"async\" src=\"https:\/\/shrimataji.org\/test\/wp-content\/uploads\/2025\/07\/Spa_shri-mataji-attending-the-film-fare-award-ceremony-in-bombay-1.jpg\" alt=\"Shri Mataji asistiendo a los Premios FilmFare en Mumbai, a\u00f1os 70\" height=\"446\" width=\"663\" title=\"Spa_shri-mataji-attending-the-film-fare-award-ceremony-in-bombay\" onerror=\"this.style.display='none'\" loading=\"lazy\" \/>\n\t\t<figcaption>Shri Mataji asistiendo a los Premios FilmFare en Mumbai, a\u00f1os 70<\/figcaption>\n\t<\/figure>\n<figure itemscope itemtype=\"https:\/\/schema.org\/ImageObject\">\n\t\t\t\t<img decoding=\"async\" src=\"https:\/\/shrimataji.org\/test\/wp-content\/uploads\/2025\/07\/Spa_shri-mataji-nirmala-devi-with-indian-film-board-members-in-mumbai-1.jpg\" alt=\"Shri Mataji con miembros de la Junta de Premios Cinematogr\u00e1ficos en Mumbai\" height=\"512\" width=\"648\" title=\"Spa_shri-mataji-nirmala-devi-with-indian-film-board-members-in-mumbai\" onerror=\"this.style.display='none'\" loading=\"lazy\" \/>\n\t\t<figcaption>Shri Mataji con miembros de la Junta de Premios Cinematogr\u00e1ficos en Mumbai<\/figcaption>\n\t<\/figure>\n\t<p>&#8220;&#8230; Shri Mataji hab\u00eda comenzado a construir una casa en Lucknow&#8221;, recordaba H.P. Salve. Cuando Ella viajaba a Jabalpur para comprar m\u00e1rmol a granel, \u00e9l a menudo la acompa\u00f1aba y admiraba su capacidad para conseguir materiales de alta calidad y valor est\u00e9tico, en su lugar de origen y por un excelente precio. Esta habilidad sigui\u00f3 siendo \u00fatil a trav\u00e9s de los a\u00f1os, pues Shri Mataji supervis\u00f3 la construcci\u00f3n y renovaci\u00f3n de muchas casas. Encargarse de la reparaci\u00f3n de propiedades en ruinas se convirti\u00f3 en una actividad en la vida de Shri Mataji, similar a Su capacidad de acoger en su hogar a personas necesitadas y ayudarlas a recuperar el equilibrio y la salud.<\/p>\n<figure itemscope itemtype=\"https:\/\/schema.org\/ImageObject\">\n\t\t\t\t<img decoding=\"async\" src=\"https:\/\/shrimataji.org\/test\/wp-content\/uploads\/2025\/07\/Spa_Prasthisthan_Outside-1.jpg\" alt=\"La casa de Shri Mataji en Prathisthan, Pune\" height=\"1333\" width=\"2000\" title=\"Spa_Prasthisthan_Outside\" onerror=\"this.style.display='none'\" loading=\"lazy\" \/>\n\t\t<figcaption>La casa de Shri Mataji en Prathisthan, Pune<\/figcaption>\n\t<\/figure>\n<figure itemscope itemtype=\"https:\/\/schema.org\/ImageObject\">\n\t\t\t\t<img decoding=\"async\" src=\"https:\/\/shrimataji.org\/test\/wp-content\/uploads\/2025\/07\/Spa_Prasthisthan_Inside1-1.jpg\" alt=\"La casa de Shri Mataji en Prathisthan, Pune\" height=\"800\" width=\"1200\" title=\"Spa_Prasthisthan_Inside1\" onerror=\"this.style.display='none'\" loading=\"lazy\" \/>\n\t\t<figcaption>La casa de Shri Mataji en Prathisthan, Pune<\/figcaption>\n\t<\/figure>\n\t<p>El Sr. Salve escribi\u00f3 en sus memorias: &#8220;Despu\u00e9s de que Ella encargara el m\u00e1rmol, fuimos a visitar a una prima nuestra. Su hija result\u00f3 ser estudiante de un profesor del Robertson College, que daba discursos espirituales. Conociendo la inclinaci\u00f3n de Shri Mataji hacia la espiritualidad, mi prima organiz\u00f3 una reuni\u00f3n entre Shri Mataji y el profesor. Al ver a Nirmala, \u00e9l corri\u00f3 con los brazos levantados hacia ella, exclamando: &#8216;Oh Madre &#8230; \u00a1He estado esperando conocerte por tanto tiempo! Y hoy mi sue\u00f1o se ha cumplido&#8217;. Diciendo esto, se postr\u00f3 a los pies de Sri Mataji. Fui testigo personal de todo esto, y tambi\u00e9n lo fueron mi prima y su hija&#8221;.<\/p>\n<p>Esto fue en 1961, a\u00fan no era el momento en el que Nirmala asumir\u00eda su trabajo espiritual. Amorosa y devota esposa y madre, Ella esper\u00f3 hasta que sus dos hijas crecieran y se casaran.<\/p>\n\t<h5>&#8220;Para Poner El Mundo En Orden, Primero Tenemos Que Poner La Naci\u00f3n En Orden; Para Poner La Naci\u00f3n En Orden, Primero Tenemos Que Poner La Familia En Orden; Para Poner A Familia En Orden, Primero Tenemos Que Cultivar Nuestra Vida Personal; Y Para Cultivar Nuestra Vida Personal, Primero Tenemos Que Poner Nuestros Corazones En El Lugar Correcto.&#8221;<\/h5>\n<h5>Confucio<\/h5>\n\t<hr \/>\n<h3>1. <a id=\"citation-note-1\">^<\/a>\u00a0 H. P. Salve, &#8216;My Memoirs&#8217; New Delhi: Life Eternal Trust, 2000.<\/h3>\n\n","protected":false},"excerpt":{"rendered":"<p>Casa y Hogar Donde el Mundo Entero es una familia Shri Mataji con m\u00fasicos en Inglaterra El hermano menor de Shri Mataji, Hemant Prasad Rao Salve (conocido como &#8220;H.P.&#8221;), a menudo se quedaba con Ella mientras se preparaba para sus ex\u00e1menes de contabilidad. El Sr. Salve recordaba el cuidado y la atenci\u00f3n que le daba&hellip; <br \/> <a class=\"read-more\" href=\"https:\/\/shrimataji.org\/test\/es\/casa-y-hogar\/\">Read more<\/a><\/p>\n","protected":false},"author":63,"featured_media":9509,"parent":0,"menu_order":0,"comment_status":"closed","ping_status":"closed","template":"","meta":{"inline_featured_image":false,"footnotes":""},"class_list":["post-10947","page","type-page","status-publish","has-post-thumbnail","hentry"],"yoast_head":"<!-- This site is optimized with the Yoast SEO plugin v27.4 - https:\/\/yoast.com\/product\/yoast-seo-wordpress\/ -->\n<title>Casa y Hogar - TEST - SMND<\/title>\n<meta name=\"robots\" content=\"noindex, follow, max-snippet:-1, max-image-preview:large, max-video-preview:-1\" \/>\n<meta property=\"og:locale\" content=\"en_US\" \/>\n<meta property=\"og:type\" content=\"article\" \/>\n<meta property=\"og:title\" content=\"Casa y Hogar - TEST - SMND\" \/>\n<meta property=\"og:description\" content=\"Casa y Hogar Donde el Mundo Entero es una familia Shri Mataji con m\u00fasicos en Inglaterra El hermano menor de Shri Mataji, Hemant Prasad Rao Salve (conocido como &#8220;H.P.&#8221;), a menudo se quedaba con Ella mientras se preparaba para sus ex\u00e1menes de contabilidad. El Sr. Salve recordaba el cuidado y la atenci\u00f3n que le daba&hellip; Read more\" \/>\n<meta property=\"og:url\" content=\"https:\/\/shrimataji.org\/test\/es\/casa-y-hogar\/\" \/>\n<meta property=\"og:site_name\" content=\"TEST - SMND\" \/>\n<meta property=\"article:publisher\" content=\"https:\/\/www.facebook.com\/shrimataji\" \/>\n<meta property=\"article:modified_time\" content=\"2026-03-11T23:48:59+00:00\" \/>\n<meta property=\"og:image\" content=\"https:\/\/shrimataji.org\/test\/wp-content\/uploads\/2023\/03\/3_Banner_EarlyLife-House-scaled.jpg\" \/>\n\t<meta property=\"og:image:width\" content=\"2560\" \/>\n\t<meta property=\"og:image:height\" content=\"905\" \/>\n\t<meta property=\"og:image:type\" content=\"image\/jpeg\" \/>\n<meta name=\"twitter:card\" content=\"summary_large_image\" \/>\n<meta name=\"twitter:site\" content=\"@shrimataji\" \/>\n<meta name=\"twitter:label1\" content=\"Est. reading time\" \/>\n\t<meta name=\"twitter:data1\" content=\"4 minutes\" \/>\n<script type=\"application\/ld+json\" class=\"yoast-schema-graph\">{\"@context\":\"https:\\\/\\\/schema.org\",\"@graph\":[{\"@type\":\"WebPage\",\"@id\":\"https:\\\/\\\/shrimataji.org\\\/test\\\/es\\\/casa-y-hogar\\\/\",\"url\":\"https:\\\/\\\/shrimataji.org\\\/test\\\/es\\\/casa-y-hogar\\\/\",\"name\":\"Casa y Hogar - TEST - SMND\",\"isPartOf\":{\"@id\":\"https:\\\/\\\/shrimataji.org\\\/test\\\/#website\"},\"primaryImageOfPage\":{\"@id\":\"https:\\\/\\\/shrimataji.org\\\/test\\\/es\\\/casa-y-hogar\\\/#primaryimage\"},\"image\":{\"@id\":\"https:\\\/\\\/shrimataji.org\\\/test\\\/es\\\/casa-y-hogar\\\/#primaryimage\"},\"thumbnailUrl\":\"https:\\\/\\\/shrimataji.org\\\/test\\\/wp-content\\\/uploads\\\/2023\\\/03\\\/3_Banner_EarlyLife-House-scaled.jpg\",\"datePublished\":\"2018-07-10T06:54:50+00:00\",\"dateModified\":\"2026-03-11T23:48:59+00:00\",\"breadcrumb\":{\"@id\":\"https:\\\/\\\/shrimataji.org\\\/test\\\/es\\\/casa-y-hogar\\\/#breadcrumb\"},\"inLanguage\":\"en-US\",\"potentialAction\":[{\"@type\":\"ReadAction\",\"target\":[\"https:\\\/\\\/shrimataji.org\\\/test\\\/es\\\/casa-y-hogar\\\/\"]}]},{\"@type\":\"ImageObject\",\"inLanguage\":\"en-US\",\"@id\":\"https:\\\/\\\/shrimataji.org\\\/test\\\/es\\\/casa-y-hogar\\\/#primaryimage\",\"url\":\"https:\\\/\\\/shrimataji.org\\\/test\\\/wp-content\\\/uploads\\\/2023\\\/03\\\/3_Banner_EarlyLife-House-scaled.jpg\",\"contentUrl\":\"https:\\\/\\\/shrimataji.org\\\/test\\\/wp-content\\\/uploads\\\/2023\\\/03\\\/3_Banner_EarlyLife-House-scaled.jpg\",\"width\":2560,\"height\":905},{\"@type\":\"BreadcrumbList\",\"@id\":\"https:\\\/\\\/shrimataji.org\\\/test\\\/es\\\/casa-y-hogar\\\/#breadcrumb\",\"itemListElement\":[{\"@type\":\"ListItem\",\"position\":1,\"name\":\"Home\",\"item\":\"https:\\\/\\\/shrimataji.org\\\/test\\\/uk\\\/home-en\\\/\"},{\"@type\":\"ListItem\",\"position\":2,\"name\":\"Casa y Hogar\"}]},{\"@type\":\"WebSite\",\"@id\":\"https:\\\/\\\/shrimataji.org\\\/test\\\/#website\",\"url\":\"https:\\\/\\\/shrimataji.org\\\/test\\\/\",\"name\":\"Shri Mataji Nirmala Devi\",\"description\":\"A Life Dedicated to Humanity\",\"publisher\":{\"@id\":\"https:\\\/\\\/shrimataji.org\\\/test\\\/#\\\/schema\\\/person\\\/a1b3419c6585f164aa96da1ff85715d1\"},\"potentialAction\":[{\"@type\":\"SearchAction\",\"target\":{\"@type\":\"EntryPoint\",\"urlTemplate\":\"https:\\\/\\\/shrimataji.org\\\/test\\\/?s={search_term_string}\"},\"query-input\":{\"@type\":\"PropertyValueSpecification\",\"valueRequired\":true,\"valueName\":\"search_term_string\"}}],\"inLanguage\":\"en-US\"},{\"@type\":[\"Person\",\"Organization\"],\"@id\":\"https:\\\/\\\/shrimataji.org\\\/test\\\/#\\\/schema\\\/person\\\/a1b3419c6585f164aa96da1ff85715d1\",\"name\":\"Nirmala Shrivastava\",\"image\":{\"@type\":\"ImageObject\",\"inLanguage\":\"en-US\",\"@id\":\"https:\\\/\\\/shrimataji.org\\\/test\\\/wp-content\\\/uploads\\\/2023\\\/02\\\/SMO_LOGO-03.svg\",\"url\":\"https:\\\/\\\/shrimataji.org\\\/test\\\/wp-content\\\/uploads\\\/2023\\\/02\\\/SMO_LOGO-03.svg\",\"contentUrl\":\"https:\\\/\\\/shrimataji.org\\\/test\\\/wp-content\\\/uploads\\\/2023\\\/02\\\/SMO_LOGO-03.svg\",\"width\":\"1024\",\"height\":\"1024\",\"caption\":\"Nirmala Shrivastava\"},\"logo\":{\"@id\":\"https:\\\/\\\/shrimataji.org\\\/test\\\/wp-content\\\/uploads\\\/2023\\\/02\\\/SMO_LOGO-03.svg\"},\"sameAs\":[\"https:\\\/\\\/shrimataji.org\\\/test\",\"https:\\\/\\\/www.facebook.com\\\/shrimataji\",\"https:\\\/\\\/x.com\\\/shrimataji\",\"https:\\\/\\\/www.youtube.com\\\/@Shri_Mataji_Nirmala_Devi\\\/featured\"]}]}<\/script>\n<!-- \/ Yoast SEO plugin. -->","yoast_head_json":{"title":"Casa y Hogar - TEST - SMND","robots":{"index":"noindex","follow":"follow","max-snippet":"max-snippet:-1","max-image-preview":"max-image-preview:large","max-video-preview":"max-video-preview:-1"},"og_locale":"en_US","og_type":"article","og_title":"Casa y Hogar - TEST - SMND","og_description":"Casa y Hogar Donde el Mundo Entero es una familia Shri Mataji con m\u00fasicos en Inglaterra El hermano menor de Shri Mataji, Hemant Prasad Rao Salve (conocido como &#8220;H.P.&#8221;), a menudo se quedaba con Ella mientras se preparaba para sus ex\u00e1menes de contabilidad. El Sr. Salve recordaba el cuidado y la atenci\u00f3n que le daba&hellip; Read more","og_url":"https:\/\/shrimataji.org\/test\/es\/casa-y-hogar\/","og_site_name":"TEST - SMND","article_publisher":"https:\/\/www.facebook.com\/shrimataji","article_modified_time":"2026-03-11T23:48:59+00:00","og_image":[{"width":2560,"height":905,"url":"https:\/\/shrimataji.org\/test\/wp-content\/uploads\/2023\/03\/3_Banner_EarlyLife-House-scaled.jpg","type":"image\/jpeg"}],"twitter_card":"summary_large_image","twitter_site":"@shrimataji","twitter_misc":{"Est. reading time":"4 minutes"},"schema":{"@context":"https:\/\/schema.org","@graph":[{"@type":"WebPage","@id":"https:\/\/shrimataji.org\/test\/es\/casa-y-hogar\/","url":"https:\/\/shrimataji.org\/test\/es\/casa-y-hogar\/","name":"Casa y Hogar - TEST - SMND","isPartOf":{"@id":"https:\/\/shrimataji.org\/test\/#website"},"primaryImageOfPage":{"@id":"https:\/\/shrimataji.org\/test\/es\/casa-y-hogar\/#primaryimage"},"image":{"@id":"https:\/\/shrimataji.org\/test\/es\/casa-y-hogar\/#primaryimage"},"thumbnailUrl":"https:\/\/shrimataji.org\/test\/wp-content\/uploads\/2023\/03\/3_Banner_EarlyLife-House-scaled.jpg","datePublished":"2018-07-10T06:54:50+00:00","dateModified":"2026-03-11T23:48:59+00:00","breadcrumb":{"@id":"https:\/\/shrimataji.org\/test\/es\/casa-y-hogar\/#breadcrumb"},"inLanguage":"en-US","potentialAction":[{"@type":"ReadAction","target":["https:\/\/shrimataji.org\/test\/es\/casa-y-hogar\/"]}]},{"@type":"ImageObject","inLanguage":"en-US","@id":"https:\/\/shrimataji.org\/test\/es\/casa-y-hogar\/#primaryimage","url":"https:\/\/shrimataji.org\/test\/wp-content\/uploads\/2023\/03\/3_Banner_EarlyLife-House-scaled.jpg","contentUrl":"https:\/\/shrimataji.org\/test\/wp-content\/uploads\/2023\/03\/3_Banner_EarlyLife-House-scaled.jpg","width":2560,"height":905},{"@type":"BreadcrumbList","@id":"https:\/\/shrimataji.org\/test\/es\/casa-y-hogar\/#breadcrumb","itemListElement":[{"@type":"ListItem","position":1,"name":"Home","item":"https:\/\/shrimataji.org\/test\/uk\/home-en\/"},{"@type":"ListItem","position":2,"name":"Casa y Hogar"}]},{"@type":"WebSite","@id":"https:\/\/shrimataji.org\/test\/#website","url":"https:\/\/shrimataji.org\/test\/","name":"Shri Mataji Nirmala Devi","description":"A Life Dedicated to Humanity","publisher":{"@id":"https:\/\/shrimataji.org\/test\/#\/schema\/person\/a1b3419c6585f164aa96da1ff85715d1"},"potentialAction":[{"@type":"SearchAction","target":{"@type":"EntryPoint","urlTemplate":"https:\/\/shrimataji.org\/test\/?s={search_term_string}"},"query-input":{"@type":"PropertyValueSpecification","valueRequired":true,"valueName":"search_term_string"}}],"inLanguage":"en-US"},{"@type":["Person","Organization"],"@id":"https:\/\/shrimataji.org\/test\/#\/schema\/person\/a1b3419c6585f164aa96da1ff85715d1","name":"Nirmala Shrivastava","image":{"@type":"ImageObject","inLanguage":"en-US","@id":"https:\/\/shrimataji.org\/test\/wp-content\/uploads\/2023\/02\/SMO_LOGO-03.svg","url":"https:\/\/shrimataji.org\/test\/wp-content\/uploads\/2023\/02\/SMO_LOGO-03.svg","contentUrl":"https:\/\/shrimataji.org\/test\/wp-content\/uploads\/2023\/02\/SMO_LOGO-03.svg","width":"1024","height":"1024","caption":"Nirmala Shrivastava"},"logo":{"@id":"https:\/\/shrimataji.org\/test\/wp-content\/uploads\/2023\/02\/SMO_LOGO-03.svg"},"sameAs":["https:\/\/shrimataji.org\/test","https:\/\/www.facebook.com\/shrimataji","https:\/\/x.com\/shrimataji","https:\/\/www.youtube.com\/@Shri_Mataji_Nirmala_Devi\/featured"]}]}},"lang":"es","translations":{"es":10947,"ur":37439,"en":440,"am":18013,"th":19962,"hu":19490,"sq":18414,"zh":17311,"tr":10168,"pt":10380,"de":10654,"fr":10752,"ja":11244,"ru":11432,"bn":11624,"te":11732,"sw":11855,"he":12003,"el":12294,"sk":12392,"fa":12490,"fi":12588,"bg":13445,"it":13527,"ro":14519,"cs":14712,"nl":16574,"ku":16734,"ar":16910,"be":18621,"kn":18895,"mr":20326,"uk":20618,"ml":20915,"ta":22729,"sv":23002,"gu":28846,"pa":29006,"fil":29448,"da":37753,"pl":37966,"nn":38305},"pll_sync_post":[],"_links":{"self":[{"href":"https:\/\/shrimataji.org\/test\/wp-json\/wp\/v2\/pages\/10947","targetHints":{"allow":["GET"]}}],"collection":[{"href":"https:\/\/shrimataji.org\/test\/wp-json\/wp\/v2\/pages"}],"about":[{"href":"https:\/\/shrimataji.org\/test\/wp-json\/wp\/v2\/types\/page"}],"author":[{"embeddable":true,"href":"https:\/\/shrimataji.org\/test\/wp-json\/wp\/v2\/users\/63"}],"replies":[{"embeddable":true,"href":"https:\/\/shrimataji.org\/test\/wp-json\/wp\/v2\/comments?post=10947"}],"version-history":[{"count":0,"href":"https:\/\/shrimataji.org\/test\/wp-json\/wp\/v2\/pages\/10947\/revisions"}],"wp:featuredmedia":[{"embeddable":true,"href":"https:\/\/shrimataji.org\/test\/wp-json\/wp\/v2\/media\/9509"}],"wp:attachment":[{"href":"https:\/\/shrimataji.org\/test\/wp-json\/wp\/v2\/media?parent=10947"}],"curies":[{"name":"wp","href":"https:\/\/api.w.org\/{rel}","templated":true}]}}