{"id":10954,"date":"2022-01-29T10:17:23","date_gmt":"2022-01-29T10:17:23","guid":{"rendered":"https:\/\/test.shrimataji.org\/?page_id=6401"},"modified":"2026-03-11T23:49:04","modified_gmt":"2026-03-11T23:49:04","slug":"kundalini-es","status":"publish","type":"page","link":"https:\/\/shrimataji.org\/test\/es\/kundalini-es\/","title":{"rendered":"Kundalini ESP"},"content":{"rendered":"\n\n\t<h1>Kundalini<\/h1>\n<h2>El Poder Evolutivo del Amor<\/h2>\n\t<div class=\"su-quote su-quote-style-default\"><div class=\"su-quote-inner su-u-clearfix su-u-trim\">Vi la Kundalini Primordial elev\u00e1ndose como un gran horno. Era muy silencioso pero con una apariencia ardiente, como cuando se calienta un metal y adquiere diferentes colores. Del mismo modo, la Kundalini se mostr\u00f3 como un inmenso horno o, podemos decir, como un horno que se desplegaba como un t\u00fanel. Como esas centrales que ten\u00e9is para quemar carb\u00f3n y crear electricidad. Se despleg\u00f3 como un telescopio uno detr\u00e1s de otro, \u00a1tchu!, \u00a1tchu!, \u00a1tchu! Se elev\u00f3 de este modo.<\/div><\/div>\n\t<h4>La experiencia espiritual innata de Shri Mataji del despertar de la Kundalini y su intrincado funcionamiento en nuestro sistema sutil se convirtieron en la base de la meditaci\u00f3n Sahaja Yoga, que ella difundi\u00f3 por el mundo. Como maestra y autoridad absoluta en este campo, ella describe en detalle c\u00f3mo la Kundalini entra en una etapa muy temprana de la formaci\u00f3n del feto, su naturaleza divina y las razones por las que esta poderosa fuerza divina de amor respeta nuestra libertad y no interfiere con nuestro libre albedr\u00edo.<\/h4>\n<p>S\u00f3lo nuestro puro deseo de experimentar la verdad absoluta desencadena el despertar de este poder espiritual en nuestra conciencia y conduce a nuestra autorrealizaci\u00f3n.<\/p>\n\t<p>En cada ser humano existe esta forma sutil, femenina y arquet\u00edpica de energ\u00eda espiritual ubicada en el hueso sacro, el hueso grande y triangular que hay en la base de la columna. Esta energ\u00eda femenina se conoce en s\u00e1nscrito como Kundalini, que significa enrollada, ya que est\u00e1 enrollada en tres espirales y media. Cuando la Kundalini se despierta, sube por la columna vertebral, pasa por nuestros centros de energ\u00eda, los <a href=\"https:\/\/shrimataji.org\/test\/es\/chakras-y-cualidades\/\" target=\"_blank\" rel=\"noopener\"><u>Chakras<\/u><\/a>, y sale por la fontanela, la parte de la cabeza que es blanda en los beb\u00e9s. Cuando la Kundalini pasa por la fontanela lo experimentamos como una suave brisa fresca, como si brotara de una fuente. Curiosamente, el nombre fontanela proviene de la antigua palabra francesa fontanelle, que significa &#8220;peque\u00f1a fuente&#8221;.<\/p>\n<p>La Kundalini es el reflejo del poder eterno del amor de Dios, fuente de toda la creaci\u00f3n. Es la fuerza universal que piensa, comprende, coordina, colabora y desarrolla todo en un patr\u00f3n armonioso, desde las part\u00edculas at\u00f3micas m\u00e1s peque\u00f1as hasta las formas de vida unicelulares.<\/p>\n<figure itemscope itemtype=\"https:\/\/schema.org\/ImageObject\">\n\t\t\t\t<img decoding=\"async\" src=\"https:\/\/shrimataji.org\/test\/wp-content\/uploads\/2026\/02\/ES-1a-Kundalini-scaled.png\" alt=\"ES-1a-Kundalini\" height=\"2560\" width=\"2467\" title=\"ES-1a-Kundalini\" onerror=\"this.style.display='none'\" loading=\"lazy\" \/>\n\t<\/figure>\n<figure itemscope itemtype=\"https:\/\/schema.org\/ImageObject\">\n\t\t\t\t<img decoding=\"async\" src=\"https:\/\/shrimataji.org\/test\/wp-content\/uploads\/2023\/02\/Sacrum-1-scaled.jpg\" alt=\"Sacrum\" height=\"2225\" width=\"2560\" title=\"Sacrum\" onerror=\"this.style.display='none'\" loading=\"lazy\" \/>\n\t<\/figure>\n\t<p>Shri Mataji se\u00f1al\u00f3 que aunque el conocimiento de la Kundalini se ha mantenido en secreto en ciertas sectas de las tradiciones del yoga, como los Natha Panthis, existen abundantes referencias al aspecto de la Kundalini en muchas culturas y tradiciones antiguas. Estas incluyen referencias antiguas al hueso triangular del final de la columna, donde reside la Kundalini, llamado &#8220;Os Sacrum&#8221;, que significa sagrado y es una traducci\u00f3n directa del griego &#8220;Hieron osteon&#8221; m\u00e1s antiguo. Tambi\u00e9n hay referencias en la cultura del antiguo Egipto, que consideraba este hueso sagrado para Osiris, el dios de la resurrecci\u00f3n y la agricultura. Tambi\u00e9n se encuentra una referencia a este hueso sagrado en el Salmo 34:20 de la Biblia &#8220;\u00c9l protege todos sus huesos, ninguno de ellos es quebrantado&#8221;. El Caduceo, que se convirti\u00f3 en s\u00edmbolo de la alquimia y la farmacia en la Europa medieval, muestra dos serpientes que trepan siete veces en espiral por un poste. Muchas obras de arte antiguas representan las tres espirales y media de la Kundalini. Todo esto indica que a lo largo de la historia las personas han sido guiadas inconscientemente por este poder sutil.<\/p>\n\t<div class=\"epyt-video-wrapper\"><div  data-ep-a=\"fadeIn\"  style=\"display: block; margin: 0px auto;\"  id=\"_ytid_86965\"  width=\"3840\" height=\"2160\"  data-origwidth=\"3840\" data-origheight=\"2160\" data-facadesrc=\"https:\/\/www.youtube.com\/embed\/d9vKBI_X_QY?enablejsapi=1&autoplay=0&cc_load_policy=0&cc_lang_pref=&iv_load_policy=1&loop=0&rel=0&fs=1&playsinline=1&autohide=2&theme=dark&color=red&controls=1&disablekb=0&\" class=\"__youtube_prefs__ epyt-facade  no-lazyload\" data-epautoplay=\"1\" ><img decoding=\"async\" data-spai-excluded=\"true\" class=\"epyt-facade-poster skip-lazy\" loading=\"lazy\"  alt=\"YouTube player\"  src=\"https:\/\/i.ytimg.com\/vi\/d9vKBI_X_QY\/maxresdefault.jpg\"  \/><button class=\"epyt-facade-play\" aria-label=\"Play\"><svg data-no-lazy=\"1\" height=\"100%\" version=\"1.1\" viewBox=\"0 0 68 48\" width=\"100%\"><path class=\"ytp-large-play-button-bg\" d=\"M66.52,7.74c-0.78-2.93-2.49-5.41-5.42-6.19C55.79,.13,34,0,34,0S12.21,.13,6.9,1.55 C3.97,2.33,2.27,4.81,1.48,7.74C0.06,13.05,0,24,0,24s0.06,10.95,1.48,16.26c0.78,2.93,2.49,5.41,5.42,6.19 C12.21,47.87,34,48,34,48s21.79-0.13,27.1-1.55c2.93-0.78,4.64-3.26,5.42-6.19C67.94,34.95,68,24,68,24S67.94,13.05,66.52,7.74z\" fill=\"#f00\"><\/path><path d=\"M 45,24 27,14 27,34\" fill=\"#fff\"><\/path><\/svg><\/button><\/div><\/div><span itemprop=\"video\" itemscope itemtype=\"http:\/\/schema.org\/VideoObject\"><meta itemprop=\"embedUrl\" content=\"https:\/\/www.youtube.com\/embed\/d9vKBI_X_QY\"><meta itemprop=\"name\" content=\"Kundalini, the pure desire\"><meta itemprop=\"description\" content=\"YouTube video\"><meta itemprop=\"thumbnailUrl\" content=\"https:\/\/i.ytimg.com\/vi\/d9vKBI_X_QY\/0.jpg\"><meta itemprop=\"duration\" content=\"PT3M57S\"><meta itemprop=\"uploadDate\" content=\"2022-11-12T03:31:46Z\"><\/span>\n\t<p>Shri Mataji aclar\u00f3 muchos conceptos falsos acerca de la peligrosidad del despertar de la Kundalini. Ella dio una clara analog\u00eda de la Kundalini como nuestra propia madre espiritual innata que acompa\u00f1a el viaje de nuestra vida a lo largo de muchos nacimientos, y que espera pacientemente hasta que deseemos tener nuestra autorrealizaci\u00f3n. En ninguna especie natural de la tierra sucede que una madre da\u00f1e a su propio hijo. Al contrario, es la madre quien protege, nutre y apoya al ni\u00f1o para que pueda alcanzar su m\u00e1ximo potencial evolutivo.<\/p>\n<h5>&#8220;Sin forma pero completa, existe antes que el cielo y la tierra. Silenciosa e ilimitada, sola e inmutable. Impregn\u00e1ndolo todo, incansable. Es la Madre de todas las cosas bajo el cielo. No s\u00e9 su nombre, as\u00ed que la llamo Tao&#8221;.<\/h5>\n<h5>Lao Tzu &#8211; Tao Te King<\/h5>\n<p>Esta experiencia m\u00edstica de la Kundalini fue descrita por muchos santos indios como Adi Shankaracharya (700 d.C.), Kabir (1400 d.C.) y Jnanadeva (1200 d.C.), entre otros.<\/p>\n<p>Normalmente la energ\u00eda Kundalini est\u00e1 dormida. El objetivo de la autorrealizaci\u00f3n es despertar esta energ\u00eda para que se manifiesten sus cualidades. Puede despertarse a trav\u00e9s de nuestro poder del deseo puro: el deseo de conocer nuestro verdadero ser, nuestro Esp\u00edritu. Nuestro verdadero ser a menudo nos queda oculto por nuestros propios pensamientos y emociones, pero cuando la Kundalini se eleva, espont\u00e1neamente nos lleva a un estado de meditaci\u00f3n, permitiendo que nuestro esp\u00edritu puro se manifieste en nuestra atenci\u00f3n silenciosa. As\u00ed, podemos desapegarnos de estos pensamientos y emociones para experimentar el gozo y la paz puros que existen eternamente dentro de todos nosotros.<\/p>\n<h5>&#8220;Alej\u00e1ndome del materialismo&#8230; Entr\u00e9 en el cielo de la mente y abr\u00ed la d\u00e9cima puerta. Los chakras de la energ\u00eda Kundalini enrollada se abrieron y me encontr\u00e9 con mi Rey Se\u00f1or Soberano sin miedo&#8221;<\/h5>\n<h5>Sant Kabir<\/h5>\n<p>Los efectos de la Kundalini se pueden sentir en el sistema sutil, representado a nivel f\u00edsico como el sistema nervioso central. Cuando la Kundalini asciende, pasa a trav\u00e9s de los Chakras correspondientes a los principales plexos nerviosos de nuestra columna. Shri Mataji explic\u00f3 que nuestra Kundalini puede imaginarse como una cuerda con millones de hebras. Cuando recibimos nuestra autorrealizaci\u00f3n, s\u00f3lo una o dos hebras encuentran su camino a trav\u00e9s de los Chakras para alcanzar el Sahasrara, en la coronilla de la cabeza. Con meditaci\u00f3n diaria, ascienden cada vez m\u00e1s hebras de Kundalini, fortaleciendo as\u00ed nuestra conexi\u00f3n con la experiencia de la meditaci\u00f3n, que se vuelve m\u00e1s profunda y dichosa.<\/p>\n<p>&nbsp;<\/p>\n<div class=\"su-quote su-quote-style-default\"><div class=\"su-quote-inner su-u-clearfix su-u-trim\">Ahora bien, el problema es c\u00f3mo eliminar el pensamiento de vuestra mente. Los pensamientos est\u00e1n en vuestra mente todo el tiempo&#8230; pero cuando la Kundalini asciende, lo que sucede es que estos pensamientos se dilatan&#8230; hay una brecha entre los pensamientos y esta brecha es el lugar de nuestra paz. Si logr\u00e1is esta paz, se podr\u00e1 lograr la paz mundial. Simplemente llevando pancartas, gritando por la paz, no se puede establecer la paz. La paz tiene que venir del coraz\u00f3n de los seres humanos. En el coraz\u00f3n de los seres humanos, la paz s\u00f3lo puede establecerse cuando se establece el Esp\u00edritu en su n\u00facleo, donde manifiesta la dicha de la paz. Cuando empez\u00e1is a disfrutar de la dicha de la paz, no quer\u00e9is guerras, no pens\u00e1is en una guerra. Ahora los seres humanos tienen que ascender y llegar a este estado.<\/div><\/div>\n\n","protected":false},"excerpt":{"rendered":"<p>Kundalini El Poder Evolutivo del Amor La experiencia espiritual innata de Shri Mataji del despertar de la Kundalini y su intrincado funcionamiento en nuestro sistema sutil se convirtieron en la base de la meditaci\u00f3n Sahaja Yoga, que ella difundi\u00f3 por el mundo. Como maestra y autoridad absoluta en este campo, ella describe en detalle c\u00f3mo&hellip; <br \/> <a class=\"read-more\" href=\"https:\/\/shrimataji.org\/test\/es\/kundalini-es\/\">Read more<\/a><\/p>\n","protected":false},"author":63,"featured_media":9244,"parent":0,"menu_order":0,"comment_status":"closed","ping_status":"closed","template":"","meta":{"inline_featured_image":false,"footnotes":"","advanced-sidebar-menu\/link-title":"","advanced-sidebar-menu\/exclude-page":false},"class_list":["post-10954","page","type-page","status-publish","has-post-thumbnail","hentry"],"yoast_head":"<!-- This site is optimized with the Yoast SEO plugin v27.6 - https:\/\/yoast.com\/product\/yoast-seo-wordpress\/ -->\n<title>Kundalini ESP - TEST - SMND<\/title>\n<meta name=\"robots\" content=\"noindex, follow, max-snippet:-1, max-image-preview:large, max-video-preview:-1\" \/>\n<meta property=\"og:locale\" content=\"en_US\" \/>\n<meta property=\"og:type\" content=\"article\" \/>\n<meta property=\"og:title\" content=\"Kundalini ESP - TEST - SMND\" \/>\n<meta property=\"og:description\" content=\"Kundalini El Poder Evolutivo del Amor La experiencia espiritual innata de Shri Mataji del despertar de la Kundalini y su intrincado funcionamiento en nuestro sistema sutil se convirtieron en la base de la meditaci\u00f3n Sahaja Yoga, que ella difundi\u00f3 por el mundo. Como maestra y autoridad absoluta en este campo, ella describe en detalle c\u00f3mo&hellip; Read more\" \/>\n<meta property=\"og:url\" content=\"https:\/\/shrimataji.org\/test\/es\/kundalini-es\/\" \/>\n<meta property=\"og:site_name\" content=\"TEST - SMND\" \/>\n<meta property=\"article:publisher\" content=\"https:\/\/www.facebook.com\/shrimataji\" \/>\n<meta property=\"article:modified_time\" content=\"2026-03-11T23:49:04+00:00\" \/>\n<meta property=\"og:image\" content=\"https:\/\/shrimataji.org\/test\/wp-content\/uploads\/2023\/03\/9_Banner-SY-Kundalini-scaled.jpg\" \/>\n\t<meta property=\"og:image:width\" content=\"2560\" \/>\n\t<meta property=\"og:image:height\" content=\"905\" \/>\n\t<meta property=\"og:image:type\" content=\"image\/jpeg\" \/>\n<meta name=\"twitter:card\" content=\"summary_large_image\" \/>\n<meta name=\"twitter:site\" content=\"@shrimataji\" \/>\n<meta name=\"twitter:label1\" content=\"Est. reading time\" \/>\n\t<meta name=\"twitter:data1\" content=\"6 minutes\" \/>\n<script type=\"application\/ld+json\" class=\"yoast-schema-graph\">{\"@context\":\"https:\\\/\\\/schema.org\",\"@graph\":[{\"@type\":\"WebPage\",\"@id\":\"https:\\\/\\\/shrimataji.org\\\/test\\\/es\\\/kundalini-es\\\/\",\"url\":\"https:\\\/\\\/shrimataji.org\\\/test\\\/es\\\/kundalini-es\\\/\",\"name\":\"Kundalini ESP - TEST - SMND\",\"isPartOf\":{\"@id\":\"https:\\\/\\\/shrimataji.org\\\/test\\\/#website\"},\"primaryImageOfPage\":{\"@id\":\"https:\\\/\\\/shrimataji.org\\\/test\\\/es\\\/kundalini-es\\\/#primaryimage\"},\"image\":{\"@id\":\"https:\\\/\\\/shrimataji.org\\\/test\\\/es\\\/kundalini-es\\\/#primaryimage\"},\"thumbnailUrl\":\"https:\\\/\\\/shrimataji.org\\\/test\\\/wp-content\\\/uploads\\\/2023\\\/03\\\/9_Banner-SY-Kundalini-scaled.jpg\",\"datePublished\":\"2022-01-29T10:17:23+00:00\",\"dateModified\":\"2026-03-11T23:49:04+00:00\",\"breadcrumb\":{\"@id\":\"https:\\\/\\\/shrimataji.org\\\/test\\\/es\\\/kundalini-es\\\/#breadcrumb\"},\"inLanguage\":\"en-US\",\"potentialAction\":[{\"@type\":\"ReadAction\",\"target\":[\"https:\\\/\\\/shrimataji.org\\\/test\\\/es\\\/kundalini-es\\\/\"]}]},{\"@type\":\"ImageObject\",\"inLanguage\":\"en-US\",\"@id\":\"https:\\\/\\\/shrimataji.org\\\/test\\\/es\\\/kundalini-es\\\/#primaryimage\",\"url\":\"https:\\\/\\\/shrimataji.org\\\/test\\\/wp-content\\\/uploads\\\/2023\\\/03\\\/9_Banner-SY-Kundalini-scaled.jpg\",\"contentUrl\":\"https:\\\/\\\/shrimataji.org\\\/test\\\/wp-content\\\/uploads\\\/2023\\\/03\\\/9_Banner-SY-Kundalini-scaled.jpg\",\"width\":2560,\"height\":905},{\"@type\":\"BreadcrumbList\",\"@id\":\"https:\\\/\\\/shrimataji.org\\\/test\\\/es\\\/kundalini-es\\\/#breadcrumb\",\"itemListElement\":[{\"@type\":\"ListItem\",\"position\":1,\"name\":\"Home\",\"item\":\"https:\\\/\\\/shrimataji.org\\\/test\\\/uk\\\/home-en\\\/\"},{\"@type\":\"ListItem\",\"position\":2,\"name\":\"Kundalini ESP\"}]},{\"@type\":\"WebSite\",\"@id\":\"https:\\\/\\\/shrimataji.org\\\/test\\\/#website\",\"url\":\"https:\\\/\\\/shrimataji.org\\\/test\\\/\",\"name\":\"Shri Mataji Nirmala Devi\",\"description\":\"A Life Dedicated to Humanity\",\"publisher\":{\"@id\":\"https:\\\/\\\/shrimataji.org\\\/test\\\/#\\\/schema\\\/person\\\/a1b3419c6585f164aa96da1ff85715d1\"},\"potentialAction\":[{\"@type\":\"SearchAction\",\"target\":{\"@type\":\"EntryPoint\",\"urlTemplate\":\"https:\\\/\\\/shrimataji.org\\\/test\\\/?s={search_term_string}\"},\"query-input\":{\"@type\":\"PropertyValueSpecification\",\"valueRequired\":true,\"valueName\":\"search_term_string\"}}],\"inLanguage\":\"en-US\"},{\"@type\":[\"Person\",\"Organization\"],\"@id\":\"https:\\\/\\\/shrimataji.org\\\/test\\\/#\\\/schema\\\/person\\\/a1b3419c6585f164aa96da1ff85715d1\",\"name\":\"Nirmala Shrivastava\",\"image\":{\"@type\":\"ImageObject\",\"inLanguage\":\"en-US\",\"@id\":\"https:\\\/\\\/shrimataji.org\\\/test\\\/wp-content\\\/uploads\\\/2023\\\/02\\\/SMO_LOGO-03.svg\",\"url\":\"https:\\\/\\\/shrimataji.org\\\/test\\\/wp-content\\\/uploads\\\/2023\\\/02\\\/SMO_LOGO-03.svg\",\"contentUrl\":\"https:\\\/\\\/shrimataji.org\\\/test\\\/wp-content\\\/uploads\\\/2023\\\/02\\\/SMO_LOGO-03.svg\",\"width\":\"1024\",\"height\":\"1024\",\"caption\":\"Nirmala Shrivastava\"},\"logo\":{\"@id\":\"https:\\\/\\\/shrimataji.org\\\/test\\\/wp-content\\\/uploads\\\/2023\\\/02\\\/SMO_LOGO-03.svg\"},\"sameAs\":[\"https:\\\/\\\/shrimataji.org\\\/test\",\"https:\\\/\\\/www.facebook.com\\\/shrimataji\",\"https:\\\/\\\/x.com\\\/shrimataji\",\"https:\\\/\\\/www.youtube.com\\\/@Shri_Mataji_Nirmala_Devi\\\/featured\"]}]}<\/script>\n<!-- \/ Yoast SEO plugin. -->","yoast_head_json":{"title":"Kundalini ESP - TEST - SMND","robots":{"index":"noindex","follow":"follow","max-snippet":"max-snippet:-1","max-image-preview":"max-image-preview:large","max-video-preview":"max-video-preview:-1"},"og_locale":"en_US","og_type":"article","og_title":"Kundalini ESP - TEST - SMND","og_description":"Kundalini El Poder Evolutivo del Amor La experiencia espiritual innata de Shri Mataji del despertar de la Kundalini y su intrincado funcionamiento en nuestro sistema sutil se convirtieron en la base de la meditaci\u00f3n Sahaja Yoga, que ella difundi\u00f3 por el mundo. Como maestra y autoridad absoluta en este campo, ella describe en detalle c\u00f3mo&hellip; Read more","og_url":"https:\/\/shrimataji.org\/test\/es\/kundalini-es\/","og_site_name":"TEST - SMND","article_publisher":"https:\/\/www.facebook.com\/shrimataji","article_modified_time":"2026-03-11T23:49:04+00:00","og_image":[{"width":2560,"height":905,"url":"https:\/\/shrimataji.org\/test\/wp-content\/uploads\/2023\/03\/9_Banner-SY-Kundalini-scaled.jpg","type":"image\/jpeg"}],"twitter_card":"summary_large_image","twitter_site":"@shrimataji","twitter_misc":{"Est. reading time":"6 minutes"},"schema":{"@context":"https:\/\/schema.org","@graph":[{"@type":"WebPage","@id":"https:\/\/shrimataji.org\/test\/es\/kundalini-es\/","url":"https:\/\/shrimataji.org\/test\/es\/kundalini-es\/","name":"Kundalini ESP - TEST - SMND","isPartOf":{"@id":"https:\/\/shrimataji.org\/test\/#website"},"primaryImageOfPage":{"@id":"https:\/\/shrimataji.org\/test\/es\/kundalini-es\/#primaryimage"},"image":{"@id":"https:\/\/shrimataji.org\/test\/es\/kundalini-es\/#primaryimage"},"thumbnailUrl":"https:\/\/shrimataji.org\/test\/wp-content\/uploads\/2023\/03\/9_Banner-SY-Kundalini-scaled.jpg","datePublished":"2022-01-29T10:17:23+00:00","dateModified":"2026-03-11T23:49:04+00:00","breadcrumb":{"@id":"https:\/\/shrimataji.org\/test\/es\/kundalini-es\/#breadcrumb"},"inLanguage":"en-US","potentialAction":[{"@type":"ReadAction","target":["https:\/\/shrimataji.org\/test\/es\/kundalini-es\/"]}]},{"@type":"ImageObject","inLanguage":"en-US","@id":"https:\/\/shrimataji.org\/test\/es\/kundalini-es\/#primaryimage","url":"https:\/\/shrimataji.org\/test\/wp-content\/uploads\/2023\/03\/9_Banner-SY-Kundalini-scaled.jpg","contentUrl":"https:\/\/shrimataji.org\/test\/wp-content\/uploads\/2023\/03\/9_Banner-SY-Kundalini-scaled.jpg","width":2560,"height":905},{"@type":"BreadcrumbList","@id":"https:\/\/shrimataji.org\/test\/es\/kundalini-es\/#breadcrumb","itemListElement":[{"@type":"ListItem","position":1,"name":"Home","item":"https:\/\/shrimataji.org\/test\/uk\/home-en\/"},{"@type":"ListItem","position":2,"name":"Kundalini ESP"}]},{"@type":"WebSite","@id":"https:\/\/shrimataji.org\/test\/#website","url":"https:\/\/shrimataji.org\/test\/","name":"Shri Mataji Nirmala Devi","description":"A Life Dedicated to Humanity","publisher":{"@id":"https:\/\/shrimataji.org\/test\/#\/schema\/person\/a1b3419c6585f164aa96da1ff85715d1"},"potentialAction":[{"@type":"SearchAction","target":{"@type":"EntryPoint","urlTemplate":"https:\/\/shrimataji.org\/test\/?s={search_term_string}"},"query-input":{"@type":"PropertyValueSpecification","valueRequired":true,"valueName":"search_term_string"}}],"inLanguage":"en-US"},{"@type":["Person","Organization"],"@id":"https:\/\/shrimataji.org\/test\/#\/schema\/person\/a1b3419c6585f164aa96da1ff85715d1","name":"Nirmala Shrivastava","image":{"@type":"ImageObject","inLanguage":"en-US","@id":"https:\/\/shrimataji.org\/test\/wp-content\/uploads\/2023\/02\/SMO_LOGO-03.svg","url":"https:\/\/shrimataji.org\/test\/wp-content\/uploads\/2023\/02\/SMO_LOGO-03.svg","contentUrl":"https:\/\/shrimataji.org\/test\/wp-content\/uploads\/2023\/02\/SMO_LOGO-03.svg","width":"1024","height":"1024","caption":"Nirmala Shrivastava"},"logo":{"@id":"https:\/\/shrimataji.org\/test\/wp-content\/uploads\/2023\/02\/SMO_LOGO-03.svg"},"sameAs":["https:\/\/shrimataji.org\/test","https:\/\/www.facebook.com\/shrimataji","https:\/\/x.com\/shrimataji","https:\/\/www.youtube.com\/@Shri_Mataji_Nirmala_Devi\/featured"]}]}},"lang":"es","translations":{"es":10954,"am":18025,"th":19981,"hu":19505,"be":6401,"sq":18426,"zh":17323,"hi":8293,"tr":10175,"pt":10387,"de":10661,"fr":10759,"it":10857,"ja":11251,"ru":11439,"bn":11631,"te":11739,"sw":11862,"he":12010,"el":12302,"sk":12400,"fa":12498,"fi":12596,"bg":13390,"ro":14464,"cs":14657,"nl":16586,"ku":16746,"ar":16922,"kn":18907,"mr":20345,"uk":20637,"ml":20932,"ta":22744,"sv":23016,"gu":28858,"pa":29018},"pll_sync_post":{},"_links":{"self":[{"href":"https:\/\/shrimataji.org\/test\/wp-json\/wp\/v2\/pages\/10954","targetHints":{"allow":["GET"]}}],"collection":[{"href":"https:\/\/shrimataji.org\/test\/wp-json\/wp\/v2\/pages"}],"about":[{"href":"https:\/\/shrimataji.org\/test\/wp-json\/wp\/v2\/types\/page"}],"author":[{"embeddable":true,"href":"https:\/\/shrimataji.org\/test\/wp-json\/wp\/v2\/users\/63"}],"replies":[{"embeddable":true,"href":"https:\/\/shrimataji.org\/test\/wp-json\/wp\/v2\/comments?post=10954"}],"version-history":[{"count":0,"href":"https:\/\/shrimataji.org\/test\/wp-json\/wp\/v2\/pages\/10954\/revisions"}],"wp:featuredmedia":[{"embeddable":true,"href":"https:\/\/shrimataji.org\/test\/wp-json\/wp\/v2\/media\/9244"}],"wp:attachment":[{"href":"https:\/\/shrimataji.org\/test\/wp-json\/wp\/v2\/media?parent=10954"}],"curies":[{"name":"wp","href":"https:\/\/api.w.org\/{rel}","templated":true}]}}