{"id":10958,"date":"2017-08-11T05:00:00","date_gmt":"2017-08-11T05:00:00","guid":{"rendered":"http:\/\/testwordpress.nirmalnagari.org\/smnd\/index.php\/legacy\/"},"modified":"2026-03-11T23:49:04","modified_gmt":"2026-03-11T23:49:04","slug":"legado-es","status":"publish","type":"page","link":"https:\/\/shrimataji.org\/test\/es\/legado-es\/","title":{"rendered":"Legado ES"},"content":{"rendered":"\n\n\t<h1>Legado<\/h1>\n<h2>Transformaci\u00f3n &#8211; de lo individual a lo social.<\/h2>\n\t<h4>Hay muchas publicaciones, existen escuelas, centros de salud, una academia de arte y m\u00fasica e incluso un hogar para mujeres y ni\u00f1as sin hogar; pero el legado de Shri Mataji es mucho m\u00e1s que eso.<\/h4>\n<p>Ning\u00fan monumento u organizaci\u00f3n no gubernamental puede representar el verdadero legado de Shri Mataji Nirmala Devi, est\u00e1 por encima y m\u00e1s all\u00e1 de todas estas cosas.<\/p>\n<p>Lo que Shri Mataji dio al mundo no es una filosof\u00eda, una doctrina, ni siquiera un sistema de creencias, es una cosa a\u00fan m\u00e1s extraordinaria: la Realizaci\u00f3n del Ser. Este despertar espiritual primordial es algo que literalmente tiene la capacidad de cambiar el mundo.<\/p>\n<p>A diferencia de la mayor\u00eda de las propuestas para conseguir ese cambio, la de Sahaja yoga comienza con la profunda y creciente conciencia de s\u00ed mismo en el individuo. Esa chispa de reconocimiento espiritual es el legado de Shri Mataji al mundo.<\/p>\n<p>A trav\u00e9s de su trabajo cre\u00f3 una comunidad global de practicantes de Sahaja Yoga en m\u00e1s de 100 pa\u00edses, todos unidos por el deseo de transformarse, y al hacerlo, crear la posibilidad de transformaci\u00f3n a un nivel m\u00e1s extenso.<\/p>\n<figure itemscope itemtype=\"https:\/\/schema.org\/ImageObject\">\n\t\t\t\t<img decoding=\"async\" src=\"https:\/\/shrimataji.org\/test\/wp-content\/uploads\/2025\/07\/Spa_shri-mataji-nirmala-devi-in-daglio-italy-7th-july-2007-1.jpg\" alt=\"Shri Mataji se encuentra en Daglio (norte de Italia, 2007).\" height=\"1800\" width=\"1200\" title=\"Spa_shri-mataji-nirmala-devi-in-daglio-italy-7th-july-2007\" onerror=\"this.style.display='none'\" loading=\"lazy\" \/>\n\t\t<figcaption>Shri Mataji se encuentra en Daglio (norte de Italia, 2007).<\/figcaption>\n\t<\/figure>\n\t<p>Su visi\u00f3n no radicaba en crear instituciones o movimientos, su mensaje se centraba en el individuo, en el Ser. Ella le ense\u00f1\u00f3 al mundo que s\u00f3lo la adhesi\u00f3n a la verdadera espiritualidad individual y colectiva puede resolver los problemas globales. Tambi\u00e9n insisti\u00f3 en la libertad del individuo: no hay dogma o doctrina en Sahaja Yoga, solo una conciencia iluminada de lo que es apropiado para el desarrollo espiritual de cada uno.<\/p>\n\t<div class=\"su-quote su-quote-style-default\"><div class=\"su-quote-inner su-u-clearfix su-u-trim\">&#8220;Para que est\u00e9n equipados, para que puedan resolver sus propios problemas, eso es lo que tengo que hacer&#8230;, deb\u00e9is ser vuestro propio m\u00e9dico. Deb\u00e9is ser vuestro propio gur\u00fa&#8221;.<\/div><\/div>\n<p>Al desencadenar un cambio tangible en el individuo a trav\u00e9s del despertar de la Kundalini y la consecuente meditaci\u00f3n; Ella ense\u00f1\u00f3 al mundo c\u00f3mo alcanzar una ambici\u00f3n superior que al mero \u00e9xito material o el poder. &#8220;Debemos lograr la paz interior&#8221;, aconsej\u00f3. \u00abIntenta meditar. Medita hasta conectar con tu ser interior. \u00a1Este ser interior es un vasto oc\u00e9ano de dicha!\u00bb.<\/p>\n\t<div class=\"su-quote su-quote-style-default\"><div class=\"su-quote-inner su-u-clearfix su-u-trim\">Tenemos que mostrar los resultados del despertar de la Kundalini&#8230; Es para todo el mundo. Esa es mi visi\u00f3n.<\/div><\/div>\n\t<p>Su legado de transformaci\u00f3n a trav\u00e9s de la Realizaci\u00f3n del Ser contin\u00faa impactando las vidas de millones de personas que, mediante la pr\u00e1ctica de la meditaci\u00f3n Sahaja Yoga, alcanzan la verdadera paz interior y la libertad absoluta para vivir en armon\u00eda entre s\u00ed y con la Madre Naturaleza.<\/p>\n\n","protected":false},"excerpt":{"rendered":"<p>Legado Transformaci\u00f3n &#8211; de lo individual a lo social. Hay muchas publicaciones, existen escuelas, centros de salud, una academia de arte y m\u00fasica e incluso un hogar para mujeres y ni\u00f1as sin hogar; pero el legado de Shri Mataji es mucho m\u00e1s que eso. Ning\u00fan monumento u organizaci\u00f3n no gubernamental puede representar el verdadero legado&hellip; <br \/> <a class=\"read-more\" href=\"https:\/\/shrimataji.org\/test\/es\/legado-es\/\">Read more<\/a><\/p>\n","protected":false},"author":63,"featured_media":17085,"parent":0,"menu_order":0,"comment_status":"closed","ping_status":"closed","template":"","meta":{"inline_featured_image":false,"footnotes":""},"class_list":["post-10958","page","type-page","status-publish","has-post-thumbnail","hentry"],"yoast_head":"<!-- This site is optimized with the Yoast SEO plugin v27.4 - https:\/\/yoast.com\/product\/yoast-seo-wordpress\/ -->\n<title>Legado ES - TEST - SMND<\/title>\n<meta name=\"robots\" content=\"noindex, follow, max-snippet:-1, max-image-preview:large, max-video-preview:-1\" \/>\n<meta property=\"og:locale\" content=\"en_US\" \/>\n<meta property=\"og:type\" content=\"article\" \/>\n<meta property=\"og:title\" content=\"Legado ES - TEST - SMND\" \/>\n<meta property=\"og:description\" content=\"Legado Transformaci\u00f3n &#8211; de lo individual a lo social. Hay muchas publicaciones, existen escuelas, centros de salud, una academia de arte y m\u00fasica e incluso un hogar para mujeres y ni\u00f1as sin hogar; pero el legado de Shri Mataji es mucho m\u00e1s que eso. Ning\u00fan monumento u organizaci\u00f3n no gubernamental puede representar el verdadero legado&hellip; Read more\" \/>\n<meta property=\"og:url\" content=\"https:\/\/shrimataji.org\/test\/es\/legado-es\/\" \/>\n<meta property=\"og:site_name\" content=\"TEST - SMND\" \/>\n<meta property=\"article:publisher\" content=\"https:\/\/www.facebook.com\/shrimataji\" \/>\n<meta property=\"article:modified_time\" content=\"2026-03-11T23:49:04+00:00\" \/>\n<meta property=\"og:image\" content=\"https:\/\/shrimataji.org\/test\/wp-content\/uploads\/2024\/05\/teaching.jpg\" \/>\n\t<meta property=\"og:image:width\" content=\"1021\" \/>\n\t<meta property=\"og:image:height\" content=\"360\" \/>\n\t<meta property=\"og:image:type\" content=\"image\/jpeg\" \/>\n<meta name=\"twitter:card\" content=\"summary_large_image\" \/>\n<meta name=\"twitter:site\" content=\"@shrimataji\" \/>\n<meta name=\"twitter:label1\" content=\"Est. reading time\" \/>\n\t<meta name=\"twitter:data1\" content=\"2 minutes\" \/>\n<script type=\"application\/ld+json\" class=\"yoast-schema-graph\">{\"@context\":\"https:\\\/\\\/schema.org\",\"@graph\":[{\"@type\":\"WebPage\",\"@id\":\"https:\\\/\\\/shrimataji.org\\\/test\\\/es\\\/legado-es\\\/\",\"url\":\"https:\\\/\\\/shrimataji.org\\\/test\\\/es\\\/legado-es\\\/\",\"name\":\"Legado ES - TEST - SMND\",\"isPartOf\":{\"@id\":\"https:\\\/\\\/shrimataji.org\\\/test\\\/#website\"},\"primaryImageOfPage\":{\"@id\":\"https:\\\/\\\/shrimataji.org\\\/test\\\/es\\\/legado-es\\\/#primaryimage\"},\"image\":{\"@id\":\"https:\\\/\\\/shrimataji.org\\\/test\\\/es\\\/legado-es\\\/#primaryimage\"},\"thumbnailUrl\":\"https:\\\/\\\/shrimataji.org\\\/test\\\/wp-content\\\/uploads\\\/2024\\\/05\\\/teaching.jpg\",\"datePublished\":\"2017-08-11T05:00:00+00:00\",\"dateModified\":\"2026-03-11T23:49:04+00:00\",\"breadcrumb\":{\"@id\":\"https:\\\/\\\/shrimataji.org\\\/test\\\/es\\\/legado-es\\\/#breadcrumb\"},\"inLanguage\":\"en-US\",\"potentialAction\":[{\"@type\":\"ReadAction\",\"target\":[\"https:\\\/\\\/shrimataji.org\\\/test\\\/es\\\/legado-es\\\/\"]}]},{\"@type\":\"ImageObject\",\"inLanguage\":\"en-US\",\"@id\":\"https:\\\/\\\/shrimataji.org\\\/test\\\/es\\\/legado-es\\\/#primaryimage\",\"url\":\"https:\\\/\\\/shrimataji.org\\\/test\\\/wp-content\\\/uploads\\\/2024\\\/05\\\/teaching.jpg\",\"contentUrl\":\"https:\\\/\\\/shrimataji.org\\\/test\\\/wp-content\\\/uploads\\\/2024\\\/05\\\/teaching.jpg\",\"width\":1021,\"height\":360},{\"@type\":\"BreadcrumbList\",\"@id\":\"https:\\\/\\\/shrimataji.org\\\/test\\\/es\\\/legado-es\\\/#breadcrumb\",\"itemListElement\":[{\"@type\":\"ListItem\",\"position\":1,\"name\":\"Home\",\"item\":\"https:\\\/\\\/shrimataji.org\\\/test\\\/uk\\\/home-en\\\/\"},{\"@type\":\"ListItem\",\"position\":2,\"name\":\"Legado ES\"}]},{\"@type\":\"WebSite\",\"@id\":\"https:\\\/\\\/shrimataji.org\\\/test\\\/#website\",\"url\":\"https:\\\/\\\/shrimataji.org\\\/test\\\/\",\"name\":\"Shri Mataji Nirmala Devi\",\"description\":\"A Life Dedicated to Humanity\",\"publisher\":{\"@id\":\"https:\\\/\\\/shrimataji.org\\\/test\\\/#\\\/schema\\\/person\\\/a1b3419c6585f164aa96da1ff85715d1\"},\"potentialAction\":[{\"@type\":\"SearchAction\",\"target\":{\"@type\":\"EntryPoint\",\"urlTemplate\":\"https:\\\/\\\/shrimataji.org\\\/test\\\/?s={search_term_string}\"},\"query-input\":{\"@type\":\"PropertyValueSpecification\",\"valueRequired\":true,\"valueName\":\"search_term_string\"}}],\"inLanguage\":\"en-US\"},{\"@type\":[\"Person\",\"Organization\"],\"@id\":\"https:\\\/\\\/shrimataji.org\\\/test\\\/#\\\/schema\\\/person\\\/a1b3419c6585f164aa96da1ff85715d1\",\"name\":\"Nirmala Shrivastava\",\"image\":{\"@type\":\"ImageObject\",\"inLanguage\":\"en-US\",\"@id\":\"https:\\\/\\\/shrimataji.org\\\/test\\\/wp-content\\\/uploads\\\/2023\\\/02\\\/SMO_LOGO-03.svg\",\"url\":\"https:\\\/\\\/shrimataji.org\\\/test\\\/wp-content\\\/uploads\\\/2023\\\/02\\\/SMO_LOGO-03.svg\",\"contentUrl\":\"https:\\\/\\\/shrimataji.org\\\/test\\\/wp-content\\\/uploads\\\/2023\\\/02\\\/SMO_LOGO-03.svg\",\"width\":\"1024\",\"height\":\"1024\",\"caption\":\"Nirmala Shrivastava\"},\"logo\":{\"@id\":\"https:\\\/\\\/shrimataji.org\\\/test\\\/wp-content\\\/uploads\\\/2023\\\/02\\\/SMO_LOGO-03.svg\"},\"sameAs\":[\"https:\\\/\\\/shrimataji.org\\\/test\",\"https:\\\/\\\/www.facebook.com\\\/shrimataji\",\"https:\\\/\\\/x.com\\\/shrimataji\",\"https:\\\/\\\/www.youtube.com\\\/@Shri_Mataji_Nirmala_Devi\\\/featured\"]}]}<\/script>\n<!-- \/ Yoast SEO plugin. -->","yoast_head_json":{"title":"Legado ES - TEST - SMND","robots":{"index":"noindex","follow":"follow","max-snippet":"max-snippet:-1","max-image-preview":"max-image-preview:large","max-video-preview":"max-video-preview:-1"},"og_locale":"en_US","og_type":"article","og_title":"Legado ES - TEST - SMND","og_description":"Legado Transformaci\u00f3n &#8211; de lo individual a lo social. Hay muchas publicaciones, existen escuelas, centros de salud, una academia de arte y m\u00fasica e incluso un hogar para mujeres y ni\u00f1as sin hogar; pero el legado de Shri Mataji es mucho m\u00e1s que eso. Ning\u00fan monumento u organizaci\u00f3n no gubernamental puede representar el verdadero legado&hellip; Read more","og_url":"https:\/\/shrimataji.org\/test\/es\/legado-es\/","og_site_name":"TEST - SMND","article_publisher":"https:\/\/www.facebook.com\/shrimataji","article_modified_time":"2026-03-11T23:49:04+00:00","og_image":[{"width":1021,"height":360,"url":"https:\/\/shrimataji.org\/test\/wp-content\/uploads\/2024\/05\/teaching.jpg","type":"image\/jpeg"}],"twitter_card":"summary_large_image","twitter_site":"@shrimataji","twitter_misc":{"Est. reading time":"2 minutes"},"schema":{"@context":"https:\/\/schema.org","@graph":[{"@type":"WebPage","@id":"https:\/\/shrimataji.org\/test\/es\/legado-es\/","url":"https:\/\/shrimataji.org\/test\/es\/legado-es\/","name":"Legado ES - TEST - SMND","isPartOf":{"@id":"https:\/\/shrimataji.org\/test\/#website"},"primaryImageOfPage":{"@id":"https:\/\/shrimataji.org\/test\/es\/legado-es\/#primaryimage"},"image":{"@id":"https:\/\/shrimataji.org\/test\/es\/legado-es\/#primaryimage"},"thumbnailUrl":"https:\/\/shrimataji.org\/test\/wp-content\/uploads\/2024\/05\/teaching.jpg","datePublished":"2017-08-11T05:00:00+00:00","dateModified":"2026-03-11T23:49:04+00:00","breadcrumb":{"@id":"https:\/\/shrimataji.org\/test\/es\/legado-es\/#breadcrumb"},"inLanguage":"en-US","potentialAction":[{"@type":"ReadAction","target":["https:\/\/shrimataji.org\/test\/es\/legado-es\/"]}]},{"@type":"ImageObject","inLanguage":"en-US","@id":"https:\/\/shrimataji.org\/test\/es\/legado-es\/#primaryimage","url":"https:\/\/shrimataji.org\/test\/wp-content\/uploads\/2024\/05\/teaching.jpg","contentUrl":"https:\/\/shrimataji.org\/test\/wp-content\/uploads\/2024\/05\/teaching.jpg","width":1021,"height":360},{"@type":"BreadcrumbList","@id":"https:\/\/shrimataji.org\/test\/es\/legado-es\/#breadcrumb","itemListElement":[{"@type":"ListItem","position":1,"name":"Home","item":"https:\/\/shrimataji.org\/test\/uk\/home-en\/"},{"@type":"ListItem","position":2,"name":"Legado ES"}]},{"@type":"WebSite","@id":"https:\/\/shrimataji.org\/test\/#website","url":"https:\/\/shrimataji.org\/test\/","name":"Shri Mataji Nirmala Devi","description":"A Life Dedicated to Humanity","publisher":{"@id":"https:\/\/shrimataji.org\/test\/#\/schema\/person\/a1b3419c6585f164aa96da1ff85715d1"},"potentialAction":[{"@type":"SearchAction","target":{"@type":"EntryPoint","urlTemplate":"https:\/\/shrimataji.org\/test\/?s={search_term_string}"},"query-input":{"@type":"PropertyValueSpecification","valueRequired":true,"valueName":"search_term_string"}}],"inLanguage":"en-US"},{"@type":["Person","Organization"],"@id":"https:\/\/shrimataji.org\/test\/#\/schema\/person\/a1b3419c6585f164aa96da1ff85715d1","name":"Nirmala Shrivastava","image":{"@type":"ImageObject","inLanguage":"en-US","@id":"https:\/\/shrimataji.org\/test\/wp-content\/uploads\/2023\/02\/SMO_LOGO-03.svg","url":"https:\/\/shrimataji.org\/test\/wp-content\/uploads\/2023\/02\/SMO_LOGO-03.svg","contentUrl":"https:\/\/shrimataji.org\/test\/wp-content\/uploads\/2023\/02\/SMO_LOGO-03.svg","width":"1024","height":"1024","caption":"Nirmala Shrivastava"},"logo":{"@id":"https:\/\/shrimataji.org\/test\/wp-content\/uploads\/2023\/02\/SMO_LOGO-03.svg"},"sameAs":["https:\/\/shrimataji.org\/test","https:\/\/www.facebook.com\/shrimataji","https:\/\/x.com\/shrimataji","https:\/\/www.youtube.com\/@Shri_Mataji_Nirmala_Devi\/featured"]}]}},"lang":"es","translations":{"es":10958,"ur":37458,"en":409,"am":18030,"th":19988,"hu":19511,"sq":18431,"zh":17328,"tr":10179,"pt":10391,"de":10665,"fr":10763,"it":10861,"ja":11255,"ru":11443,"bn":11635,"te":11743,"sw":11866,"he":12014,"el":12306,"sk":12404,"fa":12502,"fi":12600,"bg":13486,"ro":14561,"cs":14754,"nl":16591,"ku":16751,"ar":16927,"be":18638,"kn":18912,"mr":20352,"uk":20646,"ml":20941,"ta":22749,"sv":23020,"gu":28863,"pa":29023,"fil":29468,"da":37771,"pl":37983,"nn":38323},"pll_sync_post":[],"_links":{"self":[{"href":"https:\/\/shrimataji.org\/test\/wp-json\/wp\/v2\/pages\/10958","targetHints":{"allow":["GET"]}}],"collection":[{"href":"https:\/\/shrimataji.org\/test\/wp-json\/wp\/v2\/pages"}],"about":[{"href":"https:\/\/shrimataji.org\/test\/wp-json\/wp\/v2\/types\/page"}],"author":[{"embeddable":true,"href":"https:\/\/shrimataji.org\/test\/wp-json\/wp\/v2\/users\/63"}],"replies":[{"embeddable":true,"href":"https:\/\/shrimataji.org\/test\/wp-json\/wp\/v2\/comments?post=10958"}],"version-history":[{"count":0,"href":"https:\/\/shrimataji.org\/test\/wp-json\/wp\/v2\/pages\/10958\/revisions"}],"wp:featuredmedia":[{"embeddable":true,"href":"https:\/\/shrimataji.org\/test\/wp-json\/wp\/v2\/media\/17085"}],"wp:attachment":[{"href":"https:\/\/shrimataji.org\/test\/wp-json\/wp\/v2\/media?parent=10958"}],"curies":[{"name":"wp","href":"https:\/\/api.w.org\/{rel}","templated":true}]}}