{"id":10960,"date":"2018-07-10T06:54:50","date_gmt":"2018-07-10T06:54:50","guid":{"rendered":"http:\/\/testwordpress.nirmalnagari.org\/smnd\/index.php\/marriage-and-independence\/"},"modified":"2026-03-11T23:50:12","modified_gmt":"2026-03-11T23:50:12","slug":"matrimonio-e-independencia","status":"publish","type":"page","link":"https:\/\/shrimataji.org\/test\/es\/matrimonio-e-independencia\/","title":{"rendered":"Matrimonio e Independencia"},"content":{"rendered":"\n\n\t<h1>Matrimonio e Independencia<\/h1>\n<h2>El pilar de la Familia y la Sociedad<\/h2>\n\t<h4>La infancia y adolescencia de Shri Mataji estuvieron entrelazadas con el nacimiento de India como nueva naci\u00f3n, y sus a\u00f1os como esposa y joven madre resultaron igualmente importantes.<\/h4>\n<p>Nirmala Salve, ahora ampliamente conocida como Shri Mataji Nirmala Devi, se cas\u00f3 con Chandrika Prasad Srivastava el 7 de abril de 1947. Ciento veintinueve d\u00edas despu\u00e9s, el 14 de agosto, a la medianoche, India logr\u00f3 su independencia.<\/p>\n<p>Como relat\u00f3 H.P. Salve, el hermano menor de Shri Mataji, conocido cari\u00f1osamente como Babamama: &#8220;Durante los disturbios comunales (en el momento de la separaci\u00f3n, en 1947) hubo una ocasi\u00f3n en que alguien llam\u00f3 a la puerta. Cuando Nirmala abri\u00f3, encontr\u00f3 a una dama y dos caballeros de pie en la entrada que luc\u00edan extremadamente aterrorizados y asustados. Le dijeron a Nirmala que eran refugiados de Pakist\u00e1n y, dado que uno de ellos era musulm\u00e1n, los hind\u00faes iban tras ellos persigui\u00e9ndolos con las espadas desenvainadas. Nirmala los acogi\u00f3 sin dudarlo ni por un momento y los escondi\u00f3 en una habitaci\u00f3n.<\/p>\n\t<div class=\"epyt-video-wrapper\"><div  data-ep-a=\"fadeIn\"  style=\"display: block; margin: 0px auto;\"  id=\"_ytid_60766\"  width=\"3840\" height=\"2880\"  data-origwidth=\"3840\" data-origheight=\"2880\" data-facadesrc=\"https:\/\/www.youtube.com\/embed\/uiqY4Jc81Bw?enablejsapi=1&autoplay=0&cc_load_policy=0&cc_lang_pref=&iv_load_policy=1&loop=0&rel=0&fs=1&playsinline=1&autohide=2&theme=dark&color=red&controls=1&disablekb=0&\" class=\"__youtube_prefs__ epyt-facade  no-lazyload\" data-epautoplay=\"1\" ><img decoding=\"async\" data-spai-excluded=\"true\" class=\"epyt-facade-poster skip-lazy\" loading=\"lazy\"  alt=\"YouTube player\"  src=\"https:\/\/i.ytimg.com\/vi\/uiqY4Jc81Bw\/maxresdefault.jpg\"  \/><button class=\"epyt-facade-play\" aria-label=\"Play\"><svg data-no-lazy=\"1\" height=\"100%\" version=\"1.1\" viewBox=\"0 0 68 48\" width=\"100%\"><path class=\"ytp-large-play-button-bg\" d=\"M66.52,7.74c-0.78-2.93-2.49-5.41-5.42-6.19C55.79,.13,34,0,34,0S12.21,.13,6.9,1.55 C3.97,2.33,2.27,4.81,1.48,7.74C0.06,13.05,0,24,0,24s0.06,10.95,1.48,16.26c0.78,2.93,2.49,5.41,5.42,6.19 C12.21,47.87,34,48,34,48s21.79-0.13,27.1-1.55c2.93-0.78,4.64-3.26,5.42-6.19C67.94,34.95,68,24,68,24S67.94,13.05,66.52,7.74z\" fill=\"#f00\"><\/path><path d=\"M 45,24 27,14 27,34\" fill=\"#fff\"><\/path><\/svg><\/button><\/div><\/div><span itemprop=\"video\" itemscope itemtype=\"http:\/\/schema.org\/VideoObject\"><meta itemprop=\"embedUrl\" content=\"https:\/\/www.youtube.com\/embed\/uiqY4Jc81Bw\"><meta itemprop=\"name\" content=\"Family Life And Nationhood\"><meta itemprop=\"description\" content=\"Shri Mataji marries a man from a family of opposing political beliefs. They are, however, united in their love for their country. Independence is the fulfillment of a dream for both of them. Shri Mataji&#039;s life as a housewife and a mother is centred on her family, tending to her daughters, but she also advises her husband in his career. She is not silent, but participates in the direction of her country. Her own public life is soon to follow. More videos at: http:\/\/ShriMataji.org ~ A Life Dedicated to Humanity ~\"><meta itemprop=\"thumbnailUrl\" content=\"https:\/\/i.ytimg.com\/vi\/uiqY4Jc81Bw\/0.jpg\"><meta itemprop=\"duration\" content=\"PT5M21S\"><meta itemprop=\"uploadDate\" content=\"2020-07-20T00:21:18Z\"><\/span>\n\t<p>&#8220;Despu\u00e9s de alg\u00fan tiempo, unas personas vinieron con espadas en mano diciendo que un musulm\u00e1n se escond\u00eda en la casa. Nirmala lo neg\u00f3 categ\u00f3ricamente y los enga\u00f1\u00f3 diciendo que ella misma era una hind\u00fa ac\u00e9rrima, as\u00ed que, \u00bfc\u00f3mo podr\u00eda proteger a un musulm\u00e1n? Las personas con las espadas no le creyeron al principio, pero al ver el gran bindi en su frente, el cual es s\u00edmbolo de una mujer hind\u00fa casada, se fueron convencidos&#8230;&#8221; <a href=\"#citation-note-1\" rel=\"noopener\">[1]<\/a><\/p>\n<figure itemscope itemtype=\"https:\/\/schema.org\/ImageObject\">\n\t\t\t\t<img decoding=\"async\" src=\"https:\/\/shrimataji.org\/test\/wp-content\/uploads\/2025\/07\/Spa_shri-mataji-with-infant-daughter-kalpana-1.jpg\" alt=\"Spa_shri-mataji-with-infant-daughter-kalpana\" height=\"400\" width=\"279\" title=\"Spa_shri-mataji-with-infant-daughter-kalpana\" onerror=\"this.style.display='none'\" loading=\"lazy\" \/>\n\t\t\n\t<\/figure>\n\t<p>Este incidente ocurri\u00f3 durante su embarazo. Ella dio a luz a su primera hija, Kalpana, en el mes de diciembre de 1947. El 29 de enero de 1948, Shri Mataji se encontr\u00f3 con Mahatma Gandhi, quien tom\u00f3 a Kalpana en su regazo y dijo: &#8220;Nepali (un apodo cari\u00f1oso que le hab\u00eda dado a Shri Mataji), luces como siempre, ahora eres madre. \u00bfCu\u00e1ndo vas a comenzar tu trabajo espiritual? Ahora que somos libres, debes comenzar lo que deseabas hacer&#8221;. Tr\u00e1gicamente, al d\u00eda siguiente, un extremista pol\u00edtico asesin\u00f3 a Mahatma Gandhi mientras asist\u00eda a las oraciones de la tarde.<\/p>\n<p>En 1948, el esposo de Shri Mataji, Chandrika Prasad (m\u00e1s tarde conocido como sir C.P. Srivastava, nombrado caballero por la reina Isabel II en 1990), fue seleccionado para el Servicio Exterior y de Administraci\u00f3n de la India (I.A.S). Siguiendo el consejo de Shri Mataji, sir C.P. eligi\u00f3 permanecer en el I.A.S. y servir a su pa\u00eds dentro de sus fronteras. Durante estos ocupados primeros a\u00f1os de matrimonio, naci\u00f3 su segunda hija, Sadhana, en febrero de 1950. En mayo de ese a\u00f1o, sir C.P. fue designado como magistrado de la ciudad de Lucknow donde la joven familia permaneci\u00f3\u00a0 por un tiempo.<\/p>\n\t<p>A finales de 1951, sir C.P. se traslad\u00f3 a Meerut como Magistrado Adicional de Distrito. La vivienda del personal se encontraba en una propiedad con una extensi\u00f3n considerable y estaba construida al estilo tradicional brit\u00e1nico. Shri Mataji, ahora con dos ni\u00f1as peque\u00f1as, cultiv\u00f3 la tierra contigua a la vivienda. Con la ayuda de un granjero, convirti\u00f3 la tierra no utilizada en un huerto muy f\u00e9rtil. Cultiv\u00f3 verduras para uso dom\u00e9stico y vendi\u00f3 el excedente para complementar los ingresos familiares.<\/p>\n<p>En sus memorias, H.P. Salve record\u00f3: &#8220;La granja de Shri Mataji era considerada como la mejor granja del distrito. Las <i>brinjal<\/i> (berenjenas) eran tan grandes que no pod\u00eda levantarlas. Produc\u00eda coliflores gigantes, tomates de gran tama\u00f1o, pepinos igualmente grandes. Era incre\u00edble c\u00f3mo produc\u00eda verduras de ese tama\u00f1o&#8221;<\/p>\n<p>En 1953, la familia de Shri Mataji se mud\u00f3 a Mumbai cuando sir C.P. fue asignado a la Direcci\u00f3n General de Navegaci\u00f3n (m\u00e1s tarde denominada Corporaci\u00f3n de Navegaci\u00f3n de la India). H.P. Salve record\u00f3 las maravillosas vacaciones de verano con Shri Mataji y sus hijas en Pachmarhi, una ciudad monta\u00f1osa cerca de Chindwara, en el centro de India, en un \u00e1rea de gran belleza con antiguas cuevas, cascadas, bosques y vida silvestre. Shri Mataji y su familia tambi\u00e9n pasaron mucho tiempo en Nagpur, donde viv\u00edan muchos de sus parientes.<\/p>\n<p>El domingo 8 de febrero de 1955, los m\u00e9dicos ingresaron al padre de Shri Mataji en el hospital.<\/p>\n<p>Una semana despu\u00e9s, todos sus hijos se reunieron a su alrededor. Shri Mataji era extremadamente cercana a su padre y siempre hab\u00eda valorado sus consejos, especialmente en asuntos espirituales. Su hermano record\u00f3 que su padre le pregunt\u00f3 a Nirmala &#8220;\u00bfHas logrado encontrar el m\u00e9todo?&#8221; refiri\u00e9ndose al m\u00e9todo de dar la Realizaci\u00f3n en masa. Rodeado por su familia, Prasad Salve falleci\u00f3 dos d\u00edas despu\u00e9s, el 17 de febrero de 1955. H.P. Salve admiraba que Shri Mataji, &#8220;quien se llenaba de l\u00e1grimas compasivas al ver aunque fuese a un s\u00f3lo mendigo, en ese momento de gran p\u00e9rdida personal, reuni\u00f3 todo su coraje y comenz\u00f3 a organizar el funeral&#8221;.<\/p>\n<p>&#8220;<\/p>\n\t<h5>&#8220;Hasta donde podemos discernir, el \u00fanico prop\u00f3sito de la existencia es encender una luz en la oscuridad del ser.&#8221;<\/h5>\n<h5>Carl Gustav Jung<\/h5>\n\t<hr \/>\n<h3>1. <a id=\"#citation-note-1\">^<\/a> <a name=\"citation-note-1\"><\/a>H. P. Salve, &#8216;My Memoirs&#8217; New Delhi: Life Eternal Trust, 2000.<\/h3>\n\n","protected":false},"excerpt":{"rendered":"<p>Matrimonio e Independencia El pilar de la Familia y la Sociedad La infancia y adolescencia de Shri Mataji estuvieron entrelazadas con el nacimiento de India como nueva naci\u00f3n, y sus a\u00f1os como esposa y joven madre resultaron igualmente importantes. Nirmala Salve, ahora ampliamente conocida como Shri Mataji Nirmala Devi, se cas\u00f3 con Chandrika Prasad Srivastava&hellip; <br \/> <a class=\"read-more\" href=\"https:\/\/shrimataji.org\/test\/es\/matrimonio-e-independencia\/\">Read more<\/a><\/p>\n","protected":false},"author":63,"featured_media":9510,"parent":0,"menu_order":0,"comment_status":"closed","ping_status":"closed","template":"","meta":{"inline_featured_image":false,"footnotes":""},"class_list":["post-10960","page","type-page","status-publish","has-post-thumbnail","hentry"],"yoast_head":"<!-- This site is optimized with the Yoast SEO plugin v27.4 - https:\/\/yoast.com\/product\/yoast-seo-wordpress\/ -->\n<title>Matrimonio e Independencia - TEST - SMND<\/title>\n<meta name=\"robots\" content=\"noindex, follow, max-snippet:-1, max-image-preview:large, max-video-preview:-1\" \/>\n<meta property=\"og:locale\" content=\"en_US\" \/>\n<meta property=\"og:type\" content=\"article\" \/>\n<meta property=\"og:title\" content=\"Matrimonio e Independencia - TEST - SMND\" \/>\n<meta property=\"og:description\" content=\"Matrimonio e Independencia El pilar de la Familia y la Sociedad La infancia y adolescencia de Shri Mataji estuvieron entrelazadas con el nacimiento de India como nueva naci\u00f3n, y sus a\u00f1os como esposa y joven madre resultaron igualmente importantes. Nirmala Salve, ahora ampliamente conocida como Shri Mataji Nirmala Devi, se cas\u00f3 con Chandrika Prasad Srivastava&hellip; Read more\" \/>\n<meta property=\"og:url\" content=\"https:\/\/shrimataji.org\/test\/es\/matrimonio-e-independencia\/\" \/>\n<meta property=\"og:site_name\" content=\"TEST - SMND\" \/>\n<meta property=\"article:publisher\" content=\"https:\/\/www.facebook.com\/shrimataji\" \/>\n<meta property=\"article:modified_time\" content=\"2026-03-11T23:50:12+00:00\" \/>\n<meta property=\"og:image\" content=\"https:\/\/shrimataji.org\/test\/wp-content\/uploads\/2023\/03\/4_Banner_EarlyLife-Mariage-Independance_2-scaled.jpg\" \/>\n\t<meta property=\"og:image:width\" content=\"2560\" \/>\n\t<meta property=\"og:image:height\" content=\"905\" \/>\n\t<meta property=\"og:image:type\" content=\"image\/jpeg\" \/>\n<meta name=\"twitter:card\" content=\"summary_large_image\" \/>\n<meta name=\"twitter:site\" content=\"@shrimataji\" \/>\n<meta name=\"twitter:label1\" content=\"Est. reading time\" \/>\n\t<meta name=\"twitter:data1\" content=\"4 minutes\" \/>\n<script type=\"application\/ld+json\" class=\"yoast-schema-graph\">{\"@context\":\"https:\\\/\\\/schema.org\",\"@graph\":[{\"@type\":\"WebPage\",\"@id\":\"https:\\\/\\\/shrimataji.org\\\/test\\\/es\\\/matrimonio-e-independencia\\\/\",\"url\":\"https:\\\/\\\/shrimataji.org\\\/test\\\/es\\\/matrimonio-e-independencia\\\/\",\"name\":\"Matrimonio e Independencia - TEST - SMND\",\"isPartOf\":{\"@id\":\"https:\\\/\\\/shrimataji.org\\\/test\\\/#website\"},\"primaryImageOfPage\":{\"@id\":\"https:\\\/\\\/shrimataji.org\\\/test\\\/es\\\/matrimonio-e-independencia\\\/#primaryimage\"},\"image\":{\"@id\":\"https:\\\/\\\/shrimataji.org\\\/test\\\/es\\\/matrimonio-e-independencia\\\/#primaryimage\"},\"thumbnailUrl\":\"https:\\\/\\\/shrimataji.org\\\/test\\\/wp-content\\\/uploads\\\/2023\\\/03\\\/4_Banner_EarlyLife-Mariage-Independance_2-scaled.jpg\",\"datePublished\":\"2018-07-10T06:54:50+00:00\",\"dateModified\":\"2026-03-11T23:50:12+00:00\",\"breadcrumb\":{\"@id\":\"https:\\\/\\\/shrimataji.org\\\/test\\\/es\\\/matrimonio-e-independencia\\\/#breadcrumb\"},\"inLanguage\":\"en-US\",\"potentialAction\":[{\"@type\":\"ReadAction\",\"target\":[\"https:\\\/\\\/shrimataji.org\\\/test\\\/es\\\/matrimonio-e-independencia\\\/\"]}]},{\"@type\":\"ImageObject\",\"inLanguage\":\"en-US\",\"@id\":\"https:\\\/\\\/shrimataji.org\\\/test\\\/es\\\/matrimonio-e-independencia\\\/#primaryimage\",\"url\":\"https:\\\/\\\/shrimataji.org\\\/test\\\/wp-content\\\/uploads\\\/2023\\\/03\\\/4_Banner_EarlyLife-Mariage-Independance_2-scaled.jpg\",\"contentUrl\":\"https:\\\/\\\/shrimataji.org\\\/test\\\/wp-content\\\/uploads\\\/2023\\\/03\\\/4_Banner_EarlyLife-Mariage-Independance_2-scaled.jpg\",\"width\":2560,\"height\":905},{\"@type\":\"BreadcrumbList\",\"@id\":\"https:\\\/\\\/shrimataji.org\\\/test\\\/es\\\/matrimonio-e-independencia\\\/#breadcrumb\",\"itemListElement\":[{\"@type\":\"ListItem\",\"position\":1,\"name\":\"Home\",\"item\":\"https:\\\/\\\/shrimataji.org\\\/test\\\/uk\\\/home-en\\\/\"},{\"@type\":\"ListItem\",\"position\":2,\"name\":\"Matrimonio e Independencia\"}]},{\"@type\":\"WebSite\",\"@id\":\"https:\\\/\\\/shrimataji.org\\\/test\\\/#website\",\"url\":\"https:\\\/\\\/shrimataji.org\\\/test\\\/\",\"name\":\"Shri Mataji Nirmala Devi\",\"description\":\"A Life Dedicated to Humanity\",\"publisher\":{\"@id\":\"https:\\\/\\\/shrimataji.org\\\/test\\\/#\\\/schema\\\/person\\\/a1b3419c6585f164aa96da1ff85715d1\"},\"potentialAction\":[{\"@type\":\"SearchAction\",\"target\":{\"@type\":\"EntryPoint\",\"urlTemplate\":\"https:\\\/\\\/shrimataji.org\\\/test\\\/?s={search_term_string}\"},\"query-input\":{\"@type\":\"PropertyValueSpecification\",\"valueRequired\":true,\"valueName\":\"search_term_string\"}}],\"inLanguage\":\"en-US\"},{\"@type\":[\"Person\",\"Organization\"],\"@id\":\"https:\\\/\\\/shrimataji.org\\\/test\\\/#\\\/schema\\\/person\\\/a1b3419c6585f164aa96da1ff85715d1\",\"name\":\"Nirmala Shrivastava\",\"image\":{\"@type\":\"ImageObject\",\"inLanguage\":\"en-US\",\"@id\":\"https:\\\/\\\/shrimataji.org\\\/test\\\/wp-content\\\/uploads\\\/2023\\\/02\\\/SMO_LOGO-03.svg\",\"url\":\"https:\\\/\\\/shrimataji.org\\\/test\\\/wp-content\\\/uploads\\\/2023\\\/02\\\/SMO_LOGO-03.svg\",\"contentUrl\":\"https:\\\/\\\/shrimataji.org\\\/test\\\/wp-content\\\/uploads\\\/2023\\\/02\\\/SMO_LOGO-03.svg\",\"width\":\"1024\",\"height\":\"1024\",\"caption\":\"Nirmala Shrivastava\"},\"logo\":{\"@id\":\"https:\\\/\\\/shrimataji.org\\\/test\\\/wp-content\\\/uploads\\\/2023\\\/02\\\/SMO_LOGO-03.svg\"},\"sameAs\":[\"https:\\\/\\\/shrimataji.org\\\/test\",\"https:\\\/\\\/www.facebook.com\\\/shrimataji\",\"https:\\\/\\\/x.com\\\/shrimataji\",\"https:\\\/\\\/www.youtube.com\\\/@Shri_Mataji_Nirmala_Devi\\\/featured\"]}]}<\/script>\n<!-- \/ Yoast SEO plugin. -->","yoast_head_json":{"title":"Matrimonio e Independencia - TEST - SMND","robots":{"index":"noindex","follow":"follow","max-snippet":"max-snippet:-1","max-image-preview":"max-image-preview:large","max-video-preview":"max-video-preview:-1"},"og_locale":"en_US","og_type":"article","og_title":"Matrimonio e Independencia - TEST - SMND","og_description":"Matrimonio e Independencia El pilar de la Familia y la Sociedad La infancia y adolescencia de Shri Mataji estuvieron entrelazadas con el nacimiento de India como nueva naci\u00f3n, y sus a\u00f1os como esposa y joven madre resultaron igualmente importantes. Nirmala Salve, ahora ampliamente conocida como Shri Mataji Nirmala Devi, se cas\u00f3 con Chandrika Prasad Srivastava&hellip; Read more","og_url":"https:\/\/shrimataji.org\/test\/es\/matrimonio-e-independencia\/","og_site_name":"TEST - SMND","article_publisher":"https:\/\/www.facebook.com\/shrimataji","article_modified_time":"2026-03-11T23:50:12+00:00","og_image":[{"width":2560,"height":905,"url":"https:\/\/shrimataji.org\/test\/wp-content\/uploads\/2023\/03\/4_Banner_EarlyLife-Mariage-Independance_2-scaled.jpg","type":"image\/jpeg"}],"twitter_card":"summary_large_image","twitter_site":"@shrimataji","twitter_misc":{"Est. reading time":"4 minutes"},"schema":{"@context":"https:\/\/schema.org","@graph":[{"@type":"WebPage","@id":"https:\/\/shrimataji.org\/test\/es\/matrimonio-e-independencia\/","url":"https:\/\/shrimataji.org\/test\/es\/matrimonio-e-independencia\/","name":"Matrimonio e Independencia - TEST - SMND","isPartOf":{"@id":"https:\/\/shrimataji.org\/test\/#website"},"primaryImageOfPage":{"@id":"https:\/\/shrimataji.org\/test\/es\/matrimonio-e-independencia\/#primaryimage"},"image":{"@id":"https:\/\/shrimataji.org\/test\/es\/matrimonio-e-independencia\/#primaryimage"},"thumbnailUrl":"https:\/\/shrimataji.org\/test\/wp-content\/uploads\/2023\/03\/4_Banner_EarlyLife-Mariage-Independance_2-scaled.jpg","datePublished":"2018-07-10T06:54:50+00:00","dateModified":"2026-03-11T23:50:12+00:00","breadcrumb":{"@id":"https:\/\/shrimataji.org\/test\/es\/matrimonio-e-independencia\/#breadcrumb"},"inLanguage":"en-US","potentialAction":[{"@type":"ReadAction","target":["https:\/\/shrimataji.org\/test\/es\/matrimonio-e-independencia\/"]}]},{"@type":"ImageObject","inLanguage":"en-US","@id":"https:\/\/shrimataji.org\/test\/es\/matrimonio-e-independencia\/#primaryimage","url":"https:\/\/shrimataji.org\/test\/wp-content\/uploads\/2023\/03\/4_Banner_EarlyLife-Mariage-Independance_2-scaled.jpg","contentUrl":"https:\/\/shrimataji.org\/test\/wp-content\/uploads\/2023\/03\/4_Banner_EarlyLife-Mariage-Independance_2-scaled.jpg","width":2560,"height":905},{"@type":"BreadcrumbList","@id":"https:\/\/shrimataji.org\/test\/es\/matrimonio-e-independencia\/#breadcrumb","itemListElement":[{"@type":"ListItem","position":1,"name":"Home","item":"https:\/\/shrimataji.org\/test\/uk\/home-en\/"},{"@type":"ListItem","position":2,"name":"Matrimonio e Independencia"}]},{"@type":"WebSite","@id":"https:\/\/shrimataji.org\/test\/#website","url":"https:\/\/shrimataji.org\/test\/","name":"Shri Mataji Nirmala Devi","description":"A Life Dedicated to Humanity","publisher":{"@id":"https:\/\/shrimataji.org\/test\/#\/schema\/person\/a1b3419c6585f164aa96da1ff85715d1"},"potentialAction":[{"@type":"SearchAction","target":{"@type":"EntryPoint","urlTemplate":"https:\/\/shrimataji.org\/test\/?s={search_term_string}"},"query-input":{"@type":"PropertyValueSpecification","valueRequired":true,"valueName":"search_term_string"}}],"inLanguage":"en-US"},{"@type":["Person","Organization"],"@id":"https:\/\/shrimataji.org\/test\/#\/schema\/person\/a1b3419c6585f164aa96da1ff85715d1","name":"Nirmala Shrivastava","image":{"@type":"ImageObject","inLanguage":"en-US","@id":"https:\/\/shrimataji.org\/test\/wp-content\/uploads\/2023\/02\/SMO_LOGO-03.svg","url":"https:\/\/shrimataji.org\/test\/wp-content\/uploads\/2023\/02\/SMO_LOGO-03.svg","contentUrl":"https:\/\/shrimataji.org\/test\/wp-content\/uploads\/2023\/02\/SMO_LOGO-03.svg","width":"1024","height":"1024","caption":"Nirmala Shrivastava"},"logo":{"@id":"https:\/\/shrimataji.org\/test\/wp-content\/uploads\/2023\/02\/SMO_LOGO-03.svg"},"sameAs":["https:\/\/shrimataji.org\/test","https:\/\/www.facebook.com\/shrimataji","https:\/\/x.com\/shrimataji","https:\/\/www.youtube.com\/@Shri_Mataji_Nirmala_Devi\/featured"]}]}},"lang":"es","translations":{"es":10960,"ur":37462,"en":439,"am":18034,"th":19994,"hu":19515,"sq":18435,"zh":17332,"tr":10181,"pt":10393,"de":10667,"fr":10765,"it":10863,"ja":11257,"ru":11445,"bn":11637,"te":11745,"sw":11868,"he":12016,"el":12308,"sk":12406,"fa":12504,"fi":12602,"bg":13442,"ro":14516,"cs":14709,"nl":16595,"ku":16755,"ar":16931,"be":18642,"kn":18916,"mr":20358,"uk":20652,"ml":20947,"ta":22753,"sv":23024,"gu":28867,"pa":29027,"fil":29472,"da":37775,"pl":37987,"nn":38327},"pll_sync_post":[],"_links":{"self":[{"href":"https:\/\/shrimataji.org\/test\/wp-json\/wp\/v2\/pages\/10960","targetHints":{"allow":["GET"]}}],"collection":[{"href":"https:\/\/shrimataji.org\/test\/wp-json\/wp\/v2\/pages"}],"about":[{"href":"https:\/\/shrimataji.org\/test\/wp-json\/wp\/v2\/types\/page"}],"author":[{"embeddable":true,"href":"https:\/\/shrimataji.org\/test\/wp-json\/wp\/v2\/users\/63"}],"replies":[{"embeddable":true,"href":"https:\/\/shrimataji.org\/test\/wp-json\/wp\/v2\/comments?post=10960"}],"version-history":[{"count":0,"href":"https:\/\/shrimataji.org\/test\/wp-json\/wp\/v2\/pages\/10960\/revisions"}],"wp:featuredmedia":[{"embeddable":true,"href":"https:\/\/shrimataji.org\/test\/wp-json\/wp\/v2\/media\/9510"}],"wp:attachment":[{"href":"https:\/\/shrimataji.org\/test\/wp-json\/wp\/v2\/media?parent=10960"}],"curies":[{"name":"wp","href":"https:\/\/api.w.org\/{rel}","templated":true}]}}