{"id":10962,"date":"2013-03-05T14:00:00","date_gmt":"2013-03-05T14:00:00","guid":{"rendered":"http:\/\/testwordpress.nirmalnagari.org\/smnd\/index.php\/may-5th-world-realization-day\/"},"modified":"2026-03-11T23:48:59","modified_gmt":"2026-03-11T23:48:59","slug":"5-de-mayo-dia-mundial-de-la-realizacion","status":"publish","type":"page","link":"https:\/\/shrimataji.org\/test\/es\/5-de-mayo-dia-mundial-de-la-realizacion\/","title":{"rendered":"5 de mayo, D\u00eda Mundial de la Realizaci\u00f3n"},"content":{"rendered":"\n\n\t<h1>El 5 de mayo, D\u00eda Mundial de la Realizaci\u00f3n<\/h1>\n<h4>El 5 de mayo fue declarado D\u00eda Mundial de la Realizaci\u00f3n en honor de Shri Mataji Nirmala Devi, Fundadora de la Meditaci\u00f3n Sahaja Yoga<\/h4>\n<p>La Fundaci\u00f3n Mundial Sahaja Yoga Shri Mataji Nirmala Devi se complace en anunciar la declaraci\u00f3n del 5 de mayo como D\u00eda Mundial de la Realizaci\u00f3n en honor al trabajo y la visi\u00f3n de la fundadora de <a href=\"https:\/\/shrimataji.org\/test\/es\/sahaja-yoga-es\/\" target=\"_blank\" rel=\"noopener\">Sahaja Yoga<\/a>, Shri Mataji Nirmala Devi. Despu\u00e9s de a\u00f1os de meditaci\u00f3n y estudio de la condici\u00f3n humana, Shri Mataji abri\u00f3 el \u00faltimo centro de energ\u00eda sutil -&#8216;<a href=\"https:\/\/shrimataji.org\/test\/es\/chakra-sahasrara-es\/\" target=\"_blank\" rel=\"noopener\">Sahasrara<\/a> chakra&#8217; en s\u00e1nscrito -ubicado en el \u00e1rea l\u00edmbica del cerebro el 5 de mayo de 1970 en Nargol, India<\/p>\n<p>Este avance sin precedentes abri\u00f3 la puerta a una nueva era de emancipaci\u00f3n a trav\u00e9s de la transformaci\u00f3n interior. Shri Mataji descubri\u00f3 un proceso que podr\u00eda desencadenar el despertar espiritual en un gran n\u00famero de personas. Este despertar, llamado Realizaci\u00f3n del Ser, es la activaci\u00f3n de la energ\u00eda vital kundalini, que existe dentro de cada ser humano. Sin retirarse a practicar austeridades en la cima de una monta\u00f1a, uno podr\u00eda recibir este suave despertar espont\u00e1neamente, simplemente pidi\u00e9ndolo.<\/p>\n<p>Shri Mataji hizo de la autorrealizaci\u00f3n la base de una meditaci\u00f3n que llam\u00f3 Sahaja Yoga. La clave de esta pr\u00e1ctica y lo que la distingue de otros m\u00e9todos es la &#8220;<a href=\"https:\/\/shrimataji.org\/test\/es\/conciencia-sin-pensamientos\/\" target=\"_blank\" rel=\"noopener\">consciencia sin pensamientos<\/a>&#8220;, que eleva a trav\u00e9s del silencio mental en lugar de usar la visualizaci\u00f3n u otros tipos de enfoque mental. La meditaci\u00f3n de Sahaja Yoga ha crecido prodigiosamente en los \u00faltimos 50 a\u00f1os y hoy se practica en m\u00e1s de 95 pa\u00edses. Los practicantes, provenientes de una amplia variedad de or\u00edgenes,\u00a0 descubren paz, satisfacci\u00f3n y bienestar a trav\u00e9s de esta meditaci\u00f3n \u00fanica<\/p>\n<p>Siendo estudiante Shri Mataji <a href=\"https:\/\/shrimataji.org\/test\/es\/anos-universitarios-es\/\" target=\"_blank\" rel=\"noopener\">particip\u00f3 con Mahatma Gandhi<\/a> en la lucha no violenta por la independencia de la India. Ella fue nominada dos veces al Premio Nobel de la Paz y en 1989 recibi\u00f3 la Medalla de la Paz de la Naciones Unidas. Pas\u00f3 m\u00e1s de 40 a\u00f1os viajando por el mundo para difundir su mensaje de paz y unidad a trav\u00e9s de la meditaci\u00f3n Sahaja Yoga. \u00danica entre los llamados gur\u00fas de la \u00e9poca, su mensaje clave era que cada persona lleva la semilla de su propia maestr\u00eda dentro de s\u00ed mismos. Pueden convertirse en su propio gur\u00fa sin recurrir al dogma o al ritual<\/p>\n<p>Shri Mataji falleci\u00f3 en el 2011, pero <a href=\"https:\/\/shrimataji.org\/test\/es\/biblioteca-es\/\" target=\"_blank\" rel=\"noopener\">su legado sigue vivo<\/a> en las vidas y el trabajo comunitario de sus seguidores en todo el mundo. Explic\u00f3 repetidamente que cada persona tiene derecho a obtener su Realizaci\u00f3n del Ser de forma gratuita. El proceso de entrega de la <a href=\"https:\/\/shrimataji.org\/test\/es\/realizacion-del-ser\/\" target=\"_blank\" rel=\"noopener\">Autorrealizaci\u00f3n o Realizaci\u00f3n del Ser<\/a> a cualquiera que lo solicite contin\u00faa hoy con la misma fuerza que cuando Shri Mataji ofreci\u00f3 la experiencia en persona en innumerables programas p\u00fablicos.<\/p>\n<p>El 5 de mayo podr\u00eda ser reconocido alg\u00fan d\u00eda como el aniversario m\u00e1s importante en la historia de la humanidad. Hasta entonces, servir\u00e1 como un monumento universal y amoroso a la gur\u00fa de los gur\u00fas y maestra de maestros que trajo una espiritualidad tangible y significativa al mundo moderno.<\/p>\n<p>Este art\u00edculo fue publicado por primera vez el 3 de mayo de 2013.<\/p>\n<p>&nbsp;<\/p>\n\n","protected":false},"excerpt":{"rendered":"<p>El 5 de mayo, D\u00eda Mundial de la Realizaci\u00f3n El 5 de mayo fue declarado D\u00eda Mundial de la Realizaci\u00f3n en honor de Shri Mataji Nirmala Devi, Fundadora de la Meditaci\u00f3n Sahaja Yoga La Fundaci\u00f3n Mundial Sahaja Yoga Shri Mataji Nirmala Devi se complace en anunciar la declaraci\u00f3n del 5 de mayo como D\u00eda Mundial&hellip; <br \/> <a class=\"read-more\" href=\"https:\/\/shrimataji.org\/test\/es\/5-de-mayo-dia-mundial-de-la-realizacion\/\">Read more<\/a><\/p>\n","protected":false},"author":63,"featured_media":0,"parent":0,"menu_order":0,"comment_status":"closed","ping_status":"closed","template":"","meta":{"inline_featured_image":false,"footnotes":""},"class_list":["post-10962","page","type-page","status-publish","hentry"],"yoast_head":"<!-- This site is optimized with the Yoast SEO plugin v27.4 - https:\/\/yoast.com\/product\/yoast-seo-wordpress\/ -->\n<title>5 de mayo, D\u00eda Mundial de la Realizaci\u00f3n - TEST - SMND<\/title>\n<meta name=\"robots\" content=\"noindex, follow, max-snippet:-1, max-image-preview:large, max-video-preview:-1\" \/>\n<meta property=\"og:locale\" content=\"en_US\" \/>\n<meta property=\"og:type\" content=\"article\" \/>\n<meta property=\"og:title\" content=\"5 de mayo, D\u00eda Mundial de la Realizaci\u00f3n - TEST - SMND\" \/>\n<meta property=\"og:description\" content=\"El 5 de mayo, D\u00eda Mundial de la Realizaci\u00f3n El 5 de mayo fue declarado D\u00eda Mundial de la Realizaci\u00f3n en honor de Shri Mataji Nirmala Devi, Fundadora de la Meditaci\u00f3n Sahaja Yoga La Fundaci\u00f3n Mundial Sahaja Yoga Shri Mataji Nirmala Devi se complace en anunciar la declaraci\u00f3n del 5 de mayo como D\u00eda Mundial&hellip; Read more\" \/>\n<meta property=\"og:url\" content=\"https:\/\/shrimataji.org\/test\/es\/5-de-mayo-dia-mundial-de-la-realizacion\/\" \/>\n<meta property=\"og:site_name\" content=\"TEST - SMND\" \/>\n<meta property=\"article:publisher\" content=\"https:\/\/www.facebook.com\/shrimataji\" \/>\n<meta property=\"article:modified_time\" content=\"2026-03-11T23:48:59+00:00\" \/>\n<meta property=\"og:image\" content=\"https:\/\/shrimataji.org\/test\/wp-content\/uploads\/2018\/07\/fp11-e1588597806347.jpg\" \/>\n\t<meta property=\"og:image:width\" content=\"707\" \/>\n\t<meta property=\"og:image:height\" content=\"700\" \/>\n\t<meta property=\"og:image:type\" content=\"image\/jpeg\" \/>\n<meta name=\"twitter:card\" content=\"summary_large_image\" \/>\n<meta name=\"twitter:site\" content=\"@shrimataji\" \/>\n<meta name=\"twitter:label1\" content=\"Est. reading time\" \/>\n\t<meta name=\"twitter:data1\" content=\"3 minutes\" \/>\n<script type=\"application\/ld+json\" class=\"yoast-schema-graph\">{\"@context\":\"https:\\\/\\\/schema.org\",\"@graph\":[{\"@type\":\"WebPage\",\"@id\":\"https:\\\/\\\/shrimataji.org\\\/test\\\/es\\\/5-de-mayo-dia-mundial-de-la-realizacion\\\/\",\"url\":\"https:\\\/\\\/shrimataji.org\\\/test\\\/es\\\/5-de-mayo-dia-mundial-de-la-realizacion\\\/\",\"name\":\"5 de mayo, D\u00eda Mundial de la Realizaci\u00f3n - TEST - SMND\",\"isPartOf\":{\"@id\":\"https:\\\/\\\/shrimataji.org\\\/test\\\/#website\"},\"datePublished\":\"2013-03-05T14:00:00+00:00\",\"dateModified\":\"2026-03-11T23:48:59+00:00\",\"breadcrumb\":{\"@id\":\"https:\\\/\\\/shrimataji.org\\\/test\\\/es\\\/5-de-mayo-dia-mundial-de-la-realizacion\\\/#breadcrumb\"},\"inLanguage\":\"en-US\",\"potentialAction\":[{\"@type\":\"ReadAction\",\"target\":[\"https:\\\/\\\/shrimataji.org\\\/test\\\/es\\\/5-de-mayo-dia-mundial-de-la-realizacion\\\/\"]}]},{\"@type\":\"BreadcrumbList\",\"@id\":\"https:\\\/\\\/shrimataji.org\\\/test\\\/es\\\/5-de-mayo-dia-mundial-de-la-realizacion\\\/#breadcrumb\",\"itemListElement\":[{\"@type\":\"ListItem\",\"position\":1,\"name\":\"Home\",\"item\":\"https:\\\/\\\/shrimataji.org\\\/test\\\/uk\\\/home-en\\\/\"},{\"@type\":\"ListItem\",\"position\":2,\"name\":\"5 de mayo, D\u00eda Mundial de la Realizaci\u00f3n\"}]},{\"@type\":\"WebSite\",\"@id\":\"https:\\\/\\\/shrimataji.org\\\/test\\\/#website\",\"url\":\"https:\\\/\\\/shrimataji.org\\\/test\\\/\",\"name\":\"Shri Mataji Nirmala Devi\",\"description\":\"A Life Dedicated to Humanity\",\"publisher\":{\"@id\":\"https:\\\/\\\/shrimataji.org\\\/test\\\/#\\\/schema\\\/person\\\/a1b3419c6585f164aa96da1ff85715d1\"},\"potentialAction\":[{\"@type\":\"SearchAction\",\"target\":{\"@type\":\"EntryPoint\",\"urlTemplate\":\"https:\\\/\\\/shrimataji.org\\\/test\\\/?s={search_term_string}\"},\"query-input\":{\"@type\":\"PropertyValueSpecification\",\"valueRequired\":true,\"valueName\":\"search_term_string\"}}],\"inLanguage\":\"en-US\"},{\"@type\":[\"Person\",\"Organization\"],\"@id\":\"https:\\\/\\\/shrimataji.org\\\/test\\\/#\\\/schema\\\/person\\\/a1b3419c6585f164aa96da1ff85715d1\",\"name\":\"Nirmala Shrivastava\",\"image\":{\"@type\":\"ImageObject\",\"inLanguage\":\"en-US\",\"@id\":\"https:\\\/\\\/shrimataji.org\\\/test\\\/wp-content\\\/uploads\\\/2023\\\/02\\\/SMO_LOGO-03.svg\",\"url\":\"https:\\\/\\\/shrimataji.org\\\/test\\\/wp-content\\\/uploads\\\/2023\\\/02\\\/SMO_LOGO-03.svg\",\"contentUrl\":\"https:\\\/\\\/shrimataji.org\\\/test\\\/wp-content\\\/uploads\\\/2023\\\/02\\\/SMO_LOGO-03.svg\",\"width\":\"1024\",\"height\":\"1024\",\"caption\":\"Nirmala Shrivastava\"},\"logo\":{\"@id\":\"https:\\\/\\\/shrimataji.org\\\/test\\\/wp-content\\\/uploads\\\/2023\\\/02\\\/SMO_LOGO-03.svg\"},\"sameAs\":[\"https:\\\/\\\/shrimataji.org\\\/test\",\"https:\\\/\\\/www.facebook.com\\\/shrimataji\",\"https:\\\/\\\/x.com\\\/shrimataji\",\"https:\\\/\\\/www.youtube.com\\\/@Shri_Mataji_Nirmala_Devi\\\/featured\"]}]}<\/script>\n<!-- \/ Yoast SEO plugin. -->","yoast_head_json":{"title":"5 de mayo, D\u00eda Mundial de la Realizaci\u00f3n - TEST - SMND","robots":{"index":"noindex","follow":"follow","max-snippet":"max-snippet:-1","max-image-preview":"max-image-preview:large","max-video-preview":"max-video-preview:-1"},"og_locale":"en_US","og_type":"article","og_title":"5 de mayo, D\u00eda Mundial de la Realizaci\u00f3n - TEST - SMND","og_description":"El 5 de mayo, D\u00eda Mundial de la Realizaci\u00f3n El 5 de mayo fue declarado D\u00eda Mundial de la Realizaci\u00f3n en honor de Shri Mataji Nirmala Devi, Fundadora de la Meditaci\u00f3n Sahaja Yoga La Fundaci\u00f3n Mundial Sahaja Yoga Shri Mataji Nirmala Devi se complace en anunciar la declaraci\u00f3n del 5 de mayo como D\u00eda Mundial&hellip; Read more","og_url":"https:\/\/shrimataji.org\/test\/es\/5-de-mayo-dia-mundial-de-la-realizacion\/","og_site_name":"TEST - SMND","article_publisher":"https:\/\/www.facebook.com\/shrimataji","article_modified_time":"2026-03-11T23:48:59+00:00","og_image":[{"width":707,"height":700,"url":"https:\/\/shrimataji.org\/test\/wp-content\/uploads\/2018\/07\/fp11-e1588597806347.jpg","type":"image\/jpeg"}],"twitter_card":"summary_large_image","twitter_site":"@shrimataji","twitter_misc":{"Est. reading time":"3 minutes"},"schema":{"@context":"https:\/\/schema.org","@graph":[{"@type":"WebPage","@id":"https:\/\/shrimataji.org\/test\/es\/5-de-mayo-dia-mundial-de-la-realizacion\/","url":"https:\/\/shrimataji.org\/test\/es\/5-de-mayo-dia-mundial-de-la-realizacion\/","name":"5 de mayo, D\u00eda Mundial de la Realizaci\u00f3n - TEST - SMND","isPartOf":{"@id":"https:\/\/shrimataji.org\/test\/#website"},"datePublished":"2013-03-05T14:00:00+00:00","dateModified":"2026-03-11T23:48:59+00:00","breadcrumb":{"@id":"https:\/\/shrimataji.org\/test\/es\/5-de-mayo-dia-mundial-de-la-realizacion\/#breadcrumb"},"inLanguage":"en-US","potentialAction":[{"@type":"ReadAction","target":["https:\/\/shrimataji.org\/test\/es\/5-de-mayo-dia-mundial-de-la-realizacion\/"]}]},{"@type":"BreadcrumbList","@id":"https:\/\/shrimataji.org\/test\/es\/5-de-mayo-dia-mundial-de-la-realizacion\/#breadcrumb","itemListElement":[{"@type":"ListItem","position":1,"name":"Home","item":"https:\/\/shrimataji.org\/test\/uk\/home-en\/"},{"@type":"ListItem","position":2,"name":"5 de mayo, D\u00eda Mundial de la Realizaci\u00f3n"}]},{"@type":"WebSite","@id":"https:\/\/shrimataji.org\/test\/#website","url":"https:\/\/shrimataji.org\/test\/","name":"Shri Mataji Nirmala Devi","description":"A Life Dedicated to Humanity","publisher":{"@id":"https:\/\/shrimataji.org\/test\/#\/schema\/person\/a1b3419c6585f164aa96da1ff85715d1"},"potentialAction":[{"@type":"SearchAction","target":{"@type":"EntryPoint","urlTemplate":"https:\/\/shrimataji.org\/test\/?s={search_term_string}"},"query-input":{"@type":"PropertyValueSpecification","valueRequired":true,"valueName":"search_term_string"}}],"inLanguage":"en-US"},{"@type":["Person","Organization"],"@id":"https:\/\/shrimataji.org\/test\/#\/schema\/person\/a1b3419c6585f164aa96da1ff85715d1","name":"Nirmala Shrivastava","image":{"@type":"ImageObject","inLanguage":"en-US","@id":"https:\/\/shrimataji.org\/test\/wp-content\/uploads\/2023\/02\/SMO_LOGO-03.svg","url":"https:\/\/shrimataji.org\/test\/wp-content\/uploads\/2023\/02\/SMO_LOGO-03.svg","contentUrl":"https:\/\/shrimataji.org\/test\/wp-content\/uploads\/2023\/02\/SMO_LOGO-03.svg","width":"1024","height":"1024","caption":"Nirmala Shrivastava"},"logo":{"@id":"https:\/\/shrimataji.org\/test\/wp-content\/uploads\/2023\/02\/SMO_LOGO-03.svg"},"sameAs":["https:\/\/shrimataji.org\/test","https:\/\/www.facebook.com\/shrimataji","https:\/\/x.com\/shrimataji","https:\/\/www.youtube.com\/@Shri_Mataji_Nirmala_Devi\/featured"]}]}},"lang":"es","translations":{"es":10962,"en":453,"am":18037,"th":19998,"hu":19518,"sq":18438,"zh":17335,"tr":10183,"pt":10395,"de":10669,"fr":10767,"it":10865,"ja":11259,"ru":11447,"bn":11639,"te":11747,"sw":11870,"he":12018,"el":12310,"sk":12408,"fa":12506,"fi":12604,"bg":13491,"ro":14566,"cs":14759,"nl":16598,"ku":16758,"ar":16934,"be":18645,"kn":18919,"mr":20362,"uk":20656,"ml":20951,"ta":22756,"sv":23027,"gu":28870,"pa":29030,"fil":29475},"pll_sync_post":[],"_links":{"self":[{"href":"https:\/\/shrimataji.org\/test\/wp-json\/wp\/v2\/pages\/10962","targetHints":{"allow":["GET"]}}],"collection":[{"href":"https:\/\/shrimataji.org\/test\/wp-json\/wp\/v2\/pages"}],"about":[{"href":"https:\/\/shrimataji.org\/test\/wp-json\/wp\/v2\/types\/page"}],"author":[{"embeddable":true,"href":"https:\/\/shrimataji.org\/test\/wp-json\/wp\/v2\/users\/63"}],"replies":[{"embeddable":true,"href":"https:\/\/shrimataji.org\/test\/wp-json\/wp\/v2\/comments?post=10962"}],"version-history":[{"count":0,"href":"https:\/\/shrimataji.org\/test\/wp-json\/wp\/v2\/pages\/10962\/revisions"}],"wp:attachment":[{"href":"https:\/\/shrimataji.org\/test\/wp-json\/wp\/v2\/media?parent=10962"}],"curies":[{"name":"wp","href":"https:\/\/api.w.org\/{rel}","templated":true}]}}