{"id":10963,"date":"2022-02-25T05:44:57","date_gmt":"2022-02-25T05:44:57","guid":{"rendered":"https:\/\/test.shrimataji.org\/?page_id=6480"},"modified":"2026-03-11T23:49:00","modified_gmt":"2026-03-11T23:49:00","slug":"chakra-muladhara-es","status":"publish","type":"page","link":"https:\/\/shrimataji.org\/test\/es\/chakra-muladhara-es\/","title":{"rendered":"Chakra Muladhara"},"content":{"rendered":"\n\n\t<h1>Chakra Mooladhara<\/h1>\n<h2>Inocencia y Sabidur\u00eda<\/h2>\n<div class=\"su-quote su-quote-style-default\"><div class=\"su-quote-inner su-u-clearfix su-u-trim\">La palabra Mooladhara proviene de dos palabras s\u00e1nscritas: &#8220;moola&#8221;, que significa &#8220;ra\u00edz&#8221;, y &#8220;adhara&#8221;, que significa &#8220;el soporte&#8221;, por lo que significa el soporte de la ra\u00edz de la creaci\u00f3n. <\/div><\/div>\n<h4>Venimos al mundo como beb\u00e9s inocentes, y podemos decir que la cualidad infantil es un rasgo de personalidad innato en nosotros. La inocencia, la espontaneidad y la sabidur\u00eda son la manifestaci\u00f3n de este centro, el cual representa las cualidades eternas e indestructibles dentro de nosotros. Estas cualidades se manifiestan en su m\u00e1ximo potencial cuando nuestra energ\u00eda <a href=\"https:\/\/shrimataji.org\/test\/es\/kundalini-es\/\" target=\"_blank\" rel=\"noopener\">Kundalini<\/a> activa este chakra. A nivel f\u00edsico, este centro gobierna el sistema excretor y reproductor. A nivel espiritual, nuestro chakra Mooladhara forma la base de todo el sistema sutil.<\/h4>\n<p>A medida que crecemos a trav\u00e9s de la meditaci\u00f3n, comenzamos a experimentar un profundo sentido de inocencia, respeto y amor por nosotros mismos y por los dem\u00e1s. Tambi\u00e9n encontramos que nuestra memoria mejora enormemente a medida que nuestra mente se libera de distracciones irrelevantes. A medida que este centro evoluciona dentro de nosotros, desarrollamos una personalidad magn\u00e9tica.<\/p>\n\t\t<iframe loading=\"lazy\" title=\"Mooladhara Chakra\" width=\"1920\" height=\"1080\" src=\"https:\/\/www.youtube.com\/embed\/k_tSck7QxHQ?feature=oembed\" frameborder=\"0\" allow=\"accelerometer; autoplay; clipboard-write; encrypted-media; gyroscope; picture-in-picture; web-share\" allowfullscreen><\/iframe>\t\n\t<strong>Ubicaci\u00f3n:<\/strong><br \/>\nEl chakra Mooladhara se encuentra en el plexo p\u00e9lvico en la base de nuestra columna vertebral. Las vibraciones de este chakra ra\u00edz se pueden sentir en la base de nuestra palma.\n<strong>Color<\/strong>:<strong><br \/>\n<\/strong>Este chakra est\u00e1 representado por un color rojo coral. Est\u00e1 estrechamente relacionado con el elemento tierra.\n<p><strong>Las cualidades sutiles del chakra Mooladhara incluyen:<\/strong><\/p>\n\u2022 Inocencia<br \/>\n\u2022 Pureza<br \/>\n\u2022 Sencillez<br \/>\n\u2022 Alegr\u00eda infantil<br \/>\n\u2022 Sabidur\u00eda interior<br \/>\n\u2022 Dignidad<br \/>\n\u2022 Equilibrio<br \/>\n\u2022 Prop\u00f3sito y direcci\u00f3n<br \/>\n\u2022 Conexi\u00f3n con la Tierra<br \/>\n\u2022 Armon\u00eda con la naturaleza\n<figure itemscope itemtype=\"https:\/\/schema.org\/ImageObject\">\n\t\t\t\t<img decoding=\"async\" src=\"https:\/\/shrimataji.org\/test\/wp-content\/uploads\/2026\/02\/ES-1-Mooladhara-scaled.png\" alt=\"ES-1-Mooladhara\" height=\"2560\" width=\"2478\" title=\"ES-1-Mooladhara\" onerror=\"this.style.display='none'\" loading=\"lazy\" \/>\n\t<\/figure>\n\t<div class=\"su-quote su-quote-style-default\"><div class=\"su-quote-inner su-u-clearfix su-u-trim\">Este centro, que se encuentra en la parte m\u00e1s baja, es para nuestra inocencia. Nuestra inocencia nunca puede ser destruida porque es eterna. S\u00f3lo puede ser cubierta por algunas nubes. Pero con el despertar de la Kundalini, la inocencia regresa a nosotros. Nuestra atenci\u00f3n se vuelve absolutamente inocente y no hay lujuria y avaricia en nuestra atenci\u00f3n.<\/div><\/div>\n\t<strong>Experiencia y Beneficios:<br \/>\n<\/strong>Un chakra Mooladhara equilibrado te ayudar\u00e1 a mantener y expandir tu sabidur\u00eda interior. Adquieres la capacidad innata de distinguir entre lo correcto y lo incorrecto. Cuando prevalece la verdadera sabidur\u00eda, se evitan acciones (o inacciones) que nos da\u00f1an a nosotros mismos o a los dem\u00e1s.\n<p>Un chakra Mooladhara equilibrado tambi\u00e9n conducir\u00e1 a una memoria, atenci\u00f3n y enfoque mejorados. Se pueden tomar decisiones intelectuales de manera efectiva y eficiente manteniendo el equilibrio emocional y la estabilidad. Dado que el Mooladhara est\u00e1 formado por el elemento tierra, desempe\u00f1a un papel importante en conectar nuestra conciencia con la Madre Naturaleza y disfrutamos de vivir en completa armon\u00eda con sus dones. Tambi\u00e9n nos ayuda a evitar estilos de vida antinaturales o poco saludables (que pueden considerarse &#8220;perversos&#8221; o &#8220;contrarios a la naturaleza&#8221;). Un chakra Mooladhara evolucionado nos permite comprender y respetar nuestra propia inocencia y pureza, as\u00ed como la de los dem\u00e1s. Cuando experimentamos una perturbaci\u00f3n en nuestro chakra Mooladhara, pueden surgir muchas enfermedades.<\/p>\n<p>Los problemas del canal izquierdo, como la depresi\u00f3n o la letargia, tambi\u00e9n pueden prevenirse equilibrando el Mooladhara. Los problemas del canal derecho, como el comportamiento agresivo, el pensamiento excesivo, la planificaci\u00f3n excesiva y la indulgencia excesiva, tambi\u00e9n pueden eliminarse estableciendo un equilibrio adecuado en este chakra..<\/p>\n<strong>Autoevaluaci\u00f3n:<br \/>\n<\/strong>Si tu chakra Mooladhara est\u00e1 desequilibrado, puedes experimentar una mala orientaci\u00f3n, mala memoria o un mal sentido del equilibrio (gravedad). Otros s\u00edntomas de una perturbaci\u00f3n en este chakra incluyen problemas excretores, trastornos sexuales y dificultades reproductivas.\n<p><strong>Reasons for Imbalance: <\/strong><\/p>\n<ul>\n<li>An overloaded amount of mental activity and excessive indulgence in the pleasure of the senses can create a blockage on this center \u2022 Negative social influences can also affect the innate qualities innocence and wisdom that is part of our Mooladhara Chakra.<\/li>\n<\/ul>\n<strong>C\u00f3mo Equilibrar<\/strong>:<strong><br \/>\n<\/strong>La pr\u00e1ctica regular de la meditaci\u00f3n Sahaja Yoga ayuda a equilibrar nuestro chakra Mooladhara y fortalecer las hermosas cualidades innatas de este centro en nuestra conciencia. Para comenzar, debes sentarte directamente en la tierra con la mayor frecuencia posible. Mientras disfrutas de un momento de paz al aire libre, puedes limpiar tu Mooladhara izquierdo descansando en el suelo con las piernas cruzadas. Coloca ambas manos en el suelo junto a tus caderas, con las palmas hacia abajo.\n<p>Si no puedes pasar tiempo al aire libre, hay otra opci\u00f3n. Hacer un <a href=\"https:\/\/shrimataji.org\/test\/wp-content\/uploads\/2026\/03\/ES_Footsoaking.docx.pdf\" target=\"_blank\" rel=\"noopener\">ba\u00f1o de pies<\/a> en un recipiente de agua tibia con sal tambi\u00e9n ayuda a equilibrar el chakra Mooladhara.<\/p>\n\n","protected":false},"excerpt":{"rendered":"<p>Chakra Mooladhara Inocencia y Sabidur\u00eda Venimos al mundo como beb\u00e9s inocentes, y podemos decir que la cualidad infantil es un rasgo de personalidad innato en nosotros. La inocencia, la espontaneidad y la sabidur\u00eda son la manifestaci\u00f3n de este centro, el cual representa las cualidades eternas e indestructibles dentro de nosotros. Estas cualidades se manifiestan en&hellip; <br \/> <a class=\"read-more\" href=\"https:\/\/shrimataji.org\/test\/es\/chakra-muladhara-es\/\">Read more<\/a><\/p>\n","protected":false},"author":63,"featured_media":9251,"parent":0,"menu_order":0,"comment_status":"closed","ping_status":"closed","template":"","meta":{"inline_featured_image":false,"footnotes":""},"class_list":["post-10963","page","type-page","status-publish","has-post-thumbnail","hentry"],"yoast_head":"<!-- This site is optimized with the Yoast SEO plugin v27.4 - https:\/\/yoast.com\/product\/yoast-seo-wordpress\/ -->\n<title>Chakra Muladhara - TEST - SMND<\/title>\n<meta name=\"robots\" content=\"noindex, follow, max-snippet:-1, max-image-preview:large, max-video-preview:-1\" \/>\n<meta property=\"og:locale\" content=\"en_US\" \/>\n<meta property=\"og:type\" content=\"article\" \/>\n<meta property=\"og:title\" content=\"Chakra Muladhara - TEST - SMND\" \/>\n<meta property=\"og:description\" content=\"Chakra Mooladhara Inocencia y Sabidur\u00eda Venimos al mundo como beb\u00e9s inocentes, y podemos decir que la cualidad infantil es un rasgo de personalidad innato en nosotros. La inocencia, la espontaneidad y la sabidur\u00eda son la manifestaci\u00f3n de este centro, el cual representa las cualidades eternas e indestructibles dentro de nosotros. Estas cualidades se manifiestan en&hellip; Read more\" \/>\n<meta property=\"og:url\" content=\"https:\/\/shrimataji.org\/test\/es\/chakra-muladhara-es\/\" \/>\n<meta property=\"og:site_name\" content=\"TEST - SMND\" \/>\n<meta property=\"article:publisher\" content=\"https:\/\/www.facebook.com\/shrimataji\" \/>\n<meta property=\"article:modified_time\" content=\"2026-03-11T23:49:00+00:00\" \/>\n<meta property=\"og:image\" content=\"https:\/\/shrimataji.org\/test\/wp-content\/uploads\/2023\/03\/16_Banner-SY-Chakra-mool-scaled.jpg\" \/>\n\t<meta property=\"og:image:width\" content=\"2560\" \/>\n\t<meta property=\"og:image:height\" content=\"905\" \/>\n\t<meta property=\"og:image:type\" content=\"image\/jpeg\" \/>\n<meta name=\"twitter:card\" content=\"summary_large_image\" \/>\n<meta name=\"twitter:site\" content=\"@shrimataji\" \/>\n<meta name=\"twitter:label1\" content=\"Est. reading time\" \/>\n\t<meta name=\"twitter:data1\" content=\"4 minutes\" \/>\n<script type=\"application\/ld+json\" class=\"yoast-schema-graph\">{\"@context\":\"https:\\\/\\\/schema.org\",\"@graph\":[{\"@type\":\"WebPage\",\"@id\":\"https:\\\/\\\/shrimataji.org\\\/test\\\/es\\\/chakra-muladhara-es\\\/\",\"url\":\"https:\\\/\\\/shrimataji.org\\\/test\\\/es\\\/chakra-muladhara-es\\\/\",\"name\":\"Chakra Muladhara - TEST - SMND\",\"isPartOf\":{\"@id\":\"https:\\\/\\\/shrimataji.org\\\/test\\\/#website\"},\"primaryImageOfPage\":{\"@id\":\"https:\\\/\\\/shrimataji.org\\\/test\\\/es\\\/chakra-muladhara-es\\\/#primaryimage\"},\"image\":{\"@id\":\"https:\\\/\\\/shrimataji.org\\\/test\\\/es\\\/chakra-muladhara-es\\\/#primaryimage\"},\"thumbnailUrl\":\"https:\\\/\\\/shrimataji.org\\\/test\\\/wp-content\\\/uploads\\\/2023\\\/03\\\/16_Banner-SY-Chakra-mool-scaled.jpg\",\"datePublished\":\"2022-02-25T05:44:57+00:00\",\"dateModified\":\"2026-03-11T23:49:00+00:00\",\"breadcrumb\":{\"@id\":\"https:\\\/\\\/shrimataji.org\\\/test\\\/es\\\/chakra-muladhara-es\\\/#breadcrumb\"},\"inLanguage\":\"en-US\",\"potentialAction\":[{\"@type\":\"ReadAction\",\"target\":[\"https:\\\/\\\/shrimataji.org\\\/test\\\/es\\\/chakra-muladhara-es\\\/\"]}]},{\"@type\":\"ImageObject\",\"inLanguage\":\"en-US\",\"@id\":\"https:\\\/\\\/shrimataji.org\\\/test\\\/es\\\/chakra-muladhara-es\\\/#primaryimage\",\"url\":\"https:\\\/\\\/shrimataji.org\\\/test\\\/wp-content\\\/uploads\\\/2023\\\/03\\\/16_Banner-SY-Chakra-mool-scaled.jpg\",\"contentUrl\":\"https:\\\/\\\/shrimataji.org\\\/test\\\/wp-content\\\/uploads\\\/2023\\\/03\\\/16_Banner-SY-Chakra-mool-scaled.jpg\",\"width\":2560,\"height\":905},{\"@type\":\"BreadcrumbList\",\"@id\":\"https:\\\/\\\/shrimataji.org\\\/test\\\/es\\\/chakra-muladhara-es\\\/#breadcrumb\",\"itemListElement\":[{\"@type\":\"ListItem\",\"position\":1,\"name\":\"Home\",\"item\":\"https:\\\/\\\/shrimataji.org\\\/test\\\/uk\\\/home-en\\\/\"},{\"@type\":\"ListItem\",\"position\":2,\"name\":\"Chakra Muladhara\"}]},{\"@type\":\"WebSite\",\"@id\":\"https:\\\/\\\/shrimataji.org\\\/test\\\/#website\",\"url\":\"https:\\\/\\\/shrimataji.org\\\/test\\\/\",\"name\":\"Shri Mataji Nirmala Devi\",\"description\":\"A Life Dedicated to Humanity\",\"publisher\":{\"@id\":\"https:\\\/\\\/shrimataji.org\\\/test\\\/#\\\/schema\\\/person\\\/a1b3419c6585f164aa96da1ff85715d1\"},\"potentialAction\":[{\"@type\":\"SearchAction\",\"target\":{\"@type\":\"EntryPoint\",\"urlTemplate\":\"https:\\\/\\\/shrimataji.org\\\/test\\\/?s={search_term_string}\"},\"query-input\":{\"@type\":\"PropertyValueSpecification\",\"valueRequired\":true,\"valueName\":\"search_term_string\"}}],\"inLanguage\":\"en-US\"},{\"@type\":[\"Person\",\"Organization\"],\"@id\":\"https:\\\/\\\/shrimataji.org\\\/test\\\/#\\\/schema\\\/person\\\/a1b3419c6585f164aa96da1ff85715d1\",\"name\":\"Nirmala Shrivastava\",\"image\":{\"@type\":\"ImageObject\",\"inLanguage\":\"en-US\",\"@id\":\"https:\\\/\\\/shrimataji.org\\\/test\\\/wp-content\\\/uploads\\\/2023\\\/02\\\/SMO_LOGO-03.svg\",\"url\":\"https:\\\/\\\/shrimataji.org\\\/test\\\/wp-content\\\/uploads\\\/2023\\\/02\\\/SMO_LOGO-03.svg\",\"contentUrl\":\"https:\\\/\\\/shrimataji.org\\\/test\\\/wp-content\\\/uploads\\\/2023\\\/02\\\/SMO_LOGO-03.svg\",\"width\":\"1024\",\"height\":\"1024\",\"caption\":\"Nirmala Shrivastava\"},\"logo\":{\"@id\":\"https:\\\/\\\/shrimataji.org\\\/test\\\/wp-content\\\/uploads\\\/2023\\\/02\\\/SMO_LOGO-03.svg\"},\"sameAs\":[\"https:\\\/\\\/shrimataji.org\\\/test\",\"https:\\\/\\\/www.facebook.com\\\/shrimataji\",\"https:\\\/\\\/x.com\\\/shrimataji\",\"https:\\\/\\\/www.youtube.com\\\/@Shri_Mataji_Nirmala_Devi\\\/featured\"]}]}<\/script>\n<!-- \/ Yoast SEO plugin. -->","yoast_head_json":{"title":"Chakra Muladhara - TEST - SMND","robots":{"index":"noindex","follow":"follow","max-snippet":"max-snippet:-1","max-image-preview":"max-image-preview:large","max-video-preview":"max-video-preview:-1"},"og_locale":"en_US","og_type":"article","og_title":"Chakra Muladhara - TEST - SMND","og_description":"Chakra Mooladhara Inocencia y Sabidur\u00eda Venimos al mundo como beb\u00e9s inocentes, y podemos decir que la cualidad infantil es un rasgo de personalidad innato en nosotros. La inocencia, la espontaneidad y la sabidur\u00eda son la manifestaci\u00f3n de este centro, el cual representa las cualidades eternas e indestructibles dentro de nosotros. Estas cualidades se manifiestan en&hellip; Read more","og_url":"https:\/\/shrimataji.org\/test\/es\/chakra-muladhara-es\/","og_site_name":"TEST - SMND","article_publisher":"https:\/\/www.facebook.com\/shrimataji","article_modified_time":"2026-03-11T23:49:00+00:00","og_image":[{"width":2560,"height":905,"url":"https:\/\/shrimataji.org\/test\/wp-content\/uploads\/2023\/03\/16_Banner-SY-Chakra-mool-scaled.jpg","type":"image\/jpeg"}],"twitter_card":"summary_large_image","twitter_site":"@shrimataji","twitter_misc":{"Est. reading time":"4 minutes"},"schema":{"@context":"https:\/\/schema.org","@graph":[{"@type":"WebPage","@id":"https:\/\/shrimataji.org\/test\/es\/chakra-muladhara-es\/","url":"https:\/\/shrimataji.org\/test\/es\/chakra-muladhara-es\/","name":"Chakra Muladhara - TEST - SMND","isPartOf":{"@id":"https:\/\/shrimataji.org\/test\/#website"},"primaryImageOfPage":{"@id":"https:\/\/shrimataji.org\/test\/es\/chakra-muladhara-es\/#primaryimage"},"image":{"@id":"https:\/\/shrimataji.org\/test\/es\/chakra-muladhara-es\/#primaryimage"},"thumbnailUrl":"https:\/\/shrimataji.org\/test\/wp-content\/uploads\/2023\/03\/16_Banner-SY-Chakra-mool-scaled.jpg","datePublished":"2022-02-25T05:44:57+00:00","dateModified":"2026-03-11T23:49:00+00:00","breadcrumb":{"@id":"https:\/\/shrimataji.org\/test\/es\/chakra-muladhara-es\/#breadcrumb"},"inLanguage":"en-US","potentialAction":[{"@type":"ReadAction","target":["https:\/\/shrimataji.org\/test\/es\/chakra-muladhara-es\/"]}]},{"@type":"ImageObject","inLanguage":"en-US","@id":"https:\/\/shrimataji.org\/test\/es\/chakra-muladhara-es\/#primaryimage","url":"https:\/\/shrimataji.org\/test\/wp-content\/uploads\/2023\/03\/16_Banner-SY-Chakra-mool-scaled.jpg","contentUrl":"https:\/\/shrimataji.org\/test\/wp-content\/uploads\/2023\/03\/16_Banner-SY-Chakra-mool-scaled.jpg","width":2560,"height":905},{"@type":"BreadcrumbList","@id":"https:\/\/shrimataji.org\/test\/es\/chakra-muladhara-es\/#breadcrumb","itemListElement":[{"@type":"ListItem","position":1,"name":"Home","item":"https:\/\/shrimataji.org\/test\/uk\/home-en\/"},{"@type":"ListItem","position":2,"name":"Chakra Muladhara"}]},{"@type":"WebSite","@id":"https:\/\/shrimataji.org\/test\/#website","url":"https:\/\/shrimataji.org\/test\/","name":"Shri Mataji Nirmala Devi","description":"A Life Dedicated to Humanity","publisher":{"@id":"https:\/\/shrimataji.org\/test\/#\/schema\/person\/a1b3419c6585f164aa96da1ff85715d1"},"potentialAction":[{"@type":"SearchAction","target":{"@type":"EntryPoint","urlTemplate":"https:\/\/shrimataji.org\/test\/?s={search_term_string}"},"query-input":{"@type":"PropertyValueSpecification","valueRequired":true,"valueName":"search_term_string"}}],"inLanguage":"en-US"},{"@type":["Person","Organization"],"@id":"https:\/\/shrimataji.org\/test\/#\/schema\/person\/a1b3419c6585f164aa96da1ff85715d1","name":"Nirmala Shrivastava","image":{"@type":"ImageObject","inLanguage":"en-US","@id":"https:\/\/shrimataji.org\/test\/wp-content\/uploads\/2023\/02\/SMO_LOGO-03.svg","url":"https:\/\/shrimataji.org\/test\/wp-content\/uploads\/2023\/02\/SMO_LOGO-03.svg","contentUrl":"https:\/\/shrimataji.org\/test\/wp-content\/uploads\/2023\/02\/SMO_LOGO-03.svg","width":"1024","height":"1024","caption":"Nirmala Shrivastava"},"logo":{"@id":"https:\/\/shrimataji.org\/test\/wp-content\/uploads\/2023\/02\/SMO_LOGO-03.svg"},"sameAs":["https:\/\/shrimataji.org\/test","https:\/\/www.facebook.com\/shrimataji","https:\/\/x.com\/shrimataji","https:\/\/www.youtube.com\/@Shri_Mataji_Nirmala_Devi\/featured"]}]}},"lang":"es","translations":{"es":10963,"ur":37466,"en":10186,"am":18038,"th":20000,"hu":19520,"sq":18439,"zh":17336,"ja":11260,"hi":8319,"pt":10396,"de":10670,"fr":10768,"it":10866,"ru":11448,"bn":11640,"te":11748,"sw":11871,"he":12019,"el":12311,"sk":12409,"fa":12507,"fi":12605,"bg":13376,"ro":14450,"cs":14643,"nl":16599,"ku":16759,"ar":16935,"be":18646,"kn":18920,"mr":20364,"uk":20658,"ml":20953,"ta":22757,"sv":23028,"gu":28871,"pa":29031,"fil":29476,"da":37778,"pl":37990,"nn":38330},"pll_sync_post":[],"_links":{"self":[{"href":"https:\/\/shrimataji.org\/test\/wp-json\/wp\/v2\/pages\/10963","targetHints":{"allow":["GET"]}}],"collection":[{"href":"https:\/\/shrimataji.org\/test\/wp-json\/wp\/v2\/pages"}],"about":[{"href":"https:\/\/shrimataji.org\/test\/wp-json\/wp\/v2\/types\/page"}],"author":[{"embeddable":true,"href":"https:\/\/shrimataji.org\/test\/wp-json\/wp\/v2\/users\/63"}],"replies":[{"embeddable":true,"href":"https:\/\/shrimataji.org\/test\/wp-json\/wp\/v2\/comments?post=10963"}],"version-history":[{"count":0,"href":"https:\/\/shrimataji.org\/test\/wp-json\/wp\/v2\/pages\/10963\/revisions"}],"wp:featuredmedia":[{"embeddable":true,"href":"https:\/\/shrimataji.org\/test\/wp-json\/wp\/v2\/media\/9251"}],"wp:attachment":[{"href":"https:\/\/shrimataji.org\/test\/wp-json\/wp\/v2\/media?parent=10963"}],"curies":[{"name":"wp","href":"https:\/\/api.w.org\/{rel}","templated":true}]}}