{"id":10966,"date":"2018-07-10T06:54:54","date_gmt":"2018-07-10T06:54:54","guid":{"rendered":"http:\/\/testwordpress.nirmalnagari.org\/smnd\/index.php\/obituary-for-sir-c-p-srivastava\/"},"modified":"2026-03-11T23:52:42","modified_gmt":"2026-03-11T23:52:42","slug":"obituario-de-sir-c-p-srivastava","status":"publish","type":"page","link":"https:\/\/shrimataji.org\/test\/es\/obituario-de-sir-c-p-srivastava\/","title":{"rendered":"Obituario de Sir C.P. Srivastava ES"},"content":{"rendered":"\n\n\t<h1>Obituario de Sir C.P. Srivastava<\/h1>\n<h4>Republicado de &#8216;El Hind\u00fa&#8217; el 24 de julio de 2013, India:<\/h4>\n<h4>&#8216;Fallece el hombre con el toque de Midas en el mundo mar\u00edtimo&#8217; por S. Anandan<\/h4>\n<p>El mundo mar\u00edtimo ha perdido un l\u00edder pionero y visionario con el fallecimiento de C.P. Srivastava, Padma Vibhushan y Secretario General Em\u00e9rito de la Organizaci\u00f3n Mar\u00edtima Internacional (OMI), en G\u00e9nova (Italia) el lunes. Ten\u00eda 93 a\u00f1os. Al Dr. Srivastava le sobreviven sus dos hijas. Su esposa Nirmala Devi, fundadora de Sahaja Yoga, que ejerci\u00f3 una profunda influencia en los ideales de su vida, lo precedi\u00f3.<\/p>\n<p>El Dr. Srivastava fue un constructor de instituciones y administrador internacional con el toque de Midas. El hecho de que haya sido elegido secretario general de la OMI sin oposici\u00f3n por cuatro mandatos consecutivos -desde 1974 hasta que voluntariamente dimiti\u00f3 de su cargo el 31 de diciembre de 1989- habla de su encanto y aceptaci\u00f3n como l\u00edder imparcial e influyente. Fue el secretario general en funciones con el periodo m\u00e1s largo en la OMI. La marca permanece imbatible.<\/p>\n\t<p>Antes de dejar una marca internacionalmente, el Dr. Srivastava fue oficial de IAS (agrupaci\u00f3n 1949) del cuadro de Uttar Pradesh que trabaj\u00f3 en estrecha asociaci\u00f3n con Lal Bahadur Shastri, entonces ministro de la Uni\u00f3n de Transporte.<\/p>\n<p>Cuando Shastri fue elegido para dirigir el gabinete de la Uni\u00f3n, el Dr. Srivastava lo sigui\u00f3 hasta la secretar\u00eda de la oficina del primer ministro. Form\u00f3 parte del entorno del primer ministro en Tashkent en 1966, donde Shastri firm\u00f3 el famoso tratado de no guerra con Pakist\u00e1n y muri\u00f3 misteriosamente al d\u00eda siguiente. D\u00e9cadas m\u00e1s tarde, el Dr. Srivastava fue autor de la biograf\u00eda &#8216;Lal Bahadur Shastri: Una vida de verdad en la pol\u00edtica&#8217;. Sin embargo, el mundo conoce al Dr. Srivastava como un administrador eminente que fue fundamental en la creaci\u00f3n de instituciones pioneras de formaci\u00f3n mar\u00edtima, como la Universidad Mar\u00edtima Mundial en Suecia y el Instituto Internacional de Derecho Mar\u00edtimo en Malta<\/p>\n\t<div class=\"su-quote su-quote-style-default\"><div class=\"su-quote-inner su-u-clearfix su-u-trim\"> HAY UNA FUERZA BENEVOLENTE QUE FLUYE A TRAV\u00c9S DE TODA LA REALIDAD. CUANDO USTEDES EST\u00c1N ALINEADOS CON ESA FUERZA, AVANZAN CON UN PODER TREMENDO<br \/>\n\u00a0 \u00a0 \u00a0 \u00a0 \u00a0 &#8211; Lao Tse\u00a0<\/div><\/div>\n\t<p>Fue la fuerza detr\u00e1s de las principales convenciones y c\u00f3digos mar\u00edtimos que contribuyeron en gran medida a mejorar la seguridad de la tripulaci\u00f3n, altos est\u00e1ndares de capacitaci\u00f3n y seguridad en alta mar, adem\u00e1s de propagar una filosof\u00eda de oc\u00e9anos m\u00e1s limpios y menos contaminados.<\/p>\n<p>Estuvo en el asiento cuando la OMI elabor\u00f3 y valid\u00f3 convenciones hist\u00f3ricas, entre ellas las relativas a Normas de Formaci\u00f3n, Certificaci\u00f3n y Vigilancia para Marinos, B\u00fasqueda y Salvamento Mar\u00edtimos; Supresi\u00f3n de Actos Il\u00edcitos contra la Seguridad de la Navegaci\u00f3n Mar\u00edtima; as\u00ed como el Protocolo para la Supresi\u00f3n de Actos Il\u00edcitos contra la Seguridad de las Plataformas Fijas emplazadas en la plataforma continental.<\/p>\n<p>Una serie de accidentes a principios de los a\u00f1os 70s lo llev\u00f3 a organizar una conferencia decisiva sobre la seguridad de los petroleros y la prevenci\u00f3n de la contaminaci\u00f3n, tras la cual se incorporaron medidas que influyeron en el dise\u00f1o y funcionamiento de los petroleros en el Protocolo de la OMI de 1978, relativo al Convenio sobre la Seguridad de la Vida en el Mar y el Convenio Internacional para la Prevenci\u00f3n de la Contaminaci\u00f3n por los Buques. Habiendo ganado experiencia en la Corporaci\u00f3n de Transporte de la India como director ejecutivo fundador, donde se ocup\u00f3 de cuestiones de seguridad y bienestar de la tripulaci\u00f3n, adem\u00e1s de diversificar la compa\u00f1\u00eda incipiente en el transporte a granel, el Dr. Srivastava pudo guiar sin esfuerzo la OMI logrando que asumiera mayores responsabilidades y funciones.<\/p>\n<p>Bajo su direcci\u00f3n, la organizaci\u00f3n creci\u00f3 y fortaleci\u00f3 su membres\u00eda, desechando as\u00ed su percepci\u00f3n elitista, al llegar a las naciones en v\u00edas de desarrollo, que hoy constituyen la mayor\u00eda de los miembros.<\/p>\n<p>Bj\u00f6rn Kjerfve, presidente de la Universidad Mar\u00edtima Mundial, describe al Dr. Srivastava como un l\u00edder meritorio con enormes habilidades persuasivas. &#8220;Estamos muy tristes de saber sobre su fallecimiento. Lo visit\u00e9 hace unos dos a\u00f1os y lo invit\u00e9 a principios de este mes para nuestra ceremonia de graduaci\u00f3n con ocasi\u00f3n del 30 aniversario de la universidad. La fundaci\u00f3n nunca fue f\u00e1cil. Fue su m\u00e9rito el haber convencido a los miembros del consejo de la OMI y al PNUD de recaudar fondos para su creaci\u00f3n&#8221;, dijo el Sr. Kjerfve a El Hind\u00fa por tel\u00e9fono desde Malmo, en Suecia.<\/p>\n<p>P.M. Abraham, ex secretario del Ministerio Sindical de Transportes de Superficie, recuerda al Dr. Srivastava como un l\u00edder encantador con una visi\u00f3n. &#8220;Lo conoc\u00ed por primera vez cuando represent\u00e9 a la India en una reuni\u00f3n del consejo de la OMI. Como secretario general, llevar\u00eda a cabo reuniones del \u00f3rgano t\u00e9cnico de manera imparcial. Recuerdo una ocasi\u00f3n en que un miembro se puso de pie y se quej\u00f3 de no haber recibido el orden del d\u00eda de la reuni\u00f3n. El secretario general sorprendi\u00f3 a todos cuando se baj\u00f3 del estrado para disculparse por el fallo y entregarle una copia. Lo desarm\u00f3 completamente&#8221;.<\/p>\n<p>El Dr. Srivastava foment\u00f3 un benigno sentido del humor. &#8220;En muchos pa\u00edses, me conocen como el esposo de Nirmala, no como secretario general de la OMI&#8221;, bromear\u00eda acerca de la mayor fama de su esposa.<\/p>\n<p>\u00c9l era una rara mezcla de humildad, visi\u00f3n de futuro, juicio y resoluci\u00f3n, y el liderazgo era su fortaleza natural. &#8220;Es raro que una persona obtenga tan r\u00e1pidamente una aceptaci\u00f3n internacional. Ser\u00e1 recordado por las convenciones mar\u00edtimas de cuencas hidrogr\u00e1ficas redactadas bajo su gu\u00eda para la seguridad de los marinos&#8221;, dice K. Mohandas, ex secretario del Sindicato de Transporte Mar\u00edtimo. Casi 70 pa\u00edses le otorgaron sus m\u00e1s altos honores.<\/p>\n<p>Uno de los numerosos galardones que recibi\u00f3 fue el t\u00edtulo de Caballero Comandante Honorario de la M\u00e1s Distinguida Orden de San Miguel y San Jorge, conferido por la Reina Isabel II.<\/p>\n\n","protected":false},"excerpt":{"rendered":"<p>Obituario de Sir C.P. Srivastava Republicado de &#8216;El Hind\u00fa&#8217; el 24 de julio de 2013, India: &#8216;Fallece el hombre con el toque de Midas en el mundo mar\u00edtimo&#8217; por S. Anandan El mundo mar\u00edtimo ha perdido un l\u00edder pionero y visionario con el fallecimiento de C.P. Srivastava, Padma Vibhushan y Secretario General Em\u00e9rito de la&hellip; <br \/> <a class=\"read-more\" href=\"https:\/\/shrimataji.org\/test\/es\/obituario-de-sir-c-p-srivastava\/\">Read more<\/a><\/p>\n","protected":false},"author":13,"featured_media":37317,"parent":0,"menu_order":0,"comment_status":"closed","ping_status":"closed","template":"","meta":{"inline_featured_image":false,"footnotes":""},"class_list":["post-10966","page","type-page","status-publish","has-post-thumbnail","hentry"],"yoast_head":"<!-- This site is optimized with the Yoast SEO plugin v27.4 - https:\/\/yoast.com\/product\/yoast-seo-wordpress\/ -->\n<title>Obituario de Sir C.P. Srivastava ES - TEST - SMND<\/title>\n<meta name=\"robots\" content=\"noindex, follow, max-snippet:-1, max-image-preview:large, max-video-preview:-1\" \/>\n<meta property=\"og:locale\" content=\"en_US\" \/>\n<meta property=\"og:type\" content=\"article\" \/>\n<meta property=\"og:title\" content=\"Obituario de Sir C.P. Srivastava ES - TEST - SMND\" \/>\n<meta property=\"og:description\" content=\"Obituario de Sir C.P. Srivastava Republicado de &#8216;El Hind\u00fa&#8217; el 24 de julio de 2013, India: &#8216;Fallece el hombre con el toque de Midas en el mundo mar\u00edtimo&#8217; por S. Anandan El mundo mar\u00edtimo ha perdido un l\u00edder pionero y visionario con el fallecimiento de C.P. Srivastava, Padma Vibhushan y Secretario General Em\u00e9rito de la&hellip; Read more\" \/>\n<meta property=\"og:url\" content=\"https:\/\/shrimataji.org\/test\/es\/obituario-de-sir-c-p-srivastava\/\" \/>\n<meta property=\"og:site_name\" content=\"TEST - SMND\" \/>\n<meta property=\"article:publisher\" content=\"https:\/\/www.facebook.com\/shrimataji\" \/>\n<meta property=\"article:modified_time\" content=\"2026-03-11T23:52:42+00:00\" \/>\n<meta property=\"og:image\" content=\"https:\/\/shrimataji.org\/test\/wp-content\/uploads\/2018\/07\/fp11-e1588597806347.jpg\" \/>\n\t<meta property=\"og:image:width\" content=\"707\" \/>\n\t<meta property=\"og:image:height\" content=\"700\" \/>\n\t<meta property=\"og:image:type\" content=\"image\/jpeg\" \/>\n<meta name=\"twitter:card\" content=\"summary_large_image\" \/>\n<meta name=\"twitter:site\" content=\"@shrimataji\" \/>\n<meta name=\"twitter:label1\" content=\"Est. reading time\" \/>\n\t<meta name=\"twitter:data1\" content=\"4 minutes\" \/>\n<script type=\"application\/ld+json\" class=\"yoast-schema-graph\">{\"@context\":\"https:\\\/\\\/schema.org\",\"@graph\":[{\"@type\":\"WebPage\",\"@id\":\"https:\\\/\\\/shrimataji.org\\\/test\\\/es\\\/obituario-de-sir-c-p-srivastava\\\/\",\"url\":\"https:\\\/\\\/shrimataji.org\\\/test\\\/es\\\/obituario-de-sir-c-p-srivastava\\\/\",\"name\":\"Obituario de Sir C.P. Srivastava ES - TEST - SMND\",\"isPartOf\":{\"@id\":\"https:\\\/\\\/shrimataji.org\\\/test\\\/#website\"},\"primaryImageOfPage\":{\"@id\":\"https:\\\/\\\/shrimataji.org\\\/test\\\/es\\\/obituario-de-sir-c-p-srivastava\\\/#primaryimage\"},\"image\":{\"@id\":\"https:\\\/\\\/shrimataji.org\\\/test\\\/es\\\/obituario-de-sir-c-p-srivastava\\\/#primaryimage\"},\"thumbnailUrl\":\"https:\\\/\\\/shrimataji.org\\\/test\\\/wp-content\\\/uploads\\\/2026\\\/03\\\/8_Banner-Family_CP-2-1920x679-1.avif\",\"datePublished\":\"2018-07-10T06:54:54+00:00\",\"dateModified\":\"2026-03-11T23:52:42+00:00\",\"breadcrumb\":{\"@id\":\"https:\\\/\\\/shrimataji.org\\\/test\\\/es\\\/obituario-de-sir-c-p-srivastava\\\/#breadcrumb\"},\"inLanguage\":\"en-US\",\"potentialAction\":[{\"@type\":\"ReadAction\",\"target\":[\"https:\\\/\\\/shrimataji.org\\\/test\\\/es\\\/obituario-de-sir-c-p-srivastava\\\/\"]}]},{\"@type\":\"ImageObject\",\"inLanguage\":\"en-US\",\"@id\":\"https:\\\/\\\/shrimataji.org\\\/test\\\/es\\\/obituario-de-sir-c-p-srivastava\\\/#primaryimage\",\"url\":\"https:\\\/\\\/shrimataji.org\\\/test\\\/wp-content\\\/uploads\\\/2026\\\/03\\\/8_Banner-Family_CP-2-1920x679-1.avif\",\"contentUrl\":\"https:\\\/\\\/shrimataji.org\\\/test\\\/wp-content\\\/uploads\\\/2026\\\/03\\\/8_Banner-Family_CP-2-1920x679-1.avif\",\"width\":1920,\"height\":679},{\"@type\":\"BreadcrumbList\",\"@id\":\"https:\\\/\\\/shrimataji.org\\\/test\\\/es\\\/obituario-de-sir-c-p-srivastava\\\/#breadcrumb\",\"itemListElement\":[{\"@type\":\"ListItem\",\"position\":1,\"name\":\"Home\",\"item\":\"https:\\\/\\\/shrimataji.org\\\/test\\\/uk\\\/home-en\\\/\"},{\"@type\":\"ListItem\",\"position\":2,\"name\":\"Obituario de Sir C.P. Srivastava ES\"}]},{\"@type\":\"WebSite\",\"@id\":\"https:\\\/\\\/shrimataji.org\\\/test\\\/#website\",\"url\":\"https:\\\/\\\/shrimataji.org\\\/test\\\/\",\"name\":\"Shri Mataji Nirmala Devi\",\"description\":\"A Life Dedicated to Humanity\",\"publisher\":{\"@id\":\"https:\\\/\\\/shrimataji.org\\\/test\\\/#\\\/schema\\\/person\\\/a1b3419c6585f164aa96da1ff85715d1\"},\"potentialAction\":[{\"@type\":\"SearchAction\",\"target\":{\"@type\":\"EntryPoint\",\"urlTemplate\":\"https:\\\/\\\/shrimataji.org\\\/test\\\/?s={search_term_string}\"},\"query-input\":{\"@type\":\"PropertyValueSpecification\",\"valueRequired\":true,\"valueName\":\"search_term_string\"}}],\"inLanguage\":\"en-US\"},{\"@type\":[\"Person\",\"Organization\"],\"@id\":\"https:\\\/\\\/shrimataji.org\\\/test\\\/#\\\/schema\\\/person\\\/a1b3419c6585f164aa96da1ff85715d1\",\"name\":\"Nirmala Shrivastava\",\"image\":{\"@type\":\"ImageObject\",\"inLanguage\":\"en-US\",\"@id\":\"https:\\\/\\\/shrimataji.org\\\/test\\\/wp-content\\\/uploads\\\/2023\\\/02\\\/SMO_LOGO-03.svg\",\"url\":\"https:\\\/\\\/shrimataji.org\\\/test\\\/wp-content\\\/uploads\\\/2023\\\/02\\\/SMO_LOGO-03.svg\",\"contentUrl\":\"https:\\\/\\\/shrimataji.org\\\/test\\\/wp-content\\\/uploads\\\/2023\\\/02\\\/SMO_LOGO-03.svg\",\"width\":\"1024\",\"height\":\"1024\",\"caption\":\"Nirmala Shrivastava\"},\"logo\":{\"@id\":\"https:\\\/\\\/shrimataji.org\\\/test\\\/wp-content\\\/uploads\\\/2023\\\/02\\\/SMO_LOGO-03.svg\"},\"sameAs\":[\"https:\\\/\\\/shrimataji.org\\\/test\",\"https:\\\/\\\/www.facebook.com\\\/shrimataji\",\"https:\\\/\\\/x.com\\\/shrimataji\",\"https:\\\/\\\/www.youtube.com\\\/@Shri_Mataji_Nirmala_Devi\\\/featured\"]}]}<\/script>\n<!-- \/ Yoast SEO plugin. -->","yoast_head_json":{"title":"Obituario de Sir C.P. Srivastava ES - TEST - SMND","robots":{"index":"noindex","follow":"follow","max-snippet":"max-snippet:-1","max-image-preview":"max-image-preview:large","max-video-preview":"max-video-preview:-1"},"og_locale":"en_US","og_type":"article","og_title":"Obituario de Sir C.P. Srivastava ES - TEST - SMND","og_description":"Obituario de Sir C.P. Srivastava Republicado de &#8216;El Hind\u00fa&#8217; el 24 de julio de 2013, India: &#8216;Fallece el hombre con el toque de Midas en el mundo mar\u00edtimo&#8217; por S. Anandan El mundo mar\u00edtimo ha perdido un l\u00edder pionero y visionario con el fallecimiento de C.P. Srivastava, Padma Vibhushan y Secretario General Em\u00e9rito de la&hellip; Read more","og_url":"https:\/\/shrimataji.org\/test\/es\/obituario-de-sir-c-p-srivastava\/","og_site_name":"TEST - SMND","article_publisher":"https:\/\/www.facebook.com\/shrimataji","article_modified_time":"2026-03-11T23:52:42+00:00","og_image":[{"width":707,"height":700,"url":"https:\/\/shrimataji.org\/test\/wp-content\/uploads\/2018\/07\/fp11-e1588597806347.jpg","type":"image\/jpeg"}],"twitter_card":"summary_large_image","twitter_site":"@shrimataji","twitter_misc":{"Est. reading time":"4 minutes"},"schema":{"@context":"https:\/\/schema.org","@graph":[{"@type":"WebPage","@id":"https:\/\/shrimataji.org\/test\/es\/obituario-de-sir-c-p-srivastava\/","url":"https:\/\/shrimataji.org\/test\/es\/obituario-de-sir-c-p-srivastava\/","name":"Obituario de Sir C.P. Srivastava ES - TEST - SMND","isPartOf":{"@id":"https:\/\/shrimataji.org\/test\/#website"},"primaryImageOfPage":{"@id":"https:\/\/shrimataji.org\/test\/es\/obituario-de-sir-c-p-srivastava\/#primaryimage"},"image":{"@id":"https:\/\/shrimataji.org\/test\/es\/obituario-de-sir-c-p-srivastava\/#primaryimage"},"thumbnailUrl":"https:\/\/shrimataji.org\/test\/wp-content\/uploads\/2026\/03\/8_Banner-Family_CP-2-1920x679-1.avif","datePublished":"2018-07-10T06:54:54+00:00","dateModified":"2026-03-11T23:52:42+00:00","breadcrumb":{"@id":"https:\/\/shrimataji.org\/test\/es\/obituario-de-sir-c-p-srivastava\/#breadcrumb"},"inLanguage":"en-US","potentialAction":[{"@type":"ReadAction","target":["https:\/\/shrimataji.org\/test\/es\/obituario-de-sir-c-p-srivastava\/"]}]},{"@type":"ImageObject","inLanguage":"en-US","@id":"https:\/\/shrimataji.org\/test\/es\/obituario-de-sir-c-p-srivastava\/#primaryimage","url":"https:\/\/shrimataji.org\/test\/wp-content\/uploads\/2026\/03\/8_Banner-Family_CP-2-1920x679-1.avif","contentUrl":"https:\/\/shrimataji.org\/test\/wp-content\/uploads\/2026\/03\/8_Banner-Family_CP-2-1920x679-1.avif","width":1920,"height":679},{"@type":"BreadcrumbList","@id":"https:\/\/shrimataji.org\/test\/es\/obituario-de-sir-c-p-srivastava\/#breadcrumb","itemListElement":[{"@type":"ListItem","position":1,"name":"Home","item":"https:\/\/shrimataji.org\/test\/uk\/home-en\/"},{"@type":"ListItem","position":2,"name":"Obituario de Sir C.P. Srivastava ES"}]},{"@type":"WebSite","@id":"https:\/\/shrimataji.org\/test\/#website","url":"https:\/\/shrimataji.org\/test\/","name":"Shri Mataji Nirmala Devi","description":"A Life Dedicated to Humanity","publisher":{"@id":"https:\/\/shrimataji.org\/test\/#\/schema\/person\/a1b3419c6585f164aa96da1ff85715d1"},"potentialAction":[{"@type":"SearchAction","target":{"@type":"EntryPoint","urlTemplate":"https:\/\/shrimataji.org\/test\/?s={search_term_string}"},"query-input":{"@type":"PropertyValueSpecification","valueRequired":true,"valueName":"search_term_string"}}],"inLanguage":"en-US"},{"@type":["Person","Organization"],"@id":"https:\/\/shrimataji.org\/test\/#\/schema\/person\/a1b3419c6585f164aa96da1ff85715d1","name":"Nirmala Shrivastava","image":{"@type":"ImageObject","inLanguage":"en-US","@id":"https:\/\/shrimataji.org\/test\/wp-content\/uploads\/2023\/02\/SMO_LOGO-03.svg","url":"https:\/\/shrimataji.org\/test\/wp-content\/uploads\/2023\/02\/SMO_LOGO-03.svg","contentUrl":"https:\/\/shrimataji.org\/test\/wp-content\/uploads\/2023\/02\/SMO_LOGO-03.svg","width":"1024","height":"1024","caption":"Nirmala Shrivastava"},"logo":{"@id":"https:\/\/shrimataji.org\/test\/wp-content\/uploads\/2023\/02\/SMO_LOGO-03.svg"},"sameAs":["https:\/\/shrimataji.org\/test","https:\/\/www.facebook.com\/shrimataji","https:\/\/x.com\/shrimataji","https:\/\/www.youtube.com\/@Shri_Mataji_Nirmala_Devi\/featured"]}]}},"lang":"es","translations":{"es":10966,"en":459,"am":18044,"th":20009,"hu":19526,"sq":18445,"zh":17342,"tr":10189,"pt":10399,"de":10673,"fr":10771,"it":10869,"ja":11263,"ru":11451,"bn":11643,"te":11751,"sw":11874,"he":12022,"el":12314,"sk":12412,"fa":12510,"fi":12608,"bg":13437,"ro":14511,"cs":14704,"nl":16605,"ku":16765,"ar":16941,"be":18652,"kn":18926,"uk":20667,"ml":20962,"ta":22763,"sv":23034,"gu":28877,"pa":29037,"fil":29482},"pll_sync_post":[],"_links":{"self":[{"href":"https:\/\/shrimataji.org\/test\/wp-json\/wp\/v2\/pages\/10966","targetHints":{"allow":["GET"]}}],"collection":[{"href":"https:\/\/shrimataji.org\/test\/wp-json\/wp\/v2\/pages"}],"about":[{"href":"https:\/\/shrimataji.org\/test\/wp-json\/wp\/v2\/types\/page"}],"author":[{"embeddable":true,"href":"https:\/\/shrimataji.org\/test\/wp-json\/wp\/v2\/users\/13"}],"replies":[{"embeddable":true,"href":"https:\/\/shrimataji.org\/test\/wp-json\/wp\/v2\/comments?post=10966"}],"version-history":[{"count":0,"href":"https:\/\/shrimataji.org\/test\/wp-json\/wp\/v2\/pages\/10966\/revisions"}],"wp:featuredmedia":[{"embeddable":true,"href":"https:\/\/shrimataji.org\/test\/wp-json\/wp\/v2\/media\/37317"}],"wp:attachment":[{"href":"https:\/\/shrimataji.org\/test\/wp-json\/wp\/v2\/media?parent=10966"}],"curies":[{"name":"wp","href":"https:\/\/api.w.org\/{rel}","templated":true}]}}