{"id":10968,"date":"2012-09-02T10:00:00","date_gmt":"2012-09-02T10:00:00","guid":{"rendered":"http:\/\/testwordpress.nirmalnagari.org\/smnd\/index.php\/our-spiritual-ascent\/"},"modified":"2026-03-11T23:50:13","modified_gmt":"2026-03-11T23:50:13","slug":"nuestro-ascenso-espiritual","status":"publish","type":"page","link":"https:\/\/shrimataji.org\/test\/es\/nuestro-ascenso-espiritual\/","title":{"rendered":"Nuestro Ascenso Espiritual"},"content":{"rendered":"\n\n\t<h1><b>Nuestro Ascenso Espiritual<\/b><\/h1>\n<h2>Extracto de una charla del Seminario en Chianciano Terme, Italia, el 16 de febrero de 1991<\/h2>\n\t<p>El otro d\u00eda estaba leyendo unos libros acerca de c\u00f3mo se lograba la realizaci\u00f3n, conocer el Esp\u00edritu y c\u00f3mo la gente fue torturada.<\/p>\n\t<p>Antes de nada hab\u00eda que negar, castigar el cuerpo. Si el cuerpo quer\u00eda tener comodidades, se le dec\u00eda que primero hab\u00eda que intentar dormir sobre la alfombra, no en la cama. Si a\u00fan no era suficiente la alfombra, sobre una esterilla, si a\u00fan no era suficiente, sobre la Madre Tierra, y si el cuerpo a\u00fan no estaba bien, entonces sobre las piedras. A\u00fan as\u00ed, los Himalayas est\u00e1n lejos, porque Shiva reside en el Kailasa. Entonces, hab\u00eda que ir a los Himalayas y dormir sobre el hielo. Esto era lo m\u00ednimo que se requer\u00eda.<\/p>\n<p>Despu\u00e9s se dec\u00eda &#8220;si os gusta la buena comida, os gusta una comida suntuosa y comer en abundancia&#8221;, muy bien, para empezar ten\u00e9is que abandonar todo aquello que os gusta, todo lo que os gusta. Por ejemplo, los italianos no podr\u00edan comer pasta. Pero no es suficiente. Despu\u00e9s de esto ten\u00e9is que empezar a comer cosas muy amargas. Como en el sistema Zen que os dan cosas como el vinagre elevado a la 108 potencia, absolutamente amargo. O absolutamente dulce, para poner vuestra lengua a prueba.<\/p>\n<p>Pero a\u00fan sigue ah\u00ed el est\u00f3mago, as\u00ed que, si com\u00e9is mucho, ayun\u00e1is durante un d\u00eda; si no es suficiente, entonces ayun\u00e1is siete d\u00edas, despu\u00e9s cuarenta d\u00edas. Quiero decir que el mes tiene 30 d\u00edas y ayunar durante 40 d\u00edas significa que ya est\u00e1is acabados. As\u00ed es como ten\u00edais que hacer penitencia para conseguir el Nirvana. As\u00ed consegu\u00eds el Nirvana porque est\u00e1is acabados. No queda nada de vosotros, s\u00f3lo huesos y los huesos alcanzan el Nirvana. Finalmente llega la muerte y ya est\u00e1is acabados y ah\u00ed est\u00e1 el Nirvana, no hay duda.<\/p>\n\t\t\t\t<img decoding=\"async\" src=\"https:\/\/shrimataji.org\/test\/wp-content\/uploads\/2018\/07\/media_originals\/images\/shri-mataji-portraits\/shri-mataji-explaining-742x1024.jpg\" alt=\"shri-mataji-explaining\" itemprop=\"image\" height=\"1024\" width=\"742\" title=\"shri-mataji-explaining\" onerror=\"this.style.display='none'\" loading=\"lazy\" \/>\n\t<p>Tampoco pos\u00e9is vivir en una casa, porque una casa es comodidad. Ten\u00e9is que abandonar a vuestra esposa, a vuestro hijo, abandonar todo, vestir solamente una tela alrededor de vuestro cuerpo e ir pidiendo limosna a la gente. Con esta ropa tambi\u00e9n ten\u00e9is problemas porque os apeg\u00e1is a ella, as\u00ed que vais a los Himalayas, donde nadie puede veros, y all\u00ed os quit\u00e1is la ropa y en aquel fr\u00edo os qued\u00e1is tiritando. Entonces obten\u00e9is el Nirvana, as\u00ed obten\u00e9is el Nirvana. Todas estas condiciones eran impuestas para destruir las demandas del cuerpo. Le dec\u00eds al cuerpo, &#8220;No, nada de eso, mejor trabaja por tu Nirvana&#8221;<\/p>\n\t<div class=\"su-quote su-quote-style-default\"><div class=\"su-quote-inner su-u-clearfix su-u-trim\">&#8220;EMPIEZA EN VUESTRO CORAZ\u00d3N Y VA HASTA VUESTRO CEREBRO. A VECES VIENE DE VUESTRA EXPERIENCIA DE GOZO Y CUBRE VUESTRO CEREBRO..<\/p>\n<p>As\u00ed que tu mente ya no puede negarlo. Por eso es importante, especialmente para los occidentales, abrir el coraz\u00f3n, porque empieza desde el coraz\u00f3n, no desde la mente.<\/div><\/div>\n\t<p>La segunda cosa era destruir vuestra mente que os lleva hacia los sentidos, hacia el gozo de las cosas. Por ejemplo, si tuvieseis mucho deseo de conseguir algo ten\u00edais que negarlo, negar eso, negar aquello. Cualquier cosa que os dijese la mente decirle, esto no, esto no. En s\u00e1nscrito el sloka dice, &#8220;Yan neti, neti vachenerdni gomovurjuce&#8221;, &#8220;esto no, esto no&#8221;.<\/p>\n<p>Entonces pod\u00edais discutir, s\u00f3lo discutir sobre el Nirvana. Antes de esto ni siquiera ten\u00edais derecho de hablar del Nirvana. Cuando le\u00ed este libro dije: &#8220;Baba me rindo, esto es demasiado&#8221;<\/p>\n\t<p>Pero en Sahaja Yoga es al rev\u00e9s. Primero construimos el techo y despu\u00e9s los cimientos del edificio. La apertura del Sahasrara es lo primero que conseguimos.<\/p>\n<p>As\u00ed, en la luz del Sahasrara, ten\u00e9is que observaros a vosotros mismos. Gradualmente la introspecci\u00f3n mejora a trav\u00e9s de las vibraciones y veis por qu\u00e9: \u00bfPor qu\u00e9 quiero esto? \u00bfPor qu\u00e9 mi atenci\u00f3n va a mi comodidad? \u00bfPor qu\u00e9 mi atenci\u00f3n va a la comida? \u00bfPor qu\u00e9 a mi familia, por qu\u00e9 a mis hijos, cuando tengo que alcanzar lo m\u00e1s elevado?. Entonces empez\u00e1is a hacer introspecci\u00f3n. Entonces entend\u00e9is a trav\u00e9s de las vibraciones que hay algo mal dentro de vosotros y no trat\u00e1is de ver a los otros, qu\u00e9 est\u00e1 mal en los dem\u00e1s, os veis a vosotros mismos, porque es vuestro propio ascenso lo que ten\u00e9is que lograr.<\/p>\n\t<p>Pero antiguamente todo esto se hac\u00eda individualmente. Una persona que empezaba el camino hacia el Nirvana ten\u00eda que ir al &#8220;Ekat&#8221;, que significa un lugar solitario, estar lejos de la gente, evitarlos, no tener ninguna relaci\u00f3n con ellos y lograr su ascenso; la autorrealizaci\u00f3n, s\u00f3lo para s\u00ed mismo, no por otros.<\/p>\n<p>Entonces este se\u00f1or se volv\u00eda algo exclusivo. No hablar\u00eda con nadie; no se reunir\u00eda con nadie y se sentar\u00eda solo en lo alto de alguna monta\u00f1a remota. Si alguien intentaba acercarse, le tiraba piedras, le dir\u00eda todo tipo de cosas horribles, pero nunca se reunir\u00eda con \u00e9l.<\/p>\n<p>Sahaja Yoga no es as\u00ed. Sahaja Yoga es el ascenso de todos. Este tipo de ascenso individual no ha conducido a la gente a ning\u00fan sitio. Los santos, por supuesto, intentaron hablar a la gente sobre la realizaci\u00f3n, sobre Dios, sobre la rectitud, sobre el sistema de valores; pero fueron considerados como gente rara, torturados y maltratados.<\/p>\n<p>As\u00ed a nivel del ascenso individual no pudieron hacer nada por la gente, excepto hablarles de ello, hasta que lleg\u00f3 Sahaja Yoga. Incluso hablar de ello estaba prohibido. Hasta el siglo Xll, en lndia, nadie habl\u00f3 de ello en p\u00fablico. Todo estaba en s\u00e1nscrito, libros s\u00e1nscritos muy dif\u00edciles, que s\u00f3lo estaban disponibles para unos pocos. Se explic\u00f3 s\u00f3lo a unos pocos. Pero se evit\u00f3 dar la realizaci\u00f3n.<\/p>\n\t\t\t\t<img decoding=\"async\" src=\"https:\/\/shrimataji.org\/test\/wp-content\/uploads\/2025\/07\/Spa_william-blake-jakobs-ladder-1.jpg\" alt=\"La escalera de Jacob de ascenso espiritual de William Blake\" itemprop=\"image\" height=\"1000\" width=\"787\" title=\"Spa_william-blake-jakobs-ladder\" onerror=\"this.style.display='none'\" loading=\"lazy\" \/>\n\t\tLa escalera de Jacob de ascenso espiritual de William Blake\n\t<p>Un maestro ten\u00eda un solo disc\u00edpulo y se ocupaba de su ascenso individual, un trabajo individual. Este disc\u00edpulo era apartado de los dem\u00e1s, mantenido en secreto y se trabajaba en \u00e9l; y solo pod\u00eda cantar, escribir poes\u00eda, hablar sobre qu\u00e9 es el gozo, pero no ten\u00eda derecho a dar la realizaci\u00f3n a los dem\u00e1s ni sab\u00eda c\u00f3mo hacerlo.<\/p>\n<p>As\u00ed que ahora ved qu\u00e9 lejos hab\u00e9is llegado. Hab\u00e9is obtenido vuestra realizaci\u00f3n sin abandonar nada. Pod\u00e9is trabajar a una escala mucho mayor. Pod\u00e9is dar la realizaci\u00f3n a otros. Sab\u00e9is todo el conocimiento sutil de Sahaja Yoga &#8230;<\/p>\n<p>&#8230; Es como Shankaracharya que escribi\u00f3 unos slokas muy bellos llamados &#8220;Viveka Chudamani&#8221;, donde describe qu\u00e9 es Dios, esto y aquello. &#8220;Viveka&#8221; significa conciencia, y \u00e9l describe a fondo esta conciencia. Pero hab\u00eda un hombre horrible llamado Sharma, que empez\u00f3 a discutir con \u00e9l y Shankaracharya se hart\u00f3. Dijo, &#8220;No tiene sentido hablar con ellos&#8221;<\/p>\n<p>Entonces, simplemente, escribi\u00f3 el &#8220;Saundarya Lahari&#8221;. El &#8220;Saundarya Lahari&#8221;, son mantras para la adoraci\u00f3n de la Madre. Dijo; &#8220;\u00a1Ah! Lo s\u00e9 Madre, d\u00e9jame s\u00f3lo orar, nada m\u00e1s, \u00bfqu\u00e9 sentido tiene discutir con esta gente? Es est\u00fapido, \u00bfc\u00f3mo lo van a entender?&#8221;. \u00c9l se dio cuenta de que, esa gente, no ten\u00eda la capacidad ni la sensibilidad para entender &#8220;lo que Yo conozco&#8221;.<\/p>\n\t\t\t\t<img decoding=\"async\" src=\"https:\/\/shrimataji.org\/test\/wp-content\/uploads\/2025\/07\/Spa_shri-mataji-speaking-about-spirituality-and-sahaja-yoga-1.jpg\" alt=\"Shri Mataji hablando sobre espiritualidad y Sahaja Yoga\" itemprop=\"image\" height=\"2310\" width=\"1500\" title=\"Spa_shri-mataji-speaking-about-spirituality-and-sahaja-yoga\" onerror=\"this.style.display='none'\" loading=\"lazy\" \/>\n\t\tShri Mataji hablando sobre espiritualidad y Sahaja Yoga\n\t<p>Este es el verdadero conocimiento. Saber qu\u00e9 es Dios. Y si esto es Dios \u00bfC\u00f3mo pod\u00e9is dudar de algo?, \u00bfc\u00f3mo pod\u00e9is tratar de analizarlo? Es Dios, es Dios todopoderoso, que sabe todo, que hace todo, que goza de todo.<\/p>\n<p>Esto es a lo que solemos llamar &#8220;Gyana&#8221;, el verdadero conocimiento, el conocimiento puro. No es el conocimiento de los chacras, no es el conocimiento de las vibraciones, no es el conocimiento de la Kundalini, sino el conocimiento de Dios Todopoderoso.Y el conocimiento de Dios Todopoderoso no es mental.<\/p>\n<p>Os lo repito de nuevo. Empieza en vuestro coraz\u00f3n y va hasta vuestro cerebro. A veces viene de vuestra experiencia de gozo y cubre vuestro cerebro. De forma que vuestro cerebro no puede negarlo m\u00e1s.<\/p>\n<p>Como con vuestra madre (f\u00edsica). Conoc\u00e9is el amor de vuestra madre. No pod\u00e9is explicarlo, viene de vuestro coraz\u00f3n. Y dec\u00eds: &#8220;No, es mi madre, ella no har\u00eda eso, conozco a mi madre muy bien&#8221;. El conocimiento de vuestra madre, la que os ha dado nacimiento, aunque puede que ella no sea muy buena. Pero el conocimiento de Dios, que es Amor, que es la Verdad, que sabe todo, se vuelve totalmente una parte de vuestro ser, totalmente, y entonces es cuando decimos que tenemos el Nirvana.<\/p>\n<p>AS\u00cd PUES, ES IMPORTANTE, ESPECIALMENTE PARA LA GENTE DE OCCIDENTE, ABRIR VUESTRO CORAZ\u00d3N, PORQUE EMPIEZA EN EL CORAZ\u00d3N, NO EN EL CEREBRO.<\/p>\n\n","protected":false},"excerpt":{"rendered":"<p>Nuestro Ascenso Espiritual Extracto de una charla del Seminario en Chianciano Terme, Italia, el 16 de febrero de 1991 El otro d\u00eda estaba leyendo unos libros acerca de c\u00f3mo se lograba la realizaci\u00f3n, conocer el Esp\u00edritu y c\u00f3mo la gente fue torturada. Antes de nada hab\u00eda que negar, castigar el cuerpo. Si el cuerpo quer\u00eda&hellip; <br \/> <a class=\"read-more\" href=\"https:\/\/shrimataji.org\/test\/es\/nuestro-ascenso-espiritual\/\">Read more<\/a><\/p>\n","protected":false},"author":63,"featured_media":140,"parent":0,"menu_order":0,"comment_status":"closed","ping_status":"closed","template":"","meta":{"inline_featured_image":false,"footnotes":""},"class_list":["post-10968","page","type-page","status-publish","has-post-thumbnail","hentry"],"yoast_head":"<!-- This site is optimized with the Yoast SEO plugin v27.4 - https:\/\/yoast.com\/product\/yoast-seo-wordpress\/ -->\n<title>Nuestro Ascenso Espiritual - TEST - SMND<\/title>\n<meta name=\"robots\" content=\"noindex, follow, max-snippet:-1, max-image-preview:large, max-video-preview:-1\" \/>\n<meta property=\"og:locale\" content=\"en_US\" \/>\n<meta property=\"og:type\" content=\"article\" \/>\n<meta property=\"og:title\" content=\"Nuestro Ascenso Espiritual - TEST - SMND\" \/>\n<meta property=\"og:description\" content=\"Nuestro Ascenso Espiritual Extracto de una charla del Seminario en Chianciano Terme, Italia, el 16 de febrero de 1991 El otro d\u00eda estaba leyendo unos libros acerca de c\u00f3mo se lograba la realizaci\u00f3n, conocer el Esp\u00edritu y c\u00f3mo la gente fue torturada. Antes de nada hab\u00eda que negar, castigar el cuerpo. Si el cuerpo quer\u00eda&hellip; Read more\" \/>\n<meta property=\"og:url\" content=\"https:\/\/shrimataji.org\/test\/es\/nuestro-ascenso-espiritual\/\" \/>\n<meta property=\"og:site_name\" content=\"TEST - SMND\" \/>\n<meta property=\"article:publisher\" content=\"https:\/\/www.facebook.com\/shrimataji\" \/>\n<meta property=\"article:modified_time\" content=\"2026-03-11T23:50:13+00:00\" \/>\n<meta property=\"og:image\" content=\"https:\/\/shrimataji.org\/test\/wp-content\/uploads\/2018\/07\/media_originals\/images\/headers-general\/jacobs-ladder-by-william-blake-spiritual-ascent.jpg\" \/>\n\t<meta property=\"og:image:width\" content=\"990\" \/>\n\t<meta property=\"og:image:height\" content=\"350\" \/>\n\t<meta property=\"og:image:type\" content=\"image\/jpeg\" \/>\n<meta name=\"twitter:card\" content=\"summary_large_image\" \/>\n<meta name=\"twitter:site\" content=\"@shrimataji\" \/>\n<meta name=\"twitter:label1\" content=\"Est. reading time\" \/>\n\t<meta name=\"twitter:data1\" content=\"8 minutes\" \/>\n<script type=\"application\/ld+json\" class=\"yoast-schema-graph\">{\"@context\":\"https:\\\/\\\/schema.org\",\"@graph\":[{\"@type\":\"WebPage\",\"@id\":\"https:\\\/\\\/shrimataji.org\\\/test\\\/es\\\/nuestro-ascenso-espiritual\\\/\",\"url\":\"https:\\\/\\\/shrimataji.org\\\/test\\\/es\\\/nuestro-ascenso-espiritual\\\/\",\"name\":\"Nuestro Ascenso Espiritual - TEST - SMND\",\"isPartOf\":{\"@id\":\"https:\\\/\\\/shrimataji.org\\\/test\\\/#website\"},\"primaryImageOfPage\":{\"@id\":\"https:\\\/\\\/shrimataji.org\\\/test\\\/es\\\/nuestro-ascenso-espiritual\\\/#primaryimage\"},\"image\":{\"@id\":\"https:\\\/\\\/shrimataji.org\\\/test\\\/es\\\/nuestro-ascenso-espiritual\\\/#primaryimage\"},\"thumbnailUrl\":\"https:\\\/\\\/shrimataji.org\\\/test\\\/wp-content\\\/uploads\\\/2018\\\/07\\\/media_originals\\\/images\\\/headers-general\\\/jacobs-ladder-by-william-blake-spiritual-ascent.jpg\",\"datePublished\":\"2012-09-02T10:00:00+00:00\",\"dateModified\":\"2026-03-11T23:50:13+00:00\",\"breadcrumb\":{\"@id\":\"https:\\\/\\\/shrimataji.org\\\/test\\\/es\\\/nuestro-ascenso-espiritual\\\/#breadcrumb\"},\"inLanguage\":\"en-US\",\"potentialAction\":[{\"@type\":\"ReadAction\",\"target\":[\"https:\\\/\\\/shrimataji.org\\\/test\\\/es\\\/nuestro-ascenso-espiritual\\\/\"]}]},{\"@type\":\"ImageObject\",\"inLanguage\":\"en-US\",\"@id\":\"https:\\\/\\\/shrimataji.org\\\/test\\\/es\\\/nuestro-ascenso-espiritual\\\/#primaryimage\",\"url\":\"https:\\\/\\\/shrimataji.org\\\/test\\\/wp-content\\\/uploads\\\/2018\\\/07\\\/media_originals\\\/images\\\/headers-general\\\/jacobs-ladder-by-william-blake-spiritual-ascent.jpg\",\"contentUrl\":\"https:\\\/\\\/shrimataji.org\\\/test\\\/wp-content\\\/uploads\\\/2018\\\/07\\\/media_originals\\\/images\\\/headers-general\\\/jacobs-ladder-by-william-blake-spiritual-ascent.jpg\",\"width\":990,\"height\":350},{\"@type\":\"BreadcrumbList\",\"@id\":\"https:\\\/\\\/shrimataji.org\\\/test\\\/es\\\/nuestro-ascenso-espiritual\\\/#breadcrumb\",\"itemListElement\":[{\"@type\":\"ListItem\",\"position\":1,\"name\":\"Home\",\"item\":\"https:\\\/\\\/shrimataji.org\\\/test\\\/uk\\\/home-en\\\/\"},{\"@type\":\"ListItem\",\"position\":2,\"name\":\"Nuestro Ascenso Espiritual\"}]},{\"@type\":\"WebSite\",\"@id\":\"https:\\\/\\\/shrimataji.org\\\/test\\\/#website\",\"url\":\"https:\\\/\\\/shrimataji.org\\\/test\\\/\",\"name\":\"Shri Mataji Nirmala Devi\",\"description\":\"A Life Dedicated to Humanity\",\"publisher\":{\"@id\":\"https:\\\/\\\/shrimataji.org\\\/test\\\/#\\\/schema\\\/person\\\/a1b3419c6585f164aa96da1ff85715d1\"},\"potentialAction\":[{\"@type\":\"SearchAction\",\"target\":{\"@type\":\"EntryPoint\",\"urlTemplate\":\"https:\\\/\\\/shrimataji.org\\\/test\\\/?s={search_term_string}\"},\"query-input\":{\"@type\":\"PropertyValueSpecification\",\"valueRequired\":true,\"valueName\":\"search_term_string\"}}],\"inLanguage\":\"en-US\"},{\"@type\":[\"Person\",\"Organization\"],\"@id\":\"https:\\\/\\\/shrimataji.org\\\/test\\\/#\\\/schema\\\/person\\\/a1b3419c6585f164aa96da1ff85715d1\",\"name\":\"Nirmala Shrivastava\",\"image\":{\"@type\":\"ImageObject\",\"inLanguage\":\"en-US\",\"@id\":\"https:\\\/\\\/shrimataji.org\\\/test\\\/wp-content\\\/uploads\\\/2023\\\/02\\\/SMO_LOGO-03.svg\",\"url\":\"https:\\\/\\\/shrimataji.org\\\/test\\\/wp-content\\\/uploads\\\/2023\\\/02\\\/SMO_LOGO-03.svg\",\"contentUrl\":\"https:\\\/\\\/shrimataji.org\\\/test\\\/wp-content\\\/uploads\\\/2023\\\/02\\\/SMO_LOGO-03.svg\",\"width\":\"1024\",\"height\":\"1024\",\"caption\":\"Nirmala Shrivastava\"},\"logo\":{\"@id\":\"https:\\\/\\\/shrimataji.org\\\/test\\\/wp-content\\\/uploads\\\/2023\\\/02\\\/SMO_LOGO-03.svg\"},\"sameAs\":[\"https:\\\/\\\/shrimataji.org\\\/test\",\"https:\\\/\\\/www.facebook.com\\\/shrimataji\",\"https:\\\/\\\/x.com\\\/shrimataji\",\"https:\\\/\\\/www.youtube.com\\\/@Shri_Mataji_Nirmala_Devi\\\/featured\"]}]}<\/script>\n<!-- \/ Yoast SEO plugin. -->","yoast_head_json":{"title":"Nuestro Ascenso Espiritual - TEST - SMND","robots":{"index":"noindex","follow":"follow","max-snippet":"max-snippet:-1","max-image-preview":"max-image-preview:large","max-video-preview":"max-video-preview:-1"},"og_locale":"en_US","og_type":"article","og_title":"Nuestro Ascenso Espiritual - TEST - SMND","og_description":"Nuestro Ascenso Espiritual Extracto de una charla del Seminario en Chianciano Terme, Italia, el 16 de febrero de 1991 El otro d\u00eda estaba leyendo unos libros acerca de c\u00f3mo se lograba la realizaci\u00f3n, conocer el Esp\u00edritu y c\u00f3mo la gente fue torturada. Antes de nada hab\u00eda que negar, castigar el cuerpo. Si el cuerpo quer\u00eda&hellip; Read more","og_url":"https:\/\/shrimataji.org\/test\/es\/nuestro-ascenso-espiritual\/","og_site_name":"TEST - SMND","article_publisher":"https:\/\/www.facebook.com\/shrimataji","article_modified_time":"2026-03-11T23:50:13+00:00","og_image":[{"width":990,"height":350,"url":"https:\/\/shrimataji.org\/test\/wp-content\/uploads\/2018\/07\/media_originals\/images\/headers-general\/jacobs-ladder-by-william-blake-spiritual-ascent.jpg","type":"image\/jpeg"}],"twitter_card":"summary_large_image","twitter_site":"@shrimataji","twitter_misc":{"Est. reading time":"8 minutes"},"schema":{"@context":"https:\/\/schema.org","@graph":[{"@type":"WebPage","@id":"https:\/\/shrimataji.org\/test\/es\/nuestro-ascenso-espiritual\/","url":"https:\/\/shrimataji.org\/test\/es\/nuestro-ascenso-espiritual\/","name":"Nuestro Ascenso Espiritual - TEST - SMND","isPartOf":{"@id":"https:\/\/shrimataji.org\/test\/#website"},"primaryImageOfPage":{"@id":"https:\/\/shrimataji.org\/test\/es\/nuestro-ascenso-espiritual\/#primaryimage"},"image":{"@id":"https:\/\/shrimataji.org\/test\/es\/nuestro-ascenso-espiritual\/#primaryimage"},"thumbnailUrl":"https:\/\/shrimataji.org\/test\/wp-content\/uploads\/2018\/07\/media_originals\/images\/headers-general\/jacobs-ladder-by-william-blake-spiritual-ascent.jpg","datePublished":"2012-09-02T10:00:00+00:00","dateModified":"2026-03-11T23:50:13+00:00","breadcrumb":{"@id":"https:\/\/shrimataji.org\/test\/es\/nuestro-ascenso-espiritual\/#breadcrumb"},"inLanguage":"en-US","potentialAction":[{"@type":"ReadAction","target":["https:\/\/shrimataji.org\/test\/es\/nuestro-ascenso-espiritual\/"]}]},{"@type":"ImageObject","inLanguage":"en-US","@id":"https:\/\/shrimataji.org\/test\/es\/nuestro-ascenso-espiritual\/#primaryimage","url":"https:\/\/shrimataji.org\/test\/wp-content\/uploads\/2018\/07\/media_originals\/images\/headers-general\/jacobs-ladder-by-william-blake-spiritual-ascent.jpg","contentUrl":"https:\/\/shrimataji.org\/test\/wp-content\/uploads\/2018\/07\/media_originals\/images\/headers-general\/jacobs-ladder-by-william-blake-spiritual-ascent.jpg","width":990,"height":350},{"@type":"BreadcrumbList","@id":"https:\/\/shrimataji.org\/test\/es\/nuestro-ascenso-espiritual\/#breadcrumb","itemListElement":[{"@type":"ListItem","position":1,"name":"Home","item":"https:\/\/shrimataji.org\/test\/uk\/home-en\/"},{"@type":"ListItem","position":2,"name":"Nuestro Ascenso Espiritual"}]},{"@type":"WebSite","@id":"https:\/\/shrimataji.org\/test\/#website","url":"https:\/\/shrimataji.org\/test\/","name":"Shri Mataji Nirmala Devi","description":"A Life Dedicated to Humanity","publisher":{"@id":"https:\/\/shrimataji.org\/test\/#\/schema\/person\/a1b3419c6585f164aa96da1ff85715d1"},"potentialAction":[{"@type":"SearchAction","target":{"@type":"EntryPoint","urlTemplate":"https:\/\/shrimataji.org\/test\/?s={search_term_string}"},"query-input":{"@type":"PropertyValueSpecification","valueRequired":true,"valueName":"search_term_string"}}],"inLanguage":"en-US"},{"@type":["Person","Organization"],"@id":"https:\/\/shrimataji.org\/test\/#\/schema\/person\/a1b3419c6585f164aa96da1ff85715d1","name":"Nirmala Shrivastava","image":{"@type":"ImageObject","inLanguage":"en-US","@id":"https:\/\/shrimataji.org\/test\/wp-content\/uploads\/2023\/02\/SMO_LOGO-03.svg","url":"https:\/\/shrimataji.org\/test\/wp-content\/uploads\/2023\/02\/SMO_LOGO-03.svg","contentUrl":"https:\/\/shrimataji.org\/test\/wp-content\/uploads\/2023\/02\/SMO_LOGO-03.svg","width":"1024","height":"1024","caption":"Nirmala Shrivastava"},"logo":{"@id":"https:\/\/shrimataji.org\/test\/wp-content\/uploads\/2023\/02\/SMO_LOGO-03.svg"},"sameAs":["https:\/\/shrimataji.org\/test","https:\/\/www.facebook.com\/shrimataji","https:\/\/x.com\/shrimataji","https:\/\/www.youtube.com\/@Shri_Mataji_Nirmala_Devi\/featured"]}]}},"lang":"es","translations":{"es":10968,"ur":37473,"en":429,"am":18046,"th":20013,"hu":19530,"sq":18447,"zh":17344,"tr":10191,"pt":10401,"de":10675,"fr":10773,"it":10871,"ja":11265,"ru":11453,"bn":11645,"te":11753,"sw":11876,"he":12024,"el":12316,"sk":12414,"fa":12512,"fi":12610,"bg":13500,"ro":14575,"cs":14768,"nl":16607,"ku":16767,"ar":16943,"be":18654,"kn":18928,"mr":20377,"uk":20671,"ml":20966,"ta":22765,"sv":23035,"gu":28879,"pa":29039,"fil":29483,"da":37784,"pl":37996,"nn":38336},"pll_sync_post":[],"_links":{"self":[{"href":"https:\/\/shrimataji.org\/test\/wp-json\/wp\/v2\/pages\/10968","targetHints":{"allow":["GET"]}}],"collection":[{"href":"https:\/\/shrimataji.org\/test\/wp-json\/wp\/v2\/pages"}],"about":[{"href":"https:\/\/shrimataji.org\/test\/wp-json\/wp\/v2\/types\/page"}],"author":[{"embeddable":true,"href":"https:\/\/shrimataji.org\/test\/wp-json\/wp\/v2\/users\/63"}],"replies":[{"embeddable":true,"href":"https:\/\/shrimataji.org\/test\/wp-json\/wp\/v2\/comments?post=10968"}],"version-history":[{"count":0,"href":"https:\/\/shrimataji.org\/test\/wp-json\/wp\/v2\/pages\/10968\/revisions"}],"wp:featuredmedia":[{"embeddable":true,"href":"https:\/\/shrimataji.org\/test\/wp-json\/wp\/v2\/media\/140"}],"wp:attachment":[{"href":"https:\/\/shrimataji.org\/test\/wp-json\/wp\/v2\/media?parent=10968"}],"curies":[{"name":"wp","href":"https:\/\/api.w.org\/{rel}","templated":true}]}}