{"id":10969,"date":"2022-01-29T10:23:24","date_gmt":"2022-01-29T10:23:24","guid":{"rendered":"https:\/\/test.shrimataji.org\/?page_id=6404"},"modified":"2026-03-11T23:50:13","modified_gmt":"2026-03-11T23:50:13","slug":"paramchaitanya-es","status":"publish","type":"page","link":"https:\/\/shrimataji.org\/test\/es\/paramchaitanya-es\/","title":{"rendered":"Paramchaitanya ES"},"content":{"rendered":"\n\n\t<h1>Paramchaitanya<\/h1>\n<h2>La divina brisa fresca del inconsciente<\/h2>\n<div class=\"su-quote su-quote-style-default\"><div class=\"su-quote-inner su-u-clearfix su-u-trim\">Cada d\u00eda vemos germinar semillas, florecer flores, madurar frutos, pero no queremos pensar en c\u00f3mo sucede. Hay un poder que realiza esta labor: el poder omnipresente del Amor Divino. Ha llegado el momento de sentir este poder a trav\u00e9s del instrumento que reside en nuestro interior. Este instrumento es in\u00fatil si no est\u00e1 conectado a la energ\u00eda vital. Desconocemos nuestro potencial, nuestra belleza, pero una vez establecida esta conexi\u00f3n, nos sorprender\u00e1n los resultados transformadores. <\/div><\/div>\n<h4>En diferentes culturas, este poder universal del amor divino recibe muchos nombres: Phneuma, Ruah, Assas, Tao, viento del Esp\u00edritu Santo, agua de vida. Sin embargo, todos significan lo mismo: una energ\u00eda creadora amorosa, inteligente y omnipresente. La conciencia y la energ\u00eda son los factores primordiales; todo lo dem\u00e1s es secundario. Esta energ\u00eda causal impregna todo el cosmos. Shri Mataji la denomina \u00abParamchaitanya\u00bb.<\/h4>\n<p>Esta energ\u00eda omnipresente se siente como una brisa fresca o vibraciones tras la autorrealizaci\u00f3n, especialmente en la coronilla y en las palmas de las manos. En meditaci\u00f3n, a medida que nuestra <a href=\"https:\/\/shrimataji.org\/test\/es\/kundalini-es\/\" target=\"_blank\" rel=\"noopener\">Kundalini<\/a> asciende por los distintos <a href=\"https:\/\/shrimataji.org\/test\/es\/chakras-y-cualidades\/\" target=\"_blank\" rel=\"noopener\">chakras<\/a>, podemos sentirla en la columna vertebral, en las diferentes ubicaciones de cada chakra, y a veces tambi\u00e9n en los dedos que les corresponden. Estas vibraciones no solo nos brindan una visi\u00f3n completa de la realidad, sino que tambi\u00e9n nos ayudan a comprender la situaci\u00f3n en su conjunto, buscando siempre el equilibrio que nos beneficia a nosotros, a nuestros semejantes y a toda la naturaleza que nos rodea.<\/p>\n<p>Muchos practicantes de Sahaja Yoguis se maravillaron de la precisi\u00f3n y eficacia de estas vibraciones de amor divino que nos envuelven por completo y nos gu\u00edan en nuestra vida diaria sin interferir con nuestra libertad de elecci\u00f3n. Una analog\u00eda sencilla ser\u00eda la de internet, un medio omnipresente que nos permite resolver muchos de los problemas que enfrentamos a diario sin necesidad de ser expertos en ning\u00fan \u00e1mbito espec\u00edfico. Al igual que con internet, solo necesitamos estar conectados adecuadamente a este poder omnipresente, lo cual podemos lograr f\u00e1cilmente mediante la meditaci\u00f3n diaria.<\/p>\n<div class=\"su-quote su-quote-style-default\"><div class=\"su-quote-inner su-u-clearfix su-u-trim\">Para los sahaja yoguis de hoy es muy f\u00e1cil discernir si algo es real o irreal, verdad o mentira, amor u odio. Solo se puede saber a trav\u00e9s de las vibraciones. Pero yendo m\u00e1s all\u00e1, es necesario comprender qu\u00e9 son estas vibraciones y de qu\u00e9 est\u00e1n compuestas. \u00bfCu\u00e1l es la fuerza sutil que subyace a esas vibraciones? La llamamos Paramchaitanya.<\/div><\/div>\n\t\t<iframe loading=\"lazy\" title=\"Paramchaitanya\" width=\"1920\" height=\"1080\" src=\"https:\/\/www.youtube.com\/embed\/Er_H-whvfWQ?feature=oembed\" frameborder=\"0\" allow=\"accelerometer; autoplay; clipboard-write; encrypted-media; gyroscope; picture-in-picture; web-share\" allowfullscreen><\/iframe>\t\n\n","protected":false},"excerpt":{"rendered":"<p>Paramchaitanya La divina brisa fresca del inconsciente En diferentes culturas, este poder universal del amor divino recibe muchos nombres: Phneuma, Ruah, Assas, Tao, viento del Esp\u00edritu Santo, agua de vida. Sin embargo, todos significan lo mismo: una energ\u00eda creadora amorosa, inteligente y omnipresente. La conciencia y la energ\u00eda son los factores primordiales; todo lo dem\u00e1s&hellip; <br \/> <a class=\"read-more\" href=\"https:\/\/shrimataji.org\/test\/es\/paramchaitanya-es\/\">Read more<\/a><\/p>\n","protected":false},"author":63,"featured_media":9245,"parent":0,"menu_order":0,"comment_status":"closed","ping_status":"closed","template":"","meta":{"inline_featured_image":false,"footnotes":""},"class_list":["post-10969","page","type-page","status-publish","has-post-thumbnail","hentry"],"yoast_head":"<!-- This site is optimized with the Yoast SEO plugin v27.4 - https:\/\/yoast.com\/product\/yoast-seo-wordpress\/ -->\n<title>Paramchaitanya ES - TEST - SMND<\/title>\n<meta name=\"robots\" content=\"noindex, follow, max-snippet:-1, max-image-preview:large, max-video-preview:-1\" \/>\n<meta property=\"og:locale\" content=\"en_US\" \/>\n<meta property=\"og:type\" content=\"article\" \/>\n<meta property=\"og:title\" content=\"Paramchaitanya ES - TEST - SMND\" \/>\n<meta property=\"og:description\" content=\"Paramchaitanya La divina brisa fresca del inconsciente En diferentes culturas, este poder universal del amor divino recibe muchos nombres: Phneuma, Ruah, Assas, Tao, viento del Esp\u00edritu Santo, agua de vida. Sin embargo, todos significan lo mismo: una energ\u00eda creadora amorosa, inteligente y omnipresente. La conciencia y la energ\u00eda son los factores primordiales; todo lo dem\u00e1s&hellip; Read more\" \/>\n<meta property=\"og:url\" content=\"https:\/\/shrimataji.org\/test\/es\/paramchaitanya-es\/\" \/>\n<meta property=\"og:site_name\" content=\"TEST - SMND\" \/>\n<meta property=\"article:publisher\" content=\"https:\/\/www.facebook.com\/shrimataji\" \/>\n<meta property=\"article:modified_time\" content=\"2026-03-11T23:50:13+00:00\" \/>\n<meta property=\"og:image\" content=\"https:\/\/shrimataji.org\/test\/wp-content\/uploads\/2023\/03\/10_Banner-SY-Paramchaitanya-scaled.jpg\" \/>\n\t<meta property=\"og:image:width\" content=\"2560\" \/>\n\t<meta property=\"og:image:height\" content=\"905\" \/>\n\t<meta property=\"og:image:type\" content=\"image\/jpeg\" \/>\n<meta name=\"twitter:card\" content=\"summary_large_image\" \/>\n<meta name=\"twitter:site\" content=\"@shrimataji\" \/>\n<meta name=\"twitter:label1\" content=\"Est. reading time\" \/>\n\t<meta name=\"twitter:data1\" content=\"2 minutes\" \/>\n<script type=\"application\/ld+json\" class=\"yoast-schema-graph\">{\"@context\":\"https:\\\/\\\/schema.org\",\"@graph\":[{\"@type\":\"WebPage\",\"@id\":\"https:\\\/\\\/shrimataji.org\\\/test\\\/es\\\/paramchaitanya-es\\\/\",\"url\":\"https:\\\/\\\/shrimataji.org\\\/test\\\/es\\\/paramchaitanya-es\\\/\",\"name\":\"Paramchaitanya ES - TEST - SMND\",\"isPartOf\":{\"@id\":\"https:\\\/\\\/shrimataji.org\\\/test\\\/#website\"},\"primaryImageOfPage\":{\"@id\":\"https:\\\/\\\/shrimataji.org\\\/test\\\/es\\\/paramchaitanya-es\\\/#primaryimage\"},\"image\":{\"@id\":\"https:\\\/\\\/shrimataji.org\\\/test\\\/es\\\/paramchaitanya-es\\\/#primaryimage\"},\"thumbnailUrl\":\"https:\\\/\\\/shrimataji.org\\\/test\\\/wp-content\\\/uploads\\\/2023\\\/03\\\/10_Banner-SY-Paramchaitanya-scaled.jpg\",\"datePublished\":\"2022-01-29T10:23:24+00:00\",\"dateModified\":\"2026-03-11T23:50:13+00:00\",\"breadcrumb\":{\"@id\":\"https:\\\/\\\/shrimataji.org\\\/test\\\/es\\\/paramchaitanya-es\\\/#breadcrumb\"},\"inLanguage\":\"en-US\",\"potentialAction\":[{\"@type\":\"ReadAction\",\"target\":[\"https:\\\/\\\/shrimataji.org\\\/test\\\/es\\\/paramchaitanya-es\\\/\"]}]},{\"@type\":\"ImageObject\",\"inLanguage\":\"en-US\",\"@id\":\"https:\\\/\\\/shrimataji.org\\\/test\\\/es\\\/paramchaitanya-es\\\/#primaryimage\",\"url\":\"https:\\\/\\\/shrimataji.org\\\/test\\\/wp-content\\\/uploads\\\/2023\\\/03\\\/10_Banner-SY-Paramchaitanya-scaled.jpg\",\"contentUrl\":\"https:\\\/\\\/shrimataji.org\\\/test\\\/wp-content\\\/uploads\\\/2023\\\/03\\\/10_Banner-SY-Paramchaitanya-scaled.jpg\",\"width\":2560,\"height\":905},{\"@type\":\"BreadcrumbList\",\"@id\":\"https:\\\/\\\/shrimataji.org\\\/test\\\/es\\\/paramchaitanya-es\\\/#breadcrumb\",\"itemListElement\":[{\"@type\":\"ListItem\",\"position\":1,\"name\":\"Home\",\"item\":\"https:\\\/\\\/shrimataji.org\\\/test\\\/uk\\\/home-en\\\/\"},{\"@type\":\"ListItem\",\"position\":2,\"name\":\"Paramchaitanya ES\"}]},{\"@type\":\"WebSite\",\"@id\":\"https:\\\/\\\/shrimataji.org\\\/test\\\/#website\",\"url\":\"https:\\\/\\\/shrimataji.org\\\/test\\\/\",\"name\":\"Shri Mataji Nirmala Devi\",\"description\":\"A Life Dedicated to Humanity\",\"publisher\":{\"@id\":\"https:\\\/\\\/shrimataji.org\\\/test\\\/#\\\/schema\\\/person\\\/a1b3419c6585f164aa96da1ff85715d1\"},\"potentialAction\":[{\"@type\":\"SearchAction\",\"target\":{\"@type\":\"EntryPoint\",\"urlTemplate\":\"https:\\\/\\\/shrimataji.org\\\/test\\\/?s={search_term_string}\"},\"query-input\":{\"@type\":\"PropertyValueSpecification\",\"valueRequired\":true,\"valueName\":\"search_term_string\"}}],\"inLanguage\":\"en-US\"},{\"@type\":[\"Person\",\"Organization\"],\"@id\":\"https:\\\/\\\/shrimataji.org\\\/test\\\/#\\\/schema\\\/person\\\/a1b3419c6585f164aa96da1ff85715d1\",\"name\":\"Nirmala Shrivastava\",\"image\":{\"@type\":\"ImageObject\",\"inLanguage\":\"en-US\",\"@id\":\"https:\\\/\\\/shrimataji.org\\\/test\\\/wp-content\\\/uploads\\\/2023\\\/02\\\/SMO_LOGO-03.svg\",\"url\":\"https:\\\/\\\/shrimataji.org\\\/test\\\/wp-content\\\/uploads\\\/2023\\\/02\\\/SMO_LOGO-03.svg\",\"contentUrl\":\"https:\\\/\\\/shrimataji.org\\\/test\\\/wp-content\\\/uploads\\\/2023\\\/02\\\/SMO_LOGO-03.svg\",\"width\":\"1024\",\"height\":\"1024\",\"caption\":\"Nirmala Shrivastava\"},\"logo\":{\"@id\":\"https:\\\/\\\/shrimataji.org\\\/test\\\/wp-content\\\/uploads\\\/2023\\\/02\\\/SMO_LOGO-03.svg\"},\"sameAs\":[\"https:\\\/\\\/shrimataji.org\\\/test\",\"https:\\\/\\\/www.facebook.com\\\/shrimataji\",\"https:\\\/\\\/x.com\\\/shrimataji\",\"https:\\\/\\\/www.youtube.com\\\/@Shri_Mataji_Nirmala_Devi\\\/featured\"]}]}<\/script>\n<!-- \/ Yoast SEO plugin. -->","yoast_head_json":{"title":"Paramchaitanya ES - TEST - SMND","robots":{"index":"noindex","follow":"follow","max-snippet":"max-snippet:-1","max-image-preview":"max-image-preview:large","max-video-preview":"max-video-preview:-1"},"og_locale":"en_US","og_type":"article","og_title":"Paramchaitanya ES - TEST - SMND","og_description":"Paramchaitanya La divina brisa fresca del inconsciente En diferentes culturas, este poder universal del amor divino recibe muchos nombres: Phneuma, Ruah, Assas, Tao, viento del Esp\u00edritu Santo, agua de vida. Sin embargo, todos significan lo mismo: una energ\u00eda creadora amorosa, inteligente y omnipresente. La conciencia y la energ\u00eda son los factores primordiales; todo lo dem\u00e1s&hellip; Read more","og_url":"https:\/\/shrimataji.org\/test\/es\/paramchaitanya-es\/","og_site_name":"TEST - SMND","article_publisher":"https:\/\/www.facebook.com\/shrimataji","article_modified_time":"2026-03-11T23:50:13+00:00","og_image":[{"width":2560,"height":905,"url":"https:\/\/shrimataji.org\/test\/wp-content\/uploads\/2023\/03\/10_Banner-SY-Paramchaitanya-scaled.jpg","type":"image\/jpeg"}],"twitter_card":"summary_large_image","twitter_site":"@shrimataji","twitter_misc":{"Est. reading time":"2 minutes"},"schema":{"@context":"https:\/\/schema.org","@graph":[{"@type":"WebPage","@id":"https:\/\/shrimataji.org\/test\/es\/paramchaitanya-es\/","url":"https:\/\/shrimataji.org\/test\/es\/paramchaitanya-es\/","name":"Paramchaitanya ES - TEST - SMND","isPartOf":{"@id":"https:\/\/shrimataji.org\/test\/#website"},"primaryImageOfPage":{"@id":"https:\/\/shrimataji.org\/test\/es\/paramchaitanya-es\/#primaryimage"},"image":{"@id":"https:\/\/shrimataji.org\/test\/es\/paramchaitanya-es\/#primaryimage"},"thumbnailUrl":"https:\/\/shrimataji.org\/test\/wp-content\/uploads\/2023\/03\/10_Banner-SY-Paramchaitanya-scaled.jpg","datePublished":"2022-01-29T10:23:24+00:00","dateModified":"2026-03-11T23:50:13+00:00","breadcrumb":{"@id":"https:\/\/shrimataji.org\/test\/es\/paramchaitanya-es\/#breadcrumb"},"inLanguage":"en-US","potentialAction":[{"@type":"ReadAction","target":["https:\/\/shrimataji.org\/test\/es\/paramchaitanya-es\/"]}]},{"@type":"ImageObject","inLanguage":"en-US","@id":"https:\/\/shrimataji.org\/test\/es\/paramchaitanya-es\/#primaryimage","url":"https:\/\/shrimataji.org\/test\/wp-content\/uploads\/2023\/03\/10_Banner-SY-Paramchaitanya-scaled.jpg","contentUrl":"https:\/\/shrimataji.org\/test\/wp-content\/uploads\/2023\/03\/10_Banner-SY-Paramchaitanya-scaled.jpg","width":2560,"height":905},{"@type":"BreadcrumbList","@id":"https:\/\/shrimataji.org\/test\/es\/paramchaitanya-es\/#breadcrumb","itemListElement":[{"@type":"ListItem","position":1,"name":"Home","item":"https:\/\/shrimataji.org\/test\/uk\/home-en\/"},{"@type":"ListItem","position":2,"name":"Paramchaitanya ES"}]},{"@type":"WebSite","@id":"https:\/\/shrimataji.org\/test\/#website","url":"https:\/\/shrimataji.org\/test\/","name":"Shri Mataji Nirmala Devi","description":"A Life Dedicated to Humanity","publisher":{"@id":"https:\/\/shrimataji.org\/test\/#\/schema\/person\/a1b3419c6585f164aa96da1ff85715d1"},"potentialAction":[{"@type":"SearchAction","target":{"@type":"EntryPoint","urlTemplate":"https:\/\/shrimataji.org\/test\/?s={search_term_string}"},"query-input":{"@type":"PropertyValueSpecification","valueRequired":true,"valueName":"search_term_string"}}],"inLanguage":"en-US"},{"@type":["Person","Organization"],"@id":"https:\/\/shrimataji.org\/test\/#\/schema\/person\/a1b3419c6585f164aa96da1ff85715d1","name":"Nirmala Shrivastava","image":{"@type":"ImageObject","inLanguage":"en-US","@id":"https:\/\/shrimataji.org\/test\/wp-content\/uploads\/2023\/02\/SMO_LOGO-03.svg","url":"https:\/\/shrimataji.org\/test\/wp-content\/uploads\/2023\/02\/SMO_LOGO-03.svg","contentUrl":"https:\/\/shrimataji.org\/test\/wp-content\/uploads\/2023\/02\/SMO_LOGO-03.svg","width":"1024","height":"1024","caption":"Nirmala Shrivastava"},"logo":{"@id":"https:\/\/shrimataji.org\/test\/wp-content\/uploads\/2023\/02\/SMO_LOGO-03.svg"},"sameAs":["https:\/\/shrimataji.org\/test","https:\/\/www.facebook.com\/shrimataji","https:\/\/x.com\/shrimataji","https:\/\/www.youtube.com\/@Shri_Mataji_Nirmala_Devi\/featured"]}]}},"lang":"es","translations":{"es":10969,"ur":37475,"en":6404,"am":18048,"th":20016,"hu":19532,"sq":18449,"zh":17346,"hi":8298,"tr":10192,"pt":10402,"de":10676,"fr":10774,"it":10872,"ja":11266,"ru":11454,"bn":11646,"te":11754,"sw":11877,"he":12025,"el":12317,"sk":12415,"fa":12513,"fi":12611,"bg":13388,"ro":14462,"cs":14655,"nl":16609,"ku":16769,"ar":16945,"be":18656,"kn":18930,"mr":20380,"uk":20674,"ml":20969,"ta":22767,"sv":23037,"gu":28881,"pa":29041,"fil":29485,"da":37786,"pl":37998,"nn":38338},"pll_sync_post":[],"_links":{"self":[{"href":"https:\/\/shrimataji.org\/test\/wp-json\/wp\/v2\/pages\/10969","targetHints":{"allow":["GET"]}}],"collection":[{"href":"https:\/\/shrimataji.org\/test\/wp-json\/wp\/v2\/pages"}],"about":[{"href":"https:\/\/shrimataji.org\/test\/wp-json\/wp\/v2\/types\/page"}],"author":[{"embeddable":true,"href":"https:\/\/shrimataji.org\/test\/wp-json\/wp\/v2\/users\/63"}],"replies":[{"embeddable":true,"href":"https:\/\/shrimataji.org\/test\/wp-json\/wp\/v2\/comments?post=10969"}],"version-history":[{"count":0,"href":"https:\/\/shrimataji.org\/test\/wp-json\/wp\/v2\/pages\/10969\/revisions"}],"wp:featuredmedia":[{"embeddable":true,"href":"https:\/\/shrimataji.org\/test\/wp-json\/wp\/v2\/media\/9245"}],"wp:attachment":[{"href":"https:\/\/shrimataji.org\/test\/wp-json\/wp\/v2\/media?parent=10969"}],"curies":[{"name":"wp","href":"https:\/\/api.w.org\/{rel}","templated":true}]}}