{"id":10971,"date":"2015-02-02T03:00:00","date_gmt":"2015-02-02T03:00:00","guid":{"rendered":"http:\/\/testwordpress.nirmalnagari.org\/smnd\/index.php\/poems-by-shri-mataji\/"},"modified":"2026-03-11T23:50:14","modified_gmt":"2026-03-11T23:50:14","slug":"poesias-de-shri-mataji","status":"publish","type":"page","link":"https:\/\/shrimataji.org\/test\/es\/poesias-de-shri-mataji\/","title":{"rendered":"Poes\u00edas de Shri Mataji"},"content":{"rendered":"\n\n\t<h1>Ser una part\u00edcula de polvo<\/h1>\nQuiero ser m\u00e1s peque\u00f1a, como una part\u00edcula de polvo<br \/>\nque se mueve con el viento\u00a0y va a todas partes.\nPuede ir\u00a0y sentarse sobre la cabeza de un rey,<br \/>\no caer a los pies de cualquiera.\n<p>y puede ir y sentarse sobre cualquier lugar.<\/p>\n<p>Pero quiero ser una part\u00edcula de polvo.<\/p>\nLlena de fragancia,<br \/>\nque alimente,<br \/>\ne ilumine.\n<h4><strong>Shri Mataji Nirmala Devi,<\/strong><br \/>\nten\u00eda siete a\u00f1os y seg\u00fan lo narr\u00f3 ella en Dhulia, India, el 14 de enero de 1983.<\/h4>\n\t<h1>A Mis Ni\u00f1os Flores<\/h1>\n<p>&nbsp;<\/p>\nEst\u00e1s enojado con la vida<br \/>\ncomo ni\u00f1os peque\u00f1os,<br \/>\ncuya madre est\u00e1 perdida en la oscuridad.<br \/>\nTe enfureces expresando desesperaci\u00f3n.<br \/>\nEn el final infructuoso de tu viaje,\nTe vistes de fealdad para descubrir la belleza.<br \/>\nNombras todo lo falso en nombre de la verdad,<br \/>\nDrenas tus emociones para llenar la copa de amor.<br \/>\nMis queridos, mis dulces ni\u00f1os,<br \/>\n\u00bfC\u00f3mo puedes conseguir la paz librando una guerra<br \/>\ncontigo mismo, con tu ser, con la alegr\u00eda misma?\nSuficientes son sus esfuerzos de renuncia,<br \/>\nla m\u00e1scara artificial de consolaci\u00f3n.<br \/>\nAhora descansa en los p\u00e9talos de la flor de loto,\nen el regazo de tu graciosa madre.<br \/>\nAdornar\u00e9 tu vida con hermosas flores<br \/>\ny llenar\u00e9 tus momentos con fragancia alegre.\nUngir\u00e9 tu cabeza con Amor Divino,<br \/>\nporque ya no puedo soportar tu tortura.<br \/>\nD\u00e9jame envolverte en el oc\u00e9ano de alegr\u00eda<br \/>\npara que pierdas tu ser en el Ser mayor,\nQui\u00e9n sonr\u00ede en el c\u00e1liz de s\u00ed mismo,<br \/>\nSecretamente oculto para re\u00edrse de ti todo el tiempo.<br \/>\nS\u00e9 consciente y lo encontrar\u00e1s,<br \/>\nvibrando cada una de tus fibras con gozosa alegr\u00eda,<br \/>\ncubriendo todo el universo con luz.\n<h4>Shri Mataji Nirmala Devi, a los buscadores de los EE. UU. en su primer viaje all\u00ed en 1972.<\/h4>\n\t<h1>Veo una monta\u00f1a<\/h1>\nVeo una monta\u00f1a desde mi ventana<br \/>\nerguida como un antiguo sabio<br \/>\nsin deseos, llena de Amor.\nMuchos \u00e1rboles y flores<br \/>\ninvaden continuamente a la monta\u00f1a.<br \/>\nSu atenci\u00f3n no se altera\ny cuando la lluvia cae como<br \/>\nsi estallaran montones de nubes,<br \/>\nllena la monta\u00f1a con vegetaci\u00f3n.\nLas tormentas puede que surjan,<br \/>\nllenando el lago con Compasi\u00f3n<br \/>\ny los r\u00edos fluyen descendiendo<br \/>\nhacia la llamada del mar.\nEl sol crear\u00e1 nubes y<br \/>\nel viento lleva en sus ligeras alas<br \/>\nla lluvia hacia la monta\u00f1a.\nEste es el Juego Eterno<br \/>\nque la monta\u00f1a contempla<br \/>\nsin deseos.\n<h4>Shri Mataji Nirmala Devi, 2002.<\/h4>\n\n","protected":false},"excerpt":{"rendered":"<p>Ser una part\u00edcula de polvo Quiero ser m\u00e1s peque\u00f1a, como una part\u00edcula de polvo que se mueve con el viento\u00a0y va a todas partes. Puede ir\u00a0y sentarse sobre la cabeza de un rey, o caer a los pies de cualquiera. y puede ir y sentarse sobre cualquier lugar. Pero quiero ser una part\u00edcula de polvo.&hellip; <br \/> <a class=\"read-more\" href=\"https:\/\/shrimataji.org\/test\/es\/poesias-de-shri-mataji\/\">Read more<\/a><\/p>\n","protected":false},"author":63,"featured_media":150,"parent":0,"menu_order":0,"comment_status":"closed","ping_status":"closed","template":"","meta":{"inline_featured_image":false,"footnotes":""},"class_list":["post-10971","page","type-page","status-publish","has-post-thumbnail","hentry"],"yoast_head":"<!-- This site is optimized with the Yoast SEO plugin v27.4 - https:\/\/yoast.com\/product\/yoast-seo-wordpress\/ -->\n<title>Poes\u00edas de Shri Mataji - TEST - SMND<\/title>\n<meta name=\"robots\" content=\"noindex, follow, max-snippet:-1, max-image-preview:large, max-video-preview:-1\" \/>\n<meta property=\"og:locale\" content=\"en_US\" \/>\n<meta property=\"og:type\" content=\"article\" \/>\n<meta property=\"og:title\" content=\"Poes\u00edas de Shri Mataji - TEST - SMND\" \/>\n<meta property=\"og:description\" content=\"Ser una part\u00edcula de polvo Quiero ser m\u00e1s peque\u00f1a, como una part\u00edcula de polvo que se mueve con el viento\u00a0y va a todas partes. Puede ir\u00a0y sentarse sobre la cabeza de un rey, o caer a los pies de cualquiera. y puede ir y sentarse sobre cualquier lugar. Pero quiero ser una part\u00edcula de polvo.&hellip; Read more\" \/>\n<meta property=\"og:url\" content=\"https:\/\/shrimataji.org\/test\/es\/poesias-de-shri-mataji\/\" \/>\n<meta property=\"og:site_name\" content=\"TEST - SMND\" \/>\n<meta property=\"article:publisher\" content=\"https:\/\/www.facebook.com\/shrimataji\" \/>\n<meta property=\"article:modified_time\" content=\"2026-03-11T23:50:14+00:00\" \/>\n<meta property=\"og:image\" content=\"https:\/\/shrimataji.org\/test\/wp-content\/uploads\/2018\/07\/media_originals\/images\/headers-general\/artwork-by-meredith-cooper-australia.jpg\" \/>\n\t<meta property=\"og:image:width\" content=\"990\" \/>\n\t<meta property=\"og:image:height\" content=\"350\" \/>\n\t<meta property=\"og:image:type\" content=\"image\/jpeg\" \/>\n<meta name=\"twitter:card\" content=\"summary_large_image\" \/>\n<meta name=\"twitter:site\" content=\"@shrimataji\" \/>\n<meta name=\"twitter:label1\" content=\"Est. reading time\" \/>\n\t<meta name=\"twitter:data1\" content=\"2 minutes\" \/>\n<script type=\"application\/ld+json\" class=\"yoast-schema-graph\">{\"@context\":\"https:\\\/\\\/schema.org\",\"@graph\":[{\"@type\":\"WebPage\",\"@id\":\"https:\\\/\\\/shrimataji.org\\\/test\\\/es\\\/poesias-de-shri-mataji\\\/\",\"url\":\"https:\\\/\\\/shrimataji.org\\\/test\\\/es\\\/poesias-de-shri-mataji\\\/\",\"name\":\"Poes\u00edas de Shri Mataji - TEST - SMND\",\"isPartOf\":{\"@id\":\"https:\\\/\\\/shrimataji.org\\\/test\\\/#website\"},\"primaryImageOfPage\":{\"@id\":\"https:\\\/\\\/shrimataji.org\\\/test\\\/es\\\/poesias-de-shri-mataji\\\/#primaryimage\"},\"image\":{\"@id\":\"https:\\\/\\\/shrimataji.org\\\/test\\\/es\\\/poesias-de-shri-mataji\\\/#primaryimage\"},\"thumbnailUrl\":\"https:\\\/\\\/shrimataji.org\\\/test\\\/wp-content\\\/uploads\\\/2018\\\/07\\\/media_originals\\\/images\\\/headers-general\\\/artwork-by-meredith-cooper-australia.jpg\",\"datePublished\":\"2015-02-02T03:00:00+00:00\",\"dateModified\":\"2026-03-11T23:50:14+00:00\",\"breadcrumb\":{\"@id\":\"https:\\\/\\\/shrimataji.org\\\/test\\\/es\\\/poesias-de-shri-mataji\\\/#breadcrumb\"},\"inLanguage\":\"en-US\",\"potentialAction\":[{\"@type\":\"ReadAction\",\"target\":[\"https:\\\/\\\/shrimataji.org\\\/test\\\/es\\\/poesias-de-shri-mataji\\\/\"]}]},{\"@type\":\"ImageObject\",\"inLanguage\":\"en-US\",\"@id\":\"https:\\\/\\\/shrimataji.org\\\/test\\\/es\\\/poesias-de-shri-mataji\\\/#primaryimage\",\"url\":\"https:\\\/\\\/shrimataji.org\\\/test\\\/wp-content\\\/uploads\\\/2018\\\/07\\\/media_originals\\\/images\\\/headers-general\\\/artwork-by-meredith-cooper-australia.jpg\",\"contentUrl\":\"https:\\\/\\\/shrimataji.org\\\/test\\\/wp-content\\\/uploads\\\/2018\\\/07\\\/media_originals\\\/images\\\/headers-general\\\/artwork-by-meredith-cooper-australia.jpg\",\"width\":990,\"height\":350},{\"@type\":\"BreadcrumbList\",\"@id\":\"https:\\\/\\\/shrimataji.org\\\/test\\\/es\\\/poesias-de-shri-mataji\\\/#breadcrumb\",\"itemListElement\":[{\"@type\":\"ListItem\",\"position\":1,\"name\":\"Home\",\"item\":\"https:\\\/\\\/shrimataji.org\\\/test\\\/uk\\\/home-en\\\/\"},{\"@type\":\"ListItem\",\"position\":2,\"name\":\"Poes\u00edas de Shri Mataji\"}]},{\"@type\":\"WebSite\",\"@id\":\"https:\\\/\\\/shrimataji.org\\\/test\\\/#website\",\"url\":\"https:\\\/\\\/shrimataji.org\\\/test\\\/\",\"name\":\"Shri Mataji Nirmala Devi\",\"description\":\"A Life Dedicated to Humanity\",\"publisher\":{\"@id\":\"https:\\\/\\\/shrimataji.org\\\/test\\\/#\\\/schema\\\/person\\\/a1b3419c6585f164aa96da1ff85715d1\"},\"potentialAction\":[{\"@type\":\"SearchAction\",\"target\":{\"@type\":\"EntryPoint\",\"urlTemplate\":\"https:\\\/\\\/shrimataji.org\\\/test\\\/?s={search_term_string}\"},\"query-input\":{\"@type\":\"PropertyValueSpecification\",\"valueRequired\":true,\"valueName\":\"search_term_string\"}}],\"inLanguage\":\"en-US\"},{\"@type\":[\"Person\",\"Organization\"],\"@id\":\"https:\\\/\\\/shrimataji.org\\\/test\\\/#\\\/schema\\\/person\\\/a1b3419c6585f164aa96da1ff85715d1\",\"name\":\"Nirmala Shrivastava\",\"image\":{\"@type\":\"ImageObject\",\"inLanguage\":\"en-US\",\"@id\":\"https:\\\/\\\/shrimataji.org\\\/test\\\/wp-content\\\/uploads\\\/2023\\\/02\\\/SMO_LOGO-03.svg\",\"url\":\"https:\\\/\\\/shrimataji.org\\\/test\\\/wp-content\\\/uploads\\\/2023\\\/02\\\/SMO_LOGO-03.svg\",\"contentUrl\":\"https:\\\/\\\/shrimataji.org\\\/test\\\/wp-content\\\/uploads\\\/2023\\\/02\\\/SMO_LOGO-03.svg\",\"width\":\"1024\",\"height\":\"1024\",\"caption\":\"Nirmala Shrivastava\"},\"logo\":{\"@id\":\"https:\\\/\\\/shrimataji.org\\\/test\\\/wp-content\\\/uploads\\\/2023\\\/02\\\/SMO_LOGO-03.svg\"},\"sameAs\":[\"https:\\\/\\\/shrimataji.org\\\/test\",\"https:\\\/\\\/www.facebook.com\\\/shrimataji\",\"https:\\\/\\\/x.com\\\/shrimataji\",\"https:\\\/\\\/www.youtube.com\\\/@Shri_Mataji_Nirmala_Devi\\\/featured\"]}]}<\/script>\n<!-- \/ Yoast SEO plugin. -->","yoast_head_json":{"title":"Poes\u00edas de Shri Mataji - TEST - SMND","robots":{"index":"noindex","follow":"follow","max-snippet":"max-snippet:-1","max-image-preview":"max-image-preview:large","max-video-preview":"max-video-preview:-1"},"og_locale":"en_US","og_type":"article","og_title":"Poes\u00edas de Shri Mataji - TEST - SMND","og_description":"Ser una part\u00edcula de polvo Quiero ser m\u00e1s peque\u00f1a, como una part\u00edcula de polvo que se mueve con el viento\u00a0y va a todas partes. Puede ir\u00a0y sentarse sobre la cabeza de un rey, o caer a los pies de cualquiera. y puede ir y sentarse sobre cualquier lugar. Pero quiero ser una part\u00edcula de polvo.&hellip; Read more","og_url":"https:\/\/shrimataji.org\/test\/es\/poesias-de-shri-mataji\/","og_site_name":"TEST - SMND","article_publisher":"https:\/\/www.facebook.com\/shrimataji","article_modified_time":"2026-03-11T23:50:14+00:00","og_image":[{"width":990,"height":350,"url":"https:\/\/shrimataji.org\/test\/wp-content\/uploads\/2018\/07\/media_originals\/images\/headers-general\/artwork-by-meredith-cooper-australia.jpg","type":"image\/jpeg"}],"twitter_card":"summary_large_image","twitter_site":"@shrimataji","twitter_misc":{"Est. reading time":"2 minutes"},"schema":{"@context":"https:\/\/schema.org","@graph":[{"@type":"WebPage","@id":"https:\/\/shrimataji.org\/test\/es\/poesias-de-shri-mataji\/","url":"https:\/\/shrimataji.org\/test\/es\/poesias-de-shri-mataji\/","name":"Poes\u00edas de Shri Mataji - TEST - SMND","isPartOf":{"@id":"https:\/\/shrimataji.org\/test\/#website"},"primaryImageOfPage":{"@id":"https:\/\/shrimataji.org\/test\/es\/poesias-de-shri-mataji\/#primaryimage"},"image":{"@id":"https:\/\/shrimataji.org\/test\/es\/poesias-de-shri-mataji\/#primaryimage"},"thumbnailUrl":"https:\/\/shrimataji.org\/test\/wp-content\/uploads\/2018\/07\/media_originals\/images\/headers-general\/artwork-by-meredith-cooper-australia.jpg","datePublished":"2015-02-02T03:00:00+00:00","dateModified":"2026-03-11T23:50:14+00:00","breadcrumb":{"@id":"https:\/\/shrimataji.org\/test\/es\/poesias-de-shri-mataji\/#breadcrumb"},"inLanguage":"en-US","potentialAction":[{"@type":"ReadAction","target":["https:\/\/shrimataji.org\/test\/es\/poesias-de-shri-mataji\/"]}]},{"@type":"ImageObject","inLanguage":"en-US","@id":"https:\/\/shrimataji.org\/test\/es\/poesias-de-shri-mataji\/#primaryimage","url":"https:\/\/shrimataji.org\/test\/wp-content\/uploads\/2018\/07\/media_originals\/images\/headers-general\/artwork-by-meredith-cooper-australia.jpg","contentUrl":"https:\/\/shrimataji.org\/test\/wp-content\/uploads\/2018\/07\/media_originals\/images\/headers-general\/artwork-by-meredith-cooper-australia.jpg","width":990,"height":350},{"@type":"BreadcrumbList","@id":"https:\/\/shrimataji.org\/test\/es\/poesias-de-shri-mataji\/#breadcrumb","itemListElement":[{"@type":"ListItem","position":1,"name":"Home","item":"https:\/\/shrimataji.org\/test\/uk\/home-en\/"},{"@type":"ListItem","position":2,"name":"Poes\u00edas de Shri Mataji"}]},{"@type":"WebSite","@id":"https:\/\/shrimataji.org\/test\/#website","url":"https:\/\/shrimataji.org\/test\/","name":"Shri Mataji Nirmala Devi","description":"A Life Dedicated to Humanity","publisher":{"@id":"https:\/\/shrimataji.org\/test\/#\/schema\/person\/a1b3419c6585f164aa96da1ff85715d1"},"potentialAction":[{"@type":"SearchAction","target":{"@type":"EntryPoint","urlTemplate":"https:\/\/shrimataji.org\/test\/?s={search_term_string}"},"query-input":{"@type":"PropertyValueSpecification","valueRequired":true,"valueName":"search_term_string"}}],"inLanguage":"en-US"},{"@type":["Person","Organization"],"@id":"https:\/\/shrimataji.org\/test\/#\/schema\/person\/a1b3419c6585f164aa96da1ff85715d1","name":"Nirmala Shrivastava","image":{"@type":"ImageObject","inLanguage":"en-US","@id":"https:\/\/shrimataji.org\/test\/wp-content\/uploads\/2023\/02\/SMO_LOGO-03.svg","url":"https:\/\/shrimataji.org\/test\/wp-content\/uploads\/2023\/02\/SMO_LOGO-03.svg","contentUrl":"https:\/\/shrimataji.org\/test\/wp-content\/uploads\/2023\/02\/SMO_LOGO-03.svg","width":"1024","height":"1024","caption":"Nirmala Shrivastava"},"logo":{"@id":"https:\/\/shrimataji.org\/test\/wp-content\/uploads\/2023\/02\/SMO_LOGO-03.svg"},"sameAs":["https:\/\/shrimataji.org\/test","https:\/\/www.facebook.com\/shrimataji","https:\/\/x.com\/shrimataji","https:\/\/www.youtube.com\/@Shri_Mataji_Nirmala_Devi\/featured"]}]}},"lang":"es","translations":{"es":10971,"ur":37479,"en":428,"am":18052,"th":20022,"hu":19536,"sq":18453,"zh":17350,"hi":7608,"tr":10194,"pt":10404,"de":10678,"fr":10776,"it":10874,"ja":11268,"ru":11456,"bn":11648,"te":11756,"sw":11879,"he":12027,"el":12319,"sk":12417,"fa":12515,"fi":12613,"bg":13489,"ro":14564,"cs":14757,"nl":16613,"ku":16773,"ar":16949,"be":18660,"kn":18934,"mr":20386,"uk":20680,"ml":20975,"ta":22771,"sv":23041,"gu":28885,"pa":29045,"fil":29489,"da":37790,"pl":38002,"nn":38342},"pll_sync_post":[],"_links":{"self":[{"href":"https:\/\/shrimataji.org\/test\/wp-json\/wp\/v2\/pages\/10971","targetHints":{"allow":["GET"]}}],"collection":[{"href":"https:\/\/shrimataji.org\/test\/wp-json\/wp\/v2\/pages"}],"about":[{"href":"https:\/\/shrimataji.org\/test\/wp-json\/wp\/v2\/types\/page"}],"author":[{"embeddable":true,"href":"https:\/\/shrimataji.org\/test\/wp-json\/wp\/v2\/users\/63"}],"replies":[{"embeddable":true,"href":"https:\/\/shrimataji.org\/test\/wp-json\/wp\/v2\/comments?post=10971"}],"version-history":[{"count":0,"href":"https:\/\/shrimataji.org\/test\/wp-json\/wp\/v2\/pages\/10971\/revisions"}],"wp:featuredmedia":[{"embeddable":true,"href":"https:\/\/shrimataji.org\/test\/wp-json\/wp\/v2\/media\/150"}],"wp:attachment":[{"href":"https:\/\/shrimataji.org\/test\/wp-json\/wp\/v2\/media?parent=10971"}],"curies":[{"name":"wp","href":"https:\/\/api.w.org\/{rel}","templated":true}]}}