{"id":10974,"date":"2018-07-10T06:54:50","date_gmt":"2018-07-10T06:54:50","guid":{"rendered":"http:\/\/testwordpress.nirmalnagari.org\/smnd\/index.php\/public-life\/"},"modified":"2026-03-11T23:50:18","modified_gmt":"2026-03-11T23:50:18","slug":"vida-publica-es","status":"publish","type":"page","link":"https:\/\/shrimataji.org\/test\/es\/vida-publica-es\/","title":{"rendered":"Vida P\u00fablica ES"},"content":{"rendered":"\n\n\t<h1>Vida P\u00fablica<\/h1>\n<h2>Llev\u00e1ndolo al Mundo<\/h2>\n\t<h4>Una vez que sus hijas crecieron y se establecieron, Nirmala Srivastava pudo dedicar m\u00e1s de su tiempo y atenci\u00f3n al \u00e1mbito p\u00fablico. Mientras su esposo dirig\u00eda la Organizaci\u00f3n Mar\u00edtima Internacional de las Naciones Unidas en Londres, comenz\u00f3 su trabajo espiritual ah\u00ed con un peque\u00f1o grupo de personas. Tambi\u00e9n comenz\u00f3 a recorrer el pa\u00eds, dando conferencias, as\u00ed como la experiencia de la Realizaci\u00f3n del Ser. Nirmala pronto ser\u00eda conocida con el t\u00edtulo honor\u00edfico de Shri Mataji, que significa &#8216;Madre Respetada&#8217;, pues aquellos que estaban a su alrededor reconoc\u00edan sus excepcionales cualidades espirituales y maternales.<\/h4>\n\t<p>Nunca cobr\u00f3 dinero por estas conferencias ni por la experiencia de la Realizaci\u00f3n del Ser, insistiendo en que el despertar de la energ\u00eda espiritual latente dentro de los seres humanos era un derecho de nacimiento y, en consecuencia, no se pod\u00eda pagar por \u00e9l. El m\u00e9todo de meditaci\u00f3n a trav\u00e9s de la Realizaci\u00f3n del Ser, desarrollado por Shri Mataji era conocido como <a href=\"https:\/\/shrimataji.org\/test\/es\/sahaja-yoga-meditacion\/\" target=\"_blank\" rel=\"noopener\">Sahaja Yoga<\/a>. Concentrando sus esfuerzos inicialmente en el Reino Unido, llev\u00f3 su mensaje al p\u00fablico en pueblos peque\u00f1os, as\u00ed como en las grandes ciudades. Viaj\u00f3 por el pa\u00eds dando entrevistas en la radio y televisi\u00f3n, impartiendo conferencias en salas p\u00fablicas y pasando horas conociendo a personas de la audiencia, escuchando pacientemente sus problemas e historias y ofreci\u00e9ndoles consejo.<\/p>\n\t\t<iframe loading=\"lazy\" title=\"The Time For Realization Is Now\" width=\"1920\" height=\"1080\" src=\"https:\/\/www.youtube.com\/embed\/4X6QxLepxT0?feature=oembed\" frameborder=\"0\" allow=\"accelerometer; autoplay; clipboard-write; encrypted-media; gyroscope; picture-in-picture; web-share\" allowfullscreen><\/iframe>\t\n\t<p>Este ser\u00eda el patr\u00f3n en la d\u00e9cada de 1980, cuando Shri Mataji comenz\u00f3 a recorrer Europa, Australia y Am\u00e9rica del Norte. Ense\u00f1\u00f3 Sahaja Yoga de forma gratuita a todos los interesados y particip\u00f3 en vibrantes debates y sesiones de preguntas y respuestas acerca del papel de la espiritualidad en los tiempos modernos.<\/p>\n<p>En la d\u00e9cada de 1990, sus viajes se extendieron a Am\u00e9rica del Sur, Europa del Este, Asia y la regi\u00f3n del Pac\u00edfico.<\/p>\n<p>Diversas instituciones alrededor del mundo le otorgaron <a href=\"https:\/\/shrimataji.org\/test\/es\/reconocimientos\/\" target=\"_blank\" rel=\"noopener\">premios honor\u00edficos<\/a> y doctorados. En 1995, habl\u00f3 en la <a href=\"https:\/\/shrimataji.org\/test\/es\/uniendo-las-naciones\/\" target=\"_blank\" rel=\"noopener\">Cuarta Conferencia Mundial sobre la Mujer en Beijing<\/a>. Tambi\u00e9n habl\u00f3 sobre la Paz Mundial en las Naciones Unidas.<\/p>\n<figure itemscope itemtype=\"https:\/\/schema.org\/ImageObject\">\n\t\t\t\t<img decoding=\"async\" src=\"https:\/\/shrimataji.org\/test\/wp-content\/uploads\/2025\/07\/Spa_shri-mataji-greeting-the-queen-2-1.jpg\" alt=\"Mumbai, 14 de enero de 1985.\" height=\"320\" width=\"460\" title=\"Spa_shri-mataji-greeting-the-queen-2\" onerror=\"this.style.display='none'\" loading=\"lazy\" \/>\n\t\t<figcaption>Mumbai, 14 de enero de 1985.<\/figcaption>\n\t<\/figure>\n\t<p>En 1997, Claes Nobel expres\u00f3 su admiraci\u00f3n por Shri Mataji y Sahaja Yoga, a la que describi\u00f3 como &#8220;un punto de referencia para determinar el bien del mal&#8221; y como &#8220;una fuente de esperanza para la humanidad&#8221;<\/p>\n\t<div class=\"su-quote su-quote-style-default\"><div class=\"su-quote-inner su-u-clearfix su-u-trim\">La mayor ganancia es la paz que han alcanzado, el amor que han desarrollado, la compasi\u00f3n que pueden emitir, la cantidad de relaciones que han logrado y saber que pueden penetrar en los dem\u00e1s&#8221;.<\/div><\/div>\n\n","protected":false},"excerpt":{"rendered":"<p>Vida P\u00fablica Llev\u00e1ndolo al Mundo Una vez que sus hijas crecieron y se establecieron, Nirmala Srivastava pudo dedicar m\u00e1s de su tiempo y atenci\u00f3n al \u00e1mbito p\u00fablico. Mientras su esposo dirig\u00eda la Organizaci\u00f3n Mar\u00edtima Internacional de las Naciones Unidas en Londres, comenz\u00f3 su trabajo espiritual ah\u00ed con un peque\u00f1o grupo de personas. Tambi\u00e9n comenz\u00f3 a&hellip; <br \/> <a class=\"read-more\" href=\"https:\/\/shrimataji.org\/test\/es\/vida-publica-es\/\">Read more<\/a><\/p>\n","protected":false},"author":63,"featured_media":9514,"parent":0,"menu_order":0,"comment_status":"closed","ping_status":"closed","template":"","meta":{"inline_featured_image":false,"footnotes":""},"class_list":["post-10974","page","type-page","status-publish","has-post-thumbnail","hentry"],"yoast_head":"<!-- This site is optimized with the Yoast SEO plugin v27.4 - https:\/\/yoast.com\/product\/yoast-seo-wordpress\/ -->\n<title>Vida P\u00fablica ES - TEST - SMND<\/title>\n<meta name=\"robots\" content=\"noindex, follow, max-snippet:-1, max-image-preview:large, max-video-preview:-1\" \/>\n<meta property=\"og:locale\" content=\"en_US\" \/>\n<meta property=\"og:type\" content=\"article\" \/>\n<meta property=\"og:title\" content=\"Vida P\u00fablica ES - TEST - SMND\" \/>\n<meta property=\"og:description\" content=\"Vida P\u00fablica Llev\u00e1ndolo al Mundo Una vez que sus hijas crecieron y se establecieron, Nirmala Srivastava pudo dedicar m\u00e1s de su tiempo y atenci\u00f3n al \u00e1mbito p\u00fablico. Mientras su esposo dirig\u00eda la Organizaci\u00f3n Mar\u00edtima Internacional de las Naciones Unidas en Londres, comenz\u00f3 su trabajo espiritual ah\u00ed con un peque\u00f1o grupo de personas. Tambi\u00e9n comenz\u00f3 a&hellip; Read more\" \/>\n<meta property=\"og:url\" content=\"https:\/\/shrimataji.org\/test\/es\/vida-publica-es\/\" \/>\n<meta property=\"og:site_name\" content=\"TEST - SMND\" \/>\n<meta property=\"article:publisher\" content=\"https:\/\/www.facebook.com\/shrimataji\" \/>\n<meta property=\"article:modified_time\" content=\"2026-03-11T23:50:18+00:00\" \/>\n<meta property=\"og:image\" content=\"https:\/\/shrimataji.org\/test\/wp-content\/uploads\/2023\/03\/9_Banner-PublicLife-2-scaled.jpg\" \/>\n\t<meta property=\"og:image:width\" content=\"2560\" \/>\n\t<meta property=\"og:image:height\" content=\"905\" \/>\n\t<meta property=\"og:image:type\" content=\"image\/jpeg\" \/>\n<meta name=\"twitter:card\" content=\"summary_large_image\" \/>\n<meta name=\"twitter:site\" content=\"@shrimataji\" \/>\n<meta name=\"twitter:label1\" content=\"Est. reading time\" \/>\n\t<meta name=\"twitter:data1\" content=\"2 minutes\" \/>\n<script type=\"application\/ld+json\" class=\"yoast-schema-graph\">{\"@context\":\"https:\\\/\\\/schema.org\",\"@graph\":[{\"@type\":\"WebPage\",\"@id\":\"https:\\\/\\\/shrimataji.org\\\/test\\\/es\\\/vida-publica-es\\\/\",\"url\":\"https:\\\/\\\/shrimataji.org\\\/test\\\/es\\\/vida-publica-es\\\/\",\"name\":\"Vida P\u00fablica ES - TEST - SMND\",\"isPartOf\":{\"@id\":\"https:\\\/\\\/shrimataji.org\\\/test\\\/#website\"},\"primaryImageOfPage\":{\"@id\":\"https:\\\/\\\/shrimataji.org\\\/test\\\/es\\\/vida-publica-es\\\/#primaryimage\"},\"image\":{\"@id\":\"https:\\\/\\\/shrimataji.org\\\/test\\\/es\\\/vida-publica-es\\\/#primaryimage\"},\"thumbnailUrl\":\"https:\\\/\\\/shrimataji.org\\\/test\\\/wp-content\\\/uploads\\\/2023\\\/03\\\/9_Banner-PublicLife-2-scaled.jpg\",\"datePublished\":\"2018-07-10T06:54:50+00:00\",\"dateModified\":\"2026-03-11T23:50:18+00:00\",\"breadcrumb\":{\"@id\":\"https:\\\/\\\/shrimataji.org\\\/test\\\/es\\\/vida-publica-es\\\/#breadcrumb\"},\"inLanguage\":\"en-US\",\"potentialAction\":[{\"@type\":\"ReadAction\",\"target\":[\"https:\\\/\\\/shrimataji.org\\\/test\\\/es\\\/vida-publica-es\\\/\"]}]},{\"@type\":\"ImageObject\",\"inLanguage\":\"en-US\",\"@id\":\"https:\\\/\\\/shrimataji.org\\\/test\\\/es\\\/vida-publica-es\\\/#primaryimage\",\"url\":\"https:\\\/\\\/shrimataji.org\\\/test\\\/wp-content\\\/uploads\\\/2023\\\/03\\\/9_Banner-PublicLife-2-scaled.jpg\",\"contentUrl\":\"https:\\\/\\\/shrimataji.org\\\/test\\\/wp-content\\\/uploads\\\/2023\\\/03\\\/9_Banner-PublicLife-2-scaled.jpg\",\"width\":2560,\"height\":905},{\"@type\":\"BreadcrumbList\",\"@id\":\"https:\\\/\\\/shrimataji.org\\\/test\\\/es\\\/vida-publica-es\\\/#breadcrumb\",\"itemListElement\":[{\"@type\":\"ListItem\",\"position\":1,\"name\":\"Home\",\"item\":\"https:\\\/\\\/shrimataji.org\\\/test\\\/uk\\\/home-en\\\/\"},{\"@type\":\"ListItem\",\"position\":2,\"name\":\"Vida P\u00fablica ES\"}]},{\"@type\":\"WebSite\",\"@id\":\"https:\\\/\\\/shrimataji.org\\\/test\\\/#website\",\"url\":\"https:\\\/\\\/shrimataji.org\\\/test\\\/\",\"name\":\"Shri Mataji Nirmala Devi\",\"description\":\"A Life Dedicated to Humanity\",\"publisher\":{\"@id\":\"https:\\\/\\\/shrimataji.org\\\/test\\\/#\\\/schema\\\/person\\\/a1b3419c6585f164aa96da1ff85715d1\"},\"potentialAction\":[{\"@type\":\"SearchAction\",\"target\":{\"@type\":\"EntryPoint\",\"urlTemplate\":\"https:\\\/\\\/shrimataji.org\\\/test\\\/?s={search_term_string}\"},\"query-input\":{\"@type\":\"PropertyValueSpecification\",\"valueRequired\":true,\"valueName\":\"search_term_string\"}}],\"inLanguage\":\"en-US\"},{\"@type\":[\"Person\",\"Organization\"],\"@id\":\"https:\\\/\\\/shrimataji.org\\\/test\\\/#\\\/schema\\\/person\\\/a1b3419c6585f164aa96da1ff85715d1\",\"name\":\"Nirmala Shrivastava\",\"image\":{\"@type\":\"ImageObject\",\"inLanguage\":\"en-US\",\"@id\":\"https:\\\/\\\/shrimataji.org\\\/test\\\/wp-content\\\/uploads\\\/2023\\\/02\\\/SMO_LOGO-03.svg\",\"url\":\"https:\\\/\\\/shrimataji.org\\\/test\\\/wp-content\\\/uploads\\\/2023\\\/02\\\/SMO_LOGO-03.svg\",\"contentUrl\":\"https:\\\/\\\/shrimataji.org\\\/test\\\/wp-content\\\/uploads\\\/2023\\\/02\\\/SMO_LOGO-03.svg\",\"width\":\"1024\",\"height\":\"1024\",\"caption\":\"Nirmala Shrivastava\"},\"logo\":{\"@id\":\"https:\\\/\\\/shrimataji.org\\\/test\\\/wp-content\\\/uploads\\\/2023\\\/02\\\/SMO_LOGO-03.svg\"},\"sameAs\":[\"https:\\\/\\\/shrimataji.org\\\/test\",\"https:\\\/\\\/www.facebook.com\\\/shrimataji\",\"https:\\\/\\\/x.com\\\/shrimataji\",\"https:\\\/\\\/www.youtube.com\\\/@Shri_Mataji_Nirmala_Devi\\\/featured\"]}]}<\/script>\n<!-- \/ Yoast SEO plugin. -->","yoast_head_json":{"title":"Vida P\u00fablica ES - TEST - SMND","robots":{"index":"noindex","follow":"follow","max-snippet":"max-snippet:-1","max-image-preview":"max-image-preview:large","max-video-preview":"max-video-preview:-1"},"og_locale":"en_US","og_type":"article","og_title":"Vida P\u00fablica ES - TEST - SMND","og_description":"Vida P\u00fablica Llev\u00e1ndolo al Mundo Una vez que sus hijas crecieron y se establecieron, Nirmala Srivastava pudo dedicar m\u00e1s de su tiempo y atenci\u00f3n al \u00e1mbito p\u00fablico. Mientras su esposo dirig\u00eda la Organizaci\u00f3n Mar\u00edtima Internacional de las Naciones Unidas en Londres, comenz\u00f3 su trabajo espiritual ah\u00ed con un peque\u00f1o grupo de personas. Tambi\u00e9n comenz\u00f3 a&hellip; Read more","og_url":"https:\/\/shrimataji.org\/test\/es\/vida-publica-es\/","og_site_name":"TEST - SMND","article_publisher":"https:\/\/www.facebook.com\/shrimataji","article_modified_time":"2026-03-11T23:50:18+00:00","og_image":[{"width":2560,"height":905,"url":"https:\/\/shrimataji.org\/test\/wp-content\/uploads\/2023\/03\/9_Banner-PublicLife-2-scaled.jpg","type":"image\/jpeg"}],"twitter_card":"summary_large_image","twitter_site":"@shrimataji","twitter_misc":{"Est. reading time":"2 minutes"},"schema":{"@context":"https:\/\/schema.org","@graph":[{"@type":"WebPage","@id":"https:\/\/shrimataji.org\/test\/es\/vida-publica-es\/","url":"https:\/\/shrimataji.org\/test\/es\/vida-publica-es\/","name":"Vida P\u00fablica ES - TEST - SMND","isPartOf":{"@id":"https:\/\/shrimataji.org\/test\/#website"},"primaryImageOfPage":{"@id":"https:\/\/shrimataji.org\/test\/es\/vida-publica-es\/#primaryimage"},"image":{"@id":"https:\/\/shrimataji.org\/test\/es\/vida-publica-es\/#primaryimage"},"thumbnailUrl":"https:\/\/shrimataji.org\/test\/wp-content\/uploads\/2023\/03\/9_Banner-PublicLife-2-scaled.jpg","datePublished":"2018-07-10T06:54:50+00:00","dateModified":"2026-03-11T23:50:18+00:00","breadcrumb":{"@id":"https:\/\/shrimataji.org\/test\/es\/vida-publica-es\/#breadcrumb"},"inLanguage":"en-US","potentialAction":[{"@type":"ReadAction","target":["https:\/\/shrimataji.org\/test\/es\/vida-publica-es\/"]}]},{"@type":"ImageObject","inLanguage":"en-US","@id":"https:\/\/shrimataji.org\/test\/es\/vida-publica-es\/#primaryimage","url":"https:\/\/shrimataji.org\/test\/wp-content\/uploads\/2023\/03\/9_Banner-PublicLife-2-scaled.jpg","contentUrl":"https:\/\/shrimataji.org\/test\/wp-content\/uploads\/2023\/03\/9_Banner-PublicLife-2-scaled.jpg","width":2560,"height":905},{"@type":"BreadcrumbList","@id":"https:\/\/shrimataji.org\/test\/es\/vida-publica-es\/#breadcrumb","itemListElement":[{"@type":"ListItem","position":1,"name":"Home","item":"https:\/\/shrimataji.org\/test\/uk\/home-en\/"},{"@type":"ListItem","position":2,"name":"Vida P\u00fablica ES"}]},{"@type":"WebSite","@id":"https:\/\/shrimataji.org\/test\/#website","url":"https:\/\/shrimataji.org\/test\/","name":"Shri Mataji Nirmala Devi","description":"A Life Dedicated to Humanity","publisher":{"@id":"https:\/\/shrimataji.org\/test\/#\/schema\/person\/a1b3419c6585f164aa96da1ff85715d1"},"potentialAction":[{"@type":"SearchAction","target":{"@type":"EntryPoint","urlTemplate":"https:\/\/shrimataji.org\/test\/?s={search_term_string}"},"query-input":{"@type":"PropertyValueSpecification","valueRequired":true,"valueName":"search_term_string"}}],"inLanguage":"en-US"},{"@type":["Person","Organization"],"@id":"https:\/\/shrimataji.org\/test\/#\/schema\/person\/a1b3419c6585f164aa96da1ff85715d1","name":"Nirmala Shrivastava","image":{"@type":"ImageObject","inLanguage":"en-US","@id":"https:\/\/shrimataji.org\/test\/wp-content\/uploads\/2023\/02\/SMO_LOGO-03.svg","url":"https:\/\/shrimataji.org\/test\/wp-content\/uploads\/2023\/02\/SMO_LOGO-03.svg","contentUrl":"https:\/\/shrimataji.org\/test\/wp-content\/uploads\/2023\/02\/SMO_LOGO-03.svg","width":"1024","height":"1024","caption":"Nirmala Shrivastava"},"logo":{"@id":"https:\/\/shrimataji.org\/test\/wp-content\/uploads\/2023\/02\/SMO_LOGO-03.svg"},"sameAs":["https:\/\/shrimataji.org\/test","https:\/\/www.facebook.com\/shrimataji","https:\/\/x.com\/shrimataji","https:\/\/www.youtube.com\/@Shri_Mataji_Nirmala_Devi\/featured"]}]}},"lang":"es","translations":{"es":10974,"ur":37481,"en":438,"am":18056,"th":20029,"hu":19542,"sq":18457,"zh":17354,"tr":10197,"pt":10407,"de":10681,"fr":10779,"it":10877,"ja":11271,"ru":11459,"bn":11651,"te":11759,"sw":11882,"he":12030,"el":12322,"sk":12420,"fa":12518,"fi":12616,"bg":13440,"ro":14514,"cs":14707,"nl":16617,"ku":16777,"ar":16953,"be":18664,"kn":18938,"mr":20393,"uk":20687,"ml":20982,"ta":22775,"sv":23045,"gu":28889,"pa":29049,"fil":29493,"da":37792,"pl":38004,"nn":38344},"pll_sync_post":[],"_links":{"self":[{"href":"https:\/\/shrimataji.org\/test\/wp-json\/wp\/v2\/pages\/10974","targetHints":{"allow":["GET"]}}],"collection":[{"href":"https:\/\/shrimataji.org\/test\/wp-json\/wp\/v2\/pages"}],"about":[{"href":"https:\/\/shrimataji.org\/test\/wp-json\/wp\/v2\/types\/page"}],"author":[{"embeddable":true,"href":"https:\/\/shrimataji.org\/test\/wp-json\/wp\/v2\/users\/63"}],"replies":[{"embeddable":true,"href":"https:\/\/shrimataji.org\/test\/wp-json\/wp\/v2\/comments?post=10974"}],"version-history":[{"count":0,"href":"https:\/\/shrimataji.org\/test\/wp-json\/wp\/v2\/pages\/10974\/revisions"}],"wp:featuredmedia":[{"embeddable":true,"href":"https:\/\/shrimataji.org\/test\/wp-json\/wp\/v2\/media\/9514"}],"wp:attachment":[{"href":"https:\/\/shrimataji.org\/test\/wp-json\/wp\/v2\/media?parent=10974"}],"curies":[{"name":"wp","href":"https:\/\/api.w.org\/{rel}","templated":true}]}}