{"id":10978,"date":"2020-04-20T17:46:08","date_gmt":"2020-04-20T17:46:08","guid":{"rendered":"https:\/\/testwordpress.nirmalnagari.org\/smnd\/?page_id=3434"},"modified":"2026-03-11T23:50:15","modified_gmt":"2026-03-11T23:50:15","slug":"sahaja-yoga-es","status":"publish","type":"page","link":"https:\/\/shrimataji.org\/test\/es\/sahaja-yoga-es\/","title":{"rendered":"Sahaja Yoga ES"},"content":{"rendered":"\n\n\t<h1>Sahaja Yoga<\/h1>\n<h2><b>El Despertar Interior a trav\u00e9s de La Realizaci\u00f3n del Ser y la Meditaci\u00f3n<\/b><\/h2>\n<h4>Shri Mataji Nirmala Devi revolucion\u00f3 la pr\u00e1ctica del yoga, por medio de hacer realidad la <a href=\"https:\/\/shrimataji.org\/test\/es\/realizacion-del-ser\/\" target=\"_blank\" rel=\"noopener\">Realizaci\u00f3n<\/a> del Ser a trav\u00e9s del sistema nervioso central. En la historia de la espiritualidad, Shri Mataji ha sido la primera y la \u00fanica en dar la Realizaci\u00f3n del Ser en masa. Manifest\u00f3 que recibir la Realizaci\u00f3n es un derecho natural de todos los seres humanos, independientemente de su religi\u00f3n, raza, nacionalidad u otra circunstancia. Tambi\u00e9n insisti\u00f3 en que no se puede pagar por la verdad y el autoconocimiento. Por ello, la Realizaci\u00f3n del Ser siempre se ha ofrecido, y se continuar\u00e1 ofreciendo, deforma gratuita.<\/h4>\n<p>Shri Mataji naci\u00f3 con la plena conciencia y el estado completo de Realizaci\u00f3n del Ser, y desde muy peque\u00f1a, dese\u00f3 compartir este precioso regalo con los dem\u00e1s. Su padre reconoci\u00f3 su don espiritual, y le aconsej\u00f3 encontrar una manera de dar la Realizaci\u00f3n masivamente, con el fin de llegar a m\u00e1s gente en todo el mundo, para beneficio de la humanidad. Esto inspir\u00f3 a Shri Mataji a estudiar a los seres humanos durante cuarenta y siete a\u00f1os, viviendo e interactuando con ellos. Solamente despu\u00e9s de conocer profundamente las combinaciones y permutaciones de la psique humana, decidi\u00f3 activar en su propio ser la apertura del chakra <a href=\"https:\/\/shrimataji.org\/test\/es\/chakra-sahasrara-es\/\" target=\"_blank\" rel=\"noopener\">Sahasrara<\/a> (el s\u00e9ptimo centro espiritual, situado en la parte alta de la cabeza), cumpliendo as\u00ed el prop\u00f3sito de su vida, de difundir y desarrollar la Realizaci\u00f3n del Ser en masa y la pr\u00e1ctica de la meditaci\u00f3n Sahaja Yoga.<\/p>\n<p><a href=\"https:\/\/shrimataji.org\/test\/es\/un-momento-crucial\/\" target=\"_blank\" rel=\"noopener\">El 5 de mayo de 1970<\/a> marc\u00f3 un hito en la evoluci\u00f3n espiritual de la humanidad. El acceso al despertar interior a trav\u00e9s de la Realizaci\u00f3n del Ser, y a la verdadera meditaci\u00f3n, ya no estar\u00edan limitados a unos pocos fervientes maestros de yoga, sino que pasaban a ser accesibles a las masas, a cualquier persona que buscara una conciencia m\u00e1s elevada de su propio ser. La diferencia \u00fanica introducida por Shri Mataji en la pr\u00e1ctica del yoga fue dar la conexi\u00f3n, la Realizaci\u00f3n del Ser, desde el primer d\u00eda. Algo que hab\u00eda sido muy dif\u00edcil de lograr hasta entonces, incluso despu\u00e9s de a\u00f1os o d\u00e9cadas de pr\u00e1ctica rigurosa bajo la tutela de un gur\u00fa. Shri Mataji revel\u00f3 que la conciencia humana hab\u00eda alcanzado tal punto en su proceso evolutivo que estaba madura para recibir la Realizaci\u00f3n del Ser espont\u00e1neamente, siempre que un maestro autorizado pudiera activar la energ\u00eda espiritual primordial latente, conocida como <a href=\"https:\/\/shrimataji.org\/test\/es\/kundalini-es\/\" target=\"_blank\" rel=\"noopener\">Kundalini-shakti<\/a> (que significa en s\u00e1nscrito &#8220;la energ\u00eda enroscada del poder divino omnipresente&#8221;) que se encuentra en la base de la columna vertebral.<\/p>\n<p>Durante las siguientes cuatro d\u00e9cadas, Shri Mataji estableci\u00f3 la pr\u00e1ctica de la <a href=\"https:\/\/shrimataji.org\/test\/es\/sahaja-yoga-meditacion\/\" target=\"_blank\" rel=\"noopener\">meditaci\u00f3n Sahaja Yoga<\/a>. Cualquier persona, sin importar su cultura, religi\u00f3n, edad o educaci\u00f3n, pod\u00eda practicar f\u00e1cilmente esta meditaci\u00f3n. No solo eso, sino que las personas establecidas en Sahaja Yoga pod\u00edan transmitir sin esfuerzo este profundo regalo de la Realizaci\u00f3n del Ser a los dem\u00e1s. Shri Mataji hizo mucho \u00e9nfasis en que no se puede cobrar nada por dar la Realizaci\u00f3n ni por transmitir el conocimiento de Sahaja Yoga a otras personas, y ella misma nunca cobr\u00f3 por compartir este regalo innato. Esto sent\u00f3 las bases para la verdadera Realizaci\u00f3n del Ser en masa que su padre hab\u00eda imaginado cuando era una ni\u00f1a.<\/p>\n<p><a href=\"https:\/\/shrimataji.org\/test\/es\/sahaja-yoga-meditacion\/\" target=\"_blank\" rel=\"noopener\">La meditaci\u00f3n Sahaja Yoga<\/a> es una t\u00e9cnica f\u00e1cil y sin esfuerzo que ella desarroll\u00f3 para mantener el despertar interior que se produce por la iniciaci\u00f3n de la <a href=\"https:\/\/shrimataji.org\/test\/es\/realizacion-del-ser\/\" target=\"_blank\" rel=\"noopener\">Realizaci\u00f3n<\/a> del Ser. La palabra &#8220;sahaja&#8221; significa &#8220;espont\u00e1neo, nacido con uno mismo&#8221;, y describe esta energ\u00eda sutil (Kundalini) que existe en cada ser humano. Contrariamente a la creencia popular, la palabra &#8220;yoga&#8221; no designa una serie de posturas, sino que significa &#8220;volver a juntar, unir, converger&#8221;. El objetivo del yoga es hacer al individuo consciente de la verdadera naturaleza de su ser, el &#8220;<a href=\"https:\/\/shrimataji.org\/test\/es\/atma-es\/\" target=\"_blank\" rel=\"noopener\">atma<\/a>&#8221; (en s\u00e1nscrito quiere decir &#8220;el reflejo del esp\u00edritu omnipresente&#8221;) y lograr su uni\u00f3n completa con esta nueva conciencia. Como una gota de agua se funde en el oc\u00e9ano, de la misma manera se puede decir que la conciencia individual se une con la conciencia colectiva. Cuando esta uni\u00f3n se produce, la fuerza integradora de la Kundalini trae consigo equilibrio y paz, tanto a nivel individual como colectivo.<\/p>\n<div class=\"su-quote su-quote-style-default\"><div class=\"su-quote-inner su-u-clearfix su-u-trim\">El significado de &#8220;Sahaja Yoga&#8221; se entiende mejor si se separa en sus diferentes partes: &#8220;Saha&#8221; significa &#8220;con&#8221;, &#8220;ja&#8221; significa &#8220;nacido&#8221;, y &#8220;yoga&#8221; es &#8220;la uni\u00f3n&#8221; o &#8220;la t\u00e9cnica&#8221;. Por tanto, &#8220;Sahaja Yoga&#8221; significa &#8220;la t\u00e9cnica de evoluci\u00f3n innata en cada uno de nosotros&#8221;.<br \/>\n<\/div><\/div>\n\t\t<img decoding=\"async\" data-spai-excluded=\"true\" loading=\"lazy\"  alt=\"YouTube player\"  src=\"https:\/\/i.ytimg.com\/vi\/0isS36I-zu8\/maxresdefault.jpg\"  \/><button aria-label=\"Play\"><\/button><meta itemprop=\"embedUrl\" content=\"https:\/\/www.youtube.com\/embed\/0isS36I-zu8\"\/><meta itemprop=\"name\" content=\"Sahaja Yoga is your birthright\"\/><meta itemprop=\"description\" content=\"YouTube video\"\/><meta itemprop=\"thumbnailUrl\" content=\"https:\/\/i.ytimg.com\/vi\/0isS36I-zu8\/0.jpg\"\/><meta itemprop=\"duration\" content=\"PT1M44S\"\/><meta itemprop=\"uploadDate\" content=\"2022-11-12T03:16:18Z\"\/>\t\n\n","protected":false},"excerpt":{"rendered":"<p>Sahaja Yoga El Despertar Interior a trav\u00e9s de La Realizaci\u00f3n del Ser y la Meditaci\u00f3n Shri Mataji Nirmala Devi revolucion\u00f3 la pr\u00e1ctica del yoga, por medio de hacer realidad la Realizaci\u00f3n del Ser a trav\u00e9s del sistema nervioso central. En la historia de la espiritualidad, Shri Mataji ha sido la primera y la \u00fanica en&hellip; <br \/> <a class=\"read-more\" href=\"https:\/\/shrimataji.org\/test\/es\/sahaja-yoga-es\/\">Read more<\/a><\/p>\n","protected":false},"author":63,"featured_media":8561,"parent":0,"menu_order":0,"comment_status":"closed","ping_status":"closed","template":"","meta":{"inline_featured_image":false,"footnotes":""},"class_list":["post-10978","page","type-page","status-publish","has-post-thumbnail","hentry"],"yoast_head":"<!-- This site is optimized with the Yoast SEO plugin v27.4 - https:\/\/yoast.com\/product\/yoast-seo-wordpress\/ -->\n<title>Sahaja Yoga ES - TEST - SMND<\/title>\n<meta name=\"robots\" content=\"noindex, follow, max-snippet:-1, max-image-preview:large, max-video-preview:-1\" \/>\n<meta property=\"og:locale\" content=\"en_US\" \/>\n<meta property=\"og:type\" content=\"article\" \/>\n<meta property=\"og:title\" content=\"Sahaja Yoga ES - TEST - SMND\" \/>\n<meta property=\"og:description\" content=\"Sahaja Yoga El Despertar Interior a trav\u00e9s de La Realizaci\u00f3n del Ser y la Meditaci\u00f3n Shri Mataji Nirmala Devi revolucion\u00f3 la pr\u00e1ctica del yoga, por medio de hacer realidad la Realizaci\u00f3n del Ser a trav\u00e9s del sistema nervioso central. En la historia de la espiritualidad, Shri Mataji ha sido la primera y la \u00fanica en&hellip; Read more\" \/>\n<meta property=\"og:url\" content=\"https:\/\/shrimataji.org\/test\/es\/sahaja-yoga-es\/\" \/>\n<meta property=\"og:site_name\" content=\"TEST - SMND\" \/>\n<meta property=\"article:publisher\" content=\"https:\/\/www.facebook.com\/shrimataji\" \/>\n<meta property=\"article:modified_time\" content=\"2026-03-11T23:50:15+00:00\" \/>\n<meta property=\"og:image\" content=\"https:\/\/shrimataji.org\/test\/wp-content\/uploads\/2023\/02\/Banner-SY-SY-scaled.jpg\" \/>\n\t<meta property=\"og:image:width\" content=\"2560\" \/>\n\t<meta property=\"og:image:height\" content=\"905\" \/>\n\t<meta property=\"og:image:type\" content=\"image\/jpeg\" \/>\n<meta name=\"twitter:card\" content=\"summary_large_image\" \/>\n<meta name=\"twitter:site\" content=\"@shrimataji\" \/>\n<script type=\"application\/ld+json\" class=\"yoast-schema-graph\">{\"@context\":\"https:\\\/\\\/schema.org\",\"@graph\":[{\"@type\":\"WebPage\",\"@id\":\"https:\\\/\\\/shrimataji.org\\\/test\\\/es\\\/sahaja-yoga-es\\\/\",\"url\":\"https:\\\/\\\/shrimataji.org\\\/test\\\/es\\\/sahaja-yoga-es\\\/\",\"name\":\"Sahaja Yoga ES - TEST - SMND\",\"isPartOf\":{\"@id\":\"https:\\\/\\\/shrimataji.org\\\/test\\\/#website\"},\"primaryImageOfPage\":{\"@id\":\"https:\\\/\\\/shrimataji.org\\\/test\\\/es\\\/sahaja-yoga-es\\\/#primaryimage\"},\"image\":{\"@id\":\"https:\\\/\\\/shrimataji.org\\\/test\\\/es\\\/sahaja-yoga-es\\\/#primaryimage\"},\"thumbnailUrl\":\"https:\\\/\\\/shrimataji.org\\\/test\\\/wp-content\\\/uploads\\\/2023\\\/02\\\/Banner-SY-SY-scaled.jpg\",\"datePublished\":\"2020-04-20T17:46:08+00:00\",\"dateModified\":\"2026-03-11T23:50:15+00:00\",\"breadcrumb\":{\"@id\":\"https:\\\/\\\/shrimataji.org\\\/test\\\/es\\\/sahaja-yoga-es\\\/#breadcrumb\"},\"inLanguage\":\"en-US\",\"potentialAction\":[{\"@type\":\"ReadAction\",\"target\":[\"https:\\\/\\\/shrimataji.org\\\/test\\\/es\\\/sahaja-yoga-es\\\/\"]}]},{\"@type\":\"ImageObject\",\"inLanguage\":\"en-US\",\"@id\":\"https:\\\/\\\/shrimataji.org\\\/test\\\/es\\\/sahaja-yoga-es\\\/#primaryimage\",\"url\":\"https:\\\/\\\/shrimataji.org\\\/test\\\/wp-content\\\/uploads\\\/2023\\\/02\\\/Banner-SY-SY-scaled.jpg\",\"contentUrl\":\"https:\\\/\\\/shrimataji.org\\\/test\\\/wp-content\\\/uploads\\\/2023\\\/02\\\/Banner-SY-SY-scaled.jpg\",\"width\":2560,\"height\":905},{\"@type\":\"BreadcrumbList\",\"@id\":\"https:\\\/\\\/shrimataji.org\\\/test\\\/es\\\/sahaja-yoga-es\\\/#breadcrumb\",\"itemListElement\":[{\"@type\":\"ListItem\",\"position\":1,\"name\":\"Home\",\"item\":\"https:\\\/\\\/shrimataji.org\\\/test\\\/uk\\\/home-en\\\/\"},{\"@type\":\"ListItem\",\"position\":2,\"name\":\"Sahaja Yoga ES\"}]},{\"@type\":\"WebSite\",\"@id\":\"https:\\\/\\\/shrimataji.org\\\/test\\\/#website\",\"url\":\"https:\\\/\\\/shrimataji.org\\\/test\\\/\",\"name\":\"Shri Mataji Nirmala Devi\",\"description\":\"A Life Dedicated to Humanity\",\"publisher\":{\"@id\":\"https:\\\/\\\/shrimataji.org\\\/test\\\/#\\\/schema\\\/person\\\/a1b3419c6585f164aa96da1ff85715d1\"},\"potentialAction\":[{\"@type\":\"SearchAction\",\"target\":{\"@type\":\"EntryPoint\",\"urlTemplate\":\"https:\\\/\\\/shrimataji.org\\\/test\\\/?s={search_term_string}\"},\"query-input\":{\"@type\":\"PropertyValueSpecification\",\"valueRequired\":true,\"valueName\":\"search_term_string\"}}],\"inLanguage\":\"en-US\"},{\"@type\":[\"Person\",\"Organization\"],\"@id\":\"https:\\\/\\\/shrimataji.org\\\/test\\\/#\\\/schema\\\/person\\\/a1b3419c6585f164aa96da1ff85715d1\",\"name\":\"Nirmala Shrivastava\",\"image\":{\"@type\":\"ImageObject\",\"inLanguage\":\"en-US\",\"@id\":\"https:\\\/\\\/shrimataji.org\\\/test\\\/wp-content\\\/uploads\\\/2023\\\/02\\\/SMO_LOGO-03.svg\",\"url\":\"https:\\\/\\\/shrimataji.org\\\/test\\\/wp-content\\\/uploads\\\/2023\\\/02\\\/SMO_LOGO-03.svg\",\"contentUrl\":\"https:\\\/\\\/shrimataji.org\\\/test\\\/wp-content\\\/uploads\\\/2023\\\/02\\\/SMO_LOGO-03.svg\",\"width\":\"1024\",\"height\":\"1024\",\"caption\":\"Nirmala Shrivastava\"},\"logo\":{\"@id\":\"https:\\\/\\\/shrimataji.org\\\/test\\\/wp-content\\\/uploads\\\/2023\\\/02\\\/SMO_LOGO-03.svg\"},\"sameAs\":[\"https:\\\/\\\/shrimataji.org\\\/test\",\"https:\\\/\\\/www.facebook.com\\\/shrimataji\",\"https:\\\/\\\/x.com\\\/shrimataji\",\"https:\\\/\\\/www.youtube.com\\\/@Shri_Mataji_Nirmala_Devi\\\/featured\"]}]}<\/script>\n<!-- \/ Yoast SEO plugin. -->","yoast_head_json":{"title":"Sahaja Yoga ES - TEST - SMND","robots":{"index":"noindex","follow":"follow","max-snippet":"max-snippet:-1","max-image-preview":"max-image-preview:large","max-video-preview":"max-video-preview:-1"},"og_locale":"en_US","og_type":"article","og_title":"Sahaja Yoga ES - TEST - SMND","og_description":"Sahaja Yoga El Despertar Interior a trav\u00e9s de La Realizaci\u00f3n del Ser y la Meditaci\u00f3n Shri Mataji Nirmala Devi revolucion\u00f3 la pr\u00e1ctica del yoga, por medio de hacer realidad la Realizaci\u00f3n del Ser a trav\u00e9s del sistema nervioso central. En la historia de la espiritualidad, Shri Mataji ha sido la primera y la \u00fanica en&hellip; Read more","og_url":"https:\/\/shrimataji.org\/test\/es\/sahaja-yoga-es\/","og_site_name":"TEST - SMND","article_publisher":"https:\/\/www.facebook.com\/shrimataji","article_modified_time":"2026-03-11T23:50:15+00:00","og_image":[{"width":2560,"height":905,"url":"https:\/\/shrimataji.org\/test\/wp-content\/uploads\/2023\/02\/Banner-SY-SY-scaled.jpg","type":"image\/jpeg"}],"twitter_card":"summary_large_image","twitter_site":"@shrimataji","schema":{"@context":"https:\/\/schema.org","@graph":[{"@type":"WebPage","@id":"https:\/\/shrimataji.org\/test\/es\/sahaja-yoga-es\/","url":"https:\/\/shrimataji.org\/test\/es\/sahaja-yoga-es\/","name":"Sahaja Yoga ES - TEST - SMND","isPartOf":{"@id":"https:\/\/shrimataji.org\/test\/#website"},"primaryImageOfPage":{"@id":"https:\/\/shrimataji.org\/test\/es\/sahaja-yoga-es\/#primaryimage"},"image":{"@id":"https:\/\/shrimataji.org\/test\/es\/sahaja-yoga-es\/#primaryimage"},"thumbnailUrl":"https:\/\/shrimataji.org\/test\/wp-content\/uploads\/2023\/02\/Banner-SY-SY-scaled.jpg","datePublished":"2020-04-20T17:46:08+00:00","dateModified":"2026-03-11T23:50:15+00:00","breadcrumb":{"@id":"https:\/\/shrimataji.org\/test\/es\/sahaja-yoga-es\/#breadcrumb"},"inLanguage":"en-US","potentialAction":[{"@type":"ReadAction","target":["https:\/\/shrimataji.org\/test\/es\/sahaja-yoga-es\/"]}]},{"@type":"ImageObject","inLanguage":"en-US","@id":"https:\/\/shrimataji.org\/test\/es\/sahaja-yoga-es\/#primaryimage","url":"https:\/\/shrimataji.org\/test\/wp-content\/uploads\/2023\/02\/Banner-SY-SY-scaled.jpg","contentUrl":"https:\/\/shrimataji.org\/test\/wp-content\/uploads\/2023\/02\/Banner-SY-SY-scaled.jpg","width":2560,"height":905},{"@type":"BreadcrumbList","@id":"https:\/\/shrimataji.org\/test\/es\/sahaja-yoga-es\/#breadcrumb","itemListElement":[{"@type":"ListItem","position":1,"name":"Home","item":"https:\/\/shrimataji.org\/test\/uk\/home-en\/"},{"@type":"ListItem","position":2,"name":"Sahaja Yoga ES"}]},{"@type":"WebSite","@id":"https:\/\/shrimataji.org\/test\/#website","url":"https:\/\/shrimataji.org\/test\/","name":"Shri Mataji Nirmala Devi","description":"A Life Dedicated to Humanity","publisher":{"@id":"https:\/\/shrimataji.org\/test\/#\/schema\/person\/a1b3419c6585f164aa96da1ff85715d1"},"potentialAction":[{"@type":"SearchAction","target":{"@type":"EntryPoint","urlTemplate":"https:\/\/shrimataji.org\/test\/?s={search_term_string}"},"query-input":{"@type":"PropertyValueSpecification","valueRequired":true,"valueName":"search_term_string"}}],"inLanguage":"en-US"},{"@type":["Person","Organization"],"@id":"https:\/\/shrimataji.org\/test\/#\/schema\/person\/a1b3419c6585f164aa96da1ff85715d1","name":"Nirmala Shrivastava","image":{"@type":"ImageObject","inLanguage":"en-US","@id":"https:\/\/shrimataji.org\/test\/wp-content\/uploads\/2023\/02\/SMO_LOGO-03.svg","url":"https:\/\/shrimataji.org\/test\/wp-content\/uploads\/2023\/02\/SMO_LOGO-03.svg","contentUrl":"https:\/\/shrimataji.org\/test\/wp-content\/uploads\/2023\/02\/SMO_LOGO-03.svg","width":"1024","height":"1024","caption":"Nirmala Shrivastava"},"logo":{"@id":"https:\/\/shrimataji.org\/test\/wp-content\/uploads\/2023\/02\/SMO_LOGO-03.svg"},"sameAs":["https:\/\/shrimataji.org\/test","https:\/\/www.facebook.com\/shrimataji","https:\/\/x.com\/shrimataji","https:\/\/www.youtube.com\/@Shri_Mataji_Nirmala_Devi\/featured"]}]}},"lang":"es","translations":{"es":10978,"ur":37488,"en":3434,"pa":25904,"gu":25507,"th":20040,"hu":19550,"sq":18464,"zh":17361,"tr":10201,"pt":10411,"de":10685,"fr":10783,"it":10881,"ja":11276,"ru":11464,"bn":11655,"te":11763,"sw":11886,"he":12034,"el":12326,"sk":12424,"fa":12522,"fi":12620,"bg":13428,"ro":14502,"cs":14695,"nl":16624,"ku":16784,"ar":16960,"be":18671,"kn":18945,"mr":20404,"uk":20698,"ml":20993,"ta":22782,"sv":23052,"bs":27292,"fil":29500,"sd":31004,"da":37798,"pl":38008,"nn":38350},"pll_sync_post":[],"_links":{"self":[{"href":"https:\/\/shrimataji.org\/test\/wp-json\/wp\/v2\/pages\/10978","targetHints":{"allow":["GET"]}}],"collection":[{"href":"https:\/\/shrimataji.org\/test\/wp-json\/wp\/v2\/pages"}],"about":[{"href":"https:\/\/shrimataji.org\/test\/wp-json\/wp\/v2\/types\/page"}],"author":[{"embeddable":true,"href":"https:\/\/shrimataji.org\/test\/wp-json\/wp\/v2\/users\/63"}],"replies":[{"embeddable":true,"href":"https:\/\/shrimataji.org\/test\/wp-json\/wp\/v2\/comments?post=10978"}],"version-history":[{"count":0,"href":"https:\/\/shrimataji.org\/test\/wp-json\/wp\/v2\/pages\/10978\/revisions"}],"wp:featuredmedia":[{"embeddable":true,"href":"https:\/\/shrimataji.org\/test\/wp-json\/wp\/v2\/media\/8561"}],"wp:attachment":[{"href":"https:\/\/shrimataji.org\/test\/wp-json\/wp\/v2\/media?parent=10978"}],"curies":[{"name":"wp","href":"https:\/\/api.w.org\/{rel}","templated":true}]}}