{"id":10982,"date":"2022-03-05T08:01:33","date_gmt":"2022-03-05T08:01:33","guid":{"rendered":"https:\/\/test.shrimataji.org\/?page_id=6500"},"modified":"2026-03-11T23:49:00","modified_gmt":"2026-03-11T23:49:00","slug":"chakra-sahasrara-es","status":"publish","type":"page","link":"https:\/\/shrimataji.org\/test\/es\/chakra-sahasrara-es\/","title":{"rendered":"Chakra Sahasrara ESP"},"content":{"rendered":"\n\n\t<h1>Chakra Sahasrara<\/h1>\n<h2>Integraci\u00f3n<\/h2>\n<h4>El Chakra Sahasrara (que significa mil) est\u00e1 ubicado en la parte superior de nuestra cabeza y simboliza la culminaci\u00f3n de nuestro viaje evolutivo como Homo sapiens. La especie humana, que surgi\u00f3 al final de los 4.800 millones de a\u00f1os de vida en la Tierra, domina todo el planeta debido a una ventaja, nuestro cerebro. \u00bfCu\u00e1l es el prop\u00f3sito de nuestra vida humana? \u00bfEs s\u00f3lo usar este cerebro para alguna ganancia ilusoria de poder o dinero, o incluso para satisfacer nuestra limitada curiosidad cient\u00edfica para comprender los misterios de la creaci\u00f3n, la evoluci\u00f3n y la destrucci\u00f3n de la materia muerta en un campo infinito de espacio y tiempo relativos? \u00bfO hay un prop\u00f3sito superior para nuestra vida humana que s\u00f3lo unos pocos han podido darse cuenta?<\/h4>\n<p>A trav\u00e9s de nuestra Autorrealizaci\u00f3n, que es desencadenada por la <a href=\"https:\/\/shrimataji.org\/test\/es\/kundalini-es\/\" target=\"_blank\" rel=\"noopener\"><u>Kundalini<\/u><\/a> que atraviesa el Brahmarandra (descrito en las escrituras indias como la apertura en la coronilla de la cabeza) en el \u00e1rea l\u00edmbica del cerebro rodeada por este Chakra, nuestra conciencia humana entra en un nuevo reino de percepci\u00f3n y conciencia que est\u00e1 m\u00e1s all\u00e1 de nuestras actividades mentales y pensamientos. Este Chakra nos da la percepci\u00f3n directa y absoluta de la Realidad en nuestro sistema nervioso central y establecemos sin esfuerzo un estado de conciencia sin dudas, conocido como Nirvikalpa samadhi<\/p>\n<p>La cualidad primaria del Chakra Sahasrara es la integraci\u00f3n y un sentido de unidad con todos los elementos del universo. Es a trav\u00e9s del Sahasrara que experimentamos la conexi\u00f3n con la energ\u00eda espiritual que todo lo impregna, es decir, con la Verdad absoluta. El Sahasrara representa nuestro destino. Para comprender completamente el significado y prop\u00f3sito de nuestras vidas, necesitamos explorar los reinos superiores de conciencia que son parte y parcela del poder que nos cre\u00f3.<\/p>\n<p>El s\u00e9ptimo centro integra los poderes y cualidades de todo el sistema sutil, compuesto por miles de <a href=\"https:\/\/shrimataji.org\/test\/es\/nadis-y-los-estados-de-animo\/\" target=\"_blank\" rel=\"noopener\">Nadis<\/a> y Chakras. El modus operandi de todos los Chakras es desencadenado por los asientos respectivos de los Chakras dentro del Sahasrara. Al igual que el cerebro, que es la estaci\u00f3n de control de nuestro sistema nervioso central donde toda la informaci\u00f3n se comunica y procesa a trav\u00e9s de esta supercomputadora, el Sahasrara interact\u00faa con todo el sistema sutil de manera similar.<\/p>\n\t\t<iframe loading=\"lazy\" title=\"Sahasrara Chakra\" width=\"1920\" height=\"1080\" src=\"https:\/\/www.youtube.com\/embed\/9L26slNEfCY?feature=oembed\" frameborder=\"0\" allow=\"accelerometer; autoplay; clipboard-write; encrypted-media; gyroscope; picture-in-picture; web-share\" allowfullscreen><\/iframe>\t\n<figure itemscope itemtype=\"https:\/\/schema.org\/ImageObject\">\n\t\t\t\t<img decoding=\"async\" src=\"https:\/\/shrimataji.org\/test\/wp-content\/uploads\/2025\/07\/Spa_Sahasrara_Handsketch_1-1.jpg\" alt=\"Dibujo original realizado por Shri Mataji\" height=\"589\" width=\"1001\" title=\"Spa_Sahasrara_Handsketch_1\" onerror=\"this.style.display='none'\" loading=\"lazy\" \/>\n\t\t<figcaption>Dibujo original realizado por Shri Mataji<\/figcaption>\n\t<\/figure>\n\t<strong>Ubicaci\u00f3n:<br \/>\n<\/strong>Tu Chakra Sahasrara est\u00e1 ubicado dentro del sistema l\u00edmbico del cerebro. Puedes sentir las vibraciones del Chakra Sahasrara en el centro de tu palma.\n<strong>Cualidades:<\/strong><strong><br \/>\n<\/strong>Es a trav\u00e9s del Chakra Sahasrara que puedes conectarte con el poder que te cre\u00f3. A trav\u00e9s de esto, puedes descubrir el significado de tu vida. Representa tu destino final: la realizaci\u00f3n del cielo en la tierra.\n<p><strong>Las cualidades del Chakra Sahasrara incluyen:<\/strong><\/p>\n\u2022 Un sentido de &#8220;unidad&#8221; con el universo (tambi\u00e9n conocido como &#8220;integraci\u00f3n&#8221;)<br \/>\n\u2022 Conciencia sin pensamientos o silencio mental<br \/>\n\u2022 Conciencia sin dudas o conciencia de la energ\u00eda divina\n<figure itemscope itemtype=\"https:\/\/schema.org\/ImageObject\">\n\t\t\t\t<img decoding=\"async\" src=\"https:\/\/shrimataji.org\/test\/wp-content\/uploads\/2026\/02\/ES-7-Sahasrara-scaled.png\" alt=\"ES-7-Sahasrara\" height=\"2560\" width=\"2433\" title=\"ES-7-Sahasrara\" onerror=\"this.style.display='none'\" loading=\"lazy\" \/>\n\t<\/figure>\n\t<p>Cada uno de tus seis Chakras principales, desde el Chakra Mooladhara hasta el Chakra Agnya, tiene ra\u00edces dentro de tu cerebro. Cuando practicas Sahaja Yoga, la Kundalini se eleva. Pasa por cada uno de los seis Chakras y se establece en la regi\u00f3n l\u00edmbica de tu cerebro. Este proceso tambi\u00e9n se conoce como Iluminaci\u00f3n Espiritual.<\/p>\n<p>El Chakra Sahasrara se representa en el espacio hueco dentro del \u00e1rea l\u00edmbica. Mil nervios rodean este espacio. Cuando la energ\u00eda de la Kundalini entra en tu Chakra Sahasrara a trav\u00e9s de la meditaci\u00f3n, todos estos nervios se activan al un\u00edsono. La energ\u00eda de la Kundalini luego se manifiesta a trav\u00e9s de la parte superior de tu cabeza y se une con la Energ\u00eda Divina del universo.<\/p>\n<strong>Experiencia y Beneficios:<\/strong><br \/>\nA medida que la energ\u00eda de la Kundalini atraviesa la parte superior de tu cabeza (tambi\u00e9n conocida como \u00e1rea de la fontanela), une tu conciencia individual (Atma) con la conciencia universal (Paramatma). Esto puede sentirse como una poderosa sensaci\u00f3n pulsante en la coronilla de tu cabeza. Una sensaci\u00f3n de fusi\u00f3n y vibraciones m\u00e1s frescas a menudo siguen a estas poderosas pulsaciones. Como resultado de esta experiencia, habr\u00e1s obtenido una nueva dimensi\u00f3n de conciencia que te permitir\u00e1 percibir mejor la verdad. Tendr\u00e1s todo lo que necesitas para distinguir lo bueno de lo malo, lo correcto de lo incorrecto y la verdad de la falsedad.\n<p>Una vez que hayas logrado la conexi\u00f3n de tu Kundalini con la Energ\u00eda Divina del universo, ya no estar\u00e1s consumido por el pasado o el futuro. Experimentar\u00e1s una verdadera alegr\u00eda interior como nunca antes. En este punto, tu conciencia humana se ha unido a lo divino y tus seres f\u00edsico, intelectual, emocional y espiritual se han vuelto uno.<\/p>\n<p>Ahora puedes actuar en perfecta armon\u00eda. Ya no sentir\u00e1s confusi\u00f3n ni contradicci\u00f3n. Experimentar\u00e1s una calma interior completa y una alegr\u00eda perfecta. Intuitivamente sabr\u00e1s qu\u00e9 respuesta o acci\u00f3n es moralmente correcta. Antes de lograr la conexi\u00f3n de tu Kundalini, es posible que hayas tenido que aceptar que Dios existe s\u00f3lo por fe. Pero despu\u00e9s, pasar\u00e1s a un estado de <strong>conciencia sin dudas<\/strong>, donde eres consciente y est\u00e1s seguro de la existencia de lo divino. A medida que contin\u00faas meditando, esta conciencia sin dudas se volver\u00e1 a\u00fan m\u00e1s fuerte.<\/p>\n<strong>Autoevaluaci\u00f3n<\/strong>:<strong><br \/>\n<\/strong>Si tu Chakra Sahasrara est\u00e1 bloqueado o desequilibrado, es posible que tengas dificultades para sentir las vibraciones en general. Tambi\u00e9n puedes experimentar dudas sobre la realidad espiritual o la existencia de lo divino. Afortunadamente, cuanto m\u00e1s practiques la meditaci\u00f3n en Sahaja Yoga, m\u00e1s claros se volver\u00e1n todos tus Chakras (centros de energ\u00eda). Esto eventualmente conducir\u00e1 al equilibrio dentro del Sahasrara. Todo lo que se requiere es una mente abierta y disposici\u00f3n para continuar practicando tu meditaci\u00f3n. Eventualmente, lograr\u00e1s y experimentar\u00e1s la conexi\u00f3n de tu Kundalini con la Energ\u00eda Divina con bastante regularidad.\n<p><strong>Causas de desequilibrio:<\/strong><\/p>\n<ul>\n<li>Dudar de uno mismo<\/li>\n<li>Forma extrema de ate\u00edsmo<\/li>\n<li>Ir a los extremos<\/li>\n<\/ul>\n<strong>C\u00f3mo equilibrar:<\/strong><strong><br \/>\n<\/strong>Puedes trabajar para equilibrar tu Sahasrara Chakra colocando tu mano derecha firmemente en la coronilla de tu cabeza. Gira tu mano lentamente en direcci\u00f3n de las agujas del reloj mientras dices: &#8220;Perm\u00edteme experimentar el estado de meditaci\u00f3n&#8221;\n<p>Si inicialmente no puedes sentir las vibraciones, no dejes que eso sea motivo de duda. Muchas personas que practican Sahaja Yoga requieren m\u00e1s tiempo antes de poder experimentar vibraciones o confirmar de manera cre\u00edble su propia conexi\u00f3n de la energ\u00eda de la Kundalini. Simplemente ten paciencia contigo mismo y sigue adelante. Tambi\u00e9n llegar\u00e1s all\u00ed. Este es un paso importante para mantener tu Chakra Sahasrara abierto y libre de obstrucciones.<\/p>\n\n","protected":false},"excerpt":{"rendered":"<p>Chakra Sahasrara Integraci\u00f3n El Chakra Sahasrara (que significa mil) est\u00e1 ubicado en la parte superior de nuestra cabeza y simboliza la culminaci\u00f3n de nuestro viaje evolutivo como Homo sapiens. La especie humana, que surgi\u00f3 al final de los 4.800 millones de a\u00f1os de vida en la Tierra, domina todo el planeta debido a una ventaja,&hellip; <br \/> <a class=\"read-more\" href=\"https:\/\/shrimataji.org\/test\/es\/chakra-sahasrara-es\/\">Read more<\/a><\/p>\n","protected":false},"author":63,"featured_media":9257,"parent":0,"menu_order":0,"comment_status":"closed","ping_status":"closed","template":"","meta":{"inline_featured_image":false,"footnotes":""},"class_list":["post-10982","page","type-page","status-publish","has-post-thumbnail","hentry"],"yoast_head":"<!-- This site is optimized with the Yoast SEO plugin v27.4 - https:\/\/yoast.com\/product\/yoast-seo-wordpress\/ -->\n<title>Chakra Sahasrara ESP - TEST - SMND<\/title>\n<meta name=\"robots\" content=\"noindex, follow, max-snippet:-1, max-image-preview:large, max-video-preview:-1\" \/>\n<meta property=\"og:locale\" content=\"en_US\" \/>\n<meta property=\"og:type\" content=\"article\" \/>\n<meta property=\"og:title\" content=\"Chakra Sahasrara ESP - TEST - SMND\" \/>\n<meta property=\"og:description\" content=\"Chakra Sahasrara Integraci\u00f3n El Chakra Sahasrara (que significa mil) est\u00e1 ubicado en la parte superior de nuestra cabeza y simboliza la culminaci\u00f3n de nuestro viaje evolutivo como Homo sapiens. La especie humana, que surgi\u00f3 al final de los 4.800 millones de a\u00f1os de vida en la Tierra, domina todo el planeta debido a una ventaja,&hellip; Read more\" \/>\n<meta property=\"og:url\" content=\"https:\/\/shrimataji.org\/test\/es\/chakra-sahasrara-es\/\" \/>\n<meta property=\"og:site_name\" content=\"TEST - SMND\" \/>\n<meta property=\"article:publisher\" content=\"https:\/\/www.facebook.com\/shrimataji\" \/>\n<meta property=\"article:modified_time\" content=\"2026-03-11T23:49:00+00:00\" \/>\n<meta property=\"og:image\" content=\"https:\/\/shrimataji.org\/test\/wp-content\/uploads\/2023\/03\/22_Banner-SY-Chakra-sahas-scaled.jpg\" \/>\n\t<meta property=\"og:image:width\" content=\"2560\" \/>\n\t<meta property=\"og:image:height\" content=\"905\" \/>\n\t<meta property=\"og:image:type\" content=\"image\/jpeg\" \/>\n<meta name=\"twitter:card\" content=\"summary_large_image\" \/>\n<meta name=\"twitter:site\" content=\"@shrimataji\" \/>\n<meta name=\"twitter:label1\" content=\"Est. reading time\" \/>\n\t<meta name=\"twitter:data1\" content=\"5 minutes\" \/>\n<script type=\"application\/ld+json\" class=\"yoast-schema-graph\">{\"@context\":\"https:\\\/\\\/schema.org\",\"@graph\":[{\"@type\":\"WebPage\",\"@id\":\"https:\\\/\\\/shrimataji.org\\\/test\\\/es\\\/chakra-sahasrara-es\\\/\",\"url\":\"https:\\\/\\\/shrimataji.org\\\/test\\\/es\\\/chakra-sahasrara-es\\\/\",\"name\":\"Chakra Sahasrara ESP - TEST - SMND\",\"isPartOf\":{\"@id\":\"https:\\\/\\\/shrimataji.org\\\/test\\\/#website\"},\"primaryImageOfPage\":{\"@id\":\"https:\\\/\\\/shrimataji.org\\\/test\\\/es\\\/chakra-sahasrara-es\\\/#primaryimage\"},\"image\":{\"@id\":\"https:\\\/\\\/shrimataji.org\\\/test\\\/es\\\/chakra-sahasrara-es\\\/#primaryimage\"},\"thumbnailUrl\":\"https:\\\/\\\/shrimataji.org\\\/test\\\/wp-content\\\/uploads\\\/2023\\\/03\\\/22_Banner-SY-Chakra-sahas-scaled.jpg\",\"datePublished\":\"2022-03-05T08:01:33+00:00\",\"dateModified\":\"2026-03-11T23:49:00+00:00\",\"breadcrumb\":{\"@id\":\"https:\\\/\\\/shrimataji.org\\\/test\\\/es\\\/chakra-sahasrara-es\\\/#breadcrumb\"},\"inLanguage\":\"en-US\",\"potentialAction\":[{\"@type\":\"ReadAction\",\"target\":[\"https:\\\/\\\/shrimataji.org\\\/test\\\/es\\\/chakra-sahasrara-es\\\/\"]}]},{\"@type\":\"ImageObject\",\"inLanguage\":\"en-US\",\"@id\":\"https:\\\/\\\/shrimataji.org\\\/test\\\/es\\\/chakra-sahasrara-es\\\/#primaryimage\",\"url\":\"https:\\\/\\\/shrimataji.org\\\/test\\\/wp-content\\\/uploads\\\/2023\\\/03\\\/22_Banner-SY-Chakra-sahas-scaled.jpg\",\"contentUrl\":\"https:\\\/\\\/shrimataji.org\\\/test\\\/wp-content\\\/uploads\\\/2023\\\/03\\\/22_Banner-SY-Chakra-sahas-scaled.jpg\",\"width\":2560,\"height\":905},{\"@type\":\"BreadcrumbList\",\"@id\":\"https:\\\/\\\/shrimataji.org\\\/test\\\/es\\\/chakra-sahasrara-es\\\/#breadcrumb\",\"itemListElement\":[{\"@type\":\"ListItem\",\"position\":1,\"name\":\"Home\",\"item\":\"https:\\\/\\\/shrimataji.org\\\/test\\\/uk\\\/home-en\\\/\"},{\"@type\":\"ListItem\",\"position\":2,\"name\":\"Chakra Sahasrara ESP\"}]},{\"@type\":\"WebSite\",\"@id\":\"https:\\\/\\\/shrimataji.org\\\/test\\\/#website\",\"url\":\"https:\\\/\\\/shrimataji.org\\\/test\\\/\",\"name\":\"Shri Mataji Nirmala Devi\",\"description\":\"A Life Dedicated to Humanity\",\"publisher\":{\"@id\":\"https:\\\/\\\/shrimataji.org\\\/test\\\/#\\\/schema\\\/person\\\/a1b3419c6585f164aa96da1ff85715d1\"},\"potentialAction\":[{\"@type\":\"SearchAction\",\"target\":{\"@type\":\"EntryPoint\",\"urlTemplate\":\"https:\\\/\\\/shrimataji.org\\\/test\\\/?s={search_term_string}\"},\"query-input\":{\"@type\":\"PropertyValueSpecification\",\"valueRequired\":true,\"valueName\":\"search_term_string\"}}],\"inLanguage\":\"en-US\"},{\"@type\":[\"Person\",\"Organization\"],\"@id\":\"https:\\\/\\\/shrimataji.org\\\/test\\\/#\\\/schema\\\/person\\\/a1b3419c6585f164aa96da1ff85715d1\",\"name\":\"Nirmala Shrivastava\",\"image\":{\"@type\":\"ImageObject\",\"inLanguage\":\"en-US\",\"@id\":\"https:\\\/\\\/shrimataji.org\\\/test\\\/wp-content\\\/uploads\\\/2023\\\/02\\\/SMO_LOGO-03.svg\",\"url\":\"https:\\\/\\\/shrimataji.org\\\/test\\\/wp-content\\\/uploads\\\/2023\\\/02\\\/SMO_LOGO-03.svg\",\"contentUrl\":\"https:\\\/\\\/shrimataji.org\\\/test\\\/wp-content\\\/uploads\\\/2023\\\/02\\\/SMO_LOGO-03.svg\",\"width\":\"1024\",\"height\":\"1024\",\"caption\":\"Nirmala Shrivastava\"},\"logo\":{\"@id\":\"https:\\\/\\\/shrimataji.org\\\/test\\\/wp-content\\\/uploads\\\/2023\\\/02\\\/SMO_LOGO-03.svg\"},\"sameAs\":[\"https:\\\/\\\/shrimataji.org\\\/test\",\"https:\\\/\\\/www.facebook.com\\\/shrimataji\",\"https:\\\/\\\/x.com\\\/shrimataji\",\"https:\\\/\\\/www.youtube.com\\\/@Shri_Mataji_Nirmala_Devi\\\/featured\"]}]}<\/script>\n<!-- \/ Yoast SEO plugin. -->","yoast_head_json":{"title":"Chakra Sahasrara ESP - TEST - SMND","robots":{"index":"noindex","follow":"follow","max-snippet":"max-snippet:-1","max-image-preview":"max-image-preview:large","max-video-preview":"max-video-preview:-1"},"og_locale":"en_US","og_type":"article","og_title":"Chakra Sahasrara ESP - TEST - SMND","og_description":"Chakra Sahasrara Integraci\u00f3n El Chakra Sahasrara (que significa mil) est\u00e1 ubicado en la parte superior de nuestra cabeza y simboliza la culminaci\u00f3n de nuestro viaje evolutivo como Homo sapiens. La especie humana, que surgi\u00f3 al final de los 4.800 millones de a\u00f1os de vida en la Tierra, domina todo el planeta debido a una ventaja,&hellip; Read more","og_url":"https:\/\/shrimataji.org\/test\/es\/chakra-sahasrara-es\/","og_site_name":"TEST - SMND","article_publisher":"https:\/\/www.facebook.com\/shrimataji","article_modified_time":"2026-03-11T23:49:00+00:00","og_image":[{"width":2560,"height":905,"url":"https:\/\/shrimataji.org\/test\/wp-content\/uploads\/2023\/03\/22_Banner-SY-Chakra-sahas-scaled.jpg","type":"image\/jpeg"}],"twitter_card":"summary_large_image","twitter_site":"@shrimataji","twitter_misc":{"Est. reading time":"5 minutes"},"schema":{"@context":"https:\/\/schema.org","@graph":[{"@type":"WebPage","@id":"https:\/\/shrimataji.org\/test\/es\/chakra-sahasrara-es\/","url":"https:\/\/shrimataji.org\/test\/es\/chakra-sahasrara-es\/","name":"Chakra Sahasrara ESP - TEST - SMND","isPartOf":{"@id":"https:\/\/shrimataji.org\/test\/#website"},"primaryImageOfPage":{"@id":"https:\/\/shrimataji.org\/test\/es\/chakra-sahasrara-es\/#primaryimage"},"image":{"@id":"https:\/\/shrimataji.org\/test\/es\/chakra-sahasrara-es\/#primaryimage"},"thumbnailUrl":"https:\/\/shrimataji.org\/test\/wp-content\/uploads\/2023\/03\/22_Banner-SY-Chakra-sahas-scaled.jpg","datePublished":"2022-03-05T08:01:33+00:00","dateModified":"2026-03-11T23:49:00+00:00","breadcrumb":{"@id":"https:\/\/shrimataji.org\/test\/es\/chakra-sahasrara-es\/#breadcrumb"},"inLanguage":"en-US","potentialAction":[{"@type":"ReadAction","target":["https:\/\/shrimataji.org\/test\/es\/chakra-sahasrara-es\/"]}]},{"@type":"ImageObject","inLanguage":"en-US","@id":"https:\/\/shrimataji.org\/test\/es\/chakra-sahasrara-es\/#primaryimage","url":"https:\/\/shrimataji.org\/test\/wp-content\/uploads\/2023\/03\/22_Banner-SY-Chakra-sahas-scaled.jpg","contentUrl":"https:\/\/shrimataji.org\/test\/wp-content\/uploads\/2023\/03\/22_Banner-SY-Chakra-sahas-scaled.jpg","width":2560,"height":905},{"@type":"BreadcrumbList","@id":"https:\/\/shrimataji.org\/test\/es\/chakra-sahasrara-es\/#breadcrumb","itemListElement":[{"@type":"ListItem","position":1,"name":"Home","item":"https:\/\/shrimataji.org\/test\/uk\/home-en\/"},{"@type":"ListItem","position":2,"name":"Chakra Sahasrara ESP"}]},{"@type":"WebSite","@id":"https:\/\/shrimataji.org\/test\/#website","url":"https:\/\/shrimataji.org\/test\/","name":"Shri Mataji Nirmala Devi","description":"A Life Dedicated to Humanity","publisher":{"@id":"https:\/\/shrimataji.org\/test\/#\/schema\/person\/a1b3419c6585f164aa96da1ff85715d1"},"potentialAction":[{"@type":"SearchAction","target":{"@type":"EntryPoint","urlTemplate":"https:\/\/shrimataji.org\/test\/?s={search_term_string}"},"query-input":{"@type":"PropertyValueSpecification","valueRequired":true,"valueName":"search_term_string"}}],"inLanguage":"en-US"},{"@type":["Person","Organization"],"@id":"https:\/\/shrimataji.org\/test\/#\/schema\/person\/a1b3419c6585f164aa96da1ff85715d1","name":"Nirmala Shrivastava","image":{"@type":"ImageObject","inLanguage":"en-US","@id":"https:\/\/shrimataji.org\/test\/wp-content\/uploads\/2023\/02\/SMO_LOGO-03.svg","url":"https:\/\/shrimataji.org\/test\/wp-content\/uploads\/2023\/02\/SMO_LOGO-03.svg","contentUrl":"https:\/\/shrimataji.org\/test\/wp-content\/uploads\/2023\/02\/SMO_LOGO-03.svg","width":"1024","height":"1024","caption":"Nirmala Shrivastava"},"logo":{"@id":"https:\/\/shrimataji.org\/test\/wp-content\/uploads\/2023\/02\/SMO_LOGO-03.svg"},"sameAs":["https:\/\/shrimataji.org\/test","https:\/\/www.facebook.com\/shrimataji","https:\/\/x.com\/shrimataji","https:\/\/www.youtube.com\/@Shri_Mataji_Nirmala_Devi\/featured"]}]}},"lang":"es","translations":{"es":10982,"ur":37494,"en":6500,"am":18069,"th":20049,"hu":19557,"sq":18470,"zh":17367,"hi":8335,"tr":10205,"pt":10415,"de":10689,"fr":10787,"it":10885,"ja":11280,"ru":11468,"bn":11659,"te":11767,"sw":11890,"he":12038,"el":12330,"sk":12428,"fa":12526,"fi":12624,"bg":13364,"ro":14438,"cs":14631,"nl":16630,"ku":16790,"ar":16966,"be":18677,"kn":18951,"mr":20413,"uk":20707,"ml":21002,"ta":22788,"sv":23058,"gu":28898,"pa":29058,"fil":29506,"da":37804,"pl":38014,"nn":38356},"pll_sync_post":[],"_links":{"self":[{"href":"https:\/\/shrimataji.org\/test\/wp-json\/wp\/v2\/pages\/10982","targetHints":{"allow":["GET"]}}],"collection":[{"href":"https:\/\/shrimataji.org\/test\/wp-json\/wp\/v2\/pages"}],"about":[{"href":"https:\/\/shrimataji.org\/test\/wp-json\/wp\/v2\/types\/page"}],"author":[{"embeddable":true,"href":"https:\/\/shrimataji.org\/test\/wp-json\/wp\/v2\/users\/63"}],"replies":[{"embeddable":true,"href":"https:\/\/shrimataji.org\/test\/wp-json\/wp\/v2\/comments?post=10982"}],"version-history":[{"count":0,"href":"https:\/\/shrimataji.org\/test\/wp-json\/wp\/v2\/pages\/10982\/revisions"}],"wp:featuredmedia":[{"embeddable":true,"href":"https:\/\/shrimataji.org\/test\/wp-json\/wp\/v2\/media\/9257"}],"wp:attachment":[{"href":"https:\/\/shrimataji.org\/test\/wp-json\/wp\/v2\/media?parent=10982"}],"curies":[{"name":"wp","href":"https:\/\/api.w.org\/{rel}","templated":true}]}}