{"id":10985,"date":"2018-07-10T06:54:42","date_gmt":"2018-07-10T06:54:42","guid":{"rendered":"http:\/\/testwordpress.nirmalnagari.org\/smnd\/index.php\/self-empowerment\/"},"modified":"2026-03-11T23:50:11","modified_gmt":"2026-03-11T23:50:11","slug":"liberando-tu-potencial","status":"publish","type":"page","link":"https:\/\/shrimataji.org\/test\/es\/liberando-tu-potencial\/","title":{"rendered":"Liberando tu Potencial"},"content":{"rendered":"\n\n\t<h1>Liberando tu potencial<\/h1>\n<h2>A trav\u00e9s del autoconocimiento<\/h2>\n\t<h4>Si el empoderamiento de un individuo puede definirse como el proceso de obtener un control cada vez mayor sobre la propia vida, una mayor fortaleza o una mayor confianza en las propias capacidades, el m\u00e9todo desarrollado por Shri Mataji es el medio definitivo hacia el autoempoderamiento, permitiendo a las personas desbloquear un formidable potencial dentro de ellas mismas, que una vez despertado produce una transformaci\u00f3n genuina.<\/h4>\n\t<div class=\"su-quote su-quote-style-default\"><div class=\"su-quote-inner su-u-clearfix su-u-trim\">Todo est\u00e1 construido dentro de t\u00ed. Deja que funcione, como cuando las flores se convierten en frutos.  <\/div><\/div>\n\t<p>Adem\u00e1s de beneficios tales como una mejora general en el bienestar y una mayor resistencia al estr\u00e9s y a los efectos negativos, la pr\u00e1ctica regular de la meditaci\u00f3n Sahaja Yoga permite a los que la practican una mejor comprensi\u00f3n del estado de su propio sistema sutil &#8211; compuesto de una red de canales vitales y centros de energ\u00eda- y dominar gradualmente t\u00e9cnicas sencillas para restaurar el equilibrio y la armon\u00eda interiores.<\/p>\n\t<p>Shri Mataji enfatiz\u00f3 que la autorrealizaci\u00f3n comienza con el autoconocimiento. En cuesti\u00f3n de semanas, los practicantes de la meditaci\u00f3n Sahaja Yoga desarrollan una conciencia nueva y m\u00e1s sutil de la realidad llamada conciencia vibratoria, que les da la capacidad de evaluar la calidad de la energ\u00eda en su entorno, as\u00ed como de diagnosticar su propio estado interior. Con el uso de los elementos ( aire, agua, fuego,tierra) se pueden aplicar una serie de t\u00e9cnicas y tratamientos para corregir el exceso o d\u00e9ficit en los niveles de energ\u00eda, todo ello basado en sensaciones tangibles percibidas en las manos y en determinadas zonas del cuerpo.<\/p>\n\t<p>Lo m\u00e1s importante es que lograr una experiencia de verdadera meditaci\u00f3n , definida como un estado de conciencia sin pensamientos y de paz interior, ayuda a neutralizar los desequilibrios , a menudo ocasionados como resultado de pensar o preocuparse en exceso. Esto, a su vez, aumenta el autocontrol, la capacidad de concentraci\u00f3n y la autoestima.<\/p>\n<p>Con una pr\u00e1ctica m\u00e1s exhaustiva, la conciencia de las vibraciones sutiles puede convertirse en una herramienta para la toma de decisiones, aumentando la capacidad de los practicantes para evaluar con mayor precisi\u00f3n todos los aspectos de una situaci\u00f3n. La meditaci\u00f3n y los consejos y t\u00e9cnicas que lla acompa\u00f1an pueden ayudar a lograr una autotransformaci\u00f3n , as\u00ed como la capacidad de influir positivamente en el entorno.<\/p>\n\t\t\t\t<img decoding=\"async\" src=\"https:\/\/shrimataji.org\/test\/wp-content\/uploads\/2020\/08\/self-empowerment-through-meditation.jpg\" alt=\"self-empowerment-through-meditation\" itemprop=\"image\" height=\"321\" width=\"489\" title=\"self-empowerment-through-meditation\" onerror=\"this.style.display='none'\" loading=\"lazy\" \/>\n\t<div class=\"su-quote su-quote-style-default\"><div class=\"su-quote-inner su-u-clearfix su-u-trim\">Tienes que ir m\u00e1s all\u00e1 de esta mente, para ello lo m\u00e1s \u00fatil es el despertar de Kundalini, porque Ella pasa a trav\u00e9s de tu \u00e1rea l\u00edmbica, atraviesa el \u00e1rea de tu hueso fontanela y simplemente te transporta al reino de la realidad, y el yoga (uni\u00f3n) tiene lugar entre tu cerebro, deber\u00eda decir tu coraz\u00f3n, y este poder omnipresente.<\/div><\/div>\n\t<p>El verdadero autoempoderamiento se logra a trav\u00e9s dsahaja Yoga, que nos conecta autom\u00e1ticamente con la fuente m\u00e1s elevada de poder universal omnipresente, el Esp\u00edritu eterno que reside en nuestro coraz\u00f3n.<\/p>\n\t<div class=\"su-quote su-quote-style-default\"><div class=\"su-quote-inner su-u-clearfix su-u-trim\">Iluminado significa una personalidad, una personalidad iluminada, que va m\u00e1s all\u00e1 de la mente, ya que est\u00e1 en contacto con este poder omnipresente del amor divino. Como resultado, todo en esa persona es guiado, es ayudado&#8230;..Ese poder es tan grande que te cuida, lo organiza todo, piensa, comprende, es sabidur\u00eda&#8230;<\/div><\/div>\n\n","protected":false},"excerpt":{"rendered":"<p>Liberando tu potencial A trav\u00e9s del autoconocimiento Si el empoderamiento de un individuo puede definirse como el proceso de obtener un control cada vez mayor sobre la propia vida, una mayor fortaleza o una mayor confianza en las propias capacidades, el m\u00e9todo desarrollado por Shri Mataji es el medio definitivo hacia el autoempoderamiento, permitiendo a&hellip; <br \/> <a class=\"read-more\" href=\"https:\/\/shrimataji.org\/test\/es\/liberando-tu-potencial\/\">Read more<\/a><\/p>\n","protected":false},"author":63,"featured_media":9259,"parent":0,"menu_order":0,"comment_status":"closed","ping_status":"closed","template":"","meta":{"inline_featured_image":false,"footnotes":""},"class_list":["post-10985","page","type-page","status-publish","has-post-thumbnail","hentry"],"yoast_head":"<!-- This site is optimized with the Yoast SEO plugin v27.4 - https:\/\/yoast.com\/product\/yoast-seo-wordpress\/ -->\n<title>Liberando tu Potencial - TEST - SMND<\/title>\n<meta name=\"robots\" content=\"noindex, follow, max-snippet:-1, max-image-preview:large, max-video-preview:-1\" \/>\n<meta property=\"og:locale\" content=\"en_US\" \/>\n<meta property=\"og:type\" content=\"article\" \/>\n<meta property=\"og:title\" content=\"Liberando tu Potencial - TEST - SMND\" \/>\n<meta property=\"og:description\" content=\"Liberando tu potencial A trav\u00e9s del autoconocimiento Si el empoderamiento de un individuo puede definirse como el proceso de obtener un control cada vez mayor sobre la propia vida, una mayor fortaleza o una mayor confianza en las propias capacidades, el m\u00e9todo desarrollado por Shri Mataji es el medio definitivo hacia el autoempoderamiento, permitiendo a&hellip; Read more\" \/>\n<meta property=\"og:url\" content=\"https:\/\/shrimataji.org\/test\/es\/liberando-tu-potencial\/\" \/>\n<meta property=\"og:site_name\" content=\"TEST - SMND\" \/>\n<meta property=\"article:publisher\" content=\"https:\/\/www.facebook.com\/shrimataji\" \/>\n<meta property=\"article:modified_time\" content=\"2026-03-11T23:50:11+00:00\" \/>\n<meta property=\"og:image\" content=\"https:\/\/shrimataji.org\/test\/wp-content\/uploads\/2023\/03\/24_Banner-SY-Empower-scaled.jpg\" \/>\n\t<meta property=\"og:image:width\" content=\"2560\" \/>\n\t<meta property=\"og:image:height\" content=\"905\" \/>\n\t<meta property=\"og:image:type\" content=\"image\/jpeg\" \/>\n<meta name=\"twitter:card\" content=\"summary_large_image\" \/>\n<meta name=\"twitter:site\" content=\"@shrimataji\" \/>\n<meta name=\"twitter:label1\" content=\"Est. reading time\" \/>\n\t<meta name=\"twitter:data1\" content=\"3 minutes\" \/>\n<script type=\"application\/ld+json\" class=\"yoast-schema-graph\">{\"@context\":\"https:\\\/\\\/schema.org\",\"@graph\":[{\"@type\":\"WebPage\",\"@id\":\"https:\\\/\\\/shrimataji.org\\\/test\\\/es\\\/liberando-tu-potencial\\\/\",\"url\":\"https:\\\/\\\/shrimataji.org\\\/test\\\/es\\\/liberando-tu-potencial\\\/\",\"name\":\"Liberando tu Potencial - TEST - SMND\",\"isPartOf\":{\"@id\":\"https:\\\/\\\/shrimataji.org\\\/test\\\/#website\"},\"primaryImageOfPage\":{\"@id\":\"https:\\\/\\\/shrimataji.org\\\/test\\\/es\\\/liberando-tu-potencial\\\/#primaryimage\"},\"image\":{\"@id\":\"https:\\\/\\\/shrimataji.org\\\/test\\\/es\\\/liberando-tu-potencial\\\/#primaryimage\"},\"thumbnailUrl\":\"https:\\\/\\\/shrimataji.org\\\/test\\\/wp-content\\\/uploads\\\/2023\\\/03\\\/24_Banner-SY-Empower-scaled.jpg\",\"datePublished\":\"2018-07-10T06:54:42+00:00\",\"dateModified\":\"2026-03-11T23:50:11+00:00\",\"breadcrumb\":{\"@id\":\"https:\\\/\\\/shrimataji.org\\\/test\\\/es\\\/liberando-tu-potencial\\\/#breadcrumb\"},\"inLanguage\":\"en-US\",\"potentialAction\":[{\"@type\":\"ReadAction\",\"target\":[\"https:\\\/\\\/shrimataji.org\\\/test\\\/es\\\/liberando-tu-potencial\\\/\"]}]},{\"@type\":\"ImageObject\",\"inLanguage\":\"en-US\",\"@id\":\"https:\\\/\\\/shrimataji.org\\\/test\\\/es\\\/liberando-tu-potencial\\\/#primaryimage\",\"url\":\"https:\\\/\\\/shrimataji.org\\\/test\\\/wp-content\\\/uploads\\\/2023\\\/03\\\/24_Banner-SY-Empower-scaled.jpg\",\"contentUrl\":\"https:\\\/\\\/shrimataji.org\\\/test\\\/wp-content\\\/uploads\\\/2023\\\/03\\\/24_Banner-SY-Empower-scaled.jpg\",\"width\":2560,\"height\":905},{\"@type\":\"BreadcrumbList\",\"@id\":\"https:\\\/\\\/shrimataji.org\\\/test\\\/es\\\/liberando-tu-potencial\\\/#breadcrumb\",\"itemListElement\":[{\"@type\":\"ListItem\",\"position\":1,\"name\":\"Home\",\"item\":\"https:\\\/\\\/shrimataji.org\\\/test\\\/uk\\\/home-en\\\/\"},{\"@type\":\"ListItem\",\"position\":2,\"name\":\"Liberando tu Potencial\"}]},{\"@type\":\"WebSite\",\"@id\":\"https:\\\/\\\/shrimataji.org\\\/test\\\/#website\",\"url\":\"https:\\\/\\\/shrimataji.org\\\/test\\\/\",\"name\":\"Shri Mataji Nirmala Devi\",\"description\":\"A Life Dedicated to Humanity\",\"publisher\":{\"@id\":\"https:\\\/\\\/shrimataji.org\\\/test\\\/#\\\/schema\\\/person\\\/a1b3419c6585f164aa96da1ff85715d1\"},\"potentialAction\":[{\"@type\":\"SearchAction\",\"target\":{\"@type\":\"EntryPoint\",\"urlTemplate\":\"https:\\\/\\\/shrimataji.org\\\/test\\\/?s={search_term_string}\"},\"query-input\":{\"@type\":\"PropertyValueSpecification\",\"valueRequired\":true,\"valueName\":\"search_term_string\"}}],\"inLanguage\":\"en-US\"},{\"@type\":[\"Person\",\"Organization\"],\"@id\":\"https:\\\/\\\/shrimataji.org\\\/test\\\/#\\\/schema\\\/person\\\/a1b3419c6585f164aa96da1ff85715d1\",\"name\":\"Nirmala Shrivastava\",\"image\":{\"@type\":\"ImageObject\",\"inLanguage\":\"en-US\",\"@id\":\"https:\\\/\\\/shrimataji.org\\\/test\\\/wp-content\\\/uploads\\\/2023\\\/02\\\/SMO_LOGO-03.svg\",\"url\":\"https:\\\/\\\/shrimataji.org\\\/test\\\/wp-content\\\/uploads\\\/2023\\\/02\\\/SMO_LOGO-03.svg\",\"contentUrl\":\"https:\\\/\\\/shrimataji.org\\\/test\\\/wp-content\\\/uploads\\\/2023\\\/02\\\/SMO_LOGO-03.svg\",\"width\":\"1024\",\"height\":\"1024\",\"caption\":\"Nirmala Shrivastava\"},\"logo\":{\"@id\":\"https:\\\/\\\/shrimataji.org\\\/test\\\/wp-content\\\/uploads\\\/2023\\\/02\\\/SMO_LOGO-03.svg\"},\"sameAs\":[\"https:\\\/\\\/shrimataji.org\\\/test\",\"https:\\\/\\\/www.facebook.com\\\/shrimataji\",\"https:\\\/\\\/x.com\\\/shrimataji\",\"https:\\\/\\\/www.youtube.com\\\/@Shri_Mataji_Nirmala_Devi\\\/featured\"]}]}<\/script>\n<!-- \/ Yoast SEO plugin. -->","yoast_head_json":{"title":"Liberando tu Potencial - TEST - SMND","robots":{"index":"noindex","follow":"follow","max-snippet":"max-snippet:-1","max-image-preview":"max-image-preview:large","max-video-preview":"max-video-preview:-1"},"og_locale":"en_US","og_type":"article","og_title":"Liberando tu Potencial - TEST - SMND","og_description":"Liberando tu potencial A trav\u00e9s del autoconocimiento Si el empoderamiento de un individuo puede definirse como el proceso de obtener un control cada vez mayor sobre la propia vida, una mayor fortaleza o una mayor confianza en las propias capacidades, el m\u00e9todo desarrollado por Shri Mataji es el medio definitivo hacia el autoempoderamiento, permitiendo a&hellip; Read more","og_url":"https:\/\/shrimataji.org\/test\/es\/liberando-tu-potencial\/","og_site_name":"TEST - SMND","article_publisher":"https:\/\/www.facebook.com\/shrimataji","article_modified_time":"2026-03-11T23:50:11+00:00","og_image":[{"width":2560,"height":905,"url":"https:\/\/shrimataji.org\/test\/wp-content\/uploads\/2023\/03\/24_Banner-SY-Empower-scaled.jpg","type":"image\/jpeg"}],"twitter_card":"summary_large_image","twitter_site":"@shrimataji","twitter_misc":{"Est. reading time":"3 minutes"},"schema":{"@context":"https:\/\/schema.org","@graph":[{"@type":"WebPage","@id":"https:\/\/shrimataji.org\/test\/es\/liberando-tu-potencial\/","url":"https:\/\/shrimataji.org\/test\/es\/liberando-tu-potencial\/","name":"Liberando tu Potencial - TEST - SMND","isPartOf":{"@id":"https:\/\/shrimataji.org\/test\/#website"},"primaryImageOfPage":{"@id":"https:\/\/shrimataji.org\/test\/es\/liberando-tu-potencial\/#primaryimage"},"image":{"@id":"https:\/\/shrimataji.org\/test\/es\/liberando-tu-potencial\/#primaryimage"},"thumbnailUrl":"https:\/\/shrimataji.org\/test\/wp-content\/uploads\/2023\/03\/24_Banner-SY-Empower-scaled.jpg","datePublished":"2018-07-10T06:54:42+00:00","dateModified":"2026-03-11T23:50:11+00:00","breadcrumb":{"@id":"https:\/\/shrimataji.org\/test\/es\/liberando-tu-potencial\/#breadcrumb"},"inLanguage":"en-US","potentialAction":[{"@type":"ReadAction","target":["https:\/\/shrimataji.org\/test\/es\/liberando-tu-potencial\/"]}]},{"@type":"ImageObject","inLanguage":"en-US","@id":"https:\/\/shrimataji.org\/test\/es\/liberando-tu-potencial\/#primaryimage","url":"https:\/\/shrimataji.org\/test\/wp-content\/uploads\/2023\/03\/24_Banner-SY-Empower-scaled.jpg","contentUrl":"https:\/\/shrimataji.org\/test\/wp-content\/uploads\/2023\/03\/24_Banner-SY-Empower-scaled.jpg","width":2560,"height":905},{"@type":"BreadcrumbList","@id":"https:\/\/shrimataji.org\/test\/es\/liberando-tu-potencial\/#breadcrumb","itemListElement":[{"@type":"ListItem","position":1,"name":"Home","item":"https:\/\/shrimataji.org\/test\/uk\/home-en\/"},{"@type":"ListItem","position":2,"name":"Liberando tu Potencial"}]},{"@type":"WebSite","@id":"https:\/\/shrimataji.org\/test\/#website","url":"https:\/\/shrimataji.org\/test\/","name":"Shri Mataji Nirmala Devi","description":"A Life Dedicated to Humanity","publisher":{"@id":"https:\/\/shrimataji.org\/test\/#\/schema\/person\/a1b3419c6585f164aa96da1ff85715d1"},"potentialAction":[{"@type":"SearchAction","target":{"@type":"EntryPoint","urlTemplate":"https:\/\/shrimataji.org\/test\/?s={search_term_string}"},"query-input":{"@type":"PropertyValueSpecification","valueRequired":true,"valueName":"search_term_string"}}],"inLanguage":"en-US"},{"@type":["Person","Organization"],"@id":"https:\/\/shrimataji.org\/test\/#\/schema\/person\/a1b3419c6585f164aa96da1ff85715d1","name":"Nirmala Shrivastava","image":{"@type":"ImageObject","inLanguage":"en-US","@id":"https:\/\/shrimataji.org\/test\/wp-content\/uploads\/2023\/02\/SMO_LOGO-03.svg","url":"https:\/\/shrimataji.org\/test\/wp-content\/uploads\/2023\/02\/SMO_LOGO-03.svg","contentUrl":"https:\/\/shrimataji.org\/test\/wp-content\/uploads\/2023\/02\/SMO_LOGO-03.svg","width":"1024","height":"1024","caption":"Nirmala Shrivastava"},"logo":{"@id":"https:\/\/shrimataji.org\/test\/wp-content\/uploads\/2023\/02\/SMO_LOGO-03.svg"},"sameAs":["https:\/\/shrimataji.org\/test","https:\/\/www.facebook.com\/shrimataji","https:\/\/x.com\/shrimataji","https:\/\/www.youtube.com\/@Shri_Mataji_Nirmala_Devi\/featured"]}]}},"lang":"es","translations":{"es":10985,"ur":37498,"en":401,"am":18073,"th":20055,"hu":19562,"sq":18474,"zh":17371,"hi":8356,"tr":10208,"pt":10418,"de":10692,"fr":10790,"it":10888,"ja":11283,"ru":11471,"bn":11662,"te":11770,"sw":11893,"he":12041,"el":12333,"sk":12431,"fa":12529,"fi":12627,"bg":13476,"ro":14548,"cs":14741,"nl":16634,"ku":16794,"ar":16970,"be":18681,"kn":18955,"mr":20419,"uk":20713,"ml":21008,"ta":22792,"sv":23062,"gu":28902,"pa":29062,"fil":29510,"da":37808,"pl":38018,"nn":38360},"pll_sync_post":[],"_links":{"self":[{"href":"https:\/\/shrimataji.org\/test\/wp-json\/wp\/v2\/pages\/10985","targetHints":{"allow":["GET"]}}],"collection":[{"href":"https:\/\/shrimataji.org\/test\/wp-json\/wp\/v2\/pages"}],"about":[{"href":"https:\/\/shrimataji.org\/test\/wp-json\/wp\/v2\/types\/page"}],"author":[{"embeddable":true,"href":"https:\/\/shrimataji.org\/test\/wp-json\/wp\/v2\/users\/63"}],"replies":[{"embeddable":true,"href":"https:\/\/shrimataji.org\/test\/wp-json\/wp\/v2\/comments?post=10985"}],"version-history":[{"count":0,"href":"https:\/\/shrimataji.org\/test\/wp-json\/wp\/v2\/pages\/10985\/revisions"}],"wp:featuredmedia":[{"embeddable":true,"href":"https:\/\/shrimataji.org\/test\/wp-json\/wp\/v2\/media\/9259"}],"wp:attachment":[{"href":"https:\/\/shrimataji.org\/test\/wp-json\/wp\/v2\/media?parent=10985"}],"curies":[{"name":"wp","href":"https:\/\/api.w.org\/{rel}","templated":true}]}}