{"id":10987,"date":"2018-07-10T06:54:42","date_gmt":"2018-07-10T06:54:42","guid":{"rendered":"http:\/\/testwordpress.nirmalnagari.org\/smnd\/index.php\/life\/"},"modified":"2026-03-11T23:50:16","modified_gmt":"2026-03-11T23:50:16","slug":"shri-mataji-es","status":"publish","type":"page","link":"https:\/\/shrimataji.org\/test\/es\/shri-mataji-es\/","title":{"rendered":"Shri Mataji ES"},"content":{"rendered":"\n\n\t<h1>Shri Mataji<\/h1>\n<h2>La biograf\u00eda de un compromiso de por vida<\/h2>\n<h4>Viajando incansablemente miles de kil\u00f3metros alrededor del mundo, desde aldeas remotas hasta ciudades y metr\u00f3polis, compartiendo desinteresadamente su descubrimiento \u00fanico de la verdadera iluminaci\u00f3n espiritual a trav\u00e9s de la experiencia de la <a href=\"https:\/\/shrimataji.org\/test\/es\/realizacion-del-ser\/\" target=\"_blank\" rel=\"noopener\">realizaci\u00f3n del ser<\/a>\u00a0realizaci\u00f3n del ser con millones de personas, produciendo un cambio social revolucionario para la transformaci\u00f3n interior; todos estos preciosos momentos y muchos m\u00e1s, permiten vislumbrar el compromiso de toda la vida de Shri Mataji dedicada al bienestar de la humanidad.<\/h4>\n\t<p>Nirmala Srivastava, conocida por el t\u00edtulo honor\u00edfico Shri Mataji Nirmala Devi, naci\u00f3 el 21 de marzo de 1923 en Chindwara, India. Ella naci\u00f3 en el seno de una familia cristiana y, sus padres, Prasad y Cornelia Salve, eligieron el nombre Nirmala, que significa &#8220;inmaculada&#8221;. Su padre, un abogado y erudito con fluidez en 14 idiomas, tradujo el Cor\u00e1n al Hindi. Su madre fue la primera mujer en la India en recibir una licenciatura con menci\u00f3n honor\u00edfica en matem\u00e1ticas.<\/p>\n<p>Desde muy joven, Shri Mataji estuvo comprometida con el mundo que la rodeaba. Mientras sus padres estaban activamente involucrados en la lucha por la independencia en la India, Shri Mataji, como ni\u00f1a, asumi\u00f3 la responsabilidad del hogar. Mahatma Gandhi, cuyo ashram visitaba con frecuencia desde temprana edad, reconoci\u00f3 en ella un prodigio espiritual. A menudo la consultaba sobre las oraciones diarias que se celebraban all\u00ed. Sus amigos de la escuela tambi\u00e9n acud\u00edan a ella en busca de consejo y apoyo.<\/p>\n<p>Shri Mataji estudi\u00f3 medicina en el Colegio M\u00e9dico Cristiano de Ludhiana y en el Colegio M\u00e9dico Balakram en Lahore. Como joven, tambi\u00e9n particip\u00f3 en la lucha por la independencia y lider\u00f3 a sus compa\u00f1eros de la universidad en el movimiento Abandonen la India. Fue encarcelada en 1942 por su participaci\u00f3n en el movimiento.<\/p>\n<figure itemscope itemtype=\"https:\/\/schema.org\/ImageObject\">\n\t\t\t\t<img decoding=\"async\" src=\"https:\/\/shrimataji.org\/test\/wp-content\/uploads\/2018\/07\/media_originals\/images\/shri-mataji-portraits\/shri-mataji-in-delhi-india-feb-1983-683x1024.jpg\" alt=\"Shri Mataji in Delhi, ca. 09.02.1983\" height=\"1024\" width=\"683\" title=\"shri-mataji-in-delhi-india-feb-1983\" onerror=\"this.style.display='none'\" loading=\"lazy\" \/>\n\t\t\n\t<\/figure>\n\t<p>En 1947 se cas\u00f3 con \u00a0<a href=\"https:\/\/shrimataji.org\/test\/es\/sir-c-p-srivastava-es\/\" target=\"_blank\" rel=\"noopener\">Chandrika Prasad Shrivastava<\/a>, un alto funcionario civil indio cuya carrera abarc\u00f3 desde ser secretario personal del difunto primer ministro indio Lal Bahadur Shastri hasta cuatro mandatos sucesivos como Secretario General de la Organizaci\u00f3n Mar\u00edtima Internacional de las Naciones Unidas. Tuvieron dos hijas. Durante este tiempo, mientras criaba a sus hijas y apoyaba la carrera de su esposo, Shri Mataji continu\u00f3 mostrando un inter\u00e9s benevolente por el mundo que la rodeaba. Se encontr\u00f3 con personas de diferentes pa\u00edses, culturas, niveles de ingresos y antecedentes, y se relacion\u00f3 con ellas con sincero respeto. Ya sea discutiendo asuntos de estado con l\u00edderes importantes o problemas familiares con un taxista, siempre estuvo abierta a escuchar y comprender. Se opuso a los prejuicios, ofreci\u00f3 protecci\u00f3n a los necesitados, se dedic\u00f3 a obras de caridad, foment\u00f3 la cultura a trav\u00e9s de la m\u00fasica y el cine, trabaj\u00f3 la tierra y llev\u00f3 una vida ocupada en el hogar. Fue una esposa, madre y hermana amorosa y eventualmente se convirti\u00f3 en abuela.<\/p>\n<p>Todo el tiempo profundiz\u00f3 en su percepci\u00f3n de la naturaleza humana, enfoc\u00e1ndose en la mejor manera de ayudar a los seres humanos a alcanzar su m\u00e1ximo potencial. Lleg\u00f3 a entender que tal transformaci\u00f3n s\u00f3lo podr\u00eda ocurrir a trav\u00e9s del proceso de la autorrealizaci\u00f3n, que es la activaci\u00f3n de la energ\u00eda sutil interior (llamada <a href=\"https:\/\/shrimataji.org\/test\/es\/kundalini-es\/\" target=\"_blank\" rel=\"noopener\">Kundalini<\/a>) que est\u00e1 presente en todos nosotros. El despertar de esta energ\u00eda fue algo que ella misma experimentar\u00eda antes de dedicar su vida a compartirlo con los dem\u00e1s.<\/p>\n<p><a href=\"https:\/\/shrimataji.org\/test\/es\/un-momento-crucial\/\" target=\"_blank\" rel=\"noopener\">El 5 de mayo de 1970 Shri Mataji comenz\u00f3 el trabajo espiritual de su vida<\/a>. A la edad de 47 encontr\u00f3 y desarroll\u00f3 un m\u00e9todo para dar la autorrealizaci\u00f3n en masa. Ella deseaba ofrecer una experiencia genuina que sirviera a las personas para transformarse y sanarse ellas mismas. Al contrario que muchos llamados gur\u00fas que se aprovechaban de aquellos que buscaban conocimiento espiritual, Shri Mataji quer\u00eda empoderar a esos buscadores con este conocimiento. Denunci\u00f3 a todos estos falsos gur\u00fas y durante toda su vida advirti\u00f3 sobre las pr\u00e1cticas espirituales fraudulentas y abusivas.<\/p>\n<p>Cuando su marido se convirti\u00f3 en Secretario General de la Organizaci\u00f3n Mar\u00edtima Internacional de las Naciones Unidas, Shri Mataji se traslad\u00f3 a Londres y empez\u00f3 su trabajo espiritual con un peque\u00f1o grupo de personas. Viaj\u00f3 por todo el Reino Unido dando charlas as\u00ed como la experiencia de la autorrealizaci\u00f3n. Nunca cobr\u00f3 dinero por estos programas, insistiendo en que el despertar de esta energ\u00eda espiritual que yace latente en el interior de todos los seres humanos es un derecho de nacimiento y por tanto no se puede pagar por ello. Aquellos que la rodeaban reconocieron sus excepcionales cualidades espirituales y maternales, por ello pronto recibi\u00f3 el t\u00edtulo honor\u00edfico de &#8220;Shri Mataji&#8221;, que significa &#8220;Madre Respetada&#8221;. As\u00ed como aquellos que la rodeaban se dieron cuenta de sus excepcionales cualidades maternales y espirituales, pronto recibi\u00f3 el t\u00edtulo honor\u00edfico de &#8220;Shri Mataji&#8221; que significa &#8220;Madre Respetada&#8221;.<\/p>\n<p>El m\u00e9todo de meditaci\u00f3n a trav\u00e9s de la autorrealizaci\u00f3n desarrollado por Shri Mataji se llam\u00f3 <a href=\"https:\/\/shrimataji.org\/test\/es\/sahaja-yoga-es\/\" target=\"_blank\" rel=\"noopener\">Sahaja Yoga<\/a>. A lo largo de la d\u00e9cada de 1980, Shri Mataji recorri\u00f3 continuamente Europa, Australia y Am\u00e9rica del Norte, ense\u00f1ando este m\u00e9todo de forma gratuita a quienes estuvieran interesados. En los a\u00f1os 90, sus viajes se extendieron a Sudam\u00e9rica, \u00c1frica, Rusia, Europa del Este, Asia y la regi\u00f3n del Pac\u00edfico.<\/p>\n<p>Instituciones de todo el mundo le concedieron premios y <a href=\"https:\/\/shrimataji.org\/test\/es\/reconocimientos\/\" target=\"_blank\" rel=\"noopener\">doctorados honor\u00edficos<\/a>. En 1995 habl\u00f3 en la <a href=\"https:\/\/shrimataji.org\/test\/es\/conferencia-mundial-sobre-la-mujer-onu\/\" target=\"_blank\" rel=\"noopener\">Cuarta Conferencia Mundial de Mujeres en Beijing<\/a>. Claes Nobel habl\u00f3 sobre su nominaci\u00f3n al Premio Nobel de la Paz en 1997 en el Royal Albert Hall de Londres. Como gran admirador de Shri Mataji y Sahaja Yoga, proclam\u00f3 que era &#8220;una fuente de esperanza para la humanidad&#8221; y &#8220;un punto de referencia para diferenciar entre lo correcto y lo equivocado&#8221;.<\/p>\n<div class=\"su-quote su-quote-style-default\"><div class=\"su-quote-inner su-u-clearfix su-u-trim\">Mi vida est\u00e1 ahora dedicada enteramente al bien de la humanidad; completamente.<\/div><\/div>\n<p>Shri Mataji cre\u00eda que el potencial de la realizaci\u00f3n en masa y los beneficios hol\u00edsticos de la meditaci\u00f3n Sahaja Yoga para la vida personal y social del individuo eran la base para una verdadera <a href=\"https:\/\/shrimataji.org\/test\/es\/transformacion-social\/\" target=\"_blank\" rel=\"noopener\">transformaci\u00f3n socia<\/a>l. Estableci\u00f3 muchas organizaciones no gubernamentales basadas en los principios de esta transformaci\u00f3n interior \u00fanica, incluido un hogar para mujeres y ni\u00f1os desamparados, varias escuelas internacionales, un centro de salud e investigaci\u00f3n hol\u00edstica y una academia internacional que promueve la m\u00fasica cl\u00e1sica y las bellas artes.<\/p>\n<p>El 23 de febrero de 2011, Shri Mataji falleci\u00f3 en paz a la edad de 87 en G\u00e9nova, Italia.<\/p>\n<p>Su legado perdura mientras la experiencia de la autorrealizaci\u00f3n contin\u00faa transformando innumerables vidas bajo el cuidado amoroso de los practicantes de Sahaja Yoga y los centros de meditaci\u00f3n establecidos en m\u00e1s de 100 pa\u00edses donde se ense\u00f1a Sahaja Yoga, siempre de forma gratuita<\/p>\n<div class=\"su-quote su-quote-style-default\"><div class=\"su-quote-inner su-u-clearfix su-u-trim\">Y as\u00ed como el oc\u00e9ano que llega a todas las costas y luego las ondas regresan y tejen un patr\u00f3n, as\u00ed es como veo toda mi vida, como un hermoso patr\u00f3n. Y ese hermoso lazo no se puede describir con palabras<\/div><\/div>\n\t<h4>Downloads<\/h4>\n<p><a href=\"https:\/\/shrimataji.org\/test\/wp-content\/uploads\/2026\/03\/ES_Shri-Mataji-Nirmala-Devi_-Breve-Biografia-y-Lista-de-Reconocimientos.docx.pdf\" target=\"_blank\" rel=\"noopener\">Shri Mataji Nirmala Devi: Short Biography &amp;\u00a0Awards List<\/a>\u00a0(pdf\/679kb)<\/p>\n<p><a href=\"https:\/\/shrimataji.org\/test\/wp-content\/uploads\/2026\/03\/ES_Shri-Mataji-Nirmala-Devi-Cronologia-de-Eventos-Seleccionados.docx.pdf\" target=\"_blank\" rel=\"noopener\">Shri Mataji Nirmala Devi: Timeline of Events<\/a>\u00a0(pdf\/623kb)<\/p>\n\n","protected":false},"excerpt":{"rendered":"<p>Shri Mataji La biograf\u00eda de un compromiso de por vida Viajando incansablemente miles de kil\u00f3metros alrededor del mundo, desde aldeas remotas hasta ciudades y metr\u00f3polis, compartiendo desinteresadamente su descubrimiento \u00fanico de la verdadera iluminaci\u00f3n espiritual a trav\u00e9s de la experiencia de la realizaci\u00f3n del ser\u00a0realizaci\u00f3n del ser con millones de personas, produciendo un cambio social&hellip; <br \/> <a class=\"read-more\" href=\"https:\/\/shrimataji.org\/test\/es\/shri-mataji-es\/\">Read more<\/a><\/p>\n","protected":false},"author":63,"featured_media":9599,"parent":0,"menu_order":0,"comment_status":"closed","ping_status":"closed","template":"","meta":{"inline_featured_image":false,"footnotes":""},"class_list":["post-10987","page","type-page","status-publish","has-post-thumbnail","hentry"],"yoast_head":"<!-- This site is optimized with the Yoast SEO plugin v27.4 - https:\/\/yoast.com\/product\/yoast-seo-wordpress\/ -->\n<title>Shri Mataji ES - TEST - SMND<\/title>\n<meta name=\"robots\" content=\"noindex, follow, max-snippet:-1, max-image-preview:large, max-video-preview:-1\" \/>\n<meta property=\"og:locale\" content=\"en_US\" \/>\n<meta property=\"og:type\" content=\"article\" \/>\n<meta property=\"og:title\" content=\"Shri Mataji ES - TEST - SMND\" \/>\n<meta property=\"og:description\" content=\"Shri Mataji La biograf\u00eda de un compromiso de por vida Viajando incansablemente miles de kil\u00f3metros alrededor del mundo, desde aldeas remotas hasta ciudades y metr\u00f3polis, compartiendo desinteresadamente su descubrimiento \u00fanico de la verdadera iluminaci\u00f3n espiritual a trav\u00e9s de la experiencia de la realizaci\u00f3n del ser\u00a0realizaci\u00f3n del ser con millones de personas, produciendo un cambio social&hellip; Read more\" \/>\n<meta property=\"og:url\" content=\"https:\/\/shrimataji.org\/test\/es\/shri-mataji-es\/\" \/>\n<meta property=\"og:site_name\" content=\"TEST - SMND\" \/>\n<meta property=\"article:publisher\" content=\"https:\/\/www.facebook.com\/shrimataji\" \/>\n<meta property=\"article:modified_time\" content=\"2026-03-11T23:50:16+00:00\" \/>\n<meta property=\"og:image\" content=\"https:\/\/shrimataji.org\/test\/wp-content\/uploads\/2023\/03\/test_banner_inner_shrimataji-scaled.jpg\" \/>\n\t<meta property=\"og:image:width\" content=\"2560\" \/>\n\t<meta property=\"og:image:height\" content=\"1067\" \/>\n\t<meta property=\"og:image:type\" content=\"image\/jpeg\" \/>\n<meta name=\"twitter:card\" content=\"summary_large_image\" \/>\n<meta name=\"twitter:site\" content=\"@shrimataji\" \/>\n<meta name=\"twitter:label1\" content=\"Est. reading time\" \/>\n\t<meta name=\"twitter:data1\" content=\"5 minutes\" \/>\n<script type=\"application\/ld+json\" class=\"yoast-schema-graph\">{\"@context\":\"https:\\\/\\\/schema.org\",\"@graph\":[{\"@type\":\"WebPage\",\"@id\":\"https:\\\/\\\/shrimataji.org\\\/test\\\/es\\\/shri-mataji-es\\\/\",\"url\":\"https:\\\/\\\/shrimataji.org\\\/test\\\/es\\\/shri-mataji-es\\\/\",\"name\":\"Shri Mataji ES - TEST - SMND\",\"isPartOf\":{\"@id\":\"https:\\\/\\\/shrimataji.org\\\/test\\\/#website\"},\"primaryImageOfPage\":{\"@id\":\"https:\\\/\\\/shrimataji.org\\\/test\\\/es\\\/shri-mataji-es\\\/#primaryimage\"},\"image\":{\"@id\":\"https:\\\/\\\/shrimataji.org\\\/test\\\/es\\\/shri-mataji-es\\\/#primaryimage\"},\"thumbnailUrl\":\"https:\\\/\\\/shrimataji.org\\\/test\\\/wp-content\\\/uploads\\\/2023\\\/03\\\/test_banner_inner_shrimataji-scaled.jpg\",\"datePublished\":\"2018-07-10T06:54:42+00:00\",\"dateModified\":\"2026-03-11T23:50:16+00:00\",\"breadcrumb\":{\"@id\":\"https:\\\/\\\/shrimataji.org\\\/test\\\/es\\\/shri-mataji-es\\\/#breadcrumb\"},\"inLanguage\":\"en-US\",\"potentialAction\":[{\"@type\":\"ReadAction\",\"target\":[\"https:\\\/\\\/shrimataji.org\\\/test\\\/es\\\/shri-mataji-es\\\/\"]}]},{\"@type\":\"ImageObject\",\"inLanguage\":\"en-US\",\"@id\":\"https:\\\/\\\/shrimataji.org\\\/test\\\/es\\\/shri-mataji-es\\\/#primaryimage\",\"url\":\"https:\\\/\\\/shrimataji.org\\\/test\\\/wp-content\\\/uploads\\\/2023\\\/03\\\/test_banner_inner_shrimataji-scaled.jpg\",\"contentUrl\":\"https:\\\/\\\/shrimataji.org\\\/test\\\/wp-content\\\/uploads\\\/2023\\\/03\\\/test_banner_inner_shrimataji-scaled.jpg\",\"width\":2560,\"height\":1067},{\"@type\":\"BreadcrumbList\",\"@id\":\"https:\\\/\\\/shrimataji.org\\\/test\\\/es\\\/shri-mataji-es\\\/#breadcrumb\",\"itemListElement\":[{\"@type\":\"ListItem\",\"position\":1,\"name\":\"Home\",\"item\":\"https:\\\/\\\/shrimataji.org\\\/test\\\/uk\\\/home-en\\\/\"},{\"@type\":\"ListItem\",\"position\":2,\"name\":\"Shri Mataji ES\"}]},{\"@type\":\"WebSite\",\"@id\":\"https:\\\/\\\/shrimataji.org\\\/test\\\/#website\",\"url\":\"https:\\\/\\\/shrimataji.org\\\/test\\\/\",\"name\":\"Shri Mataji Nirmala Devi\",\"description\":\"A Life Dedicated to Humanity\",\"publisher\":{\"@id\":\"https:\\\/\\\/shrimataji.org\\\/test\\\/#\\\/schema\\\/person\\\/a1b3419c6585f164aa96da1ff85715d1\"},\"potentialAction\":[{\"@type\":\"SearchAction\",\"target\":{\"@type\":\"EntryPoint\",\"urlTemplate\":\"https:\\\/\\\/shrimataji.org\\\/test\\\/?s={search_term_string}\"},\"query-input\":{\"@type\":\"PropertyValueSpecification\",\"valueRequired\":true,\"valueName\":\"search_term_string\"}}],\"inLanguage\":\"en-US\"},{\"@type\":[\"Person\",\"Organization\"],\"@id\":\"https:\\\/\\\/shrimataji.org\\\/test\\\/#\\\/schema\\\/person\\\/a1b3419c6585f164aa96da1ff85715d1\",\"name\":\"Nirmala Shrivastava\",\"image\":{\"@type\":\"ImageObject\",\"inLanguage\":\"en-US\",\"@id\":\"https:\\\/\\\/shrimataji.org\\\/test\\\/wp-content\\\/uploads\\\/2023\\\/02\\\/SMO_LOGO-03.svg\",\"url\":\"https:\\\/\\\/shrimataji.org\\\/test\\\/wp-content\\\/uploads\\\/2023\\\/02\\\/SMO_LOGO-03.svg\",\"contentUrl\":\"https:\\\/\\\/shrimataji.org\\\/test\\\/wp-content\\\/uploads\\\/2023\\\/02\\\/SMO_LOGO-03.svg\",\"width\":\"1024\",\"height\":\"1024\",\"caption\":\"Nirmala Shrivastava\"},\"logo\":{\"@id\":\"https:\\\/\\\/shrimataji.org\\\/test\\\/wp-content\\\/uploads\\\/2023\\\/02\\\/SMO_LOGO-03.svg\"},\"sameAs\":[\"https:\\\/\\\/shrimataji.org\\\/test\",\"https:\\\/\\\/www.facebook.com\\\/shrimataji\",\"https:\\\/\\\/x.com\\\/shrimataji\",\"https:\\\/\\\/www.youtube.com\\\/@Shri_Mataji_Nirmala_Devi\\\/featured\"]}]}<\/script>\n<!-- \/ Yoast SEO plugin. -->","yoast_head_json":{"title":"Shri Mataji ES - TEST - SMND","robots":{"index":"noindex","follow":"follow","max-snippet":"max-snippet:-1","max-image-preview":"max-image-preview:large","max-video-preview":"max-video-preview:-1"},"og_locale":"en_US","og_type":"article","og_title":"Shri Mataji ES - TEST - SMND","og_description":"Shri Mataji La biograf\u00eda de un compromiso de por vida Viajando incansablemente miles de kil\u00f3metros alrededor del mundo, desde aldeas remotas hasta ciudades y metr\u00f3polis, compartiendo desinteresadamente su descubrimiento \u00fanico de la verdadera iluminaci\u00f3n espiritual a trav\u00e9s de la experiencia de la realizaci\u00f3n del ser\u00a0realizaci\u00f3n del ser con millones de personas, produciendo un cambio social&hellip; Read more","og_url":"https:\/\/shrimataji.org\/test\/es\/shri-mataji-es\/","og_site_name":"TEST - SMND","article_publisher":"https:\/\/www.facebook.com\/shrimataji","article_modified_time":"2026-03-11T23:50:16+00:00","og_image":[{"width":2560,"height":1067,"url":"https:\/\/shrimataji.org\/test\/wp-content\/uploads\/2023\/03\/test_banner_inner_shrimataji-scaled.jpg","type":"image\/jpeg"}],"twitter_card":"summary_large_image","twitter_site":"@shrimataji","twitter_misc":{"Est. reading time":"5 minutes"},"schema":{"@context":"https:\/\/schema.org","@graph":[{"@type":"WebPage","@id":"https:\/\/shrimataji.org\/test\/es\/shri-mataji-es\/","url":"https:\/\/shrimataji.org\/test\/es\/shri-mataji-es\/","name":"Shri Mataji ES - TEST - SMND","isPartOf":{"@id":"https:\/\/shrimataji.org\/test\/#website"},"primaryImageOfPage":{"@id":"https:\/\/shrimataji.org\/test\/es\/shri-mataji-es\/#primaryimage"},"image":{"@id":"https:\/\/shrimataji.org\/test\/es\/shri-mataji-es\/#primaryimage"},"thumbnailUrl":"https:\/\/shrimataji.org\/test\/wp-content\/uploads\/2023\/03\/test_banner_inner_shrimataji-scaled.jpg","datePublished":"2018-07-10T06:54:42+00:00","dateModified":"2026-03-11T23:50:16+00:00","breadcrumb":{"@id":"https:\/\/shrimataji.org\/test\/es\/shri-mataji-es\/#breadcrumb"},"inLanguage":"en-US","potentialAction":[{"@type":"ReadAction","target":["https:\/\/shrimataji.org\/test\/es\/shri-mataji-es\/"]}]},{"@type":"ImageObject","inLanguage":"en-US","@id":"https:\/\/shrimataji.org\/test\/es\/shri-mataji-es\/#primaryimage","url":"https:\/\/shrimataji.org\/test\/wp-content\/uploads\/2023\/03\/test_banner_inner_shrimataji-scaled.jpg","contentUrl":"https:\/\/shrimataji.org\/test\/wp-content\/uploads\/2023\/03\/test_banner_inner_shrimataji-scaled.jpg","width":2560,"height":1067},{"@type":"BreadcrumbList","@id":"https:\/\/shrimataji.org\/test\/es\/shri-mataji-es\/#breadcrumb","itemListElement":[{"@type":"ListItem","position":1,"name":"Home","item":"https:\/\/shrimataji.org\/test\/uk\/home-en\/"},{"@type":"ListItem","position":2,"name":"Shri Mataji ES"}]},{"@type":"WebSite","@id":"https:\/\/shrimataji.org\/test\/#website","url":"https:\/\/shrimataji.org\/test\/","name":"Shri Mataji Nirmala Devi","description":"A Life Dedicated to Humanity","publisher":{"@id":"https:\/\/shrimataji.org\/test\/#\/schema\/person\/a1b3419c6585f164aa96da1ff85715d1"},"potentialAction":[{"@type":"SearchAction","target":{"@type":"EntryPoint","urlTemplate":"https:\/\/shrimataji.org\/test\/?s={search_term_string}"},"query-input":{"@type":"PropertyValueSpecification","valueRequired":true,"valueName":"search_term_string"}}],"inLanguage":"en-US"},{"@type":["Person","Organization"],"@id":"https:\/\/shrimataji.org\/test\/#\/schema\/person\/a1b3419c6585f164aa96da1ff85715d1","name":"Nirmala Shrivastava","image":{"@type":"ImageObject","inLanguage":"en-US","@id":"https:\/\/shrimataji.org\/test\/wp-content\/uploads\/2023\/02\/SMO_LOGO-03.svg","url":"https:\/\/shrimataji.org\/test\/wp-content\/uploads\/2023\/02\/SMO_LOGO-03.svg","contentUrl":"https:\/\/shrimataji.org\/test\/wp-content\/uploads\/2023\/02\/SMO_LOGO-03.svg","width":"1024","height":"1024","caption":"Nirmala Shrivastava"},"logo":{"@id":"https:\/\/shrimataji.org\/test\/wp-content\/uploads\/2023\/02\/SMO_LOGO-03.svg"},"sameAs":["https:\/\/shrimataji.org\/test","https:\/\/www.facebook.com\/shrimataji","https:\/\/x.com\/shrimataji","https:\/\/www.youtube.com\/@Shri_Mataji_Nirmala_Devi\/featured"]}]}},"lang":"es","translations":{"es":10987,"ur":37503,"en":391,"pa":25918,"gu":25521,"th":20061,"hu":19566,"sq":18478,"zh":17375,"hi":8496,"tr":10210,"pt":10420,"de":10694,"fr":10792,"it":10890,"ja":11285,"ru":11473,"bn":11664,"te":11772,"sw":11895,"he":12043,"el":12335,"sk":12433,"fa":12531,"fi":12629,"bg":13463,"ro":14535,"cs":14728,"nl":16638,"ku":16798,"ar":16974,"be":18685,"kn":18959,"mr":20425,"uk":20719,"ml":21014,"ta":22796,"sv":23066,"bs":27296,"fil":29515,"sd":31010,"da":37812,"pl":38022,"nn":38364},"pll_sync_post":[],"_links":{"self":[{"href":"https:\/\/shrimataji.org\/test\/wp-json\/wp\/v2\/pages\/10987","targetHints":{"allow":["GET"]}}],"collection":[{"href":"https:\/\/shrimataji.org\/test\/wp-json\/wp\/v2\/pages"}],"about":[{"href":"https:\/\/shrimataji.org\/test\/wp-json\/wp\/v2\/types\/page"}],"author":[{"embeddable":true,"href":"https:\/\/shrimataji.org\/test\/wp-json\/wp\/v2\/users\/63"}],"replies":[{"embeddable":true,"href":"https:\/\/shrimataji.org\/test\/wp-json\/wp\/v2\/comments?post=10987"}],"version-history":[{"count":0,"href":"https:\/\/shrimataji.org\/test\/wp-json\/wp\/v2\/pages\/10987\/revisions"}],"wp:featuredmedia":[{"embeddable":true,"href":"https:\/\/shrimataji.org\/test\/wp-json\/wp\/v2\/media\/9599"}],"wp:attachment":[{"href":"https:\/\/shrimataji.org\/test\/wp-json\/wp\/v2\/media?parent=10987"}],"curies":[{"name":"wp","href":"https:\/\/api.w.org\/{rel}","templated":true}]}}