{"id":10988,"date":"2012-11-01T12:00:00","date_gmt":"2012-11-01T12:00:00","guid":{"rendered":"http:\/\/testwordpress.nirmalnagari.org\/smnd\/index.php\/sir-c-p-srivastava\/"},"modified":"2026-03-11T23:50:16","modified_gmt":"2026-03-11T23:50:16","slug":"sir-c-p-srivastava-es","status":"publish","type":"page","link":"https:\/\/shrimataji.org\/test\/es\/sir-c-p-srivastava-es\/","title":{"rendered":"Sir C.P. Srivastava ES"},"content":{"rendered":"\n\n\t<h1>Sir C.P. Srivastava<\/h1>\n<h2>Sir C.P. y el &#8220;Diminuto Coloso&#8221;<\/h2>\n\t<h4>Shri Mataji Nirmala Devi es conocida en todo el mundo como la fuerza inspiradora detr\u00e1s de Sahaja Yoga. Junto a su fama como l\u00edder espiritual hay una historia paralela: la extraordinaria carrera de su esposo, Sir Chandrika Prasad Srivastava.<\/h4>\n<p>Aquellos que han tenido la suerte de pasar tiempo con Shri Mataji en persona tambi\u00e9n han estado familiarizados con la figura alta, digna y de voz suave de &#8216;Sir C.P.&#8217;, como se le conoce cari\u00f1osamente.<\/p>\n<figure itemscope itemtype=\"https:\/\/schema.org\/ImageObject\">\n\t\t\t\t<img decoding=\"async\" src=\"https:\/\/shrimataji.org\/test\/wp-content\/uploads\/2025\/07\/Spa_shri-mataji-sir-cp-kalpana-sadhana-family-london-uk-1-1.jpg\" alt=\"Sir CP muestra su t\u00edtulo de Caballero junto a Shri Mataji, con sus hijas Kalpana y Sadhana.\" height=\"2206\" width=\"1500\" title=\"Spa_shri-mataji-sir-cp-kalpana-sadhana-family-london-uk-1\" onerror=\"this.style.display='none'\" loading=\"lazy\" \/>\n\t\t<figcaption>Sir CP muestra su t\u00edtulo de Caballero junto a Shri Mataji, con sus hijas Kalpana y Sadhana.<\/figcaption>\n\t<\/figure>\n\t<p>Sir C.P. fue un destacado estadista, durante su servicio por cuatro per\u00edodos sucesivos como secretario general de la Organizaci\u00f3n Mar\u00edtima Internacional de las Naciones Unidas, fue nombrado caballero por la Reina Isabel II.<\/p>\n<p>Sir C.P. y Shri Mataji se casaron cuando \u00e9l era un joven oficial relativamente an\u00f3nimo en el Servicio Civil de la India, y a menudo ha comentado que su mete\u00f3rico \u00e9xito profesional fue mayor debido a seguir el consejo y la intuici\u00f3n de su esposa.<\/p>\n<p>Poco despu\u00e9s de su matrimonio, se le presentaron un par de alternativas envidiables: unirse al Servicio Administrativo indio de \u00e9lite o entrar al igualmente prestigioso -si no m\u00e1s- cuerpo diplom\u00e1tico. Sus amigos lo animaron a convertirse en diplom\u00e1tico, ya que entonces pod\u00eda ser s\u00f3lo cuesti\u00f3n de tiempo para que se le asignara a una embajada.<\/p>\n<p>Pero la se\u00f1ora Srivastava dijo sin dudar, &#8220;no, permanezcamos en el pa\u00eds, vamos a servir a nuestro pa\u00eds aqu\u00ed&#8221;. Nadie podr\u00eda haber predicho lo que sucedi\u00f3 despu\u00e9s, cuando a trav\u00e9s de una serie de encuentros imprevistos, Sir C.P. lleg\u00f3 a ser nombrado secretario personal del nada menos que primer ministro de India, Lal Bahadur Shastri.<\/p>\n\t\t<img decoding=\"async\" data-spai-excluded=\"true\" loading=\"lazy\"  alt=\"YouTube player\"  src=\"https:\/\/i.ytimg.com\/vi\/10r04eFnN3w\/maxresdefault.jpg\"  \/><button aria-label=\"Play\"><\/button><meta itemprop=\"embedUrl\" content=\"https:\/\/www.youtube.com\/embed\/10r04eFnN3w\"\/><meta itemprop=\"name\" content=\"What I Have Seen: A Stress Free Life\"\/><meta itemprop=\"description\" content=\"Speaking on the topic of stress management, Sir C.P. Srivastava, the husband of Shri Mataji, describes the value of Sahaja Yoga meditation. His perspective is unique, but not unusual. In this candid speech, he describes himself as a man able to do his job well, but now able to face life devoid of stress. &#039;It is a matter of wanting to achieve that transformation,&#039; he says. Nothing needs to be given up. &#039;I am telling you what I have seen.&#039; More videos at: http:\/\/ShriMataji.org ~ A Life Dedicated to Humanity ~\"\/><meta itemprop=\"thumbnailUrl\" content=\"https:\/\/i.ytimg.com\/vi\/10r04eFnN3w\/0.jpg\"\/><meta itemprop=\"duration\" content=\"PT10M46S\"\/><meta itemprop=\"uploadDate\" content=\"2020-07-20T00:05:20Z\"\/>\t\n\t<p>En retrospectiva, este fue un evento fortuito porque el Sr. Shastri fue en muchos sentidos la personificaci\u00f3n de la filosof\u00eda Sahaj que Shri Mataji representaba y que m\u00e1s tarde compartir\u00eda con el mundo. Despu\u00e9s de su retiro del servicio p\u00fablico, Sir C.P., actuando de nuevo por la motivaci\u00f3n de su esposa, escribi\u00f3 Lal Bahadur Shastri: una vida de verdad en la pol\u00edtica, obra en la que describe al Sr. Shastri como alguien con muchas de las cualidades de la deidad hind\u00fa, Shri Rama: humildad y profundo respeto por todos los hombres, combinados con un gran sentido del honor y el deber.<\/p>\n<p>.<\/p>\n\t<p>Sir C.P. escribe que Shastri &#8220;estaba verdaderamente casado con el dharma, la justicia, la verdad, la moral. No hab\u00eda una postura en \u00e9l. No hab\u00eda dicotom\u00eda. No hab\u00eda un Sr. Shastri dentro, diferente de un Sr. Shastri afuera. Era absolutamente uno: uno por dentro, uno por fuera, hermoso por dentro, hermoso por fuera.&#8221;<\/p>\n<p>Shastri, con su figura muy delgada, su apariencia diminuta y su manera humilde, llev\u00f3 a muchas personas a suponer que pod\u00eda ser dominado f\u00e1cilmente.<\/p>\n<p>Poco despu\u00e9s de que Shastri se convirtiera en primer ministro, Pakist\u00e1n invadi\u00f3 Cachemira. La respuesta de Shastri fue que &#8220;soy un hombre pac\u00edfico, pero soy un hombre de honor. Es mi deber como primer ministro defender al pa\u00eds.&#8221;<\/p>\n<p>Como dijo Sir C.P., &#8220;este hombre de paz se puso de pie como un coloso&#8221;.<\/p>\n<figure itemscope itemtype=\"https:\/\/schema.org\/ImageObject\">\n\t\t\t\t<img decoding=\"async\" src=\"https:\/\/shrimataji.org\/test\/wp-content\/uploads\/2025\/07\/Spa_sir-c.p.-and-naval-officers-near-statue-of-lal-bahadur-shastri-1.jpg\" alt=\"Sir C.P. con oficiales navales de pie ante la estatua de Lal Bahadur Shastri\" height=\"1143\" width=\"1500\" title=\"Spa_sir-c.p.-and-naval-officers-near-statue-of-lal-bahadur-shastri\" onerror=\"this.style.display='none'\" loading=\"lazy\" \/>\n\t\t<figcaption>Sir C.P. con oficiales navales de pie ante la estatua de Lal Bahadur Shastri<\/figcaption>\n\t<\/figure>\n\t<h5>&#8220;Lal Bahadur Shastri era absolutamente uno: uno por dentro, uno por fuera, hermoso por dentro, hermoso por fuera.&#8221;<\/h5>\n<h5>Sir C.P. Srivastava, December 1994<\/h5>\n\t<p>En este sentido, el Sr. Shastri cargaba con la antorcha que Mahatma Gandhi hab\u00eda encendido por primera vez. \u00c9l dijo &#8220;la particularidad (de India) es que tenemos hind\u00faes, musulmanes, cristianos, sijs, parsis y gente de todas las dem\u00e1s religiones&#8230; pero no traemos todo esto a la pol\u00edtica. Esta es la diferencia entre India y Pakist\u00e1n. Mientras que Pakist\u00e1n se proclama Estado isl\u00e1mico y utiliza la religi\u00f3n como un factor pol\u00edtico, nosotros los indios tenemos la libertad de seguir cualquier religi\u00f3n que deseemos elegir y adorar de cualquier manera que queramos. En lo que respecta a la pol\u00edtica, cada uno de nosotros es tan indio como el otro&#8221;.<\/p>\n\t<p>Durante las siguientes conversaciones de paz, Shastri atrajo a todas las partes en oposici\u00f3n hacia su punto de vista, y juntos forjaron una paz duradera con Pakist\u00e1n. Shastri falleci\u00f3 inesperadamente durante esas conversaciones de paz, aparentemente debido a un ataque al coraz\u00f3n. Sir C.P. estaba a su lado cuando muri\u00f3. M\u00e1s tarde escribi\u00f3 que &#8220;no hay mayor privilegio que haber tenido la oportunidad de servir a Shri Lal Bahadur Shastri&#8221;.<a href=\"#citation-note-1\"> [1]<\/a><\/p>\nInspirado por la gran figura de Lal Bahadur Shastri,<br \/>\ny con la ayuda activa y el apoyo de su esposa, Sir C.P. emprendi\u00f3 su propia carrera ilustre, primero como oficial superior en el Servicio Administrativo de la India, luego como presidente de la Corporaci\u00f3n Mar\u00edtima de India, y finalmente, como el secretario general de m\u00e1s larga duraci\u00f3n en la historia de la Organizaci\u00f3n Mar\u00edtima Internacional de las Naciones Unidas.\n<p>La OMI es el \u00fanico organismo de las Naciones Unidas con sede en Londres, y fue durante los diecis\u00e9is a\u00f1os que Sir C.P. sirvi\u00f3 all\u00ed que Shri Mataji inici\u00f3 su primera misi\u00f3n para introducir la <a href=\"https:\/\/shrimataji.org\/test\/es\/sahaja-yoga-es\/\" target=\"_blank\" rel=\"noopener\">meditaci\u00f3n de Sahaja Yoga<\/a> al mundo.<\/p>\n<figure itemscope itemtype=\"https:\/\/schema.org\/ImageObject\">\n\t\t\t\t<img decoding=\"async\" src=\"https:\/\/shrimataji.org\/test\/wp-content\/uploads\/2025\/07\/Spa_shri-mataji-nirmala-devi-sir-cp-world-maritime-university-1.jpg\" alt=\"Shri Mataji y el Sr. CP en la Universidad Mar\u00edtima Mundial de Malm\u00f6, Suecia\" height=\"960\" width=\"655\" title=\"Spa_shri-mataji-nirmala-devi-sir-cp-world-maritime-university\" onerror=\"this.style.display='none'\" loading=\"lazy\" \/>\n\t\t<figcaption>Shri Mataji y el Sr. CP en la Universidad Mar\u00edtima Mundial de Malm\u00f6, Suecia<\/figcaption>\n\t<\/figure>\n\t<hr \/>\n<h3>1. <a id=\"citation-note-1\">^<\/a> C. P. Srivastava, &#8216;Lal Bahadur Shastri: Una vida de verdad en la pol\u00edtica&#8217; Nueva Delhi: Oxford University Press, 1995.<\/h3>\n\n","protected":false},"excerpt":{"rendered":"<p>Sir C.P. Srivastava Sir C.P. y el &#8220;Diminuto Coloso&#8221; Shri Mataji Nirmala Devi es conocida en todo el mundo como la fuerza inspiradora detr\u00e1s de Sahaja Yoga. Junto a su fama como l\u00edder espiritual hay una historia paralela: la extraordinaria carrera de su esposo, Sir Chandrika Prasad Srivastava. Aquellos que han tenido la suerte de&hellip; <br \/> <a class=\"read-more\" href=\"https:\/\/shrimataji.org\/test\/es\/sir-c-p-srivastava-es\/\">Read more<\/a><\/p>\n","protected":false},"author":63,"featured_media":9513,"parent":0,"menu_order":0,"comment_status":"closed","ping_status":"closed","template":"","meta":{"inline_featured_image":false,"footnotes":"","advanced-sidebar-menu\/link-title":"","advanced-sidebar-menu\/exclude-page":false},"class_list":["post-10988","page","type-page","status-publish","has-post-thumbnail","hentry"],"yoast_head":"<!-- This site is optimized with the Yoast SEO plugin v27.6 - https:\/\/yoast.com\/product\/yoast-seo-wordpress\/ -->\n<title>Sir C.P. Srivastava ES - TEST - SMND<\/title>\n<meta name=\"robots\" content=\"noindex, follow, max-snippet:-1, max-image-preview:large, max-video-preview:-1\" \/>\n<meta property=\"og:locale\" content=\"en_US\" \/>\n<meta property=\"og:type\" content=\"article\" \/>\n<meta property=\"og:title\" content=\"Sir C.P. Srivastava ES - TEST - SMND\" \/>\n<meta property=\"og:description\" content=\"Sir C.P. Srivastava Sir C.P. y el &#8220;Diminuto Coloso&#8221; Shri Mataji Nirmala Devi es conocida en todo el mundo como la fuerza inspiradora detr\u00e1s de Sahaja Yoga. Junto a su fama como l\u00edder espiritual hay una historia paralela: la extraordinaria carrera de su esposo, Sir Chandrika Prasad Srivastava. Aquellos que han tenido la suerte de&hellip; Read more\" \/>\n<meta property=\"og:url\" content=\"https:\/\/shrimataji.org\/test\/es\/sir-c-p-srivastava-es\/\" \/>\n<meta property=\"og:site_name\" content=\"TEST - SMND\" \/>\n<meta property=\"article:publisher\" content=\"https:\/\/www.facebook.com\/shrimataji\" \/>\n<meta property=\"article:modified_time\" content=\"2026-03-11T23:50:16+00:00\" \/>\n<meta property=\"og:image\" content=\"https:\/\/shrimataji.org\/test\/wp-content\/uploads\/2023\/03\/8_Banner-Family_CP-2-scaled.jpg\" \/>\n\t<meta property=\"og:image:width\" content=\"2560\" \/>\n\t<meta property=\"og:image:height\" content=\"905\" \/>\n\t<meta property=\"og:image:type\" content=\"image\/jpeg\" \/>\n<meta name=\"twitter:card\" content=\"summary_large_image\" \/>\n<meta name=\"twitter:site\" content=\"@shrimataji\" \/>\n<meta name=\"twitter:label1\" content=\"Est. reading time\" \/>\n\t<meta name=\"twitter:data1\" content=\"5 minutes\" \/>\n<script type=\"application\/ld+json\" class=\"yoast-schema-graph\">{\"@context\":\"https:\\\/\\\/schema.org\",\"@graph\":[{\"@type\":\"WebPage\",\"@id\":\"https:\\\/\\\/shrimataji.org\\\/test\\\/es\\\/sir-c-p-srivastava-es\\\/\",\"url\":\"https:\\\/\\\/shrimataji.org\\\/test\\\/es\\\/sir-c-p-srivastava-es\\\/\",\"name\":\"Sir C.P. Srivastava ES - TEST - SMND\",\"isPartOf\":{\"@id\":\"https:\\\/\\\/shrimataji.org\\\/test\\\/#website\"},\"primaryImageOfPage\":{\"@id\":\"https:\\\/\\\/shrimataji.org\\\/test\\\/es\\\/sir-c-p-srivastava-es\\\/#primaryimage\"},\"image\":{\"@id\":\"https:\\\/\\\/shrimataji.org\\\/test\\\/es\\\/sir-c-p-srivastava-es\\\/#primaryimage\"},\"thumbnailUrl\":\"https:\\\/\\\/shrimataji.org\\\/test\\\/wp-content\\\/uploads\\\/2023\\\/03\\\/8_Banner-Family_CP-2-scaled.jpg\",\"datePublished\":\"2012-11-01T12:00:00+00:00\",\"dateModified\":\"2026-03-11T23:50:16+00:00\",\"breadcrumb\":{\"@id\":\"https:\\\/\\\/shrimataji.org\\\/test\\\/es\\\/sir-c-p-srivastava-es\\\/#breadcrumb\"},\"inLanguage\":\"en-US\",\"potentialAction\":[{\"@type\":\"ReadAction\",\"target\":[\"https:\\\/\\\/shrimataji.org\\\/test\\\/es\\\/sir-c-p-srivastava-es\\\/\"]}]},{\"@type\":\"ImageObject\",\"inLanguage\":\"en-US\",\"@id\":\"https:\\\/\\\/shrimataji.org\\\/test\\\/es\\\/sir-c-p-srivastava-es\\\/#primaryimage\",\"url\":\"https:\\\/\\\/shrimataji.org\\\/test\\\/wp-content\\\/uploads\\\/2023\\\/03\\\/8_Banner-Family_CP-2-scaled.jpg\",\"contentUrl\":\"https:\\\/\\\/shrimataji.org\\\/test\\\/wp-content\\\/uploads\\\/2023\\\/03\\\/8_Banner-Family_CP-2-scaled.jpg\",\"width\":2560,\"height\":905},{\"@type\":\"BreadcrumbList\",\"@id\":\"https:\\\/\\\/shrimataji.org\\\/test\\\/es\\\/sir-c-p-srivastava-es\\\/#breadcrumb\",\"itemListElement\":[{\"@type\":\"ListItem\",\"position\":1,\"name\":\"Home\",\"item\":\"https:\\\/\\\/shrimataji.org\\\/test\\\/uk\\\/home-en\\\/\"},{\"@type\":\"ListItem\",\"position\":2,\"name\":\"Sir C.P. Srivastava ES\"}]},{\"@type\":\"WebSite\",\"@id\":\"https:\\\/\\\/shrimataji.org\\\/test\\\/#website\",\"url\":\"https:\\\/\\\/shrimataji.org\\\/test\\\/\",\"name\":\"Shri Mataji Nirmala Devi\",\"description\":\"A Life Dedicated to Humanity\",\"publisher\":{\"@id\":\"https:\\\/\\\/shrimataji.org\\\/test\\\/#\\\/schema\\\/person\\\/a1b3419c6585f164aa96da1ff85715d1\"},\"potentialAction\":[{\"@type\":\"SearchAction\",\"target\":{\"@type\":\"EntryPoint\",\"urlTemplate\":\"https:\\\/\\\/shrimataji.org\\\/test\\\/?s={search_term_string}\"},\"query-input\":{\"@type\":\"PropertyValueSpecification\",\"valueRequired\":true,\"valueName\":\"search_term_string\"}}],\"inLanguage\":\"en-US\"},{\"@type\":[\"Person\",\"Organization\"],\"@id\":\"https:\\\/\\\/shrimataji.org\\\/test\\\/#\\\/schema\\\/person\\\/a1b3419c6585f164aa96da1ff85715d1\",\"name\":\"Nirmala Shrivastava\",\"image\":{\"@type\":\"ImageObject\",\"inLanguage\":\"en-US\",\"@id\":\"https:\\\/\\\/shrimataji.org\\\/test\\\/wp-content\\\/uploads\\\/2023\\\/02\\\/SMO_LOGO-03.svg\",\"url\":\"https:\\\/\\\/shrimataji.org\\\/test\\\/wp-content\\\/uploads\\\/2023\\\/02\\\/SMO_LOGO-03.svg\",\"contentUrl\":\"https:\\\/\\\/shrimataji.org\\\/test\\\/wp-content\\\/uploads\\\/2023\\\/02\\\/SMO_LOGO-03.svg\",\"width\":\"1024\",\"height\":\"1024\",\"caption\":\"Nirmala Shrivastava\"},\"logo\":{\"@id\":\"https:\\\/\\\/shrimataji.org\\\/test\\\/wp-content\\\/uploads\\\/2023\\\/02\\\/SMO_LOGO-03.svg\"},\"sameAs\":[\"https:\\\/\\\/shrimataji.org\\\/test\",\"https:\\\/\\\/www.facebook.com\\\/shrimataji\",\"https:\\\/\\\/x.com\\\/shrimataji\",\"https:\\\/\\\/www.youtube.com\\\/@Shri_Mataji_Nirmala_Devi\\\/featured\"]}]}<\/script>\n<!-- \/ Yoast SEO plugin. -->","yoast_head_json":{"title":"Sir C.P. Srivastava ES - TEST - SMND","robots":{"index":"noindex","follow":"follow","max-snippet":"max-snippet:-1","max-image-preview":"max-image-preview:large","max-video-preview":"max-video-preview:-1"},"og_locale":"en_US","og_type":"article","og_title":"Sir C.P. Srivastava ES - TEST - SMND","og_description":"Sir C.P. Srivastava Sir C.P. y el &#8220;Diminuto Coloso&#8221; Shri Mataji Nirmala Devi es conocida en todo el mundo como la fuerza inspiradora detr\u00e1s de Sahaja Yoga. Junto a su fama como l\u00edder espiritual hay una historia paralela: la extraordinaria carrera de su esposo, Sir Chandrika Prasad Srivastava. Aquellos que han tenido la suerte de&hellip; Read more","og_url":"https:\/\/shrimataji.org\/test\/es\/sir-c-p-srivastava-es\/","og_site_name":"TEST - SMND","article_publisher":"https:\/\/www.facebook.com\/shrimataji","article_modified_time":"2026-03-11T23:50:16+00:00","og_image":[{"width":2560,"height":905,"url":"https:\/\/shrimataji.org\/test\/wp-content\/uploads\/2023\/03\/8_Banner-Family_CP-2-scaled.jpg","type":"image\/jpeg"}],"twitter_card":"summary_large_image","twitter_site":"@shrimataji","twitter_misc":{"Est. reading time":"5 minutes"},"schema":{"@context":"https:\/\/schema.org","@graph":[{"@type":"WebPage","@id":"https:\/\/shrimataji.org\/test\/es\/sir-c-p-srivastava-es\/","url":"https:\/\/shrimataji.org\/test\/es\/sir-c-p-srivastava-es\/","name":"Sir C.P. Srivastava ES - TEST - SMND","isPartOf":{"@id":"https:\/\/shrimataji.org\/test\/#website"},"primaryImageOfPage":{"@id":"https:\/\/shrimataji.org\/test\/es\/sir-c-p-srivastava-es\/#primaryimage"},"image":{"@id":"https:\/\/shrimataji.org\/test\/es\/sir-c-p-srivastava-es\/#primaryimage"},"thumbnailUrl":"https:\/\/shrimataji.org\/test\/wp-content\/uploads\/2023\/03\/8_Banner-Family_CP-2-scaled.jpg","datePublished":"2012-11-01T12:00:00+00:00","dateModified":"2026-03-11T23:50:16+00:00","breadcrumb":{"@id":"https:\/\/shrimataji.org\/test\/es\/sir-c-p-srivastava-es\/#breadcrumb"},"inLanguage":"en-US","potentialAction":[{"@type":"ReadAction","target":["https:\/\/shrimataji.org\/test\/es\/sir-c-p-srivastava-es\/"]}]},{"@type":"ImageObject","inLanguage":"en-US","@id":"https:\/\/shrimataji.org\/test\/es\/sir-c-p-srivastava-es\/#primaryimage","url":"https:\/\/shrimataji.org\/test\/wp-content\/uploads\/2023\/03\/8_Banner-Family_CP-2-scaled.jpg","contentUrl":"https:\/\/shrimataji.org\/test\/wp-content\/uploads\/2023\/03\/8_Banner-Family_CP-2-scaled.jpg","width":2560,"height":905},{"@type":"BreadcrumbList","@id":"https:\/\/shrimataji.org\/test\/es\/sir-c-p-srivastava-es\/#breadcrumb","itemListElement":[{"@type":"ListItem","position":1,"name":"Home","item":"https:\/\/shrimataji.org\/test\/uk\/home-en\/"},{"@type":"ListItem","position":2,"name":"Sir C.P. Srivastava ES"}]},{"@type":"WebSite","@id":"https:\/\/shrimataji.org\/test\/#website","url":"https:\/\/shrimataji.org\/test\/","name":"Shri Mataji Nirmala Devi","description":"A Life Dedicated to Humanity","publisher":{"@id":"https:\/\/shrimataji.org\/test\/#\/schema\/person\/a1b3419c6585f164aa96da1ff85715d1"},"potentialAction":[{"@type":"SearchAction","target":{"@type":"EntryPoint","urlTemplate":"https:\/\/shrimataji.org\/test\/?s={search_term_string}"},"query-input":{"@type":"PropertyValueSpecification","valueRequired":true,"valueName":"search_term_string"}}],"inLanguage":"en-US"},{"@type":["Person","Organization"],"@id":"https:\/\/shrimataji.org\/test\/#\/schema\/person\/a1b3419c6585f164aa96da1ff85715d1","name":"Nirmala Shrivastava","image":{"@type":"ImageObject","inLanguage":"en-US","@id":"https:\/\/shrimataji.org\/test\/wp-content\/uploads\/2023\/02\/SMO_LOGO-03.svg","url":"https:\/\/shrimataji.org\/test\/wp-content\/uploads\/2023\/02\/SMO_LOGO-03.svg","contentUrl":"https:\/\/shrimataji.org\/test\/wp-content\/uploads\/2023\/02\/SMO_LOGO-03.svg","width":"1024","height":"1024","caption":"Nirmala Shrivastava"},"logo":{"@id":"https:\/\/shrimataji.org\/test\/wp-content\/uploads\/2023\/02\/SMO_LOGO-03.svg"},"sameAs":["https:\/\/shrimataji.org\/test","https:\/\/www.facebook.com\/shrimataji","https:\/\/x.com\/shrimataji","https:\/\/www.youtube.com\/@Shri_Mataji_Nirmala_Devi\/featured"]}]}},"lang":"es","translations":{"es":10988,"en":423,"am":18079,"th":20064,"hu":19568,"sq":18480,"zh":17377,"tr":10212,"pt":10421,"de":10695,"fr":10793,"it":10891,"ja":11286,"ru":11474,"bn":11665,"te":11773,"sw":11896,"he":12044,"el":12336,"sk":12434,"fa":12532,"fi":12630,"bg":13492,"ro":14567,"cs":14760,"nl":16640,"ku":16800,"ar":16976,"be":18687,"kn":18961,"mr":20428,"uk":20722,"ml":21017,"ta":22798,"sv":23068,"gu":28904,"pa":29064,"fil":29517,"da":37814,"nn":38366,"pl":39950,"ur":39951},"pll_sync_post":{},"_links":{"self":[{"href":"https:\/\/shrimataji.org\/test\/wp-json\/wp\/v2\/pages\/10988","targetHints":{"allow":["GET"]}}],"collection":[{"href":"https:\/\/shrimataji.org\/test\/wp-json\/wp\/v2\/pages"}],"about":[{"href":"https:\/\/shrimataji.org\/test\/wp-json\/wp\/v2\/types\/page"}],"author":[{"embeddable":true,"href":"https:\/\/shrimataji.org\/test\/wp-json\/wp\/v2\/users\/63"}],"replies":[{"embeddable":true,"href":"https:\/\/shrimataji.org\/test\/wp-json\/wp\/v2\/comments?post=10988"}],"version-history":[{"count":0,"href":"https:\/\/shrimataji.org\/test\/wp-json\/wp\/v2\/pages\/10988\/revisions"}],"wp:featuredmedia":[{"embeddable":true,"href":"https:\/\/shrimataji.org\/test\/wp-json\/wp\/v2\/media\/9513"}],"wp:attachment":[{"href":"https:\/\/shrimataji.org\/test\/wp-json\/wp\/v2\/media?parent=10988"}],"curies":[{"name":"wp","href":"https:\/\/api.w.org\/{rel}","templated":true}]}}