{"id":10992,"date":"2022-03-05T07:25:31","date_gmt":"2022-03-05T07:25:31","guid":{"rendered":"https:\/\/test.shrimataji.org\/?page_id=6484"},"modified":"2026-03-11T23:49:00","modified_gmt":"2026-03-11T23:49:00","slug":"chakra-swadhisthan-es","status":"publish","type":"page","link":"https:\/\/shrimataji.org\/test\/es\/chakra-swadhisthan-es\/","title":{"rendered":"Chakra Swadhisthan ESP"},"content":{"rendered":"\n\n\t<h1>Chakra Swadhisthan<\/h1>\n<h2>Intuici\u00f3n y Creatividad<\/h2>\n<h4>A medida que envejecemos, estamos sujetos a un proceso de aprendizaje intensivo y creativo que surge de nuestras experiencias y entorno. Estamos constantemente aprendiendo cosas nuevas.<\/h4>\n<p>El segundo centro se conecta con la fuente de nuestra creatividad y permite una atenci\u00f3n clara e inteligencia espiritual. Canaliza nuestra inspiraci\u00f3n creativa y nos permite experimentar la belleza que nos rodea. La inteligencia espiritual proporcionada por este centro no es mental, sino una percepci\u00f3n directa de la realidad. Se puede sentir en nuestras yemas de los dedos e indica nuestros bloqueos sutiles. Tambi\u00e9n es el centro de nuestra atenci\u00f3n pura, que nos da el poder de la concentraci\u00f3n.<\/p>\n\t\t<iframe loading=\"lazy\" title=\"Swadhisthan Chakra\" width=\"1920\" height=\"1080\" src=\"https:\/\/www.youtube.com\/embed\/f4ta5ak6nMg?feature=oembed\" frameborder=\"0\" allow=\"accelerometer; autoplay; clipboard-write; encrypted-media; gyroscope; picture-in-picture; web-share\" allowfullscreen><\/iframe>\t\n\t<strong>Ubicaci\u00f3n:<br \/>\n<\/strong>Nuestro chakra Swadhisthan se encuentra en el plexo a\u00f3rtico, por encima de nuestro hueso sacro. Este chakra controla el funcionamiento de nuestro h\u00edgado, ri\u00f1ones, bazo, p\u00e1ncreas y \u00f3rganos reproductores femeninos. Las vibraciones de nuestro chakra Swadhisthan se pueden sentir en los pulgares de ambas manos.\n<strong>Color<\/strong>:<strong><br \/>\n<\/strong>El chakra Swadhisthan est\u00e1 representado por el color amarillo. Est\u00e1 alineado con el elemento purificador del fuego.\n<strong>Las cualidades del chakra Swadhisthan incluyen:<\/strong><br \/>\n\u2022 Creatividad<br \/>\n\u2022 Apreciaci\u00f3n de la belleza<br \/>\n\u2022 Inspiraci\u00f3n<br \/>\n\u2022 Generaci\u00f3n de ideas<br \/>\n\u2022 Atenci\u00f3n sin distracciones<br \/>\n\u2022 Aguda percepci\u00f3n intelectual<br \/>\n\u2022 Conocimiento puro<br \/>\n\u2022 Conocimiento espiritual\n<figure itemscope itemtype=\"https:\/\/schema.org\/ImageObject\">\n\t\t\t\t<img decoding=\"async\" src=\"https:\/\/shrimataji.org\/test\/wp-content\/uploads\/2026\/02\/ES-2-Swadhisthan-scaled.png\" alt=\"ES-2-Swadhisthan\" height=\"2560\" width=\"2466\" title=\"ES-2-Swadhisthan\" onerror=\"this.style.display='none'\" loading=\"lazy\" \/>\n\t<\/figure>\n\t<p>La cualidad fundamental del Swadhisthan es la creatividad. A trav\u00e9s de este chakra, se genera nuestra energ\u00eda creativa. El Swadhisthan tambi\u00e9n gobierna la atenci\u00f3n, la inspiraci\u00f3n y el conocimiento puro. Cuando nos abrimos a las cualidades del chakra Swadhisthan, descubrimos la belleza y el poder de la creatividad.<\/p>\n<strong>Experiencia y Beneficios:<\/strong><br \/>\nLa funci\u00f3n fisiol\u00f3gica m\u00e1s importante de tu chakra Swadhisthan es descomponer las part\u00edculas de grasa en tu abdomen para reemplazar la materia gris y blanca de tu cerebro, el material del &#8220;pensamiento&#8221;.\n<p>El exceso de pensamiento y planificaci\u00f3n es muy com\u00fan en el mundo actual. En \u00faltima instancia, el lado derecho de tu chakra Swadhisthan puede agotarse debido a tantos pensamientos. Cuando esto sucede, es posible que tu creatividad flaquee y tu trabajo se vuelva sin vida. Es posible que ya no experimentes espontaneidad y alegr\u00eda.<\/p>\n<p>Esto sucede porque tu chakra Swadhisthan descuida otros \u00f3rganos que deber\u00eda cuidar para reponer la materia cerebral que has perdido debido al exceso de pensamiento.<\/p>\n<p>Por ejemplo, tu h\u00edgado tiene que trabajar m\u00e1s para producir c\u00e9lulas de grasa para satisfacer la demanda de tu cuerpo. Dado que el h\u00edgado es el asiento de la atenci\u00f3n, pierdes enfoque y el pensamiento puro se ve comprometido.<\/p>\n<p>Es importante reconocer la diferencia entre la atenci\u00f3n (que es una cualidad del Swadhisthan) y el pensamiento (que, en exceso, es perjudicial para \u00e9l). La atenci\u00f3n significa observaci\u00f3n cercana o escucha. Es un enfoque puro en un objeto <strong>sin pensar<\/strong>. La atenci\u00f3n es concentraci\u00f3n, observaci\u00f3n y ser testigo.<\/p>\n<p>Por ejemplo, puedes dirigir tu atenci\u00f3n hacia una flor, apreciando su belleza y su fragancia, sin pensar realmente en ello. La observar\u00edas y te maravillar\u00edas de ella sin que pasen preguntas por tu mente como &#8220;\u00bfCu\u00e1l es el nombre de esta flor?&#8221; o &#8220;Me pregunto si es anual o perenne&#8221;.<\/p>\n<p>Un h\u00edgado equilibrado mantiene y nutre tu capacidad de estar atento al filtrar impurezas, distracciones y desorden externo. La paz y la quietud que te ayudan a meditar eficazmente provienen de esta atenci\u00f3n purificada.<\/p>\n<p>Cuando tu chakra Swadhisthan est\u00e1 equilibrado, se previene el exceso de pensamientos. Podr\u00e1s mantener una mente en paz, libre de preocupaciones, dudas, confusi\u00f3n y distracciones. El trabajo creativo que realices en este estado equilibrado estar\u00e1 espiritualmente mejorado. Tendr\u00e1 &#8220;coraz\u00f3n&#8221;.<\/p>\n<strong>Autoevaluaci\u00f3n:<br \/>\n<\/strong>Si tu chakra Swadhisthan est\u00e1 desequilibrado, es posible que tengas dificultades para meditar y una falta general de creatividad. Tambi\u00e9n puedes experimentar insomnio e irritabilidad. Otros s\u00edntomas de un Swadhisthan desequilibrado incluyen enfermedades como la diabetes, c\u00e1nceres relacionados con la sangre, alergias y enfermedades card\u00edacas.\n<p><strong>Causas de los Desequilibrio: <\/strong><\/p>\n<ul>\n<li>El exceso de pensamiento, planificaci\u00f3n y sobreactividad mental agotan este centro. En un extremo, esto puede causar agotamiento mental y fatiga cr\u00f3nica en nuestro cuerpo f\u00edsico.<\/li>\n<\/ul>\n<strong>C\u00f3mo Equilibrar:<br \/>\n<\/strong>Afortunadamente, la meditaci\u00f3n proporciona un medio simple para equilibrar este chakra. Para limpiar tu chakra Swadhisthan, debes sumergir diariamente tus pies en agua a temperatura normal.\n<p>Si deseas enfocarte en limpiar tu chakra Swadhisthan derecho, sumerge tus pies en un recipiente con agua <strong>fr\u00eda<\/strong> (incluso con hielo) durante la meditaci\u00f3n. Tambi\u00e9n puedes colocar una bolsa de hielo en la posici\u00f3n del Swadhisthan derecho, es decir, justo arriba del lugar donde tu torso se conecta con tu pierna derecha.<\/p>\n<p>Para purificar tu Swadhisthan izquierdo, haz un <a href=\"https:\/\/shrimataji.org\/test\/wp-content\/uploads\/2026\/03\/ES_Footsoaking.docx.pdf\" target=\"_blank\" rel=\"noopener\">ba\u00f1o de pies<\/a> en un recipiente con agua tibia o un poco m\u00e1s caliente (lo que sea c\u00f3modo para tu piel) durante la meditaci\u00f3n.<\/p>\n<p>Si tienes problemas persistentes con el equilibrio de la parte izquierda de este chakra, puedes intentar purificarlo con la llama de una vela. Sujeta la vela con tu mano derecha a unos cent\u00edmetros de tu chakra Swadhisthan izquierdo. El Swadhisthan izquierdo se encuentra justo arriba del lugar donde tu torso se conecta con tu pierna izquierda.<\/p>\n\n","protected":false},"excerpt":{"rendered":"<p>Chakra Swadhisthan Intuici\u00f3n y Creatividad A medida que envejecemos, estamos sujetos a un proceso de aprendizaje intensivo y creativo que surge de nuestras experiencias y entorno. Estamos constantemente aprendiendo cosas nuevas. El segundo centro se conecta con la fuente de nuestra creatividad y permite una atenci\u00f3n clara e inteligencia espiritual. Canaliza nuestra inspiraci\u00f3n creativa y&hellip; <br \/> <a class=\"read-more\" href=\"https:\/\/shrimataji.org\/test\/es\/chakra-swadhisthan-es\/\">Read more<\/a><\/p>\n","protected":false},"author":63,"featured_media":9252,"parent":0,"menu_order":0,"comment_status":"closed","ping_status":"closed","template":"","meta":{"inline_featured_image":false,"footnotes":""},"class_list":["post-10992","page","type-page","status-publish","has-post-thumbnail","hentry"],"yoast_head":"<!-- This site is optimized with the Yoast SEO plugin v27.4 - https:\/\/yoast.com\/product\/yoast-seo-wordpress\/ -->\n<title>Chakra Swadhisthan ESP - TEST - SMND<\/title>\n<meta name=\"robots\" content=\"noindex, follow, max-snippet:-1, max-image-preview:large, max-video-preview:-1\" \/>\n<meta property=\"og:locale\" content=\"en_US\" \/>\n<meta property=\"og:type\" content=\"article\" \/>\n<meta property=\"og:title\" content=\"Chakra Swadhisthan ESP - TEST - SMND\" \/>\n<meta property=\"og:description\" content=\"Chakra Swadhisthan Intuici\u00f3n y Creatividad A medida que envejecemos, estamos sujetos a un proceso de aprendizaje intensivo y creativo que surge de nuestras experiencias y entorno. Estamos constantemente aprendiendo cosas nuevas. El segundo centro se conecta con la fuente de nuestra creatividad y permite una atenci\u00f3n clara e inteligencia espiritual. Canaliza nuestra inspiraci\u00f3n creativa y&hellip; Read more\" \/>\n<meta property=\"og:url\" content=\"https:\/\/shrimataji.org\/test\/es\/chakra-swadhisthan-es\/\" \/>\n<meta property=\"og:site_name\" content=\"TEST - SMND\" \/>\n<meta property=\"article:publisher\" content=\"https:\/\/www.facebook.com\/shrimataji\" \/>\n<meta property=\"article:modified_time\" content=\"2026-03-11T23:49:00+00:00\" \/>\n<meta property=\"og:image\" content=\"https:\/\/shrimataji.org\/test\/wp-content\/uploads\/2023\/03\/17_Banner-SY-Chakra-swad-scaled.jpg\" \/>\n\t<meta property=\"og:image:width\" content=\"2560\" \/>\n\t<meta property=\"og:image:height\" content=\"905\" \/>\n\t<meta property=\"og:image:type\" content=\"image\/jpeg\" \/>\n<meta name=\"twitter:card\" content=\"summary_large_image\" \/>\n<meta name=\"twitter:site\" content=\"@shrimataji\" \/>\n<meta name=\"twitter:label1\" content=\"Est. reading time\" \/>\n\t<meta name=\"twitter:data1\" content=\"4 minutes\" \/>\n<script type=\"application\/ld+json\" class=\"yoast-schema-graph\">{\"@context\":\"https:\\\/\\\/schema.org\",\"@graph\":[{\"@type\":\"WebPage\",\"@id\":\"https:\\\/\\\/shrimataji.org\\\/test\\\/es\\\/chakra-swadhisthan-es\\\/\",\"url\":\"https:\\\/\\\/shrimataji.org\\\/test\\\/es\\\/chakra-swadhisthan-es\\\/\",\"name\":\"Chakra Swadhisthan ESP - TEST - SMND\",\"isPartOf\":{\"@id\":\"https:\\\/\\\/shrimataji.org\\\/test\\\/#website\"},\"primaryImageOfPage\":{\"@id\":\"https:\\\/\\\/shrimataji.org\\\/test\\\/es\\\/chakra-swadhisthan-es\\\/#primaryimage\"},\"image\":{\"@id\":\"https:\\\/\\\/shrimataji.org\\\/test\\\/es\\\/chakra-swadhisthan-es\\\/#primaryimage\"},\"thumbnailUrl\":\"https:\\\/\\\/shrimataji.org\\\/test\\\/wp-content\\\/uploads\\\/2023\\\/03\\\/17_Banner-SY-Chakra-swad-scaled.jpg\",\"datePublished\":\"2022-03-05T07:25:31+00:00\",\"dateModified\":\"2026-03-11T23:49:00+00:00\",\"breadcrumb\":{\"@id\":\"https:\\\/\\\/shrimataji.org\\\/test\\\/es\\\/chakra-swadhisthan-es\\\/#breadcrumb\"},\"inLanguage\":\"en-US\",\"potentialAction\":[{\"@type\":\"ReadAction\",\"target\":[\"https:\\\/\\\/shrimataji.org\\\/test\\\/es\\\/chakra-swadhisthan-es\\\/\"]}]},{\"@type\":\"ImageObject\",\"inLanguage\":\"en-US\",\"@id\":\"https:\\\/\\\/shrimataji.org\\\/test\\\/es\\\/chakra-swadhisthan-es\\\/#primaryimage\",\"url\":\"https:\\\/\\\/shrimataji.org\\\/test\\\/wp-content\\\/uploads\\\/2023\\\/03\\\/17_Banner-SY-Chakra-swad-scaled.jpg\",\"contentUrl\":\"https:\\\/\\\/shrimataji.org\\\/test\\\/wp-content\\\/uploads\\\/2023\\\/03\\\/17_Banner-SY-Chakra-swad-scaled.jpg\",\"width\":2560,\"height\":905},{\"@type\":\"BreadcrumbList\",\"@id\":\"https:\\\/\\\/shrimataji.org\\\/test\\\/es\\\/chakra-swadhisthan-es\\\/#breadcrumb\",\"itemListElement\":[{\"@type\":\"ListItem\",\"position\":1,\"name\":\"Home\",\"item\":\"https:\\\/\\\/shrimataji.org\\\/test\\\/uk\\\/home-en\\\/\"},{\"@type\":\"ListItem\",\"position\":2,\"name\":\"Chakra Swadhisthan ESP\"}]},{\"@type\":\"WebSite\",\"@id\":\"https:\\\/\\\/shrimataji.org\\\/test\\\/#website\",\"url\":\"https:\\\/\\\/shrimataji.org\\\/test\\\/\",\"name\":\"Shri Mataji Nirmala Devi\",\"description\":\"A Life Dedicated to Humanity\",\"publisher\":{\"@id\":\"https:\\\/\\\/shrimataji.org\\\/test\\\/#\\\/schema\\\/person\\\/a1b3419c6585f164aa96da1ff85715d1\"},\"potentialAction\":[{\"@type\":\"SearchAction\",\"target\":{\"@type\":\"EntryPoint\",\"urlTemplate\":\"https:\\\/\\\/shrimataji.org\\\/test\\\/?s={search_term_string}\"},\"query-input\":{\"@type\":\"PropertyValueSpecification\",\"valueRequired\":true,\"valueName\":\"search_term_string\"}}],\"inLanguage\":\"en-US\"},{\"@type\":[\"Person\",\"Organization\"],\"@id\":\"https:\\\/\\\/shrimataji.org\\\/test\\\/#\\\/schema\\\/person\\\/a1b3419c6585f164aa96da1ff85715d1\",\"name\":\"Nirmala Shrivastava\",\"image\":{\"@type\":\"ImageObject\",\"inLanguage\":\"en-US\",\"@id\":\"https:\\\/\\\/shrimataji.org\\\/test\\\/wp-content\\\/uploads\\\/2023\\\/02\\\/SMO_LOGO-03.svg\",\"url\":\"https:\\\/\\\/shrimataji.org\\\/test\\\/wp-content\\\/uploads\\\/2023\\\/02\\\/SMO_LOGO-03.svg\",\"contentUrl\":\"https:\\\/\\\/shrimataji.org\\\/test\\\/wp-content\\\/uploads\\\/2023\\\/02\\\/SMO_LOGO-03.svg\",\"width\":\"1024\",\"height\":\"1024\",\"caption\":\"Nirmala Shrivastava\"},\"logo\":{\"@id\":\"https:\\\/\\\/shrimataji.org\\\/test\\\/wp-content\\\/uploads\\\/2023\\\/02\\\/SMO_LOGO-03.svg\"},\"sameAs\":[\"https:\\\/\\\/shrimataji.org\\\/test\",\"https:\\\/\\\/www.facebook.com\\\/shrimataji\",\"https:\\\/\\\/x.com\\\/shrimataji\",\"https:\\\/\\\/www.youtube.com\\\/@Shri_Mataji_Nirmala_Devi\\\/featured\"]}]}<\/script>\n<!-- \/ Yoast SEO plugin. -->","yoast_head_json":{"title":"Chakra Swadhisthan ESP - TEST - SMND","robots":{"index":"noindex","follow":"follow","max-snippet":"max-snippet:-1","max-image-preview":"max-image-preview:large","max-video-preview":"max-video-preview:-1"},"og_locale":"en_US","og_type":"article","og_title":"Chakra Swadhisthan ESP - TEST - SMND","og_description":"Chakra Swadhisthan Intuici\u00f3n y Creatividad A medida que envejecemos, estamos sujetos a un proceso de aprendizaje intensivo y creativo que surge de nuestras experiencias y entorno. Estamos constantemente aprendiendo cosas nuevas. El segundo centro se conecta con la fuente de nuestra creatividad y permite una atenci\u00f3n clara e inteligencia espiritual. Canaliza nuestra inspiraci\u00f3n creativa y&hellip; Read more","og_url":"https:\/\/shrimataji.org\/test\/es\/chakra-swadhisthan-es\/","og_site_name":"TEST - SMND","article_publisher":"https:\/\/www.facebook.com\/shrimataji","article_modified_time":"2026-03-11T23:49:00+00:00","og_image":[{"width":2560,"height":905,"url":"https:\/\/shrimataji.org\/test\/wp-content\/uploads\/2023\/03\/17_Banner-SY-Chakra-swad-scaled.jpg","type":"image\/jpeg"}],"twitter_card":"summary_large_image","twitter_site":"@shrimataji","twitter_misc":{"Est. reading time":"4 minutes"},"schema":{"@context":"https:\/\/schema.org","@graph":[{"@type":"WebPage","@id":"https:\/\/shrimataji.org\/test\/es\/chakra-swadhisthan-es\/","url":"https:\/\/shrimataji.org\/test\/es\/chakra-swadhisthan-es\/","name":"Chakra Swadhisthan ESP - TEST - SMND","isPartOf":{"@id":"https:\/\/shrimataji.org\/test\/#website"},"primaryImageOfPage":{"@id":"https:\/\/shrimataji.org\/test\/es\/chakra-swadhisthan-es\/#primaryimage"},"image":{"@id":"https:\/\/shrimataji.org\/test\/es\/chakra-swadhisthan-es\/#primaryimage"},"thumbnailUrl":"https:\/\/shrimataji.org\/test\/wp-content\/uploads\/2023\/03\/17_Banner-SY-Chakra-swad-scaled.jpg","datePublished":"2022-03-05T07:25:31+00:00","dateModified":"2026-03-11T23:49:00+00:00","breadcrumb":{"@id":"https:\/\/shrimataji.org\/test\/es\/chakra-swadhisthan-es\/#breadcrumb"},"inLanguage":"en-US","potentialAction":[{"@type":"ReadAction","target":["https:\/\/shrimataji.org\/test\/es\/chakra-swadhisthan-es\/"]}]},{"@type":"ImageObject","inLanguage":"en-US","@id":"https:\/\/shrimataji.org\/test\/es\/chakra-swadhisthan-es\/#primaryimage","url":"https:\/\/shrimataji.org\/test\/wp-content\/uploads\/2023\/03\/17_Banner-SY-Chakra-swad-scaled.jpg","contentUrl":"https:\/\/shrimataji.org\/test\/wp-content\/uploads\/2023\/03\/17_Banner-SY-Chakra-swad-scaled.jpg","width":2560,"height":905},{"@type":"BreadcrumbList","@id":"https:\/\/shrimataji.org\/test\/es\/chakra-swadhisthan-es\/#breadcrumb","itemListElement":[{"@type":"ListItem","position":1,"name":"Home","item":"https:\/\/shrimataji.org\/test\/uk\/home-en\/"},{"@type":"ListItem","position":2,"name":"Chakra Swadhisthan ESP"}]},{"@type":"WebSite","@id":"https:\/\/shrimataji.org\/test\/#website","url":"https:\/\/shrimataji.org\/test\/","name":"Shri Mataji Nirmala Devi","description":"A Life Dedicated to Humanity","publisher":{"@id":"https:\/\/shrimataji.org\/test\/#\/schema\/person\/a1b3419c6585f164aa96da1ff85715d1"},"potentialAction":[{"@type":"SearchAction","target":{"@type":"EntryPoint","urlTemplate":"https:\/\/shrimataji.org\/test\/?s={search_term_string}"},"query-input":{"@type":"PropertyValueSpecification","valueRequired":true,"valueName":"search_term_string"}}],"inLanguage":"en-US"},{"@type":["Person","Organization"],"@id":"https:\/\/shrimataji.org\/test\/#\/schema\/person\/a1b3419c6585f164aa96da1ff85715d1","name":"Nirmala Shrivastava","image":{"@type":"ImageObject","inLanguage":"en-US","@id":"https:\/\/shrimataji.org\/test\/wp-content\/uploads\/2023\/02\/SMO_LOGO-03.svg","url":"https:\/\/shrimataji.org\/test\/wp-content\/uploads\/2023\/02\/SMO_LOGO-03.svg","contentUrl":"https:\/\/shrimataji.org\/test\/wp-content\/uploads\/2023\/02\/SMO_LOGO-03.svg","width":"1024","height":"1024","caption":"Nirmala Shrivastava"},"logo":{"@id":"https:\/\/shrimataji.org\/test\/wp-content\/uploads\/2023\/02\/SMO_LOGO-03.svg"},"sameAs":["https:\/\/shrimataji.org\/test","https:\/\/www.facebook.com\/shrimataji","https:\/\/x.com\/shrimataji","https:\/\/www.youtube.com\/@Shri_Mataji_Nirmala_Devi\/featured"]}]}},"lang":"es","translations":{"es":10992,"ur":37513,"en":6484,"am":18087,"th":20076,"hu":19576,"ar":16983,"sq":18488,"zh":17385,"hi":8323,"tr":10217,"pt":10425,"de":10699,"fr":10797,"it":10895,"ja":11290,"ru":11478,"bn":11669,"te":11777,"sw":11900,"he":12048,"el":12340,"sk":12438,"fa":12536,"fi":12634,"bg":13374,"ro":14448,"cs":14641,"nl":16647,"ku":16807,"be":18695,"kn":18969,"mr":20440,"uk":20733,"ml":21028,"ta":22806,"sv":23075,"gu":28910,"pa":29070,"fil":29524,"da":37821,"pl":38031,"nn":38373},"pll_sync_post":[],"_links":{"self":[{"href":"https:\/\/shrimataji.org\/test\/wp-json\/wp\/v2\/pages\/10992","targetHints":{"allow":["GET"]}}],"collection":[{"href":"https:\/\/shrimataji.org\/test\/wp-json\/wp\/v2\/pages"}],"about":[{"href":"https:\/\/shrimataji.org\/test\/wp-json\/wp\/v2\/types\/page"}],"author":[{"embeddable":true,"href":"https:\/\/shrimataji.org\/test\/wp-json\/wp\/v2\/users\/63"}],"replies":[{"embeddable":true,"href":"https:\/\/shrimataji.org\/test\/wp-json\/wp\/v2\/comments?post=10992"}],"version-history":[{"count":0,"href":"https:\/\/shrimataji.org\/test\/wp-json\/wp\/v2\/pages\/10992\/revisions"}],"wp:featuredmedia":[{"embeddable":true,"href":"https:\/\/shrimataji.org\/test\/wp-json\/wp\/v2\/media\/9252"}],"wp:attachment":[{"href":"https:\/\/shrimataji.org\/test\/wp-json\/wp\/v2\/media?parent=10992"}],"curies":[{"name":"wp","href":"https:\/\/api.w.org\/{rel}","templated":true}]}}