{"id":10997,"date":"2012-10-02T13:00:00","date_gmt":"2012-10-02T13:00:00","guid":{"rendered":"http:\/\/testwordpress.nirmalnagari.org\/smnd\/index.php\/the-dignity-of-art\/"},"modified":"2026-03-11T23:49:04","modified_gmt":"2026-03-11T23:49:04","slug":"la-dignidad-del-arte","status":"publish","type":"page","link":"https:\/\/shrimataji.org\/test\/es\/la-dignidad-del-arte\/","title":{"rendered":"La Dignidad del Arte"},"content":{"rendered":"\n\n\t<h1>La Dignidad del Arte<\/h1>\n<h2>Extracto de un souvenir distribuido en India en 1961<\/h2>\n\t<p>Los artistas tienen que elevar la atenci\u00f3n del p\u00fablico a sus est\u00e1ndares, y no rebajarse a las demandas baratas del p\u00fablico, renunciando as\u00ed a su libertad.<\/p>\n<p>This can be done by contacting educational and social institutions by the enlightened artists. Through articles in magazines and newspapers, the ideas of such artists can be propagated. Through dramas, films and radio talks, people can be educated for the understanding of real art. Thus the dignity of art can be maintained.<\/p>\n<p>Al entrar en contacto con el p\u00fablico en general a trav\u00e9s de estas sociedades, el ser social de un artista se convertir\u00e1 en un ser m\u00e1s agudo y sensible. Reaccionar\u00e1 al m\u00e1s m\u00ednimo malestar de la naci\u00f3n, al m\u00e1s m\u00ednimo desequilibrio en la sociedad.<\/p>\n<p>Si ve a un leproso en la calle, su coraz\u00f3n reaccionara con tal simpat\u00eda que, a trav\u00e9s de su arte, puede crear un ambiente por el cual los trabajadores sociales, los m\u00e9dicos, los cient\u00edficos y las personas a cargo del estado se ver\u00e1n obligados a pensar en alguna soluci\u00f3n a los problemas de la lepra.<\/p>\n<p>Si un artista encuentra a sus compatriotas anti patri\u00f3ticos o cobardes, puede, a trav\u00e9s de otros, crear un profundo respeto en sus mentes. As\u00ed es el poder motivador de un artista.<\/p>\n<p>Los artistas son las flores m\u00e1s adorables de la creaci\u00f3n, los sue\u00f1os m\u00e1s dulces del Creador, y los componentes m\u00e1s queridos de la sociedad humana. Quiz\u00e1s ellos no saben cu\u00e1n amados son, cu\u00e1n adorados y seguidos son por sus espectadores&#8230;<\/p>\n\n","protected":false},"excerpt":{"rendered":"<p>La Dignidad del Arte Extracto de un souvenir distribuido en India en 1961 Los artistas tienen que elevar la atenci\u00f3n del p\u00fablico a sus est\u00e1ndares, y no rebajarse a las demandas baratas del p\u00fablico, renunciando as\u00ed a su libertad. This can be done by contacting educational and social institutions by the enlightened artists. Through articles&hellip; <br \/> <a class=\"read-more\" href=\"https:\/\/shrimataji.org\/test\/es\/la-dignidad-del-arte\/\">Read more<\/a><\/p>\n","protected":false},"author":63,"featured_media":131,"parent":0,"menu_order":0,"comment_status":"closed","ping_status":"closed","template":"","meta":{"inline_featured_image":false,"footnotes":""},"class_list":["post-10997","page","type-page","status-publish","has-post-thumbnail","hentry"],"yoast_head":"<!-- This site is optimized with the Yoast SEO plugin v27.4 - https:\/\/yoast.com\/product\/yoast-seo-wordpress\/ -->\n<title>La Dignidad del Arte - TEST - SMND<\/title>\n<meta name=\"robots\" content=\"noindex, follow, max-snippet:-1, max-image-preview:large, max-video-preview:-1\" \/>\n<meta property=\"og:locale\" content=\"en_US\" \/>\n<meta property=\"og:type\" content=\"article\" \/>\n<meta property=\"og:title\" content=\"La Dignidad del Arte - TEST - SMND\" \/>\n<meta property=\"og:description\" content=\"La Dignidad del Arte Extracto de un souvenir distribuido en India en 1961 Los artistas tienen que elevar la atenci\u00f3n del p\u00fablico a sus est\u00e1ndares, y no rebajarse a las demandas baratas del p\u00fablico, renunciando as\u00ed a su libertad. This can be done by contacting educational and social institutions by the enlightened artists. Through articles&hellip; Read more\" \/>\n<meta property=\"og:url\" content=\"https:\/\/shrimataji.org\/test\/es\/la-dignidad-del-arte\/\" \/>\n<meta property=\"og:site_name\" content=\"TEST - SMND\" \/>\n<meta property=\"article:publisher\" content=\"https:\/\/www.facebook.com\/shrimataji\" \/>\n<meta property=\"article:modified_time\" content=\"2026-03-11T23:49:04+00:00\" \/>\n<meta property=\"og:image\" content=\"https:\/\/shrimataji.org\/test\/wp-content\/uploads\/2018\/07\/media_originals\/images\/headers-general\/queen-mayas-dream-by-graham-brown.jpg\" \/>\n\t<meta property=\"og:image:width\" content=\"990\" \/>\n\t<meta property=\"og:image:height\" content=\"350\" \/>\n\t<meta property=\"og:image:type\" content=\"image\/jpeg\" \/>\n<meta name=\"twitter:card\" content=\"summary_large_image\" \/>\n<meta name=\"twitter:site\" content=\"@shrimataji\" \/>\n<meta name=\"twitter:label1\" content=\"Est. reading time\" \/>\n\t<meta name=\"twitter:data1\" content=\"2 minutes\" \/>\n<script type=\"application\/ld+json\" class=\"yoast-schema-graph\">{\"@context\":\"https:\\\/\\\/schema.org\",\"@graph\":[{\"@type\":\"WebPage\",\"@id\":\"https:\\\/\\\/shrimataji.org\\\/test\\\/es\\\/la-dignidad-del-arte\\\/\",\"url\":\"https:\\\/\\\/shrimataji.org\\\/test\\\/es\\\/la-dignidad-del-arte\\\/\",\"name\":\"La Dignidad del Arte - TEST - SMND\",\"isPartOf\":{\"@id\":\"https:\\\/\\\/shrimataji.org\\\/test\\\/#website\"},\"primaryImageOfPage\":{\"@id\":\"https:\\\/\\\/shrimataji.org\\\/test\\\/es\\\/la-dignidad-del-arte\\\/#primaryimage\"},\"image\":{\"@id\":\"https:\\\/\\\/shrimataji.org\\\/test\\\/es\\\/la-dignidad-del-arte\\\/#primaryimage\"},\"thumbnailUrl\":\"https:\\\/\\\/shrimataji.org\\\/test\\\/wp-content\\\/uploads\\\/2018\\\/07\\\/media_originals\\\/images\\\/headers-general\\\/queen-mayas-dream-by-graham-brown.jpg\",\"datePublished\":\"2012-10-02T13:00:00+00:00\",\"dateModified\":\"2026-03-11T23:49:04+00:00\",\"breadcrumb\":{\"@id\":\"https:\\\/\\\/shrimataji.org\\\/test\\\/es\\\/la-dignidad-del-arte\\\/#breadcrumb\"},\"inLanguage\":\"en-US\",\"potentialAction\":[{\"@type\":\"ReadAction\",\"target\":[\"https:\\\/\\\/shrimataji.org\\\/test\\\/es\\\/la-dignidad-del-arte\\\/\"]}]},{\"@type\":\"ImageObject\",\"inLanguage\":\"en-US\",\"@id\":\"https:\\\/\\\/shrimataji.org\\\/test\\\/es\\\/la-dignidad-del-arte\\\/#primaryimage\",\"url\":\"https:\\\/\\\/shrimataji.org\\\/test\\\/wp-content\\\/uploads\\\/2018\\\/07\\\/media_originals\\\/images\\\/headers-general\\\/queen-mayas-dream-by-graham-brown.jpg\",\"contentUrl\":\"https:\\\/\\\/shrimataji.org\\\/test\\\/wp-content\\\/uploads\\\/2018\\\/07\\\/media_originals\\\/images\\\/headers-general\\\/queen-mayas-dream-by-graham-brown.jpg\",\"width\":990,\"height\":350},{\"@type\":\"BreadcrumbList\",\"@id\":\"https:\\\/\\\/shrimataji.org\\\/test\\\/es\\\/la-dignidad-del-arte\\\/#breadcrumb\",\"itemListElement\":[{\"@type\":\"ListItem\",\"position\":1,\"name\":\"Home\",\"item\":\"https:\\\/\\\/shrimataji.org\\\/test\\\/uk\\\/home-en\\\/\"},{\"@type\":\"ListItem\",\"position\":2,\"name\":\"La Dignidad del Arte\"}]},{\"@type\":\"WebSite\",\"@id\":\"https:\\\/\\\/shrimataji.org\\\/test\\\/#website\",\"url\":\"https:\\\/\\\/shrimataji.org\\\/test\\\/\",\"name\":\"Shri Mataji Nirmala Devi\",\"description\":\"A Life Dedicated to Humanity\",\"publisher\":{\"@id\":\"https:\\\/\\\/shrimataji.org\\\/test\\\/#\\\/schema\\\/person\\\/a1b3419c6585f164aa96da1ff85715d1\"},\"potentialAction\":[{\"@type\":\"SearchAction\",\"target\":{\"@type\":\"EntryPoint\",\"urlTemplate\":\"https:\\\/\\\/shrimataji.org\\\/test\\\/?s={search_term_string}\"},\"query-input\":{\"@type\":\"PropertyValueSpecification\",\"valueRequired\":true,\"valueName\":\"search_term_string\"}}],\"inLanguage\":\"en-US\"},{\"@type\":[\"Person\",\"Organization\"],\"@id\":\"https:\\\/\\\/shrimataji.org\\\/test\\\/#\\\/schema\\\/person\\\/a1b3419c6585f164aa96da1ff85715d1\",\"name\":\"Nirmala Shrivastava\",\"image\":{\"@type\":\"ImageObject\",\"inLanguage\":\"en-US\",\"@id\":\"https:\\\/\\\/shrimataji.org\\\/test\\\/wp-content\\\/uploads\\\/2023\\\/02\\\/SMO_LOGO-03.svg\",\"url\":\"https:\\\/\\\/shrimataji.org\\\/test\\\/wp-content\\\/uploads\\\/2023\\\/02\\\/SMO_LOGO-03.svg\",\"contentUrl\":\"https:\\\/\\\/shrimataji.org\\\/test\\\/wp-content\\\/uploads\\\/2023\\\/02\\\/SMO_LOGO-03.svg\",\"width\":\"1024\",\"height\":\"1024\",\"caption\":\"Nirmala Shrivastava\"},\"logo\":{\"@id\":\"https:\\\/\\\/shrimataji.org\\\/test\\\/wp-content\\\/uploads\\\/2023\\\/02\\\/SMO_LOGO-03.svg\"},\"sameAs\":[\"https:\\\/\\\/shrimataji.org\\\/test\",\"https:\\\/\\\/www.facebook.com\\\/shrimataji\",\"https:\\\/\\\/x.com\\\/shrimataji\",\"https:\\\/\\\/www.youtube.com\\\/@Shri_Mataji_Nirmala_Devi\\\/featured\"]}]}<\/script>\n<!-- \/ Yoast SEO plugin. -->","yoast_head_json":{"title":"La Dignidad del Arte - TEST - SMND","robots":{"index":"noindex","follow":"follow","max-snippet":"max-snippet:-1","max-image-preview":"max-image-preview:large","max-video-preview":"max-video-preview:-1"},"og_locale":"en_US","og_type":"article","og_title":"La Dignidad del Arte - TEST - SMND","og_description":"La Dignidad del Arte Extracto de un souvenir distribuido en India en 1961 Los artistas tienen que elevar la atenci\u00f3n del p\u00fablico a sus est\u00e1ndares, y no rebajarse a las demandas baratas del p\u00fablico, renunciando as\u00ed a su libertad. This can be done by contacting educational and social institutions by the enlightened artists. Through articles&hellip; Read more","og_url":"https:\/\/shrimataji.org\/test\/es\/la-dignidad-del-arte\/","og_site_name":"TEST - SMND","article_publisher":"https:\/\/www.facebook.com\/shrimataji","article_modified_time":"2026-03-11T23:49:04+00:00","og_image":[{"width":990,"height":350,"url":"https:\/\/shrimataji.org\/test\/wp-content\/uploads\/2018\/07\/media_originals\/images\/headers-general\/queen-mayas-dream-by-graham-brown.jpg","type":"image\/jpeg"}],"twitter_card":"summary_large_image","twitter_site":"@shrimataji","twitter_misc":{"Est. reading time":"2 minutes"},"schema":{"@context":"https:\/\/schema.org","@graph":[{"@type":"WebPage","@id":"https:\/\/shrimataji.org\/test\/es\/la-dignidad-del-arte\/","url":"https:\/\/shrimataji.org\/test\/es\/la-dignidad-del-arte\/","name":"La Dignidad del Arte - TEST - SMND","isPartOf":{"@id":"https:\/\/shrimataji.org\/test\/#website"},"primaryImageOfPage":{"@id":"https:\/\/shrimataji.org\/test\/es\/la-dignidad-del-arte\/#primaryimage"},"image":{"@id":"https:\/\/shrimataji.org\/test\/es\/la-dignidad-del-arte\/#primaryimage"},"thumbnailUrl":"https:\/\/shrimataji.org\/test\/wp-content\/uploads\/2018\/07\/media_originals\/images\/headers-general\/queen-mayas-dream-by-graham-brown.jpg","datePublished":"2012-10-02T13:00:00+00:00","dateModified":"2026-03-11T23:49:04+00:00","breadcrumb":{"@id":"https:\/\/shrimataji.org\/test\/es\/la-dignidad-del-arte\/#breadcrumb"},"inLanguage":"en-US","potentialAction":[{"@type":"ReadAction","target":["https:\/\/shrimataji.org\/test\/es\/la-dignidad-del-arte\/"]}]},{"@type":"ImageObject","inLanguage":"en-US","@id":"https:\/\/shrimataji.org\/test\/es\/la-dignidad-del-arte\/#primaryimage","url":"https:\/\/shrimataji.org\/test\/wp-content\/uploads\/2018\/07\/media_originals\/images\/headers-general\/queen-mayas-dream-by-graham-brown.jpg","contentUrl":"https:\/\/shrimataji.org\/test\/wp-content\/uploads\/2018\/07\/media_originals\/images\/headers-general\/queen-mayas-dream-by-graham-brown.jpg","width":990,"height":350},{"@type":"BreadcrumbList","@id":"https:\/\/shrimataji.org\/test\/es\/la-dignidad-del-arte\/#breadcrumb","itemListElement":[{"@type":"ListItem","position":1,"name":"Home","item":"https:\/\/shrimataji.org\/test\/uk\/home-en\/"},{"@type":"ListItem","position":2,"name":"La Dignidad del Arte"}]},{"@type":"WebSite","@id":"https:\/\/shrimataji.org\/test\/#website","url":"https:\/\/shrimataji.org\/test\/","name":"Shri Mataji Nirmala Devi","description":"A Life Dedicated to Humanity","publisher":{"@id":"https:\/\/shrimataji.org\/test\/#\/schema\/person\/a1b3419c6585f164aa96da1ff85715d1"},"potentialAction":[{"@type":"SearchAction","target":{"@type":"EntryPoint","urlTemplate":"https:\/\/shrimataji.org\/test\/?s={search_term_string}"},"query-input":{"@type":"PropertyValueSpecification","valueRequired":true,"valueName":"search_term_string"}}],"inLanguage":"en-US"},{"@type":["Person","Organization"],"@id":"https:\/\/shrimataji.org\/test\/#\/schema\/person\/a1b3419c6585f164aa96da1ff85715d1","name":"Nirmala Shrivastava","image":{"@type":"ImageObject","inLanguage":"en-US","@id":"https:\/\/shrimataji.org\/test\/wp-content\/uploads\/2023\/02\/SMO_LOGO-03.svg","url":"https:\/\/shrimataji.org\/test\/wp-content\/uploads\/2023\/02\/SMO_LOGO-03.svg","contentUrl":"https:\/\/shrimataji.org\/test\/wp-content\/uploads\/2023\/02\/SMO_LOGO-03.svg","width":"1024","height":"1024","caption":"Nirmala Shrivastava"},"logo":{"@id":"https:\/\/shrimataji.org\/test\/wp-content\/uploads\/2023\/02\/SMO_LOGO-03.svg"},"sameAs":["https:\/\/shrimataji.org\/test","https:\/\/www.facebook.com\/shrimataji","https:\/\/x.com\/shrimataji","https:\/\/www.youtube.com\/@Shri_Mataji_Nirmala_Devi\/featured"]}]}},"lang":"es","translations":{"es":10997,"ur":37521,"en":431,"am":18096,"th":20090,"hu":19588,"ar":16992,"sq":18497,"zh":17394,"tr":10222,"pt":10430,"de":10704,"fr":10802,"it":10900,"ja":11295,"ru":11483,"bn":11674,"te":11782,"sw":11905,"he":12053,"el":12345,"sk":12443,"fa":12541,"fi":12639,"bg":13494,"ro":14569,"cs":14762,"nl":16656,"ku":16816,"be":18704,"kn":18978,"mr":20454,"uk":20747,"ml":21042,"ta":22815,"sv":23084,"gu":28919,"pa":29079,"fil":29533,"da":37829,"pl":38039,"nn":38381},"pll_sync_post":[],"_links":{"self":[{"href":"https:\/\/shrimataji.org\/test\/wp-json\/wp\/v2\/pages\/10997","targetHints":{"allow":["GET"]}}],"collection":[{"href":"https:\/\/shrimataji.org\/test\/wp-json\/wp\/v2\/pages"}],"about":[{"href":"https:\/\/shrimataji.org\/test\/wp-json\/wp\/v2\/types\/page"}],"author":[{"embeddable":true,"href":"https:\/\/shrimataji.org\/test\/wp-json\/wp\/v2\/users\/63"}],"replies":[{"embeddable":true,"href":"https:\/\/shrimataji.org\/test\/wp-json\/wp\/v2\/comments?post=10997"}],"version-history":[{"count":0,"href":"https:\/\/shrimataji.org\/test\/wp-json\/wp\/v2\/pages\/10997\/revisions"}],"wp:featuredmedia":[{"embeddable":true,"href":"https:\/\/shrimataji.org\/test\/wp-json\/wp\/v2\/media\/131"}],"wp:attachment":[{"href":"https:\/\/shrimataji.org\/test\/wp-json\/wp\/v2\/media?parent=10997"}],"curies":[{"name":"wp","href":"https:\/\/api.w.org\/{rel}","templated":true}]}}