{"id":11001,"date":"2012-10-02T02:00:00","date_gmt":"2012-10-02T02:00:00","guid":{"rendered":"http:\/\/testwordpress.nirmalnagari.org\/smnd\/index.php\/un-womens-conference\/"},"modified":"2026-03-11T23:49:00","modified_gmt":"2026-03-11T23:49:00","slug":"conferencia-mundial-sobre-la-mujer-onu","status":"publish","type":"page","link":"https:\/\/shrimataji.org\/test\/es\/conferencia-mundial-sobre-la-mujer-onu\/","title":{"rendered":"Conferencia Mundial sobre la Mujer ONU"},"content":{"rendered":"\n\n\t<h1>4\u00aa Conferencia Mundial sobre la Mujer de las Naciones Unidas<\/h1>\n<h2>Extracto de la Mesa Redonda Inter-Regional en Beijing en Septiembre 1995<\/h2>\n\t<h4>La cuarta conferencia mundial celebrada en Beijing, China, en septiembre de 1995, fue la culminaci\u00f3n de los acuerdos pol\u00edticos alcanzados en las tres conferencias mundiales anteriores sobre la mujer y la igualdad de g\u00e9nero. 189 pa\u00edses adoptaron por unanimidad en Beijing la agenda para el empoderamiento de la mujer, considerada el documento pol\u00edtico mundial clave en materia de igualdad de g\u00e9nero.<\/h4>\n<p>Shri Mataji fue invitada como oradora principal en esta plataforma global. Siempre hab\u00eda dejado muy claras sus opiniones sobre el papel de la mujer. Tienen un papel tan importante como el del hombre en este mundo, pero deber\u00edan aprovechar las diferencias entre los g\u00e9neros en lugar de intentar igualarlos. Un equilibrio adecuado entre hombres y mujeres era vital para construir una sociedad estable y pac\u00edfica. Era necesario reconocer las diferencias y respetar las fortalezas de cada uno. Una y otra vez, recordaba a la gente la necesidad de que todos, hombres y mujeres, encontraran un equilibrio interior entre sus lados inherentemente &#8220;masculinos&#8221; y &#8220;femeninos&#8221;. Sin embargo, donde las mujeres pod\u00edan tener un verdadero impacto era en el \u00e1mbito social.<\/p>\n\t<div class=\"su-quote su-quote-style-default\"><div class=\"su-quote-inner su-u-clearfix su-u-trim\"> La verdad es que las mujeres representan el poder potencial de cada civilizaci\u00f3n y de cada pa\u00eds. Es evidente que las mujeres son las creadoras y las preservadoras de toda la raza humana. Este es el papel que Dios Todopoderoso les ha otorgado.\u00a0<\/div><\/div>\n\t<p>Shri Mataji nunca se consider\u00f3 una activista pol\u00edtica. Su visi\u00f3n era la de una transformaci\u00f3n interior, tanto en hombres como en mujeres, a trav\u00e9s de la Realizaci\u00f3n del Ser, mediante la cual alcanzan un equilibrio natural. Esta autotransformaci\u00f3n era la clave para abordar muchos de los problemas que enfrentan las mujeres en un mundo dominado por los hombres.<\/p>\n<p>Las semillas no pueden crear nada por s\u00ed mismas. Es la Madre Tierra la que nos da las flores, los frutos y otros obsequios. De la misma manera es la madre quien crea el ni\u00f1o, quien nutre al beb\u00e9 y finalmente, quien va a generar los ciudadanos de ma\u00f1ana. Por tanto, las mujeres deben de identificarse con la Madre Tierra como cimientos de la humanidad entera.<\/p>\n\t<p>Habiendo vivido tanto en Oriente como en Occidente y viajado mucho, pudo observar las diferencias en el trato que reciben las mujeres, y si bien reconoc\u00eda la grave falta de derechos que muchas sufr\u00edan, lo que realmente le preocupaba era la falta de respeto hacia ellas.<\/p>\n\t<div class=\"su-quote su-quote-style-default\"><div class=\"su-quote-inner su-u-clearfix su-u-trim\">En mi propio pa\u00eds hay un dicho en s\u00e1nscrito: &#8220;Yatra narya pujyante tatra ramante devata&#8221;, que significa que &#8220;d\u00f3nde las mujeres son respetadas y respetables, all\u00ed residen los Dioses del bienestar&#8221;.<\/div><\/div>\n\t<p>Cuando tanto hombres como mujeres comprendan sus propios valores y los de los dem\u00e1s, algo que ella cre\u00eda que se pod\u00eda lograr mediante la autorrealizaci\u00f3n, entonces se alcanzar\u00e1 la armon\u00eda entre la humanidad.<\/p>\n<p>&#8220;Por tanto, es para nosotras el momento de entender el valor de este gran poder que nos ha sido otorgado por nuestro Creador. Pero \u00bfqu\u00e9 es lo que encontramos? Tanto en Oriente como en Occidente, las mujeres no han sido capaces de manifestar plenamente su grandeza.&#8221;<\/p>\n<p>Sin duda, Shri Mataji abog\u00f3 por la igualdad de derechos de las mujeres a la educaci\u00f3n, la carrera profesional, un entorno de vida seguro y la protecci\u00f3n legal.<\/p>\n<p>&#8220;No estoy sugiriendo que el \u00fanico papel de la mujer en la sociedad humana es el de madre, procreadora y preservadora de los ni\u00f1os, o el de mujer o hermana. La mujer tiene pleno derecho a participar como miembro de igual valor en cada aspecto de la vida: social, cultural, educacional, pol\u00edtico, econ\u00f3mico, administrativo y todos los dem\u00e1s. Con el fin de prepararse a s\u00ed mismas para este papel multi penetrante, ellas deben tener el derecho a la educaci\u00f3n en todas las ramas del conocimiento. Pero si son madres, ellas tienen una gran responsabilidad hacia sus ni\u00f1os, as\u00ed como con la sociedad.&#8221;<\/p>\n<p>Sin embargo, Shri Mataji sent\u00eda que el desequilibrio entre los g\u00e9neros solo podr\u00eda corregirse verdaderamente cuando mir\u00e1ramos hacia nuestro interior y permiti\u00e9ramos que el poder de la Realizaci\u00f3n del Ser nos guiara.<\/p>\n<p>&#8220;&#8230;.Lo que necesitamos es un equilibrio entre los dos extremos. Necesitamos mujeres que sean compa\u00f1eras iguales, pero no id\u00e9nticas a los hombres, con un conocimiento sutil de la naturaleza de los hombres y de c\u00f3mo centrarles en un equilibrio interior&#8230;.<\/p>\n\t<div class=\"su-quote su-quote-style-default\"><div class=\"su-quote-inner su-u-clearfix su-u-trim\">Necesitamos mujeres equilibradas a fin de tener una raza humana equilibrada con paz en su interior.<\/div><\/div>\n\t\t<iframe loading=\"lazy\" title=\"UN Women\u00b4s Conference\" width=\"1920\" height=\"1080\" src=\"https:\/\/www.youtube.com\/embed\/_v6jiBJ-jdg?feature=oembed\" frameborder=\"0\" allow=\"accelerometer; autoplay; clipboard-write; encrypted-media; gyroscope; picture-in-picture; web-share\" allowfullscreen><\/iframe>\t\n\n","protected":false},"excerpt":{"rendered":"<p>4\u00aa Conferencia Mundial sobre la Mujer de las Naciones Unidas Extracto de la Mesa Redonda Inter-Regional en Beijing en Septiembre 1995 La cuarta conferencia mundial celebrada en Beijing, China, en septiembre de 1995, fue la culminaci\u00f3n de los acuerdos pol\u00edticos alcanzados en las tres conferencias mundiales anteriores sobre la mujer y la igualdad de g\u00e9nero.&hellip; <br \/> <a class=\"read-more\" href=\"https:\/\/shrimataji.org\/test\/es\/conferencia-mundial-sobre-la-mujer-onu\/\">Read more<\/a><\/p>\n","protected":false},"author":63,"featured_media":109,"parent":0,"menu_order":0,"comment_status":"closed","ping_status":"closed","template":"","meta":{"inline_featured_image":false,"footnotes":""},"class_list":["post-11001","page","type-page","status-publish","has-post-thumbnail","hentry"],"yoast_head":"<!-- This site is optimized with the Yoast SEO plugin v27.4 - https:\/\/yoast.com\/product\/yoast-seo-wordpress\/ -->\n<title>Conferencia Mundial sobre la Mujer ONU - TEST - SMND<\/title>\n<meta name=\"robots\" content=\"noindex, follow, max-snippet:-1, max-image-preview:large, max-video-preview:-1\" \/>\n<meta property=\"og:locale\" content=\"en_US\" \/>\n<meta property=\"og:type\" content=\"article\" \/>\n<meta property=\"og:title\" content=\"Conferencia Mundial sobre la Mujer ONU - TEST - SMND\" \/>\n<meta property=\"og:description\" content=\"4\u00aa Conferencia Mundial sobre la Mujer de las Naciones Unidas Extracto de la Mesa Redonda Inter-Regional en Beijing en Septiembre 1995 La cuarta conferencia mundial celebrada en Beijing, China, en septiembre de 1995, fue la culminaci\u00f3n de los acuerdos pol\u00edticos alcanzados en las tres conferencias mundiales anteriores sobre la mujer y la igualdad de g\u00e9nero.&hellip; Read more\" \/>\n<meta property=\"og:url\" content=\"https:\/\/shrimataji.org\/test\/es\/conferencia-mundial-sobre-la-mujer-onu\/\" \/>\n<meta property=\"og:site_name\" content=\"TEST - SMND\" \/>\n<meta property=\"article:publisher\" content=\"https:\/\/www.facebook.com\/shrimataji\" \/>\n<meta property=\"article:modified_time\" content=\"2026-03-11T23:49:00+00:00\" \/>\n<meta property=\"og:image\" content=\"https:\/\/shrimataji.org\/test\/wp-content\/uploads\/2018\/07\/media_originals\/images\/headers-general\/shri-mataji-speaking-at-the-un-womens-conference-in-beijing-1995.jpg\" \/>\n\t<meta property=\"og:image:width\" content=\"990\" \/>\n\t<meta property=\"og:image:height\" content=\"350\" \/>\n\t<meta property=\"og:image:type\" content=\"image\/jpeg\" \/>\n<meta name=\"twitter:card\" content=\"summary_large_image\" \/>\n<meta name=\"twitter:site\" content=\"@shrimataji\" \/>\n<meta name=\"twitter:label1\" content=\"Est. reading time\" \/>\n\t<meta name=\"twitter:data1\" content=\"3 minutes\" \/>\n<script type=\"application\/ld+json\" class=\"yoast-schema-graph\">{\"@context\":\"https:\\\/\\\/schema.org\",\"@graph\":[{\"@type\":\"WebPage\",\"@id\":\"https:\\\/\\\/shrimataji.org\\\/test\\\/es\\\/conferencia-mundial-sobre-la-mujer-onu\\\/\",\"url\":\"https:\\\/\\\/shrimataji.org\\\/test\\\/es\\\/conferencia-mundial-sobre-la-mujer-onu\\\/\",\"name\":\"Conferencia Mundial sobre la Mujer ONU - TEST - SMND\",\"isPartOf\":{\"@id\":\"https:\\\/\\\/shrimataji.org\\\/test\\\/#website\"},\"primaryImageOfPage\":{\"@id\":\"https:\\\/\\\/shrimataji.org\\\/test\\\/es\\\/conferencia-mundial-sobre-la-mujer-onu\\\/#primaryimage\"},\"image\":{\"@id\":\"https:\\\/\\\/shrimataji.org\\\/test\\\/es\\\/conferencia-mundial-sobre-la-mujer-onu\\\/#primaryimage\"},\"thumbnailUrl\":\"https:\\\/\\\/shrimataji.org\\\/test\\\/wp-content\\\/uploads\\\/2018\\\/07\\\/media_originals\\\/images\\\/headers-general\\\/shri-mataji-speaking-at-the-un-womens-conference-in-beijing-1995.jpg\",\"datePublished\":\"2012-10-02T02:00:00+00:00\",\"dateModified\":\"2026-03-11T23:49:00+00:00\",\"breadcrumb\":{\"@id\":\"https:\\\/\\\/shrimataji.org\\\/test\\\/es\\\/conferencia-mundial-sobre-la-mujer-onu\\\/#breadcrumb\"},\"inLanguage\":\"en-US\",\"potentialAction\":[{\"@type\":\"ReadAction\",\"target\":[\"https:\\\/\\\/shrimataji.org\\\/test\\\/es\\\/conferencia-mundial-sobre-la-mujer-onu\\\/\"]}]},{\"@type\":\"ImageObject\",\"inLanguage\":\"en-US\",\"@id\":\"https:\\\/\\\/shrimataji.org\\\/test\\\/es\\\/conferencia-mundial-sobre-la-mujer-onu\\\/#primaryimage\",\"url\":\"https:\\\/\\\/shrimataji.org\\\/test\\\/wp-content\\\/uploads\\\/2018\\\/07\\\/media_originals\\\/images\\\/headers-general\\\/shri-mataji-speaking-at-the-un-womens-conference-in-beijing-1995.jpg\",\"contentUrl\":\"https:\\\/\\\/shrimataji.org\\\/test\\\/wp-content\\\/uploads\\\/2018\\\/07\\\/media_originals\\\/images\\\/headers-general\\\/shri-mataji-speaking-at-the-un-womens-conference-in-beijing-1995.jpg\",\"width\":990,\"height\":350},{\"@type\":\"BreadcrumbList\",\"@id\":\"https:\\\/\\\/shrimataji.org\\\/test\\\/es\\\/conferencia-mundial-sobre-la-mujer-onu\\\/#breadcrumb\",\"itemListElement\":[{\"@type\":\"ListItem\",\"position\":1,\"name\":\"Home\",\"item\":\"https:\\\/\\\/shrimataji.org\\\/test\\\/uk\\\/home-en\\\/\"},{\"@type\":\"ListItem\",\"position\":2,\"name\":\"Conferencia Mundial sobre la Mujer ONU\"}]},{\"@type\":\"WebSite\",\"@id\":\"https:\\\/\\\/shrimataji.org\\\/test\\\/#website\",\"url\":\"https:\\\/\\\/shrimataji.org\\\/test\\\/\",\"name\":\"Shri Mataji Nirmala Devi\",\"description\":\"A Life Dedicated to Humanity\",\"publisher\":{\"@id\":\"https:\\\/\\\/shrimataji.org\\\/test\\\/#\\\/schema\\\/person\\\/a1b3419c6585f164aa96da1ff85715d1\"},\"potentialAction\":[{\"@type\":\"SearchAction\",\"target\":{\"@type\":\"EntryPoint\",\"urlTemplate\":\"https:\\\/\\\/shrimataji.org\\\/test\\\/?s={search_term_string}\"},\"query-input\":{\"@type\":\"PropertyValueSpecification\",\"valueRequired\":true,\"valueName\":\"search_term_string\"}}],\"inLanguage\":\"en-US\"},{\"@type\":[\"Person\",\"Organization\"],\"@id\":\"https:\\\/\\\/shrimataji.org\\\/test\\\/#\\\/schema\\\/person\\\/a1b3419c6585f164aa96da1ff85715d1\",\"name\":\"Nirmala Shrivastava\",\"image\":{\"@type\":\"ImageObject\",\"inLanguage\":\"en-US\",\"@id\":\"https:\\\/\\\/shrimataji.org\\\/test\\\/wp-content\\\/uploads\\\/2023\\\/02\\\/SMO_LOGO-03.svg\",\"url\":\"https:\\\/\\\/shrimataji.org\\\/test\\\/wp-content\\\/uploads\\\/2023\\\/02\\\/SMO_LOGO-03.svg\",\"contentUrl\":\"https:\\\/\\\/shrimataji.org\\\/test\\\/wp-content\\\/uploads\\\/2023\\\/02\\\/SMO_LOGO-03.svg\",\"width\":\"1024\",\"height\":\"1024\",\"caption\":\"Nirmala Shrivastava\"},\"logo\":{\"@id\":\"https:\\\/\\\/shrimataji.org\\\/test\\\/wp-content\\\/uploads\\\/2023\\\/02\\\/SMO_LOGO-03.svg\"},\"sameAs\":[\"https:\\\/\\\/shrimataji.org\\\/test\",\"https:\\\/\\\/www.facebook.com\\\/shrimataji\",\"https:\\\/\\\/x.com\\\/shrimataji\",\"https:\\\/\\\/www.youtube.com\\\/@Shri_Mataji_Nirmala_Devi\\\/featured\"]}]}<\/script>\n<!-- \/ Yoast SEO plugin. -->","yoast_head_json":{"title":"Conferencia Mundial sobre la Mujer ONU - TEST - SMND","robots":{"index":"noindex","follow":"follow","max-snippet":"max-snippet:-1","max-image-preview":"max-image-preview:large","max-video-preview":"max-video-preview:-1"},"og_locale":"en_US","og_type":"article","og_title":"Conferencia Mundial sobre la Mujer ONU - TEST - SMND","og_description":"4\u00aa Conferencia Mundial sobre la Mujer de las Naciones Unidas Extracto de la Mesa Redonda Inter-Regional en Beijing en Septiembre 1995 La cuarta conferencia mundial celebrada en Beijing, China, en septiembre de 1995, fue la culminaci\u00f3n de los acuerdos pol\u00edticos alcanzados en las tres conferencias mundiales anteriores sobre la mujer y la igualdad de g\u00e9nero.&hellip; Read more","og_url":"https:\/\/shrimataji.org\/test\/es\/conferencia-mundial-sobre-la-mujer-onu\/","og_site_name":"TEST - SMND","article_publisher":"https:\/\/www.facebook.com\/shrimataji","article_modified_time":"2026-03-11T23:49:00+00:00","og_image":[{"width":990,"height":350,"url":"https:\/\/shrimataji.org\/test\/wp-content\/uploads\/2018\/07\/media_originals\/images\/headers-general\/shri-mataji-speaking-at-the-un-womens-conference-in-beijing-1995.jpg","type":"image\/jpeg"}],"twitter_card":"summary_large_image","twitter_site":"@shrimataji","twitter_misc":{"Est. reading time":"3 minutes"},"schema":{"@context":"https:\/\/schema.org","@graph":[{"@type":"WebPage","@id":"https:\/\/shrimataji.org\/test\/es\/conferencia-mundial-sobre-la-mujer-onu\/","url":"https:\/\/shrimataji.org\/test\/es\/conferencia-mundial-sobre-la-mujer-onu\/","name":"Conferencia Mundial sobre la Mujer ONU - TEST - SMND","isPartOf":{"@id":"https:\/\/shrimataji.org\/test\/#website"},"primaryImageOfPage":{"@id":"https:\/\/shrimataji.org\/test\/es\/conferencia-mundial-sobre-la-mujer-onu\/#primaryimage"},"image":{"@id":"https:\/\/shrimataji.org\/test\/es\/conferencia-mundial-sobre-la-mujer-onu\/#primaryimage"},"thumbnailUrl":"https:\/\/shrimataji.org\/test\/wp-content\/uploads\/2018\/07\/media_originals\/images\/headers-general\/shri-mataji-speaking-at-the-un-womens-conference-in-beijing-1995.jpg","datePublished":"2012-10-02T02:00:00+00:00","dateModified":"2026-03-11T23:49:00+00:00","breadcrumb":{"@id":"https:\/\/shrimataji.org\/test\/es\/conferencia-mundial-sobre-la-mujer-onu\/#breadcrumb"},"inLanguage":"en-US","potentialAction":[{"@type":"ReadAction","target":["https:\/\/shrimataji.org\/test\/es\/conferencia-mundial-sobre-la-mujer-onu\/"]}]},{"@type":"ImageObject","inLanguage":"en-US","@id":"https:\/\/shrimataji.org\/test\/es\/conferencia-mundial-sobre-la-mujer-onu\/#primaryimage","url":"https:\/\/shrimataji.org\/test\/wp-content\/uploads\/2018\/07\/media_originals\/images\/headers-general\/shri-mataji-speaking-at-the-un-womens-conference-in-beijing-1995.jpg","contentUrl":"https:\/\/shrimataji.org\/test\/wp-content\/uploads\/2018\/07\/media_originals\/images\/headers-general\/shri-mataji-speaking-at-the-un-womens-conference-in-beijing-1995.jpg","width":990,"height":350},{"@type":"BreadcrumbList","@id":"https:\/\/shrimataji.org\/test\/es\/conferencia-mundial-sobre-la-mujer-onu\/#breadcrumb","itemListElement":[{"@type":"ListItem","position":1,"name":"Home","item":"https:\/\/shrimataji.org\/test\/uk\/home-en\/"},{"@type":"ListItem","position":2,"name":"Conferencia Mundial sobre la Mujer ONU"}]},{"@type":"WebSite","@id":"https:\/\/shrimataji.org\/test\/#website","url":"https:\/\/shrimataji.org\/test\/","name":"Shri Mataji Nirmala Devi","description":"A Life Dedicated to Humanity","publisher":{"@id":"https:\/\/shrimataji.org\/test\/#\/schema\/person\/a1b3419c6585f164aa96da1ff85715d1"},"potentialAction":[{"@type":"SearchAction","target":{"@type":"EntryPoint","urlTemplate":"https:\/\/shrimataji.org\/test\/?s={search_term_string}"},"query-input":{"@type":"PropertyValueSpecification","valueRequired":true,"valueName":"search_term_string"}}],"inLanguage":"en-US"},{"@type":["Person","Organization"],"@id":"https:\/\/shrimataji.org\/test\/#\/schema\/person\/a1b3419c6585f164aa96da1ff85715d1","name":"Nirmala Shrivastava","image":{"@type":"ImageObject","inLanguage":"en-US","@id":"https:\/\/shrimataji.org\/test\/wp-content\/uploads\/2023\/02\/SMO_LOGO-03.svg","url":"https:\/\/shrimataji.org\/test\/wp-content\/uploads\/2023\/02\/SMO_LOGO-03.svg","contentUrl":"https:\/\/shrimataji.org\/test\/wp-content\/uploads\/2023\/02\/SMO_LOGO-03.svg","width":"1024","height":"1024","caption":"Nirmala Shrivastava"},"logo":{"@id":"https:\/\/shrimataji.org\/test\/wp-content\/uploads\/2023\/02\/SMO_LOGO-03.svg"},"sameAs":["https:\/\/shrimataji.org\/test","https:\/\/www.facebook.com\/shrimataji","https:\/\/x.com\/shrimataji","https:\/\/www.youtube.com\/@Shri_Mataji_Nirmala_Devi\/featured"]}]}},"lang":"es","translations":{"es":11001,"ur":37528,"en":427,"am":18103,"th":20101,"hu":19599,"ar":16999,"sq":18504,"zh":17401,"tr":10227,"pt":10434,"de":10709,"fr":10807,"it":10905,"ja":11299,"ru":11487,"bn":11679,"te":11787,"sw":11910,"he":12058,"el":12350,"sk":12448,"fa":12546,"fi":12644,"bg":13498,"ro":14573,"cs":14766,"nl":16663,"ku":16823,"be":18711,"kn":18985,"mr":20465,"uk":20758,"ml":21053,"ta":22822,"sv":23091,"gu":28926,"pa":29086,"fil":29540,"da":37835,"pl":38045,"nn":38387},"pll_sync_post":[],"_links":{"self":[{"href":"https:\/\/shrimataji.org\/test\/wp-json\/wp\/v2\/pages\/11001","targetHints":{"allow":["GET"]}}],"collection":[{"href":"https:\/\/shrimataji.org\/test\/wp-json\/wp\/v2\/pages"}],"about":[{"href":"https:\/\/shrimataji.org\/test\/wp-json\/wp\/v2\/types\/page"}],"author":[{"embeddable":true,"href":"https:\/\/shrimataji.org\/test\/wp-json\/wp\/v2\/users\/63"}],"replies":[{"embeddable":true,"href":"https:\/\/shrimataji.org\/test\/wp-json\/wp\/v2\/comments?post=11001"}],"version-history":[{"count":0,"href":"https:\/\/shrimataji.org\/test\/wp-json\/wp\/v2\/pages\/11001\/revisions"}],"wp:featuredmedia":[{"embeddable":true,"href":"https:\/\/shrimataji.org\/test\/wp-json\/wp\/v2\/media\/109"}],"wp:attachment":[{"href":"https:\/\/shrimataji.org\/test\/wp-json\/wp\/v2\/media?parent=11001"}],"curies":[{"name":"wp","href":"https:\/\/api.w.org\/{rel}","templated":true}]}}