{"id":11002,"date":"2011-10-05T02:00:00","date_gmt":"2011-10-05T02:00:00","guid":{"rendered":"http:\/\/testwordpress.nirmalnagari.org\/smnd\/index.php\/uniting-the-nations\/"},"modified":"2026-03-11T23:50:18","modified_gmt":"2026-03-11T23:50:18","slug":"uniendo-las-naciones","status":"publish","type":"page","link":"https:\/\/shrimataji.org\/test\/es\/uniendo-las-naciones\/","title":{"rendered":"Uniendo las Naciones"},"content":{"rendered":"\n\n\t<h1>Uniendo las Naciones<\/h1>\n<h2>Transformaci\u00f3n global: m\u00e1s all\u00e1 de las fronteras<\/h2>\n\t<h4>El p\u00fablico era peque\u00f1o en el Auditorio Dag Hammarskjold. En la tarde, cincuenta empleados se reunieron en el teatro de tama\u00f1o medio. Una nueva Sociedad de Meditaci\u00f3n Sahaja se hab\u00eda constituido y aprobado en las Naciones Unidas s\u00f3lo dos d\u00edas antes, y ahora los miembros se reun\u00edan para escuchar a su orador principal.<\/h4>\n\t<p>Esta era la oportunidad para un descanso de sus escritorios, reuniones y preocupaciones sobre asuntos globales. Era la ocasi\u00f3n de escuchar las palabras de Shri Mataji Nirmala Devi, una ocasi\u00f3n para la introspecci\u00f3n. El tema: la iluminaci\u00f3n espiritual, paz global y un mundo mejor. Era el 6 de junio de 1990. El lugar de la reuni\u00f3n, la sede de las Naciones Unidas, en la ciudad de Nueva York.<\/p>\n<p>Quiz\u00e1s las mentes del personal de la ONU en ese d\u00eda estaban ocupadas en la promesa de reducci\u00f3n de armas europeas de la Uni\u00f3n Sovi\u00e9tica. O quiz\u00e1s algunos prestaban asistencia en el \u00e9xodo del personal de la ONU a ra\u00edz de otra guerra civil en Liberia.<\/p>\n<p>El mundo parec\u00eda lleno de confusi\u00f3n y cambio. El primer aniversario de las manifestaciones y la masacre en la Plaza Tiananmen de Beijing se hab\u00eda cumplido unos pocos d\u00edas antes. Nadie pod\u00eda anticipar cu\u00e1l ser\u00eda el p\u0155oximo acontecimiento.<\/p>\n<figure itemscope itemtype=\"https:\/\/schema.org\/ImageObject\">\n\t\t\t\t<img decoding=\"async\" src=\"https:\/\/shrimataji.org\/test\/wp-content\/uploads\/2018\/07\/media_originals\/images\/shri-mataji-portraits\/shri-mataji-nirmala-devi-portrait-smiling-1024x681.jpg\" alt=\"shri-mataji-nirmala-devi-portrait-smiling\" height=\"681\" width=\"1024\" height=\"681\" width=\"1024\" title=\"shri-mataji-nirmala-devi-portrait-smiling\" onerror=\"this.style.display='none'\" loading=\"lazy\" \/>\n\t<\/figure>\n\t<p>Dentro de doce meses, esa misma Uni\u00f3n Sovi\u00e9tica ya no existir\u00eda. Una nueva mancomunidad de Estados Independientes la reemplazar\u00eda. Ya hab\u00eda habido elecciones libres en Rumania despu\u00e9s del desmantelamiento del Muro de Berl\u00edn del a\u00f1o anterior. En menos de cuatro meses, la Alemania del Este y la Occidental completar\u00edan su reunificaci\u00f3n. Y en menos de dos meses, Irak ir\u00eda a invadir Kuwait. El edificio de las Naciones Unidas pronto se convertir\u00eda en un lugar a\u00fan m\u00e1s concurrido. Ahora era el momento de hacer una pausa y escuchar.<\/p>\n<p>Ese mi\u00e9rcoles por la noche, Shri Mataji habl\u00f3 con calma a la audiencia. Su tono era \u00edntimo. Ella eligi\u00f3 sus palabras para satisfacer las necesidades de la audiencia. Y, como siempre, habl\u00f3 en t\u00e9rminos que abarcaban a la vez lo global y lo personal.<\/p>\n\t<div class=\"su-quote su-quote-style-default\"><div class=\"su-quote-inner su-u-clearfix su-u-trim\">MI MENSAJE A LA HUMANIDAD ES QUE TODOS DEBER\u00cdAN TRANSFORMARSE, DEBER\u00cdAN VOLVERSE EL ESP\u00cdRITU, AS\u00cd ES COMO SE CONOCER\u00c1N A S\u00cd MISMOS&#8221;.\u00a0<\/div><\/div>\n<p>&nbsp;<\/p>\n\t<p>Durante su charla, Shri Mataji habl\u00f3 de la verdad y la necesidad de actualizar la doctrina colectiva de las Naciones Unidas. Ella habl\u00f3 del papel de la energ\u00eda Kundalini para lograr esa actualizaci\u00f3n.<\/p>\n<p>&#8220;Hablamos de problemas ecol\u00f3gicos&#8221;, dijo, &#8220;este problema, ese problema, pero no pensamos c\u00f3mo podemos salir de ellos&#8221;. Si las Naciones Unidas van a expresarse en realidad, entonces dir\u00eda que la gente de las Naciones Unidas debe obtener su Realizaci\u00f3n del Ser primero, y luego podr\u00e1n entender lo que son&#8230; Hay tantas maneras y tantos poderes que tienen, que pueden usar. Y este es el poder del Amor.&#8221;<\/p>\n\t<p>Al final de su charla, ella di\u00f3 la Realizaci\u00f3n del Ser. Casi nadie se retir\u00f3 del sal\u00f3n antes de recibir la experiencia, y de acercarse a saludar a Shri Mataji personalmente. La mayor\u00eda se inscribi\u00f3 para las clases de seguimiento.<\/p>\n<p>En la semana anterior a su aparici\u00f3n en la ONU, Shri Mataji hab\u00eda dado charlas similares en Miami y San Diego. A principios de a\u00f1o, hab\u00eda hablado en Australia, India, Italia, Nueva Zelanda, Rusia, Singapur y el Reino Unido. Una conferencia m\u00e9dica en Mosc\u00fa, conferencias de prensa en Calcuta, Perth, Melbourne, Cairns, Sydney, Bangalore, Hyderabad, Jaipur, Leningrado y Auckland: sus presentaciones p\u00fablicas del a\u00f1o ya se acercaban a 100 y reci\u00e9n era el mes de junio.<\/p>\n<p>Antes de que terminara el a\u00f1o, Shri Mataji har\u00eda m\u00e1s de 200 paradas en 26 pa\u00edses alrededor del mundo. Sus viajes en 1990 cubrieron m\u00e1s de 135,000 kil\u00f3metros, un itinerario que la mayor\u00eda de la gente considerar\u00eda agotador. Pero no se detuvo all\u00ed, ya que adem\u00e1s de los programas agendados, tuvo innumerables encuentros informales en hogares, aeropuertos, salones y escuelas. Cada conversaci\u00f3n, cada discurso era diferente. Pero a la vez igual, destacado por su profundo inter\u00e9s y perspicacia, su humor y amor. Cada charla ten\u00eda el mismo prop\u00f3sito. Se dirig\u00eda a la necesidad del ascenso espiritual.<\/p>\n<p>Alguien pudo haber dicho: &#8220;S\u00e9 tu mejor yo&#8221;, pero Shri Mataji elev\u00f3 el nivel diciendo: &#8220;S\u00e9 tu verdadero Ser&#8221;. Y 1990 no fue un a\u00f1o inusual.<\/p>\nDesde finales de la d\u00e9cada de 1970, pasando por las d\u00e9cadas de los 80 y 90 y en el nuevo siglo, sus viajes y alcance, sus esfuerzos de crear un mundo mejor, continuaron. Sus viajes no fueron muy mencionados en los peri\u00f3dicos, pero no pasaron desapercibidos, por aquellos que buscan la iluminaci\u00f3n en un mundo metamoderno.\n\n","protected":false},"excerpt":{"rendered":"<p>Uniendo las Naciones Transformaci\u00f3n global: m\u00e1s all\u00e1 de las fronteras El p\u00fablico era peque\u00f1o en el Auditorio Dag Hammarskjold. En la tarde, cincuenta empleados se reunieron en el teatro de tama\u00f1o medio. Una nueva Sociedad de Meditaci\u00f3n Sahaja se hab\u00eda constituido y aprobado en las Naciones Unidas s\u00f3lo dos d\u00edas antes, y ahora los miembros&hellip; <br \/> <a class=\"read-more\" href=\"https:\/\/shrimataji.org\/test\/es\/uniendo-las-naciones\/\">Read more<\/a><\/p>\n","protected":false},"author":63,"featured_media":121,"parent":0,"menu_order":0,"comment_status":"closed","ping_status":"closed","template":"","meta":{"inline_featured_image":false,"footnotes":""},"class_list":["post-11002","page","type-page","status-publish","has-post-thumbnail","hentry"],"yoast_head":"<!-- This site is optimized with the Yoast SEO plugin v27.4 - https:\/\/yoast.com\/product\/yoast-seo-wordpress\/ -->\n<title>Uniendo las Naciones - TEST - SMND<\/title>\n<meta name=\"robots\" content=\"noindex, follow, max-snippet:-1, max-image-preview:large, max-video-preview:-1\" \/>\n<meta property=\"og:locale\" content=\"en_US\" \/>\n<meta property=\"og:type\" content=\"article\" \/>\n<meta property=\"og:title\" content=\"Uniendo las Naciones - TEST - SMND\" \/>\n<meta property=\"og:description\" content=\"Uniendo las Naciones Transformaci\u00f3n global: m\u00e1s all\u00e1 de las fronteras El p\u00fablico era peque\u00f1o en el Auditorio Dag Hammarskjold. En la tarde, cincuenta empleados se reunieron en el teatro de tama\u00f1o medio. Una nueva Sociedad de Meditaci\u00f3n Sahaja se hab\u00eda constituido y aprobado en las Naciones Unidas s\u00f3lo dos d\u00edas antes, y ahora los miembros&hellip; Read more\" \/>\n<meta property=\"og:url\" content=\"https:\/\/shrimataji.org\/test\/es\/uniendo-las-naciones\/\" \/>\n<meta property=\"og:site_name\" content=\"TEST - SMND\" \/>\n<meta property=\"article:publisher\" content=\"https:\/\/www.facebook.com\/shrimataji\" \/>\n<meta property=\"article:modified_time\" content=\"2026-03-11T23:50:18+00:00\" \/>\n<meta property=\"og:image\" content=\"https:\/\/shrimataji.org\/test\/wp-content\/uploads\/2018\/07\/media_originals\/images\/headers-general\/shri-mataji-nirmala-devi-arrives-near-vienna-austria-2009.jpg\" \/>\n\t<meta property=\"og:image:width\" content=\"990\" \/>\n\t<meta property=\"og:image:height\" content=\"350\" \/>\n\t<meta property=\"og:image:type\" content=\"image\/jpeg\" \/>\n<meta name=\"twitter:card\" content=\"summary_large_image\" \/>\n<meta name=\"twitter:site\" content=\"@shrimataji\" \/>\n<meta name=\"twitter:label1\" content=\"Est. reading time\" \/>\n\t<meta name=\"twitter:data1\" content=\"4 minutes\" \/>\n<script type=\"application\/ld+json\" class=\"yoast-schema-graph\">{\"@context\":\"https:\\\/\\\/schema.org\",\"@graph\":[{\"@type\":\"WebPage\",\"@id\":\"https:\\\/\\\/shrimataji.org\\\/test\\\/es\\\/uniendo-las-naciones\\\/\",\"url\":\"https:\\\/\\\/shrimataji.org\\\/test\\\/es\\\/uniendo-las-naciones\\\/\",\"name\":\"Uniendo las Naciones - TEST - SMND\",\"isPartOf\":{\"@id\":\"https:\\\/\\\/shrimataji.org\\\/test\\\/#website\"},\"primaryImageOfPage\":{\"@id\":\"https:\\\/\\\/shrimataji.org\\\/test\\\/es\\\/uniendo-las-naciones\\\/#primaryimage\"},\"image\":{\"@id\":\"https:\\\/\\\/shrimataji.org\\\/test\\\/es\\\/uniendo-las-naciones\\\/#primaryimage\"},\"thumbnailUrl\":\"https:\\\/\\\/shrimataji.org\\\/test\\\/wp-content\\\/uploads\\\/2018\\\/07\\\/media_originals\\\/images\\\/headers-general\\\/shri-mataji-nirmala-devi-arrives-near-vienna-austria-2009.jpg\",\"datePublished\":\"2011-10-05T02:00:00+00:00\",\"dateModified\":\"2026-03-11T23:50:18+00:00\",\"breadcrumb\":{\"@id\":\"https:\\\/\\\/shrimataji.org\\\/test\\\/es\\\/uniendo-las-naciones\\\/#breadcrumb\"},\"inLanguage\":\"en-US\",\"potentialAction\":[{\"@type\":\"ReadAction\",\"target\":[\"https:\\\/\\\/shrimataji.org\\\/test\\\/es\\\/uniendo-las-naciones\\\/\"]}]},{\"@type\":\"ImageObject\",\"inLanguage\":\"en-US\",\"@id\":\"https:\\\/\\\/shrimataji.org\\\/test\\\/es\\\/uniendo-las-naciones\\\/#primaryimage\",\"url\":\"https:\\\/\\\/shrimataji.org\\\/test\\\/wp-content\\\/uploads\\\/2018\\\/07\\\/media_originals\\\/images\\\/headers-general\\\/shri-mataji-nirmala-devi-arrives-near-vienna-austria-2009.jpg\",\"contentUrl\":\"https:\\\/\\\/shrimataji.org\\\/test\\\/wp-content\\\/uploads\\\/2018\\\/07\\\/media_originals\\\/images\\\/headers-general\\\/shri-mataji-nirmala-devi-arrives-near-vienna-austria-2009.jpg\",\"width\":990,\"height\":350},{\"@type\":\"BreadcrumbList\",\"@id\":\"https:\\\/\\\/shrimataji.org\\\/test\\\/es\\\/uniendo-las-naciones\\\/#breadcrumb\",\"itemListElement\":[{\"@type\":\"ListItem\",\"position\":1,\"name\":\"Home\",\"item\":\"https:\\\/\\\/shrimataji.org\\\/test\\\/uk\\\/home-en\\\/\"},{\"@type\":\"ListItem\",\"position\":2,\"name\":\"Uniendo las Naciones\"}]},{\"@type\":\"WebSite\",\"@id\":\"https:\\\/\\\/shrimataji.org\\\/test\\\/#website\",\"url\":\"https:\\\/\\\/shrimataji.org\\\/test\\\/\",\"name\":\"Shri Mataji Nirmala Devi\",\"description\":\"A Life Dedicated to Humanity\",\"publisher\":{\"@id\":\"https:\\\/\\\/shrimataji.org\\\/test\\\/#\\\/schema\\\/person\\\/a1b3419c6585f164aa96da1ff85715d1\"},\"potentialAction\":[{\"@type\":\"SearchAction\",\"target\":{\"@type\":\"EntryPoint\",\"urlTemplate\":\"https:\\\/\\\/shrimataji.org\\\/test\\\/?s={search_term_string}\"},\"query-input\":{\"@type\":\"PropertyValueSpecification\",\"valueRequired\":true,\"valueName\":\"search_term_string\"}}],\"inLanguage\":\"en-US\"},{\"@type\":[\"Person\",\"Organization\"],\"@id\":\"https:\\\/\\\/shrimataji.org\\\/test\\\/#\\\/schema\\\/person\\\/a1b3419c6585f164aa96da1ff85715d1\",\"name\":\"Nirmala Shrivastava\",\"image\":{\"@type\":\"ImageObject\",\"inLanguage\":\"en-US\",\"@id\":\"https:\\\/\\\/shrimataji.org\\\/test\\\/wp-content\\\/uploads\\\/2023\\\/02\\\/SMO_LOGO-03.svg\",\"url\":\"https:\\\/\\\/shrimataji.org\\\/test\\\/wp-content\\\/uploads\\\/2023\\\/02\\\/SMO_LOGO-03.svg\",\"contentUrl\":\"https:\\\/\\\/shrimataji.org\\\/test\\\/wp-content\\\/uploads\\\/2023\\\/02\\\/SMO_LOGO-03.svg\",\"width\":\"1024\",\"height\":\"1024\",\"caption\":\"Nirmala Shrivastava\"},\"logo\":{\"@id\":\"https:\\\/\\\/shrimataji.org\\\/test\\\/wp-content\\\/uploads\\\/2023\\\/02\\\/SMO_LOGO-03.svg\"},\"sameAs\":[\"https:\\\/\\\/shrimataji.org\\\/test\",\"https:\\\/\\\/www.facebook.com\\\/shrimataji\",\"https:\\\/\\\/x.com\\\/shrimataji\",\"https:\\\/\\\/www.youtube.com\\\/@Shri_Mataji_Nirmala_Devi\\\/featured\"]}]}<\/script>\n<!-- \/ Yoast SEO plugin. -->","yoast_head_json":{"title":"Uniendo las Naciones - TEST - SMND","robots":{"index":"noindex","follow":"follow","max-snippet":"max-snippet:-1","max-image-preview":"max-image-preview:large","max-video-preview":"max-video-preview:-1"},"og_locale":"en_US","og_type":"article","og_title":"Uniendo las Naciones - TEST - SMND","og_description":"Uniendo las Naciones Transformaci\u00f3n global: m\u00e1s all\u00e1 de las fronteras El p\u00fablico era peque\u00f1o en el Auditorio Dag Hammarskjold. En la tarde, cincuenta empleados se reunieron en el teatro de tama\u00f1o medio. Una nueva Sociedad de Meditaci\u00f3n Sahaja se hab\u00eda constituido y aprobado en las Naciones Unidas s\u00f3lo dos d\u00edas antes, y ahora los miembros&hellip; Read more","og_url":"https:\/\/shrimataji.org\/test\/es\/uniendo-las-naciones\/","og_site_name":"TEST - SMND","article_publisher":"https:\/\/www.facebook.com\/shrimataji","article_modified_time":"2026-03-11T23:50:18+00:00","og_image":[{"width":990,"height":350,"url":"https:\/\/shrimataji.org\/test\/wp-content\/uploads\/2018\/07\/media_originals\/images\/headers-general\/shri-mataji-nirmala-devi-arrives-near-vienna-austria-2009.jpg","type":"image\/jpeg"}],"twitter_card":"summary_large_image","twitter_site":"@shrimataji","twitter_misc":{"Est. reading time":"4 minutes"},"schema":{"@context":"https:\/\/schema.org","@graph":[{"@type":"WebPage","@id":"https:\/\/shrimataji.org\/test\/es\/uniendo-las-naciones\/","url":"https:\/\/shrimataji.org\/test\/es\/uniendo-las-naciones\/","name":"Uniendo las Naciones - TEST - SMND","isPartOf":{"@id":"https:\/\/shrimataji.org\/test\/#website"},"primaryImageOfPage":{"@id":"https:\/\/shrimataji.org\/test\/es\/uniendo-las-naciones\/#primaryimage"},"image":{"@id":"https:\/\/shrimataji.org\/test\/es\/uniendo-las-naciones\/#primaryimage"},"thumbnailUrl":"https:\/\/shrimataji.org\/test\/wp-content\/uploads\/2018\/07\/media_originals\/images\/headers-general\/shri-mataji-nirmala-devi-arrives-near-vienna-austria-2009.jpg","datePublished":"2011-10-05T02:00:00+00:00","dateModified":"2026-03-11T23:50:18+00:00","breadcrumb":{"@id":"https:\/\/shrimataji.org\/test\/es\/uniendo-las-naciones\/#breadcrumb"},"inLanguage":"en-US","potentialAction":[{"@type":"ReadAction","target":["https:\/\/shrimataji.org\/test\/es\/uniendo-las-naciones\/"]}]},{"@type":"ImageObject","inLanguage":"en-US","@id":"https:\/\/shrimataji.org\/test\/es\/uniendo-las-naciones\/#primaryimage","url":"https:\/\/shrimataji.org\/test\/wp-content\/uploads\/2018\/07\/media_originals\/images\/headers-general\/shri-mataji-nirmala-devi-arrives-near-vienna-austria-2009.jpg","contentUrl":"https:\/\/shrimataji.org\/test\/wp-content\/uploads\/2018\/07\/media_originals\/images\/headers-general\/shri-mataji-nirmala-devi-arrives-near-vienna-austria-2009.jpg","width":990,"height":350},{"@type":"BreadcrumbList","@id":"https:\/\/shrimataji.org\/test\/es\/uniendo-las-naciones\/#breadcrumb","itemListElement":[{"@type":"ListItem","position":1,"name":"Home","item":"https:\/\/shrimataji.org\/test\/uk\/home-en\/"},{"@type":"ListItem","position":2,"name":"Uniendo las Naciones"}]},{"@type":"WebSite","@id":"https:\/\/shrimataji.org\/test\/#website","url":"https:\/\/shrimataji.org\/test\/","name":"Shri Mataji Nirmala Devi","description":"A Life Dedicated to Humanity","publisher":{"@id":"https:\/\/shrimataji.org\/test\/#\/schema\/person\/a1b3419c6585f164aa96da1ff85715d1"},"potentialAction":[{"@type":"SearchAction","target":{"@type":"EntryPoint","urlTemplate":"https:\/\/shrimataji.org\/test\/?s={search_term_string}"},"query-input":{"@type":"PropertyValueSpecification","valueRequired":true,"valueName":"search_term_string"}}],"inLanguage":"en-US"},{"@type":["Person","Organization"],"@id":"https:\/\/shrimataji.org\/test\/#\/schema\/person\/a1b3419c6585f164aa96da1ff85715d1","name":"Nirmala Shrivastava","image":{"@type":"ImageObject","inLanguage":"en-US","@id":"https:\/\/shrimataji.org\/test\/wp-content\/uploads\/2023\/02\/SMO_LOGO-03.svg","url":"https:\/\/shrimataji.org\/test\/wp-content\/uploads\/2023\/02\/SMO_LOGO-03.svg","contentUrl":"https:\/\/shrimataji.org\/test\/wp-content\/uploads\/2023\/02\/SMO_LOGO-03.svg","width":"1024","height":"1024","caption":"Nirmala Shrivastava"},"logo":{"@id":"https:\/\/shrimataji.org\/test\/wp-content\/uploads\/2023\/02\/SMO_LOGO-03.svg"},"sameAs":["https:\/\/shrimataji.org\/test","https:\/\/www.facebook.com\/shrimataji","https:\/\/x.com\/shrimataji","https:\/\/www.youtube.com\/@Shri_Mataji_Nirmala_Devi\/featured"]}]}},"lang":"es","translations":{"es":11002,"ur":37530,"en":445,"am":18105,"th":20104,"hu":19602,"ar":17001,"sq":18506,"zh":17403,"tr":10228,"pt":10435,"de":10710,"fr":10808,"it":10906,"ja":11300,"ru":11488,"bn":11680,"te":11788,"sw":11911,"he":12059,"el":12351,"sk":12449,"fa":12547,"fi":12645,"bg":13508,"ro":14583,"cs":14776,"nl":16665,"ku":16825,"be":18713,"kn":18987,"mr":20468,"uk":20761,"ml":21056,"ta":22824,"sv":23093,"gu":28928,"pa":29088,"fil":29542,"da":37837,"pl":38047,"nn":38389},"pll_sync_post":[],"_links":{"self":[{"href":"https:\/\/shrimataji.org\/test\/wp-json\/wp\/v2\/pages\/11002","targetHints":{"allow":["GET"]}}],"collection":[{"href":"https:\/\/shrimataji.org\/test\/wp-json\/wp\/v2\/pages"}],"about":[{"href":"https:\/\/shrimataji.org\/test\/wp-json\/wp\/v2\/types\/page"}],"author":[{"embeddable":true,"href":"https:\/\/shrimataji.org\/test\/wp-json\/wp\/v2\/users\/63"}],"replies":[{"embeddable":true,"href":"https:\/\/shrimataji.org\/test\/wp-json\/wp\/v2\/comments?post=11002"}],"version-history":[{"count":0,"href":"https:\/\/shrimataji.org\/test\/wp-json\/wp\/v2\/pages\/11002\/revisions"}],"wp:featuredmedia":[{"embeddable":true,"href":"https:\/\/shrimataji.org\/test\/wp-json\/wp\/v2\/media\/121"}],"wp:attachment":[{"href":"https:\/\/shrimataji.org\/test\/wp-json\/wp\/v2\/media?parent=11002"}],"curies":[{"name":"wp","href":"https:\/\/api.w.org\/{rel}","templated":true}]}}