{"id":11005,"date":"2022-03-05T07:52:48","date_gmt":"2022-03-05T07:52:48","guid":{"rendered":"https:\/\/test.shrimataji.org\/?page_id=6494"},"modified":"2026-03-11T23:49:00","modified_gmt":"2026-03-11T23:49:00","slug":"chakra-vishuddhi-es","status":"publish","type":"page","link":"https:\/\/shrimataji.org\/test\/es\/chakra-vishuddhi-es\/","title":{"rendered":"Chakra Vishuddhi ESP"},"content":{"rendered":"\n\n\t<h1>Chakra Vishuddhi<\/h1>\n<h2>Comunicaci\u00f3n, Autoestima, Diplomacia<\/h2>\n<h4>La evoluci\u00f3n de la sociedad humana se ha desarrollado y moldeado a lo largo de generaciones con la ayuda de habilidades efectivas de comunicaci\u00f3n. El Chakra Vishuddhi es el centro que nos permite pasar de nuestra conciencia como individuo a una conciencia colectiva. Es nuestra conexi\u00f3n con los dem\u00e1s y ayuda a cultivar nuestra sensibilidad hacia nuestros semejantes. Aprendemos a reconocer la importancia de la benevolencia colectiva en lugar del beneficio individual, y que juntos, todos somos uno.<\/h4>\n<div class=\"su-quote su-quote-style-default\"><div class=\"su-quote-inner su-u-clearfix su-u-trim\"> Shri Krishna lo dijo muy bellamente, &#8220;Satyam Vade, Hitam Vade, Priyam Vade&#8221;, es decir, lo que es beneficioso y amoroso para el Esp\u00edritu, es lo que debe ser expresado. Tal vez sea doloroso en ese momento, pero m\u00e1s tarde podr\u00eda ser beneficioso y amoroso. Incluso entendiendo eso, a veces olvidamos que Dios es amor. Y la verdad tambi\u00e9n es amor. <\/div><\/div>\n<p>Otra gran cualidad que se despliega en nuestra personalidad con la apertura de este Chakra es un sentido de diplomacia. Como diplom\u00e1ticos, dominamos el arte de la comunicaci\u00f3n que es carism\u00e1tica, pero no por alg\u00fan mezquino beneficio personal o por poder o dinero, sino por un bien mayor. Nuestro enfoque meditativo e introspectivo en este quinto centro nos permite tratar espont\u00e1neamente y con elocuencia con relaciones de todo tipo.<\/p>\n\t\t<iframe loading=\"lazy\" title=\"Vishuddhi Chakra\" width=\"1920\" height=\"1080\" src=\"https:\/\/www.youtube.com\/embed\/LLi3R16u62Y?feature=oembed\" frameborder=\"0\" allow=\"accelerometer; autoplay; clipboard-write; encrypted-media; gyroscope; picture-in-picture; web-share\" allowfullscreen><\/iframe>\t\n\t<strong>Ubicaci\u00f3n<\/strong>:<strong><br \/>\n<\/strong>Nuestro Chakra Vishuddhi est\u00e1 ubicado en el cuello, en la parte posterior de la columna vertebral, aproximadamente a la altura de nuestros hombros. Las vibraciones del Vishuddhi Chakra se pueden sentir en los dedos \u00edndices de nuestras manos. El dedo \u00edndice izquierdo est\u00e1 asociado con el Vishuddhi izquierdo, mientras que el dedo \u00edndice derecho est\u00e1 asociado con el Vishuddhi derecho.\n<strong>Color<\/strong>:<strong><br \/>\n<\/strong>El Chakra Vishuddhi est\u00e1 representado por un tono azul claro. Est\u00e1 alineado con el elemento purificador del \u00e9ter.\n<strong>Las cualidades del Vishuddhi Chakra incluyen:<\/strong><br \/>\n\u2022 Relaciones positivas<br \/>\n\u2022 Comunicaci\u00f3n efectiva<br \/>\n\u2022 Cortes\u00eda<br \/>\n\u2022 Diplomacia<br \/>\n\u2022 Sentido de comunidad<br \/>\n\u2022 Personalidad agradable\n<figure itemscope itemtype=\"https:\/\/schema.org\/ImageObject\">\n\t\t\t\t<img decoding=\"async\" src=\"https:\/\/shrimataji.org\/test\/wp-content\/uploads\/2026\/02\/ES-5-Vishuddhi-scaled.png\" alt=\"ES-5-Vishuddhi\" height=\"2560\" width=\"2443\" title=\"ES-5-Vishuddhi\" onerror=\"this.style.display='none'\" loading=\"lazy\" \/>\n\t<\/figure>\n\t<p>Las cualidades fundamentales impartidas por nuestro Chakra Vishuddhi incluyen comunicaci\u00f3n efectiva y un sentido de comunidad. Cuando nuestro Vishuddhi est\u00e1 equilibrado, nos sentimos en armon\u00eda con el resto de la humanidad.<\/p>\n<p>Desplegar el Chakra Vishuddhi a trav\u00e9s de la meditaci\u00f3n regular nos permite desarrollar habilidades diplom\u00e1ticas y descubrimos una forma amable y amigable de comunicarnos con los dem\u00e1s que surge naturalmente sin tener que asistir a un curso sobre tales temas. El desarrollo de este Chakra tambi\u00e9n nos da la capacidad de aceptar fallos y desaf\u00edos sin culpa y nos permite encontrar una soluci\u00f3n apropiada y benevolente.<\/p>\n<strong>Experiencia y Beneficios:<\/strong><br \/>\nEl Chakra Vishuddhi gobierna el cuello, garganta, brazos, cara, o\u00eddos, boca y dientes. Tambi\u00e9n controla las habilidades de comunicaci\u00f3n.\n<p>Cuando tu Chakra Vishuddhi est\u00e1 equilibrado, logras una perspectiva equilibrada sobre los eventos en tu vida. Los desaf\u00edos pueden enfrentarse con m\u00e1s tranquilidad. Te sientes optimista incluso en situaciones abrumadoras. El Vishuddhi Chakra te permite reconocer que los eventos externos existen fuera de ti. Como resultado, puedes presenciarlos con calma.<\/p>\n<p>Un Vishuddhi equilibrado es esencial para tu crecimiento como ser espiritual. Tambi\u00e9n es esencial para el crecimiento de relaciones positivas y saludables con los dem\u00e1s. La diplomacia y el respeto se ven potenciados por la fuerza de este Chakra. La pr\u00e1ctica de la meditaci\u00f3n en Sahaja Yoga te permite energizar y proteger tanto los lados izquierdo como derecho de tu Chakra Vishuddhi. Tambi\u00e9n puedes energizar este Chakra cuando hablas desde el coraz\u00f3n y alabas en lugar de criticar.<\/p>\n<strong>Autoevaluaci\u00f3n:<br \/>\n<\/strong>Si tu Chakra Vishuddhi no est\u00e1 equilibrado, es posible que experimentes una falta de autoestima y sentimientos de culpa. Tambi\u00e9n puedes experimentar per\u00edodos de reacci\u00f3n excesiva y comunicaci\u00f3n agresiva. Hablar o gritar en exceso a veces puede causar un bloqueo en el Vishuddhi derecho. El dolor o la infecci\u00f3n en tus o\u00eddos o dientes pueden indicar un bloqueo del Chakra Vishuddhi. Los sentimientos de culpa pueden manifestarse como hombros y cuello doloridos o tensos. Esto puede indicar un desequilibrio en tu Vishuddhi izquierdo. Resfriados recurrentes, sinusitis e infecciones bronquiales pueden indicar un desequilibrio de tu Vishuddhi derecho. Las relaciones impropias o il\u00edcitas tambi\u00e9n pueden causar desequilibrios en el Chakra Vishuddhi.\n<p><strong>Causas de desequilibrio<\/strong>:<\/p>\n<ul>\n<li>Culpa y falta de autoestima.<\/li>\n<li>Uso excesivo e innecesariamente agresivo de la voz.<\/li>\n<li>Sarcasmo, levantar la voz enojado, astucia en el habla.<br \/>\n.<\/li>\n<\/ul>\n<strong>C\u00f3mo equilibrar<\/strong>:<strong><br \/>\n<\/strong>Si quieres equilibrar tu Vishuddhi Chakra, coloca tu mano derecha a unos cent\u00edmetros del lugar donde est\u00e1 ubicado. La palma de tu mano debe estar hacia adentro. Una vez que sientas que la energ\u00eda fluye a trav\u00e9s de tu mano, g\u00edrala alrededor del Chakra en direcci\u00f3n de las agujas del reloj. Repite esta rotaci\u00f3n varias veces.\n<p>Para limpiar tu Vishuddhi izquierdo, sost\u00e9n la llama de una vela a unos cent\u00edmetros de la intersecci\u00f3n de tu cuello y hombro izquierdos. Mueve la llama suavemente y lentamente en c\u00edrculos en direcci\u00f3n de las agujas del reloj alrededor del Chakra.<\/p>\n\n","protected":false},"excerpt":{"rendered":"<p>Chakra Vishuddhi Comunicaci\u00f3n, Autoestima, Diplomacia La evoluci\u00f3n de la sociedad humana se ha desarrollado y moldeado a lo largo de generaciones con la ayuda de habilidades efectivas de comunicaci\u00f3n. El Chakra Vishuddhi es el centro que nos permite pasar de nuestra conciencia como individuo a una conciencia colectiva. Es nuestra conexi\u00f3n con los dem\u00e1s y&hellip; <br \/> <a class=\"read-more\" href=\"https:\/\/shrimataji.org\/test\/es\/chakra-vishuddhi-es\/\">Read more<\/a><\/p>\n","protected":false},"author":63,"featured_media":9255,"parent":0,"menu_order":0,"comment_status":"closed","ping_status":"closed","template":"","meta":{"inline_featured_image":false,"footnotes":""},"class_list":["post-11005","page","type-page","status-publish","has-post-thumbnail","hentry"],"yoast_head":"<!-- This site is optimized with the Yoast SEO plugin v27.4 - https:\/\/yoast.com\/product\/yoast-seo-wordpress\/ -->\n<title>Chakra Vishuddhi ESP - TEST - SMND<\/title>\n<meta name=\"robots\" content=\"noindex, follow, max-snippet:-1, max-image-preview:large, max-video-preview:-1\" \/>\n<meta property=\"og:locale\" content=\"en_US\" \/>\n<meta property=\"og:type\" content=\"article\" \/>\n<meta property=\"og:title\" content=\"Chakra Vishuddhi ESP - TEST - SMND\" \/>\n<meta property=\"og:description\" content=\"Chakra Vishuddhi Comunicaci\u00f3n, Autoestima, Diplomacia La evoluci\u00f3n de la sociedad humana se ha desarrollado y moldeado a lo largo de generaciones con la ayuda de habilidades efectivas de comunicaci\u00f3n. El Chakra Vishuddhi es el centro que nos permite pasar de nuestra conciencia como individuo a una conciencia colectiva. Es nuestra conexi\u00f3n con los dem\u00e1s y&hellip; Read more\" \/>\n<meta property=\"og:url\" content=\"https:\/\/shrimataji.org\/test\/es\/chakra-vishuddhi-es\/\" \/>\n<meta property=\"og:site_name\" content=\"TEST - SMND\" \/>\n<meta property=\"article:publisher\" content=\"https:\/\/www.facebook.com\/shrimataji\" \/>\n<meta property=\"article:modified_time\" content=\"2026-03-11T23:49:00+00:00\" \/>\n<meta property=\"og:image\" content=\"https:\/\/shrimataji.org\/test\/wp-content\/uploads\/2023\/03\/20_Banner-SY-Chakra-vishu-scaled.jpg\" \/>\n\t<meta property=\"og:image:width\" content=\"2560\" \/>\n\t<meta property=\"og:image:height\" content=\"905\" \/>\n\t<meta property=\"og:image:type\" content=\"image\/jpeg\" \/>\n<meta name=\"twitter:card\" content=\"summary_large_image\" \/>\n<meta name=\"twitter:site\" content=\"@shrimataji\" \/>\n<meta name=\"twitter:label1\" content=\"Est. reading time\" \/>\n\t<meta name=\"twitter:data1\" content=\"4 minutes\" \/>\n<script type=\"application\/ld+json\" class=\"yoast-schema-graph\">{\"@context\":\"https:\\\/\\\/schema.org\",\"@graph\":[{\"@type\":\"WebPage\",\"@id\":\"https:\\\/\\\/shrimataji.org\\\/test\\\/es\\\/chakra-vishuddhi-es\\\/\",\"url\":\"https:\\\/\\\/shrimataji.org\\\/test\\\/es\\\/chakra-vishuddhi-es\\\/\",\"name\":\"Chakra Vishuddhi ESP - TEST - SMND\",\"isPartOf\":{\"@id\":\"https:\\\/\\\/shrimataji.org\\\/test\\\/#website\"},\"primaryImageOfPage\":{\"@id\":\"https:\\\/\\\/shrimataji.org\\\/test\\\/es\\\/chakra-vishuddhi-es\\\/#primaryimage\"},\"image\":{\"@id\":\"https:\\\/\\\/shrimataji.org\\\/test\\\/es\\\/chakra-vishuddhi-es\\\/#primaryimage\"},\"thumbnailUrl\":\"https:\\\/\\\/shrimataji.org\\\/test\\\/wp-content\\\/uploads\\\/2023\\\/03\\\/20_Banner-SY-Chakra-vishu-scaled.jpg\",\"datePublished\":\"2022-03-05T07:52:48+00:00\",\"dateModified\":\"2026-03-11T23:49:00+00:00\",\"breadcrumb\":{\"@id\":\"https:\\\/\\\/shrimataji.org\\\/test\\\/es\\\/chakra-vishuddhi-es\\\/#breadcrumb\"},\"inLanguage\":\"en-US\",\"potentialAction\":[{\"@type\":\"ReadAction\",\"target\":[\"https:\\\/\\\/shrimataji.org\\\/test\\\/es\\\/chakra-vishuddhi-es\\\/\"]}]},{\"@type\":\"ImageObject\",\"inLanguage\":\"en-US\",\"@id\":\"https:\\\/\\\/shrimataji.org\\\/test\\\/es\\\/chakra-vishuddhi-es\\\/#primaryimage\",\"url\":\"https:\\\/\\\/shrimataji.org\\\/test\\\/wp-content\\\/uploads\\\/2023\\\/03\\\/20_Banner-SY-Chakra-vishu-scaled.jpg\",\"contentUrl\":\"https:\\\/\\\/shrimataji.org\\\/test\\\/wp-content\\\/uploads\\\/2023\\\/03\\\/20_Banner-SY-Chakra-vishu-scaled.jpg\",\"width\":2560,\"height\":905},{\"@type\":\"BreadcrumbList\",\"@id\":\"https:\\\/\\\/shrimataji.org\\\/test\\\/es\\\/chakra-vishuddhi-es\\\/#breadcrumb\",\"itemListElement\":[{\"@type\":\"ListItem\",\"position\":1,\"name\":\"Home\",\"item\":\"https:\\\/\\\/shrimataji.org\\\/test\\\/uk\\\/home-en\\\/\"},{\"@type\":\"ListItem\",\"position\":2,\"name\":\"Chakra Vishuddhi ESP\"}]},{\"@type\":\"WebSite\",\"@id\":\"https:\\\/\\\/shrimataji.org\\\/test\\\/#website\",\"url\":\"https:\\\/\\\/shrimataji.org\\\/test\\\/\",\"name\":\"Shri Mataji Nirmala Devi\",\"description\":\"A Life Dedicated to Humanity\",\"publisher\":{\"@id\":\"https:\\\/\\\/shrimataji.org\\\/test\\\/#\\\/schema\\\/person\\\/a1b3419c6585f164aa96da1ff85715d1\"},\"potentialAction\":[{\"@type\":\"SearchAction\",\"target\":{\"@type\":\"EntryPoint\",\"urlTemplate\":\"https:\\\/\\\/shrimataji.org\\\/test\\\/?s={search_term_string}\"},\"query-input\":{\"@type\":\"PropertyValueSpecification\",\"valueRequired\":true,\"valueName\":\"search_term_string\"}}],\"inLanguage\":\"en-US\"},{\"@type\":[\"Person\",\"Organization\"],\"@id\":\"https:\\\/\\\/shrimataji.org\\\/test\\\/#\\\/schema\\\/person\\\/a1b3419c6585f164aa96da1ff85715d1\",\"name\":\"Nirmala Shrivastava\",\"image\":{\"@type\":\"ImageObject\",\"inLanguage\":\"en-US\",\"@id\":\"https:\\\/\\\/shrimataji.org\\\/test\\\/wp-content\\\/uploads\\\/2023\\\/02\\\/SMO_LOGO-03.svg\",\"url\":\"https:\\\/\\\/shrimataji.org\\\/test\\\/wp-content\\\/uploads\\\/2023\\\/02\\\/SMO_LOGO-03.svg\",\"contentUrl\":\"https:\\\/\\\/shrimataji.org\\\/test\\\/wp-content\\\/uploads\\\/2023\\\/02\\\/SMO_LOGO-03.svg\",\"width\":\"1024\",\"height\":\"1024\",\"caption\":\"Nirmala Shrivastava\"},\"logo\":{\"@id\":\"https:\\\/\\\/shrimataji.org\\\/test\\\/wp-content\\\/uploads\\\/2023\\\/02\\\/SMO_LOGO-03.svg\"},\"sameAs\":[\"https:\\\/\\\/shrimataji.org\\\/test\",\"https:\\\/\\\/www.facebook.com\\\/shrimataji\",\"https:\\\/\\\/x.com\\\/shrimataji\",\"https:\\\/\\\/www.youtube.com\\\/@Shri_Mataji_Nirmala_Devi\\\/featured\"]}]}<\/script>\n<!-- \/ Yoast SEO plugin. -->","yoast_head_json":{"title":"Chakra Vishuddhi ESP - TEST - SMND","robots":{"index":"noindex","follow":"follow","max-snippet":"max-snippet:-1","max-image-preview":"max-image-preview:large","max-video-preview":"max-video-preview:-1"},"og_locale":"en_US","og_type":"article","og_title":"Chakra Vishuddhi ESP - TEST - SMND","og_description":"Chakra Vishuddhi Comunicaci\u00f3n, Autoestima, Diplomacia La evoluci\u00f3n de la sociedad humana se ha desarrollado y moldeado a lo largo de generaciones con la ayuda de habilidades efectivas de comunicaci\u00f3n. El Chakra Vishuddhi es el centro que nos permite pasar de nuestra conciencia como individuo a una conciencia colectiva. Es nuestra conexi\u00f3n con los dem\u00e1s y&hellip; Read more","og_url":"https:\/\/shrimataji.org\/test\/es\/chakra-vishuddhi-es\/","og_site_name":"TEST - SMND","article_publisher":"https:\/\/www.facebook.com\/shrimataji","article_modified_time":"2026-03-11T23:49:00+00:00","og_image":[{"width":2560,"height":905,"url":"https:\/\/shrimataji.org\/test\/wp-content\/uploads\/2023\/03\/20_Banner-SY-Chakra-vishu-scaled.jpg","type":"image\/jpeg"}],"twitter_card":"summary_large_image","twitter_site":"@shrimataji","twitter_misc":{"Est. reading time":"4 minutes"},"schema":{"@context":"https:\/\/schema.org","@graph":[{"@type":"WebPage","@id":"https:\/\/shrimataji.org\/test\/es\/chakra-vishuddhi-es\/","url":"https:\/\/shrimataji.org\/test\/es\/chakra-vishuddhi-es\/","name":"Chakra Vishuddhi ESP - TEST - SMND","isPartOf":{"@id":"https:\/\/shrimataji.org\/test\/#website"},"primaryImageOfPage":{"@id":"https:\/\/shrimataji.org\/test\/es\/chakra-vishuddhi-es\/#primaryimage"},"image":{"@id":"https:\/\/shrimataji.org\/test\/es\/chakra-vishuddhi-es\/#primaryimage"},"thumbnailUrl":"https:\/\/shrimataji.org\/test\/wp-content\/uploads\/2023\/03\/20_Banner-SY-Chakra-vishu-scaled.jpg","datePublished":"2022-03-05T07:52:48+00:00","dateModified":"2026-03-11T23:49:00+00:00","breadcrumb":{"@id":"https:\/\/shrimataji.org\/test\/es\/chakra-vishuddhi-es\/#breadcrumb"},"inLanguage":"en-US","potentialAction":[{"@type":"ReadAction","target":["https:\/\/shrimataji.org\/test\/es\/chakra-vishuddhi-es\/"]}]},{"@type":"ImageObject","inLanguage":"en-US","@id":"https:\/\/shrimataji.org\/test\/es\/chakra-vishuddhi-es\/#primaryimage","url":"https:\/\/shrimataji.org\/test\/wp-content\/uploads\/2023\/03\/20_Banner-SY-Chakra-vishu-scaled.jpg","contentUrl":"https:\/\/shrimataji.org\/test\/wp-content\/uploads\/2023\/03\/20_Banner-SY-Chakra-vishu-scaled.jpg","width":2560,"height":905},{"@type":"BreadcrumbList","@id":"https:\/\/shrimataji.org\/test\/es\/chakra-vishuddhi-es\/#breadcrumb","itemListElement":[{"@type":"ListItem","position":1,"name":"Home","item":"https:\/\/shrimataji.org\/test\/uk\/home-en\/"},{"@type":"ListItem","position":2,"name":"Chakra Vishuddhi ESP"}]},{"@type":"WebSite","@id":"https:\/\/shrimataji.org\/test\/#website","url":"https:\/\/shrimataji.org\/test\/","name":"Shri Mataji Nirmala Devi","description":"A Life Dedicated to Humanity","publisher":{"@id":"https:\/\/shrimataji.org\/test\/#\/schema\/person\/a1b3419c6585f164aa96da1ff85715d1"},"potentialAction":[{"@type":"SearchAction","target":{"@type":"EntryPoint","urlTemplate":"https:\/\/shrimataji.org\/test\/?s={search_term_string}"},"query-input":{"@type":"PropertyValueSpecification","valueRequired":true,"valueName":"search_term_string"}}],"inLanguage":"en-US"},{"@type":["Person","Organization"],"@id":"https:\/\/shrimataji.org\/test\/#\/schema\/person\/a1b3419c6585f164aa96da1ff85715d1","name":"Nirmala Shrivastava","image":{"@type":"ImageObject","inLanguage":"en-US","@id":"https:\/\/shrimataji.org\/test\/wp-content\/uploads\/2023\/02\/SMO_LOGO-03.svg","url":"https:\/\/shrimataji.org\/test\/wp-content\/uploads\/2023\/02\/SMO_LOGO-03.svg","contentUrl":"https:\/\/shrimataji.org\/test\/wp-content\/uploads\/2023\/02\/SMO_LOGO-03.svg","width":"1024","height":"1024","caption":"Nirmala Shrivastava"},"logo":{"@id":"https:\/\/shrimataji.org\/test\/wp-content\/uploads\/2023\/02\/SMO_LOGO-03.svg"},"sameAs":["https:\/\/shrimataji.org\/test","https:\/\/www.facebook.com\/shrimataji","https:\/\/x.com\/shrimataji","https:\/\/www.youtube.com\/@Shri_Mataji_Nirmala_Devi\/featured"]}]}},"lang":"es","translations":{"es":11005,"ur":37534,"en":6494,"am":18109,"th":20110,"hu":19608,"ar":17005,"sq":18510,"zh":17407,"hi":8265,"tr":10231,"pt":10438,"de":10713,"fr":10811,"it":10909,"ja":11303,"ru":11491,"bn":11683,"te":11791,"sw":11914,"he":12062,"el":12354,"sk":12452,"fa":12550,"fi":12648,"bg":13368,"ro":14442,"cs":14635,"nl":16669,"ku":16829,"be":18717,"kn":18991,"mr":20474,"uk":20767,"ml":21062,"ta":22828,"sv":23097,"gu":28932,"pa":29092,"fil":29546,"da":37841,"pl":38051,"nn":38393},"pll_sync_post":[],"_links":{"self":[{"href":"https:\/\/shrimataji.org\/test\/wp-json\/wp\/v2\/pages\/11005","targetHints":{"allow":["GET"]}}],"collection":[{"href":"https:\/\/shrimataji.org\/test\/wp-json\/wp\/v2\/pages"}],"about":[{"href":"https:\/\/shrimataji.org\/test\/wp-json\/wp\/v2\/types\/page"}],"author":[{"embeddable":true,"href":"https:\/\/shrimataji.org\/test\/wp-json\/wp\/v2\/users\/63"}],"replies":[{"embeddable":true,"href":"https:\/\/shrimataji.org\/test\/wp-json\/wp\/v2\/comments?post=11005"}],"version-history":[{"count":0,"href":"https:\/\/shrimataji.org\/test\/wp-json\/wp\/v2\/pages\/11005\/revisions"}],"wp:featuredmedia":[{"embeddable":true,"href":"https:\/\/shrimataji.org\/test\/wp-json\/wp\/v2\/media\/9255"}],"wp:attachment":[{"href":"https:\/\/shrimataji.org\/test\/wp-json\/wp\/v2\/media?parent=11005"}],"curies":[{"name":"wp","href":"https:\/\/api.w.org\/{rel}","templated":true}]}}