{"id":12025,"date":"2022-01-29T10:23:24","date_gmt":"2022-01-29T10:23:24","guid":{"rendered":"https:\/\/test.shrimataji.org\/?page_id=6404"},"modified":"2024-01-16T14:06:26","modified_gmt":"2024-01-16T14:06:26","slug":"paramchaitanya","status":"publish","type":"page","link":"https:\/\/shrimataji.org\/test\/he\/paramchaitanya\/","title":{"rendered":"Paramchaitanya"},"content":{"rendered":"\n\n\t<h1>Paramchaitanya<\/h1>\n<h2>Bilin\u00e7d\u0131\u015f\u0131n\u0131n \u0130lahi Serin Esintisi<\/h2>\n<div class=\"su-quote su-quote-style-default\"><div class=\"su-quote-inner su-u-clearfix su-u-trim\">Her g\u00fcn tohumlar\u0131n filizlendi\u011fini, \u00e7i\u00e7eklerin a\u00e7t\u0131\u011f\u0131n\u0131, meyvelerin olgunla\u015ft\u0131\u011f\u0131n\u0131 g\u00f6r\u00fcr\u00fcz ancak nas\u0131l ger\u00e7ekle\u015fti\u011fini d\u00fc\u015f\u00fcnmek istemeyiz. Oysa bunu yaratan bir g\u00fc\u00e7 var; bu Tanr\u0131sal Sevginin her yeri saran g\u00fcc\u00fcd\u00fcr. \u015eimdi bu g\u00fcc\u00fc i\u00e7imizde (i\u00e7imizdeki enstr\u00fcman arac\u0131l\u0131\u011f\u0131yla) hissetme zaman\u0131 geldi. B\u00fct\u00fcne ba\u011flanmad\u0131\u011f\u0131 s\u00fcrece bunun hi\u00e7bir yarar\u0131 olmaz. Gizli g\u00fcc\u00fcm\u00fcz\u00fc, g\u00fczelli\u011fimizi bilmiyoruz ancak b\u00fct\u00fcn ile bu ba\u011flant\u0131 bir kez kuruldu\u011funda, etkileyici sonu\u00e7lar\u0131na \u015fa\u015f\u0131raca\u011f\u0131z.<\/div><\/div>\n<p><strong>Tanr\u0131&#8217;n\u0131n sevgisinin bu evrensel g\u00fcc\u00fcne farkl\u0131 k\u00fclt\u00fcrlerde pek \u00e7ok isim verilmi\u015ftir: Phneuma, Ruah, Assas, Tao, kutsal Ruh&#8217;un r\u00fczg\u00e2r\u0131, ya\u015fam suyu. Yine de hepsi ayn\u0131 \u015feyi ifade eder; sevgi dolu, anlay\u0131\u015fl\u0131, her \u015feyi kapsayan bir yarat\u0131m enerjisi. Bilin\u00e7 ve enerji birincil etkenlerdir. Di\u011fer her \u015fey ikincildir. Bu nedensellik enerjisi t\u00fcm evrene n\u00fcfuz eder. Shri Mataji her yeri kaplayan bu enerjiyi &#8220;Paramchaitanya&#8221; olarak adland\u0131rm\u0131\u015ft\u0131r.<\/strong><\/p>\n<p>Her yeri kaplayan bu enerji, ayd\u0131nlanma sonras\u0131 serin bir esinti veya &#8220;titre\u015fimler&#8221; halinde \u00f6zellikle de ba\u015f\u0131n \u00fczerinde ve avu\u00e7 i\u00e7lerinde hissedilir. Meditasyon s\u0131ras\u0131nda, Kundalini farkl\u0131 \u00c7akralar boyunca y\u00fckselirken, onu omurgam\u0131zda her bir \u00c7akran\u0131n farkl\u0131 yerlerinde ve bazen de ilgili \u00c7akralara kar\u015f\u0131l\u0131k gelen belirli parmaklarda hissedebiliriz. Bu titre\u015fimler bize sadece hakikatin tam bir resmini vermekle kalmaz, ayn\u0131 zamanda bize, di\u011fer insan varl\u0131\u011f\u0131na ve bizi \u00e7evreleyen t\u00fcm do\u011faya faydal\u0131 olan b\u00fct\u00fcnsel durumu da \u00e7\u00f6zer.<\/p>\n<p>Bir\u00e7ok uygulay\u0131c\u0131 Sahaja Yogi, bizi tamamen saran ve \u00f6zg\u00fcr irademize m\u00fcdahale etmeden g\u00fcnl\u00fck ya\u015fam\u0131m\u0131zda bize rehberlik eden bu ilahi sevginin titre\u015fimlerinin do\u011frulu\u011fu ve etkinli\u011fi kar\u015f\u0131s\u0131nda hayrete d\u00fc\u015fm\u00fc\u015ft\u00fcr. Basit bir benzetmeyle, g\u00fcnl\u00fck ya\u015fam\u0131m\u0131zda kar\u015f\u0131la\u015ft\u0131\u011f\u0131m\u0131z pek \u00e7ok sorunu, ya\u015fam\u0131n herhangi bir alan\u0131nda uzmanl\u0131k bilgisine sahip olmam\u0131za gerek kalmadan \u00e7\u00f6zmemizi sa\u011flayan, her yere yay\u0131lm\u0131\u015f bir internet ortam\u0131d\u0131r. T\u0131pk\u0131 internet gibi, g\u00fcnl\u00fck meditasyonumuzda kolayca ba\u015farabilece\u011fimiz bu her yeri kaplayan g\u00fcce do\u011fru bir \u015fekilde ba\u011flanmam\u0131z yeterlidir.<\/p>\n<div class=\"su-quote su-quote-style-default\"><div class=\"su-quote-inner su-u-clearfix su-u-trim\">\u015eimdi Sahaja Yogiler i\u00e7in, bir \u015feyin ger\u00e7ek mi yoksa ger\u00e7ek d\u0131\u015f\u0131 m\u0131, hakikat mi yoksa hakikatin d\u0131\u015f\u0131nda m\u0131 oldu\u011funu, sevgi mi yoksa nefret mi oldu\u011funu anlamak \u00e7ok basit. Sadece titre\u015fimler yoluyla anlayabilirsiniz. Ancak bunun \u00f6tesine ge\u00e7erek, ki\u015finin bu titre\u015fimlerin ne oldu\u011funu ve neden olu\u015ftu\u011funu bilmesi gerekir. Bu titre\u015fimlerin ard\u0131ndaki s\u00fcptil g\u00fc\u00e7 nedir? Biz buna Paramchaitanya diyoruz <\/div><\/div>\n\t<iframe loading=\"lazy\" title=\"Paramchaitanya\" width=\"1920\" height=\"1080\" src=\"https:\/\/www.youtube.com\/embed\/Er_H-whvfWQ?feature=oembed\" frameborder=\"0\" allow=\"accelerometer; autoplay; clipboard-write; encrypted-media; gyroscope; picture-in-picture; web-share\" allowfullscreen><\/iframe>\n\n","protected":false},"excerpt":{"rendered":"<p>Paramchaitanya Bilin\u00e7d\u0131\u015f\u0131n\u0131n \u0130lahi Serin Esintisi Tanr\u0131&#8217;n\u0131n sevgisinin bu evrensel g\u00fcc\u00fcne farkl\u0131 k\u00fclt\u00fcrlerde pek \u00e7ok isim verilmi\u015ftir: Phneuma, Ruah, Assas, Tao, kutsal Ruh&#8217;un r\u00fczg\u00e2r\u0131, ya\u015fam suyu. Yine de hepsi ayn\u0131 \u015feyi ifade eder; sevgi dolu, anlay\u0131\u015fl\u0131, her \u015feyi kapsayan bir yarat\u0131m enerjisi. Bilin\u00e7 ve enerji birincil etkenlerdir. Di\u011fer her \u015fey ikincildir. Bu nedensellik enerjisi t\u00fcm evrene&hellip; <br \/> <a class=\"read-more\" href=\"https:\/\/shrimataji.org\/test\/he\/paramchaitanya\/\">Read more<\/a><\/p>\n","protected":false},"author":1,"featured_media":9245,"parent":0,"menu_order":0,"comment_status":"closed","ping_status":"closed","template":"","meta":{"inline_featured_image":false,"footnotes":""},"class_list":["post-12025","page","type-page","status-publish","has-post-thumbnail","hentry"],"yoast_head":"<!-- This site is optimized with the Yoast SEO plugin v27.4 - https:\/\/yoast.com\/product\/yoast-seo-wordpress\/ -->\n<title>Paramchaitanya - TEST - SMND<\/title>\n<meta name=\"robots\" content=\"noindex, follow, max-snippet:-1, max-image-preview:large, max-video-preview:-1\" \/>\n<meta property=\"og:locale\" content=\"en_US\" \/>\n<meta property=\"og:type\" content=\"article\" \/>\n<meta property=\"og:title\" content=\"Paramchaitanya - TEST - SMND\" \/>\n<meta property=\"og:description\" content=\"Paramchaitanya Bilin\u00e7d\u0131\u015f\u0131n\u0131n \u0130lahi Serin Esintisi Tanr\u0131&#8217;n\u0131n sevgisinin bu evrensel g\u00fcc\u00fcne farkl\u0131 k\u00fclt\u00fcrlerde pek \u00e7ok isim verilmi\u015ftir: Phneuma, Ruah, Assas, Tao, kutsal Ruh&#8217;un r\u00fczg\u00e2r\u0131, ya\u015fam suyu. Yine de hepsi ayn\u0131 \u015feyi ifade eder; sevgi dolu, anlay\u0131\u015fl\u0131, her \u015feyi kapsayan bir yarat\u0131m enerjisi. Bilin\u00e7 ve enerji birincil etkenlerdir. Di\u011fer her \u015fey ikincildir. Bu nedensellik enerjisi t\u00fcm evrene&hellip; Read more\" \/>\n<meta property=\"og:url\" content=\"https:\/\/shrimataji.org\/test\/he\/paramchaitanya\/\" \/>\n<meta property=\"og:site_name\" content=\"TEST - SMND\" \/>\n<meta property=\"article:publisher\" content=\"https:\/\/www.facebook.com\/shrimataji\" \/>\n<meta property=\"article:modified_time\" content=\"2024-01-16T14:06:26+00:00\" \/>\n<meta property=\"og:image\" content=\"https:\/\/shrimataji.org\/test\/wp-content\/uploads\/2023\/03\/10_Banner-SY-Paramchaitanya-scaled.jpg\" \/>\n\t<meta property=\"og:image:width\" content=\"2560\" \/>\n\t<meta property=\"og:image:height\" content=\"905\" \/>\n\t<meta property=\"og:image:type\" content=\"image\/jpeg\" \/>\n<meta name=\"twitter:card\" content=\"summary_large_image\" \/>\n<meta name=\"twitter:site\" content=\"@shrimataji\" \/>\n<meta name=\"twitter:label1\" content=\"Est. reading time\" \/>\n\t<meta name=\"twitter:data1\" content=\"2 minutes\" \/>\n<script type=\"application\/ld+json\" class=\"yoast-schema-graph\">{\"@context\":\"https:\\\/\\\/schema.org\",\"@graph\":[{\"@type\":\"WebPage\",\"@id\":\"https:\\\/\\\/shrimataji.org\\\/test\\\/he\\\/paramchaitanya\\\/\",\"url\":\"https:\\\/\\\/shrimataji.org\\\/test\\\/he\\\/paramchaitanya\\\/\",\"name\":\"Paramchaitanya - TEST - SMND\",\"isPartOf\":{\"@id\":\"https:\\\/\\\/shrimataji.org\\\/test\\\/#website\"},\"primaryImageOfPage\":{\"@id\":\"https:\\\/\\\/shrimataji.org\\\/test\\\/he\\\/paramchaitanya\\\/#primaryimage\"},\"image\":{\"@id\":\"https:\\\/\\\/shrimataji.org\\\/test\\\/he\\\/paramchaitanya\\\/#primaryimage\"},\"thumbnailUrl\":\"https:\\\/\\\/shrimataji.org\\\/test\\\/wp-content\\\/uploads\\\/2023\\\/03\\\/10_Banner-SY-Paramchaitanya-scaled.jpg\",\"datePublished\":\"2022-01-29T10:23:24+00:00\",\"dateModified\":\"2024-01-16T14:06:26+00:00\",\"breadcrumb\":{\"@id\":\"https:\\\/\\\/shrimataji.org\\\/test\\\/he\\\/paramchaitanya\\\/#breadcrumb\"},\"inLanguage\":\"en-US\",\"potentialAction\":[{\"@type\":\"ReadAction\",\"target\":[\"https:\\\/\\\/shrimataji.org\\\/test\\\/he\\\/paramchaitanya\\\/\"]}]},{\"@type\":\"ImageObject\",\"inLanguage\":\"en-US\",\"@id\":\"https:\\\/\\\/shrimataji.org\\\/test\\\/he\\\/paramchaitanya\\\/#primaryimage\",\"url\":\"https:\\\/\\\/shrimataji.org\\\/test\\\/wp-content\\\/uploads\\\/2023\\\/03\\\/10_Banner-SY-Paramchaitanya-scaled.jpg\",\"contentUrl\":\"https:\\\/\\\/shrimataji.org\\\/test\\\/wp-content\\\/uploads\\\/2023\\\/03\\\/10_Banner-SY-Paramchaitanya-scaled.jpg\",\"width\":2560,\"height\":905},{\"@type\":\"BreadcrumbList\",\"@id\":\"https:\\\/\\\/shrimataji.org\\\/test\\\/he\\\/paramchaitanya\\\/#breadcrumb\",\"itemListElement\":[{\"@type\":\"ListItem\",\"position\":1,\"name\":\"Home\",\"item\":\"https:\\\/\\\/shrimataji.org\\\/test\\\/uk\\\/home-en\\\/\"},{\"@type\":\"ListItem\",\"position\":2,\"name\":\"Paramchaitanya\"}]},{\"@type\":\"WebSite\",\"@id\":\"https:\\\/\\\/shrimataji.org\\\/test\\\/#website\",\"url\":\"https:\\\/\\\/shrimataji.org\\\/test\\\/\",\"name\":\"Shri Mataji Nirmala Devi\",\"description\":\"A Life Dedicated to Humanity\",\"publisher\":{\"@id\":\"https:\\\/\\\/shrimataji.org\\\/test\\\/#\\\/schema\\\/person\\\/a1b3419c6585f164aa96da1ff85715d1\"},\"potentialAction\":[{\"@type\":\"SearchAction\",\"target\":{\"@type\":\"EntryPoint\",\"urlTemplate\":\"https:\\\/\\\/shrimataji.org\\\/test\\\/?s={search_term_string}\"},\"query-input\":{\"@type\":\"PropertyValueSpecification\",\"valueRequired\":true,\"valueName\":\"search_term_string\"}}],\"inLanguage\":\"en-US\"},{\"@type\":[\"Person\",\"Organization\"],\"@id\":\"https:\\\/\\\/shrimataji.org\\\/test\\\/#\\\/schema\\\/person\\\/a1b3419c6585f164aa96da1ff85715d1\",\"name\":\"Nirmala Shrivastava\",\"image\":{\"@type\":\"ImageObject\",\"inLanguage\":\"en-US\",\"@id\":\"https:\\\/\\\/shrimataji.org\\\/test\\\/wp-content\\\/uploads\\\/2023\\\/02\\\/SMO_LOGO-03.svg\",\"url\":\"https:\\\/\\\/shrimataji.org\\\/test\\\/wp-content\\\/uploads\\\/2023\\\/02\\\/SMO_LOGO-03.svg\",\"contentUrl\":\"https:\\\/\\\/shrimataji.org\\\/test\\\/wp-content\\\/uploads\\\/2023\\\/02\\\/SMO_LOGO-03.svg\",\"width\":\"1024\",\"height\":\"1024\",\"caption\":\"Nirmala Shrivastava\"},\"logo\":{\"@id\":\"https:\\\/\\\/shrimataji.org\\\/test\\\/wp-content\\\/uploads\\\/2023\\\/02\\\/SMO_LOGO-03.svg\"},\"sameAs\":[\"https:\\\/\\\/shrimataji.org\\\/test\",\"https:\\\/\\\/www.facebook.com\\\/shrimataji\",\"https:\\\/\\\/x.com\\\/shrimataji\",\"https:\\\/\\\/www.youtube.com\\\/@Shri_Mataji_Nirmala_Devi\\\/featured\"]}]}<\/script>\n<!-- \/ Yoast SEO plugin. -->","yoast_head_json":{"title":"Paramchaitanya - TEST - SMND","robots":{"index":"noindex","follow":"follow","max-snippet":"max-snippet:-1","max-image-preview":"max-image-preview:large","max-video-preview":"max-video-preview:-1"},"og_locale":"en_US","og_type":"article","og_title":"Paramchaitanya - TEST - SMND","og_description":"Paramchaitanya Bilin\u00e7d\u0131\u015f\u0131n\u0131n \u0130lahi Serin Esintisi Tanr\u0131&#8217;n\u0131n sevgisinin bu evrensel g\u00fcc\u00fcne farkl\u0131 k\u00fclt\u00fcrlerde pek \u00e7ok isim verilmi\u015ftir: Phneuma, Ruah, Assas, Tao, kutsal Ruh&#8217;un r\u00fczg\u00e2r\u0131, ya\u015fam suyu. Yine de hepsi ayn\u0131 \u015feyi ifade eder; sevgi dolu, anlay\u0131\u015fl\u0131, her \u015feyi kapsayan bir yarat\u0131m enerjisi. Bilin\u00e7 ve enerji birincil etkenlerdir. Di\u011fer her \u015fey ikincildir. Bu nedensellik enerjisi t\u00fcm evrene&hellip; Read more","og_url":"https:\/\/shrimataji.org\/test\/he\/paramchaitanya\/","og_site_name":"TEST - SMND","article_publisher":"https:\/\/www.facebook.com\/shrimataji","article_modified_time":"2024-01-16T14:06:26+00:00","og_image":[{"width":2560,"height":905,"url":"https:\/\/shrimataji.org\/test\/wp-content\/uploads\/2023\/03\/10_Banner-SY-Paramchaitanya-scaled.jpg","type":"image\/jpeg"}],"twitter_card":"summary_large_image","twitter_site":"@shrimataji","twitter_misc":{"Est. reading time":"2 minutes"},"schema":{"@context":"https:\/\/schema.org","@graph":[{"@type":"WebPage","@id":"https:\/\/shrimataji.org\/test\/he\/paramchaitanya\/","url":"https:\/\/shrimataji.org\/test\/he\/paramchaitanya\/","name":"Paramchaitanya - TEST - SMND","isPartOf":{"@id":"https:\/\/shrimataji.org\/test\/#website"},"primaryImageOfPage":{"@id":"https:\/\/shrimataji.org\/test\/he\/paramchaitanya\/#primaryimage"},"image":{"@id":"https:\/\/shrimataji.org\/test\/he\/paramchaitanya\/#primaryimage"},"thumbnailUrl":"https:\/\/shrimataji.org\/test\/wp-content\/uploads\/2023\/03\/10_Banner-SY-Paramchaitanya-scaled.jpg","datePublished":"2022-01-29T10:23:24+00:00","dateModified":"2024-01-16T14:06:26+00:00","breadcrumb":{"@id":"https:\/\/shrimataji.org\/test\/he\/paramchaitanya\/#breadcrumb"},"inLanguage":"en-US","potentialAction":[{"@type":"ReadAction","target":["https:\/\/shrimataji.org\/test\/he\/paramchaitanya\/"]}]},{"@type":"ImageObject","inLanguage":"en-US","@id":"https:\/\/shrimataji.org\/test\/he\/paramchaitanya\/#primaryimage","url":"https:\/\/shrimataji.org\/test\/wp-content\/uploads\/2023\/03\/10_Banner-SY-Paramchaitanya-scaled.jpg","contentUrl":"https:\/\/shrimataji.org\/test\/wp-content\/uploads\/2023\/03\/10_Banner-SY-Paramchaitanya-scaled.jpg","width":2560,"height":905},{"@type":"BreadcrumbList","@id":"https:\/\/shrimataji.org\/test\/he\/paramchaitanya\/#breadcrumb","itemListElement":[{"@type":"ListItem","position":1,"name":"Home","item":"https:\/\/shrimataji.org\/test\/uk\/home-en\/"},{"@type":"ListItem","position":2,"name":"Paramchaitanya"}]},{"@type":"WebSite","@id":"https:\/\/shrimataji.org\/test\/#website","url":"https:\/\/shrimataji.org\/test\/","name":"Shri Mataji Nirmala Devi","description":"A Life Dedicated to Humanity","publisher":{"@id":"https:\/\/shrimataji.org\/test\/#\/schema\/person\/a1b3419c6585f164aa96da1ff85715d1"},"potentialAction":[{"@type":"SearchAction","target":{"@type":"EntryPoint","urlTemplate":"https:\/\/shrimataji.org\/test\/?s={search_term_string}"},"query-input":{"@type":"PropertyValueSpecification","valueRequired":true,"valueName":"search_term_string"}}],"inLanguage":"en-US"},{"@type":["Person","Organization"],"@id":"https:\/\/shrimataji.org\/test\/#\/schema\/person\/a1b3419c6585f164aa96da1ff85715d1","name":"Nirmala Shrivastava","image":{"@type":"ImageObject","inLanguage":"en-US","@id":"https:\/\/shrimataji.org\/test\/wp-content\/uploads\/2023\/02\/SMO_LOGO-03.svg","url":"https:\/\/shrimataji.org\/test\/wp-content\/uploads\/2023\/02\/SMO_LOGO-03.svg","contentUrl":"https:\/\/shrimataji.org\/test\/wp-content\/uploads\/2023\/02\/SMO_LOGO-03.svg","width":"1024","height":"1024","caption":"Nirmala Shrivastava"},"logo":{"@id":"https:\/\/shrimataji.org\/test\/wp-content\/uploads\/2023\/02\/SMO_LOGO-03.svg"},"sameAs":["https:\/\/shrimataji.org\/test","https:\/\/www.facebook.com\/shrimataji","https:\/\/x.com\/shrimataji","https:\/\/www.youtube.com\/@Shri_Mataji_Nirmala_Devi\/featured"]}]}},"lang":"he","translations":{"he":12025,"ur":37475,"en":6404,"am":18048,"th":20016,"hu":19532,"sq":18449,"zh":17346,"hi":8298,"tr":10192,"pt":10402,"de":10676,"fr":10774,"it":10872,"es":10969,"ja":11266,"ru":11454,"bn":11646,"te":11754,"sw":11877,"el":12317,"sk":12415,"fa":12513,"fi":12611,"bg":13388,"ro":14462,"cs":14655,"nl":16609,"ku":16769,"ar":16945,"be":18656,"kn":18930,"mr":20380,"uk":20674,"ml":20969,"ta":22767,"sv":23037,"gu":28881,"pa":29041,"fil":29485,"da":37786,"pl":37998,"nn":38338},"pll_sync_post":[],"_links":{"self":[{"href":"https:\/\/shrimataji.org\/test\/wp-json\/wp\/v2\/pages\/12025","targetHints":{"allow":["GET"]}}],"collection":[{"href":"https:\/\/shrimataji.org\/test\/wp-json\/wp\/v2\/pages"}],"about":[{"href":"https:\/\/shrimataji.org\/test\/wp-json\/wp\/v2\/types\/page"}],"author":[{"embeddable":true,"href":"https:\/\/shrimataji.org\/test\/wp-json\/wp\/v2\/users\/1"}],"replies":[{"embeddable":true,"href":"https:\/\/shrimataji.org\/test\/wp-json\/wp\/v2\/comments?post=12025"}],"version-history":[{"count":0,"href":"https:\/\/shrimataji.org\/test\/wp-json\/wp\/v2\/pages\/12025\/revisions"}],"wp:featuredmedia":[{"embeddable":true,"href":"https:\/\/shrimataji.org\/test\/wp-json\/wp\/v2\/media\/9245"}],"wp:attachment":[{"href":"https:\/\/shrimataji.org\/test\/wp-json\/wp\/v2\/media?parent=12025"}],"curies":[{"name":"wp","href":"https:\/\/api.w.org\/{rel}","templated":true}]}}