{"id":12064,"date":"2018-07-10T06:54:42","date_gmt":"2018-07-10T06:54:42","guid":{"rendered":"http:\/\/testwordpress.nirmalnagari.org\/smnd\/index.php\/travel\/"},"modified":"2026-04-14T17:28:12","modified_gmt":"2026-04-14T17:28:12","slug":"jej-programy-publiczne","status":"publish","type":"page","link":"https:\/\/shrimataji.org\/test\/pl\/jej-programy-publiczne\/","title":{"rendered":"Jej programy publiczne"},"content":{"rendered":"\n\n\t<h1>Jej programy publiczne<\/h1>\n<h2>Globalna dzia\u0142alno\u015b\u0107<\/h2>\n\t<h4>Od momentu, gdy w 1970 roku przedstawi\u0142a technik\u0119 Sahad\u017aa Jogi, \u015ari Matad\u017ai niemal nieustannie by\u0142a w ruchu: prowadzi\u0142a programy publiczne, udziela\u0142a wywiad\u00f3w mediom, przemawia\u0142a na mi\u0119dzynarodowych konferencjach i seminariach, zak\u0142ada\u0142a organizacje pozarz\u0105dowe oraz sp\u0119dza\u0142a czas z tymi, kt\u00f3rych nazywa\u0142a swoj\u0105 \u201eglobaln\u0105 rodzin\u0105&#8221;.<\/h4>\n<p>Nie by\u0142o miejsca zbyt ma\u0142ego ani zbyt odleg\u0142ego, by do niego nie dotrze\u0107. Od podn\u00f3\u017cy Himalaj\u00f3w po australijski interior, od Londynu przez Stambu\u0142 a\u017c po Los Angeles &#8211; \u015ari Matad\u017ai po\u015bwi\u0119ca\u0142a sw\u00f3j czas, aby dzieli\u0107 si\u0119 do\u015bwiadczeniem samorealizacji z ka\u017cdym, kto tego pragn\u0105\u0142. Od pocz\u0105tku lat 70. przez ca\u0142e lata 80. nieustannie i niestrudzenie podr\u00f3\u017cowa\u0142a po Europie, Australii i Ameryce P\u00f3\u0142nocnej. W latach 90. jej dzia\u0142alno\u015b\u0107 rozszerzy\u0142a si\u0119 na Ameryk\u0119 Po\u0142udniow\u0105, Afryk\u0119, Rosj\u0119, Europ\u0119 Wschodni\u0105, Azj\u0119 oraz region Pacyfiku. Przyk\u0142adowo, w roku 1990 jej harmonogram obejmowa\u0142 ponad dwie\u015bcie wydarze\u0144 w dwudziestu sze\u015bciu krajach, w tym w Brazylii, Indiach, Australii, Nowej Zelandii, Rosji, Francji, Anglii, Polsce, Hiszpanii, W\u0142oszech, Stanach Zjednoczonych i wielu innych. W tym jednym roku pokona\u0142a ponad 135 000 kilometr\u00f3w &#8211; co odpowiada trzykrotnemu okr\u0105\u017ceniu Ziemi.<\/p>\n<p>By\u0142a to niezwyk\u0142a skala podr\u00f3\u017cy. W ci\u0105gu nieco ponad 40 lat naucza\u0142a i zakorzeni\u0142a Sahad\u017aa Jog\u0119 w ponad 100 krajach &#8211; co \u015bwiadczy o jej niewyczerpanej energii i ca\u0142kowitym oddaniu sprawie duchowej przemiany na ca\u0142ym \u015bwiecie.<\/p>\n<p>Poni\u017csza interaktywna mapa zawiera nagrania audio i wideo z r\u00f3\u017cnych program\u00f3w publicznych, wywiad\u00f3w medialnych, konferencji, warsztat\u00f3w i seminari\u00f3w z udzia\u0142em \u015ari Matad\u017ai z lat 1970-2011. Klikni\u0119cie znacznika lub ich grupy pozwala uzyska\u0107 wi\u0119cej informacji, w tym dost\u0119p do nagra\u0144 z danego miejsca.<\/p>\n\t<p><iframe loading=\"lazy\" src=\"https:\/\/shrimataji.org\/map\/amruta_map_newest.html\" name=\"travel_frame\" width=\"100%\" height=\"500px\" scrolling=\"no\" allowfullscreen=\"allowfullscreen\"><\/iframe><\/p>\n\t<style>\n    form {\n        display: flex;\n        flex-wrap: wrap;\n        gap: 10px;\n    }\n    label {\n        flex: 1 100px;\n        text-align: right;\n        margin-right: 10px;\n        margin-left: 5px;\n    }\n    select {\n        width: 200px;\n        flex: 1;\n        max-width: 300px;\n        margin-right: 10px;\n        margin-left: 5px;        \n    }\n    .spacer {\n      margin-bottom: 20px;\n    }\n<\/style>\n<form id=\"filterForm\">\n    <label for=\"subtitle\">Video subtitle:<\/label>\n    <select id=\"subtitle\" name=\"subtitle\">\n        <option value=\"all\">All<\/option>\n    <\/select>\n    <label for=\"country\">Country:<\/label>\n    <select id=\"country\" name=\"country\" onchange=\"populateCities(this)\">\n        <option value=\"all\">All<\/option>\n    <\/select>\n    <label for=\"city\">City:<\/label>\n    <select id=\"city\" name=\"city\">\n        <option value=\"all\">All<\/option>\n    <\/select>\n    <label for=\"period\">Year:<\/label>\n    <select id=\"period\" name=\"period\">\n        <option value=\"all\">All<\/option>\n    <\/select>\n    <label for=\"category\">Category:<\/label>\n    <select id=\"category\" name=\"category\">\n        <option value=\"all\">All<\/option>\n        <option value=\"Public Program\">Public Program<\/option>\n        <option value=\"Conference\">Conference<\/option>\n        <option value=\"Interview\">Interview<\/option>\n    <\/select>\n        <a target=\"_self\" onclick=\"resetSelectFields()\">Reset<\/a>\n    <!-- Add additional filter fields or submit button as needed -->\n<\/form>\n\n","protected":false},"excerpt":{"rendered":"<p>Jej programy publiczne Globalna dzia\u0142alno\u015b\u0107 Od momentu, gdy w 1970 roku przedstawi\u0142a technik\u0119 Sahad\u017aa Jogi, \u015ari Matad\u017ai niemal nieustannie by\u0142a w ruchu: prowadzi\u0142a programy publiczne, udziela\u0142a wywiad\u00f3w mediom, przemawia\u0142a na mi\u0119dzynarodowych konferencjach i seminariach, zak\u0142ada\u0142a organizacje pozarz\u0105dowe oraz sp\u0119dza\u0142a czas z tymi, kt\u00f3rych nazywa\u0142a swoj\u0105 \u201eglobaln\u0105 rodzin\u0105&#8221;. Nie by\u0142o miejsca zbyt ma\u0142ego ani zbyt odleg\u0142ego,&hellip; <br \/> <a class=\"read-more\" href=\"https:\/\/shrimataji.org\/test\/pl\/jej-programy-publiczne\/\">Read more<\/a><\/p>\n","protected":false},"author":17,"featured_media":112,"parent":0,"menu_order":0,"comment_status":"closed","ping_status":"closed","template":"pro\/page-templates\/full-width-page.php","meta":{"inline_featured_image":false,"footnotes":""},"class_list":["post-12064","page","type-page","status-publish","has-post-thumbnail","hentry"],"yoast_head":"<!-- This site is optimized with the Yoast SEO plugin v27.4 - https:\/\/yoast.com\/product\/yoast-seo-wordpress\/ -->\n<title>Jej programy publiczne - TEST - SMND<\/title>\n<meta name=\"robots\" content=\"noindex, follow, max-snippet:-1, max-image-preview:large, max-video-preview:-1\" \/>\n<meta property=\"og:locale\" content=\"en_US\" \/>\n<meta property=\"og:type\" content=\"article\" \/>\n<meta property=\"og:title\" content=\"Jej programy publiczne - TEST - SMND\" \/>\n<meta property=\"og:description\" content=\"Jej programy publiczne Globalna dzia\u0142alno\u015b\u0107 Od momentu, gdy w 1970 roku przedstawi\u0142a technik\u0119 Sahad\u017aa Jogi, \u015ari Matad\u017ai niemal nieustannie by\u0142a w ruchu: prowadzi\u0142a programy publiczne, udziela\u0142a wywiad\u00f3w mediom, przemawia\u0142a na mi\u0119dzynarodowych konferencjach i seminariach, zak\u0142ada\u0142a organizacje pozarz\u0105dowe oraz sp\u0119dza\u0142a czas z tymi, kt\u00f3rych nazywa\u0142a swoj\u0105 \u201eglobaln\u0105 rodzin\u0105&#8221;. Nie by\u0142o miejsca zbyt ma\u0142ego ani zbyt odleg\u0142ego,&hellip; Read more\" \/>\n<meta property=\"og:url\" content=\"https:\/\/shrimataji.org\/test\/pl\/jej-programy-publiczne\/\" \/>\n<meta property=\"og:site_name\" content=\"TEST - SMND\" \/>\n<meta property=\"article:publisher\" content=\"https:\/\/www.facebook.com\/shrimataji\" \/>\n<meta property=\"article:modified_time\" content=\"2026-04-14T17:28:12+00:00\" \/>\n<meta property=\"og:image\" content=\"https:\/\/shrimataji.org\/test\/wp-content\/uploads\/2018\/07\/media_originals\/images\/headers-general\/shri-mataji-nirmala-devi-traveling.jpg\" \/>\n\t<meta property=\"og:image:width\" content=\"990\" \/>\n\t<meta property=\"og:image:height\" content=\"350\" \/>\n\t<meta property=\"og:image:type\" content=\"image\/jpeg\" \/>\n<meta name=\"twitter:card\" content=\"summary_large_image\" \/>\n<meta name=\"twitter:site\" content=\"@shrimataji\" \/>\n<script type=\"application\/ld+json\" class=\"yoast-schema-graph\">{\"@context\":\"https:\\\/\\\/schema.org\",\"@graph\":[{\"@type\":\"WebPage\",\"@id\":\"https:\\\/\\\/shrimataji.org\\\/test\\\/pl\\\/jej-programy-publiczne\\\/\",\"url\":\"https:\\\/\\\/shrimataji.org\\\/test\\\/pl\\\/jej-programy-publiczne\\\/\",\"name\":\"Jej programy publiczne - TEST - SMND\",\"isPartOf\":{\"@id\":\"https:\\\/\\\/shrimataji.org\\\/test\\\/#website\"},\"primaryImageOfPage\":{\"@id\":\"https:\\\/\\\/shrimataji.org\\\/test\\\/pl\\\/jej-programy-publiczne\\\/#primaryimage\"},\"image\":{\"@id\":\"https:\\\/\\\/shrimataji.org\\\/test\\\/pl\\\/jej-programy-publiczne\\\/#primaryimage\"},\"thumbnailUrl\":\"https:\\\/\\\/shrimataji.org\\\/test\\\/wp-content\\\/uploads\\\/2018\\\/07\\\/media_originals\\\/images\\\/headers-general\\\/shri-mataji-nirmala-devi-traveling.jpg\",\"datePublished\":\"2018-07-10T06:54:42+00:00\",\"dateModified\":\"2026-04-14T17:28:12+00:00\",\"breadcrumb\":{\"@id\":\"https:\\\/\\\/shrimataji.org\\\/test\\\/pl\\\/jej-programy-publiczne\\\/#breadcrumb\"},\"inLanguage\":\"en-US\",\"potentialAction\":[{\"@type\":\"ReadAction\",\"target\":[\"https:\\\/\\\/shrimataji.org\\\/test\\\/pl\\\/jej-programy-publiczne\\\/\"]}]},{\"@type\":\"ImageObject\",\"inLanguage\":\"en-US\",\"@id\":\"https:\\\/\\\/shrimataji.org\\\/test\\\/pl\\\/jej-programy-publiczne\\\/#primaryimage\",\"url\":\"https:\\\/\\\/shrimataji.org\\\/test\\\/wp-content\\\/uploads\\\/2018\\\/07\\\/media_originals\\\/images\\\/headers-general\\\/shri-mataji-nirmala-devi-traveling.jpg\",\"contentUrl\":\"https:\\\/\\\/shrimataji.org\\\/test\\\/wp-content\\\/uploads\\\/2018\\\/07\\\/media_originals\\\/images\\\/headers-general\\\/shri-mataji-nirmala-devi-traveling.jpg\",\"width\":990,\"height\":350},{\"@type\":\"BreadcrumbList\",\"@id\":\"https:\\\/\\\/shrimataji.org\\\/test\\\/pl\\\/jej-programy-publiczne\\\/#breadcrumb\",\"itemListElement\":[{\"@type\":\"ListItem\",\"position\":1,\"name\":\"Home\",\"item\":\"https:\\\/\\\/shrimataji.org\\\/test\\\/uk\\\/home-en\\\/\"},{\"@type\":\"ListItem\",\"position\":2,\"name\":\"Jej programy publiczne\"}]},{\"@type\":\"WebSite\",\"@id\":\"https:\\\/\\\/shrimataji.org\\\/test\\\/#website\",\"url\":\"https:\\\/\\\/shrimataji.org\\\/test\\\/\",\"name\":\"Shri Mataji Nirmala Devi\",\"description\":\"A Life Dedicated to Humanity\",\"publisher\":{\"@id\":\"https:\\\/\\\/shrimataji.org\\\/test\\\/#\\\/schema\\\/person\\\/a1b3419c6585f164aa96da1ff85715d1\"},\"potentialAction\":[{\"@type\":\"SearchAction\",\"target\":{\"@type\":\"EntryPoint\",\"urlTemplate\":\"https:\\\/\\\/shrimataji.org\\\/test\\\/?s={search_term_string}\"},\"query-input\":{\"@type\":\"PropertyValueSpecification\",\"valueRequired\":true,\"valueName\":\"search_term_string\"}}],\"inLanguage\":\"en-US\"},{\"@type\":[\"Person\",\"Organization\"],\"@id\":\"https:\\\/\\\/shrimataji.org\\\/test\\\/#\\\/schema\\\/person\\\/a1b3419c6585f164aa96da1ff85715d1\",\"name\":\"Nirmala Shrivastava\",\"image\":{\"@type\":\"ImageObject\",\"inLanguage\":\"en-US\",\"@id\":\"https:\\\/\\\/shrimataji.org\\\/test\\\/wp-content\\\/uploads\\\/2023\\\/02\\\/SMO_LOGO-03.svg\",\"url\":\"https:\\\/\\\/shrimataji.org\\\/test\\\/wp-content\\\/uploads\\\/2023\\\/02\\\/SMO_LOGO-03.svg\",\"contentUrl\":\"https:\\\/\\\/shrimataji.org\\\/test\\\/wp-content\\\/uploads\\\/2023\\\/02\\\/SMO_LOGO-03.svg\",\"width\":\"1024\",\"height\":\"1024\",\"caption\":\"Nirmala Shrivastava\"},\"logo\":{\"@id\":\"https:\\\/\\\/shrimataji.org\\\/test\\\/wp-content\\\/uploads\\\/2023\\\/02\\\/SMO_LOGO-03.svg\"},\"sameAs\":[\"https:\\\/\\\/shrimataji.org\\\/test\",\"https:\\\/\\\/www.facebook.com\\\/shrimataji\",\"https:\\\/\\\/x.com\\\/shrimataji\",\"https:\\\/\\\/www.youtube.com\\\/@Shri_Mataji_Nirmala_Devi\\\/featured\"]}]}<\/script>\n<!-- \/ Yoast SEO plugin. -->","yoast_head_json":{"title":"Jej programy publiczne - TEST - SMND","robots":{"index":"noindex","follow":"follow","max-snippet":"max-snippet:-1","max-image-preview":"max-image-preview:large","max-video-preview":"max-video-preview:-1"},"og_locale":"en_US","og_type":"article","og_title":"Jej programy publiczne - TEST - SMND","og_description":"Jej programy publiczne Globalna dzia\u0142alno\u015b\u0107 Od momentu, gdy w 1970 roku przedstawi\u0142a technik\u0119 Sahad\u017aa Jogi, \u015ari Matad\u017ai niemal nieustannie by\u0142a w ruchu: prowadzi\u0142a programy publiczne, udziela\u0142a wywiad\u00f3w mediom, przemawia\u0142a na mi\u0119dzynarodowych konferencjach i seminariach, zak\u0142ada\u0142a organizacje pozarz\u0105dowe oraz sp\u0119dza\u0142a czas z tymi, kt\u00f3rych nazywa\u0142a swoj\u0105 \u201eglobaln\u0105 rodzin\u0105&#8221;. Nie by\u0142o miejsca zbyt ma\u0142ego ani zbyt odleg\u0142ego,&hellip; Read more","og_url":"https:\/\/shrimataji.org\/test\/pl\/jej-programy-publiczne\/","og_site_name":"TEST - SMND","article_publisher":"https:\/\/www.facebook.com\/shrimataji","article_modified_time":"2026-04-14T17:28:12+00:00","og_image":[{"width":990,"height":350,"url":"https:\/\/shrimataji.org\/test\/wp-content\/uploads\/2018\/07\/media_originals\/images\/headers-general\/shri-mataji-nirmala-devi-traveling.jpg","type":"image\/jpeg"}],"twitter_card":"summary_large_image","twitter_site":"@shrimataji","schema":{"@context":"https:\/\/schema.org","@graph":[{"@type":"WebPage","@id":"https:\/\/shrimataji.org\/test\/pl\/jej-programy-publiczne\/","url":"https:\/\/shrimataji.org\/test\/pl\/jej-programy-publiczne\/","name":"Jej programy publiczne - TEST - SMND","isPartOf":{"@id":"https:\/\/shrimataji.org\/test\/#website"},"primaryImageOfPage":{"@id":"https:\/\/shrimataji.org\/test\/pl\/jej-programy-publiczne\/#primaryimage"},"image":{"@id":"https:\/\/shrimataji.org\/test\/pl\/jej-programy-publiczne\/#primaryimage"},"thumbnailUrl":"https:\/\/shrimataji.org\/test\/wp-content\/uploads\/2018\/07\/media_originals\/images\/headers-general\/shri-mataji-nirmala-devi-traveling.jpg","datePublished":"2018-07-10T06:54:42+00:00","dateModified":"2026-04-14T17:28:12+00:00","breadcrumb":{"@id":"https:\/\/shrimataji.org\/test\/pl\/jej-programy-publiczne\/#breadcrumb"},"inLanguage":"en-US","potentialAction":[{"@type":"ReadAction","target":["https:\/\/shrimataji.org\/test\/pl\/jej-programy-publiczne\/"]}]},{"@type":"ImageObject","inLanguage":"en-US","@id":"https:\/\/shrimataji.org\/test\/pl\/jej-programy-publiczne\/#primaryimage","url":"https:\/\/shrimataji.org\/test\/wp-content\/uploads\/2018\/07\/media_originals\/images\/headers-general\/shri-mataji-nirmala-devi-traveling.jpg","contentUrl":"https:\/\/shrimataji.org\/test\/wp-content\/uploads\/2018\/07\/media_originals\/images\/headers-general\/shri-mataji-nirmala-devi-traveling.jpg","width":990,"height":350},{"@type":"BreadcrumbList","@id":"https:\/\/shrimataji.org\/test\/pl\/jej-programy-publiczne\/#breadcrumb","itemListElement":[{"@type":"ListItem","position":1,"name":"Home","item":"https:\/\/shrimataji.org\/test\/uk\/home-en\/"},{"@type":"ListItem","position":2,"name":"Jej programy publiczne"}]},{"@type":"WebSite","@id":"https:\/\/shrimataji.org\/test\/#website","url":"https:\/\/shrimataji.org\/test\/","name":"Shri Mataji Nirmala Devi","description":"A Life Dedicated to Humanity","publisher":{"@id":"https:\/\/shrimataji.org\/test\/#\/schema\/person\/a1b3419c6585f164aa96da1ff85715d1"},"potentialAction":[{"@type":"SearchAction","target":{"@type":"EntryPoint","urlTemplate":"https:\/\/shrimataji.org\/test\/?s={search_term_string}"},"query-input":{"@type":"PropertyValueSpecification","valueRequired":true,"valueName":"search_term_string"}}],"inLanguage":"en-US"},{"@type":["Person","Organization"],"@id":"https:\/\/shrimataji.org\/test\/#\/schema\/person\/a1b3419c6585f164aa96da1ff85715d1","name":"Nirmala Shrivastava","image":{"@type":"ImageObject","inLanguage":"en-US","@id":"https:\/\/shrimataji.org\/test\/wp-content\/uploads\/2023\/02\/SMO_LOGO-03.svg","url":"https:\/\/shrimataji.org\/test\/wp-content\/uploads\/2023\/02\/SMO_LOGO-03.svg","contentUrl":"https:\/\/shrimataji.org\/test\/wp-content\/uploads\/2023\/02\/SMO_LOGO-03.svg","width":"1024","height":"1024","caption":"Nirmala Shrivastava"},"logo":{"@id":"https:\/\/shrimataji.org\/test\/wp-content\/uploads\/2023\/02\/SMO_LOGO-03.svg"},"sameAs":["https:\/\/shrimataji.org\/test","https:\/\/www.facebook.com\/shrimataji","https:\/\/x.com\/shrimataji","https:\/\/www.youtube.com\/@Shri_Mataji_Nirmala_Devi\/featured"]}]}},"lang":"pl","translations":{"pl":12064,"ur":37483,"en":394,"pa":25899,"gu":25502,"th":20032,"hu":19544,"sq":18459,"zh":17356,"tr":10198,"pt":10408,"de":10682,"fr":10780,"it":10878,"es":10975,"ja":11272,"ru":11460,"bn":11652,"te":11760,"sw":11883,"he":12031,"el":12323,"sk":12421,"fa":12519,"fi":12617,"bg":13467,"ro":14539,"cs":14732,"nl":16619,"ku":16779,"ar":16955,"be":18666,"kn":18940,"mr":20396,"uk":20690,"ml":20985,"ta":22777,"sv":23047,"bs":27290,"fil":29495,"sd":31002,"da":37794,"nn":38346},"pll_sync_post":[],"_links":{"self":[{"href":"https:\/\/shrimataji.org\/test\/wp-json\/wp\/v2\/pages\/12064","targetHints":{"allow":["GET"]}}],"collection":[{"href":"https:\/\/shrimataji.org\/test\/wp-json\/wp\/v2\/pages"}],"about":[{"href":"https:\/\/shrimataji.org\/test\/wp-json\/wp\/v2\/types\/page"}],"author":[{"embeddable":true,"href":"https:\/\/shrimataji.org\/test\/wp-json\/wp\/v2\/users\/17"}],"replies":[{"embeddable":true,"href":"https:\/\/shrimataji.org\/test\/wp-json\/wp\/v2\/comments?post=12064"}],"version-history":[{"count":0,"href":"https:\/\/shrimataji.org\/test\/wp-json\/wp\/v2\/pages\/12064\/revisions"}],"wp:featuredmedia":[{"embeddable":true,"href":"https:\/\/shrimataji.org\/test\/wp-json\/wp\/v2\/media\/112"}],"wp:attachment":[{"href":"https:\/\/shrimataji.org\/test\/wp-json\/wp\/v2\/media?parent=12064"}],"curies":[{"name":"wp","href":"https:\/\/api.w.org\/{rel}","templated":true}]}}