{"id":12356,"date":"2011-10-02T03:00:00","date_gmt":"2011-10-02T03:00:00","guid":{"rendered":"http:\/\/testwordpress.nirmalnagari.org\/smnd\/index.php\/a-noble-inheritance\/"},"modified":"2026-03-11T16:27:18","modified_gmt":"2026-03-11T16:27:18","slug":"vznesene-dedicstvo","status":"publish","type":"page","link":"https:\/\/shrimataji.org\/test\/sk\/vznesene-dedicstvo\/","title":{"rendered":"Vzne\u0161en\u00e9 dedi\u010dstvo"},"content":{"rendered":"\n\n\t<h1>Vzne\u0161en\u00e9 dedi\u010dstvo<\/h1>\n<h2>Potomkovia dynastie \u0160alivahana<\/h2>\n\t<h4>V de\u0148 jarnej rovnodennosti &#8211; 21. marca v roku 1923, presne na poludnie, v meste Chindwara &#8211; ktor\u00e1 le\u017e\u00ed v geografickom strede Indie, sa narodila Nirmala Salve. Od \u00fatleho detstva bolo na nej mo\u017en\u00e9 vidie\u0165 u\u0161\u013eachtil\u00e9 vlastnosti jej predkov.<\/h4>\n\t\t<img decoding=\"async\" data-spai-excluded=\"true\" loading=\"lazy\"  alt=\"YouTube player\"  src=\"https:\/\/i.ytimg.com\/vi\/PWHnhJCTwLA\/maxresdefault.jpg\"  \/><button aria-label=\"Play\"><\/button><meta itemprop=\"embedUrl\" content=\"https:\/\/www.youtube.com\/embed\/PWHnhJCTwLA\"\/><meta itemprop=\"name\" content=\"Family, Birth And Education\"\/><meta itemprop=\"description\" content=\"Shri Mataji&#039;s parents were educated and enlightened people. She speaks about their encounter with a tiger just before her birth. Shri Mataji&#039;s mother felt great compassion towards this animal. The ease and purity of the birth gave them cause to call their child Nirmala, meaning &#039;immaculate.&#039; They felt she was certain to do something great. Her father guided her to an understanding of humans and encouraged her to give Realization. More videos at: http:\/\/ShriMataji.org ~ A Life Dedicated to Humanity ~\"\/><meta itemprop=\"thumbnailUrl\" content=\"https:\/\/i.ytimg.com\/vi\/PWHnhJCTwLA\/0.jpg\"\/><meta itemprop=\"duration\" content=\"PT5M31S\"\/><meta itemprop=\"uploadDate\" content=\"2020-07-20T00:16:36Z\"\/>\t\n\t<p>Jej star\u00e1 mama, Sakhubai Salve, prejavila svoju odvahu a dobr\u00fa povahu, ktor\u00e1 bola \u010drtou jej predkov po st\u00e1ro\u010dia. V roku 1883 Sakhubai vo vysokom \u0161t\u00e1diu tehotenstva stratilla man\u017eela za tragick\u00fdch okolnost\u00ed. Ohrozovan\u00e1 man\u017eelov\u00fdmi pr\u00edbuzn\u00fdmi (ktor\u00ed netolerovali skuto\u010dnos\u0165, \u017ee on a jeho rodina boli kres\u0165ania) vzala po\u010das jednej monz\u00fanovej noci svoje \u0161tyri deti a vydala sa domov cez rozb\u00faren\u00fa rieku.<\/p>\nSakhubai mala tak\u00fa vieru, \u017ee napriek svojej fyzickej kond\u00edcii, s\u00e1r\u00ed dlh\u00e9mu vy\u0161e 8 metrov, prudk\u00e9mu da\u017e\u010fu a rozvodnenej rieke sa jej podarilo so svojimi de\u0165mi prejs\u0165. Nasledovne museli prejs\u0165 8 kilometrov na najbli\u017e\u0161iu \u017eelezni\u010dn\u00fa stanicu. Na \u00fasvite nast\u00fapili na vlak smer Ujjain, kde b\u00fdval jej brat. Za t\u00fdchto \u0165a\u017ek\u00fdch okolnost\u00ed sa narodil Prasad Rao Salve, otec \u0160ri Matad\u017ei.\n\t<p>Sakhubai a jej deti museli \u010deli\u0165 ve\u013emi skromn\u00fdm podmienkam, ke\u010f\u017ee predt\u00fdm \u017eili v blahobyte. Av\u0161ak vzdelanie jej det\u00ed bolo pre \u0148u prvorad\u00e9, a tak im v\u0161tepovala zmysel pre sebaobetovanie a odhodlanie. Ke\u010f doma do\u0161iel petrolej, u\u010dili sa pod pouli\u010dn\u00fdmi lampami.<\/p>\n<p>Najmlad\u0161\u00ed Prasad Rao, bol v\u00fdnimo\u010dne nadan\u00fd \u0161tudent a po\u010das svojich \u0161t\u00fadi\u00ed dost\u00e1val \u0161tipendi\u00e1, a tak vy\u0161tudoval pr\u00e1vo a nast\u00fapil do zn\u00e1mej firmy v meste \u010cindwara. \u010coskoro sa o\u017eenil, ale, \u017eia\u013e, vo veku 37 rokov ovdovel a ostalo mu p\u00e4\u0165 det\u00ed. Hoci sa zdr\u00e1hal, jeho pr\u00edbuzn\u00ed ho nakoniec presved\u010dili, aby sa znovu o\u017eenil pre blaho svojich det\u00ed.<\/p>\n<p>Cornelia Karuna Jadhav bola mlad\u00e1 \u017eena z Nagpuru a bola prvou \u017eenou v Indii, ktor\u00e1 z\u00edskala diplom z matematiky. Bola znalky\u0148ou sanskritu a ve\u013emi dobre sa orientovala v starovekej indickej kult\u00fare. Ke\u010f\u017ee bola ve\u013emi vzdelan\u00e1, bolo pre jej otca \u0165a\u017ek\u00e9 n\u00e1js\u0165 pre \u0148u partnera s minim\u00e1lne rovnak\u00fdm, ak nie vy\u0161\u0161\u00edm vzdelan\u00edm.<\/p>\n<p>Prostredn\u00edctvom spolo\u010dn\u00fdch priate\u013eov poslal Prasad Rao Cornelii jej otcovi ponuku na sob\u00e1\u0161. Nebolo \u013eahk\u00e9 rozhodnutie, \u010di prija\u0165 tento n\u00e1vrh vdovca s piatimi de\u0165mi. Cornelia v\u0161ak bola ohromen\u00e1 inteligenciou a vierou tohto mu\u017ea, citila hlbok\u00fd s\u00facit s jeho de\u0165mi, ktor\u00e9 v mladom veku ostali bez matky. Zosob\u00e1\u0161ili sa 21. j\u00fana 1920.<\/p>\n\t<div class=\"su-quote su-quote-style-default\"><div class=\"su-quote-inner su-u-clearfix su-u-trim\"> Moji predkovia vl\u00e1dli na tomto mieste, toto bolo hlavn\u00e9 mesto \u0160alivahanov, zvan\u00e9 Prati\u0161tan alebo jednoducho Paitan.<\/p>\n<p>Vl\u00e1dli tu tis\u00edce rokov, oni za\u010dali dynastiu \u0160alivahanov, v skuto\u010dnosti sa takto pomenovali ako Satvahan &#8211; \u010do znamen\u00e1 sedem Vahanov (povozov). Reprezentuj\u00fa 7 povozov, \u010di\u017ee 7 \u010dakier. Je to prekvapuj\u00face, ak\u00e9 je to sahad\u017ea. <\/div><\/div>\n<p>&nbsp;<\/p>\n\t<p>Prasad Rao a Cornelia zdie\u013eali hlbok\u00fa l\u00e1sku ku svojej krajine a jej ve\u013ek\u00fdm duchovn\u00fdm trad\u00edci\u00e1m a hodnot\u00e1m. Ich dc\u00e9ra Nirmala mala v roku 1925 len dva roky, ke\u010f sa po prv\u00fdkr\u00e1t stretli s Mah\u00e1tma G\u00e1ndhim a toto stretnutie ich nesmierne ovplyvnilo. Rozpoznali a zdie\u013eali jeho v\u00edziu oslobodenia Indie prostredn\u00edctvom nen\u00e1siln\u00e9ho boja.<\/p>\n<p>Napriek tomu, \u017ee Prasad Rao dostal od Britov titul a \u017ee boli kres\u0165ania (\u010do v \u010dase britskej nadvl\u00e1dy znamenalo ve\u013ea privil\u00e9gi\u00ed), on a jeho man\u017eelka sa nev\u00e1hali pripoji\u0165 k hnutiu, \u010d\u00edm jasne vyjadrili svoj postoj &#8211; dokonca na n\u00e1mest\u00ed v Nagpure sp\u00e1lili svoje oble\u010denie vyroben\u00e9 v zahrani\u010d\u00ed. Kv\u00f4li svojmu zapojeniu sa do boja za slobodu boli obaja nieko\u013ekokr\u00e1t v\u00e4znen\u00ed, no stanovili si rodinn\u00e9 pravidlo, \u017ee kv\u00f4li nim nesmie nikto roni\u0165 slzy. Oslobodenie Indie bolo najd\u00f4le\u017eitej\u0161ou vecou a sebaobetovanie bolo pravidlom, nie v\u00fdnimkou.<\/p>\n\t<div class=\"epyt-video-wrapper\"><div  data-ep-a=\"fadeIn\"  style=\"display: block; margin: 0px auto;\"  id=\"_ytid_21724\"  width=\"3840\" height=\"2160\"  data-origwidth=\"3840\" data-origheight=\"2160\" data-facadesrc=\"https:\/\/www.youtube.com\/embed\/WOPg1lrL1ps?enablejsapi=1&autoplay=0&cc_load_policy=0&cc_lang_pref=&iv_load_policy=1&loop=0&rel=0&fs=1&playsinline=1&autohide=2&theme=dark&color=red&controls=1&disablekb=0&\" class=\"__youtube_prefs__ epyt-facade  no-lazyload\" data-epautoplay=\"1\" ><img decoding=\"async\" data-spai-excluded=\"true\" class=\"epyt-facade-poster skip-lazy\" loading=\"lazy\"  alt=\"YouTube player\"  src=\"https:\/\/i.ytimg.com\/vi\/WOPg1lrL1ps\/maxresdefault.jpg\"  \/><button class=\"epyt-facade-play\" aria-label=\"Play\"><svg data-no-lazy=\"1\" height=\"100%\" version=\"1.1\" viewBox=\"0 0 68 48\" width=\"100%\"><path class=\"ytp-large-play-button-bg\" d=\"M66.52,7.74c-0.78-2.93-2.49-5.41-5.42-6.19C55.79,.13,34,0,34,0S12.21,.13,6.9,1.55 C3.97,2.33,2.27,4.81,1.48,7.74C0.06,13.05,0,24,0,24s0.06,10.95,1.48,16.26c0.78,2.93,2.49,5.41,5.42,6.19 C12.21,47.87,34,48,34,48s21.79-0.13,27.1-1.55c2.93-0.78,4.64-3.26,5.42-6.19C67.94,34.95,68,24,68,24S67.94,13.05,66.52,7.74z\" fill=\"#f00\"><\/path><path d=\"M 45,24 27,14 27,34\" fill=\"#fff\"><\/path><\/svg><\/button><\/div><\/div><span itemprop=\"video\" itemscope itemtype=\"http:\/\/schema.org\/VideoObject\"><meta itemprop=\"embedUrl\" content=\"https:\/\/www.youtube.com\/embed\/WOPg1lrL1ps\"><meta itemprop=\"name\" content=\"An Ideal Father And Leader\"><meta itemprop=\"description\" content=\"A learned man who fought for his people, Shri Mataji remembers her own father, Prasad Rao Salve. She describes a brilliant man of principle and ideals. He was a leader in the fight for Indian independence, willing to go to jail for a just cause -- once for more than three years. The immense sacrifices he made, inspired Shri Mataji forward in her life&#039;s work, giving her a sense of right and wrong. More videos at: http:\/\/ShriMataji.org ~ A Life Dedicated to Humanity ~\"><meta itemprop=\"thumbnailUrl\" content=\"https:\/\/i.ytimg.com\/vi\/WOPg1lrL1ps\/0.jpg\"><meta itemprop=\"duration\" content=\"PT2M31S\"><meta itemprop=\"uploadDate\" content=\"2020-07-20T00:13:01Z\"><\/span>\n\t<p>Ke\u010f\u017ee jej rodi\u010dia boli \u010dasto pre\u010d alebo vo v\u00e4zen\u00ed, \u0160ri Matad\u017ei prevzala vedenie dom\u00e1cnosti, aby jej star\u0161\u00ed s\u00farodenci mohli neru\u0161ene pokra\u010dova\u0165 vo svojom \u0161t\u00fadiu. Vtedy mala osem rokov.<\/p>\n<p>O nieko\u013eko rokov nesk\u00f4r bola \u0160ri Matad\u017ei dos\u0165 ve\u013ek\u00e1 na to, aby sa zapojila do boja za slobodu a podporovala v tom aj svojich spolu\u017eiakov. Aj ona bola Britmi v\u00e4znen\u00e1, dokonca mu\u010den\u00e1, ale jej du\u0161u t\u00e1to sk\u00fasenos\u0165 nezlomila. Po\u010das svojho \u017eivota na\u010falej zosob\u0148ovala ve\u010dn\u00e9 hodnoty svojich predkov &#8211; odvahu, obetavos\u0165 a s\u00facit.<\/p>\n<figure itemscope itemtype=\"https:\/\/schema.org\/ImageObject\">\n\t\t\t\t<img decoding=\"async\" src=\"https:\/\/shrimataji.org\/test\/wp-content\/uploads\/2018\/07\/media_originals\/images\/shri-mataji-and-family\/shri-mataji-nirmala-devi-and-family.jpg\" alt=\"shri-mataji-nirmala-devi-and-family\" height=\"1045\" width=\"1500\" title=\"shri-mataji-nirmala-devi-and-family\" onerror=\"this.style.display='none'\" loading=\"lazy\" \/>\n\t<\/figure>\n\t<hr \/>\n<h3>H. P. Salve, &#8220;Moje spomienky&#8221; Nov\u00e9 Dil\u00ed- Live Eternal Trust, 2000.<\/h3>\n\n","protected":false},"excerpt":{"rendered":"<p>Vzne\u0161en\u00e9 dedi\u010dstvo Potomkovia dynastie \u0160alivahana V de\u0148 jarnej rovnodennosti &#8211; 21. marca v roku 1923, presne na poludnie, v meste Chindwara &#8211; ktor\u00e1 le\u017e\u00ed v geografickom strede Indie, sa narodila Nirmala Salve. Od \u00fatleho detstva bolo na nej mo\u017en\u00e9 vidie\u0165 u\u0161\u013eachtil\u00e9 vlastnosti jej predkov. Jej star\u00e1 mama, Sakhubai Salve, prejavila svoju odvahu a dobr\u00fa povahu,&hellip; <br \/> <a class=\"read-more\" href=\"https:\/\/shrimataji.org\/test\/sk\/vznesene-dedicstvo\/\">Read more<\/a><\/p>\n","protected":false},"author":28,"featured_media":9512,"parent":0,"menu_order":0,"comment_status":"closed","ping_status":"closed","template":"pro\/page-templates\/full-width-page.php","meta":{"inline_featured_image":false,"footnotes":""},"class_list":["post-12356","page","type-page","status-publish","has-post-thumbnail","hentry"],"yoast_head":"<!-- This site is optimized with the Yoast SEO plugin v27.4 - https:\/\/yoast.com\/product\/yoast-seo-wordpress\/ -->\n<title>Vzne\u0161en\u00e9 dedi\u010dstvo - TEST - SMND<\/title>\n<meta name=\"robots\" content=\"noindex, follow, max-snippet:-1, max-image-preview:large, max-video-preview:-1\" \/>\n<meta property=\"og:locale\" content=\"en_US\" \/>\n<meta property=\"og:type\" content=\"article\" \/>\n<meta property=\"og:title\" content=\"Vzne\u0161en\u00e9 dedi\u010dstvo - TEST - SMND\" \/>\n<meta property=\"og:description\" content=\"Vzne\u0161en\u00e9 dedi\u010dstvo Potomkovia dynastie \u0160alivahana V de\u0148 jarnej rovnodennosti &#8211; 21. marca v roku 1923, presne na poludnie, v meste Chindwara &#8211; ktor\u00e1 le\u017e\u00ed v geografickom strede Indie, sa narodila Nirmala Salve. Od \u00fatleho detstva bolo na nej mo\u017en\u00e9 vidie\u0165 u\u0161\u013eachtil\u00e9 vlastnosti jej predkov. Jej star\u00e1 mama, Sakhubai Salve, prejavila svoju odvahu a dobr\u00fa povahu,&hellip; Read more\" \/>\n<meta property=\"og:url\" content=\"https:\/\/shrimataji.org\/test\/sk\/vznesene-dedicstvo\/\" \/>\n<meta property=\"og:site_name\" content=\"TEST - SMND\" \/>\n<meta property=\"article:publisher\" content=\"https:\/\/www.facebook.com\/shrimataji\" \/>\n<meta property=\"article:modified_time\" content=\"2026-03-11T16:27:18+00:00\" \/>\n<meta property=\"og:image\" content=\"https:\/\/shrimataji.org\/test\/wp-content\/uploads\/2023\/03\/7_Banner-Family_NobleInheritance-scaled.jpg\" \/>\n\t<meta property=\"og:image:width\" content=\"2560\" \/>\n\t<meta property=\"og:image:height\" content=\"905\" \/>\n\t<meta property=\"og:image:type\" content=\"image\/jpeg\" \/>\n<meta name=\"twitter:card\" content=\"summary_large_image\" \/>\n<meta name=\"twitter:site\" content=\"@shrimataji\" \/>\n<meta name=\"twitter:label1\" content=\"Est. reading time\" \/>\n\t<meta name=\"twitter:data1\" content=\"4 minutes\" \/>\n<script type=\"application\/ld+json\" class=\"yoast-schema-graph\">{\"@context\":\"https:\\\/\\\/schema.org\",\"@graph\":[{\"@type\":\"WebPage\",\"@id\":\"https:\\\/\\\/shrimataji.org\\\/test\\\/sk\\\/vznesene-dedicstvo\\\/\",\"url\":\"https:\\\/\\\/shrimataji.org\\\/test\\\/sk\\\/vznesene-dedicstvo\\\/\",\"name\":\"Vzne\u0161en\u00e9 dedi\u010dstvo - TEST - SMND\",\"isPartOf\":{\"@id\":\"https:\\\/\\\/shrimataji.org\\\/test\\\/#website\"},\"primaryImageOfPage\":{\"@id\":\"https:\\\/\\\/shrimataji.org\\\/test\\\/sk\\\/vznesene-dedicstvo\\\/#primaryimage\"},\"image\":{\"@id\":\"https:\\\/\\\/shrimataji.org\\\/test\\\/sk\\\/vznesene-dedicstvo\\\/#primaryimage\"},\"thumbnailUrl\":\"https:\\\/\\\/shrimataji.org\\\/test\\\/wp-content\\\/uploads\\\/2023\\\/03\\\/7_Banner-Family_NobleInheritance-scaled.jpg\",\"datePublished\":\"2011-10-02T03:00:00+00:00\",\"dateModified\":\"2026-03-11T16:27:18+00:00\",\"breadcrumb\":{\"@id\":\"https:\\\/\\\/shrimataji.org\\\/test\\\/sk\\\/vznesene-dedicstvo\\\/#breadcrumb\"},\"inLanguage\":\"en-US\",\"potentialAction\":[{\"@type\":\"ReadAction\",\"target\":[\"https:\\\/\\\/shrimataji.org\\\/test\\\/sk\\\/vznesene-dedicstvo\\\/\"]}]},{\"@type\":\"ImageObject\",\"inLanguage\":\"en-US\",\"@id\":\"https:\\\/\\\/shrimataji.org\\\/test\\\/sk\\\/vznesene-dedicstvo\\\/#primaryimage\",\"url\":\"https:\\\/\\\/shrimataji.org\\\/test\\\/wp-content\\\/uploads\\\/2023\\\/03\\\/7_Banner-Family_NobleInheritance-scaled.jpg\",\"contentUrl\":\"https:\\\/\\\/shrimataji.org\\\/test\\\/wp-content\\\/uploads\\\/2023\\\/03\\\/7_Banner-Family_NobleInheritance-scaled.jpg\",\"width\":2560,\"height\":905},{\"@type\":\"BreadcrumbList\",\"@id\":\"https:\\\/\\\/shrimataji.org\\\/test\\\/sk\\\/vznesene-dedicstvo\\\/#breadcrumb\",\"itemListElement\":[{\"@type\":\"ListItem\",\"position\":1,\"name\":\"Home\",\"item\":\"https:\\\/\\\/shrimataji.org\\\/test\\\/uk\\\/home-en\\\/\"},{\"@type\":\"ListItem\",\"position\":2,\"name\":\"Vzne\u0161en\u00e9 dedi\u010dstvo\"}]},{\"@type\":\"WebSite\",\"@id\":\"https:\\\/\\\/shrimataji.org\\\/test\\\/#website\",\"url\":\"https:\\\/\\\/shrimataji.org\\\/test\\\/\",\"name\":\"Shri Mataji Nirmala Devi\",\"description\":\"A Life Dedicated to Humanity\",\"publisher\":{\"@id\":\"https:\\\/\\\/shrimataji.org\\\/test\\\/#\\\/schema\\\/person\\\/a1b3419c6585f164aa96da1ff85715d1\"},\"potentialAction\":[{\"@type\":\"SearchAction\",\"target\":{\"@type\":\"EntryPoint\",\"urlTemplate\":\"https:\\\/\\\/shrimataji.org\\\/test\\\/?s={search_term_string}\"},\"query-input\":{\"@type\":\"PropertyValueSpecification\",\"valueRequired\":true,\"valueName\":\"search_term_string\"}}],\"inLanguage\":\"en-US\"},{\"@type\":[\"Person\",\"Organization\"],\"@id\":\"https:\\\/\\\/shrimataji.org\\\/test\\\/#\\\/schema\\\/person\\\/a1b3419c6585f164aa96da1ff85715d1\",\"name\":\"Nirmala Shrivastava\",\"image\":{\"@type\":\"ImageObject\",\"inLanguage\":\"en-US\",\"@id\":\"https:\\\/\\\/shrimataji.org\\\/test\\\/wp-content\\\/uploads\\\/2023\\\/02\\\/SMO_LOGO-03.svg\",\"url\":\"https:\\\/\\\/shrimataji.org\\\/test\\\/wp-content\\\/uploads\\\/2023\\\/02\\\/SMO_LOGO-03.svg\",\"contentUrl\":\"https:\\\/\\\/shrimataji.org\\\/test\\\/wp-content\\\/uploads\\\/2023\\\/02\\\/SMO_LOGO-03.svg\",\"width\":\"1024\",\"height\":\"1024\",\"caption\":\"Nirmala Shrivastava\"},\"logo\":{\"@id\":\"https:\\\/\\\/shrimataji.org\\\/test\\\/wp-content\\\/uploads\\\/2023\\\/02\\\/SMO_LOGO-03.svg\"},\"sameAs\":[\"https:\\\/\\\/shrimataji.org\\\/test\",\"https:\\\/\\\/www.facebook.com\\\/shrimataji\",\"https:\\\/\\\/x.com\\\/shrimataji\",\"https:\\\/\\\/www.youtube.com\\\/@Shri_Mataji_Nirmala_Devi\\\/featured\"]}]}<\/script>\n<!-- \/ Yoast SEO plugin. -->","yoast_head_json":{"title":"Vzne\u0161en\u00e9 dedi\u010dstvo - TEST - SMND","robots":{"index":"noindex","follow":"follow","max-snippet":"max-snippet:-1","max-image-preview":"max-image-preview:large","max-video-preview":"max-video-preview:-1"},"og_locale":"en_US","og_type":"article","og_title":"Vzne\u0161en\u00e9 dedi\u010dstvo - TEST - SMND","og_description":"Vzne\u0161en\u00e9 dedi\u010dstvo Potomkovia dynastie \u0160alivahana V de\u0148 jarnej rovnodennosti &#8211; 21. marca v roku 1923, presne na poludnie, v meste Chindwara &#8211; ktor\u00e1 le\u017e\u00ed v geografickom strede Indie, sa narodila Nirmala Salve. Od \u00fatleho detstva bolo na nej mo\u017en\u00e9 vidie\u0165 u\u0161\u013eachtil\u00e9 vlastnosti jej predkov. Jej star\u00e1 mama, Sakhubai Salve, prejavila svoju odvahu a dobr\u00fa povahu,&hellip; Read more","og_url":"https:\/\/shrimataji.org\/test\/sk\/vznesene-dedicstvo\/","og_site_name":"TEST - SMND","article_publisher":"https:\/\/www.facebook.com\/shrimataji","article_modified_time":"2026-03-11T16:27:18+00:00","og_image":[{"width":2560,"height":905,"url":"https:\/\/shrimataji.org\/test\/wp-content\/uploads\/2023\/03\/7_Banner-Family_NobleInheritance-scaled.jpg","type":"image\/jpeg"}],"twitter_card":"summary_large_image","twitter_site":"@shrimataji","twitter_misc":{"Est. reading time":"4 minutes"},"schema":{"@context":"https:\/\/schema.org","@graph":[{"@type":"WebPage","@id":"https:\/\/shrimataji.org\/test\/sk\/vznesene-dedicstvo\/","url":"https:\/\/shrimataji.org\/test\/sk\/vznesene-dedicstvo\/","name":"Vzne\u0161en\u00e9 dedi\u010dstvo - TEST - SMND","isPartOf":{"@id":"https:\/\/shrimataji.org\/test\/#website"},"primaryImageOfPage":{"@id":"https:\/\/shrimataji.org\/test\/sk\/vznesene-dedicstvo\/#primaryimage"},"image":{"@id":"https:\/\/shrimataji.org\/test\/sk\/vznesene-dedicstvo\/#primaryimage"},"thumbnailUrl":"https:\/\/shrimataji.org\/test\/wp-content\/uploads\/2023\/03\/7_Banner-Family_NobleInheritance-scaled.jpg","datePublished":"2011-10-02T03:00:00+00:00","dateModified":"2026-03-11T16:27:18+00:00","breadcrumb":{"@id":"https:\/\/shrimataji.org\/test\/sk\/vznesene-dedicstvo\/#breadcrumb"},"inLanguage":"en-US","potentialAction":[{"@type":"ReadAction","target":["https:\/\/shrimataji.org\/test\/sk\/vznesene-dedicstvo\/"]}]},{"@type":"ImageObject","inLanguage":"en-US","@id":"https:\/\/shrimataji.org\/test\/sk\/vznesene-dedicstvo\/#primaryimage","url":"https:\/\/shrimataji.org\/test\/wp-content\/uploads\/2023\/03\/7_Banner-Family_NobleInheritance-scaled.jpg","contentUrl":"https:\/\/shrimataji.org\/test\/wp-content\/uploads\/2023\/03\/7_Banner-Family_NobleInheritance-scaled.jpg","width":2560,"height":905},{"@type":"BreadcrumbList","@id":"https:\/\/shrimataji.org\/test\/sk\/vznesene-dedicstvo\/#breadcrumb","itemListElement":[{"@type":"ListItem","position":1,"name":"Home","item":"https:\/\/shrimataji.org\/test\/uk\/home-en\/"},{"@type":"ListItem","position":2,"name":"Vzne\u0161en\u00e9 dedi\u010dstvo"}]},{"@type":"WebSite","@id":"https:\/\/shrimataji.org\/test\/#website","url":"https:\/\/shrimataji.org\/test\/","name":"Shri Mataji Nirmala Devi","description":"A Life Dedicated to Humanity","publisher":{"@id":"https:\/\/shrimataji.org\/test\/#\/schema\/person\/a1b3419c6585f164aa96da1ff85715d1"},"potentialAction":[{"@type":"SearchAction","target":{"@type":"EntryPoint","urlTemplate":"https:\/\/shrimataji.org\/test\/?s={search_term_string}"},"query-input":{"@type":"PropertyValueSpecification","valueRequired":true,"valueName":"search_term_string"}}],"inLanguage":"en-US"},{"@type":["Person","Organization"],"@id":"https:\/\/shrimataji.org\/test\/#\/schema\/person\/a1b3419c6585f164aa96da1ff85715d1","name":"Nirmala Shrivastava","image":{"@type":"ImageObject","inLanguage":"en-US","@id":"https:\/\/shrimataji.org\/test\/wp-content\/uploads\/2023\/02\/SMO_LOGO-03.svg","url":"https:\/\/shrimataji.org\/test\/wp-content\/uploads\/2023\/02\/SMO_LOGO-03.svg","contentUrl":"https:\/\/shrimataji.org\/test\/wp-content\/uploads\/2023\/02\/SMO_LOGO-03.svg","width":"1024","height":"1024","caption":"Nirmala Shrivastava"},"logo":{"@id":"https:\/\/shrimataji.org\/test\/wp-content\/uploads\/2023\/02\/SMO_LOGO-03.svg"},"sameAs":["https:\/\/shrimataji.org\/test","https:\/\/www.facebook.com\/shrimataji","https:\/\/x.com\/shrimataji","https:\/\/www.youtube.com\/@Shri_Mataji_Nirmala_Devi\/featured"]}]}},"lang":"sk","translations":{"sk":12356,"ur":37380,"en":434,"am":17951,"th":19872,"hu":19426,"sq":18352,"zh":17249,"hi":7323,"tr":10127,"pt":10344,"pl":10478,"de":10617,"fr":10715,"it":10813,"es":10911,"ja":11208,"ru":11396,"bn":11588,"te":11696,"sw":11819,"he":11967,"fa":12454,"fi":12552,"bg":13510,"ro":14585,"cs":14778,"nl":16512,"ku":16672,"ar":16848,"el":17659,"be":18559,"kn":18833,"mr":20236,"uk":20528,"ml":20827,"ta":22667,"sv":22940,"gu":28788,"pa":28946,"fil":29386,"da":37694,"nn":38246},"pll_sync_post":[],"_links":{"self":[{"href":"https:\/\/shrimataji.org\/test\/wp-json\/wp\/v2\/pages\/12356","targetHints":{"allow":["GET"]}}],"collection":[{"href":"https:\/\/shrimataji.org\/test\/wp-json\/wp\/v2\/pages"}],"about":[{"href":"https:\/\/shrimataji.org\/test\/wp-json\/wp\/v2\/types\/page"}],"author":[{"embeddable":true,"href":"https:\/\/shrimataji.org\/test\/wp-json\/wp\/v2\/users\/28"}],"replies":[{"embeddable":true,"href":"https:\/\/shrimataji.org\/test\/wp-json\/wp\/v2\/comments?post=12356"}],"version-history":[{"count":0,"href":"https:\/\/shrimataji.org\/test\/wp-json\/wp\/v2\/pages\/12356\/revisions"}],"wp:featuredmedia":[{"embeddable":true,"href":"https:\/\/shrimataji.org\/test\/wp-json\/wp\/v2\/media\/9512"}],"wp:attachment":[{"href":"https:\/\/shrimataji.org\/test\/wp-json\/wp\/v2\/media?parent=12356"}],"curies":[{"name":"wp","href":"https:\/\/api.w.org\/{rel}","templated":true}]}}