{"id":12358,"date":"2018-07-10T06:54:46","date_gmt":"2018-07-10T06:54:46","guid":{"rendered":"http:\/\/testwordpress.nirmalnagari.org\/smnd\/index.php\/a-pivotal-moment\/"},"modified":"2026-01-30T17:33:38","modified_gmt":"2026-01-30T17:33:38","slug":"klucovy-okamih","status":"publish","type":"page","link":"https:\/\/shrimataji.org\/test\/sk\/klucovy-okamih\/","title":{"rendered":"K\u013e\u00fa\u010dov\u00fd okamih"},"content":{"rendered":"\n\n\t<h1>K\u013e\u00fa\u010dov\u00fd okamih<\/h1>\n<h2>Ve\u010dn\u00fd moment \u010distej premeny<\/h2>\n\t<h4>5. m\u00e1ja 1970 sa v pr\u00edmorskom meste Nargol, na z\u00e1padnom pobre\u017e\u00ed Indie ne\u010faleko Bombaja, uskuto\u010dnila mimoriadne d\u00f4le\u017eit\u00e1 udalos\u0165 &#8211; otvorenie energetick\u00e9ho centra limbickej oblasti &#8211; Sahasr\u00e1ry.<\/h4>\n\t<p>V\u00fdznam tohto javu nie je mo\u017en\u00e9 preceni\u0165, v\u0161etko, \u010do nasledovalo v duchovnom odkaze \u0160ri Matad\u017ei, pramenilo z tejto udalosti. Rovnako ako d\u00f4le\u017eit\u00fd vedeck\u00fd objav alebo n\u00e1dhern\u00e9 umeleck\u00e9 dielo, aj tento nev\u00eddan\u00fd objav rezonoval v priebehu rokov a ovplyvnil v\u0161etk\u00fdch, ktor\u00ed pri\u0161li do kontaktu s jej pr\u00e1cou a s jej v\u00edziou.<\/p>\n<p>Objav \u0160ri Matad\u017ei bol a aj je jedine\u010dn\u00fd &#8211; otvorenie Sahasr\u00e1ry je momentom \u010distej premeny, je met\u00f3dou na dosiahnutie spojenia s nie\u010d\u00edm vy\u0161\u0161\u00edm a na prekro\u010denie na\u0161ich obmedzen\u00ed. Na tento okamih a jeho vplyv na \u013eudsk\u00e9 vedomie dlho \u010dakala.<\/p>\n<p>&#8220;H\u013eadala som sp\u00f4soby a met\u00f3dy,&#8221; vysvetlila,&#8221; aby to mohlo fungova\u0165, spracovala som to vo svojom vn\u00fatri prostredn\u00edctvom medit\u00e1cie tak, aby sa vyrie\u0161ili r\u00f4zne permut\u00e1cie a kombin\u00e1cie. Ke\u010f som stretla nejak\u00e9ho \u010dloveka, videla som, ak\u00e9 probl\u00e9my ten doty\u010dn\u00fd m\u00e1 a ako by ich mohol prekona\u0165. Sna\u017eila som sa toho \u010dloveka presk\u00fama\u0165 zvn\u00fatra.&#8221;<\/p>\n\t\t\t\t<img decoding=\"async\" src=\"https:\/\/shrimataji.org\/test\/wp-content\/uploads\/2018\/07\/media_originals\/images\/shri-mataji-portraits\/mother-ocean.jpg\" alt=\"mother-ocean\" itemprop=\"image\" height=\"541\" width=\"721\" title=\"mother-ocean\" onerror=\"this.style.display='none'\" loading=\"lazy\" \/>\n\t<p>\u0160ri Matad\u017ei vedela, \u017ee k\u013e\u00fa\u010d k pochopeniu \u013eudskej dilemy spo\u010d\u00edva v starod\u00e1vnom poznan\u00ed jemnohmotn\u00e9ho tela. Toto telo nie je fyzick\u00e9, no je skuto\u010dn\u00e9, zlo\u017een\u00e9 z kan\u00e1lov, energetick\u00fdch centier a prap\u00f4vodnej energie zvanej Kundalini. Jeho funkcie a \u0161trukt\u00fara odzrkad\u013euje fyzick\u00e9 telo, ktor\u00e9 pozn\u00e1 veda, ale na jemnej\u0161ej \u00farovni.<\/p>\n<p>&#8220;Videla som v\u0161etko, \u010do sa deje,&#8221; spomina si, &#8220;v tento de\u0148 mus\u00edm tak \u010di onak otvori\u0165 posledn\u00fa \u010dakru.&#8221;<\/p>\n<p>V sanskrite je t\u00e1to \u010dakra, alebo energetick\u00e9 centrum, zn\u00e1me ako Sahasr\u00e1ra, so s\u00eddlom v limbickej oblasti mozgu. Otvorenie tohto energetick\u00e9ho centra bolo sp\u00fa\u0161\u0165a\u010dom, ktor\u00fd uviedol v\u0161etko do pohybu &#8211; je to br\u00e1na k pravde.<\/p>\n\t\t\t\t<img decoding=\"async\" src=\"https:\/\/shrimataji.org\/test\/wp-content\/uploads\/2018\/07\/media_originals\/images\/shri-mataji-portraits\/shri-mataji-looking.jpg\" alt=\"shri-mataji-looking\" itemprop=\"image\" height=\"541\" width=\"721\" title=\"shri-mataji-looking\" onerror=\"this.style.display='none'\" loading=\"lazy\" \/>\n\t<p>&#8220;Bola som celkom sama a c\u00edtila som sa ve\u013emi dobre. V okol\u00ed nebolo nikoho, iba ticho v medit\u00e1cii a ja som c\u00edtila, \u017ee pri\u0161iel \u010das na otvorenie Sahasr\u00e1ry. V tej chv\u00edli, ke\u010f som si za\u017eelala otvorenie tohto centra, som si v\u0161imla, \u017ee vo mne vyst\u00fapila Kundalini ako teleskop, otv\u00e1raj\u00fac jedno centrum za druh\u00fdm smerom nahor. Mala farbu roztaven\u00e9ho roz\u017eeraven\u00e9ho \u017eeleza.&#8221;<\/p>\n<p>Potom som uvidela \u0161trukt\u00faru Kundalini, ktor\u00e1 st\u00e1le st\u00fapala a vytv\u00e1rala zvuky v ka\u017edej \u010dakre, k\u00fdm neprerazila Brahmarandru.<\/p>\n<p>Brahmarandra je fontanelov\u00e1 oblas\u0165 na vrchole hlavy. Sk\u00fasenos\u0165, ktor\u00fa op\u00edsala \u0160ri Matad\u017ei, bola Sebarealiz\u00e1cia &#8211; rozkvet vedomost\u00ed a vedomia, po ktorom mnoh\u00ed tak t\u00fa\u017eia. Hovorila o osude mnoh\u00fdch, o odmene za roky oddanosti a tvrdej pr\u00e1ce.<\/p>\n\t<p>&#8220;V tej chv\u00edli som c\u00edtila, ako do m\u0148a zrazu vst\u00fapila vy\u0161\u0161ia sila &#8211; ako chladn\u00fd v\u00e1nok zo v\u0161etk\u00fdch str\u00e1n. Videla som, ako sa to centrum otvorilo a cez hlavu mi za\u010dal pr\u00fadi\u0165 siln\u00fd pr\u00fad, ktor\u00fd m\u00e1 zaplavil. \u00daplne som sa v tom rozplynula, stratila, bola tam len milos\u0165, jasne som videla, ako sa to deje.&#8221;<\/p>\n\t<p>\u0160ri Matad\u017ei vedela, \u017ee t\u00fato sk\u00fasenos\u0165 Sebarealiz\u00e1cie &#8211; vy\u0161\u0161ieho poznania, treba zdie\u013ea\u0165 so svetom.<\/p>\n<p>&#8220;Vtedy som si uvedomila, \u017ee by bolo na\u010dase za\u010da\u0165 pracova\u0165. Zm\u00e4tok skon\u010dil, kone\u010dne nastal ten \u010das, muselo k tomu d\u00f4js\u0165 a nebolo sa \u010doho b\u00e1\u0165. Pri\u0161la som na tento svet len kv\u00f4li tomuto \u00fa\u010delu, aby som v \u013eudsk\u00fdch bytostiach prebudila kolekt\u00edvne vedomie. Pomyslela som si, \u017ee pokia\u013e \u013eudia nez\u00edskaj\u00fa svoju Sebarealiz\u00e1ciu alebo nepochopia svoje vlastn\u00e9 Ja, bude t\u00e1to \u00faloha nemo\u017en\u00e1. Nech by som sk\u00fasila hoci\u010do na tomto svete, ni\u010d by nefungovalo.&#8221;<\/p>\n<p>\u0160ri Matad\u017ei op\u00edsala, ako za\u010dala svoju duchovn\u00fa pr\u00e1cu. &#8220;Pracovala som s jednou starou pa\u0148ou, ktor\u00e1 ma dobre poznala, ke\u010f z\u00edskala svoju Sebarealiz\u00e1ciu, bola som spokojn\u00e1. C\u00edtila som, \u017ee aj mnoh\u00ed \u010fa\u013e\u0161\u00ed by mohli z\u00edska\u0165 svoju Sebarealiz\u00e1ciu, ke\u010f to i\u0161lo \u013eahko s jedn\u00fdm \u010dlovekom. Bolo ve\u013emi \u013eahk\u00e9 prebudi\u0165 vedomie jedn\u00e9mu \u010dloveku, ale aby to fungovalo na kolekt\u00edvnej \u00farovni, bolo treba e\u0161te viac pracova\u0165.<\/p>\n<p>Ka\u017ed\u00fd mohol z\u00edska\u0165 \u00fa\u017eitok Sebarealiz\u00e1cie, ale je pravda, \u017ee t\u00e1to pr\u00e1ca nebola nikdy uroben\u00e1 na kolekt\u00edvnej \u00farovni. Toto v\u0161etko som dosiahla medit\u00e1ciou.&#8221;<\/p>\n<p>Jej pr\u00e1ca v tichosti pokra\u010dovala na z\u00e1kladnej \u00farovni mnoho rokov. &#8220;Nikto nevedel o mojej sile, ktor\u00fa m\u00e1m v sebe, nikto ma nepoznal a ani o mne ni\u010d netu\u0161il.&#8221; V\u00e4\u010d\u0161ina \u013eud\u00ed nebola pripraven\u00e1 ani na to, \u010do hovorila, jej posolstvo je revolu\u010dn\u00e9 i odv\u00e1\u017ene, pre v\u00e4\u010d\u0161inu \u013eud\u00ed predstavovalo v\u00fdzvu, aby pochopili sami seba.<\/p>\n\t\t\t\t<img decoding=\"async\" src=\"https:\/\/shrimataji.org\/test\/wp-content\/uploads\/2018\/07\/media_originals\/images\/shri-mataji-portraits\/shri-mataji-nirmala-devi-831x1080.jpg\" alt=\"shri-mataji-nirmala-devi\" itemprop=\"image\" height=\"1080\" width=\"831\" title=\"shri-mataji-nirmala-devi\" onerror=\"this.style.display='none'\" loading=\"lazy\" \/>\n\t<p>&#8220;Ale ke\u010f sa v tej panej prebudila Kundalini,&#8221; spom\u00ednala \u0160ri Matad\u017ei, &#8220;c\u00edtila som, \u017ee do nej vst\u00fapila ak\u00e1si jemn\u00e1 sila. Potom dostalo Realiz\u00e1ciu (duchovn\u00e9 prebudenie) \u010fa\u013e\u0161\u00edch dvan\u00e1s\u0165 \u013eud\u00ed, ostali v \u00fa\u017ease a ich o\u010di sa roz\u017eiarili. Prebudilo sa im vedomie, za\u010dali v\u0161etko vn\u00edma\u0165 jasne v\u010faka tejto jedine\u010dnej, citlivej energii, ktor\u00e1 do nich vst\u00fapila a umo\u017enila im v\u0161etko c\u00edti\u0165.<\/p>\n\t\t\t\t<img decoding=\"async\" src=\"https:\/\/shrimataji.org\/test\/wp-content\/uploads\/2018\/07\/media_originals\/images\/shri-mataji-teaching-sahaja-yoga\/shri-mataji-nirmala-devi-teaching-sahaja-yoga-meditation-in-india.jpg\" alt=\"Shri Mataji opettaa Sahaja Yoga -meditaatiota Intiassa\" itemprop=\"image\" height=\"541\" width=\"721\" title=\"Shri Mataji opettaa Sahaja Yoga -meditaatiota Intiassa\" onerror=\"this.style.display='none'\" loading=\"lazy\" \/>\n\t<p>Prostredn\u00edctvom Sebarealiz\u00e1cie sa stali svoj\u00edm prav\u00fdm Ja. Uvedomili si,\u010do predt\u00fdm nevedeli a za\u010dali vidie\u0165 seba v druh\u00fdch, toto bol za\u010diatok skuto\u010dnej integr\u00e1cie.<\/p>\n<p>&#8220;Jednu vec som si uvedomila celkom jasne, \u017ee t\u00fdchto dvan\u00e1st \u013eud\u00ed s r\u00f4znymi povahami boli zjednoten\u00ed silou svetla, ktor\u00fa m\u00e1 du\u0161a. Podobne, ako ke\u010f jednotliv\u00e9 kvety sp\u00e1jame ni\u0165ou do jednej girlandy. Ke\u010f z\u00edskali svoju Realiz\u00e1ciu, v\u0161imla som si, \u017ee ka\u017ed\u00fd z nich bol integrovan\u00fd, jeden za druh\u00fdm jednou ni\u0165ou.<\/p>\n\t<div class=\"su-quote su-quote-style-default\"><div class=\"su-quote-inner su-u-clearfix su-u-trim\">Za\u010dalo to s jednou pa\u0148ou a postupne z\u00edskavali svoju Realiz\u00e1ciu \u010fa\u013e\u0161\u00ed, k\u00fdm to neza\u010dalo lep\u0161ie fungova\u0165 a \u013eudia nezistili, \u017ee takto v n\u00e1s m\u00f4\u017ee d\u00f4js\u0165 k transform\u00e1cii. Sahad\u017ea joga sa stala nie\u010d\u00edm ve\u013emi d\u00f4le\u017eit\u00fdm.<\/div><\/div>\n\t\t<iframe loading=\"lazy\" title=\"First Awakenings And Self Realization\" width=\"1920\" height=\"1080\" src=\"https:\/\/www.youtube.com\/embed\/EM8Bip5ObJo?feature=oembed\" frameborder=\"0\" allow=\"accelerometer; autoplay; clipboard-write; encrypted-media; gyroscope; picture-in-picture; web-share\" allowfullscreen><\/iframe>\t\n\t\t<iframe loading=\"lazy\" title=\"A Meeting That Gave Understanding\" width=\"1920\" height=\"1080\" src=\"https:\/\/www.youtube.com\/embed\/yKot6Plxn7Y?feature=oembed\" frameborder=\"0\" allow=\"accelerometer; autoplay; clipboard-write; encrypted-media; gyroscope; picture-in-picture; web-share\" allowfullscreen><\/iframe>\t\n\t\t<iframe loading=\"lazy\" title=\"Many Are Still Seeking The Truth\" width=\"1920\" height=\"1080\" src=\"https:\/\/www.youtube.com\/embed\/-KffEGsqep8?feature=oembed\" frameborder=\"0\" allow=\"accelerometer; autoplay; clipboard-write; encrypted-media; gyroscope; picture-in-picture; web-share\" allowfullscreen><\/iframe>\t\n\n","protected":false},"excerpt":{"rendered":"<p>K\u013e\u00fa\u010dov\u00fd okamih Ve\u010dn\u00fd moment \u010distej premeny 5. m\u00e1ja 1970 sa v pr\u00edmorskom meste Nargol, na z\u00e1padnom pobre\u017e\u00ed Indie ne\u010faleko Bombaja, uskuto\u010dnila mimoriadne d\u00f4le\u017eit\u00e1 udalos\u0165 &#8211; otvorenie energetick\u00e9ho centra limbickej oblasti &#8211; Sahasr\u00e1ry. V\u00fdznam tohto javu nie je mo\u017en\u00e9 preceni\u0165, v\u0161etko, \u010do nasledovalo v duchovnom odkaze \u0160ri Matad\u017ei, pramenilo z tejto udalosti. Rovnako ako d\u00f4le\u017eit\u00fd vedeck\u00fd&hellip; <br \/> <a class=\"read-more\" href=\"https:\/\/shrimataji.org\/test\/sk\/klucovy-okamih\/\">Read more<\/a><\/p>\n","protected":false},"author":28,"featured_media":9516,"parent":0,"menu_order":0,"comment_status":"closed","ping_status":"closed","template":"","meta":{"inline_featured_image":false,"footnotes":""},"class_list":["post-12358","page","type-page","status-publish","has-post-thumbnail","hentry"],"yoast_head":"<!-- This site is optimized with the Yoast SEO plugin v27.4 - https:\/\/yoast.com\/product\/yoast-seo-wordpress\/ -->\n<title>K\u013e\u00fa\u010dov\u00fd okamih - TEST - SMND<\/title>\n<meta name=\"robots\" content=\"noindex, follow, max-snippet:-1, max-image-preview:large, max-video-preview:-1\" \/>\n<meta property=\"og:locale\" content=\"en_US\" \/>\n<meta property=\"og:type\" content=\"article\" \/>\n<meta property=\"og:title\" content=\"K\u013e\u00fa\u010dov\u00fd okamih - TEST - SMND\" \/>\n<meta property=\"og:description\" content=\"K\u013e\u00fa\u010dov\u00fd okamih Ve\u010dn\u00fd moment \u010distej premeny 5. m\u00e1ja 1970 sa v pr\u00edmorskom meste Nargol, na z\u00e1padnom pobre\u017e\u00ed Indie ne\u010faleko Bombaja, uskuto\u010dnila mimoriadne d\u00f4le\u017eit\u00e1 udalos\u0165 &#8211; otvorenie energetick\u00e9ho centra limbickej oblasti &#8211; Sahasr\u00e1ry. V\u00fdznam tohto javu nie je mo\u017en\u00e9 preceni\u0165, v\u0161etko, \u010do nasledovalo v duchovnom odkaze \u0160ri Matad\u017ei, pramenilo z tejto udalosti. Rovnako ako d\u00f4le\u017eit\u00fd vedeck\u00fd&hellip; Read more\" \/>\n<meta property=\"og:url\" content=\"https:\/\/shrimataji.org\/test\/sk\/klucovy-okamih\/\" \/>\n<meta property=\"og:site_name\" content=\"TEST - SMND\" \/>\n<meta property=\"article:publisher\" content=\"https:\/\/www.facebook.com\/shrimataji\" \/>\n<meta property=\"article:modified_time\" content=\"2026-01-30T17:33:38+00:00\" \/>\n<meta property=\"og:image\" content=\"https:\/\/shrimataji.org\/test\/wp-content\/uploads\/2023\/03\/11_Banner-PublicLife-PivotalMoment-scaled.jpg\" \/>\n\t<meta property=\"og:image:width\" content=\"2560\" \/>\n\t<meta property=\"og:image:height\" content=\"905\" \/>\n\t<meta property=\"og:image:type\" content=\"image\/jpeg\" \/>\n<meta name=\"twitter:card\" content=\"summary_large_image\" \/>\n<meta name=\"twitter:site\" content=\"@shrimataji\" \/>\n<script type=\"application\/ld+json\" class=\"yoast-schema-graph\">{\"@context\":\"https:\\\/\\\/schema.org\",\"@graph\":[{\"@type\":\"WebPage\",\"@id\":\"https:\\\/\\\/shrimataji.org\\\/test\\\/sk\\\/klucovy-okamih\\\/\",\"url\":\"https:\\\/\\\/shrimataji.org\\\/test\\\/sk\\\/klucovy-okamih\\\/\",\"name\":\"K\u013e\u00fa\u010dov\u00fd okamih - TEST - SMND\",\"isPartOf\":{\"@id\":\"https:\\\/\\\/shrimataji.org\\\/test\\\/#website\"},\"primaryImageOfPage\":{\"@id\":\"https:\\\/\\\/shrimataji.org\\\/test\\\/sk\\\/klucovy-okamih\\\/#primaryimage\"},\"image\":{\"@id\":\"https:\\\/\\\/shrimataji.org\\\/test\\\/sk\\\/klucovy-okamih\\\/#primaryimage\"},\"thumbnailUrl\":\"https:\\\/\\\/shrimataji.org\\\/test\\\/wp-content\\\/uploads\\\/2023\\\/03\\\/11_Banner-PublicLife-PivotalMoment-scaled.jpg\",\"datePublished\":\"2018-07-10T06:54:46+00:00\",\"dateModified\":\"2026-01-30T17:33:38+00:00\",\"breadcrumb\":{\"@id\":\"https:\\\/\\\/shrimataji.org\\\/test\\\/sk\\\/klucovy-okamih\\\/#breadcrumb\"},\"inLanguage\":\"en-US\",\"potentialAction\":[{\"@type\":\"ReadAction\",\"target\":[\"https:\\\/\\\/shrimataji.org\\\/test\\\/sk\\\/klucovy-okamih\\\/\"]}]},{\"@type\":\"ImageObject\",\"inLanguage\":\"en-US\",\"@id\":\"https:\\\/\\\/shrimataji.org\\\/test\\\/sk\\\/klucovy-okamih\\\/#primaryimage\",\"url\":\"https:\\\/\\\/shrimataji.org\\\/test\\\/wp-content\\\/uploads\\\/2023\\\/03\\\/11_Banner-PublicLife-PivotalMoment-scaled.jpg\",\"contentUrl\":\"https:\\\/\\\/shrimataji.org\\\/test\\\/wp-content\\\/uploads\\\/2023\\\/03\\\/11_Banner-PublicLife-PivotalMoment-scaled.jpg\",\"width\":2560,\"height\":905},{\"@type\":\"BreadcrumbList\",\"@id\":\"https:\\\/\\\/shrimataji.org\\\/test\\\/sk\\\/klucovy-okamih\\\/#breadcrumb\",\"itemListElement\":[{\"@type\":\"ListItem\",\"position\":1,\"name\":\"Home\",\"item\":\"https:\\\/\\\/shrimataji.org\\\/test\\\/uk\\\/home-en\\\/\"},{\"@type\":\"ListItem\",\"position\":2,\"name\":\"K\u013e\u00fa\u010dov\u00fd okamih\"}]},{\"@type\":\"WebSite\",\"@id\":\"https:\\\/\\\/shrimataji.org\\\/test\\\/#website\",\"url\":\"https:\\\/\\\/shrimataji.org\\\/test\\\/\",\"name\":\"Shri Mataji Nirmala Devi\",\"description\":\"A Life Dedicated to Humanity\",\"publisher\":{\"@id\":\"https:\\\/\\\/shrimataji.org\\\/test\\\/#\\\/schema\\\/person\\\/a1b3419c6585f164aa96da1ff85715d1\"},\"potentialAction\":[{\"@type\":\"SearchAction\",\"target\":{\"@type\":\"EntryPoint\",\"urlTemplate\":\"https:\\\/\\\/shrimataji.org\\\/test\\\/?s={search_term_string}\"},\"query-input\":{\"@type\":\"PropertyValueSpecification\",\"valueRequired\":true,\"valueName\":\"search_term_string\"}}],\"inLanguage\":\"en-US\"},{\"@type\":[\"Person\",\"Organization\"],\"@id\":\"https:\\\/\\\/shrimataji.org\\\/test\\\/#\\\/schema\\\/person\\\/a1b3419c6585f164aa96da1ff85715d1\",\"name\":\"Nirmala Shrivastava\",\"image\":{\"@type\":\"ImageObject\",\"inLanguage\":\"en-US\",\"@id\":\"https:\\\/\\\/shrimataji.org\\\/test\\\/wp-content\\\/uploads\\\/2023\\\/02\\\/SMO_LOGO-03.svg\",\"url\":\"https:\\\/\\\/shrimataji.org\\\/test\\\/wp-content\\\/uploads\\\/2023\\\/02\\\/SMO_LOGO-03.svg\",\"contentUrl\":\"https:\\\/\\\/shrimataji.org\\\/test\\\/wp-content\\\/uploads\\\/2023\\\/02\\\/SMO_LOGO-03.svg\",\"width\":\"1024\",\"height\":\"1024\",\"caption\":\"Nirmala Shrivastava\"},\"logo\":{\"@id\":\"https:\\\/\\\/shrimataji.org\\\/test\\\/wp-content\\\/uploads\\\/2023\\\/02\\\/SMO_LOGO-03.svg\"},\"sameAs\":[\"https:\\\/\\\/shrimataji.org\\\/test\",\"https:\\\/\\\/www.facebook.com\\\/shrimataji\",\"https:\\\/\\\/x.com\\\/shrimataji\",\"https:\\\/\\\/www.youtube.com\\\/@Shri_Mataji_Nirmala_Devi\\\/featured\"]}]}<\/script>\n<!-- \/ Yoast SEO plugin. -->","yoast_head_json":{"title":"K\u013e\u00fa\u010dov\u00fd okamih - TEST - SMND","robots":{"index":"noindex","follow":"follow","max-snippet":"max-snippet:-1","max-image-preview":"max-image-preview:large","max-video-preview":"max-video-preview:-1"},"og_locale":"en_US","og_type":"article","og_title":"K\u013e\u00fa\u010dov\u00fd okamih - TEST - SMND","og_description":"K\u013e\u00fa\u010dov\u00fd okamih Ve\u010dn\u00fd moment \u010distej premeny 5. m\u00e1ja 1970 sa v pr\u00edmorskom meste Nargol, na z\u00e1padnom pobre\u017e\u00ed Indie ne\u010faleko Bombaja, uskuto\u010dnila mimoriadne d\u00f4le\u017eit\u00e1 udalos\u0165 &#8211; otvorenie energetick\u00e9ho centra limbickej oblasti &#8211; Sahasr\u00e1ry. V\u00fdznam tohto javu nie je mo\u017en\u00e9 preceni\u0165, v\u0161etko, \u010do nasledovalo v duchovnom odkaze \u0160ri Matad\u017ei, pramenilo z tejto udalosti. Rovnako ako d\u00f4le\u017eit\u00fd vedeck\u00fd&hellip; Read more","og_url":"https:\/\/shrimataji.org\/test\/sk\/klucovy-okamih\/","og_site_name":"TEST - SMND","article_publisher":"https:\/\/www.facebook.com\/shrimataji","article_modified_time":"2026-01-30T17:33:38+00:00","og_image":[{"width":2560,"height":905,"url":"https:\/\/shrimataji.org\/test\/wp-content\/uploads\/2023\/03\/11_Banner-PublicLife-PivotalMoment-scaled.jpg","type":"image\/jpeg"}],"twitter_card":"summary_large_image","twitter_site":"@shrimataji","schema":{"@context":"https:\/\/schema.org","@graph":[{"@type":"WebPage","@id":"https:\/\/shrimataji.org\/test\/sk\/klucovy-okamih\/","url":"https:\/\/shrimataji.org\/test\/sk\/klucovy-okamih\/","name":"K\u013e\u00fa\u010dov\u00fd okamih - TEST - SMND","isPartOf":{"@id":"https:\/\/shrimataji.org\/test\/#website"},"primaryImageOfPage":{"@id":"https:\/\/shrimataji.org\/test\/sk\/klucovy-okamih\/#primaryimage"},"image":{"@id":"https:\/\/shrimataji.org\/test\/sk\/klucovy-okamih\/#primaryimage"},"thumbnailUrl":"https:\/\/shrimataji.org\/test\/wp-content\/uploads\/2023\/03\/11_Banner-PublicLife-PivotalMoment-scaled.jpg","datePublished":"2018-07-10T06:54:46+00:00","dateModified":"2026-01-30T17:33:38+00:00","breadcrumb":{"@id":"https:\/\/shrimataji.org\/test\/sk\/klucovy-okamih\/#breadcrumb"},"inLanguage":"en-US","potentialAction":[{"@type":"ReadAction","target":["https:\/\/shrimataji.org\/test\/sk\/klucovy-okamih\/"]}]},{"@type":"ImageObject","inLanguage":"en-US","@id":"https:\/\/shrimataji.org\/test\/sk\/klucovy-okamih\/#primaryimage","url":"https:\/\/shrimataji.org\/test\/wp-content\/uploads\/2023\/03\/11_Banner-PublicLife-PivotalMoment-scaled.jpg","contentUrl":"https:\/\/shrimataji.org\/test\/wp-content\/uploads\/2023\/03\/11_Banner-PublicLife-PivotalMoment-scaled.jpg","width":2560,"height":905},{"@type":"BreadcrumbList","@id":"https:\/\/shrimataji.org\/test\/sk\/klucovy-okamih\/#breadcrumb","itemListElement":[{"@type":"ListItem","position":1,"name":"Home","item":"https:\/\/shrimataji.org\/test\/uk\/home-en\/"},{"@type":"ListItem","position":2,"name":"K\u013e\u00fa\u010dov\u00fd okamih"}]},{"@type":"WebSite","@id":"https:\/\/shrimataji.org\/test\/#website","url":"https:\/\/shrimataji.org\/test\/","name":"Shri Mataji Nirmala Devi","description":"A Life Dedicated to Humanity","publisher":{"@id":"https:\/\/shrimataji.org\/test\/#\/schema\/person\/a1b3419c6585f164aa96da1ff85715d1"},"potentialAction":[{"@type":"SearchAction","target":{"@type":"EntryPoint","urlTemplate":"https:\/\/shrimataji.org\/test\/?s={search_term_string}"},"query-input":{"@type":"PropertyValueSpecification","valueRequired":true,"valueName":"search_term_string"}}],"inLanguage":"en-US"},{"@type":["Person","Organization"],"@id":"https:\/\/shrimataji.org\/test\/#\/schema\/person\/a1b3419c6585f164aa96da1ff85715d1","name":"Nirmala Shrivastava","image":{"@type":"ImageObject","inLanguage":"en-US","@id":"https:\/\/shrimataji.org\/test\/wp-content\/uploads\/2023\/02\/SMO_LOGO-03.svg","url":"https:\/\/shrimataji.org\/test\/wp-content\/uploads\/2023\/02\/SMO_LOGO-03.svg","contentUrl":"https:\/\/shrimataji.org\/test\/wp-content\/uploads\/2023\/02\/SMO_LOGO-03.svg","width":"1024","height":"1024","caption":"Nirmala Shrivastava"},"logo":{"@id":"https:\/\/shrimataji.org\/test\/wp-content\/uploads\/2023\/02\/SMO_LOGO-03.svg"},"sameAs":["https:\/\/shrimataji.org\/test","https:\/\/www.facebook.com\/shrimataji","https:\/\/x.com\/shrimataji","https:\/\/www.youtube.com\/@Shri_Mataji_Nirmala_Devi\/featured"]}]}},"lang":"sk","translations":{"sk":12358,"ur":37383,"en":12554,"am":17954,"th":19876,"hu":19429,"sq":18355,"zh":17252,"hi":7332,"tr":10129,"pt":10346,"de":10619,"fr":10717,"it":10815,"es":10913,"ja":11210,"ru":11398,"bn":11590,"te":11698,"sw":11821,"he":11969,"el":12260,"fa":12456,"bg":13459,"ro":14531,"cs":14724,"nl":16515,"ku":16675,"ar":16851,"be":18562,"kn":18836,"mr":20240,"uk":20532,"ml":20831,"ta":22670,"sv":22943,"gu":28791,"pa":28949,"fil":29389,"da":37697,"pl":37916,"nn":38249},"pll_sync_post":[],"_links":{"self":[{"href":"https:\/\/shrimataji.org\/test\/wp-json\/wp\/v2\/pages\/12358","targetHints":{"allow":["GET"]}}],"collection":[{"href":"https:\/\/shrimataji.org\/test\/wp-json\/wp\/v2\/pages"}],"about":[{"href":"https:\/\/shrimataji.org\/test\/wp-json\/wp\/v2\/types\/page"}],"author":[{"embeddable":true,"href":"https:\/\/shrimataji.org\/test\/wp-json\/wp\/v2\/users\/28"}],"replies":[{"embeddable":true,"href":"https:\/\/shrimataji.org\/test\/wp-json\/wp\/v2\/comments?post=12358"}],"version-history":[{"count":0,"href":"https:\/\/shrimataji.org\/test\/wp-json\/wp\/v2\/pages\/12358\/revisions"}],"wp:featuredmedia":[{"embeddable":true,"href":"https:\/\/shrimataji.org\/test\/wp-json\/wp\/v2\/media\/9516"}],"wp:attachment":[{"href":"https:\/\/shrimataji.org\/test\/wp-json\/wp\/v2\/media?parent=12358"}],"curies":[{"name":"wp","href":"https:\/\/api.w.org\/{rel}","templated":true}]}}