{"id":12359,"date":"2011-12-05T02:00:00","date_gmt":"2011-12-05T02:00:00","guid":{"rendered":"http:\/\/testwordpress.nirmalnagari.org\/smnd\/index.php\/a-town-hall-for-the-world\/"},"modified":"2026-03-11T16:30:44","modified_gmt":"2026-03-11T16:30:44","slug":"jedna-radnica-pre-cely-svet","status":"publish","type":"page","link":"https:\/\/shrimataji.org\/test\/sk\/jedna-radnica-pre-cely-svet\/","title":{"rendered":"Jedna radnica pre cel\u00fd svet"},"content":{"rendered":"\n\n\t<h1>Jedna radnica pre cel\u00fd svet<\/h1>\n<h2>Kde sa srdcia stret\u00e1vaj\u00fa<\/h2>\n<figure itemscope itemtype=\"https:\/\/schema.org\/ImageObject\">\n\t\t\t\t<img decoding=\"async\" src=\"https:\/\/shrimataji.org\/test\/wp-content\/uploads\/2026\/01\/SK_caxton-hall-london-uk.jpg\" alt=\"Caxton Hall v Lond\u00fdne\" height=\"2000\" width=\"1500\" title=\"SK_caxton-hall-london-uk\" onerror=\"this.style.display='none'\" loading=\"lazy\" \/>\n\t\t<figcaption>Caxton Hall v Lond\u00fdne<\/figcaption>\n\t<\/figure>\n\t<h4>Caxton Hall sa nach\u00e1dza vo Westminstri, v centre Lond\u00fdna. Bola postaven\u00e1 v polovici 19. storo\u010dia a pomenovan\u00e1 na po\u010des\u0165 Williama Caxtona, ktor\u00fd vyna\u0161iel v Anglicku prv\u00fd tla\u010diarensk\u00fd lis, inov\u00e1ciu, ktor\u00e1 sp\u00f4sobila revol\u00faciu vo vedomostiach. Ako miesto m\u00e1 dlh\u00fa hist\u00f3riu, vymie\u0148ali sa tu a sk\u00famali nov\u00e9 a odv\u00e1\u017ene n\u00e1pady.<\/h4>\n<p>P\u00f4vodne bola Caxton Hall budovou vl\u00e1dy &#8211; radnicou. V priebehu rokov v\u0161ak mala dvojak\u00fa \u00falohu. Konali sa tu civiln\u00e9 obrady a sob\u00e1\u0161e sl\u00e1vnych \u013eud\u00ed, ako aj ru\u0161n\u00e9 stretnutia a zhroma\u017edenia kv\u00f4li pet\u00edci\u00e1m a soci\u00e1lnym reform\u00e1m, \u010di politick\u00fd aktivizmus. Bola to pr\u00e1ve Caxton Hall, z ktorej dver\u00ed sa do sveta \u0161\u00edrili skvel\u00e9 my\u0161lienky a hnutia 20. storo\u010dia. Hlasy hnutia za volebn\u00e9 pr\u00e1vo \u017eien, socializmus a prv\u00e1 pan-africk\u00e1 konferencia oh\u013eadom d\u00f4sledkov otrotctva s\u00fa len niektor\u00e9 z pr\u00edkladov toho, \u010do sa tu odohr\u00e1valo.<\/p>\n\t<p>Je teda zauj\u00edmav\u00e9, \u017ee si \u0160ri Matad\u017ei Nirmala Devi vybrala pr\u00e1ve t\u00fato s\u00e1lu, ke\u010f sa v roku 1977 rozhodla prinies\u0165 svoje posolstvo na verejnos\u0165. V rokoch 1977 a\u017e 1983 sa postavila na p\u00f3dium takmer stokr\u00e1t, \u010do znamenalo v\u00fdznamn\u00fd posun smerom k \u0161ir\u0161ej verejnosti. Prihov\u00e1rala sa ka\u017ed\u00e9mu, ka\u017ed\u00fd bol v\u00edtan\u00fd a vstup bol vo\u013en\u00fd.<\/p>\n\t<p>Ve\u013ek\u00fd beng\u00e1lsky b\u00e1snik a nosite\u013e Nobelovej ceny, Rabindranath Tagore, tu v lete 1913 usporiadal s\u00e9riu \u00faspe\u0161n\u00fdch predn\u00e1\u0161ok pod n\u00e1zvom &#8220;Vz\u0165ah jednotlivca k vesm\u00edru,&#8221; &#8220;Vedomie du\u0161e,&#8221; &#8220;Uvedomenie l\u00e1skou&#8221; \u010di &#8220;Probl\u00e9m m\u00f4jho Ja&#8221;. To boli t\u00e9my, ktor\u00e9 oslovili \u0160ri Matad\u017ei o sedemdesiat rokov nesk\u00f4r, ako jej predchodcu aj ona sa chcela podeli\u0165 so z\u00e1padn\u00fdm publikom o starod\u00e1vne poznanie v\u00fdchodu a vzia\u0165 ich na cestu do svojho vn\u00fatra.<\/p>\n<h5>&#8220;Vn\u00fatri n\u00e1s existuje oblas\u0165, kde nie je \u010das a priestor, kde evol\u00facia splynie do jednoty.&#8221; Rabindranath Tagore<\/h5>\n<h5>Rabindranath Tagore<\/h5>\n<figure itemscope itemtype=\"https:\/\/schema.org\/ImageObject\">\n\t\t\t\t<img decoding=\"async\" src=\"https:\/\/shrimataji.org\/test\/wp-content\/uploads\/2026\/01\/SK_ravindranath-tagore-c1915.jpg\" alt=\"Rabindranath Tagore\" height=\"532\" width=\"395\" title=\"SK_ravindranath-tagore-c1915\" onerror=\"this.style.display='none'\" loading=\"lazy\" \/>\n\t\t<figcaption>Rabindranath Tagore<\/figcaption>\n\t<\/figure>\n\t<p>V pr\u00edpade \u0160ri Matad\u017ei v\u0161ak nebolo cie\u013eom len sk\u00fama\u0165 nov\u00fa my\u0161lienku, ale t\u00fato my\u0161lieku aj uskuto\u010dni\u0165. Na jej predn\u00e1\u0161kach bol v\u017edy pr\u00eddavok &#8211; na z\u00e1ver ve\u010dera \u013eu\u010fom pon\u00fakla z\u00e1\u017eitok Sebarealiz\u00e1cie. Viedla publikum do tichej, hlbokej medit\u00e1cie, aby mohli poc\u00edti\u0165 svoju vlastn\u00fa h\u013abku. Tagoreho &#8220;uskuto\u010dnenie Brahmu&#8221; sa stalo \u0160ri Matad\u017eine &#8220;za\u017eitie vlastn\u00e9ho Ja&#8221;.<\/p>\n\t<p>V Caxton Hall sa op\u00e4\u0165 spustilo revolu\u010dn\u00e9 hnutie, bol to z\u00e1sadn\u00fd krok v schopnosti \u010dloveka povznies\u0165 sa na duchovnej \u00farovni a mnoh\u00ed poc\u00edtili hlbok\u00fa zmenu v sebe sam\u00fdch, ako aj posun v ich poh\u013eade na svet.<\/p>\n\t<p><img loading=\"lazy\" decoding=\"async\" src=\"https:\/\/shrimataji.org\/test\/wp-content\/uploads\/2018\/07\/media_originals\/images\/shri-mataji-with-people\/shri-mataji-nirmala-devi-clearing-technique-in-england-1024x672.jpg\" alt=\"\" width=\"1024\" height=\"672\" \/><\/p>\n\t<p>\u0160ri Matad\u017ei hovorila s \u013eu\u010fmi v Caxton Hall o v\u0161etk\u00fdch probl\u00e9moch \u017eivota \u0161es\u0165 rokov. Venovala sa v\u0161etk\u00e9mu, \u010do \u013eud\u00ed tr\u00e1pilo, prebrali z\u00e1va\u017en\u00e9 t\u00e9my, ako: &#8220;Pre\u010do sme tu, ak\u00fd je zmysel n\u00e1\u0161ho \u017eivota a pre\u010do n\u00e1s Boh stvoril?&#8221; dokonca aj &#8220;Existuje Boh?&#8221; Nakoniec bol ka\u017ed\u00fd u\u010dastn\u00edk pozvan\u00fd pre\u017ei\u0165 spojenie so svoj\u00edm prav\u00fdm Ja.<\/p>\n<p>Tak sa za\u010dala skuto\u010dn\u00e1 slu\u017eba verejnosti v z\u00e1padnom svete. Tu, v Caxton Hall, bol ka\u017ed\u00fd v\u00edtan\u00fd, a to najcenne\u0161ie z\u00edskal zdarma. Mnoh\u00ed z t\u00fdch, ktor\u00ed z\u00edskali svoju Sebarealiz\u00e1ciu, zostali po jej boku a podporovali jej snahu oslovi\u0165 \u010do najviac \u013eud\u00ed, ktor\u00ed h\u013eadali pravdu.<\/p>\n\t<p>V roku 1980 sama \u0160ri Matad\u017ei povedala: &#8220;P\u00e1tra sa po pravde a na trhu je ve\u013ek\u00e1 ponuka od \u013eud\u00ed s\u013eubuj\u00facich pravdu. Toto nie je trh, toto je chr\u00e1m a pre chr\u00e1m nem\u00e1 trh \u017eiadnu hodnotu. Ak mus\u00edte prekona\u0165 sedem vrchov, aby ste dosiahli chr\u00e1m, m\u00e1 to ove\u013ea v\u00e4\u010d\u0161iu hodnotu, ale len niektor\u00ed tam d\u00f4jdu \u017eiv\u00ed. Preto musel chr\u00e1m pr\u00eds\u0165 do Lond\u00fdna, do Caxton Hall, aby oslovil \u013eud\u00ed.&#8221;<\/p>\n<p>\u0160ri Matad\u017ei prijala ka\u017ed\u00e9ho a zahrnula ho svoj\u00edm darom Sebarealiz\u00e1cie.<\/p>\n<p>Pod\u013ea Tagore: &#8220;Hlavnou \u00falohou l\u00e1sky je prija\u0165 v\u0161etky obmedzenia a prekona\u0165 ich.&#8221; L\u00e1ska \u0160ri Matad\u017ei prekon\u00e1va v\u0161etky prek\u00e1\u017eky, aby osvietila srdce i svet.<\/p>\n<div class=\"su-quote su-quote-style-default\"><div class=\"su-quote-inner su-u-clearfix su-u-trim\">Pravda je, ak\u00e1 je, nem\u00f4\u017eeme ju meni\u0165, nem\u00f4\u017eeme si ju predstavova\u0165.<\/div><\/div>\n<figure itemscope itemtype=\"https:\/\/schema.org\/ImageObject\">\n\t\t\t\t<img decoding=\"async\" src=\"https:\/\/shrimataji.org\/test\/wp-content\/uploads\/2026\/01\/SK_shri-mataji-nirmala-devi-bath-england-1977.jpg\" alt=\"\u0160r\u00ed Matad\u017e\u00ed v Bath v Anglicku v roku 1977\" height=\"1259\" width=\"933\" title=\"SK_shri-mataji-nirmala-devi-bath-england-1977\" onerror=\"this.style.display='none'\" loading=\"lazy\" \/>\n\t\t<figcaption>\u0160r\u00ed Matad\u017e\u00ed v Bath v Anglicku v roku 1977<\/figcaption>\n\t<\/figure>\n\n","protected":false},"excerpt":{"rendered":"<p>Jedna radnica pre cel\u00fd svet Kde sa srdcia stret\u00e1vaj\u00fa Caxton Hall v Lond\u00fdne Caxton Hall sa nach\u00e1dza vo Westminstri, v centre Lond\u00fdna. Bola postaven\u00e1 v polovici 19. storo\u010dia a pomenovan\u00e1 na po\u010des\u0165 Williama Caxtona, ktor\u00fd vyna\u0161iel v Anglicku prv\u00fd tla\u010diarensk\u00fd lis, inov\u00e1ciu, ktor\u00e1 sp\u00f4sobila revol\u00faciu vo vedomostiach. Ako miesto m\u00e1 dlh\u00fa hist\u00f3riu, vymie\u0148ali sa tu&hellip; <br \/> <a class=\"read-more\" href=\"https:\/\/shrimataji.org\/test\/sk\/jedna-radnica-pre-cely-svet\/\">Read more<\/a><\/p>\n","protected":false},"author":28,"featured_media":9505,"parent":0,"menu_order":0,"comment_status":"closed","ping_status":"closed","template":"","meta":{"inline_featured_image":false,"footnotes":"","advanced-sidebar-menu\/link-title":"","advanced-sidebar-menu\/exclude-page":false},"class_list":["post-12359","page","type-page","status-publish","has-post-thumbnail","hentry"],"yoast_head":"<!-- This site is optimized with the Yoast SEO plugin v27.6 - https:\/\/yoast.com\/product\/yoast-seo-wordpress\/ -->\n<title>Jedna radnica pre cel\u00fd svet - TEST - SMND<\/title>\n<meta name=\"robots\" content=\"noindex, follow, max-snippet:-1, max-image-preview:large, max-video-preview:-1\" \/>\n<meta property=\"og:locale\" content=\"en_US\" \/>\n<meta property=\"og:type\" content=\"article\" \/>\n<meta property=\"og:title\" content=\"Jedna radnica pre cel\u00fd svet - TEST - SMND\" \/>\n<meta property=\"og:description\" content=\"Jedna radnica pre cel\u00fd svet Kde sa srdcia stret\u00e1vaj\u00fa Caxton Hall v Lond\u00fdne Caxton Hall sa nach\u00e1dza vo Westminstri, v centre Lond\u00fdna. Bola postaven\u00e1 v polovici 19. storo\u010dia a pomenovan\u00e1 na po\u010des\u0165 Williama Caxtona, ktor\u00fd vyna\u0161iel v Anglicku prv\u00fd tla\u010diarensk\u00fd lis, inov\u00e1ciu, ktor\u00e1 sp\u00f4sobila revol\u00faciu vo vedomostiach. Ako miesto m\u00e1 dlh\u00fa hist\u00f3riu, vymie\u0148ali sa tu&hellip; Read more\" \/>\n<meta property=\"og:url\" content=\"https:\/\/shrimataji.org\/test\/sk\/jedna-radnica-pre-cely-svet\/\" \/>\n<meta property=\"og:site_name\" content=\"TEST - SMND\" \/>\n<meta property=\"article:publisher\" content=\"https:\/\/www.facebook.com\/shrimataji\" \/>\n<meta property=\"article:modified_time\" content=\"2026-03-11T16:30:44+00:00\" \/>\n<meta property=\"og:image\" content=\"https:\/\/shrimataji.org\/test\/wp-content\/uploads\/2023\/03\/12_Banner-PublicLife-Hall-scaled.jpg\" \/>\n\t<meta property=\"og:image:width\" content=\"2560\" \/>\n\t<meta property=\"og:image:height\" content=\"905\" \/>\n\t<meta property=\"og:image:type\" content=\"image\/jpeg\" \/>\n<meta name=\"twitter:card\" content=\"summary_large_image\" \/>\n<meta name=\"twitter:site\" content=\"@shrimataji\" \/>\n<script type=\"application\/ld+json\" class=\"yoast-schema-graph\">{\"@context\":\"https:\\\/\\\/schema.org\",\"@graph\":[{\"@type\":\"WebPage\",\"@id\":\"https:\\\/\\\/shrimataji.org\\\/test\\\/sk\\\/jedna-radnica-pre-cely-svet\\\/\",\"url\":\"https:\\\/\\\/shrimataji.org\\\/test\\\/sk\\\/jedna-radnica-pre-cely-svet\\\/\",\"name\":\"Jedna radnica pre cel\u00fd svet - TEST - SMND\",\"isPartOf\":{\"@id\":\"https:\\\/\\\/shrimataji.org\\\/test\\\/#website\"},\"primaryImageOfPage\":{\"@id\":\"https:\\\/\\\/shrimataji.org\\\/test\\\/sk\\\/jedna-radnica-pre-cely-svet\\\/#primaryimage\"},\"image\":{\"@id\":\"https:\\\/\\\/shrimataji.org\\\/test\\\/sk\\\/jedna-radnica-pre-cely-svet\\\/#primaryimage\"},\"thumbnailUrl\":\"https:\\\/\\\/shrimataji.org\\\/test\\\/wp-content\\\/uploads\\\/2023\\\/03\\\/12_Banner-PublicLife-Hall-scaled.jpg\",\"datePublished\":\"2011-12-05T02:00:00+00:00\",\"dateModified\":\"2026-03-11T16:30:44+00:00\",\"breadcrumb\":{\"@id\":\"https:\\\/\\\/shrimataji.org\\\/test\\\/sk\\\/jedna-radnica-pre-cely-svet\\\/#breadcrumb\"},\"inLanguage\":\"en-US\",\"potentialAction\":[{\"@type\":\"ReadAction\",\"target\":[\"https:\\\/\\\/shrimataji.org\\\/test\\\/sk\\\/jedna-radnica-pre-cely-svet\\\/\"]}]},{\"@type\":\"ImageObject\",\"inLanguage\":\"en-US\",\"@id\":\"https:\\\/\\\/shrimataji.org\\\/test\\\/sk\\\/jedna-radnica-pre-cely-svet\\\/#primaryimage\",\"url\":\"https:\\\/\\\/shrimataji.org\\\/test\\\/wp-content\\\/uploads\\\/2023\\\/03\\\/12_Banner-PublicLife-Hall-scaled.jpg\",\"contentUrl\":\"https:\\\/\\\/shrimataji.org\\\/test\\\/wp-content\\\/uploads\\\/2023\\\/03\\\/12_Banner-PublicLife-Hall-scaled.jpg\",\"width\":2560,\"height\":905},{\"@type\":\"BreadcrumbList\",\"@id\":\"https:\\\/\\\/shrimataji.org\\\/test\\\/sk\\\/jedna-radnica-pre-cely-svet\\\/#breadcrumb\",\"itemListElement\":[{\"@type\":\"ListItem\",\"position\":1,\"name\":\"Home\",\"item\":\"https:\\\/\\\/shrimataji.org\\\/test\\\/uk\\\/home-en\\\/\"},{\"@type\":\"ListItem\",\"position\":2,\"name\":\"Jedna radnica pre cel\u00fd svet\"}]},{\"@type\":\"WebSite\",\"@id\":\"https:\\\/\\\/shrimataji.org\\\/test\\\/#website\",\"url\":\"https:\\\/\\\/shrimataji.org\\\/test\\\/\",\"name\":\"Shri Mataji Nirmala Devi\",\"description\":\"A Life Dedicated to Humanity\",\"publisher\":{\"@id\":\"https:\\\/\\\/shrimataji.org\\\/test\\\/#\\\/schema\\\/person\\\/a1b3419c6585f164aa96da1ff85715d1\"},\"potentialAction\":[{\"@type\":\"SearchAction\",\"target\":{\"@type\":\"EntryPoint\",\"urlTemplate\":\"https:\\\/\\\/shrimataji.org\\\/test\\\/?s={search_term_string}\"},\"query-input\":{\"@type\":\"PropertyValueSpecification\",\"valueRequired\":true,\"valueName\":\"search_term_string\"}}],\"inLanguage\":\"en-US\"},{\"@type\":[\"Person\",\"Organization\"],\"@id\":\"https:\\\/\\\/shrimataji.org\\\/test\\\/#\\\/schema\\\/person\\\/a1b3419c6585f164aa96da1ff85715d1\",\"name\":\"Nirmala Shrivastava\",\"image\":{\"@type\":\"ImageObject\",\"inLanguage\":\"en-US\",\"@id\":\"https:\\\/\\\/shrimataji.org\\\/test\\\/wp-content\\\/uploads\\\/2023\\\/02\\\/SMO_LOGO-03.svg\",\"url\":\"https:\\\/\\\/shrimataji.org\\\/test\\\/wp-content\\\/uploads\\\/2023\\\/02\\\/SMO_LOGO-03.svg\",\"contentUrl\":\"https:\\\/\\\/shrimataji.org\\\/test\\\/wp-content\\\/uploads\\\/2023\\\/02\\\/SMO_LOGO-03.svg\",\"width\":\"1024\",\"height\":\"1024\",\"caption\":\"Nirmala Shrivastava\"},\"logo\":{\"@id\":\"https:\\\/\\\/shrimataji.org\\\/test\\\/wp-content\\\/uploads\\\/2023\\\/02\\\/SMO_LOGO-03.svg\"},\"sameAs\":[\"https:\\\/\\\/shrimataji.org\\\/test\",\"https:\\\/\\\/www.facebook.com\\\/shrimataji\",\"https:\\\/\\\/x.com\\\/shrimataji\",\"https:\\\/\\\/www.youtube.com\\\/@Shri_Mataji_Nirmala_Devi\\\/featured\"]}]}<\/script>\n<!-- \/ Yoast SEO plugin. -->","yoast_head_json":{"title":"Jedna radnica pre cel\u00fd svet - TEST - SMND","robots":{"index":"noindex","follow":"follow","max-snippet":"max-snippet:-1","max-image-preview":"max-image-preview:large","max-video-preview":"max-video-preview:-1"},"og_locale":"en_US","og_type":"article","og_title":"Jedna radnica pre cel\u00fd svet - TEST - SMND","og_description":"Jedna radnica pre cel\u00fd svet Kde sa srdcia stret\u00e1vaj\u00fa Caxton Hall v Lond\u00fdne Caxton Hall sa nach\u00e1dza vo Westminstri, v centre Lond\u00fdna. Bola postaven\u00e1 v polovici 19. storo\u010dia a pomenovan\u00e1 na po\u010des\u0165 Williama Caxtona, ktor\u00fd vyna\u0161iel v Anglicku prv\u00fd tla\u010diarensk\u00fd lis, inov\u00e1ciu, ktor\u00e1 sp\u00f4sobila revol\u00faciu vo vedomostiach. Ako miesto m\u00e1 dlh\u00fa hist\u00f3riu, vymie\u0148ali sa tu&hellip; Read more","og_url":"https:\/\/shrimataji.org\/test\/sk\/jedna-radnica-pre-cely-svet\/","og_site_name":"TEST - SMND","article_publisher":"https:\/\/www.facebook.com\/shrimataji","article_modified_time":"2026-03-11T16:30:44+00:00","og_image":[{"width":2560,"height":905,"url":"https:\/\/shrimataji.org\/test\/wp-content\/uploads\/2023\/03\/12_Banner-PublicLife-Hall-scaled.jpg","type":"image\/jpeg"}],"twitter_card":"summary_large_image","twitter_site":"@shrimataji","schema":{"@context":"https:\/\/schema.org","@graph":[{"@type":"WebPage","@id":"https:\/\/shrimataji.org\/test\/sk\/jedna-radnica-pre-cely-svet\/","url":"https:\/\/shrimataji.org\/test\/sk\/jedna-radnica-pre-cely-svet\/","name":"Jedna radnica pre cel\u00fd svet - TEST - SMND","isPartOf":{"@id":"https:\/\/shrimataji.org\/test\/#website"},"primaryImageOfPage":{"@id":"https:\/\/shrimataji.org\/test\/sk\/jedna-radnica-pre-cely-svet\/#primaryimage"},"image":{"@id":"https:\/\/shrimataji.org\/test\/sk\/jedna-radnica-pre-cely-svet\/#primaryimage"},"thumbnailUrl":"https:\/\/shrimataji.org\/test\/wp-content\/uploads\/2023\/03\/12_Banner-PublicLife-Hall-scaled.jpg","datePublished":"2011-12-05T02:00:00+00:00","dateModified":"2026-03-11T16:30:44+00:00","breadcrumb":{"@id":"https:\/\/shrimataji.org\/test\/sk\/jedna-radnica-pre-cely-svet\/#breadcrumb"},"inLanguage":"en-US","potentialAction":[{"@type":"ReadAction","target":["https:\/\/shrimataji.org\/test\/sk\/jedna-radnica-pre-cely-svet\/"]}]},{"@type":"ImageObject","inLanguage":"en-US","@id":"https:\/\/shrimataji.org\/test\/sk\/jedna-radnica-pre-cely-svet\/#primaryimage","url":"https:\/\/shrimataji.org\/test\/wp-content\/uploads\/2023\/03\/12_Banner-PublicLife-Hall-scaled.jpg","contentUrl":"https:\/\/shrimataji.org\/test\/wp-content\/uploads\/2023\/03\/12_Banner-PublicLife-Hall-scaled.jpg","width":2560,"height":905},{"@type":"BreadcrumbList","@id":"https:\/\/shrimataji.org\/test\/sk\/jedna-radnica-pre-cely-svet\/#breadcrumb","itemListElement":[{"@type":"ListItem","position":1,"name":"Home","item":"https:\/\/shrimataji.org\/test\/uk\/home-en\/"},{"@type":"ListItem","position":2,"name":"Jedna radnica pre cel\u00fd svet"}]},{"@type":"WebSite","@id":"https:\/\/shrimataji.org\/test\/#website","url":"https:\/\/shrimataji.org\/test\/","name":"Shri Mataji Nirmala Devi","description":"A Life Dedicated to Humanity","publisher":{"@id":"https:\/\/shrimataji.org\/test\/#\/schema\/person\/a1b3419c6585f164aa96da1ff85715d1"},"potentialAction":[{"@type":"SearchAction","target":{"@type":"EntryPoint","urlTemplate":"https:\/\/shrimataji.org\/test\/?s={search_term_string}"},"query-input":{"@type":"PropertyValueSpecification","valueRequired":true,"valueName":"search_term_string"}}],"inLanguage":"en-US"},{"@type":["Person","Organization"],"@id":"https:\/\/shrimataji.org\/test\/#\/schema\/person\/a1b3419c6585f164aa96da1ff85715d1","name":"Nirmala Shrivastava","image":{"@type":"ImageObject","inLanguage":"en-US","@id":"https:\/\/shrimataji.org\/test\/wp-content\/uploads\/2023\/02\/SMO_LOGO-03.svg","url":"https:\/\/shrimataji.org\/test\/wp-content\/uploads\/2023\/02\/SMO_LOGO-03.svg","contentUrl":"https:\/\/shrimataji.org\/test\/wp-content\/uploads\/2023\/02\/SMO_LOGO-03.svg","width":"1024","height":"1024","caption":"Nirmala Shrivastava"},"logo":{"@id":"https:\/\/shrimataji.org\/test\/wp-content\/uploads\/2023\/02\/SMO_LOGO-03.svg"},"sameAs":["https:\/\/shrimataji.org\/test","https:\/\/www.facebook.com\/shrimataji","https:\/\/x.com\/shrimataji","https:\/\/www.youtube.com\/@Shri_Mataji_Nirmala_Devi\/featured"]}]}},"lang":"sk","translations":{"sk":12359,"ur":37385,"en":443,"am":17956,"th":19879,"hu":19431,"sq":18357,"zh":17254,"hi":8514,"tr":10130,"pl":10239,"pt":10347,"de":10620,"fr":10718,"it":10816,"es":10914,"ja":11211,"ru":11399,"bn":11591,"te":11699,"sw":11822,"he":11970,"el":12261,"fa":12457,"fi":12555,"bg":13504,"ro":14579,"cs":14772,"nl":16517,"ku":16677,"ar":16853,"be":18564,"kn":18838,"mr":20243,"uk":20535,"ml":20834,"ta":22672,"sv":22945,"gu":28793,"pa":28951,"fil":29391,"da":37699,"nn":38251},"pll_sync_post":{},"_links":{"self":[{"href":"https:\/\/shrimataji.org\/test\/wp-json\/wp\/v2\/pages\/12359","targetHints":{"allow":["GET"]}}],"collection":[{"href":"https:\/\/shrimataji.org\/test\/wp-json\/wp\/v2\/pages"}],"about":[{"href":"https:\/\/shrimataji.org\/test\/wp-json\/wp\/v2\/types\/page"}],"author":[{"embeddable":true,"href":"https:\/\/shrimataji.org\/test\/wp-json\/wp\/v2\/users\/28"}],"replies":[{"embeddable":true,"href":"https:\/\/shrimataji.org\/test\/wp-json\/wp\/v2\/comments?post=12359"}],"version-history":[{"count":0,"href":"https:\/\/shrimataji.org\/test\/wp-json\/wp\/v2\/pages\/12359\/revisions"}],"wp:featuredmedia":[{"embeddable":true,"href":"https:\/\/shrimataji.org\/test\/wp-json\/wp\/v2\/media\/9505"}],"wp:attachment":[{"href":"https:\/\/shrimataji.org\/test\/wp-json\/wp\/v2\/media?parent=12359"}],"curies":[{"name":"wp","href":"https:\/\/api.w.org\/{rel}","templated":true}]}}