{"id":12360,"date":"2022-03-05T07:57:08","date_gmt":"2022-03-05T07:57:08","guid":{"rendered":"https:\/\/test.shrimataji.org\/?page_id=6497"},"modified":"2026-03-14T00:46:35","modified_gmt":"2026-03-14T00:46:35","slug":"agnya-cakra","status":"publish","type":"page","link":"https:\/\/shrimataji.org\/test\/sk\/agnya-cakra\/","title":{"rendered":"Agnya \u010dakra SK"},"content":{"rendered":"\n\n\t<h1>Agnya \u010dakra<\/h1>\n<h2>Sila odpustenia<\/h2>\n<h4>Podstatou tejto \u010dakry je odpustenie, ke\u010f neodpust\u00edme, naozaj ubl\u00ed\u017eime sami sebe t\u00fdm, \u017ee sa t\u00e1to \u010dakra dostane mimo rovnov\u00e1hu. Odpustenie n\u00e1m d\u00e1va silu zbavi\u0165 sa hnevu a nen\u00e1visti, \u010do pred Sebarealiz\u00e1ciou nie je \u013eahk\u00e9. Ke\u010f jednoducho \u00faprimne povieme: &#8220;Odp\u00fa\u0161\u0165am, &#8220;na\u0161a <a href=\"https:\/\/shrimataji.org\/test\/sk\/kundaliny\/\" target=\"_blank\" rel=\"noopener\">Kundalini<\/a> m\u00f4\u017ee prenikn\u00fa\u0165 do tohto centra a vtiahnu\u0165 na\u0161u pozornos\u0165 do r\u00ed\u0161e bo\u017eieho ticha, \u010do n\u00e1m pom\u00f4\u017ee dosiahnu\u0165 bezmy\u0161lienkov\u00e9 vedomie po\u010das na\u0161ej medit\u00e1cie.<\/h4>\n<p>Prostredn\u00edctvom sily odpustenia objav\u00edme svoju vy\u0161\u0161iu duchovn\u00fa podstatu &#8211; pokoru, u\u0161\u013eachtilos\u0165, \u0161tedros\u0165, nekone\u010dn\u00fa l\u00e1sku a s\u00facit ku v\u0161etk\u00fdm. Po\u010das medit\u00e1cie, ke\u010f sa vyvinie na\u0161a Agnya \u010dakra, rozpust\u00ed sa ego, podmienenosti, zvyky, myln\u00e9 predstavy o rasizme a v\u0161etky na\u0161e falo\u0161n\u00e9 stoto\u017enenia. V p\u00edsmach je op\u00edsan\u00e1 ako \u00fazka br\u00e1na, ktor\u00e1 otv\u00e1ra cestu n\u00e1\u0161mu vedomiu, aby dosiahlo svoj kone\u010dn\u00fd cie\u013e, siedme centrum &#8211; Sahasr\u00e1ru, ktor\u00e1 je symbolom naj\u010distej\u0161ej duchovnej existencie.<\/p>\n\t\t<iframe loading=\"lazy\" title=\"Agnya Chakra\" width=\"1920\" height=\"1080\" src=\"https:\/\/www.youtube.com\/embed\/Fu9CT50ZFSc?feature=oembed\" frameborder=\"0\" allow=\"accelerometer; autoplay; clipboard-write; encrypted-media; gyroscope; picture-in-picture; web-share\" allowfullscreen><\/iframe>\t\n\t<strong>Umiestnenie:<br \/>\n<\/strong>Agnya \u010dakra sa nach\u00e1dza v na\u0161om mozgu, na mieste kde sa kr\u00ed\u017eia o\u010dn\u00e9 nervy (v lek\u00e1rskej terminol\u00f3gii naz\u00fdvan\u00e1 optick\u00e1 chiazma) v strede \u010dela. Vibr\u00e1cie tejto \u010dakry m\u00f4\u017eeme c\u00edti\u0165 na prsten\u00edkoch oboch r\u00fak.\n<strong>Farba:<br \/>\n<\/strong>Agnya \u010dakru predstavuje strieborn\u00e1 farba, jej podstatou je svetlo.\n<p><strong>Medzi vlastnosti Agnya \u010dakry patr\u00ed:<\/strong><\/p>\n<ul>\n<li>odpustenie<\/li>\n<li>s\u00facit<\/li>\n<li>pokora<\/li>\n<li>bezmy\u0161lienkov\u00e9 vedomie<\/li>\n<li>ego a Superego<\/li>\n<\/ul>\n<figure itemscope itemtype=\"https:\/\/schema.org\/ImageObject\">\n\t\t\t\t<img decoding=\"async\" src=\"https:\/\/shrimataji.org\/test\/wp-content\/uploads\/2025\/12\/sk-6-Agnya-01-scaled.png\" alt=\"sk-6-Agnya-01\" height=\"2560\" width=\"2402\" title=\"sk-6-Agnya-01\" onerror=\"this.style.display='none'\" loading=\"lazy\" \/>\n\t<\/figure>\n\t<p>Hlavnou kvalitou Agnya \u010dakry je odpustenie, pr\u00e1ve jej prebuden\u00edm rozv\u00edjame schopnos\u0165 odp\u00fa\u0161\u0165a\u0165 sebe i druh\u00fdm ich nedostatky. T\u00e1to \u010dakra je tie\u017e ozna\u010dovan\u00e1 ako &#8220;tretie oko&#8221;. Toto tretie oko neznamen\u00e1 vidie\u0165 tajn\u00e9 obrazy alebo schonos\u0165 jasnovidectva, ako tvrdia mnoh\u00ed in\u00ed jog\u00edni, ale ide o zmenu poh\u013eadu, ktor\u00fd sme doteraz mali, na\u0161ich ment\u00e1lnych a emo\u010dn\u00fdch zaujatost\u00ed. Ten ist\u00fd \u017eivot, ktor\u00fd bol stresuj\u00faci, \u010dasto nudn\u00fd alebo bez zmyslu, sa po Sebarealiz\u00e1cii a otvoren\u00ed Agnya \u010dakry stane pln\u00fd radosti, l\u00e1sky a s\u00facitu, ke\u010f si uvedom\u00edme skuto\u010dn\u00fd v\u00fdznam n\u00e1\u0161ho \u017eivota. Ani bohatsvo \u010di smr\u0165 n\u00e1s nem\u00f4\u017ee pote\u0161i\u0165 a sklama\u0165, ke\u010f sme pohodlne upevnen\u00ed v r\u00ed\u0161i na\u0161ej duchovnej podstaty. Dosiahnutie tejto duchovnej r\u00ed\u0161e n\u00e1m pom\u00f4\u017ee pochopi\u0165, pre\u010do Gautama Budha po svojom osvieten\u00ed nikdy nec\u00edtil potrebu vr\u00e1ti\u0165 sa do pohodlia svojho pal\u00e1ca.<\/p>\n<strong>Sk\u00fasenosti a v\u00fdhody:<\/strong><br \/>\nAgnya \u010dakra ovl\u00e1da zrak, sluch a my\u0161lienky, ako aj hypof\u00fdzu. T\u00e1to d\u00f4le\u017ei\u0165\u00e1 \u017e\u013eaza, tie\u017e zn\u00e1ma ako &#8220;p\u00e1n \u017eliaz&#8221;, reguluje v\u0161etky ostatn\u00e9 endokrinn\u00e9 \u017e\u013eazy a ovplyv\u0148uje n\u00e1\u0161 rast, fyziologick\u00e9 dozrievanie, metabolizmus a sp\u00e1nok. Mnoh\u00ed z n\u00e1s tr\u00e1via dlh\u00e9 hodiny pri po\u010d\u00edta\u010di v r\u00e1mci svojej pr\u00e1ce. Taktie\u017e tr\u00e1vime ve\u013ea \u010dasu aj pred telev\u00edziou. Pr\u00edli\u0161 ve\u013ea vizu\u00e1lnej stimul\u00e1cie m\u00f4\u017ee oslabi\u0165 Agnya \u010dakru. Na\u0161\u0165astie pravideln\u00e9 praktizovanie Sahad\u017ea joga medit\u00e1cie m\u00f4\u017ee zmierni\u0165 tento probl\u00e9m. Va\u0161a \u013eav\u00e1 Agnya je prepojen\u00e1 s tou \u010das\u0165ou mozgu, zvanej &#8220;superego&#8221;, ktor\u00e1 uchov\u00e1va spomienky, sk\u00fasenosti, zvyky a em\u00f3cie. Va\u0161a prav\u00e1 Agnya je spojen\u00e1 s druhou polovicou mozgu, zvanou &#8220;ego&#8221;, ktor\u00e1 sa zameriava na bud\u00facnos\u0165 prostredn\u00edctvom myslenia, pl\u00e1novania a konania. Va\u0161e ego a superego sa prel\u00ednaj\u00fa v Agnya \u010dakre.\n<p>Ak je va\u0161a \u013eav\u00e1 Agnya pr\u00edli\u0161 akt\u00edvna, m\u00f4\u017ee sa va\u0161e superego naf\u00faknu\u0165 ako bal\u00f3n. V\u0161etko zameriavanie sa na minulos\u0165 m\u00f4\u017ee vies\u0165 k rozvoju ve\u013emi emocion\u00e1lnej osobnosti a sebapo\u0161kodzuj\u00facim my\u0161lienkam alebo spr\u00e1vaniu. Podobne, ak je nadmerne akt\u00edvna na\u0161a prav\u00e1 Agnya, naf\u00fakne sa ego, prive\u013ea pl\u00e1nujeme a prem\u00fd\u0161\u013eame. To m\u00f4\u017ee vies\u0165 k nepokoju, \u010dast\u00fdm v\u00fdkyvom n\u00e1lad a dokonca agresivite vo\u010di ostatn\u00fdm.<\/p>\n<p>Na\u0161\u0165astie, energia Kundalini vie ve\u013emi \u00fa\u010dinne vyv\u00e1\u017ei\u0165 Agnya \u010dakru, ke\u010f \u0148ou prenikne, sf\u00fakne tieto bal\u00f3ny. Vn\u00fatorn\u00e9 ticho medit\u00e1cie v n\u00e1s upev\u0148uje pokoru, pomocou ktorej rozv\u00edjame silu odpustenia. Odpustenie znamen\u00e1 prijatie a uzdravenie. Oslobodzuje n\u00e1s od negat\u00edvnych v\u00e4zieb hnevu, nen\u00e1visti a odporu. Ke\u010f odpust\u00edme, m\u00f4\u017eeme poc\u00edti\u0165 obrovsk\u00fa \u00fa\u013eavu a pokoj.<\/p>\n<strong>Sebahodnotenie:<br \/>\n<\/strong>Ak je Agnya \u010dakra zablokovan\u00e1, nie sme schopn\u00ed odpusti\u0165 sebe ani ostatn\u00fdm. Mo\u017eno sa zaober\u00e1me minulos\u0165ou a nech\u00e1me sa pohlti\u0165 seba\u013e\u00fatos\u0165ou. Egoizmus a agresivita s\u00fa \u010fa\u013e\u0161\u00edmi znakmi nevyrovnanej Agnye, ako aj posadnutie pornografiou alebo ru\u0161iv\u00fdmi sexu\u00e1lnymi predstavami. Obavy, nadmern\u00e9 prem\u00fd\u0161\u013eanie a pl\u00e1novanie tie\u017e nazna\u010duj\u00fa zablokovanie tejto \u010dakry.\n<p><strong>D\u00f4vody nerovnov\u00e1hy:<\/strong><\/p>\n<ul>\n<li>zafixovan\u00e9 predstavy<\/li>\n<li>skostnaten\u00e9 vzorce spr\u00e1vania<\/li>\n<li>zach\u00e1dzanie do extr\u00e9mov v na\u0161om konan\u00ed<\/li>\n<\/ul>\n<strong>Ako ju da\u0165 do rovnov\u00e1hy:<br \/>\n<\/strong>Ak chcete da\u0165 svoju Agnya \u010dakru do rovnov\u00e1hy, meditujte v pr\u00edrode, sledujte oblohu. M\u00f4\u017eete si tie\u017e polo\u017ei\u0165 prav\u00fa dla\u0148 na \u010delo, mierne skloni\u0165 hlavu a poveda\u0165: &#8220;Odp\u00fa\u0161\u0165am v\u0161etk\u00fdm, vr\u00e1tane seba.&#8221; Sk\u00faste odpusti\u0165 z cel\u00e9ho srdca.\n<p>Najlep\u0161\u00edm sp\u00f4sobom, ako udr\u017ea\u0165 na\u0161u Agnya \u010dakru v rovnov\u00e1he, je vyhn\u00fa\u0165 sa nadmern\u00e9mu prem\u00fd\u0161\u013eaniu a pl\u00e1novaniu. \u017di v pr\u00edtomnosti &#8211; u\u017e\u00edvaj si ka\u017ed\u00fa sekundu!<\/p>\n\n","protected":false},"excerpt":{"rendered":"<p>Agnya \u010dakra Sila odpustenia Podstatou tejto \u010dakry je odpustenie, ke\u010f neodpust\u00edme, naozaj ubl\u00ed\u017eime sami sebe t\u00fdm, \u017ee sa t\u00e1to \u010dakra dostane mimo rovnov\u00e1hu. Odpustenie n\u00e1m d\u00e1va silu zbavi\u0165 sa hnevu a nen\u00e1visti, \u010do pred Sebarealiz\u00e1ciou nie je \u013eahk\u00e9. Ke\u010f jednoducho \u00faprimne povieme: &#8220;Odp\u00fa\u0161\u0165am, &#8220;na\u0161a Kundalini m\u00f4\u017ee prenikn\u00fa\u0165 do tohto centra a vtiahnu\u0165 na\u0161u pozornos\u0165 do&hellip; <br \/> <a class=\"read-more\" href=\"https:\/\/shrimataji.org\/test\/sk\/agnya-cakra\/\">Read more<\/a><\/p>\n","protected":false},"author":1,"featured_media":9256,"parent":0,"menu_order":0,"comment_status":"closed","ping_status":"closed","template":"","meta":{"inline_featured_image":false,"footnotes":""},"class_list":["post-12360","page","type-page","status-publish","has-post-thumbnail","hentry"],"yoast_head":"<!-- This site is optimized with the Yoast SEO plugin v27.4 - https:\/\/yoast.com\/product\/yoast-seo-wordpress\/ -->\n<title>Agnya \u010dakra SK - TEST - SMND<\/title>\n<meta name=\"robots\" content=\"noindex, follow, max-snippet:-1, max-image-preview:large, max-video-preview:-1\" \/>\n<meta property=\"og:locale\" content=\"en_US\" \/>\n<meta property=\"og:type\" content=\"article\" \/>\n<meta property=\"og:title\" content=\"Agnya \u010dakra SK - TEST - SMND\" \/>\n<meta property=\"og:description\" content=\"Agnya \u010dakra Sila odpustenia Podstatou tejto \u010dakry je odpustenie, ke\u010f neodpust\u00edme, naozaj ubl\u00ed\u017eime sami sebe t\u00fdm, \u017ee sa t\u00e1to \u010dakra dostane mimo rovnov\u00e1hu. Odpustenie n\u00e1m d\u00e1va silu zbavi\u0165 sa hnevu a nen\u00e1visti, \u010do pred Sebarealiz\u00e1ciou nie je \u013eahk\u00e9. Ke\u010f jednoducho \u00faprimne povieme: &#8220;Odp\u00fa\u0161\u0165am, &#8220;na\u0161a Kundalini m\u00f4\u017ee prenikn\u00fa\u0165 do tohto centra a vtiahnu\u0165 na\u0161u pozornos\u0165 do&hellip; Read more\" \/>\n<meta property=\"og:url\" content=\"https:\/\/shrimataji.org\/test\/sk\/agnya-cakra\/\" \/>\n<meta property=\"og:site_name\" content=\"TEST - SMND\" \/>\n<meta property=\"article:publisher\" content=\"https:\/\/www.facebook.com\/shrimataji\" \/>\n<meta property=\"article:modified_time\" content=\"2026-03-14T00:46:35+00:00\" \/>\n<meta property=\"og:image\" content=\"https:\/\/shrimataji.org\/test\/wp-content\/uploads\/2023\/03\/21_Banner-SY-Chakra-agnya-scaled.jpg\" \/>\n\t<meta property=\"og:image:width\" content=\"2560\" \/>\n\t<meta property=\"og:image:height\" content=\"905\" \/>\n\t<meta property=\"og:image:type\" content=\"image\/jpeg\" \/>\n<meta name=\"twitter:card\" content=\"summary_large_image\" \/>\n<meta name=\"twitter:site\" content=\"@shrimataji\" \/>\n<meta name=\"twitter:label1\" content=\"Est. reading time\" \/>\n\t<meta name=\"twitter:data1\" content=\"4 minutes\" \/>\n<script type=\"application\/ld+json\" class=\"yoast-schema-graph\">{\"@context\":\"https:\\\/\\\/schema.org\",\"@graph\":[{\"@type\":\"WebPage\",\"@id\":\"https:\\\/\\\/shrimataji.org\\\/test\\\/sk\\\/agnya-cakra\\\/\",\"url\":\"https:\\\/\\\/shrimataji.org\\\/test\\\/sk\\\/agnya-cakra\\\/\",\"name\":\"Agnya \u010dakra SK - TEST - SMND\",\"isPartOf\":{\"@id\":\"https:\\\/\\\/shrimataji.org\\\/test\\\/#website\"},\"primaryImageOfPage\":{\"@id\":\"https:\\\/\\\/shrimataji.org\\\/test\\\/sk\\\/agnya-cakra\\\/#primaryimage\"},\"image\":{\"@id\":\"https:\\\/\\\/shrimataji.org\\\/test\\\/sk\\\/agnya-cakra\\\/#primaryimage\"},\"thumbnailUrl\":\"https:\\\/\\\/shrimataji.org\\\/test\\\/wp-content\\\/uploads\\\/2023\\\/03\\\/21_Banner-SY-Chakra-agnya-scaled.jpg\",\"datePublished\":\"2022-03-05T07:57:08+00:00\",\"dateModified\":\"2026-03-14T00:46:35+00:00\",\"breadcrumb\":{\"@id\":\"https:\\\/\\\/shrimataji.org\\\/test\\\/sk\\\/agnya-cakra\\\/#breadcrumb\"},\"inLanguage\":\"en-US\",\"potentialAction\":[{\"@type\":\"ReadAction\",\"target\":[\"https:\\\/\\\/shrimataji.org\\\/test\\\/sk\\\/agnya-cakra\\\/\"]}]},{\"@type\":\"ImageObject\",\"inLanguage\":\"en-US\",\"@id\":\"https:\\\/\\\/shrimataji.org\\\/test\\\/sk\\\/agnya-cakra\\\/#primaryimage\",\"url\":\"https:\\\/\\\/shrimataji.org\\\/test\\\/wp-content\\\/uploads\\\/2023\\\/03\\\/21_Banner-SY-Chakra-agnya-scaled.jpg\",\"contentUrl\":\"https:\\\/\\\/shrimataji.org\\\/test\\\/wp-content\\\/uploads\\\/2023\\\/03\\\/21_Banner-SY-Chakra-agnya-scaled.jpg\",\"width\":2560,\"height\":905},{\"@type\":\"BreadcrumbList\",\"@id\":\"https:\\\/\\\/shrimataji.org\\\/test\\\/sk\\\/agnya-cakra\\\/#breadcrumb\",\"itemListElement\":[{\"@type\":\"ListItem\",\"position\":1,\"name\":\"Home\",\"item\":\"https:\\\/\\\/shrimataji.org\\\/test\\\/uk\\\/home-en\\\/\"},{\"@type\":\"ListItem\",\"position\":2,\"name\":\"Agnya \u010dakra SK\"}]},{\"@type\":\"WebSite\",\"@id\":\"https:\\\/\\\/shrimataji.org\\\/test\\\/#website\",\"url\":\"https:\\\/\\\/shrimataji.org\\\/test\\\/\",\"name\":\"Shri Mataji Nirmala Devi\",\"description\":\"A Life Dedicated to Humanity\",\"publisher\":{\"@id\":\"https:\\\/\\\/shrimataji.org\\\/test\\\/#\\\/schema\\\/person\\\/a1b3419c6585f164aa96da1ff85715d1\"},\"potentialAction\":[{\"@type\":\"SearchAction\",\"target\":{\"@type\":\"EntryPoint\",\"urlTemplate\":\"https:\\\/\\\/shrimataji.org\\\/test\\\/?s={search_term_string}\"},\"query-input\":{\"@type\":\"PropertyValueSpecification\",\"valueRequired\":true,\"valueName\":\"search_term_string\"}}],\"inLanguage\":\"en-US\"},{\"@type\":[\"Person\",\"Organization\"],\"@id\":\"https:\\\/\\\/shrimataji.org\\\/test\\\/#\\\/schema\\\/person\\\/a1b3419c6585f164aa96da1ff85715d1\",\"name\":\"Nirmala Shrivastava\",\"image\":{\"@type\":\"ImageObject\",\"inLanguage\":\"en-US\",\"@id\":\"https:\\\/\\\/shrimataji.org\\\/test\\\/wp-content\\\/uploads\\\/2023\\\/02\\\/SMO_LOGO-03.svg\",\"url\":\"https:\\\/\\\/shrimataji.org\\\/test\\\/wp-content\\\/uploads\\\/2023\\\/02\\\/SMO_LOGO-03.svg\",\"contentUrl\":\"https:\\\/\\\/shrimataji.org\\\/test\\\/wp-content\\\/uploads\\\/2023\\\/02\\\/SMO_LOGO-03.svg\",\"width\":\"1024\",\"height\":\"1024\",\"caption\":\"Nirmala Shrivastava\"},\"logo\":{\"@id\":\"https:\\\/\\\/shrimataji.org\\\/test\\\/wp-content\\\/uploads\\\/2023\\\/02\\\/SMO_LOGO-03.svg\"},\"sameAs\":[\"https:\\\/\\\/shrimataji.org\\\/test\",\"https:\\\/\\\/www.facebook.com\\\/shrimataji\",\"https:\\\/\\\/x.com\\\/shrimataji\",\"https:\\\/\\\/www.youtube.com\\\/@Shri_Mataji_Nirmala_Devi\\\/featured\"]}]}<\/script>\n<!-- \/ Yoast SEO plugin. -->","yoast_head_json":{"title":"Agnya \u010dakra SK - TEST - SMND","robots":{"index":"noindex","follow":"follow","max-snippet":"max-snippet:-1","max-image-preview":"max-image-preview:large","max-video-preview":"max-video-preview:-1"},"og_locale":"en_US","og_type":"article","og_title":"Agnya \u010dakra SK - TEST - SMND","og_description":"Agnya \u010dakra Sila odpustenia Podstatou tejto \u010dakry je odpustenie, ke\u010f neodpust\u00edme, naozaj ubl\u00ed\u017eime sami sebe t\u00fdm, \u017ee sa t\u00e1to \u010dakra dostane mimo rovnov\u00e1hu. Odpustenie n\u00e1m d\u00e1va silu zbavi\u0165 sa hnevu a nen\u00e1visti, \u010do pred Sebarealiz\u00e1ciou nie je \u013eahk\u00e9. Ke\u010f jednoducho \u00faprimne povieme: &#8220;Odp\u00fa\u0161\u0165am, &#8220;na\u0161a Kundalini m\u00f4\u017ee prenikn\u00fa\u0165 do tohto centra a vtiahnu\u0165 na\u0161u pozornos\u0165 do&hellip; Read more","og_url":"https:\/\/shrimataji.org\/test\/sk\/agnya-cakra\/","og_site_name":"TEST - SMND","article_publisher":"https:\/\/www.facebook.com\/shrimataji","article_modified_time":"2026-03-14T00:46:35+00:00","og_image":[{"width":2560,"height":905,"url":"https:\/\/shrimataji.org\/test\/wp-content\/uploads\/2023\/03\/21_Banner-SY-Chakra-agnya-scaled.jpg","type":"image\/jpeg"}],"twitter_card":"summary_large_image","twitter_site":"@shrimataji","twitter_misc":{"Est. reading time":"4 minutes"},"schema":{"@context":"https:\/\/schema.org","@graph":[{"@type":"WebPage","@id":"https:\/\/shrimataji.org\/test\/sk\/agnya-cakra\/","url":"https:\/\/shrimataji.org\/test\/sk\/agnya-cakra\/","name":"Agnya \u010dakra SK - TEST - SMND","isPartOf":{"@id":"https:\/\/shrimataji.org\/test\/#website"},"primaryImageOfPage":{"@id":"https:\/\/shrimataji.org\/test\/sk\/agnya-cakra\/#primaryimage"},"image":{"@id":"https:\/\/shrimataji.org\/test\/sk\/agnya-cakra\/#primaryimage"},"thumbnailUrl":"https:\/\/shrimataji.org\/test\/wp-content\/uploads\/2023\/03\/21_Banner-SY-Chakra-agnya-scaled.jpg","datePublished":"2022-03-05T07:57:08+00:00","dateModified":"2026-03-14T00:46:35+00:00","breadcrumb":{"@id":"https:\/\/shrimataji.org\/test\/sk\/agnya-cakra\/#breadcrumb"},"inLanguage":"en-US","potentialAction":[{"@type":"ReadAction","target":["https:\/\/shrimataji.org\/test\/sk\/agnya-cakra\/"]}]},{"@type":"ImageObject","inLanguage":"en-US","@id":"https:\/\/shrimataji.org\/test\/sk\/agnya-cakra\/#primaryimage","url":"https:\/\/shrimataji.org\/test\/wp-content\/uploads\/2023\/03\/21_Banner-SY-Chakra-agnya-scaled.jpg","contentUrl":"https:\/\/shrimataji.org\/test\/wp-content\/uploads\/2023\/03\/21_Banner-SY-Chakra-agnya-scaled.jpg","width":2560,"height":905},{"@type":"BreadcrumbList","@id":"https:\/\/shrimataji.org\/test\/sk\/agnya-cakra\/#breadcrumb","itemListElement":[{"@type":"ListItem","position":1,"name":"Home","item":"https:\/\/shrimataji.org\/test\/uk\/home-en\/"},{"@type":"ListItem","position":2,"name":"Agnya \u010dakra SK"}]},{"@type":"WebSite","@id":"https:\/\/shrimataji.org\/test\/#website","url":"https:\/\/shrimataji.org\/test\/","name":"Shri Mataji Nirmala Devi","description":"A Life Dedicated to Humanity","publisher":{"@id":"https:\/\/shrimataji.org\/test\/#\/schema\/person\/a1b3419c6585f164aa96da1ff85715d1"},"potentialAction":[{"@type":"SearchAction","target":{"@type":"EntryPoint","urlTemplate":"https:\/\/shrimataji.org\/test\/?s={search_term_string}"},"query-input":{"@type":"PropertyValueSpecification","valueRequired":true,"valueName":"search_term_string"}}],"inLanguage":"en-US"},{"@type":["Person","Organization"],"@id":"https:\/\/shrimataji.org\/test\/#\/schema\/person\/a1b3419c6585f164aa96da1ff85715d1","name":"Nirmala Shrivastava","image":{"@type":"ImageObject","inLanguage":"en-US","@id":"https:\/\/shrimataji.org\/test\/wp-content\/uploads\/2023\/02\/SMO_LOGO-03.svg","url":"https:\/\/shrimataji.org\/test\/wp-content\/uploads\/2023\/02\/SMO_LOGO-03.svg","contentUrl":"https:\/\/shrimataji.org\/test\/wp-content\/uploads\/2023\/02\/SMO_LOGO-03.svg","width":"1024","height":"1024","caption":"Nirmala Shrivastava"},"logo":{"@id":"https:\/\/shrimataji.org\/test\/wp-content\/uploads\/2023\/02\/SMO_LOGO-03.svg"},"sameAs":["https:\/\/shrimataji.org\/test","https:\/\/www.facebook.com\/shrimataji","https:\/\/x.com\/shrimataji","https:\/\/www.youtube.com\/@Shri_Mataji_Nirmala_Devi\/featured"]}]}},"lang":"sk","translations":{"sk":12360,"ur":37387,"en":6497,"am":17958,"th":19882,"hu":19433,"sq":18359,"zh":17256,"hi":7347,"tr":10131,"pt":10348,"de":10621,"fr":10719,"it":10817,"es":10915,"ja":11212,"ru":11400,"bn":11592,"te":11700,"sw":11823,"he":11971,"el":12262,"fa":12458,"fi":12556,"bg":13366,"ro":14440,"cs":14633,"nl":16519,"ku":16679,"ar":16855,"be":18566,"kn":18840,"mr":20246,"uk":20538,"ml":20837,"ta":22674,"sv":22947,"gu":28795,"pa":28953,"fil":29393,"da":37701,"pl":37918,"nn":38253},"pll_sync_post":[],"_links":{"self":[{"href":"https:\/\/shrimataji.org\/test\/wp-json\/wp\/v2\/pages\/12360","targetHints":{"allow":["GET"]}}],"collection":[{"href":"https:\/\/shrimataji.org\/test\/wp-json\/wp\/v2\/pages"}],"about":[{"href":"https:\/\/shrimataji.org\/test\/wp-json\/wp\/v2\/types\/page"}],"author":[{"embeddable":true,"href":"https:\/\/shrimataji.org\/test\/wp-json\/wp\/v2\/users\/1"}],"replies":[{"embeddable":true,"href":"https:\/\/shrimataji.org\/test\/wp-json\/wp\/v2\/comments?post=12360"}],"version-history":[{"count":0,"href":"https:\/\/shrimataji.org\/test\/wp-json\/wp\/v2\/pages\/12360\/revisions"}],"wp:featuredmedia":[{"embeddable":true,"href":"https:\/\/shrimataji.org\/test\/wp-json\/wp\/v2\/media\/9256"}],"wp:attachment":[{"href":"https:\/\/shrimataji.org\/test\/wp-json\/wp\/v2\/media?parent=12360"}],"curies":[{"name":"wp","href":"https:\/\/api.w.org\/{rel}","templated":true}]}}