{"id":12361,"date":"2022-03-05T07:42:03","date_gmt":"2022-03-05T07:42:03","guid":{"rendered":"https:\/\/test.shrimataji.org\/?page_id=6490"},"modified":"2026-03-11T16:36:00","modified_gmt":"2026-03-11T16:36:00","slug":"srdcova-cakra","status":"publish","type":"page","link":"https:\/\/shrimataji.org\/test\/sk\/srdcova-cakra\/","title":{"rendered":"Srdcov\u00e1 \u010dakra &#8211; Anahata"},"content":{"rendered":"\n\n\t<h1>Srdcov\u00e1 \u010dakra &#8211; Anahata<\/h1>\n<h2>Nepodmienen\u00e1 l\u00e1ska a neboj\u00e1cnos\u0165<\/h2>\n<h4>Ve\u010dn\u00e1, v\u0161etkoprenikaj\u00faca Du\u0161a, zvan\u00e1 \u00c1tma, prv\u00fdkr\u00e1t vst\u00fapi do mozgu v rannom \u0161t\u00e1diu formovania \u013eudsk\u00e9ho plodu. \u0160ri Matad\u017ei opisuje tento moment ako prv\u00fd \u00fader srdca, ktor\u00fd v n\u00e1s sp\u00fa\u0161\u0165a \u017eivotn\u00fa silu a vytv\u00e1ra re\u0165az udalost\u00ed, v ktor\u00fdch na\u0161a <a href=\"https:\/\/shrimataji.org\/test\/sk\/kundaliny\/\" target=\"_blank\" rel=\"noopener\">Kundalini<\/a> prep\u00e1ja jemn\u00e9 telo s fyzick\u00fdm. Toto pulzuj\u00face srdce, ktor\u00e9 sa vyv\u00edja v bl\u00edzkosti hlavy plodu, je nesk\u00f4r stl\u00e1\u010dan\u00e9 dolu do hrudn\u00edka, ako sa telo vyv\u00edja. Tu preb\u00fdva ve\u010dne \u010dist\u00e1 Du\u0161a, ako svedok hry \u017eivota, ako div\u00e1k neovplyvnen\u00fd \u017eivotn\u00fdmi udalos\u0165ami.<\/h4>\n<p>Ke\u010f Kundalini osvieti toto centrum, za\u017e\u00edvame pocit \u010distej, nepodmienenej l\u00e1sky, \u010do je skuto\u010dn\u00e1 podstata na\u0161ej Du\u0161e. Pocit oddelenia od svetsk\u00e9ho \u017eivota sa rozv\u00fdja, ke\u010f je na\u0161e vedomie osloboden\u00e9 od il\u00faz\u00ed\u00ed, do ktor\u00fdch sme zapleten\u00ed. Na \u00farovni Voidu, ktor\u00fd obklopuje tretie centrum, sa zbav\u00edme il\u00fazi\u00ed a staneme sa \u00faplne neboj\u00e1cnymi.<\/p>\n<p>S\u00facit a l\u00e1ska pr\u00fadia z \u010dist\u00e9ho srdca a srdcov\u00e1 \u010dakra je t\u00e1, ktor\u00e1 n\u00e1m d\u00e1va zmysel pre zodpovednos\u0165 \u010di zhovievav\u00e9 spr\u00e1vanie vo\u010di ostatn\u00fdm. T\u00e1to \u010dakra n\u00e1m tie\u017e d\u00e1va \u00fapln\u00fa istotu a d\u00f4veru. Tak\u00e1to osobnos\u0165 je ve\u013emi dynamick\u00e1, vo svojom \u017eivote m\u00e1 jasn\u00fa predstavu a cie\u013e. Typick\u00fd pr\u00edklad je G\u00e1ndi, ktor\u00e9ho nesebeck\u00e9 \u00fasilie prispelo k nez\u00e1vislosti Indie.<\/p>\n\t\t<iframe loading=\"lazy\" title=\"Anahata Chakra\" width=\"1920\" height=\"1080\" src=\"https:\/\/www.youtube.com\/embed\/Hj3SNT9-pfk?feature=oembed\" frameborder=\"0\" allow=\"accelerometer; autoplay; clipboard-write; encrypted-media; gyroscope; picture-in-picture; web-share\" allowfullscreen><\/iframe>\t\n\t<strong>Umiestnenie:<br \/>\n<\/strong>Anahata \u010dakra sa nach\u00e1dza v na\u0161ej chrbtici, pribli\u017ene na \u00farovni hrudn\u00edka, za hrudnou kos\u0165ou. Toto centrum riadi srdcov\u00fd plexus. Vibr\u00e1cie tejto \u010dakry m\u00f4\u017eeme c\u00edti\u0165 na mal\u00ed\u010dkoch oboch r\u00fak.\n<strong>Farba<\/strong>:<strong><br \/>\n<\/strong>Srdcov\u00e1 \u010dakra je zn\u00e1zor\u0148ovan\u00e1 \u010dervenou farbou. Prisl\u00facha jej z\u00e1kladn\u00fd element &#8211; vzduch.\n<p><strong>Anahata m\u00e1 tieto kvality:<\/strong><\/p>\n<ul>\n<li>nepodmienen\u00e1 l\u00e1ska<\/li>\n<li>\u00faprimn\u00fd s\u00facit<\/li>\n<li>milosrdn\u00e9 spr\u00e1vanie<\/li>\n<li>pravda<\/li>\n<li>rados\u0165<\/li>\n<li>d\u00f4vera<\/li>\n<li>pocit bezpe\u010dia v \u017eivote<\/li>\n<li>dobr\u00e9 vz\u0165ahy s matkou a otcom<\/li>\n<\/ul>\n<figure itemscope itemtype=\"https:\/\/schema.org\/ImageObject\">\n\t\t\t\t<img decoding=\"async\" src=\"https:\/\/shrimataji.org\/test\/wp-content\/uploads\/2025\/12\/sk-4-Anahata-01-scaled.png\" alt=\"sk-4-Anahata-01\" height=\"2560\" width=\"2403\" title=\"sk-4-Anahata-01\" onerror=\"this.style.display='none'\" loading=\"lazy\" \/>\n\t<\/figure>\n\t<p>Z\u00e1kladnou kvalitou tejto \u010dakry je absol\u00fatna l\u00e1ska. Ke\u010f sa toto centrum po Sebarealiz\u00e1cii aktivuje, umo\u017e\u0148uje n\u00e1m c\u00edti\u0165 sebaistotu, sebavedomie, mor\u00e1lnu zodpovednos\u0165 a emocion\u00e1lnu vyrovnanos\u0165. Ke\u010f sa kvality tejto jemnej \u010dakry rozvin\u00fa v na\u0161om vedom\u00ed, za\u017e\u00edvame \u010dist\u00fa rados\u0165 z bytia, objav\u00edme skuto\u010dn\u00fd zmysel n\u00e1\u0161ho \u017eivota a usilujeme sa vyvin\u00fa\u0165 do vy\u0161\u0161ieho stavu duchovn\u00e9ho vedomia.<\/p>\n<strong>Sk\u00fasenosti a v\u00fdhody:<\/strong><br \/>\nNajd\u00f4le\u017eitej\u0161ou fyziologickou funkciou va\u0161ej srdcovej \u010dakry je regul\u00e1cia srdca a p\u013e\u00fac. Tieto org\u00e1ny riadia zdravie obehov\u00e9ho a d\u00fdchacieho syst\u00e9mu, tak\u017ee ich zdravie je nevyhnutn\u00e9. Taktie\u017e riadi prsia a mal\u00fa \u017e\u013eazu t\u00fdmus (brzl\u00edk), ktor\u00fd je umiestnen\u00fd za hrudnou kos\u0165ou. Brzl\u00edk je nevyhnutn\u00fd pre fungovanie imunitn\u00e9ho syst\u00e9mu.\n<p>Niekedy si m\u00fdlime l\u00e1sku a s\u00facit s menej \u017eiad\u00facimi pocitmi vlastn\u00edctva a sebectva. Ke\u010f\u017ee v Sahad\u017ea joge sa na\u0161e srdce napln\u00ed bo\u017eou energiou, poc\u00edtime rozdiel, uvedom\u00edme si potreby in\u00fdch, budeme vedie\u0165 milova\u0165 \u00faprimne bez sebectva.<\/p>\n<p>Tak ako pri in\u00fdch \u010dakr\u00e1ch, stres ka\u017edodenn\u00e9ho \u017eivota m\u00f4\u017ee sp\u00f4sobi\u0165 nerovnov\u00e1hu a zablokovanie. Nadmern\u00e9 prem\u00fd\u0161\u013eanie, pl\u00e1novanie, neistota a \u00fazkos\u0165 m\u00f4\u017eu vies\u0165 k nerovnov\u00e1he tejto \u010dakry. Ale ak budete meditova\u0165, toto centrum z\u00edska rovnov\u00e1hu, budete sa c\u00edti\u0165 sebavedome a bezpe\u010dne, im\u00fanne vo\u010di negat\u00edvnym vplyvom. Ke\u010f je srdcov\u00e1 \u010dakra siln\u00e1, m\u00f4\u017eeme c\u00edti\u0165 \u00fapln\u00fa rados\u0165 zo \u017eivota.<\/p>\n<p>Ak ste mali zl\u00e9 vz\u0165ahy s matkou \u010di s otcom, siln\u00e1 srdcov\u00e1 \u010dakra v\u00e1m m\u00f4\u017ee pom\u00f4c\u0165 ich napravi\u0165. Nau\u010d\u00edte sa nastavi\u0165 si vlastn\u00e9 hranice dobr\u00e9ho spr\u00e1vania a re\u0161pektova\u0165 ostatn\u00fdch. V\u0161etky vz\u0165ahy sa v\u010faka tomu upravia.<\/p>\n<strong>Sebahodnotenie:<br \/>\n<\/strong>Ak je va\u0161a srdcov\u00e1 \u010dakra zablokovan\u00e1, m\u00f4\u017eu sa u v\u00e1s objavi\u0165 pr\u00edznaky, ako b\u00fa\u0161enie srdca, astma, oslaben\u00fd imunitn\u00fd syst\u00e9m. V najv\u00e1\u017enej\u0161\u00edch pripadoch sa m\u00f4\u017ee vyskytn\u00fa\u0165 srdcov\u00fd infarkt, rakovina prsn\u00edka a p\u013e\u00facne ochorenia. Je to v\u0161ak nepravdepodobn\u00e9, ak ste dosiahli tento stav, da\u0165 t\u00fato \u010dakru do rovnov\u00e1hy je jednoduch\u00e9 a pom\u00f4\u017ee v\u00e1m predch\u00e1dza\u0165 t\u00fdmto z\u00e1va\u017en\u00fdm ochoreniam, ako aj menej z\u00e1va\u017en\u00fdm pr\u00edznakom.\n<p><strong>Pr\u00ed\u010diny nerovnov\u00e1hy:<\/strong><\/p>\n<ul>\n<li>strach<\/li>\n<li>pr\u00edli\u0161n\u00e1 zodpovednos\u0165\/nezodpovednos\u0165<\/li>\n<li>sebeck\u00e9 z\u00e1ujmy<\/li>\n<\/ul>\n<strong>Ako ju da\u0165 do rovnov\u00e1hy:<br \/>\n<\/strong>Ak potrebujete zharmonizova\u0165 svoju srdcov\u00fa \u010dakru, d\u00fdchajte nieko\u013eko sek\u00fand pomaly a zhlboka. Ke\u010f sa zhlboka nad\u00fdchnete a vyd\u00fdchnete, sk\u013eudn\u00ed v\u00e1s to a uvo\u013en\u00ed. Zhlboka sa nad\u00fdchnite a zadr\u017ete na nieko\u013eko sek\u00fand dych, potom pomaly a plynule vyd\u00fdchnite, postup opakujte.\n<p>Pre va\u0161u prav\u00fa, \u013eav\u00fa a stredn\u00fa Anahata \u010dakru m\u00f4\u017eete pou\u017ei\u0165 nasledovn\u00fd postup: Umiestnite prav\u00fa ruku nieko\u013eko centimentrov od \u010dakry, dla\u0148ou dovn\u00fatra a ot\u00e1\u010dajte \u0148ou okolo \u010dakry v smere hodinov\u00fdch ru\u010di\u010diek. Kruhov\u00fd pohyb opakujte nieko\u013ekokr\u00e1t.<\/p>\n<p>\u013dav\u00fa stranu tejto \u010dakry m\u00f4\u017eete zharmonizova\u0165 tak, \u017ee na \u0148u polo\u017e\u00edte prav\u00fa dla\u0148 po\u010das medit\u00e1cie a poviete si: &#8220;Som zajedno so svojou Du\u0161ou.&#8221; Prec\u00ed\u0165te tieto slov\u00e1 vo svojom srdci.<\/p>\n\n","protected":false},"excerpt":{"rendered":"<p>Srdcov\u00e1 \u010dakra &#8211; Anahata Nepodmienen\u00e1 l\u00e1ska a neboj\u00e1cnos\u0165 Ve\u010dn\u00e1, v\u0161etkoprenikaj\u00faca Du\u0161a, zvan\u00e1 \u00c1tma, prv\u00fdkr\u00e1t vst\u00fapi do mozgu v rannom \u0161t\u00e1diu formovania \u013eudsk\u00e9ho plodu. \u0160ri Matad\u017ei opisuje tento moment ako prv\u00fd \u00fader srdca, ktor\u00fd v n\u00e1s sp\u00fa\u0161\u0165a \u017eivotn\u00fa silu a vytv\u00e1ra re\u0165az udalost\u00ed, v ktor\u00fdch na\u0161a Kundalini prep\u00e1ja jemn\u00e9 telo s fyzick\u00fdm. Toto pulzuj\u00face srdce, ktor\u00e9&hellip; <br \/> <a class=\"read-more\" href=\"https:\/\/shrimataji.org\/test\/sk\/srdcova-cakra\/\">Read more<\/a><\/p>\n","protected":false},"author":28,"featured_media":9254,"parent":0,"menu_order":0,"comment_status":"closed","ping_status":"closed","template":"","meta":{"inline_featured_image":false,"footnotes":""},"class_list":["post-12361","page","type-page","status-publish","has-post-thumbnail","hentry"],"yoast_head":"<!-- This site is optimized with the Yoast SEO plugin v27.4 - https:\/\/yoast.com\/product\/yoast-seo-wordpress\/ -->\n<title>Srdcov\u00e1 \u010dakra - Anahata - TEST - SMND<\/title>\n<meta name=\"robots\" content=\"noindex, follow, max-snippet:-1, max-image-preview:large, max-video-preview:-1\" \/>\n<meta property=\"og:locale\" content=\"en_US\" \/>\n<meta property=\"og:type\" content=\"article\" \/>\n<meta property=\"og:title\" content=\"Srdcov\u00e1 \u010dakra - Anahata - TEST - SMND\" \/>\n<meta property=\"og:description\" content=\"Srdcov\u00e1 \u010dakra &#8211; Anahata Nepodmienen\u00e1 l\u00e1ska a neboj\u00e1cnos\u0165 Ve\u010dn\u00e1, v\u0161etkoprenikaj\u00faca Du\u0161a, zvan\u00e1 \u00c1tma, prv\u00fdkr\u00e1t vst\u00fapi do mozgu v rannom \u0161t\u00e1diu formovania \u013eudsk\u00e9ho plodu. \u0160ri Matad\u017ei opisuje tento moment ako prv\u00fd \u00fader srdca, ktor\u00fd v n\u00e1s sp\u00fa\u0161\u0165a \u017eivotn\u00fa silu a vytv\u00e1ra re\u0165az udalost\u00ed, v ktor\u00fdch na\u0161a Kundalini prep\u00e1ja jemn\u00e9 telo s fyzick\u00fdm. Toto pulzuj\u00face srdce, ktor\u00e9&hellip; Read more\" \/>\n<meta property=\"og:url\" content=\"https:\/\/shrimataji.org\/test\/sk\/srdcova-cakra\/\" \/>\n<meta property=\"og:site_name\" content=\"TEST - SMND\" \/>\n<meta property=\"article:publisher\" content=\"https:\/\/www.facebook.com\/shrimataji\" \/>\n<meta property=\"article:modified_time\" content=\"2026-03-11T16:36:00+00:00\" \/>\n<meta property=\"og:image\" content=\"https:\/\/shrimataji.org\/test\/wp-content\/uploads\/2023\/03\/19_Banner-SY-Chakra-anahat-scaled.jpg\" \/>\n\t<meta property=\"og:image:width\" content=\"2560\" \/>\n\t<meta property=\"og:image:height\" content=\"905\" \/>\n\t<meta property=\"og:image:type\" content=\"image\/jpeg\" \/>\n<meta name=\"twitter:card\" content=\"summary_large_image\" \/>\n<meta name=\"twitter:site\" content=\"@shrimataji\" \/>\n<meta name=\"twitter:label1\" content=\"Est. reading time\" \/>\n\t<meta name=\"twitter:data1\" content=\"4 minutes\" \/>\n<script type=\"application\/ld+json\" class=\"yoast-schema-graph\">{\"@context\":\"https:\\\/\\\/schema.org\",\"@graph\":[{\"@type\":\"WebPage\",\"@id\":\"https:\\\/\\\/shrimataji.org\\\/test\\\/sk\\\/srdcova-cakra\\\/\",\"url\":\"https:\\\/\\\/shrimataji.org\\\/test\\\/sk\\\/srdcova-cakra\\\/\",\"name\":\"Srdcov\u00e1 \u010dakra - Anahata - TEST - SMND\",\"isPartOf\":{\"@id\":\"https:\\\/\\\/shrimataji.org\\\/test\\\/#website\"},\"primaryImageOfPage\":{\"@id\":\"https:\\\/\\\/shrimataji.org\\\/test\\\/sk\\\/srdcova-cakra\\\/#primaryimage\"},\"image\":{\"@id\":\"https:\\\/\\\/shrimataji.org\\\/test\\\/sk\\\/srdcova-cakra\\\/#primaryimage\"},\"thumbnailUrl\":\"https:\\\/\\\/shrimataji.org\\\/test\\\/wp-content\\\/uploads\\\/2023\\\/03\\\/19_Banner-SY-Chakra-anahat-scaled.jpg\",\"datePublished\":\"2022-03-05T07:42:03+00:00\",\"dateModified\":\"2026-03-11T16:36:00+00:00\",\"breadcrumb\":{\"@id\":\"https:\\\/\\\/shrimataji.org\\\/test\\\/sk\\\/srdcova-cakra\\\/#breadcrumb\"},\"inLanguage\":\"en-US\",\"potentialAction\":[{\"@type\":\"ReadAction\",\"target\":[\"https:\\\/\\\/shrimataji.org\\\/test\\\/sk\\\/srdcova-cakra\\\/\"]}]},{\"@type\":\"ImageObject\",\"inLanguage\":\"en-US\",\"@id\":\"https:\\\/\\\/shrimataji.org\\\/test\\\/sk\\\/srdcova-cakra\\\/#primaryimage\",\"url\":\"https:\\\/\\\/shrimataji.org\\\/test\\\/wp-content\\\/uploads\\\/2023\\\/03\\\/19_Banner-SY-Chakra-anahat-scaled.jpg\",\"contentUrl\":\"https:\\\/\\\/shrimataji.org\\\/test\\\/wp-content\\\/uploads\\\/2023\\\/03\\\/19_Banner-SY-Chakra-anahat-scaled.jpg\",\"width\":2560,\"height\":905},{\"@type\":\"BreadcrumbList\",\"@id\":\"https:\\\/\\\/shrimataji.org\\\/test\\\/sk\\\/srdcova-cakra\\\/#breadcrumb\",\"itemListElement\":[{\"@type\":\"ListItem\",\"position\":1,\"name\":\"Home\",\"item\":\"https:\\\/\\\/shrimataji.org\\\/test\\\/uk\\\/home-en\\\/\"},{\"@type\":\"ListItem\",\"position\":2,\"name\":\"Srdcov\u00e1 \u010dakra &#8211; Anahata\"}]},{\"@type\":\"WebSite\",\"@id\":\"https:\\\/\\\/shrimataji.org\\\/test\\\/#website\",\"url\":\"https:\\\/\\\/shrimataji.org\\\/test\\\/\",\"name\":\"Shri Mataji Nirmala Devi\",\"description\":\"A Life Dedicated to Humanity\",\"publisher\":{\"@id\":\"https:\\\/\\\/shrimataji.org\\\/test\\\/#\\\/schema\\\/person\\\/a1b3419c6585f164aa96da1ff85715d1\"},\"potentialAction\":[{\"@type\":\"SearchAction\",\"target\":{\"@type\":\"EntryPoint\",\"urlTemplate\":\"https:\\\/\\\/shrimataji.org\\\/test\\\/?s={search_term_string}\"},\"query-input\":{\"@type\":\"PropertyValueSpecification\",\"valueRequired\":true,\"valueName\":\"search_term_string\"}}],\"inLanguage\":\"en-US\"},{\"@type\":[\"Person\",\"Organization\"],\"@id\":\"https:\\\/\\\/shrimataji.org\\\/test\\\/#\\\/schema\\\/person\\\/a1b3419c6585f164aa96da1ff85715d1\",\"name\":\"Nirmala Shrivastava\",\"image\":{\"@type\":\"ImageObject\",\"inLanguage\":\"en-US\",\"@id\":\"https:\\\/\\\/shrimataji.org\\\/test\\\/wp-content\\\/uploads\\\/2023\\\/02\\\/SMO_LOGO-03.svg\",\"url\":\"https:\\\/\\\/shrimataji.org\\\/test\\\/wp-content\\\/uploads\\\/2023\\\/02\\\/SMO_LOGO-03.svg\",\"contentUrl\":\"https:\\\/\\\/shrimataji.org\\\/test\\\/wp-content\\\/uploads\\\/2023\\\/02\\\/SMO_LOGO-03.svg\",\"width\":\"1024\",\"height\":\"1024\",\"caption\":\"Nirmala Shrivastava\"},\"logo\":{\"@id\":\"https:\\\/\\\/shrimataji.org\\\/test\\\/wp-content\\\/uploads\\\/2023\\\/02\\\/SMO_LOGO-03.svg\"},\"sameAs\":[\"https:\\\/\\\/shrimataji.org\\\/test\",\"https:\\\/\\\/www.facebook.com\\\/shrimataji\",\"https:\\\/\\\/x.com\\\/shrimataji\",\"https:\\\/\\\/www.youtube.com\\\/@Shri_Mataji_Nirmala_Devi\\\/featured\"]}]}<\/script>\n<!-- \/ Yoast SEO plugin. -->","yoast_head_json":{"title":"Srdcov\u00e1 \u010dakra - Anahata - TEST - SMND","robots":{"index":"noindex","follow":"follow","max-snippet":"max-snippet:-1","max-image-preview":"max-image-preview:large","max-video-preview":"max-video-preview:-1"},"og_locale":"en_US","og_type":"article","og_title":"Srdcov\u00e1 \u010dakra - Anahata - TEST - SMND","og_description":"Srdcov\u00e1 \u010dakra &#8211; Anahata Nepodmienen\u00e1 l\u00e1ska a neboj\u00e1cnos\u0165 Ve\u010dn\u00e1, v\u0161etkoprenikaj\u00faca Du\u0161a, zvan\u00e1 \u00c1tma, prv\u00fdkr\u00e1t vst\u00fapi do mozgu v rannom \u0161t\u00e1diu formovania \u013eudsk\u00e9ho plodu. \u0160ri Matad\u017ei opisuje tento moment ako prv\u00fd \u00fader srdca, ktor\u00fd v n\u00e1s sp\u00fa\u0161\u0165a \u017eivotn\u00fa silu a vytv\u00e1ra re\u0165az udalost\u00ed, v ktor\u00fdch na\u0161a Kundalini prep\u00e1ja jemn\u00e9 telo s fyzick\u00fdm. Toto pulzuj\u00face srdce, ktor\u00e9&hellip; Read more","og_url":"https:\/\/shrimataji.org\/test\/sk\/srdcova-cakra\/","og_site_name":"TEST - SMND","article_publisher":"https:\/\/www.facebook.com\/shrimataji","article_modified_time":"2026-03-11T16:36:00+00:00","og_image":[{"width":2560,"height":905,"url":"https:\/\/shrimataji.org\/test\/wp-content\/uploads\/2023\/03\/19_Banner-SY-Chakra-anahat-scaled.jpg","type":"image\/jpeg"}],"twitter_card":"summary_large_image","twitter_site":"@shrimataji","twitter_misc":{"Est. reading time":"4 minutes"},"schema":{"@context":"https:\/\/schema.org","@graph":[{"@type":"WebPage","@id":"https:\/\/shrimataji.org\/test\/sk\/srdcova-cakra\/","url":"https:\/\/shrimataji.org\/test\/sk\/srdcova-cakra\/","name":"Srdcov\u00e1 \u010dakra - Anahata - TEST - SMND","isPartOf":{"@id":"https:\/\/shrimataji.org\/test\/#website"},"primaryImageOfPage":{"@id":"https:\/\/shrimataji.org\/test\/sk\/srdcova-cakra\/#primaryimage"},"image":{"@id":"https:\/\/shrimataji.org\/test\/sk\/srdcova-cakra\/#primaryimage"},"thumbnailUrl":"https:\/\/shrimataji.org\/test\/wp-content\/uploads\/2023\/03\/19_Banner-SY-Chakra-anahat-scaled.jpg","datePublished":"2022-03-05T07:42:03+00:00","dateModified":"2026-03-11T16:36:00+00:00","breadcrumb":{"@id":"https:\/\/shrimataji.org\/test\/sk\/srdcova-cakra\/#breadcrumb"},"inLanguage":"en-US","potentialAction":[{"@type":"ReadAction","target":["https:\/\/shrimataji.org\/test\/sk\/srdcova-cakra\/"]}]},{"@type":"ImageObject","inLanguage":"en-US","@id":"https:\/\/shrimataji.org\/test\/sk\/srdcova-cakra\/#primaryimage","url":"https:\/\/shrimataji.org\/test\/wp-content\/uploads\/2023\/03\/19_Banner-SY-Chakra-anahat-scaled.jpg","contentUrl":"https:\/\/shrimataji.org\/test\/wp-content\/uploads\/2023\/03\/19_Banner-SY-Chakra-anahat-scaled.jpg","width":2560,"height":905},{"@type":"BreadcrumbList","@id":"https:\/\/shrimataji.org\/test\/sk\/srdcova-cakra\/#breadcrumb","itemListElement":[{"@type":"ListItem","position":1,"name":"Home","item":"https:\/\/shrimataji.org\/test\/uk\/home-en\/"},{"@type":"ListItem","position":2,"name":"Srdcov\u00e1 \u010dakra &#8211; Anahata"}]},{"@type":"WebSite","@id":"https:\/\/shrimataji.org\/test\/#website","url":"https:\/\/shrimataji.org\/test\/","name":"Shri Mataji Nirmala Devi","description":"A Life Dedicated to Humanity","publisher":{"@id":"https:\/\/shrimataji.org\/test\/#\/schema\/person\/a1b3419c6585f164aa96da1ff85715d1"},"potentialAction":[{"@type":"SearchAction","target":{"@type":"EntryPoint","urlTemplate":"https:\/\/shrimataji.org\/test\/?s={search_term_string}"},"query-input":{"@type":"PropertyValueSpecification","valueRequired":true,"valueName":"search_term_string"}}],"inLanguage":"en-US"},{"@type":["Person","Organization"],"@id":"https:\/\/shrimataji.org\/test\/#\/schema\/person\/a1b3419c6585f164aa96da1ff85715d1","name":"Nirmala Shrivastava","image":{"@type":"ImageObject","inLanguage":"en-US","@id":"https:\/\/shrimataji.org\/test\/wp-content\/uploads\/2023\/02\/SMO_LOGO-03.svg","url":"https:\/\/shrimataji.org\/test\/wp-content\/uploads\/2023\/02\/SMO_LOGO-03.svg","contentUrl":"https:\/\/shrimataji.org\/test\/wp-content\/uploads\/2023\/02\/SMO_LOGO-03.svg","width":"1024","height":"1024","caption":"Nirmala Shrivastava"},"logo":{"@id":"https:\/\/shrimataji.org\/test\/wp-content\/uploads\/2023\/02\/SMO_LOGO-03.svg"},"sameAs":["https:\/\/shrimataji.org\/test","https:\/\/www.facebook.com\/shrimataji","https:\/\/x.com\/shrimataji","https:\/\/www.youtube.com\/@Shri_Mataji_Nirmala_Devi\/featured"]}]}},"lang":"sk","translations":{"sk":12361,"ur":37389,"en":6490,"am":17960,"th":19885,"hu":19435,"sq":18361,"zh":17258,"hi":8331,"tr":10132,"pt":10349,"de":10622,"fr":10720,"it":10818,"es":10916,"ja":11213,"ru":11401,"bn":11593,"te":11701,"sw":11824,"he":11972,"el":12263,"fa":12459,"fi":12557,"bg":13370,"ro":14444,"cs":14637,"nl":16521,"ku":16681,"ar":16857,"be":18568,"kn":18842,"mr":20249,"uk":20541,"ml":20840,"ta":22676,"sv":22949,"gu":28797,"pa":28955,"fil":29395,"da":37703,"pl":37920,"nn":38255},"pll_sync_post":[],"_links":{"self":[{"href":"https:\/\/shrimataji.org\/test\/wp-json\/wp\/v2\/pages\/12361","targetHints":{"allow":["GET"]}}],"collection":[{"href":"https:\/\/shrimataji.org\/test\/wp-json\/wp\/v2\/pages"}],"about":[{"href":"https:\/\/shrimataji.org\/test\/wp-json\/wp\/v2\/types\/page"}],"author":[{"embeddable":true,"href":"https:\/\/shrimataji.org\/test\/wp-json\/wp\/v2\/users\/28"}],"replies":[{"embeddable":true,"href":"https:\/\/shrimataji.org\/test\/wp-json\/wp\/v2\/comments?post=12361"}],"version-history":[{"count":0,"href":"https:\/\/shrimataji.org\/test\/wp-json\/wp\/v2\/pages\/12361\/revisions"}],"wp:featuredmedia":[{"embeddable":true,"href":"https:\/\/shrimataji.org\/test\/wp-json\/wp\/v2\/media\/9254"}],"wp:attachment":[{"href":"https:\/\/shrimataji.org\/test\/wp-json\/wp\/v2\/media?parent=12361"}],"curies":[{"name":"wp","href":"https:\/\/api.w.org\/{rel}","templated":true}]}}