{"id":12364,"date":"2022-01-29T10:07:35","date_gmt":"2022-01-29T10:07:35","guid":{"rendered":"https:\/\/test.shrimataji.org\/?page_id=6397"},"modified":"2026-03-14T00:46:35","modified_gmt":"2026-03-14T00:46:35","slug":"atma-sk","status":"publish","type":"page","link":"https:\/\/shrimataji.org\/test\/sk\/atma-sk\/","title":{"rendered":"\u00c1tma SK"},"content":{"rendered":"\n\n\t<h1>\u00c1tma<\/h1>\n<h2>Na\u0161e ve\u010dn\u00e9 Ja<\/h2>\n<div class=\"su-quote su-quote-style-default\"><div class=\"su-quote-inner su-u-clearfix su-u-trim\">V na\u0161om vn\u00fatri \u017eiari hviezda a tou hviezdou je na\u0161a Du\u0161a.<\/div><\/div>\n\t<h4>Vo ve\u013emi skorom \u0161t\u00e1diu v\u00fdvoja \u013eudsk\u00e9ho plodu \u00c1tma (zo sanskritu &#8211; ve\u010dn\u00e1 Du\u0161a) po prv\u00fdkr\u00e1t vst\u00fapi do srdca plodu, kde potom za\u010dne pulzova\u0165. Biologicky sa na\u0161e srdce vyv\u00edja bl\u00edzko hlavy embrya v kardiog\u00e9nnej oblasti, nesk\u00f4r je tla\u010den\u00e9 do hrudn\u00edka, ako sa telo vyv\u00edja. \u00c1tma s\u00eddli v srdci ako tich\u00fd pozorovate\u013e \u017eivota a do n\u00e1\u0161ho vedomia sa dostane len prostredn\u00edctvom Sebarealiz\u00e1cie. V na\u0161om vn\u00fatri je odrazom prap\u00f4vodnej bytosti, ktor\u00e1 sa nevyv\u00edja, sk\u00f4r je cie\u013eom na\u0161ej evol\u00facie &#8211; dosiahnu\u0165 stav ve\u010dn\u00e9ho bytia &#8211; Du\u0161e.<\/h4>\n\t<p>Zatia\u013e \u010do z\u00e1padn\u00e1 filozofia sa zameriava na individualizmus a rozvoj osobnosti \u010di ega, v\u00fdchodn\u00e1 filozofia s\u00favis\u00ed s kolekt\u00edvizmom a sna\u017e\u00ed sa obr\u00e1ti\u0165 jednotlivca dovn\u00fatra, ku kolekt\u00edvnej bytosti, v\u0161eprestupuj\u00facej Du\u0161i.<\/p>\n<figure itemscope itemtype=\"https:\/\/schema.org\/ImageObject\">\n\t\t\t\t<img decoding=\"async\" src=\"https:\/\/shrimataji.org\/test\/wp-content\/uploads\/2025\/12\/sk-4a-Atma-01-scaled.png\" alt=\"sk-4a-Atma-01\" height=\"2560\" width=\"2402\" title=\"sk-4a-Atma-01\" onerror=\"this.style.display='none'\" loading=\"lazy\" \/>\n\t<\/figure>\n\t<p>\u0160ri Matad\u017ei opisuje, ako prestrihnutie pupo\u010dnej \u0161n\u00fary pri naroden\u00ed sp\u00f4sobuje oddelenie n\u00e1\u0161ho vedomia od absol\u00fatneho bo\u017eieho vedomia v jemnom kan\u00e1li Su\u0161umna. Na hrubej \u00farovni toto oddelenie zodpoved\u00e1 medzere medzi sol\u00e1rnym plexom a bl\u00fadiv\u00fdm nervom v na\u0161om parasympatickom nervovom syst\u00e9me. Tento jav bol op\u00edsan\u00fd v mnoh\u00fdch starod\u00e1vnych p\u00edsmach, napr\u00edklad v syst\u00e9me Zen, ako pr\u00e1zdnota, \u010di v hinduizme ako Maya &#8211; il\u00fazia. Nesk\u00f4r po\u010das detstva, ke\u010f sa vytv\u00e1raj\u00fa na\u0161e obmedzenia, stoto\u017e\u0148ovania sa, ego a superego sa naf\u00faknu ako bal\u00f3ny, prekryj\u00fa \u013eav\u00fa i prav\u00fa mozgov\u00fa hemisf\u00e9ru. Tieto bal\u00f3ny s\u00fa zakon\u010den\u00edm \u013eavej a pravej sympatickej nervovej s\u00fastavy, \u00faplne prekryj\u00fa na\u0161e vedomie ako samostatn\u00fa osobu, kde vl\u00e1dne vedomie &#8220;ja&#8221; (Aham).<\/p>\n\t<p>Pri <a href=\"https:\/\/shrimataji.org\/test\/sk\/zazite-svoju-sebarealizaciu\/\" target=\"_blank\" rel=\"noopener\">Sebarealiz\u00e1ci<\/a> <a href=\"https:\/\/shrimataji.org\/test\/sk\/kundaliny\" target=\"_blank\" rel=\"noopener\">Kundalini <\/a>st\u00fapa do srdca, osvieti Du\u0161u (Atma) a my za\u010dneme c\u00edti\u0165 vlastnosti Du\u0161e, ktorou je \u010dist\u00e1 rados\u0165 z bytia. Potom Kundalini st\u00fapa \u010falej k <a href=\"https:\/\/shrimataji.org\/test\/sk\/sahasrara-cakra\/\" target=\"_blank\" rel=\"noopener\">Sahasr\u00e1ra \u010dakra<\/a>, k najvy\u0161\u0161iemu energetick\u00e9mu centru v oblasti fontanely, tu sa na\u0161a individu\u00e1lna Du\u0161a sp\u00e1ja so v\u0161etko-prenikaj\u00facou univerz\u00e1lnou silou a n\u00e1s zaplav\u00ed bla\u017eenos\u0165 z tohto spojenia so silou, ktor\u00e1 pr\u00fadi vesm\u00edrom. \u010co i len n\u00e1znak tejto radosti (ktor\u00fa m\u00f4\u017eeme c\u00edti\u0165, aj ke\u010f vyst\u00fapi len nieko\u013eko pramienkov Kundalini) posl\u00fa\u017ei ako hviezda, ktor\u00e1 n\u00e1s vedie na na\u0161ej duchovnej ceste. Akon\u00e1hle poc\u00edtime t\u00fato rados\u0165, nechceme ju strati\u0165, automaticky sa vyh\u00fdbame spr\u00e1vaniu a postojom, ktor\u00e9 ju ni\u010dia. Preto je v Sahad\u017ea joge len m\u00e1lo predpisov a dogiem ako tak\u00fdch.<\/p>\n<figure itemscope itemtype=\"https:\/\/schema.org\/ImageObject\">\n\t\t\t\t<img decoding=\"async\" src=\"https:\/\/shrimataji.org\/test\/wp-content\/uploads\/2023\/02\/GISELE_MOURA_HAF_10DEZ2022__14-scaled.jpg\" alt=\"GISELE_MOURA_HAF_10DEZ2022__14\" height=\"1918\" width=\"2560\" title=\"GISELE_MOURA_HAF_10DEZ2022__14\" onerror=\"this.style.display='none'\" loading=\"lazy\" \/>\n\t<\/figure>\n\t<div class=\"su-quote su-quote-style-default\"><div class=\"su-quote-inner su-u-clearfix su-u-trim\">Treba si uvedomi\u0165, \u017ee my sme mier, preto\u017ee Du\u0161a je zdrojom mieru. Akon\u00e1hle sa stanete Du\u0161ou, prenikne do va\u0161ej pozornosti a z v\u00e1s sa stane ve\u013emi pokojn\u00e1 osoba. Podobne, ako pri kolese, ak ste na obvode &#8211; perif\u00e9rii, ste v neust\u00e1lom pohybe, ale v strede kolesa ste \u00faplne pokojn\u00fd. Tak\u017ee keby ste sko\u010dili do svojho stredu, uvid\u00edte odtia\u013e cel\u00fd pohyb kolesa, ale vy ste v strede, kde nie ste ru\u0161en\u00fd. Probl\u00e9my vn\u00edmate, ako nie\u010do, \u010do sa d\u00e1 ve\u013emi \u013eahko zvl\u00e1dnu\u0165.<\/div><\/div>\n\t\t<img decoding=\"async\" data-spai-excluded=\"true\" loading=\"lazy\"  alt=\"YouTube player\"  src=\"https:\/\/i.ytimg.com\/vi\/8-7C4nLmAI4\/maxresdefault.jpg\"  \/><button aria-label=\"Play\"><\/button><meta itemprop=\"embedUrl\" content=\"https:\/\/www.youtube.com\/embed\/8-7C4nLmAI4\"\/><meta itemprop=\"name\" content=\"The nature of the Spirit\"\/><meta itemprop=\"description\" content=\"YouTube video\"\/><meta itemprop=\"thumbnailUrl\" content=\"https:\/\/i.ytimg.com\/vi\/8-7C4nLmAI4\/0.jpg\"\/><meta itemprop=\"duration\" content=\"PT1M54S\"\/><meta itemprop=\"uploadDate\" content=\"2022-11-12T03:25:59Z\"\/>\t\n\t<p>Adi \u0160ankara\u010darya, sl\u00e1vny indick\u00fd duchovn\u00fd majster, opisuje v kr\u00e1snych ver\u0161och &#8220;Atma A\u0161takam&#8221; tento absol\u00fatny stav uvedomenia si kolekt\u00edvnej bytosti, ktor\u00e1 sa odr\u00e1\u017ea v na\u0161om srdci ako ve\u010dn\u00e1 bla\u017eenos\u0165.<\/p>\n\t<p><em>&#8220;<\/em><\/p>\n<p>&#8220;Manobuddhyahamkar. Chittani Na Aham<\/p>\n<p>Nie som ani inteligencia, myse\u013e, pozornos\u0165, ani ego.<\/p>\n<p>Na cha Shrotr. Jihve, Na cha ghraan Netreghraan Netre<\/p>\n<p>Nie som ani org\u00e1nmi sluchu, ani org\u00e1nmi ochutn\u00e1vania, \u010duchu a videnia.<\/p>\n<p>Na cha vyom. Bhumir Na Tejo Na Vayu<\/p>\n<p>Nie som ani nebo, ani zem, ani ohe\u0148, ani vzduch.<\/p>\n<p>Chidanand. Rupah., Shivo.ham, Shivo.ham<\/p>\n<p>Som ve\u010dn\u00e1 bla\u017eenos\u0165 a vedomie, som \u0160iva, som \u0160iva.&#8221;<\/p>\n<p>\u00a0&#8220;<\/p>\n\t<div class=\"su-quote su-quote-style-default\"><div class=\"su-quote-inner su-u-clearfix su-u-trim\">Pravda je tak\u00e1, \u017ee vy nie ste toto telo, nie ste tento intelekt, nie ste em\u00f3cie, ale ste Du\u0161a.<\/div><\/div>\n\n","protected":false},"excerpt":{"rendered":"<p>\u00c1tma Na\u0161e ve\u010dn\u00e9 Ja Vo ve\u013emi skorom \u0161t\u00e1diu v\u00fdvoja \u013eudsk\u00e9ho plodu \u00c1tma (zo sanskritu &#8211; ve\u010dn\u00e1 Du\u0161a) po prv\u00fdkr\u00e1t vst\u00fapi do srdca plodu, kde potom za\u010dne pulzova\u0165. Biologicky sa na\u0161e srdce vyv\u00edja bl\u00edzko hlavy embrya v kardiog\u00e9nnej oblasti, nesk\u00f4r je tla\u010den\u00e9 do hrudn\u00edka, ako sa telo vyv\u00edja. \u00c1tma s\u00eddli v srdci ako tich\u00fd pozorovate\u013e \u017eivota&hellip; <br \/> <a class=\"read-more\" href=\"https:\/\/shrimataji.org\/test\/sk\/atma-sk\/\">Read more<\/a><\/p>\n","protected":false},"author":1,"featured_media":9243,"parent":0,"menu_order":0,"comment_status":"closed","ping_status":"closed","template":"","meta":{"inline_featured_image":false,"footnotes":""},"class_list":["post-12364","page","type-page","status-publish","has-post-thumbnail","hentry"],"yoast_head":"<!-- This site is optimized with the Yoast SEO plugin v27.4 - https:\/\/yoast.com\/product\/yoast-seo-wordpress\/ -->\n<title>\u00c1tma SK - TEST - SMND<\/title>\n<meta name=\"robots\" content=\"noindex, follow, max-snippet:-1, max-image-preview:large, max-video-preview:-1\" \/>\n<meta property=\"og:locale\" content=\"en_US\" \/>\n<meta property=\"og:type\" content=\"article\" \/>\n<meta property=\"og:title\" content=\"\u00c1tma SK - TEST - SMND\" \/>\n<meta property=\"og:description\" content=\"\u00c1tma Na\u0161e ve\u010dn\u00e9 Ja Vo ve\u013emi skorom \u0161t\u00e1diu v\u00fdvoja \u013eudsk\u00e9ho plodu \u00c1tma (zo sanskritu &#8211; ve\u010dn\u00e1 Du\u0161a) po prv\u00fdkr\u00e1t vst\u00fapi do srdca plodu, kde potom za\u010dne pulzova\u0165. Biologicky sa na\u0161e srdce vyv\u00edja bl\u00edzko hlavy embrya v kardiog\u00e9nnej oblasti, nesk\u00f4r je tla\u010den\u00e9 do hrudn\u00edka, ako sa telo vyv\u00edja. \u00c1tma s\u00eddli v srdci ako tich\u00fd pozorovate\u013e \u017eivota&hellip; Read more\" \/>\n<meta property=\"og:url\" content=\"https:\/\/shrimataji.org\/test\/sk\/atma-sk\/\" \/>\n<meta property=\"og:site_name\" content=\"TEST - SMND\" \/>\n<meta property=\"article:publisher\" content=\"https:\/\/www.facebook.com\/shrimataji\" \/>\n<meta property=\"article:modified_time\" content=\"2026-03-14T00:46:35+00:00\" \/>\n<meta property=\"og:image\" content=\"https:\/\/shrimataji.org\/test\/wp-content\/uploads\/2023\/03\/8_Banner-SY-Atma-scaled.jpg\" \/>\n\t<meta property=\"og:image:width\" content=\"2560\" \/>\n\t<meta property=\"og:image:height\" content=\"905\" \/>\n\t<meta property=\"og:image:type\" content=\"image\/jpeg\" \/>\n<meta name=\"twitter:card\" content=\"summary_large_image\" \/>\n<meta name=\"twitter:site\" content=\"@shrimataji\" \/>\n<meta name=\"twitter:label1\" content=\"Est. reading time\" \/>\n\t<meta name=\"twitter:data1\" content=\"4 minutes\" \/>\n<script type=\"application\/ld+json\" class=\"yoast-schema-graph\">{\"@context\":\"https:\\\/\\\/schema.org\",\"@graph\":[{\"@type\":\"WebPage\",\"@id\":\"https:\\\/\\\/shrimataji.org\\\/test\\\/sk\\\/atma-sk\\\/\",\"url\":\"https:\\\/\\\/shrimataji.org\\\/test\\\/sk\\\/atma-sk\\\/\",\"name\":\"\u00c1tma SK - TEST - SMND\",\"isPartOf\":{\"@id\":\"https:\\\/\\\/shrimataji.org\\\/test\\\/#website\"},\"primaryImageOfPage\":{\"@id\":\"https:\\\/\\\/shrimataji.org\\\/test\\\/sk\\\/atma-sk\\\/#primaryimage\"},\"image\":{\"@id\":\"https:\\\/\\\/shrimataji.org\\\/test\\\/sk\\\/atma-sk\\\/#primaryimage\"},\"thumbnailUrl\":\"https:\\\/\\\/shrimataji.org\\\/test\\\/wp-content\\\/uploads\\\/2023\\\/03\\\/8_Banner-SY-Atma-scaled.jpg\",\"datePublished\":\"2022-01-29T10:07:35+00:00\",\"dateModified\":\"2026-03-14T00:46:35+00:00\",\"breadcrumb\":{\"@id\":\"https:\\\/\\\/shrimataji.org\\\/test\\\/sk\\\/atma-sk\\\/#breadcrumb\"},\"inLanguage\":\"en-US\",\"potentialAction\":[{\"@type\":\"ReadAction\",\"target\":[\"https:\\\/\\\/shrimataji.org\\\/test\\\/sk\\\/atma-sk\\\/\"]}]},{\"@type\":\"ImageObject\",\"inLanguage\":\"en-US\",\"@id\":\"https:\\\/\\\/shrimataji.org\\\/test\\\/sk\\\/atma-sk\\\/#primaryimage\",\"url\":\"https:\\\/\\\/shrimataji.org\\\/test\\\/wp-content\\\/uploads\\\/2023\\\/03\\\/8_Banner-SY-Atma-scaled.jpg\",\"contentUrl\":\"https:\\\/\\\/shrimataji.org\\\/test\\\/wp-content\\\/uploads\\\/2023\\\/03\\\/8_Banner-SY-Atma-scaled.jpg\",\"width\":2560,\"height\":905},{\"@type\":\"BreadcrumbList\",\"@id\":\"https:\\\/\\\/shrimataji.org\\\/test\\\/sk\\\/atma-sk\\\/#breadcrumb\",\"itemListElement\":[{\"@type\":\"ListItem\",\"position\":1,\"name\":\"Home\",\"item\":\"https:\\\/\\\/shrimataji.org\\\/test\\\/uk\\\/home-en\\\/\"},{\"@type\":\"ListItem\",\"position\":2,\"name\":\"\u00c1tma SK\"}]},{\"@type\":\"WebSite\",\"@id\":\"https:\\\/\\\/shrimataji.org\\\/test\\\/#website\",\"url\":\"https:\\\/\\\/shrimataji.org\\\/test\\\/\",\"name\":\"Shri Mataji Nirmala Devi\",\"description\":\"A Life Dedicated to Humanity\",\"publisher\":{\"@id\":\"https:\\\/\\\/shrimataji.org\\\/test\\\/#\\\/schema\\\/person\\\/a1b3419c6585f164aa96da1ff85715d1\"},\"potentialAction\":[{\"@type\":\"SearchAction\",\"target\":{\"@type\":\"EntryPoint\",\"urlTemplate\":\"https:\\\/\\\/shrimataji.org\\\/test\\\/?s={search_term_string}\"},\"query-input\":{\"@type\":\"PropertyValueSpecification\",\"valueRequired\":true,\"valueName\":\"search_term_string\"}}],\"inLanguage\":\"en-US\"},{\"@type\":[\"Person\",\"Organization\"],\"@id\":\"https:\\\/\\\/shrimataji.org\\\/test\\\/#\\\/schema\\\/person\\\/a1b3419c6585f164aa96da1ff85715d1\",\"name\":\"Nirmala Shrivastava\",\"image\":{\"@type\":\"ImageObject\",\"inLanguage\":\"en-US\",\"@id\":\"https:\\\/\\\/shrimataji.org\\\/test\\\/wp-content\\\/uploads\\\/2023\\\/02\\\/SMO_LOGO-03.svg\",\"url\":\"https:\\\/\\\/shrimataji.org\\\/test\\\/wp-content\\\/uploads\\\/2023\\\/02\\\/SMO_LOGO-03.svg\",\"contentUrl\":\"https:\\\/\\\/shrimataji.org\\\/test\\\/wp-content\\\/uploads\\\/2023\\\/02\\\/SMO_LOGO-03.svg\",\"width\":\"1024\",\"height\":\"1024\",\"caption\":\"Nirmala Shrivastava\"},\"logo\":{\"@id\":\"https:\\\/\\\/shrimataji.org\\\/test\\\/wp-content\\\/uploads\\\/2023\\\/02\\\/SMO_LOGO-03.svg\"},\"sameAs\":[\"https:\\\/\\\/shrimataji.org\\\/test\",\"https:\\\/\\\/www.facebook.com\\\/shrimataji\",\"https:\\\/\\\/x.com\\\/shrimataji\",\"https:\\\/\\\/www.youtube.com\\\/@Shri_Mataji_Nirmala_Devi\\\/featured\"]}]}<\/script>\n<!-- \/ Yoast SEO plugin. -->","yoast_head_json":{"title":"\u00c1tma SK - TEST - SMND","robots":{"index":"noindex","follow":"follow","max-snippet":"max-snippet:-1","max-image-preview":"max-image-preview:large","max-video-preview":"max-video-preview:-1"},"og_locale":"en_US","og_type":"article","og_title":"\u00c1tma SK - TEST - SMND","og_description":"\u00c1tma Na\u0161e ve\u010dn\u00e9 Ja Vo ve\u013emi skorom \u0161t\u00e1diu v\u00fdvoja \u013eudsk\u00e9ho plodu \u00c1tma (zo sanskritu &#8211; ve\u010dn\u00e1 Du\u0161a) po prv\u00fdkr\u00e1t vst\u00fapi do srdca plodu, kde potom za\u010dne pulzova\u0165. Biologicky sa na\u0161e srdce vyv\u00edja bl\u00edzko hlavy embrya v kardiog\u00e9nnej oblasti, nesk\u00f4r je tla\u010den\u00e9 do hrudn\u00edka, ako sa telo vyv\u00edja. \u00c1tma s\u00eddli v srdci ako tich\u00fd pozorovate\u013e \u017eivota&hellip; Read more","og_url":"https:\/\/shrimataji.org\/test\/sk\/atma-sk\/","og_site_name":"TEST - SMND","article_publisher":"https:\/\/www.facebook.com\/shrimataji","article_modified_time":"2026-03-14T00:46:35+00:00","og_image":[{"width":2560,"height":905,"url":"https:\/\/shrimataji.org\/test\/wp-content\/uploads\/2023\/03\/8_Banner-SY-Atma-scaled.jpg","type":"image\/jpeg"}],"twitter_card":"summary_large_image","twitter_site":"@shrimataji","twitter_misc":{"Est. reading time":"4 minutes"},"schema":{"@context":"https:\/\/schema.org","@graph":[{"@type":"WebPage","@id":"https:\/\/shrimataji.org\/test\/sk\/atma-sk\/","url":"https:\/\/shrimataji.org\/test\/sk\/atma-sk\/","name":"\u00c1tma SK - TEST - SMND","isPartOf":{"@id":"https:\/\/shrimataji.org\/test\/#website"},"primaryImageOfPage":{"@id":"https:\/\/shrimataji.org\/test\/sk\/atma-sk\/#primaryimage"},"image":{"@id":"https:\/\/shrimataji.org\/test\/sk\/atma-sk\/#primaryimage"},"thumbnailUrl":"https:\/\/shrimataji.org\/test\/wp-content\/uploads\/2023\/03\/8_Banner-SY-Atma-scaled.jpg","datePublished":"2022-01-29T10:07:35+00:00","dateModified":"2026-03-14T00:46:35+00:00","breadcrumb":{"@id":"https:\/\/shrimataji.org\/test\/sk\/atma-sk\/#breadcrumb"},"inLanguage":"en-US","potentialAction":[{"@type":"ReadAction","target":["https:\/\/shrimataji.org\/test\/sk\/atma-sk\/"]}]},{"@type":"ImageObject","inLanguage":"en-US","@id":"https:\/\/shrimataji.org\/test\/sk\/atma-sk\/#primaryimage","url":"https:\/\/shrimataji.org\/test\/wp-content\/uploads\/2023\/03\/8_Banner-SY-Atma-scaled.jpg","contentUrl":"https:\/\/shrimataji.org\/test\/wp-content\/uploads\/2023\/03\/8_Banner-SY-Atma-scaled.jpg","width":2560,"height":905},{"@type":"BreadcrumbList","@id":"https:\/\/shrimataji.org\/test\/sk\/atma-sk\/#breadcrumb","itemListElement":[{"@type":"ListItem","position":1,"name":"Home","item":"https:\/\/shrimataji.org\/test\/uk\/home-en\/"},{"@type":"ListItem","position":2,"name":"\u00c1tma SK"}]},{"@type":"WebSite","@id":"https:\/\/shrimataji.org\/test\/#website","url":"https:\/\/shrimataji.org\/test\/","name":"Shri Mataji Nirmala Devi","description":"A Life Dedicated to Humanity","publisher":{"@id":"https:\/\/shrimataji.org\/test\/#\/schema\/person\/a1b3419c6585f164aa96da1ff85715d1"},"potentialAction":[{"@type":"SearchAction","target":{"@type":"EntryPoint","urlTemplate":"https:\/\/shrimataji.org\/test\/?s={search_term_string}"},"query-input":{"@type":"PropertyValueSpecification","valueRequired":true,"valueName":"search_term_string"}}],"inLanguage":"en-US"},{"@type":["Person","Organization"],"@id":"https:\/\/shrimataji.org\/test\/#\/schema\/person\/a1b3419c6585f164aa96da1ff85715d1","name":"Nirmala Shrivastava","image":{"@type":"ImageObject","inLanguage":"en-US","@id":"https:\/\/shrimataji.org\/test\/wp-content\/uploads\/2023\/02\/SMO_LOGO-03.svg","url":"https:\/\/shrimataji.org\/test\/wp-content\/uploads\/2023\/02\/SMO_LOGO-03.svg","contentUrl":"https:\/\/shrimataji.org\/test\/wp-content\/uploads\/2023\/02\/SMO_LOGO-03.svg","width":"1024","height":"1024","caption":"Nirmala Shrivastava"},"logo":{"@id":"https:\/\/shrimataji.org\/test\/wp-content\/uploads\/2023\/02\/SMO_LOGO-03.svg"},"sameAs":["https:\/\/shrimataji.org\/test","https:\/\/www.facebook.com\/shrimataji","https:\/\/x.com\/shrimataji","https:\/\/www.youtube.com\/@Shri_Mataji_Nirmala_Devi\/featured"]}]}},"lang":"sk","translations":{"sk":12364,"ur":37394,"en":6397,"am":17965,"th":19892,"hu":19440,"sq":18366,"zh":17263,"hi":7360,"tr":10135,"pt":10352,"de":10625,"fr":10723,"it":10821,"es":10919,"ja":11216,"ru":11404,"bn":11596,"te":11704,"sw":11827,"he":11975,"el":12266,"fa":12462,"fi":12560,"bg":13393,"ro":14467,"cs":14660,"nl":16526,"ku":16686,"ar":16862,"be":18573,"kn":18847,"mr":20256,"uk":20548,"ml":20847,"ta":22681,"sv":22954,"gu":28802,"pa":28960,"fil":29400,"da":37708,"pl":37925,"nn":38260},"pll_sync_post":[],"_links":{"self":[{"href":"https:\/\/shrimataji.org\/test\/wp-json\/wp\/v2\/pages\/12364","targetHints":{"allow":["GET"]}}],"collection":[{"href":"https:\/\/shrimataji.org\/test\/wp-json\/wp\/v2\/pages"}],"about":[{"href":"https:\/\/shrimataji.org\/test\/wp-json\/wp\/v2\/types\/page"}],"author":[{"embeddable":true,"href":"https:\/\/shrimataji.org\/test\/wp-json\/wp\/v2\/users\/1"}],"replies":[{"embeddable":true,"href":"https:\/\/shrimataji.org\/test\/wp-json\/wp\/v2\/comments?post=12364"}],"version-history":[{"count":0,"href":"https:\/\/shrimataji.org\/test\/wp-json\/wp\/v2\/pages\/12364\/revisions"}],"wp:featuredmedia":[{"embeddable":true,"href":"https:\/\/shrimataji.org\/test\/wp-json\/wp\/v2\/media\/9243"}],"wp:attachment":[{"href":"https:\/\/shrimataji.org\/test\/wp-json\/wp\/v2\/media?parent=12364"}],"curies":[{"name":"wp","href":"https:\/\/api.w.org\/{rel}","templated":true}]}}